{"id":39949,"date":"2022-03-12T00:57:23","date_gmt":"2022-03-12T00:57:23","guid":{"rendered":"https:\/\/www.sisinternational.com\/?page_id=39949"},"modified":"2025-09-24T21:41:58","modified_gmt":"2025-09-25T01:41:58","slug":"micronesia-delle-ricerche-di-mercato","status":"publish","type":"page","link":"https:\/\/www.sisinternational.com\/it\/copertura\/ricerche-di-mercato-asiatiche\/micronesia-delle-ricerche-di-mercato\/","title":{"rendered":"Ricerche di mercato in Micronesia"},"content":{"rendered":"<h1 class=\"wp-block-heading\">Ricerche di mercato in Micronesia<\/h1>\n\n\n\n<p><\/p>\n\n\n\n<figure class=\"gb-block-image gb-block-image-4cef572e\"><img loading=\"lazy\" decoding=\"async\" width=\"1456\" height=\"816\" class=\"gb-image gb-image-4cef572e\" src=\"https:\/\/www.sisinternational.com\/wp-content\/uploads\/2025\/09\/Micronesia-3.jpg\" alt=\"Ricerca e strategia di mercato internazionale SIS\" title=\"Micronesia (3)\" srcset=\"https:\/\/www.sisinternational.com\/wp-content\/uploads\/2025\/09\/Micronesia-3.jpg 1456w, https:\/\/www.sisinternational.com\/wp-content\/uploads\/2025\/09\/Micronesia-3-300x168.jpg 300w, https:\/\/www.sisinternational.com\/wp-content\/uploads\/2025\/09\/Micronesia-3-1024x574.jpg 1024w, https:\/\/www.sisinternational.com\/wp-content\/uploads\/2025\/09\/Micronesia-3-768x430.jpg 768w, https:\/\/www.sisinternational.com\/wp-content\/uploads\/2025\/09\/Micronesia-3-18x10.jpg 18w\" sizes=\"auto, (max-width: 1456px) 100vw, 1456px\"><\/figure>\n\n\n\n<p><\/p>\n\n\n\n<hr class=\"wp-block-separator has-alpha-channel-opacity is-style-dots\"\/>\n\n\n\n<h3 class=\"wp-block-heading\">Per entrare nel mercato della Micronesia \u00e8 necessario avere una conoscenza approfondita della cultura locale e del comportamento dei consumatori.<\/h3>\n\n\n\n<p>Stai pensando di espandere la tua attivit\u00e0 in Micronesia ma non sai da dove iniziare? La ricerca di mercato in Micronesia \u00e8 la base per prendere decisioni informate e comprendere l&#039;ambiente aziendale locale. Condurre ricerche di mercato pu\u00f2 aiutare a identificare le sfide, valutare le preferenze dei consumatori e rivelare nuove opportunit\u00e0 di crescita.<\/p>\n\n\n\n<h2 class=\"wp-block-heading\"><strong>Cos&#039;\u00e8 la ricerca di mercato in Micronesia?<\/strong><\/h2>\n\n\n\n<p>La ricerca di mercato in Micronesia aiuta le aziende a prendere decisioni informate sul mercato micronesiano. Il mercato presenta sfide uniche, tra cui diversit\u00e0 culturale, separazione geografica e diversi comportamenti dei consumatori nelle diverse isole. Queste sfide rendono essenziale per le aziende comprendere le esigenze, le preferenze e i modelli di acquisto dei consumatori locali.<\/p>\n\n\n\n<p>Attraverso la ricerca di mercato in Micronesia, le aziende possono identificare le tendenze chiave, valutare il potenziale di mercato e riconoscere le esigenze specifiche della popolazione. Questa ricerca aiuta ad affrontare domande come: quali prodotti e servizi sono pi\u00f9 richiesti? In che modo le differenze culturali influenzano il comportamento dei consumatori? Ottenendo informazioni su questi problemi, le aziende possono adattare le loro strategie di marketing per raggiungere e coinvolgere efficacemente il pubblico della Micronesia.<\/p>\n\n\n\n<h2 class=\"wp-block-heading\"><strong>Perch\u00e9 le aziende hanno bisogno di ricerche di mercato in Micronesia?<\/strong><\/h2>\n\n\n\n<p>Sfruttando la ricerca di mercato in Micronesia, le aziende possono garantire che le loro strategie siano in linea con le esigenze del mercato locale e sviluppare soluzioni che affrontino specifiche sfide regionali. Questo approccio non solo aiuta a mitigare i rischi, ma aumenta anche il potenziale per il successo e la crescita a lungo termine.<\/p>\n\n\n\n<p>Market research in Micronesia&nbsp;also helps businesses make informed decisions about the Micronesian market. The market presents unique challenges, including cultural diversity, geographical separation, and varying consumer behaviors across different islands. These challenges make it essential for companies to understand the needs, preferences, and purchasing patterns of local consumers.<\/p>\n\n\n\n<p>Inoltre, attraverso la ricerca di mercato in Micronesia, le aziende possono identificare le tendenze chiave, valutare il potenziale di mercato e riconoscere le esigenze specifiche della popolazione. Questa ricerca aiuta ad affrontare domande come: quali prodotti e servizi sono pi\u00f9 richiesti? In che modo le differenze culturali influenzano il comportamento dei consumatori? Ottenendo informazioni su questi problemi, le aziende possono adattare le loro strategie di marketing per raggiungere e coinvolgere efficacemente il pubblico della Micronesia.<\/p>\n\n\n\n<h2 class=\"wp-block-heading\">Quartieri<\/h2>\n\n\n\n<p>Gli Stati Federati di Micronesia, noti anche come FSM, sono costituiti da oltre 600 isole in Oceania nell&#039;Oceano Pacifico. \u00c8 un paese di lingua inglese con profondi legami con gli Stati Uniti. Il paese ha quattro gruppi di stati insulari: Kosrae, Pohnpei, Yap e Chuuk. \u00c8 famoso per le sue antiche rovine, le immersioni piene di relitti e le spiagge ombreggiate dalle palme.<\/p>\n\n\n\n<p>Pohnpei ospita la capitale della nazione, Palikir. \u00c8 una grande tappa turistica, con spiagge sabbiose e giungle tropicali che attraggono i turisti. Un&#039;altra cosa grandiosa di Pohnpei \u00e8 che \u00e8 superba per le escursioni.<\/p>\n\n\n\n<h2 class=\"wp-block-heading\">Industrie chiave<\/h2>\n\n\n\n<p>L&#039;industria del turismo si distingue come uno dei settori pi\u00f9 promettenti, attraendo visitatori con la bellezza naturale della Micronesia, tra cui spiagge mozzafiato e una vivace vita marina. Aziende come Pacific Islands Tourism e le attivit\u00e0 di ospitalit\u00e0 locali svolgono un ruolo fondamentale nel plasmare il panorama turistico, offrendo esperienze di viaggio uniche che attraggono turisti internazionali.<\/p>\n\n\n\n<p>Un altro settore importante \u00e8 l&#039;agricoltura, con un&#039;attenzione particolare alla produzione di colture locali come noci di cocco, taro e banane. Le ricerche di mercato in Micronesia rivelano che le aziende agricole stanno gradualmente adottando pratiche pi\u00f9 sostenibili, il che apre opportunit\u00e0 per le aziende specializzate in tecnologia e servizi agricoli. Inoltre, il settore delle energie rinnovabili sta guadagnando terreno, spinto da iniziative per ridurre la dipendenza dai combustibili fossili importati. Aziende come Micronesia Renewable Energy stanno guidando gli sforzi per fornire soluzioni di energia pulita che avvantaggiano sia le aziende che le comunit\u00e0 locali.<\/p>\n\n\n\n<p>Identificare queste industrie chiave attraverso ricerche di mercato in Micronesia consente alle aziende di allineare le proprie strategie con settori centrali per lo sviluppo economico della regione. Che si tratti di turismo, agricoltura o energia rinnovabile, comprendere le dinamiche di queste industrie \u00e8 fondamentale per il successo in Micronesia.<\/p>\n\n\n\n<h2 class=\"wp-block-heading\">Tendenze<\/h2>\n\n\n\n<p>L&#039;industria della pesca degli FSM \u00e8 vitale e qui operano diverse flotte straniere. Farlo costa loro milioni di dollari ogni anno e questi canoni rappresentano quasi un terzo delle entrate del paese. Le esportazioni marittime, inclusa la riesportazione di pesce in Giappone, forniscono gran parte delle sue entrate da esportazione.<\/p>\n\n\n\n<p>Le isole hanno un\u2019industria turistica, ma le infrastrutture lo hanno ostacolato. I luoghi dei visitatori includono:<\/p>\n\n\n\n<ul class=\"wp-block-list\">\n<li>Luoghi di battaglia della Seconda Guerra Mondiale<\/li>\n\n\n\n<li>Immersioni subacquee in ogni stato<\/li>\n\n\n\n<li>Le rovine di Nan Madol, un&#039;antica citt\u00e0 di Pohnpei<\/li>\n<\/ul>\n\n\n\n<p>Il turismo \u00e8 uno dei settori con un elevato potenziale di crescita.<\/p>\n\n\n\n<p>D\u2019altro canto, l\u2019agricoltura \u00e8 in declino. La maggior parte degli agricoltori sopravvive con i propri prodotti. Banane, noci di cocco, patate dolci e manioca sono le colture principali. Dall\u2019agricoltura provengono pochissime entrate dalle esportazioni. Infatti, solo circa un decimo della popolazione delle isole lavora nel settore.<\/p>\n\n\n\n<p>C&#039;\u00e8 anche pochissima produzione. La maggior parte riguarda l&#039;esportazione di noci di betel a Yap e la fabbricazione di bottoni usando il guscio del trochus.<\/p>\n\n\n\n<h2 class=\"wp-block-heading\"><strong>Opportunit\u00e0 in Micronesia<\/strong><\/h2>\n\n\n\n<figure class=\"gb-block-image gb-block-image-92f0589d\"><img loading=\"lazy\" decoding=\"async\" width=\"1456\" height=\"816\" class=\"gb-image gb-image-92f0589d\" src=\"https:\/\/www.sisinternational.com\/wp-content\/uploads\/2025\/09\/Micronesia-5.jpg\" alt=\"Ricerca e strategia di mercato internazionale SIS\" title=\"Micronesia (5)\" srcset=\"https:\/\/www.sisinternational.com\/wp-content\/uploads\/2025\/09\/Micronesia-5.jpg 1456w, https:\/\/www.sisinternational.com\/wp-content\/uploads\/2025\/09\/Micronesia-5-300x168.jpg 300w, https:\/\/www.sisinternational.com\/wp-content\/uploads\/2025\/09\/Micronesia-5-1024x574.jpg 1024w, https:\/\/www.sisinternational.com\/wp-content\/uploads\/2025\/09\/Micronesia-5-768x430.jpg 768w, https:\/\/www.sisinternational.com\/wp-content\/uploads\/2025\/09\/Micronesia-5-18x10.jpg 18w\" sizes=\"auto, (max-width: 1456px) 100vw, 1456px\"><\/figure>\n\n\n\n<p><\/p>\n\n\n\n<p>La Micronesia presenta numerose opportunit\u00e0 in vari settori che le aziende possono esplorare per crescere. Sfruttando la ricerca di mercato in Micronesia, le aziende possono scoprire queste opportunit\u00e0 e posizionarsi strategicamente per il successo.<\/p>\n\n\n\n<ul class=\"wp-block-list\">\n<li><strong>Turismo<\/strong>: L&#039;industria del turismo offre un potenziale significativo, soprattutto per le aziende specializzate in turismo d&#039;avventura, ecoturismo ed esperienze culturali. Mentre la Micronesia continua ad attrarre visitatori internazionali, c&#039;\u00e8 una crescente domanda di servizi di viaggio innovativi che mettano in mostra la cultura e la bellezza naturale della regione.<\/li>\n\n\n\n<li><strong>agricoltura<\/strong>: Esistono opportunit\u00e0 per le aziende di introdurre pratiche agricole sostenibili e soluzioni tecnologiche. Concentrandosi sul miglioramento della produttivit\u00e0 e sull&#039;adozione di metodi eco-compatibili, le aziende che forniscono soluzioni di tecnologia agricola, formazione e supply chain possono espandere le loro attivit\u00e0 in Micronesia.<\/li>\n\n\n\n<li><strong>Energia rinnovabile<\/strong>: Il settore delle energie rinnovabili \u00e8 promettente, guidato dagli sforzi per ridurre la dipendenza dai combustibili fossili importati. Le aziende specializzate in soluzioni di energia solare, eolica o altre energie pulite possono beneficiare di incentivi governativi e di un ambiente politico di supporto, avendo al contempo un impatto positivo sulle comunit\u00e0 locali.<\/li>\n\n\n\n<li><strong>Industria della pesca<\/strong>: Micronesia&#8217;s fishing industry presents an opportunity for growth, particularly in seafood exports. Companies that focus on sustainable fishing practices and value-added processing can capitalize on the high demand for <a href=\"https:\/\/www.sisinternational.com\/it\/competenza\/industrie\/mercato-del-pesce\/\" title=\"Ricerche di mercato sui prodotti ittici\"  data-wpil-monitor-id=\"6475\">seafood in international markets<\/a>.<\/li>\n\n\n\n<li><strong>Sviluppo delle infrastrutture<\/strong>: Mentre la regione lavora per migliorare la connettivit\u00e0, ci sono opportunit\u00e0 per le aziende coinvolte in progetti di costruzione, logistica e infrastrutture. Gli investimenti in strade, porti e telecomunicazioni migliori possono aiutare a migliorare l&#039;attivit\u00e0 economica in tutta la Micronesia.<\/li>\n\n\n\n<li><strong>Servizi di assistenza sanitaria<\/strong>: C&#039;\u00e8 una crescente necessit\u00e0 di strutture e servizi sanitari migliorati in Micronesia. Le aziende che offrono apparecchiature mediche, soluzioni di telemedicina e servizi di gestione sanitaria possono trovare opportunit\u00e0 per supportare l&#039;infrastruttura sanitaria della regione.<\/li>\n\n\n\n<li><strong>Istruzione e formazione<\/strong>: Concentrandosi sullo sviluppo delle competenze, le aziende specializzate in istruzione e formazione professionale possono aiutare a soddisfare la domanda locale di iniziative di sviluppo delle competenze. Esistono opportunit\u00e0 per le aziende che forniscono formazione in settori quali ospitalit\u00e0, tecnologia ed energia rinnovabile.<\/li>\n<\/ul>\n\n\n\n<h2 class=\"wp-block-heading\">Vantaggi e punti di forza del mercato<\/h2>\n\n\n\n<p>L\u2019FSM sta andando bene ed \u00e8 facile entrare nel mercato. Pertanto, le aziende possono essere pi\u00f9 creative. Consente inoltre loro di fornire una pi\u00f9 ampia variet\u00e0 di beni ai propri consumatori.<\/p>\n\n\n\n<h2 class=\"wp-block-heading\">Base dei consumatori<\/h2>\n\n\n\n<p>I cittadini della FSM tendono a spendere i loro soldi nei seguenti modi:<\/p>\n\n\n\n<ul class=\"wp-block-list\">\n<li>Beni familiari<\/li>\n\n\n\n<li>Cibo<\/li>\n\n\n\n<li>Assistenza sanitaria<\/li>\n\n\n\n<li>Formazione scolastica<\/li>\n\n\n\n<li>Divertimento<\/li>\n\n\n\n<li>Trasporti<\/li>\n<\/ul>\n\n\n\n<h2 class=\"wp-block-heading\">Motivi per far crescere un&#039;impresa in Micronesia<\/h2>\n\n\n\n<p>La FSM offre molte opportunit\u00e0 per investitori e partner commerciali. Ad esempio, \u00e8 una posizione eccellente con uno stretto legame con gli Stati Uniti. Queste isole hanno anche un settore delle risorse naturali sottosviluppato. Ma hanno l\u2019infrastruttura necessaria per il business:<\/p>\n\n\n\n<ul class=\"wp-block-list\">\n<li>La FSM Telecom Corp fornisce servizi Internet, fax, telefono, cellulare e via cavo.<\/li>\n\n\n\n<li>Ci sono strutture portuali in acque profonde e aeroporti internazionali in ciascuno dei quattro stati. I porti possono almeno gestire colossali navi portacontainer, compresi i magazzini e il trasbordo.<\/li>\n\n\n\n<li>La FSM Development Bank offre servizi di investimento. Il paese ha anche banche commerciali, come la Bank of the FSM e la Bank of Guam.<\/li>\n\n\n\n<li>Le aziende possono trovare generatori diesel in tutti i principali centri. Questi generatori forniscono energia elettrica da 110-220 volt, 60 cicli.<\/li>\n\n\n\n<li>I servizi contabili e legali sono disponibili e di facile accesso in tutto il paese.<\/li>\n<\/ul>\n\n\n\n<p>Le aziende straniere in alcuni settori possono ricevere finanziamenti governativi parziali per la formazione dei dipendenti. L&#039;FSM ha altri vantaggi. Ad esempio, le esportazioni ricevono un trattamento esente da dazi nei mercati statunitensi e il paese ha anche uno status di mercato preferenziale in Australia e Nuova Zelanda. L&#039;FSM utilizza il dollaro statunitense come valuta nazionale e l&#039;inglese \u00e8 la lingua ufficiale degli affari.<\/p>\n\n\n\n<h2 class=\"wp-block-heading\"><strong>Come la ricerca di mercato di SIS International in Micronesia aiuta le aziende<\/strong><\/h2>\n\n\n\n<p><a href=\"https:\/\/www.linkedin.com\/pulse\/how-market-research-enables-growth-ruth-stanat-phekf\/\" target=\"_blank\" rel=\"noopener\"><span style=\"font-weight: 400;\">Ricerca di mercato<\/span><\/a> \u00e8 fondamentale per qualsiasi azienda che voglia entrare o espandersi in Micronesia. A <a href=\"https:\/\/medium.com\/@sisinternational\/sis-international-c17160da8fac\" target=\"_blank\" rel=\"noopener\"><span style=\"font-weight: 400;\">SIS<\/span><\/a>, siamo specializzati nel fornire servizi completi di ricerche di mercato che aiutano le aziende ad acquisire le informazioni di cui hanno bisogno per avere successo. Conducendo ricerche di mercato in Micronesia, diamo alle aziende gli strumenti per prendere decisioni informate che si allineano alle dinamiche uniche della regione.<\/p>\n\n\n\n<ul class=\"wp-block-list\">\n<li><strong>Pianificazione strategica migliorata<\/strong>: Le nostre ricerche di mercato forniscono dati dettagliati sulle preferenze dei consumatori, sui fattori culturali e sulle tendenze emergenti, consentendo alle aziende di perfezionare i propri piani strategici per soddisfare al meglio le esigenze dei clienti della Micronesia.<\/li>\n\n\n\n<li><strong>Aumento del potenziale di fatturato<\/strong>: Comprendendo i comportamenti dei consumatori locali e identificando prodotti e servizi ad alta richiesta, aiutiamo le aziende a sfruttare le opportunit\u00e0 di fatturato e a creare offerte che incontrino l&#039;interesse del loro pubblico di riferimento.<\/li>\n\n\n\n<li><strong>Mitigazione del rischio<\/strong>:I nostri servizi di ricerche di mercato evidenziano potenziali rischi e sfide specifici del mercato della Micronesia, consentendo alle aziende di predisporre efficaci strategie di mitigazione ed evitare costosi passi falsi.<\/li>\n\n\n\n<li><strong>Miglioramento dell&#039;efficienza del marketing<\/strong>:Sfruttando le informazioni ottenute dalle ricerche di mercato in Micronesia, le aziende possono concentrare i propri sforzi di marketing sui canali e sui messaggi che hanno pi\u00f9 successo tra i consumatori locali, massimizzando il ritorno sull&#039;investimento.<\/li>\n\n\n\n<li><strong>Crescita accelerata<\/strong>:La comprensione delle tendenze del mercato e delle esigenze dei consumatori consente alle aziende di innovare in modo efficace, portando a una crescita accelerata e al successo a lungo termine in Micronesia.<\/li>\n<\/ul>\n\n\n\n<h2 class=\"wp-block-heading\"><strong>A proposito di SIS Internazionale<\/strong><\/h2>\n\n\n\n<p><a href=\"https:\/\/www.sisinternational.com\/it\/\"><span style=\"font-weight: 400;\">SIS Internazionale<\/span><\/a><span style=\"font-weight: 400;\"> offre ricerca quantitativa, qualitativa e strategica. Forniamo dati, strumenti, strategie, report e approfondimenti per il processo decisionale. Conduciamo anche interviste, sondaggi, focus group e altri metodi e approcci di ricerca di mercato.<\/span><a href=\"https:\/\/www.sisinternational.com\/it\/sulla-sua-ricerca-internazionale\/contact-sis-international-market-research\/\"><span style=\"font-weight: 400;\"> Contattaci<\/span><\/a><span style=\"font-weight: 400;\"> per il tuo prossimo progetto di ricerca di mercato.<\/span><\/p>\n\n\n\n<p><\/p>","protected":false},"excerpt":{"rendered":"<p>Market Research in Micronesia Entering the Micronesian market requires a deep understanding of the local culture and consumer behavior. Are you considering expanding your business to Micronesia but unsure where to start? Market research in Micronesia is the foundation for making informed decisions and understanding the local business environment. Conducting market research can help identify &#8230; <a title=\"Ricerche di mercato in Micronesia\" class=\"read-more\" href=\"https:\/\/www.sisinternational.com\/it\/copertura\/ricerche-di-mercato-asiatiche\/micronesia-delle-ricerche-di-mercato\/\" aria-label=\"Per saperne di pi\u00f9 su Market Research in Micronesia\">Leggi tutto<\/a><\/p>","protected":false},"author":1,"featured_media":65494,"parent":14508,"menu_order":44,"comment_status":"closed","ping_status":"closed","template":"","meta":{"footnotes":""},"class_list":["post-39949","page","type-page","status-publish","has-post-thumbnail"],"_links":{"self":[{"href":"https:\/\/www.sisinternational.com\/it\/wp-json\/wp\/v2\/pages\/39949","targetHints":{"allow":["GET"]}}],"collection":[{"href":"https:\/\/www.sisinternational.com\/it\/wp-json\/wp\/v2\/pages"}],"about":[{"href":"https:\/\/www.sisinternational.com\/it\/wp-json\/wp\/v2\/types\/page"}],"author":[{"embeddable":true,"href":"https:\/\/www.sisinternational.com\/it\/wp-json\/wp\/v2\/users\/1"}],"replies":[{"embeddable":true,"href":"https:\/\/www.sisinternational.com\/it\/wp-json\/wp\/v2\/comments?post=39949"}],"version-history":[{"count":5,"href":"https:\/\/www.sisinternational.com\/it\/wp-json\/wp\/v2\/pages\/39949\/revisions"}],"predecessor-version":[{"id":80058,"href":"https:\/\/www.sisinternational.com\/it\/wp-json\/wp\/v2\/pages\/39949\/revisions\/80058"}],"up":[{"embeddable":true,"href":"https:\/\/www.sisinternational.com\/it\/wp-json\/wp\/v2\/pages\/14508"}],"wp:featuredmedia":[{"embeddable":true,"href":"https:\/\/www.sisinternational.com\/it\/wp-json\/wp\/v2\/media\/65494"}],"wp:attachment":[{"href":"https:\/\/www.sisinternational.com\/it\/wp-json\/wp\/v2\/media?parent=39949"}],"curies":[{"name":"wp","href":"https:\/\/api.w.org\/{rel}","templated":true}]}}