{"id":39909,"date":"2022-02-28T23:57:24","date_gmt":"2022-02-28T23:57:24","guid":{"rendered":"https:\/\/www.sisinternational.com\/?page_id=39909"},"modified":"2026-01-25T16:48:52","modified_gmt":"2026-01-25T21:48:52","slug":"ricerche-di-mercato-petrolchimiche","status":"publish","type":"page","link":"https:\/\/www.sisinternational.com\/it\/competenza\/ricerche-di-mercato-petrolchimiche\/","title":{"rendered":"Ricerche di mercato petrolchimiche"},"content":{"rendered":"<h1 class=\"wp-block-heading\">Ricerche di mercato nel settore petrolchimico<\/h1>\n\n\n\n<figure class=\"gb-block-image gb-block-image-b9db8642\"><img loading=\"lazy\" decoding=\"async\" width=\"1456\" height=\"816\" class=\"gb-image gb-image-b9db8642\" src=\"https:\/\/www.sisinternational.com\/wp-content\/uploads\/2025\/08\/Oit-petroleum-petrochemical-4.jpg\" alt=\"Ricerca e strategia di mercato internazionale SIS\" title=\"Oit petroleum petrochemical (4)\" srcset=\"https:\/\/www.sisinternational.com\/wp-content\/uploads\/2025\/08\/Oit-petroleum-petrochemical-4.jpg 1456w, https:\/\/www.sisinternational.com\/wp-content\/uploads\/2025\/08\/Oit-petroleum-petrochemical-4-300x168.jpg 300w, https:\/\/www.sisinternational.com\/wp-content\/uploads\/2025\/08\/Oit-petroleum-petrochemical-4-1024x574.jpg 1024w, https:\/\/www.sisinternational.com\/wp-content\/uploads\/2025\/08\/Oit-petroleum-petrochemical-4-768x430.jpg 768w, https:\/\/www.sisinternational.com\/wp-content\/uploads\/2025\/08\/Oit-petroleum-petrochemical-4-18x10.jpg 18w\" sizes=\"auto, (max-width: 1456px) 100vw, 1456px\"><\/figure>\n\n\n\n<p><\/p>\n\n\n\n<h2 class=\"wp-block-heading\">Cosa sono i prodotti petrolchimici?<\/h2>\n\n\n\n<p>I prodotti petrolchimici sono un ampio gruppo di prodotti chimici derivati dal petrolio e dal gas naturale. Li usiamo per diversi scopi chimici. In effetti, sono molto importanti nella vita quotidiana moderna. Sono al centro di molti settori, tra cui:<\/p>\n\n\n\n<ul class=\"wp-block-list\">\n<li>Plastica<\/li>\n\n\n\n<li>Cosmetici<\/li>\n\n\n\n<li>Tessili<\/li>\n\n\n\n<li>Confezione<\/li>\n\n\n\n<li>Articoli da toeletta<\/li>\n<\/ul>\n\n\n\n<h2 class=\"wp-block-heading\">Perch\u00e9 le ricerche di mercato petrolchimiche sono importanti?<\/h2>\n\n\n\n<p>La domanda da parte di diversi settori di utilizzo finale ha registrato una tendenza al rialzo. Questi settori includono l&#039;edilizia e le costruzioni, l&#039;aerospaziale, il settore alimentare e delle bevande e l&#039;assistenza sanitaria. Pertanto, il mercato ha visto una forte crescita negli ultimi decenni. Tuttavia, molti hanno espresso preoccupazione per l\u2019impatto della plastica. Pertanto, la domanda di plastica in diversi settori chiave \u00e8 diminuita. Pertanto, \u00e8 probabile che la crescita del mercato rallenti presto.<\/p>\n\n\n\n<p>La ricerca di mercato \u00e8 essenziale affinch\u00e9 le aziende possano individuare tendenze come queste. Ad esempio, i mercati emergenti stanno assistendo ad un aumento delle societ\u00e0 petrolchimiche. Gli esperti di mercato si aspettano che questa tendenza continui. Il punto \u00e8 che questi dati sono di enorme aiuto per le aziende esistenti e per quelle che aspirano a farlo nel settore. E le ricerche di mercato sono il modo migliore per ottenere tali dati.<\/p>\n\n\n\n<h2 class=\"wp-block-heading\">Perch\u00e9 le aziende hanno bisogno di ricerche di mercato<\/h2>\n\n\n\n<p>Un\u2019azienda ha bisogno di commercializzarsi per avere successo. Come abbiamo visto, la ricerca di mercato raccoglie dati per conoscere i consumatori target. Le aziende lo utilizzano per scoprire dove vivono questi consumatori, come acquistano, la loro fascia di reddito. Tale ricerca spinge le aziende al successo in diversi modi. Fornisce le risposte necessarie per prendere decisioni che li faranno avanzare. Le ricerche di mercato sono una parte vitale di qualsiasi strategia aziendale, grande o piccola, B2B o B2C, nuova o vecchia.<\/p>\n\n\n\n<p>Fare ricerche di mercato regolari \u00e8 essenziale per stare al passo con le tendenze recenti. Aiuta anche le aziende a competere. Possono identificare nuovi clienti e conoscere quelli esistenti. Li aiuta inoltre a stabilire obiettivi realizzabili per la loro attivit\u00e0 e a sviluppare strategie nuove ed efficaci, consentendo loro di risolvere le maggiori sfide del mercato. Con le ricerche di mercato, queste aziende ottengono gli strumenti per esaminare l\u2019espansione. Vedono anche come espandere la propria offerta di prodotti.<\/p>\n\n\n\n<h2 class=\"wp-block-heading\">Titoli di lavoro chiave<\/h2>\n\n\n\n<p>Questo settore \u00e8 ancora un attore cruciale nel mix energetico. I datori di lavoro stanno investendo in nuovo personale, tra cui:<\/p>\n\n\n\n<ul class=\"wp-block-list\">\n<li>Ingegneri di processo<\/li>\n\n\n\n<li>Ingegneri\/specialisti HVAC<\/li>\n\n\n\n<li>Ingegneri di apparecchiature rotanti<\/li>\n<\/ul>\n\n\n\n<h2 class=\"wp-block-heading\">Fattori chiave del successo<\/h2>\n\n\n\n<p>La posizione era cruciale per il successo in questo settore. Ma la domanda \u00e8 rallentata nelle economie emergenti e le materie prime sono diventate meno abbondanti. Pertanto, \u00e8 probabile che le aziende dovranno adottare un approccio disciplinato all\u2019espansione. Gli operatori del settore dovranno anche lavorare di pi\u00f9 sulla strategia. Dovranno produrre di pi\u00f9 nei progetti su larga scala del settore. Uno dei metodi che aiuter\u00e0 \u00e8 l\u2019analisi digitale e avanzata per migliorare la produzione.<\/p>\n\n\n\n<h2 class=\"wp-block-heading\">Informazioni sulle ricerche di mercato petrolchimiche<\/h2>\n\n\n\n<p>Le ricerche di mercato possono sembrare una prospettiva scoraggiante per l\u2019imprenditore affamato di tempo. Tuttavia, sia la ricerca qualitativa che quella quantitativa hanno i loro punti di forza. Se utilizzati insieme, forniscono preziosi risultati con il metodo misto. Questi risultati aiutano gli operatori del settore a comprendere le esigenze dei loro clienti target. Li aiuta anche a valutare la qualit\u00e0 della concorrenza. Quando queste aziende aggiungono la ricerca strategica, rimediano ai loro punti deboli. In questo modo evitano errori che potrebbero causare il fallimento dell\u2019azienda.<\/p>\n\n\n\n<p>I ricercatori hanno diversi strumenti a loro disposizione per affrontare questo settore. Possono utilizzare i focus group per raccogliere idee, opinioni e convinzioni delle persone. Questo strumento di ricerca aiuta le aziende quando sviluppano nuovi prodotti. Anche i sondaggi e le interviste sono utili. Una volta che l&#039;azienda ha raccolto i dati rilevanti, pu\u00f2 modificare i propri prodotti. In questo modo, garantiscono di soddisfare le esigenze dei clienti target.<\/p>\n\n\n\n<h2 class=\"wp-block-heading\">Domanda di ricerche di mercato petrolchimiche<\/h2>\n\n\n\n<figure class=\"gb-block-image gb-block-image-6fa72726\"><img loading=\"lazy\" decoding=\"async\" width=\"1456\" height=\"816\" class=\"gb-image gb-image-6fa72726\" src=\"https:\/\/www.sisinternational.com\/wp-content\/uploads\/2025\/08\/Oit-petroleum-petrochemical-9.jpg\" alt=\"Ricerca e strategia di mercato internazionale SIS\" title=\"Oit petroleum petrochemical (9)\" srcset=\"https:\/\/www.sisinternational.com\/wp-content\/uploads\/2025\/08\/Oit-petroleum-petrochemical-9.jpg 1456w, https:\/\/www.sisinternational.com\/wp-content\/uploads\/2025\/08\/Oit-petroleum-petrochemical-9-300x168.jpg 300w, https:\/\/www.sisinternational.com\/wp-content\/uploads\/2025\/08\/Oit-petroleum-petrochemical-9-1024x574.jpg 1024w, https:\/\/www.sisinternational.com\/wp-content\/uploads\/2025\/08\/Oit-petroleum-petrochemical-9-768x430.jpg 768w, https:\/\/www.sisinternational.com\/wp-content\/uploads\/2025\/08\/Oit-petroleum-petrochemical-9-18x10.jpg 18w\" sizes=\"auto, (max-width: 1456px) 100vw, 1456px\"><\/figure>\n\n\n\n<p><\/p>\n\n\n\n<p>I prodotti petrolchimici sono prodotti chimici derivati dal petrolio e dal gas naturale e sono componenti di molti dei prodotti pi\u00f9 popolari al mondo. I prodotti petrolchimici includono etilene, propilene, butileni, benzene, toluene e xileni.<\/p>\n\n\n\n<p>La crescente crescita della domanda di prodotti petrolchimici e loro derivati \u00e8 trainata dalla crescita dei consumi delle famiglie, dei prodotti per la cura personale, degli imballaggi e dei materiali da costruzione.<\/p>\n\n\n\n<p>La domanda petrolchimica globale continua a crescere. Ci\u00f2 pu\u00f2 essere attribuito all\u2019aumento dei consumi domestici, dei prodotti per la cura personale, degli imballaggi e dei materiali da costruzione.<\/p>\n\n\n\n<p>Esistono alcuni fattori che determinano la crescita e la domanda del settore:<\/p>\n\n\n\n<ul class=\"wp-block-list\">\n<li><strong>I consumi delle famiglie<\/strong>: Il raddoppio del numero di famiglie con almeno un&#039;auto ha contribuito in modo significativo all&#039;aumento del consumo di benzina. Inoltre, i veicoli elettrici e altre nuove tecnologie potrebbero aumentare nel tempo l\u2019utilizzo del diesel.<\/li>\n\n\n\n<li><strong>Prodotti per la cura personale<\/strong>: Vi \u00e8 una crescente domanda di prodotti per la cura della pelle che pu\u00f2 aumentare la domanda di prodotti petrolchimici. Nel frattempo, i dati hanno individuato la preferenza dei baby boomer verso prodotti tradizionali pi\u00f9 tradizionali piuttosto che verso quelli contenenti ingredienti di origine animale.<\/li>\n<\/ul>\n\n\n\n<p>Esistono nuove opportunit\u00e0 sia per i nuovi operatori in questo mercato sia per le aziende affermate che cercano di espandere le proprie attivit\u00e0 in nuovi mercati geografici dove possono soddisfare la domanda.<\/p>\n\n\n\n<h2 class=\"wp-block-heading\">Decisori petrolchimici<\/h2>\n\n\n\n<p>Le ricerche di mercato petrolchimiche possono essere condotte sotto forma di interviste con le seguenti parti interessate:<\/p>\n\n\n\n<ul class=\"wp-block-list\">\n<li>Ingegneri dei controlli<\/li>\n\n\n\n<li>Analisti politici<\/li>\n\n\n\n<li>Responsabili della Salute e Sicurezza Ambientale<\/li>\n\n\n\n<li>Responsabili delle esportazioni<\/li>\n\n\n\n<li>Consulenti petrolchimici<\/li>\n\n\n\n<li>Esperti in materia<\/li>\n\n\n\n<li>Esperti di raffineria<\/li>\n\n\n\n<li>Vendita di turbomacchine<\/li>\n\n\n\n<li>Responsabile Sicurezza Petrolchimica<\/li>\n\n\n\n<li>Ingegneri di ottimizzazione dei processi<\/li>\n\n\n\n<li>Ingegneri del controllo qualit\u00e0<\/li>\n\n\n\n<li>Responsabili del commercio petrolchimico<\/li>\n\n\n\n<li>Responsabili delle operazioni petrolchimiche del petrolio<\/li>\n\n\n\n<li>Ingegneri progettisti<\/li>\n\n\n\n<li>Tecnici strumentali e metrologici<\/li>\n\n\n\n<li>Ingegnere chimico<\/li>\n\n\n\n<li>Ingegneri dell&#039;automazione<\/li>\n\n\n\n<li>Ingegneri tecnici<\/li>\n\n\n\n<li>Responsabili di attrezzature e strutture<\/li>\n\n\n\n<li>Responsabili di stabilimento<\/li>\n<\/ul>\n\n\n\n<h2 class=\"wp-block-heading\">Tendenze del settore<\/h2>\n\n\n\n<p>Le principali tendenze del settore includono la pressione competitiva per migliorare l\u2019efficienza operativa, ridurre i costi delle materie prime e gli sforzi per la sostenibilit\u00e0.<br>The petrochemical industry is one of the most competitive industries in the world, with companies competing on a global scale. The sector experiences high levels of overcapacity and weak demand growth, resulting in a decline in its share price over the past few years. In addition to this, there are also increasing concerns about environmental protection around production sites, as well as energy conservation efforts made by governments to reduce carbon emissions.<\/p>\n\n\n\n<h2 class=\"wp-block-heading\">Informazioni sull&#039;industria petrolchimica del Medio Oriente<\/h2>\n\n\n\n<p>IL <a href=\"https:\/\/www.sisinternational.com\/it\/ricerche-di-mercato-in-medio-oriente\/\" title=\"Ricerche di mercato in Medio Oriente\"  data-wpil-monitor-id=\"2931\">Medio Oriente<\/a> is one of the fastest-growing petrochemical markets in the world. The region produces one-third of the world&#8217;s polyethylene, which is used in everything from packaging to consumer goods.<\/p>\n\n\n\n<p>The rise of the Middle East\u2019s demand for petrochemical products involves a number of factors. This includes increasing disposable income levels across various countries such as Saudi Arabia and the United Arab Emirates (UAE). Also, the growing urbanization levels across these regions are noticeably significant. In fact, consumers\u2019 spending on cosmetics and toiletries snatched a large portion of this trend.<\/p>\n\n\n\n<p>La regione del Medio Oriente \u00e8 in fase di transizione. Oltre all\u2019abbondante offerta di petrolio, il basso costo della manodopera e i regimi fiscali favorevoli hanno consentito agli impianti di produzione locali di operare con profitto.<\/p>\n\n\n\n<h3 class=\"wp-block-heading\">Si prevede che la quota del Medio Oriente nel settore petrolchimico aumenter\u00e0 sostanzialmente.<\/h3>\n\n\n\n<p>Sebbene la maggior parte della crescita dei principali prodotti petrolchimici proverr\u00e0 da economie emergenti come India e Cina, nei prossimi cinque anni si prevede una rapida crescita della domanda petrolchimica in Medio Oriente.<\/p>\n\n\n\n<h3 class=\"wp-block-heading\">L\u2019Arabia Saudita \u00e8 un leader globale nella produzione di etilene e prevede di espandere la propria capacit\u00e0 produttiva di etilene negli anni successivi.<\/h3>\n\n\n\n<p>L\u2019Arabia Saudita \u00e8 attualmente il pi\u00f9 grande produttore mondiale di etilene. Poich\u00e9 i consumatori continuano a richiedere sempre pi\u00f9 polimeri per i loro prodotti, l\u2019Arabia Saudita prevede di aumentare significativamente la propria capacit\u00e0 produttiva attraverso progetti congiunti con diversi importanti produttori petrolchimici internazionali. Si prevede che questi investimenti attireranno altri attori nella catena del valore dei polimeri, come trasformatori e produttori di imballaggi.<br>Ci\u00f2 significherebbe che l\u2019Arabia Saudita diventerebbe uno dei maggiori esportatori di etilene, che viene utilizzato per produrre polietilene (la plastica pi\u00f9 utilizzata con un\u2019ampia gamma di applicazioni, dagli imballaggi ai beni di consumo).<\/p>\n\n\n\n<h2 class=\"wp-block-heading\">Informazioni sulla ricerca di mercato del polietilene<\/h2>\n\n\n\n<p>Polyethylene is an important material in the petrochemical industry. It plays a key role in manufacturing different types of chemicals, from plastics and paints to lubricants and sealants. The demand for this product has increased significantly because it can be produced at a lower cost than other materials such as petroleum-based ones or natural gas-based ones.<\/p>\n\n\n\n<p>This rise in demand for polyethylene has led many countries around world, including Saudi Arabia to invest heavily in their own production facilities. This does not only meet the domestic needs, but also exports them abroad where a huge potential market awaits just outside our borders.<\/p>\n\n\n\n<h2 class=\"wp-block-heading\">Informazioni sulle ricerche di mercato petrolchimiche<\/h2>\n\n\n\n<p>Petrochemicals affect many aspects of daily life. Market Research uncovers the data, insights, tools and strategies to be competitive in this strategically important industry. SIS provide Market Research worldwide especially in important economies in the industry such as Saudi Arabia, the <a href=\"https:\/\/www.sisinternational.com\/it\/prospettive-economiche-del-qatar\/\" title=\"Prospettive economiche e ricerche di mercato del Qatar\"  data-wpil-monitor-id=\"3567\">Middle East and other markets<\/a>. We provide Qualitative <a href=\"https:\/\/www.sisinternational.com\/it\/copertura\/le-americhe\/ricerche-di-mercato-in-america-latina\/ricerche-di-mercato-nella-guyana-francese\/\" title=\"Ricerche di mercato nella Guyana francese\"  data-wpil-monitor-id=\"3739\">Ricerca di mercato<\/a>, Quantitative Market Research, Market Entry Consulting and Strategy Research. Contact us for your next Petrochemical Market Research project.<\/p>\n\n\n\n<p><\/p>","protected":false},"excerpt":{"rendered":"<p>Diversi settori, come quello edile e delle costruzioni, aerospaziale, alimentare e delle bevande e sanitario, hanno incrementato la domanda di prodotti petrolchimici.<\/p>","protected":false},"author":1,"featured_media":64288,"parent":14514,"menu_order":104,"comment_status":"closed","ping_status":"closed","template":"","meta":{"footnotes":""},"class_list":["post-39909","page","type-page","status-publish","has-post-thumbnail"],"_links":{"self":[{"href":"https:\/\/www.sisinternational.com\/it\/wp-json\/wp\/v2\/pages\/39909","targetHints":{"allow":["GET"]}}],"collection":[{"href":"https:\/\/www.sisinternational.com\/it\/wp-json\/wp\/v2\/pages"}],"about":[{"href":"https:\/\/www.sisinternational.com\/it\/wp-json\/wp\/v2\/types\/page"}],"author":[{"embeddable":true,"href":"https:\/\/www.sisinternational.com\/it\/wp-json\/wp\/v2\/users\/1"}],"replies":[{"embeddable":true,"href":"https:\/\/www.sisinternational.com\/it\/wp-json\/wp\/v2\/comments?post=39909"}],"version-history":[{"count":6,"href":"https:\/\/www.sisinternational.com\/it\/wp-json\/wp\/v2\/pages\/39909\/revisions"}],"predecessor-version":[{"id":77938,"href":"https:\/\/www.sisinternational.com\/it\/wp-json\/wp\/v2\/pages\/39909\/revisions\/77938"}],"up":[{"embeddable":true,"href":"https:\/\/www.sisinternational.com\/it\/wp-json\/wp\/v2\/pages\/14514"}],"wp:featuredmedia":[{"embeddable":true,"href":"https:\/\/www.sisinternational.com\/it\/wp-json\/wp\/v2\/media\/64288"}],"wp:attachment":[{"href":"https:\/\/www.sisinternational.com\/it\/wp-json\/wp\/v2\/media?parent=39909"}],"curies":[{"name":"wp","href":"https:\/\/api.w.org\/{rel}","templated":true}]}}