{"id":39905,"date":"2022-02-28T20:04:59","date_gmt":"2022-02-28T20:04:59","guid":{"rendered":"https:\/\/www.sisinternational.com\/?page_id=39905"},"modified":"2025-09-23T20:23:17","modified_gmt":"2025-09-24T00:23:17","slug":"ricerche-di-mercato-tonga","status":"publish","type":"page","link":"https:\/\/www.sisinternational.com\/it\/copertura\/ricerche-di-mercato-asiatiche\/ricerche-di-mercato-tonga\/","title":{"rendered":"Ricerche di mercato a Tonga"},"content":{"rendered":"<h1 class=\"wp-block-heading\">Ricerche di mercato a Tonga<\/h1>\n\n\n\n<figure class=\"gb-block-image gb-block-image-13d00d65\"><img loading=\"lazy\" decoding=\"async\" width=\"1456\" height=\"816\" class=\"gb-image gb-image-13d00d65\" src=\"https:\/\/www.sisinternational.com\/wp-content\/uploads\/2025\/09\/Tonga-2.jpg\" srcset=\"https:\/\/www.sisinternational.com\/wp-content\/uploads\/2025\/09\/Tonga-2.jpg 1456w, https:\/\/www.sisinternational.com\/wp-content\/uploads\/2025\/09\/Tonga-2-300x168.jpg 300w, https:\/\/www.sisinternational.com\/wp-content\/uploads\/2025\/09\/Tonga-2-1024x574.jpg 1024w, https:\/\/www.sisinternational.com\/wp-content\/uploads\/2025\/09\/Tonga-2-768x430.jpg 768w, https:\/\/www.sisinternational.com\/wp-content\/uploads\/2025\/09\/Tonga-2-18x10.jpg 18w\" sizes=\"auto, (max-width: 1456px) 100vw, 1456px\" alt=\"Ricerca e strategia di mercato internazionale SIS\"><\/figure>\n\n\n\n<p><\/p>\n\n\n\n<hr class=\"wp-block-separator has-alpha-channel-opacity is-style-dots\"\/>\n\n\n\n<p>How can businesses truly understand the Tongan market and its unique consumer needs? For companies looking to expand into Tonga, conducting thorough market research in Tonga is essential. With a small but diverse population, varying cultural influences, and a growing interest in international products \u2212 and without proper research, businesses may miss out on key insights that could determine their success.<\/p>\n\n\n\n<h2 class=\"wp-block-heading\">What Is Market Research in Tonga?<\/h2>\n\n\n\n<p>Market research in Tonga analyzes the Tongan market to help businesses make informed decisions, understanding consumer behavior, industry trends, and competitive landscapes is crucial for businesses looking to enter or expand in the Tongan market.<\/p>\n\n\n\n<p>For example, <a href=\"https:\/\/www.linkedin.com\/pulse\/how-market-research-enables-growth-ruth-stanat-phekf\/\" target=\"_blank\" rel=\"noopener\"><span style=\"font-weight: 400;\">Ricerca di mercato<\/span><\/a> in Tonga helps businesses identify key factors such as purchasing habits, product preferences, and the impact of cultural values on consumer choices. Tourism is a significant part of Tonga&#8217;s economy, so understanding the demands of both locals and international visitors is crucial.&nbsp;<\/p>\n\n\n\n<h2 class=\"wp-block-heading\">Why Do Businesses Need Market Research in Tonga?<\/h2>\n\n\n\n<p>Businesses looking to succeed in Tonga need market research in Tonga to navigate the region\u2019s unique economic and cultural landscape. Tonga&#8217;s small population, combined with its reliance on specific industries such as agriculture, fisheries, and tourism, presents distinct challenges for businesses that are unfamiliar with the local market. Without a clear understanding of these dynamics, businesses may struggle to target consumers or adapt their offerings to local needs effectively.<\/p>\n\n\n\n<p>That&#8217;s why market research in Tonga is essential for understanding consumer preferences, spending patterns, and regional demands. For instance, the Tongan economy is heavily influenced by remittances from overseas workers, which affects purchasing power and consumer behavior. Additionally, understanding the role of tradition and community in buying decisions is critical to developing marketing strategies that resonate with local consumers. With insights gained from comprehensive market research, businesses can develop targeted approaches that help them align with the needs of Tongan consumers and succeed in this unique market.<\/p>\n\n\n\n<h2 class=\"wp-block-heading\">Industrie chiave<\/h2>\n\n\n\n<p>L&#039;agricoltura \u00e8 una parte vitale dell&#039;economia di Tonga, poich\u00e9 \u00e8 sia una fonte di lavoro che di denaro straniero. L&#039;agricoltura \u00e8 una pratica comune nelle zone rurali del paese. Noci di cocco, fagioli, caff\u00e8 e taro sono colture coltivate per il mercato locale. Le persone utilizzano questi prodotti anche per il consumo domestico. Inoltre, le colture a radice sono le pi\u00f9 comuni sulle isole, coprendo circa due terzi della terra arabile. L&#039;allevamento del bestiame, come pollame e maiali, \u00e8 comune a Tonga. La quantit\u00e0 di bestiame allevato nel paese \u00e8 aumentata, il che ha portato a una diminuzione delle importazioni di carne bovina.<\/p>\n\n\n\n<h2 class=\"wp-block-heading\">Quartieri<\/h2>\n\n\n\n<p>Tonga is a country in Oceania. This small island chain in the South Pacific Ocean, known as the Kingdom of Tonga, is northeast of Samoa, west of Vanuatu, and east of Niue. It is also northwest of Fiji and <a href=\"https:\/\/www.sisinternational.com\/it\/copertura\/ricerche-di-mercato-asiatiche\/ricerche-di-mercato-wallis-futuna\/\" title=\"Ricerche di mercato a Wallis e Futuna\" data-wpil-monitor-id=\"5711\">Wallis and Futuna<\/a> (France) and nearly two-thirds between Hawaii and New Zealand. It\u2019s about 1,100 miles east of Brisbane and about the same distance north of New Zealand\u2019s North Island. Nuku\u2019alofa is Tonga\u2019s largest city and capital.<\/p>\n\n\n\n<p>Tonga comprende 171 isole, di cui solo 45 vivibili. L&#039;isola di Tongatapu ospita due terzi della popolazione. Fiji, Samoa e Samoa americane sono tutte vicine a Tonga.<\/p>\n\n\n\n<p>Nukualofa, capitale e porto principale di Tonga, si trova sulla costa settentrionale dell&#039;isola di Tongatapu, nell&#039;Oceano Pacifico sudoccidentale. Le barriere coralline proteggono il porto della citt\u00e0 con un pescaggio profondo. Le Tombe Reali e la Casa Reale (1865\u201367), residenza della famiglia reale tongana) si trovano sul lungomare, alla fine del vecchio molo. Nel paese si trovano anche la Scuola Magistrale e l&#039;Ospedale Vaiola. I visitatori troveranno anche una grande chiesa Wesleyana, uno studio radiofonico e, naturalmente, una piazza cittadina. Fuori citt\u00e0 c&#039;\u00e8 un grande complesso residenziale con lavori di falegnameria e il Consiglio Copra.<\/p>\n\n\n\n<h2 class=\"wp-block-heading\">Tendenze<\/h2>\n\n\n\n<p>La pi\u00f9 grande prospettiva di esportazione per le aziende americane a Tonga sono le materie prime. Il paese importa anche pollame, beni essenziali e beni strumentali.<\/p>\n\n\n\n<p>Il numero di turisti che visitano Tonga \u00e8 aumentato. Tuttavia, la legge non consente agli stranieri di possedere terreni a Tonga. Anche i costi di trasporto sono molto elevati, quindi le aziende statunitensi dovrebbero tenerlo presente. Tuttavia, \u00e8 essenziale notare che i tongani ricercano gli articoli americani per la loro eccellente qualit\u00e0.<\/p>\n\n\n\n<h2 class=\"wp-block-heading\">Opportunities in Market Research in Tonga<\/h2>\n\n\n\n<figure class=\"gb-block-image gb-block-image-1313b82d\"><img loading=\"lazy\" decoding=\"async\" width=\"1456\" height=\"816\" class=\"gb-image gb-image-1313b82d\" src=\"https:\/\/www.sisinternational.com\/wp-content\/uploads\/2025\/09\/Tonga-1.jpg\" alt=\"Ricerca e strategia di mercato internazionale SIS\" title=\"Tonga (1)\" srcset=\"https:\/\/www.sisinternational.com\/wp-content\/uploads\/2025\/09\/Tonga-1.jpg 1456w, https:\/\/www.sisinternational.com\/wp-content\/uploads\/2025\/09\/Tonga-1-300x168.jpg 300w, https:\/\/www.sisinternational.com\/wp-content\/uploads\/2025\/09\/Tonga-1-1024x574.jpg 1024w, https:\/\/www.sisinternational.com\/wp-content\/uploads\/2025\/09\/Tonga-1-768x430.jpg 768w, https:\/\/www.sisinternational.com\/wp-content\/uploads\/2025\/09\/Tonga-1-18x10.jpg 18w\" sizes=\"auto, (max-width: 1456px) 100vw, 1456px\"><\/figure>\n\n\n\n<p><\/p>\n\n\n\n<p>One of the most significant opportunities lies in the tourism sector, which is a cornerstone of Tonga\u2019s economy. With stunning natural landscapes, rich cultural heritage, and rising interest from international tourists, businesses in hospitality, travel, and related industries can benefit greatly from data-driven insights into tourist preferences and market trends.<\/p>\n\n\n\n<p>Another opportunity identified through market research in Tonga is the increasing demand for imported goods, especially in areas like consumer electronics, packaged foods, and lifestyle products. As Tonga&#8217;s economy evolves and more Tongans have access to disposable income, understanding shifts in consumption patterns can help businesses cater to emerging needs in retail and consumer goods.<\/p>\n\n\n\n<p>In addition, the digital transformation offers opportunities for businesses in telecommunications and e-commerce, especially as more Tongans embrace online shopping and mobile technologies. Market research in Tonga can help businesses understand these emerging trends and develop strategies to harness the potential of these growing sectors.<\/p>\n\n\n\n<h2 class=\"wp-block-heading\">Base dei consumatori<\/h2>\n\n\n\n<p>Le indagini di mercato mostrano che il prezzo gioca il ruolo pi\u00f9 importante nella decisione di acquisto.<\/p>\n\n\n\n<p>Ulteriori ricerche rivelano un netto contrasto. Quelli che appartengono ai gruppi a reddito pi\u00f9 alto e a quello pi\u00f9 basso hanno abitudini di acquisto diverse. I tongani acquistano e utilizzano prodotti in base al loro status economico e sociale e al loro accesso al contante. Sono anche pi\u00f9 disposti ad acquistare prodotti alimentari locali rispetto a quelli importati.<\/p>\n\n\n\n<h2 class=\"wp-block-heading\">Motivi per far crescere la tua attivit\u00e0 sul mercato<\/h2>\n\n\n\n<p>Nel 2010, il paese ha firmato un piano per espandere la propria crescita nei prossimi cinque anni. I progressi successivi riflettono l\u2019attuale equilibrio politico del paese. Ad esempio, il governo ha ricostruito il settore commerciale di Nuku&#039;alofa dopo che i manifestanti lo avevano distrutto.<\/p>\n\n\n\n<p>La corruzione politica \u00e8 un ostacolo al commercio estero. Ciononostante, la Banca Mondiale riferisce che Tonga ha fatto molti progressi nel contenere la corruzione.<\/p>\n\n\n\n<p>Tonga si sta spostando verso l\u2019energia rinnovabile con l\u2019aiuto della Nuova Zelanda. L\u2019obiettivo \u00e8 limitare la dipendenza dalle importazioni di petrolio.<\/p>\n\n\n\n<h2 class=\"wp-block-heading\">How SIS International\u2019s Market Research in Tonga Helps Businesses<\/h2>\n\n\n\n<p><a href=\"https:\/\/www.linkedin.com\/company\/sisinternationalresearch\/\" target=\"_blank\" rel=\"noopener\"><span style=\"font-weight: 400;\">SIS Internazionale<\/span><\/a>&nbsp;delivers tailored market research in Tonga to support businesses in overcoming challenges and tapping into growth opportunities. Our research offers valuable, actionable insights specific to the Tongan market, enabling informed business strategies. Key benefits include:<\/p>\n\n\n\n<ul class=\"wp-block-list\">\n<li><strong>Localized market insights<\/strong>: We provide detailed data on Tonga\u2019s consumer behavior, market trends, and competitive dynamics, helping businesses make well-informed decisions.<\/li>\n\n\n\n<li><strong>Industry expertise<\/strong>: Our research covers various sectors such as tourism, retail, and agriculture, identifying opportunities and growth potential in Tonga\u2019s key industries.<\/li>\n\n\n\n<li><strong>Comprehensive research methods<\/strong>: We use both qualitative and quantitative techniques, including surveys, focus groups, and competitor analysis, to offer a complete view of Tonga\u2019s market landscape.<\/li>\n\n\n\n<li><strong>Cultural alignment<\/strong>: We help businesses understand and integrate local customs, traditions, and consumer preferences into their strategies, ensuring resonance with Tongan consumers.<\/li>\n\n\n\n<li><strong>Navigating logistical and regulatory challenges<\/strong>: Our research assists businesses in managing distribution, supply chain issues, and compliance with Tonga\u2019s regulations, optimizing their market entry and operations.<\/li>\n\n\n\n<li><strong>Sustainable success<\/strong>: By leveraging SIS International\u2019s insights, businesses can create tailored strategies that ensure long-term success and growth in the Tongan market.<\/li>\n<\/ul>\n\n\n\n<h2 class=\"wp-block-heading\"><span style=\"font-weight: 400;\">A proposito di SIS Internazionale<\/span><\/h2>\n\n\n\n<p><a href=\"https:\/\/www.sisinternational.com\/it\/\"><span style=\"font-weight: 400;\">SIS Internazionale<\/span><\/a><span style=\"font-weight: 400;\"> offre ricerca quantitativa, qualitativa e strategica. Forniamo dati, strumenti, strategie, report e approfondimenti per il processo decisionale. Conduciamo anche interviste, sondaggi, focus group e altri metodi e approcci di ricerca di mercato.<\/span><a href=\"https:\/\/www.sisinternational.com\/it\/sulla-sua-ricerca-internazionale\/contact-sis-international-market-research\/\"><span style=\"font-weight: 400;\"> Contattaci<\/span><\/a><span style=\"font-weight: 400;\"> per il tuo prossimo progetto di ricerca di mercato.<\/span><\/p>\n\n\n\n<p><\/p>","protected":false},"excerpt":{"rendered":"<p>Market Research in Tonga How can businesses truly understand the Tongan market and its unique consumer needs? For companies looking to expand into Tonga, conducting thorough market research in Tonga is essential. With a small but diverse population, varying cultural influences, and a growing interest in international products \u2212 and without proper research, businesses may &#8230; <a title=\"Ricerche di mercato a Tonga\" class=\"read-more\" href=\"https:\/\/www.sisinternational.com\/it\/copertura\/ricerche-di-mercato-asiatiche\/ricerche-di-mercato-tonga\/\" aria-label=\"Per saperne di pi\u00f9 su Market Research in Tonga\">Leggi tutto<\/a><\/p>","protected":false},"author":1,"featured_media":65743,"parent":14508,"menu_order":41,"comment_status":"closed","ping_status":"closed","template":"","meta":{"footnotes":""},"class_list":["post-39905","page","type-page","status-publish","has-post-thumbnail"],"_links":{"self":[{"href":"https:\/\/www.sisinternational.com\/it\/wp-json\/wp\/v2\/pages\/39905","targetHints":{"allow":["GET"]}}],"collection":[{"href":"https:\/\/www.sisinternational.com\/it\/wp-json\/wp\/v2\/pages"}],"about":[{"href":"https:\/\/www.sisinternational.com\/it\/wp-json\/wp\/v2\/types\/page"}],"author":[{"embeddable":true,"href":"https:\/\/www.sisinternational.com\/it\/wp-json\/wp\/v2\/users\/1"}],"replies":[{"embeddable":true,"href":"https:\/\/www.sisinternational.com\/it\/wp-json\/wp\/v2\/comments?post=39905"}],"version-history":[{"count":5,"href":"https:\/\/www.sisinternational.com\/it\/wp-json\/wp\/v2\/pages\/39905\/revisions"}],"predecessor-version":[{"id":79412,"href":"https:\/\/www.sisinternational.com\/it\/wp-json\/wp\/v2\/pages\/39905\/revisions\/79412"}],"up":[{"embeddable":true,"href":"https:\/\/www.sisinternational.com\/it\/wp-json\/wp\/v2\/pages\/14508"}],"wp:featuredmedia":[{"embeddable":true,"href":"https:\/\/www.sisinternational.com\/it\/wp-json\/wp\/v2\/media\/65743"}],"wp:attachment":[{"href":"https:\/\/www.sisinternational.com\/it\/wp-json\/wp\/v2\/media?parent=39905"}],"curies":[{"name":"wp","href":"https:\/\/api.w.org\/{rel}","templated":true}]}}