{"id":39903,"date":"2022-02-28T20:01:28","date_gmt":"2022-02-28T20:01:28","guid":{"rendered":"https:\/\/www.sisinternational.com\/?page_id=39903"},"modified":"2026-01-25T19:32:56","modified_gmt":"2026-01-26T00:32:56","slug":"ricerche-di-mercato-samoa","status":"publish","type":"page","link":"https:\/\/www.sisinternational.com\/it\/copertura\/ricerche-di-mercato-asiatiche\/ricerche-di-mercato-samoa\/","title":{"rendered":"Ricerche di mercato a Samoa"},"content":{"rendered":"<h1 class=\"wp-block-heading\">Ricerche di mercato a Samoa<\/h1>\n\n\n\n<figure class=\"gb-block-image gb-block-image-106664fb\"><img loading=\"lazy\" decoding=\"async\" width=\"1456\" height=\"816\" class=\"gb-image gb-image-106664fb\" src=\"https:\/\/www.sisinternational.com\/wp-content\/uploads\/2025\/09\/Samoa-4.jpg\" alt=\"Ricerca e strategia di mercato internazionale SIS\" title=\"Samoa (4)\" srcset=\"https:\/\/www.sisinternational.com\/wp-content\/uploads\/2025\/09\/Samoa-4.jpg 1456w, https:\/\/www.sisinternational.com\/wp-content\/uploads\/2025\/09\/Samoa-4-300x168.jpg 300w, https:\/\/www.sisinternational.com\/wp-content\/uploads\/2025\/09\/Samoa-4-1024x574.jpg 1024w, https:\/\/www.sisinternational.com\/wp-content\/uploads\/2025\/09\/Samoa-4-768x430.jpg 768w, https:\/\/www.sisinternational.com\/wp-content\/uploads\/2025\/09\/Samoa-4-18x10.jpg 18w\" sizes=\"auto, (max-width: 1456px) 100vw, 1456px\"><\/figure>\n\n\n\n<p><\/p>\n\n\n\n<p>Located in the Pacific Ocean, the nation of Samoa comprises two large islands and four smaller ones. The islands in Samoa are of volcanic origin. They are also unlike other places in the world. For example, the entire country has only one city. Samoa has a relaxed vibe, which is excellent for tourism. But it has other key industries:<\/p>\n\n\n\n<h2 class=\"wp-block-heading\">What Is Market Research in Samoa?<\/h2>\n\n\n\n<p><a href=\"https:\/\/www.sisinternational.com\/it\/copertura\/ricerche-di-mercato-africane\/ricerche-di-mercato-a-mauritius-in-africa\/\" title=\"Market Research in Mauritius \u2014 Island off Africa&#8217;s East Coast\"  data-wpil-monitor-id=\"5308\">Market research in Samoa<\/a> studies the economic and cultural context of this small island nation in the South Pacific, where community values and sustainability play a significant role in consumer behavior.<\/p>\n\n\n\n<p><strong>Key Aspects:<\/strong><\/p>\n\n\n\n<ul class=\"wp-block-list\">\n<li><strong>Economic Context:<\/strong> The Samoan economy relies on agriculture, tourism, and remittances. Understanding the interplay between local traditions and modern consumer habits is crucial.<\/li>\n\n\n\n<li><strong>Metodologie:<\/strong> Qualitative approaches, including interviews and focus groups, are often utilized to gather insights into consumer preferences and cultural influences.<\/li>\n\n\n\n<li><strong>Sfide:<\/strong> The small population and geographic isolation can limit the scope of research and data availability.<\/li>\n\n\n\n<li><strong>Benefici:<\/strong> Effective market research helps businesses identify opportunities for sustainable development and understand local consumer needs, allowing them to tailor offerings that resonate with the Samoan population.<\/li>\n<\/ul>\n\n\n\n<h2 class=\"wp-block-heading\">Industrie chiave<\/h2>\n\n\n\n<p>L&#039;agricoltura \u00e8 una componente essenziale dell&#039;economia samoana. Si aggiunge alla crescita del paese, rappresentando i due terzi dell\u2019intera forza lavoro. L&#039;agricoltura fornisce anche gran parte delle materie prime per l&#039;industria manifatturiera di Samoa.<\/p>\n\n\n\n<p>La pesca \u00e8 essenziale per i samoani. Il pesce \u00e8 una fonte vitale di cibo e un bene di esportazione. Circa un quarto delle famiglie samoane guadagna il proprio reddito da questo settore. Anche il pesce \u00e8 una parte fondamentale della dieta samoana.<\/p>\n\n\n\n<h2 class=\"wp-block-heading\">Quartieri<\/h2>\n\n\n\n<p>Apia \u00e8 la capitale (e unica) citt\u00e0 della nazione di Samoa e si trova a 40 chilometri dall&#039;aeroporto, sulla costa di Upolu. Questa pittoresca cittadina \u00e8 il centro commerciale, governativo e commerciale di Samoa. \u00c8 anche un&#039;ottima zona da visitare o da cui basarsi mentre esplori l&#039;isola. Sebbene Apia possa essere piccola, ha una buona dose di ristoranti, club, mercati e negozi. Ci sono anche attrazioni culturali per tenere occupati e divertiti i turisti.<\/p>\n\n\n\n<h2 class=\"wp-block-heading\">Tendenze<\/h2>\n\n\n\n<p>Con il potere dei mass media, l\u2019afflusso di merci dall\u2019estero sta diventando un destino inevitabile per Samoa. Le importazioni stanno affluendo nel paese poich\u00e9 i divari commerciali si sono attenuati. Le grandi aziende e anche le piccole imprese importano merci straniere. Da quando \u00e8 entrato a far parte dell&#039;OMC, l&#039;importazione di merci nel paese dall&#039;estero \u00e8 aumentata. Questi cambiamenti potrebbero portare al pubblico abitudini di consumo migliori e pi\u00f9 sicure.<\/p>\n\n\n\n<h2 class=\"wp-block-heading\">Vantaggi e punti di forza sul mercato<\/h2>\n\n\n\n<figure class=\"gb-block-image gb-block-image-359f3e64\"><img loading=\"lazy\" decoding=\"async\" width=\"1456\" height=\"816\" class=\"gb-image gb-image-359f3e64\" src=\"https:\/\/www.sisinternational.com\/wp-content\/uploads\/2025\/09\/Samoa-2.jpg\" alt=\"Ricerca e strategia di mercato internazionale SIS\" title=\"Samoa (2)\" srcset=\"https:\/\/www.sisinternational.com\/wp-content\/uploads\/2025\/09\/Samoa-2.jpg 1456w, https:\/\/www.sisinternational.com\/wp-content\/uploads\/2025\/09\/Samoa-2-300x168.jpg 300w, https:\/\/www.sisinternational.com\/wp-content\/uploads\/2025\/09\/Samoa-2-1024x574.jpg 1024w, https:\/\/www.sisinternational.com\/wp-content\/uploads\/2025\/09\/Samoa-2-768x430.jpg 768w, https:\/\/www.sisinternational.com\/wp-content\/uploads\/2025\/09\/Samoa-2-18x10.jpg 18w\" sizes=\"auto, (max-width: 1456px) 100vw, 1456px\"><\/figure>\n\n\n\n<p><\/p>\n\n\n\n<p>The government of Samoa is trying to stir up foreign and local investment. It offers a stable political system based on strong social and cultural structures and values. Samoa also has a trained, productive, and adaptable workforce that communicates well in English. The economy is well-managed, with low labor costs and a favorable exchange rate. Samoa provides a good investment environment.<\/p>\n\n\n\n<h2 class=\"wp-block-heading\">Base dei consumatori<\/h2>\n\n\n\n<p>Il guadagno di potere spinge la domanda di prodotti a Samoa. Anche la capacit\u00e0 dei samoani di conquistare posizioni privilegiate e di aumentare il traffico nei negozi aiuta a realizzare profitti. Le aziende devono fornire prodotti di alta qualit\u00e0 per assicurarsi il proprio posto sul mercato. Le piccole imprese potrebbero anche rappresentare una minaccia per quelle pi\u00f9 grandi se producono oggetti unici. Le aziende con un buon servizio clienti tendono ad avere una mano vincente nella loro attivit\u00e0.<\/p>\n\n\n\n<h2 class=\"wp-block-heading\">Motivo per far crescere la tua attivit\u00e0 nel mercato samoano<\/h2>\n\n\n\n<p>Samoa \u00e8 un luogo ideale per gli investitori di tutto il mondo. \u00c8 ottimo per gli investimenti. In effetti, il mondo sa che questo paese \u00e8 pacifico e che l\u2019economia \u00e8 sempre stabile. Le leggi di Samoa aiutano anche a creare le migliori condizioni per gli investitori in tutto il mondo. Inoltre, la sua posizione nel cuore del Pacifico lo rende un collegamento vitale con i continenti di Australia, Asia e America. Samoa sar\u00e0 l&#039;hotspot perfetto se desideri espandere il mercato della tua azienda in Oceania.<\/p>\n\n\n\n<h2 class=\"wp-block-heading\">How SIS International\u2019s Market Research in Samoa Helps Businesses<\/h2>\n\n\n\n<p>SIS International provides expert <a href=\"https:\/\/www.sisinternational.com\/it\/copertura\/ricerche-di-mercato-asiatiche\/ricerche-di-mercato-sulle-isole-cook\/\" title=\"Ricerche di mercato nelle Isole Cook\"  data-wpil-monitor-id=\"5739\">market research in Samoa<\/a> to help businesses navigate the unique opportunities and challenges of this Pacific Island nation. Samoa offers significant potential in tourism, agriculture, and sustainable development, and our market research ensures businesses have the insights needed to succeed. Here are the key benefits of working with SIS in Samoa:<\/p>\n\n\n\n<ul class=\"wp-block-list\">\n<li><strong>Pianificazione strategica migliorata<\/strong>: Our market research in Samoa delivers crucial insights into local market trends, regulatory requirements, and consumer behaviors, helping businesses develop effective strategies that align with Samoa\u2019s market dynamics.<\/li>\n\n\n\n<li><strong>Aumento delle entrate<\/strong>: By identifying key growth sectors such as eco-tourism, agriculture, and renewable energy, SIS helps businesses optimize their market entry and revenue potential in Samoa\u2019s expanding economy.<\/li>\n\n\n\n<li><strong>Riduzione del rischio<\/strong>: Navigating the regulatory environment and understanding local cultural nuances can be challenging. SIS International provides in-depth knowledge of Samoa\u2019s legal and business landscape, minimizing risks for businesses entering this market.<\/li>\n\n\n\n<li><strong>Miglioramento dell&#039;efficienza del marketing<\/strong>: With a strong focus on eco-tourism and sustainability, market research in Samoa helps businesses craft targeted marketing strategies that resonate with both local consumers and international tourists.<\/li>\n\n\n\n<li><strong>Crescita accelerata e innovazione<\/strong>: Samoa\u2019s growing sectors, especially in sustainable tourism and agriculture, offer exciting opportunities for businesses. SIS helps companies identify these trends and innovate in line with local market needs.<\/li>\n\n\n\n<li><strong>ROI potenziato<\/strong>: By delivering actionable insights and tailored recommendations, SIS ensures businesses investing in Samoa maximize their return on investment, leading to sustainable and profitable growth.<\/li>\n<\/ul>\n\n\n\n<h2 class=\"wp-block-heading\"><strong>A proposito di SIS Internazionale<\/strong><\/h2>\n\n\n\n<p><a href=\"https:\/\/www.sisinternational.com\/it\/\"><span style=\"font-weight: 400;\">SIS Internazionale<\/span><\/a><span style=\"font-weight: 400;\"> offre ricerca quantitativa, qualitativa e strategica. Forniamo dati, strumenti, strategie, report e approfondimenti per il processo decisionale. Conduciamo anche interviste, sondaggi, focus group e altri metodi e approcci di ricerca di mercato.<\/span><a href=\"https:\/\/www.sisinternational.com\/it\/sulla-sua-ricerca-internazionale\/contact-sis-international-market-research\/\"><span style=\"font-weight: 400;\"> Contattaci<\/span><\/a><span style=\"font-weight: 400;\"> per il tuo prossimo progetto di ricerca di mercato.<\/span><\/p>\n\n\n\n<p><\/p>","protected":false},"excerpt":{"rendered":"<p>Market Research in Samoa Located in the Pacific Ocean, the nation of Samoa comprises two large islands and four smaller ones. The islands in Samoa are of volcanic origin. They are also unlike other places in the world. For example, the entire country has only one city. Samoa has a relaxed vibe, which is excellent &#8230; <a title=\"Ricerche di mercato a Samoa\" class=\"read-more\" href=\"https:\/\/www.sisinternational.com\/it\/copertura\/ricerche-di-mercato-asiatiche\/ricerche-di-mercato-samoa\/\" aria-label=\"Per saperne di pi\u00f9 su Market Research in Samoa\">Leggi tutto<\/a><\/p>","protected":false},"author":1,"featured_media":65602,"parent":14508,"menu_order":40,"comment_status":"closed","ping_status":"closed","template":"","meta":{"footnotes":""},"class_list":["post-39903","page","type-page","status-publish","has-post-thumbnail"],"_links":{"self":[{"href":"https:\/\/www.sisinternational.com\/it\/wp-json\/wp\/v2\/pages\/39903","targetHints":{"allow":["GET"]}}],"collection":[{"href":"https:\/\/www.sisinternational.com\/it\/wp-json\/wp\/v2\/pages"}],"about":[{"href":"https:\/\/www.sisinternational.com\/it\/wp-json\/wp\/v2\/types\/page"}],"author":[{"embeddable":true,"href":"https:\/\/www.sisinternational.com\/it\/wp-json\/wp\/v2\/users\/1"}],"replies":[{"embeddable":true,"href":"https:\/\/www.sisinternational.com\/it\/wp-json\/wp\/v2\/comments?post=39903"}],"version-history":[{"count":7,"href":"https:\/\/www.sisinternational.com\/it\/wp-json\/wp\/v2\/pages\/39903\/revisions"}],"predecessor-version":[{"id":79430,"href":"https:\/\/www.sisinternational.com\/it\/wp-json\/wp\/v2\/pages\/39903\/revisions\/79430"}],"up":[{"embeddable":true,"href":"https:\/\/www.sisinternational.com\/it\/wp-json\/wp\/v2\/pages\/14508"}],"wp:featuredmedia":[{"embeddable":true,"href":"https:\/\/www.sisinternational.com\/it\/wp-json\/wp\/v2\/media\/65602"}],"wp:attachment":[{"href":"https:\/\/www.sisinternational.com\/it\/wp-json\/wp\/v2\/media?parent=39903"}],"curies":[{"name":"wp","href":"https:\/\/api.w.org\/{rel}","templated":true}]}}