{"id":39898,"date":"2022-02-28T19:35:52","date_gmt":"2022-02-28T19:35:52","guid":{"rendered":"https:\/\/www.sisinternational.com\/?page_id=39898"},"modified":"2025-09-23T20:40:03","modified_gmt":"2025-09-24T00:40:03","slug":"ricerche-di-mercato-nuova-caledonia","status":"publish","type":"page","link":"https:\/\/www.sisinternational.com\/it\/copertura\/ricerche-di-mercato-asiatiche\/ricerche-di-mercato-nuova-caledonia\/","title":{"rendered":"Ricerche di mercato in Nuova Caledonia"},"content":{"rendered":"<h1 class=\"wp-block-heading\">Ricerche di mercato in Nuova Caledonia<\/h1>\n\n\n\n<figure class=\"gb-block-image gb-block-image-163bac10\"><img loading=\"lazy\" decoding=\"async\" width=\"1456\" height=\"816\" class=\"gb-image gb-image-163bac10\" src=\"https:\/\/www.sisinternational.com\/wp-content\/uploads\/2025\/09\/New-Caledonia-1.jpg\" alt=\"Ricerca e strategia di mercato internazionale SIS\" title=\"New Caledonia (1)\" srcset=\"https:\/\/www.sisinternational.com\/wp-content\/uploads\/2025\/09\/New-Caledonia-1.jpg 1456w, https:\/\/www.sisinternational.com\/wp-content\/uploads\/2025\/09\/New-Caledonia-1-300x168.jpg 300w, https:\/\/www.sisinternational.com\/wp-content\/uploads\/2025\/09\/New-Caledonia-1-1024x574.jpg 1024w, https:\/\/www.sisinternational.com\/wp-content\/uploads\/2025\/09\/New-Caledonia-1-768x430.jpg 768w, https:\/\/www.sisinternational.com\/wp-content\/uploads\/2025\/09\/New-Caledonia-1-18x10.jpg 18w\" sizes=\"auto, (max-width: 1456px) 100vw, 1456px\"><\/figure>\n\n\n\n<p><\/p>\n\n\n\n<hr class=\"wp-block-separator has-alpha-channel-opacity is-style-dots\"\/>\n\n\n\n<h3 class=\"wp-block-heading\">Le ricerche di mercato in Nuova Caledonia forniscono informazioni preziose che consentono alle aziende di prendere decisioni strategiche e prosperare in questo mercato unico.<\/h3>\n\n\n\n<p>Market research in New Caledonia is crucial for businesses aiming to establish a strong presence in this unique region. With its diverse cultural landscape and dynamic economy, New Caledonia presents numerous growth opportunities\u2014if approached with the right strategy.<\/p>\n\n\n\n<h2 class=\"wp-block-heading\"><strong>Cos&#039;\u00e8 la ricerca di mercato in Nuova Caledonia?<\/strong><\/h2>\n\n\n\n<p>La ricerca di mercato in Nuova Caledonia consiste nel raccogliere, esaminare e interpretare informazioni sul mercato locale per supportare decisioni aziendali consapevoli, consentendo alle aziende di scoprire esigenze, preferenze e comportamenti di acquisto dei consumatori, aiutandoli ad adattare i propri prodotti e servizi per allinearli alle aspettative locali.<\/p>\n\n\n\n<p>This type of <a href=\"https:\/\/www.sisinternational.com\/it\/quali-sono-alcune-tendenze-nel-settore-delle-ricerche-di-mercato\/\" title=\"Quali sono alcune tendenze nel settore delle ricerche di mercato?\"  data-wpil-monitor-id=\"10300\">research includes analyzing industry trends<\/a>, consumer behavior, and competitive landscape, as well as understanding cultural nuances that impact purchasing decisions. By conducting market research in New Caledonia, businesses can gain insights into what drives consumer preferences, how to <a href=\"https:\/\/www.sisinternational.com\/it\/soluzioni\/soluzioni-di-branding-e-ricerca-clienti\/ricerca-di-mercato-sul-posizionamento-del-marchio\/\" title=\"Ricerche di mercato sul posizionamento del marchio\"  data-wpil-monitor-id=\"10305\">position their brand<\/a> effectively, and where the most promising opportunities for growth lie.&nbsp;<\/p>\n\n\n\n<h2 class=\"wp-block-heading\"><strong>Perch\u00e9 le aziende hanno bisogno di ricerche di mercato in Nuova Caledonia?<\/strong><\/h2>\n\n\n\n<p>Market research in New Caledonia assists businesses in making well-informed decisions about the local market. Given New Caledonia&#8217;s unique cultural aspects, geographical setting, and evolving economic conditions, understanding consumer needs and purchasing behaviors is <a href=\"https:\/\/www.sisinternational.com\/it\/competenza\/industrie\/ricerche-di-mercato-sugli-articoli-essenziali-per-la-cucina\/\" title=\"Ricerche di mercato sugli articoli essenziali per la cucina\"  data-wpil-monitor-id=\"10303\">essential for successful market<\/a> entry or expansion.<\/p>\n\n\n\n<p>Furthermore, market research in New Caledonia enables businesses to uncover key trends, evaluate market potential, and gain a deeper understanding of the population&#8217;s specific needs. By answering questions like: Which products and services are in the highest demand? How do cultural differences influence consumer behavior? Companies can use these insights to craft <a href=\"https:\/\/www.sisinternational.com\/it\/soluzioni\/consulenza-per-lospitalita-turistica-turistica\/consulenza-strategica-per-ricerche-di-mercato-da-parte-di-societa-di-gestione-alberghiera\/\" title=\"Societ\u00e0 di gestione alberghiera Ricerche di mercato e consulenza strategica\"  data-wpil-monitor-id=\"10302\">strategie di marketing<\/a> that resonate well with the New Caledonian audience.<\/p>\n\n\n\n<h2 class=\"wp-block-heading\">Quartieri<\/h2>\n\n\n\n<p>Noumea \u00e8 la capitale. La citt\u00e0 ha molti edifici moderni e un grande mercato pubblico. Anche l&#039;universit\u00e0 si trova a Noumea.<\/p>\n\n\n\n<p>Dumbea \u00e8 un&#039;altra eccellente localit\u00e0 turistica. I visitatori possono fare escursioni nella zona e vedere il limpido fiume Dumbea.<\/p>\n\n\n\n<h2 class=\"wp-block-heading\">Tendenze<\/h2>\n\n\n\n<p>Queste isole hanno una storia di successo economico. Si collocano tra i territori pi\u00f9 ricchi del mondo.<\/p>\n\n\n\n<p>Nel corso degli anni, l&#039;industria mineraria \u00e8 stata promettente. I progetti minerari solitamente hanno luogo a Noumea, che \u00e8 la capitale e il fulcro centrale per il commercio e le aziende. I progetti hanno creato la necessit\u00e0 di pi\u00f9 dipendenti con competenze diverse e hanno aiutato il settore edile.<\/p>\n\n\n\n<p>Anche l\u2019aumento dei prezzi del nichel e il recente aumento delle visite turistiche faranno aumentare il PIL.<\/p>\n\n\n\n<h2 class=\"wp-block-heading\"><strong>Industrie e attori principali in Nuova Caledonia<\/strong><\/h2>\n\n\n\n<figure class=\"gb-block-image gb-block-image-03899de5\"><img loading=\"lazy\" decoding=\"async\" width=\"1456\" height=\"816\" class=\"gb-image gb-image-03899de5\" src=\"https:\/\/www.sisinternational.com\/wp-content\/uploads\/2025\/09\/New-Caledonia-3.jpg\" alt=\"Ricerca e strategia di mercato internazionale SIS\" title=\"New Caledonia (3)\" srcset=\"https:\/\/www.sisinternational.com\/wp-content\/uploads\/2025\/09\/New-Caledonia-3.jpg 1456w, https:\/\/www.sisinternational.com\/wp-content\/uploads\/2025\/09\/New-Caledonia-3-300x168.jpg 300w, https:\/\/www.sisinternational.com\/wp-content\/uploads\/2025\/09\/New-Caledonia-3-1024x574.jpg 1024w, https:\/\/www.sisinternational.com\/wp-content\/uploads\/2025\/09\/New-Caledonia-3-768x430.jpg 768w, https:\/\/www.sisinternational.com\/wp-content\/uploads\/2025\/09\/New-Caledonia-3-18x10.jpg 18w\" sizes=\"auto, (max-width: 1456px) 100vw, 1456px\"><\/figure>\n\n\n\n<p><\/p>\n\n\n\n<p>Le ricerche di mercato in Nuova Caledonia evidenziano diverse industrie chiave che guidano l&#039;economia locale e offrono un potenziale di crescita significativo per le aziende. L&#039;attivit\u00e0 mineraria rimane un&#039;industria importante, con la Nuova Caledonia che \u00e8 uno dei maggiori produttori di nichel al mondo. Aziende come SLN (Soci\u00e9t\u00e9 Le Nickel) e Koniambo Nickel svolgono un ruolo fondamentale nel settore minerario e contribuiscono in modo significativo all&#039;economia.<\/p>\n\n\n\n<p>Il turismo \u00e8 un altro fattore importante, con la bellezza naturale dell&#039;isola che attrae visitatori interessati al turismo d&#039;avventura, alle esperienze culturali e alle vacanze di lusso. Aziende come Aircalin e New Caledonia Tourism sono attori leader nella promozione del turismo e nella fornitura di servizi correlati. Inoltre, il settore delle energie rinnovabili \u00e8 in crescita, con progetti guidati da aziende come Enercal per sfruttare il potenziale di energia rinnovabile dell&#039;isola.<\/p>\n\n\n\n<p>La comprensione di questi settori attraverso la ricerca di mercato in Nuova Caledonia consente alle aziende di allineare le proprie strategie con i settori pi\u00f9 importanti dell&#039;economia locale. Che si tratti di estrazione mineraria, turismo o energia rinnovabile, comprendere le dinamiche di questi settori e i principali attori \u00e8 essenziale per il successo in Nuova Caledonia.<\/p>\n\n\n\n<h2 class=\"wp-block-heading\"><strong>Fattori trainanti del mercato in Nuova Caledonia<\/strong><\/h2>\n\n\n\n<p>La ricerca di mercato in Nuova Caledonia aiuta a identificare i principali driver che alimentano l&#039;economia locale e creano opportunit\u00e0 per le aziende. Di seguito sono riportati i principali driver che modellano il panorama del mercato in Nuova Caledonia:<\/p>\n\n\n\n<ul class=\"wp-block-list\">\n<li><p><strong>Crescita del turismo<\/strong>: The increasing number of tourists visiting New Caledonia for cultural tourism, adventure activities, and luxury experiences is driving growth in the <a href=\"https:\/\/www.sisinternational.com\/it\/soluzioni\/ai-ricerche-di-mercato-e-consulenza-strategica\/consulenza-per-lindustria-del-turismo-ospitalita-adozione-viaggi\/\" title=\"Adozione dell&#039;intelligenza artificiale nella consulenza nel settore dei viaggi, dell&#039;ospitalit\u00e0 e del turismo\"  data-wpil-monitor-id=\"10306\">hospitality and travel<\/a> sectors.<\/p><\/li>\n\n\n\n<li><p><strong>Estrazione del nichel<\/strong>:La domanda mondiale di nichel, in particolare per l&#039;impiego nelle batterie dei veicoli elettrici, continua a essere un importante motore per l&#039;economia della Nuova Caledonia.<\/p><\/li>\n\n\n\n<li><p><strong>Investimenti governativi<\/strong>:Gli investimenti del governo in progetti infrastrutturali e nella diversificazione economica hanno creato opportunit\u00e0 di crescita in vari settori.<\/p><\/li>\n\n\n\n<li><p><strong>Iniziative per l&#039;energia rinnovabile<\/strong>:L&#039;attenzione rivolta allo sviluppo delle energie rinnovabili ha creato opportunit\u00e0 per le aziende coinvolte in progetti di energia solare, eolica e idroelettrica.<\/p><\/li>\n\n\n\n<li><p><strong>Trasformazione digitale<\/strong>:La crescente adozione del digitale sta stimolando la domanda di migliori servizi di telecomunicazione e digitali, offrendo opportunit\u00e0 alle aziende impegnate nelle soluzioni tecnologiche.<\/p><\/li>\n\n\n\n<li><p><strong>Sviluppo urbano<\/strong>:Lo sviluppo delle aree urbane sta aumentando la domanda di servizi edilizi, abitativi e infrastrutturali correlati.<\/p><\/li>\n\n\n\n<li><p><strong>Forza lavoro giovane<\/strong>:La crescita della popolazione giovanile sta determinando un aumento della domanda di istruzione, formazione professionale e opportunit\u00e0 di lavoro, rendendo il settore dell&#039;istruzione un&#039;area chiave per la crescita.<\/p><\/li>\n<\/ul>\n\n\n\n<h2 class=\"wp-block-heading\"><strong>Restrizioni di mercato in Nuova Caledonia<\/strong><\/h2>\n\n\n\n<p>Sebbene le ricerche di mercato in Nuova Caledonia rivelino numerose opportunit\u00e0, vi sono anche diverse sfide o limitazioni che le aziende devono considerare:<\/p>\n\n\n<div class=\"wp-block-image\">\n<figure class=\"aligncenter\"><img loading=\"lazy\" decoding=\"async\" width=\"715\" height=\"1024\" src=\"https:\/\/www.sisinternational.com\/wp-content\/uploads\/2024\/10\/New-caledonia-715x1024.png\" alt=\"Ricerca di mercato in Nuova Caledonia\" class=\"wp-image-53489\" srcset=\"https:\/\/www.sisinternational.com\/wp-content\/uploads\/2024\/10\/New-caledonia-715x1024.png 715w, https:\/\/www.sisinternational.com\/wp-content\/uploads\/2024\/10\/New-caledonia-210x300.png 210w, https:\/\/www.sisinternational.com\/wp-content\/uploads\/2024\/10\/New-caledonia-768x1100.png 768w, https:\/\/www.sisinternational.com\/wp-content\/uploads\/2024\/10\/New-caledonia-8x12.png 8w, https:\/\/www.sisinternational.com\/wp-content\/uploads\/2024\/10\/New-caledonia.png 908w\" sizes=\"auto, (max-width: 715px) 100vw, 715px\" \/><\/figure>\n<\/div>\n\n\n<p><\/p>\n\n\n\n<ul class=\"wp-block-list\">\n<li><p><strong>Dimensioni del mercato limitate<\/strong>:La piccola popolazione della Nuova Caledonia limita le dimensioni complessive del suo mercato, il che pu\u00f2 rappresentare una sfida per le aziende che mirano a una crescita su larga scala.<\/p><\/li>\n\n\n\n<li><p><strong>Isolamento geografico<\/strong>:La posizione dell&#039;isola nell&#039;Oceano Pacifico presenta sfide logistiche e maggiori costi per l&#039;importazione di beni e materiali.<\/p><\/li>\n\n\n\n<li><p><strong>Dipendenza dal nichel<\/strong>:La forte dipendenza dell&#039;economia dall&#039;estrazione del nichel la rende vulnerabile alle fluttuazioni dei prezzi globali delle materie prime, che possono avere ripercussioni sulla stabilit\u00e0.<\/p><\/li>\n\n\n\n<li><p><strong>Complessit\u00e0 normativa<\/strong>: Orientarsi nel contesto normativo pu\u00f2 essere complicato, con ostacoli burocratici che possono ritardare le operazioni aziendali.<\/p><\/li>\n\n\n\n<li><p><strong>Manodopera qualificata limitata<\/strong>:La carenza di manodopera qualificata in settori specifici, come la tecnologia e l&#039;ingegneria, pu\u00f2 ostacolare la crescita aziendale e la produttivit\u00e0.<\/p><\/li>\n\n\n\n<li><p><strong>Alto costo della vita<\/strong>:L&#039;elevato costo della vita in Nuova Caledonia ha un impatto sia sulla spesa dei consumatori sia sui costi associati alle attivit\u00e0 commerciali.<\/p><\/li>\n\n\n\n<li><p><strong>Lacune infrastrutturali<\/strong>:La carenza di infrastrutture, soprattutto nelle aree remote, pu\u00f2 limitare la crescita di settori come la logistica e il turismo.<\/p><\/li>\n<\/ul>\n\n\n\n<h2 class=\"wp-block-heading\">Vantaggi e punti di forza nel mercato<\/h2>\n\n\n\n<p>Il sostegno della Francia rende queste isole molto sviluppate, persino pi\u00f9 di altri territori della regione. Questo collegamento d\u00e0 loro anche accesso all&#039;Unione Europea, il che \u00e8 molto positivo per il commercio.<\/p>\n\n\n\n<p>Anche il settore minerario sostiene l&#039;economia delle isole. Poich\u00e9 i prezzi del nichel stanno salendo, gli investitori in quel settore vedranno dei ritorni. Inoltre, \u00e8 il quarto fornitore di nichel al mondo. Quindi, queste isole hanno molti partner commerciali.<\/p>\n\n\n\n<p>La Nuova Caledonia \u00e8 un&#039;ottima localit\u00e0 turistica, rendendo questo settore adatto agli investimenti. Alcuni imprenditori vogliono gi\u00e0 aprire pi\u00f9 guest house fuori dalle citt\u00e0 principali. Il settore turistico ha margini di crescita sulle altre isole del territorio.<\/p>\n\n\n\n<p>Anche la Blue Economy \u00e8 molto promettente. Una volta che gli investitori inizieranno a prestare maggiore attenzione a queste isole, i settori della pesca e del turismo marittimo ne trarranno beneficio.<\/p>\n\n\n\n<h2 class=\"wp-block-heading\">Base dei consumatori<\/h2>\n\n\n\n<p>Il tenore di vita in queste isole \u00e8 elevato. \u00c8 anche sicuro e i salari sono alti. Esiste un\u2019assistenza sanitaria pubblica e privata per la popolazione.<\/p>\n\n\n\n<h2 class=\"wp-block-heading\">Motivi per far crescere la tua attivit\u00e0 in Nuova Caledonia<\/h2>\n\n\n\n<p>L\u2019economia e la valuta sono stabili, il che \u00e8 adatto agli investitori.<\/p>\n\n\n\n<p>Si trova in un&#039;ottima posizione. Le isole sono abbastanza lontane dal continente, quindi hanno l&#039;esperienza dell&#039;isola. Eppure \u00e8 abbastanza vicina da rendere facile il commercio con altri paesi.<\/p>\n\n\n\n<p>Queste isole sono una miscela di esperienze tropicali e cittadine. Pertanto, gli imprenditori possono investire in molti settori.<\/p>\n\n\n\n<p>Infine, le isole hanno una forza lavoro istruita. Tutti devono andare a scuola dai 6 ai 16 anni. C&#039;\u00e8 anche un&#039;universit\u00e0 sull&#039;isola principale che insegna diverse competenze e professioni.<\/p>\n\n\n\n<h2 class=\"wp-block-heading\"><strong>Come la ricerca di mercato di SIS International in Nuova Caledonia aiuta le aziende<\/strong><\/h2>\n\n\n\n<p>A <a href=\"https:\/\/www.linkedin.com\/company\/sisinternationalresearch\/\" target=\"_blank\" rel=\"noopener\"><span style=\"font-weight: 400;\">SIS Internazionale<\/span><\/a>, siamo specializzati nel fornire servizi completi di ricerche di mercato che aiutano le aziende ad acquisire le informazioni di cui hanno bisogno per avere successo. Conducendo <a href=\"https:\/\/www.linkedin.com\/pulse\/how-market-research-enables-growth-ruth-stanat-phekf\/\" target=\"_blank\" rel=\"noopener\"><span style=\"font-weight: 400;\">ricerca di mercato<\/span><\/a> in Nuova Caledonia, aiutiamo le aziende a prendere decisioni consapevoli, in linea con le dinamiche uniche della regione.<\/p>\n\n\n\n<ul class=\"wp-block-list\">\n<li><p><strong>Pianificazione strategica migliorata<\/strong>: Nostro <a href=\"https:\/\/www.sisinternational.com\/it\/pubblicazioni\/comportamento-dellacquirente-dopo-il-nuovo-consumatore-legato-al-coronavirus\/\" title=\"Comportamento degli acquirenti dopo il coronavirus: ricerche di mercato sui consumatori\" data-wpil-monitor-id=\"10299\">market research provides detailed data on consumer<\/a> preferences, cultural factors, and emerging trends, enabling businesses to refine their strategic plans to better meet the needs of New Caledonian consumers.<\/p><\/li>\n\n\n\n<li><p><strong>Aumento del potenziale di fatturato<\/strong>: Comprendendo i comportamenti dei consumatori locali e identificando prodotti e servizi ad alta richiesta, aiutiamo le aziende a sfruttare le opportunit\u00e0 di fatturato e a creare offerte che incontrino l&#039;interesse del loro pubblico di riferimento.<\/p><\/li>\n\n\n\n<li><p><strong>Mitigazione del rischio<\/strong>: <a href=\"https:\/\/medium.com\/@sisinternational\/sis-international-c17160da8fac\" target=\"_blank\" rel=\"noopener\"><span style=\"font-weight: 400;\">SIS<\/span><\/a> I servizi evidenziano i potenziali rischi e le sfide specifiche del mercato della Nuova Caledonia, consentendo alle aziende di predisporre strategie di mitigazione efficaci ed evitare costosi passi falsi.<\/p><\/li>\n\n\n\n<li><p><strong>Miglioramento dell&#039;efficienza del marketing<\/strong>: By leveraging insights from market research in New Caledonia, <a href=\"https:\/\/www.sisinternational.com\/it\/pubblicazioni\/ricerche-di-mercato-per-un-business-scalabile-7-modi-per-costruire-un-business-scalabile\/\" title=\"Ricerche di mercato per aziende scalabili: 7 modi per costruire un business scalabile\" data-wpil-monitor-id=\"10304\">businesses can focus their marketing<\/a> efforts on the channels and messages that resonate most with local consumers, maximizing return on investment.<\/p><\/li>\n\n\n\n<li><p><strong>Crescita accelerata<\/strong>: Understanding <a href=\"https:\/\/www.sisinternational.com\/it\/azienda-leader-nel-monitoraggio-delle-tendenze-del-mercato-b2b\/\" title=\"Principali societ\u00e0 di monitoraggio delle tendenze del mercato B2B\" data-wpil-monitor-id=\"10301\">market trends and consumer needs allows companies<\/a> to innovate effectively, leading to accelerated growth and long-term success in New Caledonia.<\/p><\/li>\n<\/ul>\n\n\n\n<h2 class=\"wp-block-heading\">A proposito di SIS Internazionale<\/h2>\n\n\n\n<p><a href=\"https:\/\/www.sisinternational.com\/it\/\">SIS Internazionale<\/a> offre ricerca quantitativa, qualitativa e strategica. Forniamo dati, strumenti, strategie, report e approfondimenti per il processo decisionale. Conduciamo anche interviste, sondaggi, focus group e altri metodi e approcci di ricerca di mercato.<a href=\"https:\/\/www.sisinternational.com\/it\/sulla-sua-ricerca-internazionale\/contact-sis-international-market-research\/\"> Contattaci<\/a> per il tuo prossimo progetto di ricerca di mercato.<\/p>\n\n\n\n<p><\/p>","protected":false},"excerpt":{"rendered":"<p>Market Research in New Caledonia Market research in New Caledonia provides invaluable insights that empower businesses to make strategic decisions and thrive in this unique market. Market research in New Caledonia is crucial for businesses aiming to establish a strong presence in this unique region. With its diverse cultural landscape and dynamic economy, New Caledonia &#8230; <a title=\"Ricerche di mercato in Nuova Caledonia\" class=\"read-more\" href=\"https:\/\/www.sisinternational.com\/it\/copertura\/ricerche-di-mercato-asiatiche\/ricerche-di-mercato-nuova-caledonia\/\" aria-label=\"Per saperne di pi\u00f9 su Market Research in New Caledonia\">Leggi tutto<\/a><\/p>","protected":false},"author":1,"featured_media":65522,"parent":14508,"menu_order":38,"comment_status":"closed","ping_status":"closed","template":"","meta":{"footnotes":""},"class_list":["post-39898","page","type-page","status-publish","has-post-thumbnail"],"_links":{"self":[{"href":"https:\/\/www.sisinternational.com\/it\/wp-json\/wp\/v2\/pages\/39898","targetHints":{"allow":["GET"]}}],"collection":[{"href":"https:\/\/www.sisinternational.com\/it\/wp-json\/wp\/v2\/pages"}],"about":[{"href":"https:\/\/www.sisinternational.com\/it\/wp-json\/wp\/v2\/types\/page"}],"author":[{"embeddable":true,"href":"https:\/\/www.sisinternational.com\/it\/wp-json\/wp\/v2\/users\/1"}],"replies":[{"embeddable":true,"href":"https:\/\/www.sisinternational.com\/it\/wp-json\/wp\/v2\/comments?post=39898"}],"version-history":[{"count":4,"href":"https:\/\/www.sisinternational.com\/it\/wp-json\/wp\/v2\/pages\/39898\/revisions"}],"predecessor-version":[{"id":81698,"href":"https:\/\/www.sisinternational.com\/it\/wp-json\/wp\/v2\/pages\/39898\/revisions\/81698"}],"up":[{"embeddable":true,"href":"https:\/\/www.sisinternational.com\/it\/wp-json\/wp\/v2\/pages\/14508"}],"wp:featuredmedia":[{"embeddable":true,"href":"https:\/\/www.sisinternational.com\/it\/wp-json\/wp\/v2\/media\/65522"}],"wp:attachment":[{"href":"https:\/\/www.sisinternational.com\/it\/wp-json\/wp\/v2\/media?parent=39898"}],"curies":[{"name":"wp","href":"https:\/\/api.w.org\/{rel}","templated":true}]}}