{"id":39890,"date":"2022-02-28T18:44:10","date_gmt":"2022-02-28T18:44:10","guid":{"rendered":"https:\/\/www.sisinternational.com\/?page_id=39890"},"modified":"2026-03-12T11:36:24","modified_gmt":"2026-03-12T15:36:24","slug":"ricerche-di-mercato-nel-settore-del-design-industriale","status":"publish","type":"page","link":"https:\/\/www.sisinternational.com\/it\/competenza\/ricerche-di-mercato-industriali\/ricerche-di-mercato-nel-settore-del-design-industriale\/","title":{"rendered":"Ricerche di mercato sul design industriale"},"content":{"rendered":"<h1 class=\"wp-block-heading\">Ricerche di mercato sul design industriale<\/h1>\n\n\n\n<figure class=\"gb-block-image gb-block-image-0dacd377\"><img loading=\"lazy\" decoding=\"async\" width=\"1456\" height=\"816\" class=\"gb-image gb-image-0dacd377\" src=\"https:\/\/www.sisinternational.com\/wp-content\/uploads\/2025\/08\/Industrial-design-4.jpg\" alt=\"Ricerca e strategia di mercato internazionale SIS\" title=\"Industrial design (4)\" srcset=\"https:\/\/www.sisinternational.com\/wp-content\/uploads\/2025\/08\/Industrial-design-4.jpg 1456w, https:\/\/www.sisinternational.com\/wp-content\/uploads\/2025\/08\/Industrial-design-4-300x168.jpg 300w, https:\/\/www.sisinternational.com\/wp-content\/uploads\/2025\/08\/Industrial-design-4-1024x574.jpg 1024w, https:\/\/www.sisinternational.com\/wp-content\/uploads\/2025\/08\/Industrial-design-4-768x430.jpg 768w, https:\/\/www.sisinternational.com\/wp-content\/uploads\/2025\/08\/Industrial-design-4-18x10.jpg 18w\" sizes=\"auto, (max-width: 1456px) 100vw, 1456px\"><\/figure>\n\n\n\n<p><\/p>\n\n\n\n<h2 class=\"wp-block-heading\">Che cos&#039;\u00e8?<\/h2>\n\n\n\n<p>Il design industriale \u00e8 un processo creativo. Le aziende lo utilizzano per trovare nuove soluzioni per risolvere i problemi. Questo processo coinvolge la progettazione di prodotti e servizi utilizzati nella nostra vita quotidiana. I designer in questo campo si concentrano su tre caratteristiche principali, la prima delle quali \u00e8 l&#039;aspetto del prodotto. Un altro \u00e8 quanto bene funziona. L&#039;ultimo \u00e8 quanto sia facile produrlo.<\/p>\n\n\n\n<p>Il processo di progettazione \u00e8 diverso dal processo di produzione vero e proprio. \u00c8 diverso perch\u00e9 i designer si concentrano sull&#039;ottimizzazione del design del prodotto finale. Pertanto, possono ottenere un buon feedback dai clienti.<\/p>\n\n\n\n<h2 class=\"wp-block-heading\">Perch\u00e9 \u00e8 importante?<\/h2>\n\n\n\n<p>Ogni oggetto che utilizziamo \u00e8 il risultato di un processo di progettazione. Questi includono oggetti trovati nella nostra casa, ufficio, scuola o spazi pubblici. Il design industriale cerca di migliorare la nostra vita quotidiana con soluzioni creative che prendono la forma di prodotti utilizzabili. Pertanto, \u00e8 fondamentale per le aziende che realizzano prodotti fisici.<\/p>\n\n\n\n<p>Industriale <a href=\"https:\/\/www.sisinternational.com\/it\/il-ruolo-dello-sviluppo-di-processi-e-sistemi-nel-successo-organizzativo\/\" title=\"Ricerche di mercato sulla progettazione organizzativa\"  data-wpil-monitor-id=\"2932\">design market research<\/a> is essential for many reasons. It allows the designers to maximize product sales. They can do so while using only a tiny amount of material. In this way, they use fewer resources to produce their goods. Also, this advanced design process helps ensure products are safe for use. With this research, a company can save money during the early stages as it develops a product. Hence, a company will last longer due to lower expenses.<\/p>\n\n\n\n<h2 class=\"wp-block-heading\">Titoli di lavoro chiave<\/h2>\n\n\n\n<p>Un designer industriale aiuta a sviluppare prodotti. Aiutano a stabilire il linguaggio di progettazione di un prodotto. Inoltre, impostano il marchio e l&#039;identit\u00e0 del prodotto.<\/p>\n\n\n\n<p>I professionisti in questo campo possono rientrare in molti titoli lavorativi. I tre principali percorsi di carriera sono:<\/p>\n\n\n\n<ul class=\"wp-block-list\">\n<li>Progettista interno presso azienda<\/li>\n\n\n\n<li>Designer freelance \/ Titolare di uno studio di progettazione<\/li>\n\n\n\n<li>Proprietario\/CEO: in questo caso creano un prodotto e formano un&#039;azienda<\/li>\n<\/ul>\n\n\n\n<h2 class=\"wp-block-heading\">Perch\u00e9 le aziende hanno bisogno di ricerche di mercato sul design industriale<\/h2>\n\n\n\n<p>Le ricerche di mercato consentono alle aziende di conoscere i propri clienti. Infatti, con questa conoscenza, un&#039;azienda pu\u00f2 progettare un prodotto adatto alle esigenze specifiche del proprio cliente. Pertanto, i prodotti creati rimarranno rilevanti per il mercato.<\/p>\n\n\n\n<p>Un\u2019adeguata ricerca di mercato aiuta a evitare il periodo di \u201cprove ed errori\u201d. Questo periodo si verifica quando nuovi prodotti arrivano sul mercato. Pertanto, un prodotto funzioner\u00e0 bene una volta arrivato sul mercato.<\/p>\n\n\n\n<p>Inoltre, questa ricerca consente alle aziende di fare pubblicit\u00e0 in modo intelligente. Possono investire in annunci mirati. Pertanto, possono risparmiare risorse.<\/p>\n\n\n\n<p>Most products have rivals in the market. Good <a href=\"https:\/\/www.sisinternational.com\/it\/competenza\/industrie\/ricerche-di-mercato-di-societa-di-design\/\" title=\"Ricerche di mercato per societ\u00e0 di design\"  data-wpil-monitor-id=\"5596\">market research helps inform design<\/a>. Thus, a business can gain more market share.<\/p>\n\n\n\n<h2 class=\"wp-block-heading\">Fattori chiave del successo<\/h2>\n\n\n\n<p>I progettisti devono soddisfare molte condizioni per garantire il successo dei loro prodotti. Devono anche comprendere le esigenze dei loro utenti. Il Design Industriale pu\u00f2 raccontare una storia. Inoltre, \u00e8 fondamentale prevedere come qualcuno reagir\u00e0 a qualcosa. Pertanto, il designer pu\u00f2 dire se un prodotto sar\u00e0 popolare. Un\u2019azienda dovrebbe garantire di soddisfare queste condizioni per garantire il successo.<\/p>\n\n\n\n<h2 class=\"wp-block-heading\">Informazioni sulla ricerca di mercato sul design industriale<\/h2>\n\n\n\n<p>\u00c8 sempre fondamentale fare ricerche di mercato. \u00c8 essenziale nella scienza e nella tecnologia come in qualsiasi altro campo. Nel caso del design industriale, le ricerche di mercato aiutano le aziende a conoscere i propri clienti. Attraverso la ricerca, possono apprendere fatti chiave su dove vive un cliente. I ricercatori possono anche conoscere le loro abitudini di spesa. In questo modo, un&#039;azienda pu\u00f2 raggiungere il cliente con il proprio prodotto. Arrivare al cliente \u00e8 fondamentale per garantire il successo del prodotto.<\/p>\n\n\n\n<p>Le aziende possono utilizzare la ricerca quantitativa, qualitativa e strategica per condurre ricerche pertinenti. Inoltre, i metodi di ricerca possono assumere la forma di interviste, sondaggi o focus group.<\/p>\n\n\n\n<p>For industrial design, this research can help businesses develop innovative solutions. Companies can determine the best way to <a href=\"https:\/\/www.sisinternational.com\/it\/competenza\/industrie\/ricerche-di-mercato-nel-settore-della-fotografia\/\" title=\"Ricerche di mercato nel settore della fotografia\"  data-wpil-monitor-id=\"3212\">market these solutions through this research<\/a>.<\/p>\n\n\n\n<p><\/p>","protected":false},"excerpt":{"rendered":"<p>Il design industriale \u00e8 un processo creativo che prevede la progettazione di prodotti e servizi di uso quotidiano, utilizzati dalle aziende per risolvere problemi.<\/p>","protected":false},"author":1,"featured_media":63537,"parent":14181,"menu_order":103,"comment_status":"closed","ping_status":"closed","template":"","meta":{"footnotes":""},"class_list":["post-39890","page","type-page","status-publish","has-post-thumbnail"],"_links":{"self":[{"href":"https:\/\/www.sisinternational.com\/it\/wp-json\/wp\/v2\/pages\/39890","targetHints":{"allow":["GET"]}}],"collection":[{"href":"https:\/\/www.sisinternational.com\/it\/wp-json\/wp\/v2\/pages"}],"about":[{"href":"https:\/\/www.sisinternational.com\/it\/wp-json\/wp\/v2\/types\/page"}],"author":[{"embeddable":true,"href":"https:\/\/www.sisinternational.com\/it\/wp-json\/wp\/v2\/users\/1"}],"replies":[{"embeddable":true,"href":"https:\/\/www.sisinternational.com\/it\/wp-json\/wp\/v2\/comments?post=39890"}],"version-history":[{"count":6,"href":"https:\/\/www.sisinternational.com\/it\/wp-json\/wp\/v2\/pages\/39890\/revisions"}],"predecessor-version":[{"id":79328,"href":"https:\/\/www.sisinternational.com\/it\/wp-json\/wp\/v2\/pages\/39890\/revisions\/79328"}],"up":[{"embeddable":true,"href":"https:\/\/www.sisinternational.com\/it\/wp-json\/wp\/v2\/pages\/14181"}],"wp:featuredmedia":[{"embeddable":true,"href":"https:\/\/www.sisinternational.com\/it\/wp-json\/wp\/v2\/media\/63537"}],"wp:attachment":[{"href":"https:\/\/www.sisinternational.com\/it\/wp-json\/wp\/v2\/media?parent=39890"}],"curies":[{"name":"wp","href":"https:\/\/api.w.org\/{rel}","templated":true}]}}