{"id":39820,"date":"2022-01-28T19:00:13","date_gmt":"2022-01-28T19:00:13","guid":{"rendered":"https:\/\/www.sisinternational.com\/?page_id=39820"},"modified":"2025-09-23T21:39:50","modified_gmt":"2025-09-24T01:39:50","slug":"ricerche-di-mercato","status":"publish","type":"page","link":"https:\/\/www.sisinternational.com\/it\/competenza\/ricerche-di-mercato\/","title":{"rendered":"Ricerche di mercato sull&#039;mRNA"},"content":{"rendered":"<h1 class=\"wp-block-heading p1\"><span class=\"s1\">Ricerche di mercato sull&#039;mRNA<\/span><\/h1>\n\n\n\n<figure class=\"gb-block-image gb-block-image-2b2d6a3a\"><img loading=\"lazy\" decoding=\"async\" width=\"1456\" height=\"816\" class=\"gb-image gb-image-2b2d6a3a\" src=\"https:\/\/www.sisinternational.com\/wp-content\/uploads\/2025\/08\/DNA-genomics-genetics-3.jpg\" srcset=\"https:\/\/www.sisinternational.com\/wp-content\/uploads\/2025\/08\/DNA-genomics-genetics-3.jpg 1456w, https:\/\/www.sisinternational.com\/wp-content\/uploads\/2025\/08\/DNA-genomics-genetics-3-300x168.jpg 300w, https:\/\/www.sisinternational.com\/wp-content\/uploads\/2025\/08\/DNA-genomics-genetics-3-1024x574.jpg 1024w, https:\/\/www.sisinternational.com\/wp-content\/uploads\/2025\/08\/DNA-genomics-genetics-3-768x430.jpg 768w, https:\/\/www.sisinternational.com\/wp-content\/uploads\/2025\/08\/DNA-genomics-genetics-3-18x10.jpg 18w\" sizes=\"auto, (max-width: 1456px) 100vw, 1456px\" alt=\"Ricerca e strategia di mercato internazionale SIS\"><\/figure>\n\n\n\n<p><\/p>\n\n\n\n<hr class=\"wp-block-separator has-alpha-channel-opacity is-style-dots\"\/>\n\n\n\n<h2 class=\"wp-block-heading p3\">Cos&#039;\u00e8 l&#039;mRNA?<\/h2>\n\n\n\n<p class=\"p4\">Gli RNA messaggeri, noti anche come mRNA, sono molecole che esistono da anni. L\u2019aumento della pandemia di COVID-19 ha spinto in primo piano questo nuovo tipo di ricerca. Ogni giorno, i ricercatori sono alla ricerca di nuovi modi per creare vaccini. I vaccini addestrano il corpo a riconoscere virus e batteri. Insegna anche al corpo a rispondere alle proteine al suo interno.<span class=\"Apple-converted-space\">&nbsp;<\/span><\/p>\n\n\n\n<p class=\"p4\">L&#039;mRNA \u00e8 un tipo di RNA che stimola altre cellule a produrre proteine nel corpo umano. Le proteine imitano il comportamento del virus COVID-19. Lo scopo dei vaccini a mRNA \u00e8 addestrare il sistema immunitario di una persona a reagire a un germe. Quindi, una volta che il corpo di una persona sperimenta l\u2019esposizione al virus COVID-19, si preparer\u00e0 a combatterlo.<span class=\"Apple-converted-space\">&nbsp;<\/span><\/p>\n\n\n\n<h2 class=\"wp-block-heading p3\">Perch\u00e9 la ricerca di mercato sull\u2019mRNA \u00e8 importante?<\/h2>\n\n\n\n<p class=\"p4\">Ogni giorno, il numero di casi di COVID-19 continua ad aumentare. Inoltre, il numero di ceppi mutati, come Delta e Omicron, ha mostrato un rapido aumento. E per questo motivo, gli scienziati stanno portando avanti la ricerca sull\u2019mRNA per combattere il virus. Oltre al virus COVID-19, gli scienziati mirano a utilizzare l\u2019mRNA per curare il cancro, la malaria e l\u2019influenza. Prevedono inoltre di utilizzare l\u2019mRNA per il trattamento di malattie genetiche rare, influenza, Zika, malaria e rabbia. Inoltre, stanno spingendo oltre i propri limiti poich\u00e9 desiderano sviluppare vaccini per l\u2019HIV e l\u2019anemia falciforme.<span class=\"Apple-converted-space\">&nbsp;<\/span><\/p>\n\n\n\n<p class=\"p4\">Come diciamo sempre, \u201cla salute \u00e8 ricchezza\u201d. Pertanto, una societ\u00e0 sana favorisce la crescita e la produzione. Ma una comunit\u00e0 malsana provoca gravi malattie e problemi nell\u2019economia. A sua volta, ci\u00f2 riduce l\u2019aspettativa di vita delle persone. Di conseguenza, i governi di tutto il mondo stanno facendo del loro meglio per combattere la diffusione dei virus. Questa necessit\u00e0 di combattere la diffusione \u00e8 il motivo per cui la ricerca di mercato sull\u2019mRNA \u00e8 essenziale. Le persone devono sentirsi a proprio agio riguardo a ci\u00f2 che stanno introducendo nel proprio corpo. E gli scienziati devono educare il pubblico sui pro e contro dei vaccini. Spetta alla persona decidere se prendere il vaccino o meno. I vaccini aiutano a ridurre il rischio di contrarre e diffondere virus.<\/p>\n\n\n\n<h2 class=\"wp-block-heading p3\">Titoli di lavoro chiave<span class=\"Apple-converted-space\">&nbsp;<\/span><\/h2>\n\n\n\n<p class=\"p4\">\u2022 Ricercatori<\/p>\n\n\n\n<p class=\"p4\">\u2022 Scienziati<\/p>\n\n\n\n<p class=\"p4\">\u2022 Microbiologo<\/p>\n\n\n\n<p class=\"p4\">\u2022 Specialista in vaccini<\/p>\n\n\n\n<p class=\"p4\">\u2022 Volontario per la sperimentazione clinica<\/p>\n\n\n\n<h2 class=\"wp-block-heading p3\">Perch\u00e9 le aziende hanno bisogno di ricerche di mercato sull&#039;mRNA<\/h2>\n\n\n\n<p class=\"p4\">I vaccini tradizionali erano molto pi\u00f9 lenti da sviluppare. Ma ora le aziende possono creare vaccini in un breve periodo grazie alla tecnologia avanzata. Attualmente, il vaccino a mRNA sta guadagnando molta attenzione. Il vaccino ha impressionato le aziende per i tempi di consegna, la velocit\u00e0 di produzione e il risparmio sui costi. Inoltre, \u00e8 unico e di grande interesse per gli sviluppatori di vaccini.<\/p>\n\n\n\n<h3 class=\"wp-block-heading p3\">Fattori chiave del successo<\/h3>\n\n\n\n<p class=\"p4\">mRNA vaccines are now recognized and accepted. Many companies approved such vaccines and are <a href=\"https:\/\/www.sisinternational.com\/it\/soluzioni\/ricerca-di-consulenza-strategica-fintech\/hedge-fund-e-ricerche-di-mercato-degli-investimenti\/\" title=\"Hedge Fund e ricerche di mercato degli investimenti\"  data-wpil-monitor-id=\"8441\">investing and funding<\/a> the donors. As such, vaccine creators will keep the mRNA vaccine on the shelf.<\/p>\n\n\n\n<p class=\"p4\">Moreover, compared to traditional medicines, mRNA vaccines are more effective, advanced, and cost-effective. The delivery of the mRNA vaccine is creating a <a href=\"https:\/\/www.sisinternational.com\/it\/soluzioni\/soluzioni-di-branding-e-ricerca-clienti\/ricerca-di-mercato-sul-posizionamento-del-marchio\/\" title=\"Ricerche di mercato sul posizionamento del marchio\"  data-wpil-monitor-id=\"8440\">positive outlook on the market<\/a>. In conclusion, the mRNA vaccine helps with improving the healthcare system.<\/p>\n\n\n\n<h2 class=\"wp-block-heading p3\">Informazioni sulla ricerca di mercato sull&#039;mRNA<\/h2>\n\n\n\n<p class=\"p4\">Molte persone sperano di tornare a uno stato di normalit\u00e0. Tuttavia, gli scienziati prevedono che la pandemia di COVID-19 continuer\u00e0 a coesistere con gli esseri umani. Le persone devono accettare il fatto che il COVID-19 \u00e8 \u201cqui per restare\u201d. Pertanto, devono rispettare le seguenti misure e protocolli: \u2013<\/p>\n\n\n\n<p class=\"p4\">\u2022 Accettazione delle vaccinazioni<\/p>\n\n\n\n<p class=\"p4\">\u2022 Uso frequente di disinfettanti<\/p>\n\n\n\n<p class=\"p4\">\u2022 L&#039;uso di maschere<\/p>\n\n\n\n<p class=\"p4\">\u2022 Test, una volta esposti o compromessi dal virus<\/p>\n\n\n\n<p class=\"p4\">Our tools can help to flatten the COVID-19 curve. We provide <a href=\"https:\/\/www.sisinternational.com\/it\/copertura\/europa\/quantitative-research-in-london\/\" title=\"Quantitative Research in London\"  data-wpil-monitor-id=\"8439\">Ricerca quantitativa e qualitativa<\/a> services and also surveys and interviews. <a href=\"https:\/\/www.sisinternational.com\/it\/soluzioni\/ricerche-di-mercato-con-focus-group\/\" title=\"Focus Group Ricerche di mercato\"  data-wpil-monitor-id=\"8438\">Focus groups and Strategy Research<\/a> are also a part of our package. Contact us now for more info!<\/p>\n\n\n\n<p><\/p>","protected":false},"excerpt":{"rendered":"<p>I ricercatori stanno scoprendo nuovi modi per creare vaccini a mRNA. I vaccini condizionano il corpo a riconoscere virus e batteri e a rispondere alle proteine.<\/p>","protected":false},"author":1,"featured_media":63645,"parent":14514,"menu_order":102,"comment_status":"closed","ping_status":"closed","template":"","meta":{"footnotes":""},"class_list":["post-39820","page","type-page","status-publish","has-post-thumbnail"],"_links":{"self":[{"href":"https:\/\/www.sisinternational.com\/it\/wp-json\/wp\/v2\/pages\/39820","targetHints":{"allow":["GET"]}}],"collection":[{"href":"https:\/\/www.sisinternational.com\/it\/wp-json\/wp\/v2\/pages"}],"about":[{"href":"https:\/\/www.sisinternational.com\/it\/wp-json\/wp\/v2\/types\/page"}],"author":[{"embeddable":true,"href":"https:\/\/www.sisinternational.com\/it\/wp-json\/wp\/v2\/users\/1"}],"replies":[{"embeddable":true,"href":"https:\/\/www.sisinternational.com\/it\/wp-json\/wp\/v2\/comments?post=39820"}],"version-history":[{"count":4,"href":"https:\/\/www.sisinternational.com\/it\/wp-json\/wp\/v2\/pages\/39820\/revisions"}],"predecessor-version":[{"id":81415,"href":"https:\/\/www.sisinternational.com\/it\/wp-json\/wp\/v2\/pages\/39820\/revisions\/81415"}],"up":[{"embeddable":true,"href":"https:\/\/www.sisinternational.com\/it\/wp-json\/wp\/v2\/pages\/14514"}],"wp:featuredmedia":[{"embeddable":true,"href":"https:\/\/www.sisinternational.com\/it\/wp-json\/wp\/v2\/media\/63645"}],"wp:attachment":[{"href":"https:\/\/www.sisinternational.com\/it\/wp-json\/wp\/v2\/media?parent=39820"}],"curies":[{"name":"wp","href":"https:\/\/api.w.org\/{rel}","templated":true}]}}