{"id":39815,"date":"2022-01-28T18:52:57","date_gmt":"2022-01-28T18:52:57","guid":{"rendered":"https:\/\/www.sisinternational.com\/?page_id=39815"},"modified":"2026-01-26T16:54:15","modified_gmt":"2026-01-26T21:54:15","slug":"ricerche-di-mercato-nel-campo-della-biologia","status":"publish","type":"page","link":"https:\/\/www.sisinternational.com\/it\/competenza\/ricerche-di-mercato-nel-campo-della-biologia\/","title":{"rendered":"Ricerche di mercato nel settore biologico"},"content":{"rendered":"<h1 class=\"wp-block-heading p1\"><span class=\"s1\">Ricerche di mercato nel settore biologico<\/span><\/h1>\n\n\n\n<figure class=\"gb-block-image gb-block-image-f720d27e\"><img loading=\"lazy\" decoding=\"async\" width=\"1456\" height=\"816\" class=\"gb-image gb-image-f720d27e\" src=\"https:\/\/www.sisinternational.com\/wp-content\/uploads\/2025\/08\/Hospitan-urgent-care-7.jpg\" alt=\"Ricerca e strategia di mercato internazionale SIS\" title=\"Hospita\u00f1 urgent care (7)\" srcset=\"https:\/\/www.sisinternational.com\/wp-content\/uploads\/2025\/08\/Hospitan-urgent-care-7.jpg 1456w, https:\/\/www.sisinternational.com\/wp-content\/uploads\/2025\/08\/Hospitan-urgent-care-7-300x168.jpg 300w, https:\/\/www.sisinternational.com\/wp-content\/uploads\/2025\/08\/Hospitan-urgent-care-7-1024x574.jpg 1024w, https:\/\/www.sisinternational.com\/wp-content\/uploads\/2025\/08\/Hospitan-urgent-care-7-768x430.jpg 768w, https:\/\/www.sisinternational.com\/wp-content\/uploads\/2025\/08\/Hospitan-urgent-care-7-18x10.jpg 18w\" sizes=\"auto, (max-width: 1456px) 100vw, 1456px\"><\/figure>\n\n\n\n<p><\/p>\n\n\n\n<p class=\"p2\">La biologia si occupa degli esseri viventi e dei loro processi vitali. Un&#039;altra definizione potrebbe essere lo studio della vita. \u201cBiologia\u201d deriva dalla parola greca bios, che significa vita, e anche logos, che significa studio. Questo prefisso e suffisso costituiscono la parola che conosciamo oggi. Gli esseri viventi, in questo caso, includono creature con una sola cellula, come batteri e funghi.<\/p>\n\n\n\n<p class=\"p2\">This field is a natural science with a wide range of topics. Yet, it has several further themes. It covers conservation, ecology, evolution, genetics, marine biology, and more. Another <a href=\"https:\/\/www.sisinternational.com\/it\/copertura\/le-americhe\/copertura-degli-stati-uniti\/ricerca-di-mercato-nel-key-west-florida\/\" title=\"Ricerche di mercato a Key West Florida\"  data-wpil-monitor-id=\"9368\">key point is that research<\/a> now deals with the everyday habits of living things and their reactions towards cross disciplines.<\/p>\n\n\n\n<h2 class=\"wp-block-heading p3\">Perch\u00e9 la biologia \u00e8 importante?<\/h2>\n\n\n\n<p class=\"p2\">Questo campo aiuta a migliorare la vita degli esseri viventi. Inoltre, questo campo ci aiuta a comprendere il mondo vivente e come si comporta e cresce. \u00c8 un dato di fatto che tutto il personale medico, compresi medici e infermieri, deve studiare in questo ambito. \u00c8 cos\u00ec che imparano ad aiutare gli animali e gli esseri umani. \u00c8 essenziale imparare tutto sulle funzioni interne del corpo. La biologia ci parla degli organi, del sangue, della riproduzione, dello sviluppo e delle malattie. Abbiamo bisogno di questa conoscenza per trovare cure e per ulteriori ricerche. Man mano che questo campo cresce, migliorer\u00e0 anche la qualit\u00e0 della vita quotidiana.<\/p>\n\n\n\n<p class=\"p2\">Without biology, we would not understand how diseases and cells mesh. Moreover, without <a href=\"https:\/\/www.sisinternational.com\/it\/soluzioni\/soluzioni-di-ricerca-quantitativa-qualitativa\/ricerche-di-mercato-dei-servizi-sul-campo\/\" title=\"Ricerche di mercato sui servizi sul campo\"  data-wpil-monitor-id=\"9367\">research in this field<\/a>, we would have relied on vague ideas of how plants and animals work. We wouldn\u2019t know how cells and bacteria work, so we would use outdated approaches to cure disease.<\/p>\n\n\n\n<h2 class=\"wp-block-heading p3\">Titoli di lavoro chiave<\/h2>\n\n\n\n<h3 class=\"wp-block-heading p2\">Alcuni lavori che le persone possono svolgere con una laurea in questo campo:<\/h3>\n\n\n\n<ul class=\"wp-block-list ul1\">\n<li>Ricercatore<\/li>\n\n\n\n<li>Farmacologo<\/li>\n\n\n\n<li>Biologo<\/li>\n\n\n\n<li>Responsabile della conservazione della natura<\/li>\n\n\n\n<li>Lavoratore dell&#039;agenzia governativa<\/li>\n<\/ul>\n\n\n\n<p class=\"p2\">L&#039;elenco potrebbe continuare perch\u00e9 la biologia \u00e8 una delle materie pi\u00f9 ampie da studiare. La biologia comprende studi dal processo della vita fino allo studio della vita animale e vegetale. A loro volta, stanno nascendo nuovi posti di lavoro e, inoltre, i posti di lavoro ora stanno migliorando.<\/p>\n\n\n\n<h2 class=\"wp-block-heading p3\">Perch\u00e9 le aziende hanno bisogno di ricerche di mercato nel campo della biologia<\/h2>\n\n\n\n<p class=\"p2\">Biology, at its core, is a set of critical and necessary processes. In a way, it\u2019s like business processes. We can even build companies based on the basic principles of biology. At least, we can <a href=\"https:\/\/www.sisinternational.com\/it\/competenza\/industrie\/ricerche-di-mercato-sui-negozi-di-ferramenta\/\" title=\"Ricerche di mercato su negozi di ferramenta e bricolage\"  data-wpil-monitor-id=\"9366\">improve several areas by the research<\/a> done in this field. Examples are contact systems, resource management, culture, and electing.<\/p>\n\n\n\n<p class=\"p2\"><a href=\"https:\/\/www.sisinternational.com\/it\/pubblicazioni\/giappone-esportatore-di-fascia-media-del-mercato\/\" title=\"Far crescere il tuo business in Giappone\"  data-wpil-monitor-id=\"9364\">Businesses are also constantly growing<\/a>. By the same token, new biotech businesses are starting up, and <a href=\"https:\/\/www.sisinternational.com\/it\/soluzioni\/soluzioni-di-branding-e-ricerca-clienti\/ricerche-di-mercato-per-la-scoperta-dei-clienti\/\" title=\"Ricerche di mercato sulla scoperta dei clienti\"  data-wpil-monitor-id=\"9365\">research on drug discovery<\/a> is improving. Market <a href=\"https:\/\/www.sisinternational.com\/it\/competenza\/industrie\/ricerca-di-mercato-sullintenzione-dellacquirente\/\" title=\"Ricerche di mercato sulle intenzioni dell&#039;acquirente\"  data-wpil-monitor-id=\"6265\">Ricerca<\/a> can help companies to find buyers for their products. It takes the guesswork out of buying and selling.<\/p>\n\n\n\n<h2 class=\"wp-block-heading p3\">Fattori chiave del successo<\/h2>\n\n\n\n<p class=\"p2\">Success factors are required for a <a href=\"https:\/\/www.sisinternational.com\/it\/soluzioni\/consulenza-per-lospitalita-turistica-turistica\/ricerche-di-mercato-di-societa-di-guide-turistiche\/\" title=\"Ricerche di mercato sull&#039;azienda di guide turistiche\"  data-wpil-monitor-id=\"9363\">company to compete in the target market<\/a>. They are also known as strategic postures. In simpler terms, it is what a company must do to be successful and achieve its goal. Biology has risen above views and is succeeding in every area. It continues to grow and grow by the day. It is finding new drugs coupled with solutions to diseases and ways to improve the lives of living things.<\/p>\n\n\n\n<h3 class=\"wp-block-heading p2\">Alcune delle migliori scoperte nella storia della biologia:<\/h3>\n\n\n\n<ul class=\"wp-block-list ul1\">\n<li>Eredit\u00e0<\/li>\n\n\n\n<li>Antibiotici<\/li>\n\n\n\n<li>DNA polimerasi<\/li>\n\n\n\n<li>Trascrittasi inversa<\/li>\n\n\n\n<li>La struttura del DNA<\/li>\n\n\n\n<li>Sintesi batterica dell&#039;insulina<\/li>\n\n\n\n<li>Terapia genetica<\/li>\n\n\n\n<li>Organismi transgenici<\/li>\n\n\n\n<li>Tecnologia dei trapianti<\/li>\n<\/ul>\n\n\n\n<h2 class=\"wp-block-heading p3\">Informazioni sulle ricerche di mercato nel settore biologico<\/h2>\n\n\n\n<p class=\"p2\">Creare un buon business nel campo della biologia pu\u00f2 essere facile. La nostra azienda comprende l&#039;importanza di questo campo per gli esseri umani nella vita quotidiana. Ecco perch\u00e9 abbiamo creato focus group per svolgere ricerche strategiche, qualitative e quantitative. Inoltre, facciamo sondaggi e interviste. Il nostro obiettivo \u00e8 soddisfarti aiutando la tua attivit\u00e0 a brillare. Inoltre trattiamo tutti i clienti con lo stesso rispetto. Non esitate a contattarci.<\/p>\n\n\n\n<p class=\"p4\">Non vediamo l&#039;ora di lavorare con voi.<\/p>\n\n\n\n<p><\/p>","protected":false},"excerpt":{"rendered":"<p>Il campo della biologia \u00e8 una scienza naturale con argomenti completi. Le aziende possono migliorare diverse aree utilizzando la ricerca di mercato biologica. <\/p>","protected":false},"author":1,"featured_media":63574,"parent":14514,"menu_order":97,"comment_status":"closed","ping_status":"closed","template":"","meta":{"footnotes":""},"class_list":["post-39815","page","type-page","status-publish","has-post-thumbnail"],"_links":{"self":[{"href":"https:\/\/www.sisinternational.com\/it\/wp-json\/wp\/v2\/pages\/39815","targetHints":{"allow":["GET"]}}],"collection":[{"href":"https:\/\/www.sisinternational.com\/it\/wp-json\/wp\/v2\/pages"}],"about":[{"href":"https:\/\/www.sisinternational.com\/it\/wp-json\/wp\/v2\/types\/page"}],"author":[{"embeddable":true,"href":"https:\/\/www.sisinternational.com\/it\/wp-json\/wp\/v2\/users\/1"}],"replies":[{"embeddable":true,"href":"https:\/\/www.sisinternational.com\/it\/wp-json\/wp\/v2\/comments?post=39815"}],"version-history":[{"count":5,"href":"https:\/\/www.sisinternational.com\/it\/wp-json\/wp\/v2\/pages\/39815\/revisions"}],"predecessor-version":[{"id":81566,"href":"https:\/\/www.sisinternational.com\/it\/wp-json\/wp\/v2\/pages\/39815\/revisions\/81566"}],"up":[{"embeddable":true,"href":"https:\/\/www.sisinternational.com\/it\/wp-json\/wp\/v2\/pages\/14514"}],"wp:featuredmedia":[{"embeddable":true,"href":"https:\/\/www.sisinternational.com\/it\/wp-json\/wp\/v2\/media\/63574"}],"wp:attachment":[{"href":"https:\/\/www.sisinternational.com\/it\/wp-json\/wp\/v2\/media?parent=39815"}],"curies":[{"name":"wp","href":"https:\/\/api.w.org\/{rel}","templated":true}]}}