{"id":39794,"date":"2022-01-28T18:56:04","date_gmt":"2022-01-28T18:56:04","guid":{"rendered":"https:\/\/www.sisinternational.com\/?page_id=39794"},"modified":"2025-11-15T22:14:05","modified_gmt":"2025-11-16T03:14:05","slug":"indagine-di-mercato-sulle-telecomunicazioni-5g","status":"publish","type":"page","link":"https:\/\/www.sisinternational.com\/it\/competenza\/indagine-di-mercato-sulle-telecomunicazioni-5g\/","title":{"rendered":"Ricerca di mercato delle telecomunicazioni 5G"},"content":{"rendered":"<h1 class=\"wp-block-heading p1\"><span class=\"s1\">Ricerca di mercato delle telecomunicazioni 5G&nbsp;<\/span><\/h1>\n\n\n\n<figure class=\"gb-block-image gb-block-image-22716e63\"><img loading=\"lazy\" decoding=\"async\" width=\"1456\" height=\"816\" class=\"gb-image gb-image-22716e63\" src=\"https:\/\/www.sisinternational.com\/wp-content\/uploads\/2025\/08\/Smarrtphone-5g-9.jpg\" alt=\"Ricerca e strategia di mercato internazionale SIS\" title=\"Smarrtphone 5g (9)\" srcset=\"https:\/\/www.sisinternational.com\/wp-content\/uploads\/2025\/08\/Smarrtphone-5g-9.jpg 1456w, https:\/\/www.sisinternational.com\/wp-content\/uploads\/2025\/08\/Smarrtphone-5g-9-300x168.jpg 300w, https:\/\/www.sisinternational.com\/wp-content\/uploads\/2025\/08\/Smarrtphone-5g-9-1024x574.jpg 1024w, https:\/\/www.sisinternational.com\/wp-content\/uploads\/2025\/08\/Smarrtphone-5g-9-768x430.jpg 768w, https:\/\/www.sisinternational.com\/wp-content\/uploads\/2025\/08\/Smarrtphone-5g-9-18x10.jpg 18w\" sizes=\"auto, (max-width: 1456px) 100vw, 1456px\"><\/figure>\n\n\n\n<p><\/p>\n\n\n\n<hr class=\"wp-block-separator has-alpha-channel-opacity is-style-dots\"\/>\n\n\n\n<div class=\"wp-block-columns has-global-color-9-color has-text-color has-background has-link-color wp-elements-06975558e3f4da300783ba6552db7779 is-layout-flex wp-container-core-columns-is-layout-9d6595d7 wp-block-columns-is-layout-flex\" style=\"background-color:#f7f9fa6e\">\n<div class=\"wp-block-column is-layout-flow wp-block-column-is-layout-flow\" style=\"flex-basis:18%\"><\/div>\n\n\n\n<div class=\"wp-block-column is-vertically-aligned-center is-layout-flow wp-block-column-is-layout-flow\" style=\"flex-basis:71.28%\">\n<div class=\"wp-block-rank-math-toc-block aligncenter has-global-color-9-color has-text-color has-link-color wp-elements-b637a5e81bda8aee12c8331db63e542a\" style=\"font-size:16px\" id=\"rank-math-toc\"><h2><br><strong>T<\/strong>able of Contents<\/h2><nav><ul><li class=\"\"><a href=\"#what-is-5-g-telecommunications\">Che cosa sono le Telecomunicazioni 5G?<\/a><\/li><li class=\"\"><a href=\"#key-job-titles\">Titoli di lavoro chiave<\/a><\/li><li class=\"\"><a href=\"#why-do-businesses-need-5-g-telecommunications\">Perch\u00e9 le aziende hanno bisogno delle telecomunicazioni 5G?<\/a><\/li><li class=\"\"><a href=\"#key-success-factors\">Fattori chiave del successo<\/a><\/li><li class=\"\"><a href=\"#about-5-g-telecommunications-market-research\">Informazioni sulla ricerca di mercato delle telecomunicazioni 5G<\/a><\/li><\/ul><\/nav><\/div>\n<\/div>\n<\/div>\n\n\n\n<p><\/p>\n\n\n\n<h2 class=\"wp-block-heading\" id=\"what-is-5-g-telecommunications\">Che cosa sono le Telecomunicazioni 5G?<\/h2>\n\n\n\n<p class=\"p3\">5G is the fifth generation mobile network for broadband cellular service. It is the wireless standard that follows 4 G. 5G enables a new and improved type of network that connects everyone and everything. So, it links devices, objects, and machines. 5G is much more complex in comparison to the previous ones. It has extra competence to enable superior user insight. It deploys new models and distributes new services.<\/p>\n\n\n\n<h3 class=\"wp-block-heading\">Perch\u00e9 \u00e8 importante?<\/h3>\n\n\n\n<p class=\"p3\">Il 5G \u00e8 essenziale perch\u00e9 ha tutto ci\u00f2 che serve per supportare milioni di dispositivi a una velocit\u00e0 vertiginosa. \u00c8 fondamentale anche perch\u00e9 ha la capacit\u00e0 di rimodellare la vita delle persone in tutto il mondo.<span class=\"Apple-converted-space\">\u00a0<\/span><\/p>\n\n\n\n<p class=\"p3\">Inoltre, \u00e8 enorme in termini di sicurezza, salute e protezione. Il 5G migliora i servizi che, di fatto, proteggeranno i suoi utenti. Ad esempio, ci sono citt\u00e0 intelligenti con il 5G installato nei luoghi pubblici. Offrono servizi per la chirurgia remota con tempi di risposta immediati.<\/p>\n\n\n\n<p class=\"p3\">Infine, il 5G estende la portata della banda larga mobile. Il 5G ha aumentato la velocit\u00e0 e la larghezza di banda rispetto alle generazioni precedenti. Di conseguenza, pu\u00f2 connettere le persone molto pi\u00f9 lontano di quanto consentito dalle reti attuali. Migliora anche gli aspetti della realt\u00e0 3D, virtuale e aumentata.<\/p>\n\n\n\n<h2 class=\"wp-block-heading\" id=\"key-job-titles\">Titoli di lavoro chiave<\/h2>\n\n\n\n<ul class=\"wp-block-list ul1\">\n<li>sviluppatore di applicazioni<\/li>\n\n\n\n<li>Analista della sicurezza<\/li>\n\n\n\n<li>Progettista\/Progettista di torri<\/li>\n\n\n\n<li>Costruttore di torri<\/li>\n\n\n\n<li>Installatore di torri<\/li>\n\n\n\n<li>Pianificatore RF<\/li>\n\n\n\n<li>Responsabile del progetto di implementazione<\/li>\n\n\n\n<li>Coordinatore del progetto di lancio<\/li>\n<\/ul>\n\n\n\n<h2 class=\"wp-block-heading p2\" id=\"why-do-businesses-need-5-g-telecommunications\">Perch\u00e9 le aziende hanno bisogno delle telecomunicazioni 5G?<\/h2>\n\n\n\n<figure class=\"gb-block-image gb-block-image-b8ec23a0\"><img loading=\"lazy\" decoding=\"async\" width=\"1456\" height=\"816\" class=\"gb-image gb-image-b8ec23a0\" src=\"https:\/\/www.sisinternational.com\/wp-content\/uploads\/2025\/08\/Smarrtphone-5g-1.jpg\" alt=\"Ricerca e strategia di mercato internazionale SIS\" title=\"Smarrtphone 5g (1)\" srcset=\"https:\/\/www.sisinternational.com\/wp-content\/uploads\/2025\/08\/Smarrtphone-5g-1.jpg 1456w, https:\/\/www.sisinternational.com\/wp-content\/uploads\/2025\/08\/Smarrtphone-5g-1-300x168.jpg 300w, https:\/\/www.sisinternational.com\/wp-content\/uploads\/2025\/08\/Smarrtphone-5g-1-1024x574.jpg 1024w, https:\/\/www.sisinternational.com\/wp-content\/uploads\/2025\/08\/Smarrtphone-5g-1-768x430.jpg 768w, https:\/\/www.sisinternational.com\/wp-content\/uploads\/2025\/08\/Smarrtphone-5g-1-18x10.jpg 18w\" sizes=\"auto, (max-width: 1456px) 100vw, 1456px\"><\/figure>\n\n\n\n<p><\/p>\n\n\n\n<h3 class=\"wp-block-heading p3\">Man mano che il mondo cresce, le aziende devono rimanere in contatto con i nuovi sviluppi. Il 5G presenta numerosi vantaggi per le aziende. Ad esempio:<\/h3>\n\n\n\n<ul class=\"wp-block-list ul1\">\n<li>The best-known benefit of 5G is its connection speed. The total amount of data that companies transfer is increasing. These transfers occur every hour, minute, and second. As a result, with 5G speeds, firms can handle large amounts of data transfer. It also runs with fewer problems than previous networks.<\/li>\n\n\n\n<li>Il 5G pu\u00f2 supportare un milione di dispositivi connessi per 0,38 miglia quadrate. Per questo motivo, la rete pu\u00f2 ospitare un vasto numero di dispositivi. Tutti questi dispositivi, quando collegati, possono anche effettuare il trasferimento simultaneo dei dati. Complimenti alla banda di spettro pi\u00f9 ampia della rete 5G!<\/li>\n\n\n\n<li>5G has a lower latency. Latency is the time between when a network sends a data packet and when the user receives it. For example, a surgeon will rely on LTE to perform remote surgery in the healthcare sector. So, it\u2019s easy to see that this gap matters. It won\u2019t do for the surgeon\u2019s movements to be lagging and affected by network latency. That being the case, 5G improves the working and safety by lowering latency. In short, 5G supports different practices with reduced latency.<\/li>\n<\/ul>\n\n\n\n<p><\/p>\n\n\n\n<!DOCTYPE html>\n<html lang=\"en\">\n<head>\n    <meta charset=\"UTF-8\">\n    <meta name=\"viewport\" content=\"width=device-width, initial-scale=1.0\">\n    <title>AI Blog Banner<\/title>\n    <style>\n        * {\n            margin: 0;\n            padding: 0;\n            box-sizing: border-box;\n        }\n\n        .banner {\n            position: relative;\n            width: 100%;\n            height: 350px;\n            overflow: hidden;\n            display: flex;\n            align-items: center;\n            justify-content: center;\n            font-family: 'Arial', sans-serif;\n            border-radius: 25px;\n        }\n\n        .animated-background {\n            position: absolute;\n            top: 0;\n            left: 0;\n            width: 100%;\n            height: 100%;\n            background: linear-gradient(45deg, #003f6b, #2d5a7b, #003f6b, #2d5a7b);\n            background-size: 400% 400%;\n            animation: gradientMove 8s ease-in-out infinite;\n        }\n\n        .ai-pattern {\n            position: absolute;\n            top: 0;\n            left: 0;\n            width: 100%;\n            height: 100%;\n            opacity: 0.1;\n            background-image: \n                radial-gradient(circle at 20% 20%, rgba(255,255,255,0.3) 2px, transparent 2px),\n                radial-gradient(circle at 80% 80%, rgba(255,255,255,0.2) 1px, transparent 1px),\n                radial-gradient(circle at 40% 60%, rgba(255,255,255,0.15) 1.5px, transparent 1.5px),\n                radial-gradient(circle at 60% 20%, rgba(255,255,255,0.25) 1px, transparent 1px),\n                radial-gradient(circle at 80% 40%, rgba(255,255,255,0.2) 2px, transparent 2px);\n            background-size: 100px 100px, 150px 150px, 80px 80px, 120px 120px, 90px 90px;\n            animation: patternFloat 12s linear infinite;\n        }\n\n        .neural-network {\n            position: absolute;\n            top: 0;\n            left: 0;\n            width: 100%;\n            height: 100%;\n            opacity: 0.08;\n        }\n\n        .neural-line {\n            position: absolute;\n            height: 1px;\n            background: linear-gradient(90deg, transparent, rgba(255,255,255,0.5), transparent);\n            animation: neuralPulse 6s ease-in-out infinite;\n        }\n\n        .neural-line:nth-child(1) {\n            top: 30%;\n            left: 0;\n            width: 60%;\n            animation-delay: 0s;\n        }\n\n        .neural-line:nth-child(2) {\n            top: 50%;\n            right: 0;\n            width: 70%;\n            animation-delay: 2s;\n        }\n\n        .neural-line:nth-child(3) {\n            top: 70%;\n            left: 20%;\n            width: 50%;\n            animation-delay: 4s;\n        }\n\n        .content {\n            position: relative;\n            z-index: 10;\n            text-align: center;\n            color: white !important;\n            max-width: 800px;\n            padding: 30px;\n        }\n\n        .content * {\n            color: white !important;\n        }\n\n        .cta-text {\n            font-size: 1.9rem;\n            font-weight: 700;\n            margin-bottom: 15px;\n            color: white !important;\n            background: linear-gradient(90deg, rgba(255,255,255,0.6), rgba(255,255,255,1), rgba(230,230,230,1), rgba(255,255,255,1), rgba(240,240,240,0.8), rgba(255,255,255,0.6));\n            background-size: 200% 100%;\n            -webkit-background-clip: text;\n            -webkit-text-fill-color: transparent;\n            background-clip: text;\n            animation: shineEffect 10s ease-in-out infinite;\n            line-height: 1.3;\n        }\n\n        .cta-subheading {\n            font-size: 1rem;\n            font-weight: 400;\n            margin-bottom: 25px;\n            color: white !important;\n            line-height: 1.6;\n            opacity: 0.95;\n        }\n\n        .cta-button {\n            background: linear-gradient(135deg, #8a6b0f, #bd9013, #d4a519);\n            border: 2px solid #8a6b0f;\n            color: white !important;\n            padding: 18px 40px;\n            font-size: 1.2rem;\n            font-weight: 600;\n            border-radius: 50px;\n            cursor: pointer;\n            transition: all 0.3s ease;\n            text-decoration: none;\n            display: inline-block;\n            position: relative;\n            overflow: hidden;\n        }\n\n        .cta-button::before {\n            content: '';\n            position: absolute;\n            top: 0;\n            left: -100%;\n            width: 100%;\n            height: 100%;\n            background: linear-gradient(90deg, \n                transparent 0%, \n                rgba(255, 255, 255, 0.3) 25%,\n                rgba(255, 255, 255, 0.6) 50%,\n                rgba(255, 255, 255, 0.3) 75%,\n                transparent 100%);\n            animation: shine 3s ease-in-out infinite;\n        }\n\n        .cta-button:hover {\n            transform: translateY(-3px);\n            box-shadow: 0 10px 25px rgba(0,0,0,0.2);\n            border-color: #bd9013;\n            background: linear-gradient(135deg, #bd9013, #d4a519, #e6b61f);\n        }\n\n        .floating-elements {\n            position: absolute;\n            top: 0;\n            left: 0;\n            width: 100%;\n            height: 100%;\n            pointer-events: none;\n        }\n\n        .floating-circle {\n            position: absolute;\n            border-radius: 50%;\n            background: rgba(255,255,255,0.1);\n            animation: float 8s ease-in-out infinite;\n        }\n\n        .floating-circle:nth-child(1) {\n            width: 80px;\n            height: 80px;\n            top: 20%;\n            left: 10%;\n            animation-delay: 0s;\n        }\n\n        .floating-circle:nth-child(2) {\n            width: 60px;\n            height: 60px;\n            top: 60%;\n            right: 15%;\n            animation-delay: 3s;\n        }\n\n        .floating-circle:nth-child(3) {\n            width: 40px;\n            height: 40px;\n            top: 80%;\n            left: 80%;\n            animation-delay: 6s;\n        }\n\n        .floating-circle:nth-child(4) {\n            width: 70px;\n            height: 70px;\n            top: 10%;\n            right: 20%;\n            animation-delay: 1.5s;\n        }\n\n        .floating-circle:nth-child(5) {\n            width: 50px;\n            height: 50px;\n            top: 75%;\n            left: 30%;\n            animation-delay: 4.5s;\n        }\n\n        @keyframes gradientMove {\n            0% { background-position: 0% 50%; }\n            25% { background-position: 100% 50%; }\n            50% { background-position: 100% 100%; }\n            75% { background-position: 0% 100%; }\n            100% { background-position: 0% 50%; }\n        }\n\n        @keyframes patternFloat {\n            0% { transform: translateX(0) translateY(0); }\n            33% { transform: translateX(30px) translateY(-20px); }\n            66% { transform: translateX(-20px) translateY(10px); }\n            100% { transform: translateX(0) translateY(0); }\n        }\n\n        @keyframes neuralPulse {\n            0%, 100% { opacity: 0.08; }\n            50% { opacity: 0.2; }\n        }\n\n        @keyframes shineEffect {\n            0% { background-position: 200% 0; }\n            100% { background-position: -200% 0; }\n        }\n\n        @keyframes shine {\n            0% {\n                left: -100%;\n            }\n            20%, 100% {\n                left: 100%;\n            }\n        }\n\n        @keyframes float {\n            0%, 100% { transform: translateY(0px) rotate(0deg); }\n            33% { transform: translateY(-30px) rotate(120deg); }\n            66% { transform: translateY(15px) rotate(240deg); }\n        }\n\n        @media (max-width: 768px) {\n            .banner {\n                height: 320px;\n                padding: 30px 0;\n            }\n            \n            .content {\n                padding: 40px 20px;\n            }\n            \n            .cta-text {\n                font-size: 1.3rem;\n                margin-bottom: 12px;\n            }\n            \n            .cta-subheading {\n                font-size: 0.85rem;\n                margin-bottom: 20px;\n            }\n            \n            .cta-button {\n                padding: 14px 28px;\n                font-size: 0.95rem;\n            }\n        }\n    <\/style>\n<\/head>\n<body>\n    <div class=\"banner\">\n        <div class=\"animated-background\"><\/div>\n        \n        <div class=\"ai-pattern\"><\/div>\n        \n        <div class=\"neural-network\">\n            <div class=\"neural-line\"><\/div>\n            <div class=\"neural-line\"><\/div>\n            <div class=\"neural-line\"><\/div>\n        <\/div>\n        \n        <div class=\"floating-elements\">\n            <div class=\"floating-circle\"><\/div>\n            <div class=\"floating-circle\"><\/div>\n            <div class=\"floating-circle\"><\/div>\n            <div class=\"floating-circle\"><\/div>\n            <div class=\"floating-circle\"><\/div>\n        <\/div>\n        \n        <div class=\"content\">\n            <div class=\"cta-text\">Ready to explore the insights that drive smarter decisions?<\/div>\n            <div class=\"cta-subheading\">Contact our Research experts today.<\/div>\n            <a href=\"mailto:Research@sisinternational.com\" class=\"cta-button\">Contact us now!<\/a>\n        <\/div>\n    <\/div>\n<\/body>\n<\/html>\n\n\n\n<p><\/p>\n\n\n\n<h2 class=\"wp-block-heading\" id=\"key-success-factors\">Fattori chiave del successo<\/h2>\n\n\n\n<h3 class=\"wp-block-heading p3\">Dalla rete 5G derivano diversi fattori di successo.<\/h3>\n\n\n\n<figure class=\"gb-block-image gb-block-image-f42b8e32\"><img loading=\"lazy\" decoding=\"async\" width=\"1456\" height=\"816\" class=\"gb-image gb-image-f42b8e32\" src=\"https:\/\/www.sisinternational.com\/wp-content\/uploads\/2025\/08\/Smarrtphone-5g-4.jpg\" alt=\"Ricerca e strategia di mercato internazionale SIS\" title=\"Smarrtphone 5g (4)\" srcset=\"https:\/\/www.sisinternational.com\/wp-content\/uploads\/2025\/08\/Smarrtphone-5g-4.jpg 1456w, https:\/\/www.sisinternational.com\/wp-content\/uploads\/2025\/08\/Smarrtphone-5g-4-300x168.jpg 300w, https:\/\/www.sisinternational.com\/wp-content\/uploads\/2025\/08\/Smarrtphone-5g-4-1024x574.jpg 1024w, https:\/\/www.sisinternational.com\/wp-content\/uploads\/2025\/08\/Smarrtphone-5g-4-768x430.jpg 768w, https:\/\/www.sisinternational.com\/wp-content\/uploads\/2025\/08\/Smarrtphone-5g-4-18x10.jpg 18w\" sizes=\"auto, (max-width: 1456px) 100vw, 1456px\"><\/figure>\n\n\n\n<ul class=\"wp-block-list\">\n<li>Disponibilit\u00e0 dello spettro. Lo spettro \u00e8 la base del servizio wireless mobile e, di conseguenza, delle reti 5G. I fornitori necessitano di una combinazione di spettro di banda bassa, media e alta<\/li>\n\n\n\n<li>Rete. Il 5G \u00e8 fondamentale per raggiungere un elevato livello di insight wireless. In sostanza, aumenter\u00e0 il numero di abbonati 5G attivi pro capite.<\/li>\n\n\n\n<li>Talento. Il 5G ha creato richieste di nuovi e diversi tipi di talenti. Le aziende dovranno analizzare, gestire e proteggere enormi quantit\u00e0 di dati. Le aziende che non dispongono delle persone necessarie per svolgere il lavoro potrebbero pagare un prezzo elevato poich\u00e9 diventano meno competitive. Ancor peggio, possono diventare obsoleti.<\/li>\n<\/ul>\n\n\n\n<h2 class=\"wp-block-heading\" id=\"about-5-g-telecommunications-market-research\">Informazioni sulla ricerca di mercato delle telecomunicazioni 5G<\/h2>\n\n\n\n<p class=\"p4\">Stai pensando di aggiungere il 5G alla tua azienda? SIS International offre ricerca quantitativa, qualitativa e strategica. Utilizziamo interviste, focus group e sondaggi. Collaboriamo con molte aziende, comprese le startup, e possiamo aiutarti ad aggiungere il 5G alla tua entit\u00e0 aziendale.<\/p>\n\n\n<h2>La nostra sede a New York<\/h2>\n<p><!-- \/wp:post-content --> <!-- wp:html --> <iframe loading=\"lazy\" src=\"https:\/\/www.google.com\/maps\/embed?pb=!1m18!1m12!1m3!1d3022.976188376966!2d-73.99130312499956!3d40.740549471389315!2m3!1f0!2f0!3f0!3m2!1i1024!2i768!4f13.1!3m3!1m2!1s0x89c259a15798c731%3A0xd695d09bdd495f25!2s11%20E%2022nd%20St%20FL%202%2C%20New%20York%2C%20NY%2010010%2C%20USA!5e0!3m2!1sen!2spe!4v1726171763526!5m2!1sen!2spe\" width=\"600\" height=\"450\" allowfullscreen=\"allowfullscreen\" data-mce-fragment=\"1\"><\/iframe> <!-- \/wp:html --> <!-- wp:paragraph --><\/p>\n<h3 class=\"wp-block-heading\">11 E 22nd Street, Piano 2, New York, NY 10010 T: +1(212) 505-6805<\/h3>\n<hr \/>\n<h2><span style=\"font-weight: 400;\">A proposito di SIS Internazionale<\/span><\/h2>\n<p><a href=\"https:\/\/www.sisinternational.com\/it\/\"><span style=\"font-weight: 400;\">SIS Internazionale<\/span><\/a><span style=\"font-weight: 400;\"> offre ricerca quantitativa, qualitativa e strategica. Forniamo dati, strumenti, strategie, report e approfondimenti per il processo decisionale. Conduciamo anche interviste, sondaggi, focus group e altri metodi e approcci di ricerca di mercato.<\/span><a href=\"https:\/\/www.sisinternational.com\/it\/sulla-sua-ricerca-internazionale\/contact-sis-international-market-research\/\"><span style=\"font-weight: 400;\"> Contattaci<\/span><\/a><span style=\"font-weight: 400;\"> per il tuo prossimo progetto di ricerca di mercato.<\/span><\/p>\n<p><!-- wp:heading --><\/p>\n<h2 id=\"about-sis-international\" class=\"wp-block-heading\">\u00a0<\/h2>\n<p><!-- wp:paragraph --><\/p>\n<p><!-- \/wp:paragraph --><!-- \/wp:heading --><\/p>","protected":false},"excerpt":{"rendered":"<p>Man mano che il mondo si sviluppa, le industrie devono tenersi aggiornate con i nuovi sviluppi tecnologici. Il 5G offre molti vantaggi alle aziende per crescere e trarre profitto.<\/p>","protected":false},"author":1,"featured_media":63117,"parent":14514,"menu_order":99,"comment_status":"closed","ping_status":"closed","template":"","meta":{"footnotes":""},"class_list":["post-39794","page","type-page","status-publish","has-post-thumbnail"],"_links":{"self":[{"href":"https:\/\/www.sisinternational.com\/it\/wp-json\/wp\/v2\/pages\/39794","targetHints":{"allow":["GET"]}}],"collection":[{"href":"https:\/\/www.sisinternational.com\/it\/wp-json\/wp\/v2\/pages"}],"about":[{"href":"https:\/\/www.sisinternational.com\/it\/wp-json\/wp\/v2\/types\/page"}],"author":[{"embeddable":true,"href":"https:\/\/www.sisinternational.com\/it\/wp-json\/wp\/v2\/users\/1"}],"replies":[{"embeddable":true,"href":"https:\/\/www.sisinternational.com\/it\/wp-json\/wp\/v2\/comments?post=39794"}],"version-history":[{"count":10,"href":"https:\/\/www.sisinternational.com\/it\/wp-json\/wp\/v2\/pages\/39794\/revisions"}],"predecessor-version":[{"id":73359,"href":"https:\/\/www.sisinternational.com\/it\/wp-json\/wp\/v2\/pages\/39794\/revisions\/73359"}],"up":[{"embeddable":true,"href":"https:\/\/www.sisinternational.com\/it\/wp-json\/wp\/v2\/pages\/14514"}],"wp:featuredmedia":[{"embeddable":true,"href":"https:\/\/www.sisinternational.com\/it\/wp-json\/wp\/v2\/media\/63117"}],"wp:attachment":[{"href":"https:\/\/www.sisinternational.com\/it\/wp-json\/wp\/v2\/media?parent=39794"}],"curies":[{"name":"wp","href":"https:\/\/api.w.org\/{rel}","templated":true}]}}