{"id":39745,"date":"2022-01-26T20:54:07","date_gmt":"2022-01-26T20:54:07","guid":{"rendered":"https:\/\/www.sisinternational.com\/?page_id=39745"},"modified":"2025-09-23T22:06:51","modified_gmt":"2025-09-24T02:06:51","slug":"ricerche-di-mercato-con-analisi-multivariata","status":"publish","type":"page","link":"https:\/\/www.sisinternational.com\/it\/competenza\/ricerche-di-mercato-con-analisi-multivariata\/","title":{"rendered":"Ricerche di mercato con analisi multivariata"},"content":{"rendered":"<h1 class=\"wp-block-heading p1\"><span class=\"s1\">Ricerche di mercato con analisi multivariata<\/span><\/h1>\n\n\n\n<figure class=\"gb-block-image gb-block-image-92735762\"><img loading=\"lazy\" decoding=\"async\" width=\"1456\" height=\"816\" class=\"gb-image gb-image-92735762\" src=\"https:\/\/www.sisinternational.com\/wp-content\/uploads\/2025\/08\/Strategy-consulting-10.jpg\" alt=\"Ricerca e strategia di mercato internazionale SIS\" title=\"Strategy consulting (10)\" srcset=\"https:\/\/www.sisinternational.com\/wp-content\/uploads\/2025\/08\/Strategy-consulting-10.jpg 1456w, https:\/\/www.sisinternational.com\/wp-content\/uploads\/2025\/08\/Strategy-consulting-10-300x168.jpg 300w, https:\/\/www.sisinternational.com\/wp-content\/uploads\/2025\/08\/Strategy-consulting-10-1024x574.jpg 1024w, https:\/\/www.sisinternational.com\/wp-content\/uploads\/2025\/08\/Strategy-consulting-10-768x430.jpg 768w, https:\/\/www.sisinternational.com\/wp-content\/uploads\/2025\/08\/Strategy-consulting-10-18x10.jpg 18w\" sizes=\"auto, (max-width: 1456px) 100vw, 1456px\"><\/figure>\n\n\n\n<p><\/p>\n\n\n\n<hr class=\"wp-block-separator has-alpha-channel-opacity is-style-dots\"\/>\n\n\n\n<p class=\"p2\">L&#039;analisi multivariata studia pi\u00f9 di due variabili per trovare possibili collegamenti tra loro. Aiuta gli esperti di marketing a comprendere risultati diversi. Collega inoltre ciascuna delle varie forme di ricerca.<\/p>\n\n\n\n<p class=\"p2\">L&#039;utilizzo dell&#039;analisi per risolvere un problema pu\u00f2 comportare diversi tipi di analisi multivariata. Potrebbe anche coinvolgere altri studi per vedere la relazione tra le variabili e il modo in cui si collegano al problema.<\/p>\n\n\n\n<p class=\"p2\">This form of <a href=\"https:\/\/www.sisinternational.com\/it\/sis-application-of-quantitative-data-analytics-to-sensory-testing\/\" title=\"SIS Application of Quantitative Data Analytics to Sensory Testing\"  data-wpil-monitor-id=\"7974\">testing studies more hard data<\/a> sets than any other analysis could manage. Researchers tend to use software to do this type of <a href=\"https:\/\/www.sisinternational.com\/it\/giornata-mondiale-sullautismo\/\" title=\"Studi di ricerche di mercato sull\u2019autismo\"  data-wpil-monitor-id=\"7976\">studio<\/a> as it dealing with so much data by hand can be a bit much.<\/p>\n\n\n\n<p class=\"p2\">Questo studio pu\u00f2 essere difficile a volte e anche difficile da risolvere. Tuttavia, tutto dipende da ci\u00f2 che una persona sta cercando. Questa difficolt\u00e0 a volte causa un problema e rallenta il progresso. Questo risultato potrebbe significare che i risultati potrebbero non avere significato a causa di errori.<\/p>\n\n\n\n<h2 class=\"wp-block-heading p3\">Perch\u00e9 l&#039;analisi multivariata \u00e8 importante?<\/h2>\n\n\n\n<p class=\"p2\">L&#039;analisi \u00e8 critica e utile. Il suo vantaggio principale \u00e8 che gestisce pi\u00f9 di un insieme di variabili, problemi e altri dati. A sua volta, aiuta a trarre conclusioni pi\u00f9 precise. Queste soluzioni sono pi\u00f9 realistiche e corrette per prendere decisioni migliori. Lo studio consente di testare tutte le variabili insieme, piuttosto che molte risposte.<\/p>\n\n\n\n<p class=\"p2\">Apart from that, multivariate testing is a necessary part of biostatistics. It is a valued part of public health. That is because <a href=\"https:\/\/www.sisinternational.com\/it\/cosa-sono-le-pubbliche-relazioni\/\" title=\"Pubbliche relazioni e ricerche di mercato\"  data-wpil-monitor-id=\"7975\">public health research<\/a> has been expanding. It is also attracting more attention. Furthermore, when people use this method, they can help explain complex problems in simple ways.<\/p>\n\n\n\n<h2 class=\"wp-block-heading p3\">Titoli di lavoro chiave<\/h2>\n\n\n\n<h3 class=\"wp-block-heading p2\">Questi sono alcuni lavori che utilizzano l&#039;analisi multivariata:<\/h3>\n\n\n\n<ul class=\"wp-block-list ul1\">\n<li>Analista di i-Gaming<\/li>\n\n\n\n<li>Scienziati dei dati<\/li>\n\n\n\n<li>Analista del crimine<\/li>\n\n\n\n<li>Ricerca associata<\/li>\n\n\n\n<li>Analista dell&#039;esperienza del cliente<\/li>\n<\/ul>\n\n\n\n<h2 class=\"wp-block-heading p3\">Perch\u00e9 le aziende hanno bisogno dell&#039;analisi multivariata?<\/h2>\n\n\n\n<p class=\"p2\">This study measures many variables and how they relate to each other. This method can help in all areas of a business. By using the correct data, a business can do many things. Also, it tests several sets at once, which saves <a href=\"https:\/\/www.sisinternational.com\/it\/soluzioni\/soluzioni-di-branding-e-ricerca-clienti\/ricerche-di-mercato-per-test-di-prodotto\/la-migliore-azienda-di-ricerche-di-mercato-sullusabilita\/\" title=\"Usability testing Company\"  data-wpil-monitor-id=\"7971\">companies much time compared to testing<\/a> single or only two at a time. This method finds answers to problems with more than two values.<\/p>\n\n\n\n<p class=\"p2\">Gli esperti sono quelli che scrivono le regole dello studio. Nel frattempo, i clienti sono i proprietari, i responsabili delle vendite, i responsabili del marketing e gli investitori. Il sistema \u00e8 simile a quello di un fornitore e di un cliente.<\/p>\n\n\n\n<h3 class=\"wp-block-heading p3\">Fattori chiave del successo<\/h3>\n\n\n\n<p class=\"p2\">Come accennato in precedenza, il vantaggio principale di questa analisi \u00e8 che tratta pi\u00f9 di un fattore contemporaneamente. Pu\u00f2 dare alla tua azienda una migliore comprensione delle variabili. Aiuta anche a trarre conclusioni corrette. Tuttavia, ha molti pi\u00f9 vantaggi. Se eseguita correttamente, questa analisi non pu\u00f2 eliminare la necessit\u00e0 di eseguire due test, uno alla volta, con lo stesso obiettivo. Invece, i test vengono eseguiti in periodi pi\u00f9 brevi. Inoltre, l\u2019uso del software rende tutto molto pi\u00f9 semplice.<\/p>\n\n\n\n<h2 class=\"wp-block-heading p3\">Informazioni sulle ricerche di mercato sull&#039;analisi multivariata<\/h2>\n\n\n\n<p class=\"p4\">Using the multivariate <a href=\"https:\/\/www.sisinternational.com\/it\/soluzioni\/ricerca-di-consulenza-strategica-fintech\/analisi-costi-benefici-ricerche-di-mercato\/\" title=\"Ricerche di mercato sull&#039;analisi costi-benefici\"  data-wpil-monitor-id=\"7970\">analysis can benefit<\/a> businesses in many ways. One of the main benefits is gains in profit. If your company is willing to use these methods, our business is here to help. We arrange focus groups to assist in this and other areas as well. We also conduct strategic, quantitative, and qualitative research in all areas. The <a href=\"https:\/\/www.sisinternational.com\/it\/soluzioni\/ricerche-di-mercato-con-focus-group\/\" title=\"Focus Group Ricerche di mercato\"  data-wpil-monitor-id=\"7973\">groups do all the research<\/a> needed to give the best results. With the help of our team, we can help improve the choices you make in the company to increase profits. Get in touch with us. Let\u2019s start building your business today. <a href=\"https:\/\/www.sisinternational.com\/it\/predictive-analytics\/\" title=\"Predictive Analytics: Your Crystal Ball for Business Success\"  data-wpil-monitor-id=\"7972\">Success will be in your business&#8217;s<\/a> future.<\/p>\n\n\n\n<p><\/p>","protected":false},"excerpt":{"rendered":"<p>Analisi multivariata La ricerca di mercato gestisce pi\u00f9 di un insieme di variabili, problemi e altri dati. Aiuta a fare una determinazione pi\u00f9 esatta. L\u2019utilizzo dell\u2019analisi multivariata avvantaggia le aziende, in particolare in termini di guadagni di profitto.<\/p>","protected":false},"author":1,"featured_media":62536,"parent":14514,"menu_order":94,"comment_status":"closed","ping_status":"closed","template":"","meta":{"footnotes":""},"class_list":["post-39745","page","type-page","status-publish","has-post-thumbnail"],"_links":{"self":[{"href":"https:\/\/www.sisinternational.com\/it\/wp-json\/wp\/v2\/pages\/39745","targetHints":{"allow":["GET"]}}],"collection":[{"href":"https:\/\/www.sisinternational.com\/it\/wp-json\/wp\/v2\/pages"}],"about":[{"href":"https:\/\/www.sisinternational.com\/it\/wp-json\/wp\/v2\/types\/page"}],"author":[{"embeddable":true,"href":"https:\/\/www.sisinternational.com\/it\/wp-json\/wp\/v2\/users\/1"}],"replies":[{"embeddable":true,"href":"https:\/\/www.sisinternational.com\/it\/wp-json\/wp\/v2\/comments?post=39745"}],"version-history":[{"count":4,"href":"https:\/\/www.sisinternational.com\/it\/wp-json\/wp\/v2\/pages\/39745\/revisions"}],"predecessor-version":[{"id":81344,"href":"https:\/\/www.sisinternational.com\/it\/wp-json\/wp\/v2\/pages\/39745\/revisions\/81344"}],"up":[{"embeddable":true,"href":"https:\/\/www.sisinternational.com\/it\/wp-json\/wp\/v2\/pages\/14514"}],"wp:featuredmedia":[{"embeddable":true,"href":"https:\/\/www.sisinternational.com\/it\/wp-json\/wp\/v2\/media\/62536"}],"wp:attachment":[{"href":"https:\/\/www.sisinternational.com\/it\/wp-json\/wp\/v2\/media?parent=39745"}],"curies":[{"name":"wp","href":"https:\/\/api.w.org\/{rel}","templated":true}]}}