{"id":39741,"date":"2022-01-26T20:54:58","date_gmt":"2022-01-26T20:54:58","guid":{"rendered":"https:\/\/www.sisinternational.com\/?page_id=39741"},"modified":"2026-01-25T19:37:07","modified_gmt":"2026-01-26T00:37:07","slug":"ricerche-di-mercato-sui-test-monadici","status":"publish","type":"page","link":"https:\/\/www.sisinternational.com\/it\/competenza\/ricerche-di-mercato-sui-test-monadici\/","title":{"rendered":"Ricerche di mercato sui test monadici"},"content":{"rendered":"<h1 class=\"wp-block-heading\">Ricerche di mercato sui test monadici<\/h1>\n\n\n\n<figure class=\"gb-block-image gb-block-image-3dd5f693\"><img loading=\"lazy\" decoding=\"async\" width=\"1456\" height=\"816\" class=\"gb-image gb-image-3dd5f693\" src=\"https:\/\/www.sisinternational.com\/wp-content\/uploads\/2025\/09\/Research-9.jpg\" alt=\"Ricerca e strategia di mercato internazionale SIS\" title=\"Research (9)\" srcset=\"https:\/\/www.sisinternational.com\/wp-content\/uploads\/2025\/09\/Research-9.jpg 1456w, https:\/\/www.sisinternational.com\/wp-content\/uploads\/2025\/09\/Research-9-300x168.jpg 300w, https:\/\/www.sisinternational.com\/wp-content\/uploads\/2025\/09\/Research-9-1024x574.jpg 1024w, https:\/\/www.sisinternational.com\/wp-content\/uploads\/2025\/09\/Research-9-768x430.jpg 768w, https:\/\/www.sisinternational.com\/wp-content\/uploads\/2025\/09\/Research-9-18x10.jpg 18w\" sizes=\"auto, (max-width: 1456px) 100vw, 1456px\"><\/figure>\n\n\n\n<p><\/p>\n\n\n\n<hr class=\"wp-block-separator has-alpha-channel-opacity is-style-dots\"\/>\n\n\n\n<h2 class=\"wp-block-heading\">Cos\u2019\u00e8 la ricerca di mercato sui test monadici?<\/h2>\n\n\n\n<p class=\"p3\">Monadic Testing is a method of consumer testing. With this method, the respondent rates one thing by itself. In essence, it\u2019s done in isolation, separate from the influence of other choices. It is unlike comparison testing, which uses many options and respondents. Monadic Testing is suitable for <a href=\"https:\/\/www.sisinternational.com\/it\/soluzioni\/soluzioni-di-branding-e-ricerca-clienti\/ricerche-di-mercato-per-test-di-prodotto\/new-product-concept-testing-methods\/\" title=\"New Product Concept Testing Methods\"  data-wpil-monitor-id=\"8633\">concept<\/a> testing and packing research. Areas like this need specific information that can grab a new customer\u2019s attention. Why? Because they represent the brand itself in a way. In most cases, a monadic test operates like this:<\/p>\n\n\n\n<div class=\"table-1\">\n<table width=\"100%\">\n<thead>\n<tr>\n<th align=\"left\">Gruppo 1<\/th>\n<th align=\"left\">Gruppo 2<\/th>\n<th align=\"left\">Gruppo 3<\/th>\n<\/tr>\n<\/thead>\n<tbody>\n<tr>\n<td align=\"left\">Idea 1<\/td>\n<td align=\"left\">Idea 2<\/td>\n<td align=\"left\">Prodotto attuale<\/td>\n<\/tr>\n<\/tbody>\n<\/table>\n<\/div>\n\n\n\n<p class=\"p1\"><strong>La Fig. 1.0 mostra un test monadico<\/strong><\/p>\n\n\n\n<p class=\"p3\">Nella Figura 1.0, il ricercatore d\u00e0 a ciascun gruppo un&#039;idea e pone domande per vedere come si sentono riguardo all&#039;idea. Un gruppo di controllo funge anche da punto di riferimento per misurare i cambiamenti. Quindi, quando eseguono il test, il ricercatore raccoglie i risultati e li analizza. In questo test, le persone non devono confrontare prodotti\/idee\/progetti da sole. Devono concentrarsi solo su ci\u00f2 che hanno di fronte. E cos\u00ec, le loro scelte non sono influenzate dagli altri prodotti in circolazione.<\/p>\n\n\n\n<h2 class=\"wp-block-heading p2\"><b>Perch\u00e9 le ricerche di mercato sui test monadici sono importanti?<\/b><\/h2>\n\n\n\n<p class=\"p3\">The main advantage of the monadic test is that it can realistically measure the appeal of a product or service. In other words, it gets an accurate opinion of the potential customers. Even better, it does so without outside influences. Monadic tests are essential to get a more realistic view of <a href=\"https:\/\/www.sisinternational.com\/it\/competenza\/industrie\/voce-delle-bevande-alimentari-della-ricerca-di-mercato-dei-clienti\/\" title=\"La voce del cliente nel settore alimentare e delle bevande. Ricerche di mercato\"  data-wpil-monitor-id=\"8634\">customers\u2019 choices in the market<\/a>. In contrast, a comparison test usually provides information that lacks context. Thus, it is less valuable. When doing market research, getting the most accurate information is crucial.<\/p>\n\n\n\n<p class=\"p3\">To summarize, the better the info, the better the insights. And the better the insights, the better the predictions. <a href=\"https:\/\/www.sisinternational.com\/it\/competenza\/industrie\/chief-information-officer-cio-ricerche-di-mercato\/\" title=\"Ricerca di mercato del Chief Information Officer (CIO).\"  data-wpil-monitor-id=\"8632\">Market research seeks to produce accurate information<\/a> with practical application. And you can\u2019t do that if your methods lack depth.<\/p>\n\n\n\n<h2 class=\"wp-block-heading p2\"><b>Titoli di lavoro chiave<\/b><\/h2>\n\n\n\n<h3 class=\"wp-block-heading p3\">Alcuni lavori degni di nota includono:<\/h3>\n\n\n\n<ul class=\"wp-block-list ul1\">\n<li>Analista di ricerche di mercato<\/li>\n\n\n\n<li>Analista di ricerca dati<\/li>\n\n\n\n<li>Analista di prodotto<\/li>\n<\/ul>\n\n\n\n<h2 class=\"wp-block-heading p2\"><b>Perch\u00e9 le aziende hanno bisogno delle ricerche di mercato sui test monadici<\/b><\/h2>\n\n\n\n<p class=\"p3\">One of the main things to note when running a business is efficiency. You have to make sure you\u2019re getting the most bang for your buck. You have to look at it spending-wise and consider the time and effort spent on your new projects. <a href=\"https:\/\/www.sisinternational.com\/it\/competenza\/industrie\/ricerca-di-mercato-monadica-e-sequenziale\/\" title=\"Ricerche di mercato monadiche e sequenziali\"  data-wpil-monitor-id=\"5815\">Monadic Testing<\/a> is an excellent way of getting more in-depth and valuable info for your market research. Furthermore, monadic tests need fewer people to run, saving time and money.<\/p>\n\n\n\n<h3 class=\"wp-block-heading p2\"><b>Fattori chiave del successo<\/b><\/h3>\n\n\n\n<p class=\"p3\">Sebbene avere un tocco umano sia sempre importante, non utilizzare i nuovi strumenti a nostra disposizione sarebbe uno spreco. Gli algoritmi ti consentono di esaminare migliaia di set di dati. Ti fanno risparmiare mesi di tempo per la ricerca. In sostanza, un approccio pi\u00f9 basato sul software accelera la ricerca di mercato.<\/p>\n\n\n\n<p class=\"p3\">So, one solution is to use other <a href=\"https:\/\/www.sisinternational.com\/it\/casi-studio\/\" title=\"Casi studio\"  data-wpil-monitor-id=\"8629\">market research studies<\/a> and learn from them. Many businesses use <a href=\"https:\/\/www.sisinternational.com\/it\/soluzioni\/prova-del-gusto\/ricerca-di-mercato-sui-test-del-gusto-monadico\/\" title=\"Ricerche di mercato sui test del gusto monadico\"  data-wpil-monitor-id=\"8630\">monadic market research<\/a> to help fine-tune their operations. Some of this information is available online and is easy to access. While it\u2019s best to do your <a href=\"https:\/\/www.sisinternational.com\/it\/competenza\/industrie\/ricerche-di-mercato-sui-dati-di-formazione\/\" title=\"Ricerche di mercato sui dati di formazione\"  data-wpil-monitor-id=\"8631\">market research for the kind of data<\/a> most relevant to your needs, it doesn\u2019t hurt to read up.<\/p>\n\n\n\n<p class=\"p3\">It is worth noting that people\u2019s choices can influence results. So, for Monadic Testing, researchers show them different scenarios. For example, a person who starts the <a href=\"https:\/\/www.sisinternational.com\/it\/soluzioni\/soluzioni-di-branding-e-ricerca-clienti\/ricerche-di-mercato-per-test-di-prodotto\/\" title=\"Ricerche di mercato sui test dei prodotti\"  data-wpil-monitor-id=\"8635\">test with a product<\/a> design they like may give the ones that come after a lower score. If the <a href=\"https:\/\/www.sisinternational.com\/it\/soluzioni\/soluzioni-di-ricerca-quantitativa-qualitativa\/societa-di-progettazione-di-ricerche-di-mercato\/\" title=\"Societ\u00e0 di ricerca sul design\"  data-wpil-monitor-id=\"8636\">researcher only showed people each design<\/a> without prior knowledge, that wouldn\u2019t happen. They would give a more accurate representation of a new consumer. So, it\u2019s essential to make a note of that.<\/p>\n\n\n\n<h2 class=\"wp-block-heading p2\"><b>Informazioni sulla ricerca di mercato sui test monadici<\/b><\/h2>\n\n\n\n<p class=\"p4\">I ricercatori utilizzano i test monadici negli studi sui prezzi. Usano sia la ricerca qualitativa che quella quantitativa nei loro test. \u00c8 anche utile aumentare il set di dati incorporando focus group e sondaggi. Le interviste sono un altro ottimo strumento da integrare nel tuo processo. Questi possono anche aiutare a colmare gli spazi vuoti e fornire migliori \u201cintuizioni\u201d.<\/p>\n\n\n\n<p><\/p>","protected":false},"excerpt":{"rendered":"<p> Il test monadico \u00e8 appropriato per il test dei concetti e la ricerca sul confezionamento. Monadic Testing \u00e8 il modo ideale per la tua azienda di ottenere informazioni pi\u00f9 approfondite e pratiche per le tue ricerche di mercato e migliorare la tua attivit\u00e0. <\/p>","protected":false},"author":1,"featured_media":69505,"parent":14514,"menu_order":95,"comment_status":"closed","ping_status":"closed","template":"","meta":{"footnotes":""},"class_list":["post-39741","page","type-page","status-publish","has-post-thumbnail"],"_links":{"self":[{"href":"https:\/\/www.sisinternational.com\/it\/wp-json\/wp\/v2\/pages\/39741","targetHints":{"allow":["GET"]}}],"collection":[{"href":"https:\/\/www.sisinternational.com\/it\/wp-json\/wp\/v2\/pages"}],"about":[{"href":"https:\/\/www.sisinternational.com\/it\/wp-json\/wp\/v2\/types\/page"}],"author":[{"embeddable":true,"href":"https:\/\/www.sisinternational.com\/it\/wp-json\/wp\/v2\/users\/1"}],"replies":[{"embeddable":true,"href":"https:\/\/www.sisinternational.com\/it\/wp-json\/wp\/v2\/comments?post=39741"}],"version-history":[{"count":5,"href":"https:\/\/www.sisinternational.com\/it\/wp-json\/wp\/v2\/pages\/39741\/revisions"}],"predecessor-version":[{"id":81447,"href":"https:\/\/www.sisinternational.com\/it\/wp-json\/wp\/v2\/pages\/39741\/revisions\/81447"}],"up":[{"embeddable":true,"href":"https:\/\/www.sisinternational.com\/it\/wp-json\/wp\/v2\/pages\/14514"}],"wp:featuredmedia":[{"embeddable":true,"href":"https:\/\/www.sisinternational.com\/it\/wp-json\/wp\/v2\/media\/69505"}],"wp:attachment":[{"href":"https:\/\/www.sisinternational.com\/it\/wp-json\/wp\/v2\/media?parent=39741"}],"curies":[{"name":"wp","href":"https:\/\/api.w.org\/{rel}","templated":true}]}}