{"id":39736,"date":"2022-01-26T20:57:21","date_gmt":"2022-01-26T20:57:21","guid":{"rendered":"https:\/\/www.sisinternational.com\/?page_id=39736"},"modified":"2025-09-23T22:33:34","modified_gmt":"2025-09-24T02:33:34","slug":"ricerche-di-mercato-botaniche","status":"publish","type":"page","link":"https:\/\/www.sisinternational.com\/it\/competenza\/ricerche-di-mercato-botaniche\/","title":{"rendered":"Ricerche di mercato in botanica"},"content":{"rendered":"<h1 class=\"wp-block-heading p1\"><span class=\"s1\">Ricerche di mercato in botanica<\/span><\/h1>\n\n\n\n<figure class=\"gb-block-image gb-block-image-b86c8209\"><img loading=\"lazy\" decoding=\"async\" width=\"1456\" height=\"816\" class=\"gb-image gb-image-b86c8209\" src=\"https:\/\/www.sisinternational.com\/wp-content\/uploads\/2025\/09\/Botany-3.jpg\" alt=\"Ricerca e strategia di mercato internazionale SIS\" title=\"Botany (3)\" srcset=\"https:\/\/www.sisinternational.com\/wp-content\/uploads\/2025\/09\/Botany-3.jpg 1456w, https:\/\/www.sisinternational.com\/wp-content\/uploads\/2025\/09\/Botany-3-300x168.jpg 300w, https:\/\/www.sisinternational.com\/wp-content\/uploads\/2025\/09\/Botany-3-1024x574.jpg 1024w, https:\/\/www.sisinternational.com\/wp-content\/uploads\/2025\/09\/Botany-3-768x430.jpg 768w, https:\/\/www.sisinternational.com\/wp-content\/uploads\/2025\/09\/Botany-3-18x10.jpg 18w\" sizes=\"auto, (max-width: 1456px) 100vw, 1456px\"><\/figure>\n\n\n\n<p><\/p>\n\n\n\n<hr class=\"wp-block-separator has-alpha-channel-opacity is-style-dots\"\/>\n\n\n\n<p>&nbsp;<\/p>\n\n\n\n<h2 class=\"wp-block-heading p3\">Cos&#039;\u00e8 la botanica?<\/h2>\n\n\n\n<p class=\"p4\">Le piante sono ovunque intorno a noi. Sappiamo tutti che sono essenziali. Ci forniscono cibo e ossigeno. Aiutano anche nella lotta contro il cambiamento climatico. Data la loro importanza, pi\u00f9 conosciamo le piante, meglio \u00e8. La botanica, in termini semplici, \u00e8 la scienza delle piante. Si tratta di acquisire conoscenza su come le piante fanno quello che fanno. Copre anche come alcune cose possono migliorare per la semina e i sottoprodotti vegetali. La botanica include anche la genetica e il modo in cui questo campo emergente pu\u00f2 aiutare a risolvere alcuni dei problemi che affrontiamo. Ad esempio, alcune piante potrebbero essere soggette a fastidiose malattie. La botanica troverebbe quindi un modo per modificare le colture per resistere a queste malattie.<\/p>\n\n\n\n<h2 class=\"wp-block-heading\">Perch\u00e9 la botanica \u00e8 importante?<\/h2>\n\n\n\n<p class=\"p4\">L&#039;intero regno animale dipende dalle piante per vivere e, in alcuni casi, rappresentano la loro unica fonte di cibo e riparo. In ogni caso, le piante forniscono pi\u00f9 del semplice cibo. Gli esseri umani usano le piante per costruire case e persino per sostenere le linee elettriche. Molti farmaci salvavita provengono da tutte le parti di piante diverse. Utilizziamo le piante anche per l&#039;estetica e la terapia. Naturalmente, non possiamo dimenticare il loro ruolo cruciale nel fornirci ossigeno e nell\u2019eliminare l\u2019anidride carbonica. Lo studio delle piante \u00e8 di vasta portata ed \u00e8 assolutamente necessario. Per questo motivo, la botanica pu\u00f2 influenzare tutti i settori e persino la vita di tutti i giorni.<\/p>\n\n\n\n<h2 class=\"wp-block-heading p3\">Titoli di lavoro chiave<\/h2>\n\n\n\n<p class=\"p5\">Poich\u00e9 la botanica ha una gamma di usi cos\u00ec ampia, persone di diversa estrazione possono trovare lavoro in questo campo. Botanica, ecologia, chimica sono alcune aree correlate. Alcune altre aree includono matematica, fisica e ricerca.<\/p>\n\n\n\n<h3 class=\"wp-block-heading p5\">I principali titoli professionali includono:<\/h3>\n\n\n\n<ul class=\"wp-block-list\">\n<li>Biologi della fauna selvatica<\/li>\n\n\n\n<li>Scienziati del suolo e delle piante<\/li>\n\n\n\n<li>Botanici<\/li>\n\n\n\n<li>Ecologisti vegetali<\/li>\n\n\n\n<li>Tassonomi<\/li>\n\n\n\n<li>Conservatori<\/li>\n\n\n\n<li>Tecnici di ricerca<\/li>\n<\/ul>\n\n\n\n<h2 class=\"wp-block-heading p3\">Perch\u00e9 le aziende hanno bisogno della botanica<\/h2>\n\n\n\n<p class=\"p4\">We have already agreed that plants, and by extension botany, affects many industries. Hence, many different businesses need botany. For example, the <a href=\"https:\/\/www.sisinternational.com\/it\/competenza\/industrie\/ricerche-di-mercato-sugli-ingredienti-per-bevande-alimentari\/\" title=\"Ricerche di mercato sugli ingredienti per alimenti e bevande\"  data-wpil-monitor-id=\"7955\">food industry benefits by finding new ingredients<\/a>, flavors, and preservatives. The construction industry can find better processes to make some materials more durable. Also, the medical industry can discover new properties of traditional and non-traditional plants. Even agriculture can benefit. It pays for agricultural experts to learn more about better care for some plants. Though we have touched on many industries here, there are many more ways that botany can apply to each one. There are even a lot more industries that botany can impact for the better.<\/p>\n\n\n\n<h3 class=\"wp-block-heading p3\">Fattori chiave del successo<\/h3>\n\n\n\n<p class=\"p4\"><a href=\"https:\/\/www.sisinternational.com\/it\/top-5-benefits-of-qualitative-market-research-for-businesses\/\" title=\"Top 5 Benefits of Qualitative Market Research for Businesses\"  data-wpil-monitor-id=\"7957\">Businesses can tap into the benefits<\/a> of applying botany to their current industry. Or they can even enter the <a href=\"https:\/\/www.sisinternational.com\/it\/soluzioni\/soluzioni-di-ricerca-quantitativa-qualitativa\/ricerche-di-mercato-dei-servizi-sul-campo\/\" title=\"Ricerche di mercato sui servizi sul campo\"  data-wpil-monitor-id=\"7956\">field of botany research<\/a> in and of itself. <a href=\"https:\/\/www.sisinternational.com\/it\/competenza\/industrie\/ricerche-di-mercato-automobilistiche\/ricerca-sui-consumatori-di-veicoli-elettrici\/\" title=\"Perch\u00e9 la ricerca sui consumatori nel settore automobilistico \u00e8 cos\u00ec importante oggi, con il futuro dei veicoli elettrici\"  data-wpil-monitor-id=\"7958\">Research is vital<\/a> no matter how you use it to benefit your business. Plants need lots of scientific research. So companies need to understand the what\u2019s, how\u2019s, and why\u2019s. Only then will they be able to provide solutions for the existing problems. Knowing the <a href=\"https:\/\/www.sisinternational.com\/it\/copertura\/le-americhe\/copertura-degli-stati-uniti\/ricerca-di-mercato-nel-key-west-florida\/\" title=\"Ricerche di mercato a Key West Florida\"  data-wpil-monitor-id=\"7953\">market and its needs are also key<\/a> to guiding your company. With research comes new ideas. Being open-minded to creating things outside of the box is also something to consider. Non-traditional ways may be what your company needs to succeed using botany.<\/p>\n\n\n\n<h2 class=\"wp-block-heading p3\">A proposito di botanica<\/h2>\n\n\n\n<p class=\"p6\">Botany is very important to human and animal life. The field thrives on new data and discoveries. Due to this, research is vital when it comes to botany. You can use a wide range of research types to do this. These <a href=\"https:\/\/www.sisinternational.com\/it\/how-to-design-effective-surveys-for-quantitative-research\/\" title=\"How to Design Effective Surveys for Quantitative Research\"  data-wpil-monitor-id=\"7948\">research types include quantitative<\/a>, qualitative, and strategy research. The <a href=\"https:\/\/www.sisinternational.com\/it\/quantitative-market-research-methods-and-techniques\/\" title=\"Quantitative Market Research Methods and Techniques\"  data-wpil-monitor-id=\"7951\">methods used to carry out such research<\/a> are, for example, interviews and surveys. You can also use focus groups and experiments.<\/p>\n\n\n\n<p><\/p>","protected":false},"excerpt":{"rendered":"<p>La botanica \u00e8 la scienza delle piante e il campo \u00e8 aperto a una vasta gamma di imprese e industrie. <\/p>","protected":false},"author":1,"featured_media":69922,"parent":14514,"menu_order":96,"comment_status":"closed","ping_status":"closed","template":"","meta":{"footnotes":""},"class_list":["post-39736","page","type-page","status-publish","has-post-thumbnail"],"_links":{"self":[{"href":"https:\/\/www.sisinternational.com\/it\/wp-json\/wp\/v2\/pages\/39736","targetHints":{"allow":["GET"]}}],"collection":[{"href":"https:\/\/www.sisinternational.com\/it\/wp-json\/wp\/v2\/pages"}],"about":[{"href":"https:\/\/www.sisinternational.com\/it\/wp-json\/wp\/v2\/types\/page"}],"author":[{"embeddable":true,"href":"https:\/\/www.sisinternational.com\/it\/wp-json\/wp\/v2\/users\/1"}],"replies":[{"embeddable":true,"href":"https:\/\/www.sisinternational.com\/it\/wp-json\/wp\/v2\/comments?post=39736"}],"version-history":[{"count":4,"href":"https:\/\/www.sisinternational.com\/it\/wp-json\/wp\/v2\/pages\/39736\/revisions"}],"predecessor-version":[{"id":81340,"href":"https:\/\/www.sisinternational.com\/it\/wp-json\/wp\/v2\/pages\/39736\/revisions\/81340"}],"up":[{"embeddable":true,"href":"https:\/\/www.sisinternational.com\/it\/wp-json\/wp\/v2\/pages\/14514"}],"wp:featuredmedia":[{"embeddable":true,"href":"https:\/\/www.sisinternational.com\/it\/wp-json\/wp\/v2\/media\/69922"}],"wp:attachment":[{"href":"https:\/\/www.sisinternational.com\/it\/wp-json\/wp\/v2\/media?parent=39736"}],"curies":[{"name":"wp","href":"https:\/\/api.w.org\/{rel}","templated":true}]}}