{"id":39699,"date":"2022-01-19T04:28:16","date_gmt":"2022-01-19T04:28:16","guid":{"rendered":"https:\/\/www.sisinternational.com\/?page_id=39699"},"modified":"2025-09-23T22:31:30","modified_gmt":"2025-09-24T02:31:30","slug":"ricerche-di-mercato-sulla-genetica","status":"publish","type":"page","link":"https:\/\/www.sisinternational.com\/it\/soluzioni\/innovazione\/ricerche-di-mercato-sulla-genetica\/","title":{"rendered":"Ricerche di mercato sulla genetica"},"content":{"rendered":"<h1 class=\"wp-block-heading\">Ricerche di mercato sulla genetica<\/h1>\n\n\n\n<figure class=\"gb-block-image gb-block-image-1d9e735c\"><img loading=\"lazy\" decoding=\"async\" width=\"1456\" height=\"816\" class=\"gb-image gb-image-1d9e735c\" src=\"https:\/\/www.sisinternational.com\/wp-content\/uploads\/2025\/09\/DNA-Genetics-27.jpg\" alt=\"Ricerca e strategia di mercato internazionale SIS\" title=\"DNA Genetics (27)\" srcset=\"https:\/\/www.sisinternational.com\/wp-content\/uploads\/2025\/09\/DNA-Genetics-27.jpg 1456w, https:\/\/www.sisinternational.com\/wp-content\/uploads\/2025\/09\/DNA-Genetics-27-300x168.jpg 300w, https:\/\/www.sisinternational.com\/wp-content\/uploads\/2025\/09\/DNA-Genetics-27-1024x574.jpg 1024w, https:\/\/www.sisinternational.com\/wp-content\/uploads\/2025\/09\/DNA-Genetics-27-768x430.jpg 768w, https:\/\/www.sisinternational.com\/wp-content\/uploads\/2025\/09\/DNA-Genetics-27-18x10.jpg 18w\" sizes=\"auto, (max-width: 1456px) 100vw, 1456px\"><\/figure>\n\n\n\n<p><\/p>\n\n\n\n<h2 class=\"wp-block-heading\">Cos&#039;\u00e8 la genetica?<\/h2>\n\n\n\n<p>La genetica \u00e8 un&#039;area della biologia che studia tutte le forme di vita. Comprende il DNA, il modo in cui si formano i geni e il modo in cui le piante e gli animali ereditano tali geni. Esamina come gli organismi trasmettono geni e tratti da una generazione all&#039;altra. I dati trasportati dai geni influenzano la salute e l&#039;aspetto. Colpisce anche la personalit\u00e0!<\/p>\n\n\n\n<h2 class=\"wp-block-heading\">Perch\u00e9 la genetica \u00e8 importante?<\/h2>\n\n\n\n<p>La genetica svolge un ruolo molto importante nel prevenire le cause di alcuni disturbi. Per sviluppare il miglior trattamento per ogni disturbo, i medici devono disporre delle informazioni corrette. Inoltre, circa la met\u00e0 della popolazione mondiale corre il rischio di sviluppare malattie croniche. Ad esempio, il cancro, il diabete e i problemi cardiaci sono grossi problemi. La genetica pu\u00f2 fornire informazioni sulle probabilit\u00e0 di contrarre una malattia. Impararlo pu\u00f2 aiutare a evitare di contrarre la malattia. Potrebbe anche risolverne la causa principale in modo che le generazioni future non la contraggano. La genetica apre molte porte a possibilit\u00e0 e pu\u00f2 anche aiutare nella crescita di ogni specie.<\/p>\n\n\n\n<h2 class=\"wp-block-heading\">Titoli di lavoro chiave<\/h2>\n\n\n\n<figure class=\"gb-block-image gb-block-image-40fe0f21\"><img loading=\"lazy\" decoding=\"async\" width=\"1456\" height=\"816\" class=\"gb-image gb-image-40fe0f21\" src=\"https:\/\/www.sisinternational.com\/wp-content\/uploads\/2025\/09\/DNA-Genetics-16.jpg\" alt=\"Ricerca e strategia di mercato internazionale SIS\" title=\"DNA Genetics (16)\" srcset=\"https:\/\/www.sisinternational.com\/wp-content\/uploads\/2025\/09\/DNA-Genetics-16.jpg 1456w, https:\/\/www.sisinternational.com\/wp-content\/uploads\/2025\/09\/DNA-Genetics-16-300x168.jpg 300w, https:\/\/www.sisinternational.com\/wp-content\/uploads\/2025\/09\/DNA-Genetics-16-1024x574.jpg 1024w, https:\/\/www.sisinternational.com\/wp-content\/uploads\/2025\/09\/DNA-Genetics-16-768x430.jpg 768w, https:\/\/www.sisinternational.com\/wp-content\/uploads\/2025\/09\/DNA-Genetics-16-18x10.jpg 18w\" sizes=\"auto, (max-width: 1456px) 100vw, 1456px\"><\/figure>\n\n\n\n<p><\/p>\n\n\n\n<h3 class=\"wp-block-heading\">Genetista Clinico<\/h3>\n\n\n\n<p>Un genetista clinico aiuta a fornire i test di laboratorio corretti sui geni. Consigliano anche i pazienti che sono a rischio di sviluppare problemi di salute a causa della loro composizione genetica.<\/p>\n\n\n\n<h3 class=\"wp-block-heading\">Consulente genetico<\/h3>\n\n\n\n<p>Questi consulenti guidano i pazienti a fare buone scelte riguardo alla loro salute genetica. I loro campi di studio includono la scienza di base e la genetica medica. Pertanto, possono parlare ai clienti su una serie diversificata di indicatori genetici.<\/p>\n\n\n\n<h3 class=\"wp-block-heading\">Allevatore di piante<\/h3>\n\n\n\n<p>I coltivatori di piante mirano a sviluppare buoni tratti nelle piante. Ad esempio, allevano piante che resistono alle malattie e alla siccit\u00e0. Un allevatore raramente pu\u00f2 concentrarsi su un singolo attributo. Devono invece valutare molte caratteristiche che rendono la pianta pi\u00f9 utile.<\/p>\n\n\n\n<h2 class=\"wp-block-heading\">Perch\u00e9 le aziende hanno bisogno di ricerche di mercato genetiche?<\/h2>\n\n\n\n<p>IL <a href=\"https:\/\/www.sisinternational.com\/it\/soluzioni\/soluzioni-di-ricerca-quantitativa-qualitativa\/ricerche-di-mercato-dei-servizi-sul-campo\/\" title=\"Ricerche di mercato sui servizi sul campo\"  data-wpil-monitor-id=\"7969\">field of genetic research<\/a> has seen constant growth. It helped in the development of better plants, for instance, food crops such as corn, rice, and wheat. Geneticists are also able to harness better quality seeds. Another benefit is investing in the cross-breeding of plants for better quality produce. These plants help treat various kinds of diseases. Geneticists use these plants to place genes into individual cells. This type of therapy helps treat some forms of cancer. It replaces harmful mutant alleles with essential cells.<\/p>\n\n\n\n<h2 class=\"wp-block-heading\">Importanti fattori di successo<\/h2>\n\n\n\n<p>In natura, tutti gli organismi sono ancora in evoluzione. L&#039;erba in un campo aperto \u00e8 una popolazione naturale. Lo stesso vale per i lupi in una foresta e persino per i batteri nel corpo di una persona. Ognuna di queste popolazioni sviluppa almeno alcuni dei propri geni.<\/p>\n\n\n\n<p>These populations will never reach some final state of perfection. Their <a href=\"https:\/\/www.sisinternational.com\/it\/global-beverage-market\/\" title=\"Global Beverage Market: Market Dynamics, Growth Projections &amp; Consumer Insights\"  data-wpil-monitor-id=\"7968\">growth is dynamic<\/a> and their genetic makeup will change over generations. The changes are subtle. For instance, there may be a shift in the number of genes for black instead of grey fur in a wolf pack. Sometimes this kind of change happens because of a natural process. Or, it comes from new members moving into the population. Or it can be from random events\u2014the organic process\u2019s \u201cluck of the draw.\u201d<\/p>\n\n\n\n<p>Di seguito sono riportati alcuni dei fattori critici che influenzano l\u2019equilibrio e i cambiamenti genetici:<\/p>\n\n\n\n<ul class=\"wp-block-list\">\n<li>Mutazioni<\/li>\n\n\n\n<li>Accoppiamento casuale<\/li>\n\n\n\n<li>Deriva genetica<\/li>\n\n\n\n<li>Flusso genico<\/li>\n\n\n\n<li>Selezione naturale<\/li>\n<\/ul>\n\n\n\n<h2 class=\"wp-block-heading\">Informazioni sulle ricerche di mercato genetiche<\/h2>\n\n\n\n<p><a href=\"https:\/\/www.sisinternational.com\/it\/contattaci\/\" title=\"Contattaci\"  data-wpil-monitor-id=\"7964\">Ricerca internazionale SIS<\/a> carries out surveys to collect data on what customers think. We also do focus groups and live interviews. These <a href=\"https:\/\/www.sisinternational.com\/it\/quantitative-market-research-methods-and-techniques\/\" title=\"Quantitative Market Research Methods and Techniques\"  data-wpil-monitor-id=\"7965\">market research methods<\/a> are excellent for gathering in-depth insights. Focus groups also reveal customers\u2019 actual opinions and points of view.<\/p>\n\n\n\n<p>Qualitativo <a href=\"https:\/\/www.sisinternational.com\/it\/pubblicazioni\/comportamento-dellacquirente-dopo-il-nuovo-consumatore-legato-al-coronavirus\/\" title=\"Comportamento degli acquirenti dopo il coronavirus: ricerche di mercato sui consumatori\"  data-wpil-monitor-id=\"7966\">research helps us to understand consumer behavior<\/a> in the field of genetics. It also identifies who the customers are and their reasons for buying. Quantitative analysis, in contrast, gives us impartial data about customers\u2019 buying habits. With our strategy research, we help <a href=\"https:\/\/www.sisinternational.com\/it\/competenza\/industrie\/soluzioni-per-ricerche-di-mercato-nel-settore-sanitario\/\" title=\"Societ\u00e0 di ricerche di mercato nel settore sanitario\"  data-wpil-monitor-id=\"7967\">firms and researchers<\/a> save money and ensure business success.<\/p>\n\n\n\n<p><\/p>","protected":false},"excerpt":{"rendered":"<p>Ricerca di mercato sulla genetica Che cos&#039;\u00e8 la genetica? La genetica \u00e8 un&#039;area della biologia che studia tutte le forme di vita. Include il DNA, come si formano i geni e come le piante e gli animali ereditano quei geni. Esamina come gli organismi trasmettono geni e tratti da una generazione all&#039;altra. I dati trasportati dai geni influenzano la salute e \u2026 <a title=\"Ricerche di mercato sulla genetica\" class=\"read-more\" href=\"https:\/\/www.sisinternational.com\/it\/soluzioni\/innovazione\/ricerche-di-mercato-sulla-genetica\/\" aria-label=\"Per saperne di pi\u00f9 su Genetics Market Research\">Leggi tutto<\/a><\/p>","protected":false},"author":1,"featured_media":69918,"parent":14459,"menu_order":9,"comment_status":"closed","ping_status":"closed","template":"","meta":{"footnotes":""},"class_list":["post-39699","page","type-page","status-publish","has-post-thumbnail"],"_links":{"self":[{"href":"https:\/\/www.sisinternational.com\/it\/wp-json\/wp\/v2\/pages\/39699","targetHints":{"allow":["GET"]}}],"collection":[{"href":"https:\/\/www.sisinternational.com\/it\/wp-json\/wp\/v2\/pages"}],"about":[{"href":"https:\/\/www.sisinternational.com\/it\/wp-json\/wp\/v2\/types\/page"}],"author":[{"embeddable":true,"href":"https:\/\/www.sisinternational.com\/it\/wp-json\/wp\/v2\/users\/1"}],"replies":[{"embeddable":true,"href":"https:\/\/www.sisinternational.com\/it\/wp-json\/wp\/v2\/comments?post=39699"}],"version-history":[{"count":3,"href":"https:\/\/www.sisinternational.com\/it\/wp-json\/wp\/v2\/pages\/39699\/revisions"}],"predecessor-version":[{"id":81343,"href":"https:\/\/www.sisinternational.com\/it\/wp-json\/wp\/v2\/pages\/39699\/revisions\/81343"}],"up":[{"embeddable":true,"href":"https:\/\/www.sisinternational.com\/it\/wp-json\/wp\/v2\/pages\/14459"}],"wp:featuredmedia":[{"embeddable":true,"href":"https:\/\/www.sisinternational.com\/it\/wp-json\/wp\/v2\/media\/69918"}],"wp:attachment":[{"href":"https:\/\/www.sisinternational.com\/it\/wp-json\/wp\/v2\/media?parent=39699"}],"curies":[{"name":"wp","href":"https:\/\/api.w.org\/{rel}","templated":true}]}}