{"id":39690,"date":"2022-01-18T05:11:24","date_gmt":"2022-01-18T05:11:24","guid":{"rendered":"https:\/\/www.sisinternational.com\/?page_id=39690"},"modified":"2025-09-23T22:27:15","modified_gmt":"2025-09-24T02:27:15","slug":"ricerche-di-mercato-sul-deep-learning","status":"publish","type":"page","link":"https:\/\/www.sisinternational.com\/it\/soluzioni\/innovazione\/ricerche-di-mercato-sul-deep-learning\/","title":{"rendered":"Ricerche di mercato sul deep learning"},"content":{"rendered":"<h1 class=\"wp-block-heading\">Ricerche di mercato sul deep learning<\/h1>\n\n\n\n<figure class=\"gb-block-image gb-block-image-e95e2686\"><img loading=\"lazy\" decoding=\"async\" width=\"1456\" height=\"816\" class=\"gb-image gb-image-e95e2686\" src=\"https:\/\/www.sisinternational.com\/wp-content\/uploads\/2025\/08\/Deep-learning-machine-learning-42.jpg\" alt=\"Ricerca e strategia di mercato internazionale SIS\" title=\"Deep learning machine learning (42)\" srcset=\"https:\/\/www.sisinternational.com\/wp-content\/uploads\/2025\/08\/Deep-learning-machine-learning-42.jpg 1456w, https:\/\/www.sisinternational.com\/wp-content\/uploads\/2025\/08\/Deep-learning-machine-learning-42-300x168.jpg 300w, https:\/\/www.sisinternational.com\/wp-content\/uploads\/2025\/08\/Deep-learning-machine-learning-42-1024x574.jpg 1024w, https:\/\/www.sisinternational.com\/wp-content\/uploads\/2025\/08\/Deep-learning-machine-learning-42-768x430.jpg 768w, https:\/\/www.sisinternational.com\/wp-content\/uploads\/2025\/08\/Deep-learning-machine-learning-42-18x10.jpg 18w\" sizes=\"auto, (max-width: 1456px) 100vw, 1456px\"><\/figure>\n\n\n\n<p><\/p>\n\n\n\n<h2 class=\"wp-block-heading\">Cos&#039;\u00e8 l&#039;apprendimento profondo?<\/h2>\n\n\n\n<p>Il Deep Learning fa parte del Machine Learning. L\u2019obiettivo del Deep Learning \u00e8 rendere l\u2019intelligenza artificiale pi\u00f9 intelligente. Lo fa copiando il modo in cui apprende il cervello umano. Il cervello umano ha reti neurali che ci aiutano a elaborare le informazioni che riceviamo dal mondo. Nel Deep Learning ci sono tre o pi\u00f9 strati di reti neurali artificiali. I livelli consentono al computer di elaborare pi\u00f9 dati. Il computer utilizza i dati per \u201cimparare\u201d dagli esempi. Pertanto, faranno previsioni migliori, portando a risultati pi\u00f9 corretti.<\/p>\n\n\n\n<h2 class=\"wp-block-heading\">Perch\u00e9 il Deep Learning \u00e8 importante?<\/h2>\n\n\n\n<p>I computer hanno oggi pi\u00f9 responsabilit\u00e0 che mai. In futuro, il loro ruolo nelle nostre vite aumenter\u00e0 ancora di pi\u00f9. Ad esempio, confidiamo che le macchine creino programmi per noi. Inoltre, per avvisare le banche delle frodi sulle carte di credito. Le aziende stanno persino costruendo automobili a guida autonoma e macchine didattiche per operare sulle persone. Pertanto, \u00e8 essenziale disporre di IA in grado di apprendere dalle interazioni passate e che necessitino di un minore intervento umano.<\/p>\n\n\n\n<h2 class=\"wp-block-heading\">Ecco alcuni lavori chiave nel deep learning<\/h2>\n\n\n\n<ul class=\"wp-block-list\">\n<li>Analista di ricerca<\/li>\n\n\n\n<li>Scienziato dei dati<\/li>\n\n\n\n<li>Ingegnere dei dati<\/li>\n\n\n\n<li>Scienziato applicato<\/li>\n\n\n\n<li>Ingegnere del software<\/li>\n<\/ul>\n\n\n\n<h2 class=\"wp-block-heading\">Perch\u00e9 le aziende hanno bisogno del Deep Learning?<\/h2>\n\n\n\n<h3 class=\"wp-block-heading\">Protegge dalle frodi<\/h3>\n\n\n\n<p>Many businesses keep essential information <a href=\"https:\/\/www.sisinternational.com\/it\/competenza\/industrie\/societa-di-ricerche-di-mercato-di-panel-online\/\" title=\"Societ\u00e0 di ricerche di mercato di pannelli online\"  data-wpil-monitor-id=\"7937\">online since it protects company<\/a> and client information. But they are still open to cyber-attacks such as fraud. This fraud might cost the company money. It could also give the company a bad name and cause them to lose clients.<\/p>\n\n\n\n<p>Con un&#039;intelligenza artificiale con deep learning, il computer rileva attivit\u00e0 insolite. Dopo che l\u2019intelligenza artificiale ha rilevato la frode, potrebbe suggerire modi per impedirne il verificarsi in futuro.<\/p>\n\n\n\n<h3 class=\"wp-block-heading\">Fornisce i dati attuali<\/h3>\n\n\n\n<p>IL <a href=\"https:\/\/www.sisinternational.com\/it\/soluzioni\/consulenza-strategica\/analisi-dei-dati\/\" title=\"Societ\u00e0 di analisi dei dati\"  data-wpil-monitor-id=\"7935\">data that can affect the company<\/a> is fluid. It changes often and fast. Keeping up with these changes helps <a href=\"https:\/\/www.sisinternational.com\/it\/la-migliore-azienda-di-ricerche-di-mercato-quantitative-a-livello-mondiale\/\" title=\"La migliore societ\u00e0 di ricerche di mercato quantitative a livello mondiale\"  data-wpil-monitor-id=\"7932\">companies to compete in the global market<\/a>. But, it would be hard to do so without AI. Deep Learning takes data and turns it into useful information for the company. Thus, business owners will use the information to make choices. Of course, these choices should benefit the company.<\/p>\n\n\n\n<h2 class=\"wp-block-heading\">Fattori chiave per il successo del deep learning<\/h2>\n\n\n\n<h3 class=\"wp-block-heading\">Molti dati<\/h3>\n\n\n\n<p>Se un&#039;azienda desidera utilizzare un&#039;intelligenza artificiale per il proprio sito o app, deve addestrare la macchina. Questo \u201caddestramento\u201d gli insegna a notare e comprendere i dati che elaborer\u00e0. Pertanto, se l\u2019azienda sceglie di utilizzare il Deep Learning, gli ingegneri dovranno utilizzare molti dati.<\/p>\n\n\n\n<p>Inoltre, l\u2019obiettivo \u00e8 quello di avere un\u2019intelligenza artificiale efficiente che funzioni come il cervello umano. Pertanto, la macchina deve anche ricevere dati di alta qualit\u00e0, che deve annotare. Il processo di annotazione garantisce che i dati siano accessibili al computer per comprenderli e utilizzarli.<\/p>\n\n\n\n<h3 class=\"wp-block-heading\">Collabora con lo sviluppatore<\/h3>\n\n\n\n<p>Sebbene l\u2019azienda non stia sviluppando l\u2019intelligenza artificiale, la utilizzer\u00e0 continuamente. Pertanto, dovrebbero collaborare con lo sviluppatore. Se i tecnici lavorassero da soli, l\u2019intelligenza artificiale potrebbe essere troppo complessa. Ma, quando lavorano insieme, possono decidere quali problemi il machine learning risolver\u00e0. Questa collaborazione render\u00e0 l\u2019intelligenza artificiale pi\u00f9 facile da usare in futuro.<\/p>\n\n\n\n<h3 class=\"wp-block-heading\">Essere pazientare<\/h3>\n\n\n\n<p>Costruire un\u2019intelligenza artificiale che funzioni come un cervello non \u00e8 facile. \u00c8 improbabile che il processo sia perfetto la prima volta. Le aziende devono ricordare che ci sono molti fattori da considerare. Pertanto, devono essere a posto con tentativi ed errori. Ci vuole tempo per creare il giusto sistema di intelligenza artificiale.<\/p>\n\n\n\n<h3 class=\"wp-block-heading\">Informazioni sull&#039;apprendimento profondo<\/h3>\n\n\n\n<p><a href=\"https:\/\/www.sisinternational.com\/it\/competenza\/industrie\/societa-di-ricerche-di-mercato-con-focus-group-pop-up\/\" title=\"Societ\u00e0 di ricerche di mercato Pop Up Focus Group\"  data-wpil-monitor-id=\"7931\">Focus group<\/a> and interviews will help the company decide why they need Deep Learning. <a href=\"https:\/\/www.sisinternational.com\/it\/soluzioni\/soluzioni-di-ricerca-quantitativa-qualitativa\/indagini-di-mercato\/\" title=\"Sondaggio di ricerche di mercato\"  data-wpil-monitor-id=\"7936\">Surveys are another way to do research<\/a>. The survey will inform consumers of Deep Learning. It will also get their views on this kind of Machine Learning.<\/p>\n\n\n\n<p>It is safe to say that Deep Learning is the future of business. But each company needs to do its homework before choosing to add it. That\u2019s why companies need to do <a href=\"https:\/\/www.sisinternational.com\/it\/soluzioni\/soluzioni-di-ricerca-quantitativa-qualitativa\/reclutamento-per-la-ricerca-qualitativa\/\" title=\"Reclutamento per la ricerca qualitativa\"  data-wpil-monitor-id=\"7933\">Qualitative and Quantitative research<\/a>. IL <a href=\"https:\/\/www.sisinternational.com\/it\/competenza\/curriculum-di-esperienza\/ricerca-sul-marchio\/\" title=\"Societ\u00e0 di ricerca sul marchio\"  data-wpil-monitor-id=\"7934\">research will inform the company<\/a> of the best data for machine training.<\/p>\n\n\n\n<p><\/p>","protected":false},"excerpt":{"rendered":"<p>Ricerca di mercato sul Deep Learning Cos&#039;\u00e8 il Deep Learning? Il Deep Learning fa parte del Machine Learning. L&#039;obiettivo del Deep Learning \u00e8 rendere l&#039;Intelligenza Artificiale pi\u00f9 intelligente. Lo fa copiando il modo in cui il cervello umano impara. Il cervello umano ha reti neurali che ci aiutano a elaborare le informazioni che riceviamo dal mondo. \u2026 <a title=\"Ricerche di mercato sul deep learning\" class=\"read-more\" href=\"https:\/\/www.sisinternational.com\/it\/soluzioni\/innovazione\/ricerche-di-mercato-sul-deep-learning\/\" aria-label=\"Per saperne di pi\u00f9 su Deep Learning Market Research\">Leggi tutto<\/a><\/p>","protected":false},"author":1,"featured_media":64419,"parent":14459,"menu_order":7,"comment_status":"closed","ping_status":"closed","template":"","meta":{"footnotes":""},"class_list":["post-39690","page","type-page","status-publish","has-post-thumbnail"],"_links":{"self":[{"href":"https:\/\/www.sisinternational.com\/it\/wp-json\/wp\/v2\/pages\/39690","targetHints":{"allow":["GET"]}}],"collection":[{"href":"https:\/\/www.sisinternational.com\/it\/wp-json\/wp\/v2\/pages"}],"about":[{"href":"https:\/\/www.sisinternational.com\/it\/wp-json\/wp\/v2\/types\/page"}],"author":[{"embeddable":true,"href":"https:\/\/www.sisinternational.com\/it\/wp-json\/wp\/v2\/users\/1"}],"replies":[{"embeddable":true,"href":"https:\/\/www.sisinternational.com\/it\/wp-json\/wp\/v2\/comments?post=39690"}],"version-history":[{"count":3,"href":"https:\/\/www.sisinternational.com\/it\/wp-json\/wp\/v2\/pages\/39690\/revisions"}],"predecessor-version":[{"id":81339,"href":"https:\/\/www.sisinternational.com\/it\/wp-json\/wp\/v2\/pages\/39690\/revisions\/81339"}],"up":[{"embeddable":true,"href":"https:\/\/www.sisinternational.com\/it\/wp-json\/wp\/v2\/pages\/14459"}],"wp:featuredmedia":[{"embeddable":true,"href":"https:\/\/www.sisinternational.com\/it\/wp-json\/wp\/v2\/media\/64419"}],"wp:attachment":[{"href":"https:\/\/www.sisinternational.com\/it\/wp-json\/wp\/v2\/media?parent=39690"}],"curies":[{"name":"wp","href":"https:\/\/api.w.org\/{rel}","templated":true}]}}