{"id":39686,"date":"2022-01-18T04:47:09","date_gmt":"2022-01-18T04:47:09","guid":{"rendered":"https:\/\/www.sisinternational.com\/?page_id=39686"},"modified":"2025-09-23T22:36:54","modified_gmt":"2025-09-24T02:36:54","slug":"ricerche-di-mercato-nel-metaverso","status":"publish","type":"page","link":"https:\/\/www.sisinternational.com\/it\/competenza\/ricerche-di-mercato-nel-metaverso\/","title":{"rendered":"Ricerche di mercato sul Metaverso"},"content":{"rendered":"<h1 class=\"wp-block-heading\">Ricerche di mercato sul Metaverso<\/h1>\n\n\n\n<figure class=\"gb-block-image gb-block-image-35aa4790\"><img loading=\"lazy\" decoding=\"async\" width=\"1456\" height=\"816\" class=\"gb-image gb-image-35aa4790\" src=\"https:\/\/www.sisinternational.com\/wp-content\/uploads\/2025\/08\/Virtual-reality-metaverse-17.jpg\" alt=\"Ricerca e strategia di mercato internazionale SIS\" title=\"Virtual reality metaverse (17)\" srcset=\"https:\/\/www.sisinternational.com\/wp-content\/uploads\/2025\/08\/Virtual-reality-metaverse-17.jpg 1456w, https:\/\/www.sisinternational.com\/wp-content\/uploads\/2025\/08\/Virtual-reality-metaverse-17-300x168.jpg 300w, https:\/\/www.sisinternational.com\/wp-content\/uploads\/2025\/08\/Virtual-reality-metaverse-17-1024x574.jpg 1024w, https:\/\/www.sisinternational.com\/wp-content\/uploads\/2025\/08\/Virtual-reality-metaverse-17-768x430.jpg 768w, https:\/\/www.sisinternational.com\/wp-content\/uploads\/2025\/08\/Virtual-reality-metaverse-17-18x10.jpg 18w\" sizes=\"auto, (max-width: 1456px) 100vw, 1456px\"><\/figure>\n\n\n\n<p><\/p>\n\n\n\n<h2 class=\"wp-block-heading\">Cos&#039;\u00e8 il Metaverso?<\/h2>\n\n\n\n<p>Il Metaverso sar\u00e0 un mondo digitale basato su quello fisico. Quindi, sar\u00e0 una forma alternativa di realt\u00e0. \u00c8 un mix tra realt\u00e0 virtuale (VR) e realt\u00e0 aumentata (AR). Un&#039;altra caratteristica \u00e8 che gli utenti saranno in grado di interagire con l&#039;ambiente circostante e con altre persone utilizzando la tecnologia digitale. Il Metaverso creer\u00e0 una nuova esperienza per gli esseri umani. Molti potrebbero aver sentito il termine \u201cMetaverse\u201d dopo che Facebook si \u00e8 quotato in borsa e ha detto che avrebbe cercato di svilupparlo ulteriormente. Il concetto di Metaverso esisteva molto prima, per\u00f2, nei libri e nei film, e si pu\u00f2 pensarlo come un gioco di realt\u00e0 virtuale pi\u00f9 avanzato. Il Metaverso combiner\u00e0 molte funzioni e servizi online. Ad esempio, riunir\u00e0 acquisti online, pagamenti, riunioni e giochi. Sar\u00e0 un&#039;esperienza a tutto tondo.<\/p>\n\n\n\n<h2 class=\"wp-block-heading\">Perch\u00e9 il Metaverso \u00e8 importante?<\/h2>\n\n\n\n<p>The Metaverse is the direction that tech is heading. So, like it or not, it will soon be a part of our lives. Furthermore, many <a href=\"https:\/\/www.sisinternational.com\/it\/soluzioni\/prova-del-gusto\/product-testing-for-companies\/\" title=\"Product Testing for Companies\"  data-wpil-monitor-id=\"8413\">companies have been going into creating products<\/a> and services for Metaverse use. Other companies have been trying out the benefits that the Metaverse will offer. For instance, one business entity was able to host a virtual gallery and art show. The Metaverse will change how we conduct business and even our everyday lives. Above all, it will create easy ways to connect, socialize and work. Knowing what it is and how to stay ahead of the game is essential in business.<\/p>\n\n\n\n<h2 class=\"wp-block-heading\">Titoli di lavoro chiave<\/h2>\n\n\n\n<p>A causa della vasta natura del Metaverso, una vasta gamma di lavori sar\u00e0 in grado di soddisfarlo. Si apriranno quindi posizioni legate alla sua creazione, ai servizi che pu\u00f2 fornire e alle attivit\u00e0 ricreative. Per ora, la gamma di questi titoli e funzioni lavorative pu\u00f2 solo riposare nella nostra immaginazione. Di conseguenza, questi nuovi lavori copriranno vari campi, tra cui IT, affari e marketing.<\/p>\n\n\n\n<h2 class=\"wp-block-heading\">Titolo di lavoro:<\/h2>\n\n\n\n<ul class=\"wp-block-list\">\n<li>Sviluppatore di software<\/li>\n\n\n\n<li>Marketing Manager<\/li>\n\n\n\n<li>Consulente patrimoniale<\/li>\n\n\n\n<li>Avvocato<\/li>\n\n\n\n<li>Progettista di giochi<\/li>\n\n\n\n<li>Videografo<\/li>\n\n\n\n<li>Produttore<\/li>\n\n\n\n<li>Produttore di dati<\/li>\n\n\n\n<li>ArtistaCharacter Designer<\/li>\n\n\n\n<li>Creatore di motion capture<\/li>\n\n\n\n<li>Geotagger<\/li>\n\n\n\n<li>Mappatore spaziale<\/li>\n<\/ul>\n\n\n\n<h2 class=\"wp-block-heading\">Perch\u00e9 le aziende hanno bisogno del Metaverso<\/h2>\n\n\n\n<p>The Metaverse will help companies step up their game, allow them to market to a broader audience, and increase innovation. Moreover, it will revamp <a href=\"https:\/\/www.sisinternational.com\/it\/soluzioni\/prova-del-gusto\/servizi-di-test-di-prodotto-a-new-york\/\" title=\"Servizi di test di prodotto a New York\"  data-wpil-monitor-id=\"8414\">products and services<\/a>. It will also make business systems and customer relations work better. Businesses will have the chance to thrive in unique ways. The Metaverse will bring about a lot of notable changes. The companies that adopt it early will benefit most. Businesses need the Metaverse to push a new era and new opportunities.<\/p>\n\n\n\n<h2 class=\"wp-block-heading\">Fattori chiave del successo<\/h2>\n\n\n\n<p>For companies to be successful in the Metaverse, they have to think ahead. Hence creative thinking is essential to take advantage of opportunities. Companies have also to be willing to adapt. Staying hooked on old <a href=\"https:\/\/www.sisinternational.com\/it\/pubblicazioni\/ricerche-di-mercato-per-un-business-scalabile-7-modi-per-costruire-un-business-scalabile\/\" title=\"Ricerche di mercato per aziende scalabili: 7 modi per costruire un business scalabile\"  data-wpil-monitor-id=\"8412\">ways will blind businesses<\/a> from jumping on lucrative trends. The new marketing tactics the Metaverse will afford will also be essential. The virtual reality world will provide many options to get products to new audiences. As a result, using them will skyrocket popularity and, if done well, profits.<\/p>\n\n\n\n<h2 class=\"wp-block-heading\">A proposito del Metaverso<\/h2>\n\n\n\n<p>Il Metaverso \u00e8 pieno di potenziale e fornir\u00e0 un nuovo modo di vivere. C\u2019\u00e8 molto da aspettarsi quando si tratta di affari. Gli sviluppatori ci stanno ancora lavorando. Questo enorme concetto avr\u00e0 bisogno di molto lavoro per decollare. La ricerca quantitativa, qualitativa e strategica costituisce una parte importante di questo lavoro. Questi metodi consentono un\u2019analisi approfondita per consentire il buon avvio di un\u2019operazione cos\u00ec grande. Tale ricerca molto probabilmente assumer\u00e0 la forma di interviste, focus group e sondaggi.<\/p>\n\n\n\n<p><\/p>","protected":false},"excerpt":{"rendered":"<p>Il Metaverso \u00e8 un mondo digitale basato su quello fisico. \u00c8 un mix tra realt\u00e0 virtuale (VR) e realt\u00e0 aumentata (AR).<\/p>","protected":false},"author":1,"featured_media":64018,"parent":14514,"menu_order":91,"comment_status":"closed","ping_status":"closed","template":"","meta":{"footnotes":""},"class_list":["post-39686","page","type-page","status-publish","has-post-thumbnail"],"_links":{"self":[{"href":"https:\/\/www.sisinternational.com\/it\/wp-json\/wp\/v2\/pages\/39686","targetHints":{"allow":["GET"]}}],"collection":[{"href":"https:\/\/www.sisinternational.com\/it\/wp-json\/wp\/v2\/pages"}],"about":[{"href":"https:\/\/www.sisinternational.com\/it\/wp-json\/wp\/v2\/types\/page"}],"author":[{"embeddable":true,"href":"https:\/\/www.sisinternational.com\/it\/wp-json\/wp\/v2\/users\/1"}],"replies":[{"embeddable":true,"href":"https:\/\/www.sisinternational.com\/it\/wp-json\/wp\/v2\/comments?post=39686"}],"version-history":[{"count":4,"href":"https:\/\/www.sisinternational.com\/it\/wp-json\/wp\/v2\/pages\/39686\/revisions"}],"predecessor-version":[{"id":81411,"href":"https:\/\/www.sisinternational.com\/it\/wp-json\/wp\/v2\/pages\/39686\/revisions\/81411"}],"up":[{"embeddable":true,"href":"https:\/\/www.sisinternational.com\/it\/wp-json\/wp\/v2\/pages\/14514"}],"wp:featuredmedia":[{"embeddable":true,"href":"https:\/\/www.sisinternational.com\/it\/wp-json\/wp\/v2\/media\/64018"}],"wp:attachment":[{"href":"https:\/\/www.sisinternational.com\/it\/wp-json\/wp\/v2\/media?parent=39686"}],"curies":[{"name":"wp","href":"https:\/\/api.w.org\/{rel}","templated":true}]}}