{"id":39676,"date":"2022-01-18T03:46:41","date_gmt":"2022-01-18T03:46:41","guid":{"rendered":"https:\/\/www.sisinternational.com\/?page_id=39676"},"modified":"2026-01-25T16:48:56","modified_gmt":"2026-01-25T21:48:56","slug":"ricerche-di-mercato-a-austin-texas","status":"publish","type":"page","link":"https:\/\/www.sisinternational.com\/it\/copertura\/north-america\/copertura-degli-stati-uniti\/ricerche-di-mercato-a-austin-texas\/","title":{"rendered":"Ricerche di mercato ad Austin"},"content":{"rendered":"<h1 class=\"wp-block-heading\">Ricerche di mercato ad Austin<\/h1>\n\n\n\n<figure class=\"gb-block-image gb-block-image-69c822d6\"><img loading=\"lazy\" decoding=\"async\" width=\"1456\" height=\"816\" class=\"gb-image gb-image-69c822d6\" src=\"https:\/\/www.sisinternational.com\/wp-content\/uploads\/2025\/09\/Austin-Texas-4-2.jpg\" alt=\"Ricerca e strategia di mercato internazionale SIS\" title=\"Austin Texas 4 (2)\" srcset=\"https:\/\/www.sisinternational.com\/wp-content\/uploads\/2025\/09\/Austin-Texas-4-2.jpg 1456w, https:\/\/www.sisinternational.com\/wp-content\/uploads\/2025\/09\/Austin-Texas-4-2-300x168.jpg 300w, https:\/\/www.sisinternational.com\/wp-content\/uploads\/2025\/09\/Austin-Texas-4-2-1024x574.jpg 1024w, https:\/\/www.sisinternational.com\/wp-content\/uploads\/2025\/09\/Austin-Texas-4-2-768x430.jpg 768w, https:\/\/www.sisinternational.com\/wp-content\/uploads\/2025\/09\/Austin-Texas-4-2-18x10.jpg 18w\" sizes=\"auto, (max-width: 1456px) 100vw, 1456px\"><\/figure>\n\n\n\n<p><\/p>\n\n\n\n<hr class=\"wp-block-separator has-alpha-channel-opacity is-style-dots\"\/>\n\n\n\n<p><span style=\"font-weight: 400;\">Austin emerge rapidamente come una potenza economica, fondendo una scena tecnologica dinamica con un vivace panorama culturale. Pertanto, la ricerca di mercato ad Austin \u00e8 fondamentale per le aziende che mirano a trarre vantaggio da questa crescita e rimanere all\u2019avanguardia in un ambiente competitivo.<\/span><\/p>\n\n\n\n<h2 class=\"wp-block-heading\"><strong>Cos&#039;\u00e8 la ricerca di mercato ad Austin?<\/strong><\/h2>\n\n\n\n<p><span style=\"font-weight: 400;\">La ricerca di mercato ad Austin include la comprensione dei comportamenti dei consumatori, delle tendenze del mercato e delle dinamiche competitive specifiche di Austin. Fornisce informazioni utili che guidano la pianificazione strategica e l&#039;innovazione. Consente alle aziende di identificare opportunit\u00e0, mitigare i rischi e migliorare il proprio vantaggio competitivo.&nbsp;<\/span><\/p>\n\n\n\n<h2 class=\"wp-block-heading\"><strong>Perch\u00e9 le aziende hanno bisogno di ricerche di mercato ad Austin?<\/strong><\/h2>\n\n\n\n<p><span style=\"font-weight: 400;\">Condurre ricerche di mercato ad Austin aiuta le aziende a identificare e comprendere il proprio pubblico di destinazione. Questa conoscenza \u00e8 fondamentale per lo sviluppo di prodotti e servizi che soddisfino le esigenze e le preferenze dei residenti di Austin.&nbsp;<\/span><\/p>\n\n\n\n<p><span style=\"font-weight: 400;\">Inoltre, la ricerca di mercato ad Austin \u00e8 essenziale per l&#039;analisi competitiva. Con la rapida crescita della citt\u00e0, emergono costantemente nuovi concorrenti. Le ricerche di mercato aiutano le aziende a rimanere all\u2019avanguardia fornendo approfondimenti sulle strategie, sui punti di forza e di debolezza della concorrenza.&nbsp; <\/span><span style=\"font-weight: 400;\">Inoltre, le ricerche di mercato ad Austin supportano il processo decisionale strategico. Fornisce approfondimenti basati sui dati che guidano le strategie aziendali, dallo sviluppo del prodotto al marketing e alle vendite.&nbsp;<\/span><\/p>\n\n\n\n<h2 class=\"wp-block-heading\"><strong>Chi utilizza le ricerche di mercato ad Austin?<\/strong><\/h2>\n\n\n\n<p><b>Aziende tecnologiche<\/b><span style=\"font-weight: 400;\"> sono tra i principali utenti, sfruttando le ricerche di mercato ad Austin per comprendere le tendenze e le preferenze dei consumatori in una citt\u00e0 nota per la sua innovazione e la cultura delle startup. Queste intuizioni li aiutano a sviluppare prodotti e servizi all\u2019avanguardia che soddisfano le esigenze di una popolazione esperta di tecnologia.<\/span><\/p>\n\n\n\n<p><b>Imprese al dettaglio<\/b><span style=\"font-weight: 400;\"> fanno molto affidamento anche sulle ricerche di mercato ad Austin. Comprendendo i comportamenti e le preferenze di acquisto locali, i rivenditori possono personalizzare le proprie offerte e strategie di marketing per attirare e fidelizzare i clienti. Ci\u00f2 \u00e8 particolarmente importante in una citt\u00e0 con una popolazione diversificata e in crescita, dove i gusti dei consumatori variano ampiamente.<\/span><\/p>\n\n\n\n<p><a href=\"https:\/\/www.sisinternational.com\/it\/creazione-di-organi-tramite-stampanti-3d\/\" title=\"Creazione di organi e ricerche di mercato sulle stampanti 3D\"  data-wpil-monitor-id=\"2314\">Healthcare organizations in Austin use market research<\/a> to better understand patient needs and improve service delivery. With the city&#8217;s expanding healthcare sector, these insights are crucial for enhancing patient experiences and outcomes.<\/span><\/p>\n\n\n\n<p><b>Istituzioni educative<\/b><span style=\"font-weight: 400;\"> E <\/span><b>agenzie governative<\/b><span style=\"font-weight: 400;\"> beneficiano anche delle ricerche di mercato ad Austin. Le scuole e le universit\u00e0 lo utilizzano per comprendere la demografia degli studenti e i bisogni educativi, mentre le agenzie governative lo utilizzano per informare le decisioni politiche e i programmi comunitari.<\/span><\/p>\n\n\n\n<h2 class=\"wp-block-heading\"><strong>Risultati attesi dalla ricerca di mercato della SIS ad Austin<\/strong><\/h2>\n\n\n\n<p><b>Processo decisionale migliorato<\/b><span style=\"font-weight: 400;\">&nbsp;<\/span><\/p>\n\n\n\n<p><span style=\"font-weight: 400;\">Le ricerche di mercato ad Austin forniscono alle aziende i dati e le informazioni necessarie per prendere decisioni informate. Le aziende possono sviluppare strategie efficaci ed efficienti comprendendo le tendenze del mercato, il comportamento dei consumatori e le dinamiche competitive.<\/span><\/p>\n\n\n\n<p><b>Targeting dei clienti migliorato<\/b><span style=\"font-weight: 400;\">&nbsp;<\/span><\/p>\n\n\n\n<p><span style=\"font-weight: 400;\">Analizzando i dati demografici locali e le preferenze dei consumatori, le aziende possono indirizzare meglio i propri sforzi di marketing. Ci\u00f2 porta a un maggiore coinvolgimento e a tassi di conversione migliori, con conseguente aumento delle vendite e dei ricavi.<\/span><\/p>\n\n\n\n<p><b>Aumento del vantaggio competitivo<\/b><span style=\"font-weight: 400;\">&nbsp;<\/span><\/p>\n\n\n\n<p><a href=\"https:\/\/www.linkedin.com\/company\/sisinternationalresearch\/\" target=\"_blank\" rel=\"noopener\"><span style=\"font-weight: 400;\">SIS Internazionale<\/span><\/a><span style=\"font-weight: 400;\"> fornisce informazioni sui punti di forza e di debolezza dei concorrenti. Sfruttando queste informazioni, le aziende possono sviluppare strategie in grado di sfruttare le opportunit\u00e0 di mercato e differenziarsi dalla concorrenza.<\/span><\/p>\n\n\n\n<p><b>Sviluppo prodotto ottimizzato<\/b><span style=\"font-weight: 400;\">&nbsp;<\/span><\/p>\n\n\n\n<p><span style=\"font-weight: 400;\">Comprendere le esigenze e le preferenze dei consumatori di Austin consente alle aziende di sviluppare prodotti e servizi che soddisfano meglio le richieste del mercato. Ci\u00f2 aumenta la probabilit\u00e0 di successo del prodotto e di soddisfazione del cliente.<\/span><\/p>\n\n\n\n<p><b>Mitigazione del rischio<\/b><span style=\"font-weight: 400;\">&nbsp;<\/span><\/p>\n\n\n\n<p><span style=\"font-weight: 400;\">Identifying potential <a href=\"https:\/\/www.sisinternational.com\/it\/competenza\/industrie\/ricerche-di-mercato-sui-vaccini\/\" title=\"Ricerche di mercato sui vaccini\" data-wpil-monitor-id=\"3753\">market risks through research<\/a> consente alle aziende di sviluppare strategie per mitigare questi rischi. Questo approccio proattivo aiuta a garantire stabilit\u00e0 e successo a lungo termine.<\/span><\/p>\n\n\n\n<h2 class=\"wp-block-heading\"><strong>Industrie chiave ad Austin<\/strong><\/h2>\n\n\n\n<p><span style=\"font-weight: 400;\">Numerose industrie chiave guidano la diversificata economia di Austin, ciascuna contribuendo in modo significativo alla crescita e allo sviluppo della citt\u00e0.<\/span><\/p>\n\n\n\n<p><b>Tecnologia<\/b><\/p>\n\n\n\n<p><span style=\"font-weight: 400;\">Austin \u00e8 spesso chiamata &quot;Silicon Hills&quot; per via della sua fiorente scena tecnologica. Aziende come Dell Technologies, Apple e IBM svolgono qui importanti operazioni, promuovendo un solido ecosistema di innovazione e imprenditorialit\u00e0. La presenza di numerose startup rafforza ulteriormente la reputazione della citt\u00e0 come polo tecnologico.<\/span><\/p>\n\n\n\n<p><b>Assistenza sanitaria<\/b><\/p>\n\n\n\n<p><span style=\"font-weight: 400;\">Il settore sanitario ad Austin \u00e8 in rapida espansione, con istituzioni come St. David&#039;s HealthCare e Seton Healthcare Family in testa. I progressi nella tecnologia medica e una popolazione in crescita hanno stimolato la domanda di servizi sanitari, rendendolo un settore fondamentale per la citt\u00e0.<\/span><\/p>\n\n\n\n<p><b>Formazione scolastica<\/b><\/p>\n\n\n\n<p><span style=\"font-weight: 400;\">Il settore dell&#039;istruzione, con istituzioni importanti come l&#039;Universit\u00e0 del Texas ad Austin, fornisce un importante contributo all&#039;economia locale. Queste istituzioni forniscono istruzione e guidano la ricerca e l\u2019innovazione in vari campi.<\/span><\/p>\n\n\n\n<p><b>Vedere al dettaglio<\/b><\/p>\n\n\n\n<p><span style=\"font-weight: 400;\">Le attivit\u00e0 commerciali al dettaglio di Austin traggono vantaggio dalla crescente popolazione della citt\u00e0 e dall&#039;industria del turismo. Aziende come Whole Foods Market, fondata ad Austin, e varie boutique e negozi locali si rivolgono a una base di clienti diversificata e benestante.<\/span><\/p>\n\n\n\n<p><b>Spettacolo e Turismo<\/b><\/p>\n\n\n\n<p><span style=\"font-weight: 400;\">Austin \u00e8 rinomata per la sua scena musicale, i festival culturali e la vivace vita notturna. Il festival South by Southwest (SXSW) attrae migliaia di visitatori ogni anno, dando impulso all&#039;economia locale. Questo settore \u00e8 fondamentale nel plasmare l&#039;identit\u00e0 culturale e il panorama economico della citt\u00e0.<\/span><\/p>\n\n\n\n<h2 class=\"wp-block-heading\"><strong>Principali attori nel mercato di Austin<\/strong><\/h2>\n\n\n\n<p><span style=\"font-weight: 400;\">Il mercato di Austin ospita numerosi attori leader in vari settori, ciascuno dei quali contribuisce al dinamico ambiente economico della citt\u00e0.<\/span><\/p>\n\n\n\n<p><b>\u2022 Tecnologie Dell<\/b><span style=\"font-weight: 400;\"> \u00e8 una pietra angolare del settore tecnologico di Austin. Fornisce una gamma di soluzioni informatiche e impiega migliaia di residenti. La sua presenza ha catalizzato la crescita di numerose startup tecnologiche e attivit\u00e0 ausiliarie.<\/span><\/p>\n\n\n\n<p><b>\u2022 Mercato degli alimenti integrali<\/b><span style=\"font-weight: 400;\">, con sede ad Austin, ha rivoluzionato il settore alimentare, concentrandosi su alimenti biologici e naturali. Ora una filiale di Amazon, continua a influenzare il panorama della vendita al dettaglio a livello locale e nazionale.<\/span><\/p>\n\n\n\n<p><b>\u2022SXSW<\/b><span style=\"font-weight: 400;\"> \u00e8 un importante motore culturale ed economico ad Austin. Questo evento annuale riunisce professionisti della musica, del cinema e della tecnologia, generando un&#039;attivit\u00e0 economica significativa e un&#039;attenzione globale per la citt\u00e0.<\/span><\/p>\n\n\n\n<p><b>\u2022 The University of Texas at <a href=\"https:\/\/www.sisinternational.com\/it\/copertura\/le-americhe\/copertura-degli-stati-uniti\/ricerche-di-mercato-in-texas\/\" title=\"Ricerche di mercato in Texas\" data-wpil-monitor-id=\"6082\">Austin<\/a><\/b><span style=\"font-weight: 400;\"> \u00e8 cruciale nell\u2019istruzione e nella ricerca. I suoi contributi alla tecnologia, alla sanit\u00e0 e ad altri campi hanno un profondo impatto sull\u2019economia locale e non solo.<\/span><\/p>\n\n\n\n<h2 class=\"wp-block-heading\"><strong>Principali attrazioni turistiche di Austin<\/strong><\/h2>\n\n\n\n<p><span style=\"font-weight: 400;\">Austin \u00e8 famosa per la sua vivace cultura e le sue attrazioni uniche, che la rendono una popolare destinazione turistica. L&#039;eclettico mix di musica, arte e attivit\u00e0 all&#039;aperto della citt\u00e0 offre qualcosa per tutti.<\/span><\/p>\n\n\n\n<ol class=\"wp-block-list\">\n<li><b> Il Campidoglio dello stato del Texas<\/b><span style=\"font-weight: 400;\"> \u00e8 una meraviglia architettonica, pi\u00f9 grande del Campidoglio degli Stati Uniti a Washington, DC. I visitatori possono esplorare l&#039;edificio storico e i suoi splendidi giardini e conoscere la storia e il governo del Texas.<\/span><\/li>\n\n\n\n<li><b> Lago Lady Bird<\/b><span style=\"font-weight: 400;\"> \u00e8 un bacino idrico panoramico nel cuore di Austin, perfetto per gli appassionati di attivit\u00e0 all&#039;aria aperta. I visitatori possono divertirsi in kayak, paddleboarding o semplicemente passeggiare lungo il sentiero escursionistico e ciclabile di Ann e Roy Butler che circonda il lago.<\/span><\/li>\n\n\n\n<li><b> Piscina di Barton Springs<\/b><span style=\"font-weight: 400;\">&nbsp;\u00e8 una piscina naturale alimentata da una sorgente che mantiene una temperatura rinfrescante tutto l&#039;anno. \u00c8 un luogo popolare per nuotare e fare picnic e offre una tregua dal caldo del Texas.<\/span><\/li>\n\n\n\n<li><b> South Congress Avenue (SoCo)<\/b><span style=\"font-weight: 400;\"> \u00e8 un quartiere vivace noto per i suoi negozi eclettici, i ristoranti alla moda e i locali con musica dal vivo. Incarna lo spirito di Austin ed \u00e8 una zona imperdibile per coloro che desiderano sperimentare la cultura unica della citt\u00e0.<\/span><\/li>\n\n\n\n<li><b>5. La Biblioteca presidenziale LBJ<\/b> offre numerose informazioni sulla sua presidenza e sulla sua eredit\u00e0. Le mostre del museo forniscono informazioni su un&#039;epoca cruciale nella storia americana.<\/li>\n<\/ol>\n\n\n\n<h2 class=\"wp-block-heading\">Quartieri<\/h2>\n\n\n\n<figure class=\"gb-block-image gb-block-image-23742671\"><img loading=\"lazy\" decoding=\"async\" width=\"1456\" height=\"816\" class=\"gb-image gb-image-23742671\" src=\"https:\/\/www.sisinternational.com\/wp-content\/uploads\/2025\/09\/Austin-Texas-4-1.jpg\" alt=\"Ricerca e strategia di mercato internazionale SIS\" title=\"Austin Texas 4 (1)\" srcset=\"https:\/\/www.sisinternational.com\/wp-content\/uploads\/2025\/09\/Austin-Texas-4-1.jpg 1456w, https:\/\/www.sisinternational.com\/wp-content\/uploads\/2025\/09\/Austin-Texas-4-1-300x168.jpg 300w, https:\/\/www.sisinternational.com\/wp-content\/uploads\/2025\/09\/Austin-Texas-4-1-1024x574.jpg 1024w, https:\/\/www.sisinternational.com\/wp-content\/uploads\/2025\/09\/Austin-Texas-4-1-768x430.jpg 768w, https:\/\/www.sisinternational.com\/wp-content\/uploads\/2025\/09\/Austin-Texas-4-1-18x10.jpg 18w\" sizes=\"auto, (max-width: 1456px) 100vw, 1456px\"><\/figure>\n\n\n\n<p><\/p>\n\n\n\n<p>The Hills \u00e8 per chi ama la vita da country club. Offre ai residenti nuoto, spa, golf e centri fitness. Le case sono belle e anche i cortili sono dello stesso livello. The Hills offre ai residenti anche uno stile di vita da pranzo informale.<\/p>\n\n\n\n<p>Wimberley \u00e8 un&#039;altra ottima opzione. Questo quartiere ha case familiari con molte stanze e lotti che si estendono per ettari. L&#039;arte locale al Wimberley Fine Art Center \u00e8 sempre aperta alla gente del posto. Inoltre, possono rinfrescarsi durante le giornate calde nella piscina del Blue Hole. C&#039;\u00e8 anche Wimberley Zipline Adventures se desideri una vista unica sulla citt\u00e0.<\/p>\n\n\n\n<p>Hutto \u00e8 uno dei sobborghi pi\u00f9 sicuri di Austin. Ha un basso tasso di criminalit\u00e0 e molte case spaziose in vendita, ideali per famiglie numerose.<\/p>\n\n\n\n<h2 class=\"wp-block-heading\">Industrie chiave<\/h2>\n\n\n\n<p>Lo stato ha un&#039;economia forte legata a settori commerciali come l&#039;industria manifatturiera e le telecomunicazioni. Altre attivit\u00e0 includono servizi finanziari, difesa IT, sicurezza, gestione dei dati, tecnologia spaziale e scienze della vita.<\/p>\n\n\n\n<p>Fieno e foraggio sono le seconde colture pi\u00f9 popolari coltivate dai produttori e da loro vendute. Attualmente sono coltivati oltre 37mila acri. Altre colture importanti sono mais, cotone, riso, meloni, uva da vino e colture speciali.<\/p>\n\n\n\n<h2 class=\"wp-block-heading\">Tendenze<\/h2>\n\n\n\n<p>L&#039;economia di Austin \u00e8 forte e sana ed \u00e8 una citt\u00e0 in rapida crescita. I servizi professionali e aziendali sono i settori che guidano l&#039;economia di Austin. Oggi l\u2019atmosfera \u00e8 guidata dalla tecnologia. Pertanto, \u00e8 un luogo eccellente per la produzione avanzata. \u00c8 perfetto anche per le innovazioni nel campo dei semiconduttori, delle nanotecnologie e della tecnologia automobilistica.<\/p>\n\n\n\n<h2 class=\"wp-block-heading\"><strong>Driver di mercato<\/strong><\/h2>\n\n\n\n<p><span style=\"font-weight: 400;\">L&#039;industria tecnologica \u00e8 uno dei principali motori dell&#039;economia di Austin, con l&#039;innovazione continua e un forte spirito imprenditoriale che alimentano la crescita. La presenza di grandi aziende tecnologiche e di un fiorente ecosistema di startup attrae talenti e investimenti, stimolando l\u2019attivit\u00e0 economica e la creazione di posti di lavoro.<\/span><\/p>\n\n\n\n<p><span style=\"font-weight: 400;\">La crescita demografica di Austin \u00e8 un altro importante motore di mercato. L&#039;attraente qualit\u00e0 della vita della citt\u00e0, comprese le sue offerte culturali e il costo della vita relativamente basso rispetto ad altri hub tecnologici, continua ad attrarre nuovi residenti. Questo afflusso di persone stimola la domanda di alloggi, vendita al dettaglio e servizi, contribuendo all&#039;espansione economica complessiva.<\/span><\/p>\n\n\n\n<p><span style=\"font-weight: 400;\">Turismo e intrattenimento sono fattori chiave, con eventi come SXSW e Austin City Limits che attirano visitatori da tutto il mondo. Questi eventi generano un\u2019attivit\u00e0 economica sostanziale, avvantaggiano le imprese locali e promuovono Austin come destinazione vivace.<\/span><\/p>\n\n\n\n<h2 class=\"wp-block-heading\"><strong>Restrizioni del mercato<\/strong><\/h2>\n\n\n\n<p><span style=\"font-weight: 400;\">Uno dei principali ostacoli \u00e8 il rapido ritmo di crescita della popolazione, che ha portato a una pressione significativa sulle infrastrutture della citt\u00e0. La congestione del traffico e l\u2019aumento dei costi immobiliari sono problemi attuali che incidono sulla qualit\u00e0 della vita e sulle attivit\u00e0 commerciali. Affrontare queste sfide richiede sforzi coordinati sia da parte del settore pubblico che di quello privato.<\/span><\/p>\n\n\n\n<p><span style=\"font-weight: 400;\">Il panorama competitivo ad Austin \u00e8 intenso, in particolare nel settore tecnologico. Se da un lato ci\u00f2 stimola l\u2019innovazione, dall\u2019altro significa anche che le aziende devono evolversi continuamente per mantenere il proprio vantaggio competitivo. L\u2019elevato livello di concorrenza pu\u00f2 costituire un ostacolo per i nuovi operatori e per le imprese pi\u00f9 piccole che cercano di affermarsi.<\/span><\/p>\n\n\n\n<p><span style=\"font-weight: 400;\">Le disparit\u00e0 economiche all\u2019interno della citt\u00e0 rappresentano un\u2019altra sfida. Mentre alcune aree di Austin prosperano, altre lottano contro la povert\u00e0 e l\u2019accesso limitato alle risorse. Questa disparit\u00e0 pu\u00f2 avere un impatto sul comportamento dei consumatori e sul potenziale del mercato, rendendo necessarie strategie mirate per coinvolgere le comunit\u00e0 svantaggiate.<\/span><\/p>\n\n\n\n<h2 class=\"wp-block-heading\">Base dei consumatori<\/h2>\n\n\n\n<p>Ad Austin, in Texas, le persone spendono i loro guadagni in articoli per la casa. A loro piace anche l&#039;intrattenimento. Queste due cose sono una parte importante della vita delle persone ad Austin.<\/p>\n\n\n\n<h2 class=\"wp-block-heading\">Motivi per avviare un&#039;attivit\u00e0 ad Austin, Texas<\/h2>\n\n\n\n<p>Austin \u00e8 la capitale del Texas, il che rende molto pi\u00f9 accessibile l&#039;avvio di un&#039;attivit\u00e0 l\u00ec. Questa splendida localit\u00e0 offre un&#039;eccellente vita notturna, splendidi paesaggi montani e altre attrazioni culturali, che la rendono uno dei posti migliori per una start-up. Molte piattaforme immobiliari hanno pubblicato dati che dimostrano che Austin ha ottimi tassi di avvio di imprese.<\/p>\n\n\n\n<h2 class=\"wp-block-heading\"><strong>In che modo le ricerche di mercato di SIS International ad Austin aiutano le aziende<\/strong><\/h2>\n\n\n\n<p><a href=\"https:\/\/twitter.com\/SISIntlResearch\" target=\"_blank\" rel=\"noopener\"><span style=\"font-weight: 400;\">SIS<\/span><\/a><span style=\"font-weight: 400;\"> aiuta le aziende a ridurre i rischi, aumentare i ricavi e accelerare la crescita. SIS International consente alle aziende di prendere decisioni informate che guidano il successo fornendo informazioni utili sulle tendenze del mercato e sul comportamento dei consumatori.<\/span><\/p>\n\n\n\n<p><b>Riduzione del rischio<\/b><span style=\"font-weight: 400;\">&nbsp;<\/span><\/p>\n\n\n\n<p><span style=\"font-weight: 400;\">Il SIS identifica potenziali rischi e sfide attraverso un&#039;analisi di mercato completa, consentendo alle aziende di sviluppare strategie di mitigazione. Questo approccio proattivo garantisce stabilit\u00e0 a lungo termine e riduce al minimo l\u2019impatto di eventi imprevisti.<\/span><\/p>\n\n\n\n<p><b>Aumento delle entrate<\/b><span style=\"font-weight: 400;\">&nbsp;<\/span><\/p>\n\n\n\n<p><span style=\"font-weight: 400;\">Le ricerche di mercato ad Austin aiutano le aziende a comprendere le preferenze e i comportamenti dei consumatori, consentendo loro di personalizzare in modo efficace le proprie offerte e strategie di marketing. Ci\u00f2 porta ad una maggiore soddisfazione del cliente e ad un aumento delle vendite, con un conseguente aumento delle entrate.<\/span><\/p>\n\n\n\n<p><b>Crescita accelerata<\/b><span style=\"font-weight: 400;\">&nbsp;<\/span><\/p>\n\n\n\n<p><span style=\"font-weight: 400;\">SIS International aiuta le aziende a sfruttare il potenziale di crescita identificando opportunit\u00e0 di mercato e tendenze emergenti. Ci\u00f2 include l\u2019esplorazione di nuovi mercati, lo sviluppo di prodotti innovativi e l\u2019espansione delle operazioni per soddisfare la domanda.<\/span><\/p>\n\n\n\n<p><b>Innovazione e vantaggio competitivo<\/b><span style=\"font-weight: 400;\">&nbsp;<\/span><\/p>\n\n\n\n<p><span style=\"font-weight: 400;\">Il nostro team fornisce approfondimenti sulle strategie della concorrenza e sulle dinamiche di mercato, aiutando le aziende a rimanere al passo con i tempi. Ci\u00f2 favorisce l\u2019innovazione e consente alle aziende di sviluppare proposte di valore uniche che le differenziano dalla concorrenza.<\/span><\/p>\n\n\n\n<p><b>ROI migliorato<\/b><span style=\"font-weight: 400;\">&nbsp;<\/span><\/p>\n\n\n\n<p><span style=\"font-weight: 400;\">Con approfondimenti basati sui dati, le aziende possono ottimizzare le proprie operazioni e gli sforzi di marketing, ottenendo maggiori ritorni sugli investimenti. Ci\u00f2 include un\u2019efficiente allocazione delle risorse, campagne di marketing mirate e pianificazione strategica basata su dati di mercato affidabili.<\/span><\/p>\n\n\n\n<h2 class=\"wp-block-heading\"><strong>A proposito di SIS Internazionale<\/strong><\/h2>\n\n\n\n<p><a href=\"https:\/\/www.sisinternational.com\/it\/\"><span style=\"font-weight: 400;\">SIS Internazionale<\/span><\/a><span style=\"font-weight: 400;\"> offre ricerca quantitativa, qualitativa e strategica. Forniamo dati, strumenti, strategie, report e approfondimenti per il processo decisionale. Conduciamo anche interviste, sondaggi, focus group e altri metodi e approcci di ricerca di mercato.<\/span><a href=\"https:\/\/www.sisinternational.com\/it\/sulla-sua-ricerca-internazionale\/contact-sis-international-market-research\/\"><span style=\"font-weight: 400;\"> Contattaci<\/span><\/a><span style=\"font-weight: 400;\"> per il tuo prossimo progetto di ricerca di mercato.<\/span><\/p>\n\n\n\n<p><\/p>","protected":false},"excerpt":{"rendered":"<p>Ricerche di mercato ad Austin Austin emerge rapidamente come una potenza aziendale, fondendo una scena tecnologica dinamica con un vivace panorama culturale. Pertanto, la ricerca di mercato ad Austin \u00e8 fondamentale per le aziende che mirano a trarre vantaggio da questa crescita e rimanere all\u2019avanguardia in un ambiente competitivo. Cos&#039;\u00e8 la ricerca di mercato ad Austin? La ricerca di mercato ad Austin include la comprensione... <a title=\"Ricerche di mercato ad Austin\" class=\"read-more\" href=\"https:\/\/www.sisinternational.com\/it\/copertura\/north-america\/copertura-degli-stati-uniti\/ricerche-di-mercato-a-austin-texas\/\" aria-label=\"Per saperne di pi\u00f9 su Ricerche di mercato ad Austin\">Leggi tutto<\/a><\/p>","protected":false},"author":1,"featured_media":66506,"parent":19303,"menu_order":57,"comment_status":"closed","ping_status":"closed","template":"","meta":{"footnotes":""},"class_list":["post-39676","page","type-page","status-publish","has-post-thumbnail"],"_links":{"self":[{"href":"https:\/\/www.sisinternational.com\/it\/wp-json\/wp\/v2\/pages\/39676","targetHints":{"allow":["GET"]}}],"collection":[{"href":"https:\/\/www.sisinternational.com\/it\/wp-json\/wp\/v2\/pages"}],"about":[{"href":"https:\/\/www.sisinternational.com\/it\/wp-json\/wp\/v2\/types\/page"}],"author":[{"embeddable":true,"href":"https:\/\/www.sisinternational.com\/it\/wp-json\/wp\/v2\/users\/1"}],"replies":[{"embeddable":true,"href":"https:\/\/www.sisinternational.com\/it\/wp-json\/wp\/v2\/comments?post=39676"}],"version-history":[{"count":18,"href":"https:\/\/www.sisinternational.com\/it\/wp-json\/wp\/v2\/pages\/39676\/revisions"}],"predecessor-version":[{"id":79712,"href":"https:\/\/www.sisinternational.com\/it\/wp-json\/wp\/v2\/pages\/39676\/revisions\/79712"}],"up":[{"embeddable":true,"href":"https:\/\/www.sisinternational.com\/it\/wp-json\/wp\/v2\/pages\/19303"}],"wp:featuredmedia":[{"embeddable":true,"href":"https:\/\/www.sisinternational.com\/it\/wp-json\/wp\/v2\/media\/66506"}],"wp:attachment":[{"href":"https:\/\/www.sisinternational.com\/it\/wp-json\/wp\/v2\/media?parent=39676"}],"curies":[{"name":"wp","href":"https:\/\/api.w.org\/{rel}","templated":true}]}}