{"id":39617,"date":"2021-12-31T01:15:07","date_gmt":"2021-12-31T01:15:07","guid":{"rendered":"https:\/\/www.sisinternational.com\/?page_id=39617"},"modified":"2026-01-24T20:54:24","modified_gmt":"2026-01-25T01:54:24","slug":"supply-chain-market-research","status":"publish","type":"page","link":"https:\/\/www.sisinternational.com\/it\/solutions\/strategy-consulting\/supply-chain-market-research\/","title":{"rendered":"Ricerche di mercato sulla catena di fornitura"},"content":{"rendered":"<h1 class=\"wp-block-heading\">Ricerche di mercato sulla catena di fornitura<\/h1>\n\n\n\n<figure class=\"gb-block-image gb-block-image-2702dab9\"><img loading=\"lazy\" decoding=\"async\" width=\"1456\" height=\"816\" class=\"gb-image gb-image-2702dab9\" src=\"https:\/\/www.sisinternational.com\/wp-content\/uploads\/2025\/08\/Freight-3.jpg\" alt=\"SIS International Market Research &amp; Strategy\" title=\"Freight (3)\" srcset=\"https:\/\/www.sisinternational.com\/wp-content\/uploads\/2025\/08\/Freight-3.jpg 1456w, https:\/\/www.sisinternational.com\/wp-content\/uploads\/2025\/08\/Freight-3-300x168.jpg 300w, https:\/\/www.sisinternational.com\/wp-content\/uploads\/2025\/08\/Freight-3-1024x574.jpg 1024w, https:\/\/www.sisinternational.com\/wp-content\/uploads\/2025\/08\/Freight-3-768x430.jpg 768w, https:\/\/www.sisinternational.com\/wp-content\/uploads\/2025\/08\/Freight-3-18x10.jpg 18w\" sizes=\"auto, (max-width: 1456px) 100vw, 1456px\"><\/figure>\n\n\n\n<p><\/p>\n\n\n\n<h2 class=\"wp-block-heading\">Che cos&#039;\u00e8 la ricerca di mercato sulla catena di fornitura?<\/h2>\n\n\n\n<p>Una catena di fornitura \u00e8 una rete tra fornitori e acquirenti che realizza prodotti, quindi li distribuisce all&#039;acquirente finale. La catena di fornitura copre ogni fase del processo produttivo. Questi includono elementi come persone, entit\u00e0, dati e risorse.<\/p>\n\n\n\n<p>There are different supply chain models. The continuous flow model is one that many companies use. It is best for products that are the same and are in high demand. Managers constantly replace the raw materials to <a href=\"https:\/\/www.sisinternational.com\/it\/what-is-a-value-proposition-canvas-the-game-changing-framework-that-prevents-product-failures\/\" title=\"What Is a Value Proposition Canvas? &#091;The Game-Changing Framework That Prevents Product Failures&#093;\"  data-wpil-monitor-id=\"8641\">prevent bottlenecks in production<\/a>.<\/p>\n\n\n\n<p>Another one is the fast chain model. It is best suited for <a href=\"https:\/\/www.sisinternational.com\/it\/top-b2b-industry-trends-forecasting-company\/\" title=\"Principali previsioni sulle tendenze del settore B2B\"  data-wpil-monitor-id=\"8645\">companies that sell products based on trends<\/a>. These products have a limited time appeal. In this case, ideas move from prototype to <a href=\"https:\/\/www.sisinternational.com\/it\/solutions\/taste-testing\/consumer-product-testing-in-new-york\/\" title=\"Test di prodotti di consumo a New York\"  data-wpil-monitor-id=\"8640\">production to consumer<\/a> very fast.<\/p>\n\n\n\n<p>The flexible model is also popular. <a href=\"https:\/\/www.sisinternational.com\/it\/solutions\/taste-testing\/product-testing-for-companies\/\" title=\"Product Testing for Companies\"  data-wpil-monitor-id=\"8646\">Companies that make seasonal products<\/a> use this model, where items surge in demand during peak periods. There\u2019s little or no need for these goods otherwise (for example, Christmas decorations). This model allows quick production starts and efficient shutdowns. It relies on accurate demand forecasts to determine raw material needs.<\/p>\n\n\n\n<h2 class=\"wp-block-heading\">Perch\u00e9 \u00e8 importante?<\/h2>\n\n\n\n<p>Le catene di fornitura aiutano le aziende a ridurre i costi e a competere.<\/p>\n\n\n\n<p>La velocit\u00e0 con cui un prodotto si muove lungo la catena di approvvigionamento influisce sui profitti. Quando i fornitori possono consegnare rapidamente beni costosi, ci\u00f2 aiuta i rivenditori a venderli velocemente. Pertanto, i negozi possono evitare elevati costi di inventario. Quando i materiali si muovono velocemente lungo la catena di approvvigionamento, si riducono anche i costi di produzione. Inoltre, impedisce che si verifichino carenze. Pertanto, la produzione pu\u00f2 continuare e non vi \u00e8 alcuna perdita di entrate.<\/p>\n\n\n\n<p>Supply chains play a crucial role in countries\u2019 economies. More market growth occurs in societies with well-developed <a href=\"https:\/\/www.sisinternational.com\/it\/solutions\/fintech-strategy-consulting-research\/supply-chain-finance-market-research\/\" title=\"Ricerche di mercato sulla finanza della catena di fornitura\"  data-wpil-monitor-id=\"8643\">supply<\/a> chains. As businesses trade goods at a fast rate, more consumers can buy at a low cost. Supply chains can thus help to raise the standard of living in society.<\/p>\n\n\n\n<p>Anche le varie fasi della catena di fornitura danno lavoro a molte persone.<\/p>\n\n\n\n<h2 class=\"wp-block-heading\">Titoli di lavoro chiave<\/h2>\n\n\n\n<p>Many roles within a supply chain are crucial to its success. These roles pay close attention to the logistics that occur. Some examples are:<\/p>\n\n\n\n<p>1. Responsabili della catena di fornitura<\/p>\n\n\n\n<p>2. Agenti di acquisto<\/p>\n\n\n\n<p>3. Analisti della logistica<\/p>\n\n\n\n<p>4. Responsabile delle operazioni<\/p>\n\n\n\n<h2 class=\"wp-block-heading\">Perch\u00e9 le aziende hanno bisogno di una catena di fornitura<\/h2>\n\n\n\n<p>Un&#039;attivit\u00e0 che prevede lo spostamento di merci da un fornitore all&#039;acquirente deve disporre di una catena di fornitura. La catena pu\u00f2 assumere forme diverse a seconda della natura dell&#039;attivit\u00e0. Nonostante ci\u00f2, un\u2019azienda dovrebbe garantire che la propria catena di fornitura sia ottimale. \u00c8 il modo migliore per garantire il massimo profitto.<\/p>\n\n\n\n<h2 class=\"wp-block-heading\">Fattori chiave del successo<\/h2>\n\n\n\n<p>Supply chains achieve <a href=\"https:\/\/www.sisinternational.com\/it\/key-success-factors-in-automotive-market-research\/\" title=\"Fattori chiave di successo nelle ricerche di mercato automobilistiche\"  data-wpil-monitor-id=\"8642\">success due to many factors<\/a>.<\/p>\n\n\n\n<p>Ad esempio, la capacit\u00e0 di innovare \u00e8 un fattore chiave. In questo modo la filiera continua a crescere. Questa crescita implica l\u2019uso di nuovi sistemi come la tecnologia cloud. Un altro nuovo metodo \u00e8 l\u2019uso di strumenti di integrazione all\u2019avanguardia, che consentono ai sistemi all\u2019interno di un\u2019azienda di condividere informazioni. Anche l\u2019uso della tecnologia mobile avanzata \u00e8 un\u2019altra innovazione.<\/p>\n\n\n\n<p>Anche le catene di fornitura di successo sono guidate dai dati. La tua azienda pu\u00f2 utilizzare i dati raccolti dalla catena di fornitura per aiutarla a funzionare meglio.<\/p>\n\n\n\n<p>Un altro fattore critico \u00e8 la capacit\u00e0 di responsabilizzare i dipendenti. L\u2019empowerment aiuta i lavoratori a impegnarsi nel successo della catena di fornitura. Di conseguenza, hanno prestazioni migliori.<\/p>\n\n\n\n<p>Having a transparent system is also crucial. Such a system involves <a href=\"https:\/\/www.sisinternational.com\/it\/solutions\/strategy-consulting\/data-analytics\/\" title=\"Societ\u00e0 di analisi dei dati\"  data-wpil-monitor-id=\"8644\">data sharing through the entire company<\/a>. Thus, all aspects connect well. As a result, the business becomes more efficient and gains more profits. It helps the business maintain control. It enables the company to take better account of its operation and become more compliant.<\/p>\n\n\n\n<p>La capacit\u00e0 di affrontare cambiamenti improvvisi \u00e8 un altro fattore critico per il successo. Le cose cambiano sempre. Potrebbero sorgere molti ostacoli, soprattutto all\u2019interno della catena di fornitura. Una volta che riesce ad adattarsi a questi cambiamenti, pu\u00f2 raggiungere il successo.<\/p>\n\n\n\n<h2 class=\"wp-block-heading\">Informazioni sulle ricerche di mercato sulla catena di fornitura<\/h2>\n\n\n\n<p>For best results, <a href=\"https:\/\/www.sisinternational.com\/it\/top-global-quantitative-market-research-company\/\" title=\"La migliore societ\u00e0 di ricerche di mercato quantitative a livello mondiale\"  data-wpil-monitor-id=\"8647\">companies need to do Quantitative<\/a>, Qualitative, and Strategy Research. This research can be in the form of interviews, surveys, or focus groups.<\/p>\n\n\n\n<p>Supply <a href=\"https:\/\/www.sisinternational.com\/it\/solutions\/travel-tourism-hospitality-consulting\/chain-hotel-market-research\/\" title=\"Ricerche di mercato sulle catene alberghiere\"  data-wpil-monitor-id=\"3016\">Chain market research<\/a> is vital for businesses wishing to maximize profits. It provides insight into risks and ways to improve the process. These insights also help avoid losses.<\/p>\n\n\n\n<p><\/p>","protected":false},"excerpt":{"rendered":"<p>Le catene di approvvigionamento svolgono un ruolo cruciale nelle economie dei paesi. Una maggiore crescita del mercato si verifica nelle societ\u00e0 con catene di fornitura ben sviluppate.<\/p>","protected":false},"author":1,"featured_media":63816,"parent":14567,"menu_order":24,"comment_status":"closed","ping_status":"closed","template":"","meta":{"footnotes":""},"class_list":["post-39617","page","type-page","status-publish","has-post-thumbnail"],"_links":{"self":[{"href":"https:\/\/www.sisinternational.com\/it\/wp-json\/wp\/v2\/pages\/39617","targetHints":{"allow":["GET"]}}],"collection":[{"href":"https:\/\/www.sisinternational.com\/it\/wp-json\/wp\/v2\/pages"}],"about":[{"href":"https:\/\/www.sisinternational.com\/it\/wp-json\/wp\/v2\/types\/page"}],"author":[{"embeddable":true,"href":"https:\/\/www.sisinternational.com\/it\/wp-json\/wp\/v2\/users\/1"}],"replies":[{"embeddable":true,"href":"https:\/\/www.sisinternational.com\/it\/wp-json\/wp\/v2\/comments?post=39617"}],"version-history":[{"count":6,"href":"https:\/\/www.sisinternational.com\/it\/wp-json\/wp\/v2\/pages\/39617\/revisions"}],"predecessor-version":[{"id":81449,"href":"https:\/\/www.sisinternational.com\/it\/wp-json\/wp\/v2\/pages\/39617\/revisions\/81449"}],"up":[{"embeddable":true,"href":"https:\/\/www.sisinternational.com\/it\/wp-json\/wp\/v2\/pages\/14567"}],"wp:featuredmedia":[{"embeddable":true,"href":"https:\/\/www.sisinternational.com\/it\/wp-json\/wp\/v2\/media\/63816"}],"wp:attachment":[{"href":"https:\/\/www.sisinternational.com\/it\/wp-json\/wp\/v2\/media?parent=39617"}],"curies":[{"name":"wp","href":"https:\/\/api.w.org\/{rel}","templated":true}]}}