{"id":39615,"date":"2021-12-31T01:13:59","date_gmt":"2021-12-31T01:13:59","guid":{"rendered":"https:\/\/www.sisinternational.com\/?page_id=39615"},"modified":"2026-01-26T17:04:46","modified_gmt":"2026-01-26T22:04:46","slug":"risorsa-strategica","status":"publish","type":"page","link":"https:\/\/www.sisinternational.com\/it\/soluzioni\/consulenza-strategica\/risorsa-strategica\/","title":{"rendered":"Consulenza sull&#039;approvvigionamento strategico"},"content":{"rendered":"<h1 class=\"wp-block-heading\">Consulenza sull&#039;approvvigionamento strategico<\/h1>\n\n\n\n<figure class=\"gb-block-image gb-block-image-616ad5d3\"><img loading=\"lazy\" decoding=\"async\" width=\"1456\" height=\"816\" class=\"gb-image gb-image-616ad5d3\" src=\"https:\/\/www.sisinternational.com\/wp-content\/uploads\/2025\/08\/Strategy-consulting-25.jpg\" alt=\"Ricerca e strategia di mercato internazionale SIS\" title=\"Strategy consulting (25)\" srcset=\"https:\/\/www.sisinternational.com\/wp-content\/uploads\/2025\/08\/Strategy-consulting-25.jpg 1456w, https:\/\/www.sisinternational.com\/wp-content\/uploads\/2025\/08\/Strategy-consulting-25-300x168.jpg 300w, https:\/\/www.sisinternational.com\/wp-content\/uploads\/2025\/08\/Strategy-consulting-25-1024x574.jpg 1024w, https:\/\/www.sisinternational.com\/wp-content\/uploads\/2025\/08\/Strategy-consulting-25-768x430.jpg 768w, https:\/\/www.sisinternational.com\/wp-content\/uploads\/2025\/08\/Strategy-consulting-25-18x10.jpg 18w\" sizes=\"auto, (max-width: 1456px) 100vw, 1456px\"><\/figure>\n\n\n\n<p><\/p>\n\n\n\n<h2 class=\"wp-block-heading\">Che cos&#039;\u00e8 l&#039;approvvigionamento strategico?<\/h2>\n\n\n\n<p>L\u2019approvvigionamento strategico \u00e8 un modo per ridurre i costi in tutte le forme di capitale. Riduce i rischi attraverso una migliore catena di approvvigionamento e aumenta i prezzi. Cerca anche di prevedere la visibilit\u00e0. Inoltre, l\u2019approvvigionamento strategico tiene conto di aspetti come le trattative contrattuali e la catena di fornitura. Esamina anche i modelli di outsourcing.<\/p>\n\n\n\n<p>Strategic sourcing is another way to connect your buying power with your strategy. It\u2019s not the same as regular sourcing. That model includes looking for a supplier based on external factors like price and region. Further, the collection of data and supplier estimates are part of the strategic sourcing process. The process enables <a href=\"https:\/\/www.sisinternational.com\/it\/pubblicazioni\/ricerche-di-mercato-per-un-business-scalabile-7-modi-per-costruire-un-business-scalabile\/\" title=\"Ricerche di mercato per aziende scalabili: 7 modi per costruire un business scalabile\"  data-wpil-monitor-id=\"9491\">businesses to build<\/a> a close bond with their suppliers. It also allows them to do checkups with <a href=\"https:\/\/www.sisinternational.com\/it\/competenza\/industrie\/ricerche-di-mercato-sul-deep-learning\/\" title=\"Ricerche di mercato sul deep learning\"  data-wpil-monitor-id=\"9485\">deep market research<\/a>. These checkups measure performance and match exact sourcing needs.<\/p>\n\n\n\n<h2 class=\"wp-block-heading\">Perch\u00e9 \u00e8 importante la consulenza sul sourcing strategico?<\/h2>\n\n\n\n<h3 class=\"wp-block-heading\">Partenariati con i fornitori<\/h3>\n\n\n\n<p>Prendere in considerazione ci\u00f2 di cui sono capaci i fornitori aprir\u00e0 nuove strade. In questo modo puoi costruire legami pi\u00f9 forti con i fornitori. Inoltre, un venditore pu\u00f2 avere un impatto sugli acquisti e sui pensieri di un cliente. Tuttavia, raramente sono ritenuti responsabili per eventuali difetti o problemi di qualit\u00e0 che si presentano. C\u2019\u00e8 un livello pi\u00f9 elevato di chiarezza con l\u2019approvvigionamento strategico. Legami pi\u00f9 stretti consentono tempi di consegna pi\u00f9 rapidi e maggiore coerenza, con il risultato di un prodotto\/servizio di qualit\u00e0 superiore. Anche quando si tratta di trattative contrattuali c\u2019\u00e8 pi\u00f9 margine di manovra. Collegando le priorit\u00e0 del fornitore e dell&#039;acquirente, l&#039;approvvigionamento strategico fornisce un vantaggio competitivo.<\/p>\n\n\n\n<h3 class=\"wp-block-heading\">Gestione del rischio<\/h3>\n\n\n\n<p>L\u2019approvvigionamento strategico riduce il rischio di approvvigionamento in modi che vanno oltre un controllo legale. In effetti, molte aziende dispongono di un processo di verifica preliminare per valutare lo stato finanziario di un fornitore. Tuttavia, ci sono altri rischi da considerare.<\/p>\n\n\n\n<h3 class=\"wp-block-heading\">Ridurre i costi<\/h3>\n\n\n\n<p>Strategic sourcing can save your money in various ways and have a big impact on your bottom line. Another key point is that <a href=\"https:\/\/www.sisinternational.com\/it\/soluzioni\/ricerca-di-consulenza-strategica-fintech\/analisi-costi-benefici-ricerche-di-mercato\/\" title=\"Ricerche di mercato sull&#039;analisi costi-benefici\"  data-wpil-monitor-id=\"9489\">cost reduction yields direct benefits<\/a> and frees up resources. It enables you to build your firm and focus on profit.<\/p>\n\n\n\n<h2 class=\"wp-block-heading\">Titolo di lavoro chiave<\/h2>\n\n\n\n<h3 class=\"wp-block-heading\">Esperti di approvvigionamento strategico<\/h3>\n\n\n\n<p>Strategic sourcing experts are in charge of a company\u2019s supply chain. They gather, study, and report data from the supply chain. Also, they keep track of costs and logistics, and assess supplier performance. Predicting <a href=\"https:\/\/www.sisinternational.com\/it\/competenza\/industrie\/ricerche-di-mercato-sui-cambiamenti-climatici\/\" title=\"Ricerche di mercato sui cambiamenti climatici\"  data-wpil-monitor-id=\"9487\">changes in market<\/a> trends is also part of their job.<\/p>\n\n\n\n<h3 class=\"wp-block-heading\">Perch\u00e9 le aziende hanno bisogno di approvvigionamento strategico?<\/h3>\n\n\n\n<p>Firms can profit from strategic sourcing in various ways, the most obvious of which is cost savings. Businesses can be sure that they are always getting huge cost savings by using this method. It\u2019s an excellent means of sourcing suppliers. It also lets you <a href=\"https:\/\/www.sisinternational.com\/it\/soluzioni\/consulenza-strategica\/studi-di-dimensionamento-della-fattibilita-dellingresso-nel-mercato\/\" title=\"Ingresso nel mercato, studi di fattibilit\u00e0 e dimensionamento\"  data-wpil-monitor-id=\"9490\">study the shifting market<\/a>. It allows companies to align part sourcing with their business goals. This, in turn, boosts supply chain value and lowers the risk. What\u2019s more, you can match these business goals with the current best suppliers. Thus, you get high value at a low cost.<\/p>\n\n\n\n<h2 class=\"wp-block-heading\">Fattori chiave del successo<\/h2>\n\n\n\n<p>\u00c8 fondamentale potenziare il processo di approvvigionamento strategico. Ecco i passaggi critici per migliorare il processo di approvvigionamento strategico:<\/p>\n\n\n\n<ul class=\"wp-block-list\">\n<li>Conoscere le aree di spesa<\/li>\n\n\n\n<li><a href=\"https:\/\/www.sisinternational.com\/it\/how-to-conduct-in-depth-interviews-for-market-insights\/\" title=\"Come condurre interviste approfondite per ottenere informazioni di mercato\"  data-wpil-monitor-id=\"9492\">Conducting a supply market<\/a> check<\/li>\n\n\n\n<li>Studiare la tua strategia attuale<\/li>\n\n\n\n<li>Building a <a href=\"https:\/\/www.sisinternational.com\/it\/soluzioni\/e-la-crescita-globale\/consulenza-sulla-pianificazione-strategica\/\" title=\"Consulenza sulla pianificazione strategica\"  data-wpil-monitor-id=\"6376\">strategic sourcing plan<\/a><\/li>\n\n\n\n<li>Scegliere un fornitore<\/li>\n\n\n\n<li>Inizio del processo di richiesta di offerta<\/li>\n\n\n\n<li>Mantieni forti i legami con i tuoi fornitori<\/li>\n<\/ul>\n\n\n\n<h2 class=\"wp-block-heading\">Informazioni sulla consulenza per l&#039;approvvigionamento strategico<\/h2>\n\n\n\n<p>Qualitativo <a href=\"https:\/\/www.sisinternational.com\/it\/giornata-mondiale-sullautismo\/\" title=\"Studi di ricerche di mercato sull\u2019autismo\"  data-wpil-monitor-id=\"9488\">research aids in studying<\/a> buyer habits and shows the reasons for product buybacks. Quantitative research gives us facts and figures on your clients\u2019 buying patterns. Also, by doing strategy research, we help you save money and ensure your firm\u2019s growth. We also do live interviews and surveys. We also host focus groups, one of the most <a href=\"https:\/\/www.sisinternational.com\/it\/how-to-conduct-effective-quantitative-market-research\/\" title=\"How to Conduct Effective Quantitative Market Research\"  data-wpil-monitor-id=\"9486\">effective market research<\/a> tools. This method is perfect for gathering in-depth information. Focus groups make clear the customers\u2019 actual points of view and ideas.<\/p>\n\n\n\n<p><\/p>","protected":false},"excerpt":{"rendered":"<p>La consulenza in materia di approvvigionamento strategico riduce i costi in tutte le forme di capitale. Riduce i rischi attraverso una migliore catena di approvvigionamento e aumenta i prezzi.<\/p>","protected":false},"author":1,"featured_media":62559,"parent":14567,"menu_order":23,"comment_status":"closed","ping_status":"closed","template":"","meta":{"footnotes":""},"class_list":["post-39615","page","type-page","status-publish","has-post-thumbnail"],"_links":{"self":[{"href":"https:\/\/www.sisinternational.com\/it\/wp-json\/wp\/v2\/pages\/39615","targetHints":{"allow":["GET"]}}],"collection":[{"href":"https:\/\/www.sisinternational.com\/it\/wp-json\/wp\/v2\/pages"}],"about":[{"href":"https:\/\/www.sisinternational.com\/it\/wp-json\/wp\/v2\/types\/page"}],"author":[{"embeddable":true,"href":"https:\/\/www.sisinternational.com\/it\/wp-json\/wp\/v2\/users\/1"}],"replies":[{"embeddable":true,"href":"https:\/\/www.sisinternational.com\/it\/wp-json\/wp\/v2\/comments?post=39615"}],"version-history":[{"count":6,"href":"https:\/\/www.sisinternational.com\/it\/wp-json\/wp\/v2\/pages\/39615\/revisions"}],"predecessor-version":[{"id":81584,"href":"https:\/\/www.sisinternational.com\/it\/wp-json\/wp\/v2\/pages\/39615\/revisions\/81584"}],"up":[{"embeddable":true,"href":"https:\/\/www.sisinternational.com\/it\/wp-json\/wp\/v2\/pages\/14567"}],"wp:featuredmedia":[{"embeddable":true,"href":"https:\/\/www.sisinternational.com\/it\/wp-json\/wp\/v2\/media\/62559"}],"wp:attachment":[{"href":"https:\/\/www.sisinternational.com\/it\/wp-json\/wp\/v2\/media?parent=39615"}],"curies":[{"name":"wp","href":"https:\/\/api.w.org\/{rel}","templated":true}]}}