{"id":39613,"date":"2021-12-31T01:10:49","date_gmt":"2021-12-31T01:10:49","guid":{"rendered":"https:\/\/www.sisinternational.com\/?page_id=39613"},"modified":"2026-01-27T16:32:52","modified_gmt":"2026-01-27T21:32:52","slug":"mappatura-delle-opportunita-di-ricerca-di-mercato","status":"publish","type":"page","link":"https:\/\/www.sisinternational.com\/it\/soluzioni\/consulenza-strategica\/mappatura-delle-opportunita-di-ricerca-di-mercato\/","title":{"rendered":"Ricerca di mercato sulla mappatura delle opportunit\u00e0"},"content":{"rendered":"<h1 class=\"wp-block-heading\">Ricerca di mercato sulla mappatura delle opportunit\u00e0<\/h1>\n\n\n\n<figure class=\"gb-block-image gb-block-image-d7f4c654\"><img loading=\"lazy\" decoding=\"async\" width=\"1456\" height=\"816\" class=\"gb-image gb-image-d7f4c654\" src=\"https:\/\/www.sisinternational.com\/wp-content\/uploads\/2025\/08\/Desk-research-33.jpg\" alt=\"Ricerca e strategia di mercato internazionale SIS\" title=\"Desk research 33\" srcset=\"https:\/\/www.sisinternational.com\/wp-content\/uploads\/2025\/08\/Desk-research-33.jpg 1456w, https:\/\/www.sisinternational.com\/wp-content\/uploads\/2025\/08\/Desk-research-33-300x168.jpg 300w, https:\/\/www.sisinternational.com\/wp-content\/uploads\/2025\/08\/Desk-research-33-1024x574.jpg 1024w, https:\/\/www.sisinternational.com\/wp-content\/uploads\/2025\/08\/Desk-research-33-768x430.jpg 768w, https:\/\/www.sisinternational.com\/wp-content\/uploads\/2025\/08\/Desk-research-33-18x10.jpg 18w\" sizes=\"auto, (max-width: 1456px) 100vw, 1456px\"><\/figure>\n\n\n\n<p><\/p>\n\n\n\n<p><span style=\"font-weight: 400;\">Ti sei mai chiesto come le aziende identificano e sfruttano nuove opportunit\u00e0 in un panorama di mercato in continua evoluzione? La ricerca di mercato sulla mappatura delle opportunit\u00e0 \u00e8 la chiave per sbloccare questo potenziale. <\/span><\/p>\n\n\n\n<h2 class=\"wp-block-heading\">Cos&#039;\u00e8 la mappatura delle opportunit\u00e0?<\/h2>\n\n\n\n<p><span style=\"font-weight: 400;\">La ricerca di mercato sulla mappatura delle opportunit\u00e0 \u00e8 un approccio strategico che combina varie tecniche analitiche per identificare potenziali aree di crescita e sviluppo del business. Questo metodo prevede l\u2019analisi dei dati di mercato, dei comportamenti dei consumatori, delle tendenze del settore e dei panorami competitivi per individuare segmenti di mercato inesplorati o sottosfruttati.<\/span><\/p>\n\n\n\n<p><span style=\"font-weight: 400;\">Si tratta solo di comprendere le imprese meno servite o completamente non sfruttate dalle imprese esistenti. \u00c8 un processo che va oltre i tradizionali metodi di ricerca di mercato, che spesso si concentrano sulla soddisfazione attuale del cliente e sulle prestazioni del prodotto. Invece, questo approccio cerca in modo proattivo nuove strade per l\u2019innovazione e l\u2019espansione.<\/span><\/p>\n\n\n\n<p><span style=\"font-weight: 400;\">Questo tipo di ricerca di mercato include in genere un\u2019analisi approfondita di fattori sia interni che esterni. Internamente, esamina i punti di forza, di debolezza e le capacit\u00e0 uniche di un&#039;azienda. Esternamente, esamina le dinamiche del mercato, le tendenze emergenti, i progressi tecnologici e i cambiamenti nelle preferenze dei consumatori. Questo duplice focus consente alle aziende di allineare le proprie risorse e competenze interne con opportunit\u00e0 esterne.<\/span><\/p>\n\n\n\n<h2 class=\"wp-block-heading\">Perch\u00e9 la mappatura delle opportunit\u00e0 \u00e8 importante?<\/h2>\n\n\n\n<p>Per prosperare, devi essere in grado di vedere di cosa ha bisogno il mercato. Devi anche stare al passo con la massa e soddisfare le esigenze dei clienti prima che lo facciano i tuoi concorrenti. Quando un&#039;azienda ha un obiettivo che vorrebbe raggiungere, sapere come raggiungerlo \u00e8 fondamentale. La mappatura delle opportunit\u00e0 consente a queste cose di accadere e di accadere bene. Aiuta le aziende a vedere i modi migliori per affrontare gli obiettivi che vorrebbero raggiungere. Aiuta a rendere l&#039;azienda un successo. Aiuta anche a stare al passo con il mercato, a mantenere felici i vecchi clienti e ad acquisirne di nuovi.<\/p>\n\n\n\n<p><span style=\"font-weight: 400;\">Opportunity <a href=\"https:\/\/www.sisinternational.com\/it\/competenza\/industrie\/ricerca-di-mercato-sulla-mappa-termica\/\" title=\"Ricerche di mercato sulla mappa termica\"  data-wpil-monitor-id=\"3101\">mapping market research<\/a> helps businesses identify emerging trends and unmet consumer needs. Moreover, this research methodology aids in risk mitigation because by analyzing market trends and forecasting future scenarios, businesses can make more informed decisions and avoid costly mistakes. It also helps in identifying potential roadblocks and market shifts that could impact business operations, allowing companies to develop contingency plans and adapt their strategies accordingly.<\/span><\/p>\n\n\n\n<h2 class=\"wp-block-heading\">Allora... perch\u00e9 le aziende hanno bisogno della mappatura delle opportunit\u00e0?<\/h2>\n\n\n\n<p>Le aziende devono sopravvivere agli alti e bassi del mercato. La loro sopravvivenza implica l\u2019assunzione di rischi mantenendo felici i clienti. Consiste anche nel raggiungere gli obiettivi che l&#039;azienda si prefigge. Le aziende hanno bisogno di piani dettagliati delle opportunit\u00e0 esistenti.<\/p>\n\n\n\n<p>Questi piani aiutano a guidarli verso il successo. Senza la mappatura delle opportunit\u00e0, le aziende devono procedere per tentativi ed errori. Questo percorso porta allo spreco di denaro, risorse e tempo. Perderanno anche modi efficaci per raggiungere i propri obiettivi che non sono evidenti a occhio nudo. Un buon business deve sapere cosa sta succedendo nel mercato che lo circonda. Non pu\u00f2 lasciare le cose al caso, quindi hanno bisogno di questa strategia.<\/p>\n\n\n\n<h2 class=\"wp-block-heading\"><span style=\"font-weight: 400;\"><strong>Vantaggi della ricerca di mercato sulla mappatura delle opportunit\u00e0<\/strong><\/span><\/h2>\n\n\n\n<figure class=\"gb-block-image gb-block-image-a23eba56\"><img loading=\"lazy\" decoding=\"async\" width=\"1456\" height=\"816\" class=\"gb-image gb-image-a23eba56\" src=\"https:\/\/www.sisinternational.com\/wp-content\/uploads\/2025\/08\/Desk-research-7.jpg\" alt=\"Ricerca e strategia di mercato internazionale SIS\" title=\"Desk research (7)\" srcset=\"https:\/\/www.sisinternational.com\/wp-content\/uploads\/2025\/08\/Desk-research-7.jpg 1456w, https:\/\/www.sisinternational.com\/wp-content\/uploads\/2025\/08\/Desk-research-7-300x168.jpg 300w, https:\/\/www.sisinternational.com\/wp-content\/uploads\/2025\/08\/Desk-research-7-1024x574.jpg 1024w, https:\/\/www.sisinternational.com\/wp-content\/uploads\/2025\/08\/Desk-research-7-768x430.jpg 768w, https:\/\/www.sisinternational.com\/wp-content\/uploads\/2025\/08\/Desk-research-7-18x10.jpg 18w\" sizes=\"auto, (max-width: 1456px) 100vw, 1456px\"><\/figure>\n\n\n\n<p><\/p>\n\n\n\n<p><span style=\"font-weight: 400;\"><a href=\"https:\/\/www.sisinternational.com\/it\/il-mercato-africano-in-continua-evoluzione\/\" title=\"Ricerca sulle opportunit\u00e0 di mercato in Africa\"  data-wpil-monitor-id=\"7244\">Opportunity mapping market research<\/a> offers several benefits that can significantly enhance a business&#8217;s potential for growth and success. These benefits span various dimensions of business operations and strategic planning, making it a vital tool for companies looking to thrive in competitive markets.<\/span><\/p>\n\n\n\n<p><b>\u2022 Identificazione dei mercati non sfruttati: <\/b><span style=\"font-weight: 400;\">Uno dei principali vantaggi della ricerca di mercato sulla mappatura delle opportunit\u00e0 \u00e8 la sua capacit\u00e0 di rivelare segmenti di mercato non sfruttati. Identificando questi \u201cspazi bianchi\u201d, le aziende possono esplorare nuove aree di espansione, portando potenzialmente ad un aumento della quota di mercato e dei flussi di entrate.<\/span><\/p>\n\n\n\n<p><b>\u2022 Innovazione e sviluppo prodotto:<\/b><span style=\"font-weight: 400;\"> Comprendendo le tendenze emergenti e le esigenze non soddisfatte dei clienti, le aziende possono concentrare i propri sforzi di innovazione e sviluppo prodotto in modo pi\u00f9 efficace.<\/span><\/p>\n\n\n\n<p><b>\u2022 Vantaggio competitivo:<\/b><span style=\"font-weight: 400;\"> Businesses that engage in <a href=\"https:\/\/www.sisinternational.com\/it\/san-valentino-come-la-tua-azienda-puo-sentire-lamore\/\" title=\"Valentine&#8217;s Day Market Research:  How Your Business Can Feel The Love\"  data-wpil-monitor-id=\"7393\">mappatura delle opportunit\u00e0 di ricerca di mercato<\/a> often gain a competitive edge. This approach allows them to be proactive rather than reactive, positioning them as market leaders rather than followers.<\/span><\/p>\n\n\n\n<p><b>\u2022 Allineamento strategico e ottimizzazione delle risorse: <\/b><span style=\"font-weight: 400;\">Questa metodologia di ricerca aiuta ad allineare la strategia di un&#039;azienda con le opportunit\u00e0 di mercato. Comprendendo dove si trovano le maggiori opportunit\u00e0, le aziende possono ottimizzare l&#039;allocazione delle risorse, concentrando tempo, impegno e investimenti in aree che offrono il rendimento pi\u00f9 elevato.<\/span><\/p>\n\n\n\n<h2 class=\"wp-block-heading\"><span style=\"font-weight: 400;\"><strong>Quando condurre ricerche di mercato sulla mappatura delle opportunit\u00e0?<\/strong><\/span><\/h2>\n\n\n\n<p><span style=\"font-weight: 400;\">Determinare il momento giusto per condurre ricerche di mercato sulla mappatura delle opportunit\u00e0 \u00e8 fondamentale per massimizzarne l\u2019efficacia. Sebbene la necessit\u00e0 di questa ricerca possa variare a seconda dell\u2019azienda e del settore, esistono alcuni scenari in cui la sua applicazione \u00e8 particolarmente vantaggiosa.<\/span><\/p>\n\n\n\n<p><b>\u2022 Prima di lanciare un nuovo prodotto o servizio:<\/b> Prima di introdurre un nuovo prodotto o servizio sul mercato, \u00e8 essenziale comprenderne le potenziali opportunit\u00e0 e sfide. La ricerca di mercato sulla mappatura delle opportunit\u00e0 pu\u00f2 identificare le lacune nel mercato, prevedere la risposta dei consumatori e aiutare a perfezionare il prodotto per soddisfare meglio le esigenze dei clienti.<\/p>\n\n\n\n<p><b>\u2022 Durante la pianificazione strategica:<\/b><span style=\"font-weight: 400;\"> Quando si sviluppa o si rivede una strategia aziendale, questa ricerca pu\u00f2 fornire informazioni preziose. Aiuta ad allineare la strategia aziendale con le opportunit\u00e0 di mercato, garantendo che l&#039;azienda si concentri sulle aree pi\u00f9 redditizie e promettenti.<\/span><\/p>\n\n\n\n<p><b>\u2022 Quando si entra in nuovi mercati: <\/b>Expanding into new geographical or demographic markets is a significant move that requires careful <a href=\"https:\/\/www.sisinternational.com\/it\/competenza\/industrie\/ricerche-di-mercato-sui-semiconduttori\/\" title=\"Ricerche di mercato sui semiconduttori\"  data-wpil-monitor-id=\"4913\">ricerca<\/a>. Research can reveal the nuances of these new markets, providing a clearer picture of the opportunities and risks involved.<\/span><\/p>\n\n\n\n<p><b>\u2022 Per l&#039;analisi competitiva: <\/b><span style=\"font-weight: 400;\">La ricerca di mercato sulla mappatura delle opportunit\u00e0 aiuta a identificare le aree in cui i concorrenti non servono efficacemente il mercato, rivelando opportunit\u00e0 di differenziazione e vantaggio competitivo.<\/span><\/p>\n\n\n\n<p><b>\u2022 Di fronte ad una crescita stagnante:<\/b><span style=\"font-weight: 400;\"> Se un\u2019azienda sta attraversando una crescita stagnante o un calo delle vendite, questa ricerca pu\u00f2 identificare nuove aree di espansione o miglioramento, contribuendo a rinvigorire l\u2019azienda.<\/span><\/p>\n\n\n\n<p><b>\u2022 Quando si cerca un investimento: <\/b><span style=\"font-weight: 400;\">Per le aziende che desiderano attrarre investitori, questa ricerca pu\u00f2 fornire prove convincenti di potenziali opportunit\u00e0 di crescita, rendendo l\u2019azienda pi\u00f9 attraente per i potenziali investitori.<\/span><\/p>\n\n\n\n<h2 class=\"wp-block-heading\"><span style=\"font-weight: 400;\"><strong>Opportunit\u00e0 nella ricerca di mercato sulla mappatura delle opportunit\u00e0<\/strong><\/span><\/h2>\n\n\n\n<p><span style=\"font-weight: 400;\">Il panorama delle ricerche di mercato sulla mappatura delle opportunit\u00e0 presenta numerose opportunit\u00e0 per le aziende in vari settori. Sfruttando in modo efficace questa ricerca, le aziende possono scoprire nuove aree di crescita, innovare i propri prodotti e servizi e stare al passo con la concorrenza. Ecco alcune delle principali opportunit\u00e0 che questa ricerca di mercato offre alle aziende:<\/span><\/p>\n\n\n\n<p><b>\u2022 Innovazione e sviluppo prodotto: <\/b><span style=\"font-weight: 400;\">Una delle opportunit\u00e0 pi\u00f9 significative risiede nell\u2019area dell\u2019innovazione di prodotti e servizi. Le ricerche di mercato possono rivelare le lacune del mercato, consentendo alle aziende di sviluppare nuovi prodotti o migliorare quelli esistenti per soddisfare le esigenze insoddisfatte dei clienti.<\/span><\/p>\n\n\n\n<p><b>\u2022 Espansione del mercato: <\/b>This research can identify <a href=\"https:\/\/www.sisinternational.com\/it\/copertura\/le-americhe\/ricerche-di-mercato-in-america-latina\/ricerche-di-mercato-in-costa-rica\/\" title=\"Ricerche di mercato in Costa Rica\"  data-wpil-monitor-id=\"4935\">opportunit\u00e0<\/a> for businesses to expand into new markets or segments.<\/span><\/p>\n\n\n\n<p><b>\u2022 Esperienza cliente migliorata: <\/b><span style=\"font-weight: 400;\">Comprendendo pi\u00f9 a fondo le esigenze e le preferenze dei clienti, le aziende possono personalizzare le proprie offerte per migliorare la soddisfazione e la fidelizzazione dei clienti.<\/span><\/p>\n\n\n\n<p><b>\u2022 Vantaggio competitivo: <\/b><span style=\"font-weight: 400;\">L\u2019identificazione precoce di nuove opportunit\u00e0 consente alle aziende di agire prima dei concorrenti, dando loro il vantaggio di essere le prime a muoversi.<\/span><\/p>\n\n\n\n<p><b>\u2022 Adattabilit\u00e0 ai cambiamenti del mercato:<\/b><span style=\"font-weight: 400;\"> Questo tipo di ricerca di mercato aiuta le aziende a diventare pi\u00f9 adattabili e reattive ai cambiamenti del mercato. Monitorando continuamente le tendenze del mercato e i comportamenti dei consumatori, le aziende possono adattare rapidamente le proprie strategie in risposta alle opportunit\u00e0 o alle minacce emergenti.<\/span><\/p>\n\n\n\n<p><b>\u2022 Processo decisionale basato sui dati: <\/b><span style=\"font-weight: 400;\">Opportunity mapping and <\/span>market research equip<span style=\"font-weight: 400;\"> businesses with data-driven insights, enhancing the decision-making process. Companies can make more informed strategic choices, reducing risks and increasing the likelihood of success.<\/span><\/p>\n\n\n\n<h2 class=\"wp-block-heading\"><span style=\"font-weight: 400;\"><strong>Sfide della ricerca di mercato sulla mappatura delle opportunit\u00e0<\/strong><\/span><\/h2>\n\n\n\n<p><span style=\"font-weight: 400;\"><a href=\"https:\/\/www.sisinternational.com\/it\/il-tesoro-di-dati-del-social-network-per-i-ricercatori-di-marketing\/\" title=\"Ricerche di mercato sui social network: opportunit\u00e0 e sfide\"  data-wpil-monitor-id=\"2701\">Opportunity mapping market research has some challenges<\/a> that businesses need to navigate. Here are some of the key challenges:<\/span><\/p>\n\n\n\n<p><b>\u2022 Dinamiche di mercato in rapido cambiamento: <\/b><span style=\"font-weight: 400;\">La natura frenetica dei mercati moderni fa s\u00ec che le opportunit\u00e0 identificate oggi potrebbero diventare obsolete domani. Stare al passo con questi rapidi cambiamenti e aggiornare continuamente la ricerca pu\u00f2 essere un compito arduo per le aziende.<\/span><\/p>\n\n\n\n<p><b>\u2022 Precisione e affidabilit\u00e0 dei dati:<\/b><span style=\"font-weight: 400;\"> Garantire l\u2019accuratezza e l\u2019affidabilit\u00e0 dei dati raccolti \u00e8 un\u2019altra sfida. Dati imprecisi o distorti possono portare a strategie fuorvianti e decisioni aziendali inadeguate.<\/span><\/p>\n\n\n\n<p><b>\u2022 Rischio di interpretazione errata: <\/b><span style=\"font-weight: 400;\">Esiste sempre il rischio di interpretare erroneamente i dati o le tendenze, il che pu\u00f2 portare a perseguire le opportunit\u00e0 sbagliate. Ci\u00f2 sottolinea la necessit\u00e0 di analisti qualificati in grado di interpretare accuratamente i risultati delle ricerche di mercato.<\/span><\/p>\n\n\n\n<p><b>\u2022 Mantenere un equilibrio tra le operazioni attuali e le nuove opportunit\u00e0:<\/b><span style=\"font-weight: 400;\"> Le aziende devono trovare un equilibrio tra sfruttare le nuove opportunit\u00e0 e mantenere le proprie attivit\u00e0 principali. Un\u2019enfasi eccessiva su entrambi gli aspetti pu\u00f2 portare a opportunit\u00e0 mancate o inefficienze operative.<\/span><\/p>\n\n\n\n<h2 class=\"wp-block-heading\">Titoli di lavoro chiave<\/h2>\n\n\n\n<p>La mappatura delle opportunit\u00e0 \u00e8 un\u2019area piuttosto specifica. Tuttavia, ci sono alcuni lavori nel campo. Molti di questi lavori richiedono una laurea in marketing, ricerca o analisi. Alcune altre aree correlate sono statistica, economia, affari e IT. Le carriere chiave includono:<\/p>\n\n\n\n<ul class=\"wp-block-list\">\n<li>Analista di ricerche di mercato<\/li>\n\n\n\n<li>Analista di marketing<\/li>\n\n\n\n<li>Analista dati<\/li>\n\n\n\n<li>Scienziato dei dati<\/li>\n<\/ul>\n\n\n\n<h2 class=\"wp-block-heading\">Fattori chiave del successo<\/h2>\n\n\n\n<p>Affinch\u00e9 la mappatura delle opportunit\u00e0 abbia successo, deve essere accurata. \u00c8 fondamentale porre le domande giuste. Solo cos\u00ec potrai ottenere le risposte di cui l&#039;azienda ha bisogno.<\/p>\n\n\n\n<p>Un\u2019altra chiave per il successo \u00e8 sapere esattamente dove dovrebbe dirigersi l\u2019azienda. Con obiettivi ben definiti, \u00e8 possibile identificare i migliori potenziali clienti. L&#039;analisi deve anche essere in grado di comprendere la base clienti.<\/p>\n\n\n\n<p>L\u2019ultimo fattore chiave \u00e8 una squadra forte. Questo team deve essere composto da persone esperte nel tuo settore. Il settore richiede persone competenti, di mentalit\u00e0 aperta e approfondite. Puoi avere la mappatura delle opportunit\u00e0 come parte del tuo reparto aziendale. Puoi anche assumere consulenti quando necessario per condurre un&#039;analisi. Anche un buon tempismo per trovare opportunit\u00e0 \u00e8 essenziale per il successo.<\/p>\n\n\n\n<h2 class=\"wp-block-heading\">Informazioni sulla mappatura delle opportunit\u00e0<\/h2>\n\n\n\n<p>La mappatura delle opportunit\u00e0 implica numerose ricerche, tra cui la ricerca qualitativa, quantitativa e strategica. Questi metodi offrono modi diversi per comprendere il mercato, i clienti e i concorrenti. La ricerca qualitativa va in profondit\u00e0, mentre la ricerca quantitativa fornisce statistiche e dati dettagliati. Questi ultimi possono assumere la forma di interviste, sondaggi e focus group. Pu\u00f2 anche utilizzare prove sul campo e osservazione.<\/p>\n\n\n\n<p><\/p>","protected":false},"excerpt":{"rendered":"<p>Discover SIS International&#8217;s opportunity mapping research, providing strategic insights for market exploration and informed decision-making in diverse business landscapes.<\/p>","protected":false},"author":1,"featured_media":62811,"parent":14567,"menu_order":22,"comment_status":"closed","ping_status":"closed","template":"","meta":{"footnotes":""},"class_list":["post-39613","page","type-page","status-publish","has-post-thumbnail"],"_links":{"self":[{"href":"https:\/\/www.sisinternational.com\/it\/wp-json\/wp\/v2\/pages\/39613","targetHints":{"allow":["GET"]}}],"collection":[{"href":"https:\/\/www.sisinternational.com\/it\/wp-json\/wp\/v2\/pages"}],"about":[{"href":"https:\/\/www.sisinternational.com\/it\/wp-json\/wp\/v2\/types\/page"}],"author":[{"embeddable":true,"href":"https:\/\/www.sisinternational.com\/it\/wp-json\/wp\/v2\/users\/1"}],"replies":[{"embeddable":true,"href":"https:\/\/www.sisinternational.com\/it\/wp-json\/wp\/v2\/comments?post=39613"}],"version-history":[{"count":9,"href":"https:\/\/www.sisinternational.com\/it\/wp-json\/wp\/v2\/pages\/39613\/revisions"}],"predecessor-version":[{"id":81036,"href":"https:\/\/www.sisinternational.com\/it\/wp-json\/wp\/v2\/pages\/39613\/revisions\/81036"}],"up":[{"embeddable":true,"href":"https:\/\/www.sisinternational.com\/it\/wp-json\/wp\/v2\/pages\/14567"}],"wp:featuredmedia":[{"embeddable":true,"href":"https:\/\/www.sisinternational.com\/it\/wp-json\/wp\/v2\/media\/62811"}],"wp:attachment":[{"href":"https:\/\/www.sisinternational.com\/it\/wp-json\/wp\/v2\/media?parent=39613"}],"curies":[{"name":"wp","href":"https:\/\/api.w.org\/{rel}","templated":true}]}}