{"id":39611,"date":"2021-12-31T01:07:20","date_gmt":"2021-12-31T01:07:20","guid":{"rendered":"https:\/\/www.sisinternational.com\/?page_id=39611"},"modified":"2026-01-24T16:45:15","modified_gmt":"2026-01-24T21:45:15","slug":"ricerche-di-mercato-sul-lancio-di-nuovi-prodotti","status":"publish","type":"page","link":"https:\/\/www.sisinternational.com\/it\/soluzioni\/consulenza-strategica\/ricerche-di-mercato-sul-lancio-di-nuovi-prodotti\/","title":{"rendered":"Ricerca sul lancio di nuovi prodotti"},"content":{"rendered":"<h1 class=\"wp-block-heading\">Ricerca sul lancio di nuovi prodotti<\/h1>\n\n\n\n<figure class=\"gb-block-image gb-block-image-8929a944\"><img loading=\"lazy\" decoding=\"async\" width=\"1456\" height=\"816\" class=\"gb-image gb-image-8929a944\" src=\"https:\/\/www.sisinternational.com\/wp-content\/uploads\/2025\/08\/Product-testing-2.jpg\" alt=\"Ricerca e strategia di mercato internazionale SIS\" title=\"Product testing (2)\" srcset=\"https:\/\/www.sisinternational.com\/wp-content\/uploads\/2025\/08\/Product-testing-2.jpg 1456w, https:\/\/www.sisinternational.com\/wp-content\/uploads\/2025\/08\/Product-testing-2-300x168.jpg 300w, https:\/\/www.sisinternational.com\/wp-content\/uploads\/2025\/08\/Product-testing-2-1024x574.jpg 1024w, https:\/\/www.sisinternational.com\/wp-content\/uploads\/2025\/08\/Product-testing-2-768x430.jpg 768w, https:\/\/www.sisinternational.com\/wp-content\/uploads\/2025\/08\/Product-testing-2-18x10.jpg 18w\" sizes=\"auto, (max-width: 1456px) 100vw, 1456px\"><\/figure>\n\n\n\n<p><\/p>\n\n\n\n<p>Lancio di nuovi prodotti La ricerca di mercato serve a scoprire opportunit\u00e0 per lo sviluppo di nuovi prodotti. Determina se vale la pena trasformare le tue idee di prodotto in realt\u00e0. Se vale la pena farlo, ti dice come farlo al meglio. Non conta solo ci\u00f2 che fanno i tuoi rivali, ma anche se il tuo pubblico target \u00e8 disposto a spendere soldi per te.<\/p>\n\n\n\n<p>Il lancio di un prodotto porta sul mercato un nuovo articolo o servizio. Garantisce che tutto il personale e i clienti target siano a conoscenza del tuo nuovo prodotto.<\/p>\n\n\n\n<h2 class=\"wp-block-heading\">Che cos&#039;\u00e8 la ricerca di mercato sull&#039;introduzione di nuovi prodotti?<\/h2>\n\n\n\n<p><span style=\"font-weight: 400;\">La ricerca di mercato sull\u2019introduzione di nuovi prodotti funge da bussola strategica per le aziende che intraprendono il lancio di un nuovo prodotto. Raccoglie informazioni utili e valuta la fattibilit\u00e0 del mercato prima che un prodotto raggiunga gli scaffali. Attraverso una meticolosa raccolta e analisi dei dati, le aziende acquisiscono una comprensione pi\u00f9 profonda del proprio mercato di riferimento, del panorama competitivo e delle potenziali sfide che potrebbero incontrare lungo il percorso. Sfruttando queste informazioni, le aziende possono prendere decisioni informate in ogni fase del processo di sviluppo del prodotto, dalla concettualizzazione alla commercializzazione, massimizzando in definitiva le possibilit\u00e0 di successo in un mercato in rapida evoluzione.<\/span><\/p>\n\n\n\n<h2 class=\"wp-block-heading\">Perch\u00e9 le aziende hanno bisogno di ricerche di mercato sull\u2019introduzione di nuovi prodotti?<\/h2>\n\n\n\n<p><span style=\"font-weight: 400;\">Le aziende si rivolgono alle ricerche di mercato sull&#039;introduzione di nuovi prodotti per diversi motivi convincenti. Si tratta di uno strumento fondamentale di mitigazione del rischio, che consente alle aziende di valutare la domanda del mercato e identificare potenziali ostacoli prima di investire risorse significative nello sviluppo e nel lancio del prodotto.&nbsp;<\/span><\/p>\n\n\n\n<p><span style=\"font-weight: 400;\">Moreover, this <a href=\"https:\/\/www.sisinternational.com\/it\/competenza\/industrie\/cosa-sono-le-attrezzature-di-perforazione-ed-estrazione\/\" title=\"Ricerche di mercato sulle attrezzature di perforazione ed estrazione\"  data-wpil-monitor-id=\"10275\">market research equips<\/a> businesses with critical findings into the competitive landscape. With this competitive intelligence, companies can fine-tune their product features, pricing strategies, and marketing tactics to gain a competitive edge and capture market share.<\/span><\/p>\n\n\n\n<p><span style=\"font-weight: 400;\">Additionally, new product introduction <a href=\"https:\/\/www.sisinternational.com\/it\/soluzioni\/consulenza-strategica\/consulenza-strategica-per-ricerche-di-mercato-e-abilitazione-alle-vendite\/\" title=\"Ricerca di mercato e consulenza strategica per l&#039;abilitazione delle vendite\"  data-wpil-monitor-id=\"10270\">market research enables<\/a> businesses to optimize resource allocation and investment decisions. This ensures that resources are allocated efficiently and effectively, maximizing ROI and minimizing the risk of overinvestment or underperformance. However, it brings some other benefits, including:<\/span><\/p>\n\n\n\n<ul class=\"wp-block-list\">\n<li><b>Convalida del mercato<\/b>: <a href=\"https:\/\/www.sisinternational.com\/it\/how-to-conduct-effective-quantitative-market-research\/\" title=\"How to Conduct Effective Quantitative Market Research\"  data-wpil-monitor-id=\"10276\">Conducting market research<\/a> helps validate the demand for a new product before investing significant resources in its development and launch.&nbsp;<\/span><\/li>\n\n\n\n<li><b>Mitigazione del rischio<\/b><span style=\"font-weight: 400;\">: consente alle aziende di identificare potenziali ostacoli e sfide nelle prime fasi del processo di sviluppo del prodotto, consentendo loro di mitigare i rischi ed evitare errori costosi.&nbsp;<\/span><\/li>\n\n\n\n<li><b>Opinioni dei clienti<\/b><span style=\"font-weight: 400;\">: Le aziende ottengono informazioni preziose sulle esigenze, sulle preferenze e sui punti critici dei clienti attraverso sondaggi sui consumatori, focus group e altri metodi di ricerca.&nbsp;<\/span><\/li>\n\n\n\n<li><b>Vantaggio competitivo<\/b><span style=\"font-weight: 400;\">: Analizzando le offerte della concorrenza, il posizionamento sul mercato e le strategie di marketing, le aziende possono identificare le lacune nel mercato e le opportunit\u00e0 per differenziare i propri prodotti in modo efficace.&nbsp;<\/span><\/li>\n\n\n\n<li><b>Strategie di marketing ottimizzate<\/b><span style=\"font-weight: 400;\">: le ricerche di mercato aiutano le aziende a sviluppare strategie di marketing mirate che siano in sintonia con il loro pubblico target e stimolino il coinvolgimento.&nbsp;<\/span><\/li>\n<\/ul>\n\n\n\n<h2 class=\"wp-block-heading\">Titoli di lavoro chiave<\/h2>\n\n\n\n<ul class=\"wp-block-list\">\n<li>Direttore delle ricerche di mercato<\/li>\n\n\n\n<li>Assistente alla ricerca qualitativa<\/li>\n\n\n\n<li>Analista degli insight<\/li>\n\n\n\n<li><a class=\"wpil_keyword_link\" href=\"https:\/\/www.sisinternational.com\/it\/competenza\/industrie\/ricerca-sul-prodotto\/\"   title=\"Ricerca sul prodotto\" data-wpil-keyword-link=\"linked\"  data-wpil-monitor-id=\"740\">Ricerca sul prodotto<\/a> analyst<\/li>\n\n\n\n<li>Analista di ricerche di mercato<\/li>\n\n\n\n<li>Analista di dati di marketing<\/li>\n\n\n\n<li><a href=\"https:\/\/www.sisinternational.com\/it\/soluzioni\/soluzioni-di-ricerca-quantitativa-qualitativa\/interviste-telefoniche-ricerche-di-mercato\/\" title=\"Interviste telefoniche approfondite Ricerche di mercato\"  data-wpil-monitor-id=\"10274\">Intervistatore per ricerche di mercato<\/a><\/li>\n<\/ul>\n\n\n\n<h2 class=\"wp-block-heading\">Chi utilizza la ricerca di mercato sull&#039;introduzione di nuovi prodotti<\/h2>\n\n\n\n<ul class=\"wp-block-list\">\n<li><b>Team di sviluppo prodotto<\/b><span style=\"font-weight: 400;\"> fare affidamento sulle ricerche di mercato per comprendere le esigenze e le preferenze dei clienti, identificare le lacune del mercato e sviluppare in modo efficace prodotti che rispondano alle esigenze non soddisfatte. Incorporando le informazioni ricavate dalle ricerche di mercato nel processo di sviluppo del prodotto, i team possono garantire che i nuovi prodotti siano in sintonia con i clienti target e soddisfino le loro aspettative.<\/span><\/li>\n\n\n\n<li><b>Dipartimenti di marketing<\/b><span style=\"font-weight: 400;\"> utilize market research to develop targeted marketing strategies that effectively communicate the <a href=\"https:\/\/www.sisinternational.com\/it\/what-is-a-value-proposition-canvas-the-game-changing-framework-that-prevents-product-failures\/\" title=\"What Is a Value Proposition Canvas? &#091;The Game-Changing Framework That Prevents Product Failures&#093;\"  data-wpil-monitor-id=\"1464\">value proposition of new products<\/a> and drive customer engagement. By analyzing consumer behavior, media consumption habits, and purchasing preferences, marketers can craft messaging and positioning strategies that resonate with the target audience and drive awareness and adoption of new products.<\/span><\/li>\n\n\n\n<li><b>Squadre di vendita<\/b><span style=\"font-weight: 400;\"> sfruttare la ricerca di mercato per comprendere le dinamiche del mercato, le minacce competitive e i punti critici dei clienti. Ci\u00f2 consente loro di posizionare e vendere in modo efficace nuovi prodotti ai clienti e consente loro di affrontare in modo proattivo le preoccupazioni e le obiezioni dei clienti, aumentando la probabilit\u00e0 di risultati di vendita positivi.<\/span><\/li>\n\n\n\n<li><b>Investitori e stakeholder<\/b><span style=\"font-weight: 400;\"> spesso richiedono ricerche di mercato per valutare il potenziale ritorno sull&#039;investimento (ROI) di iniziative di nuovi prodotti e valutare la fattibilit\u00e0 dei piani di espansione aziendale. Fornendo informazioni sulle dimensioni del mercato, sul potenziale di crescita e sulle dinamiche competitive, le ricerche di mercato aiutano gli investitori a prendere decisioni informate sull\u2019allocazione del capitale e sul sostegno alle iniziative imprenditoriali.<\/span><\/li>\n<\/ul>\n\n\n\n<h2 class=\"wp-block-heading\">Quando condurre questa ricerca di mercato<\/h2>\n\n\n\n<figure class=\"gb-block-image gb-block-image-19ebe988\"><img decoding=\"async\" class=\"gb-image gb-image-19ebe988\" src=\"https:\/\/www.sisinternational.com\/wp-content\/uploads\/2025\/08\/Consumer-market-.jpg\" alt=\"Ricerca e strategia di mercato internazionale SIS\" title=\"Consumer market\"><\/figure>\n\n\n\n<p><\/p>\n\n\n\n<p><span style=\"font-weight: 400;\">Timing is crucial when it comes to conducting new product introduction market research. Businesses should initiate <a href=\"https:\/\/www.sisinternational.com\/it\/garantire-che-i-clienti-ricordino-il-tuo-messaggio\/\" title=\"Ricerche di mercato sull&#039;attivazione del marchio\"  data-wpil-monitor-id=\"10271\">market research activities<\/a> at strategic junctures throughout the product development lifecycle to maximize their impact and effectiveness. Here are some key milestones when conducting new product introduction market research is essential:<\/span><\/p>\n\n\n\n<ul class=\"wp-block-list\">\n<li><b>Fase di generazione delle idee<\/b><span style=\"font-weight: 400;\">: La ricerca di mercato dovrebbe iniziare nelle prime fasi del processo di sviluppo del prodotto, durante la fase di generazione dell&#039;idea. Sollecitando il feedback dei potenziali clienti, conducendo test concettuali e identificando le tendenze del mercato e le esigenze non soddisfatte, le aziende possono perfezionare i concetti di prodotto e garantire l&#039;allineamento con la domanda del mercato fin dall&#039;inizio.<\/span><\/li>\n\n\n\n<li><b>Fase di sviluppo del concetto<\/b><span style=\"font-weight: 400;\">: una volta formulati i concetti iniziali del prodotto, la ricerca di mercato pu\u00f2 aiutare a convalidare e perfezionare ulteriormente questi concetti. La conduzione di test concettuali, focus group e sondaggi consente alle aziende di valutare l&#039;interesse dei consumatori, valutare il valore percepito e identificare le aree di miglioramento prima di procedere con lo sviluppo su vasta scala.<\/span><\/li>\n\n\n\n<li><b>Test del prototipo<\/b>: As prototypes or <a href=\"https:\/\/www.sisinternational.com\/it\/soluzioni\/consulenza-strategica\/ricerca-di-mercato-minima-del-prodotto-praticabile\/\" title=\"Ricerca di mercato sui prodotti minimi validi\"  data-wpil-monitor-id=\"10272\">minimum viable products<\/a> (MVPs) are developed, businesses should conduct testing with target customers to gather feedback on product features, functionality, and usability. Prototype testing allows businesses to identify potential issues early in development and make necessary adjustments to enhance the product&#8217;s appeal and performance.<\/span><\/li>\n\n\n\n<li><b>Fase di pre-lancio<\/b><span style=\"font-weight: 400;\">: nella fase pre-lancio, le aziende dovrebbero condurre valutazioni di mercato complete per valutare il panorama competitivo, identificare potenziali barriere all\u2019ingresso e affinare la propria strategia di go-to-market. Ci\u00f2 include l&#039;analisi delle offerte della concorrenza, la conduzione di studi sui prezzi e il perfezionamento dei messaggi di marketing per garantire un lancio del prodotto di successo.<\/span><\/li>\n\n\n\n<li><b>Monitoraggio post-lancio<\/b><span style=\"font-weight: 400;\">: Le ricerche di mercato non dovrebbero fermarsi una volta lanciato il prodotto. Il monitoraggio continuo delle dinamiche di mercato, del feedback dei clienti e degli sviluppi competitivi \u00e8 essenziale per monitorare le prestazioni del prodotto, identificare le tendenze emergenti e apportare modifiche tempestive alle strategie di marketing e alle offerte di prodotti.<\/span><\/li>\n<\/ul>\n\n\n\n<h2 class=\"wp-block-heading\">Fattori critici di successo per un&#039;introduzione di successo di un nuovo prodotto<\/h2>\n\n\n\n<p><span style=\"font-weight: 400;\">Diversi fattori chiave contribuiscono al successo dell\u2019introduzione di un nuovo prodotto e le aziende devono affrontarli in modo efficace per massimizzare le proprie possibilit\u00e0 di successo. Ecco alcuni fattori critici di successo:<\/span><\/p>\n\n\n\n<ul class=\"wp-block-list\">\n<li><b>Comprensione del mercato<\/b><span style=\"font-weight: 400;\">: Una conoscenza approfondita del mercato di riferimento \u00e8 essenziale per il successo del lancio di nuovi prodotti. Le aziende devono condurre ricerche di mercato complete per identificare le esigenze, le preferenze e i punti critici dei clienti e valutare il panorama competitivo e le dinamiche del mercato.&nbsp;<\/span><\/li>\n\n\n\n<li><b>Differenziazione del prodotto<\/b><span style=\"font-weight: 400;\">: i nuovi prodotti di successo spesso offrono caratteristiche o vantaggi unici che li distinguono dalle offerte esistenti sul mercato. Le aziende devono identificare opportunit\u00e0 di differenziazione del prodotto e sviluppare proposte di valore convincenti che siano in sintonia con il loro pubblico target.&nbsp;<\/span><\/li>\n\n\n\n<li><b>Marketing e promozione efficaci<\/b><span style=\"font-weight: 400;\">: il marketing svolge un ruolo cruciale nel promuovere la notoriet\u00e0, generare interesse e incentivare le vendite di nuovi prodotti. Le aziende devono sviluppare strategie di marketing complete che sfruttino vari canali, come marketing digitale, social media, pubblicit\u00e0 e pubbliche relazioni, per raggiungere il proprio pubblico target in modo efficace.&nbsp;<\/span><\/li>\n\n\n\n<li><b>Strategia di prezzo ottimizzata<\/b><span style=\"font-weight: 400;\">: Il prezzo influenza in modo significativo le decisioni di acquisto dei clienti e l&#039;adozione complessiva del prodotto. Le aziende devono sviluppare strategie di prezzo che raggiungano il giusto equilibrio tra percezione del valore e convenienza. Attraverso la ricerca e l&#039;analisi dei prezzi, le aziende possono determinare il prezzo ottimale per i loro nuovi prodotti, massimizzando le entrate pur rimanendo competitive.<\/span><\/li>\n<\/ul>\n\n\n\n<h2 class=\"wp-block-heading\">Risultati attesi dalla ricerca di mercato sul lancio di nuovi prodotti condotta da SIS International<\/h2>\n\n\n\n<p><span style=\"font-weight: 400;\">SIS International offers comprehensive <a href=\"https:\/\/www.sisinternational.com\/it\/soluzioni\/ricerca-di-consulenza-strategica-fintech\/ricerche-di-mercato-sui-servizi-finanziari\/\" title=\"Ricerche di mercato sui servizi finanziari\"  data-wpil-monitor-id=\"10273\">market research services<\/a> tailored to the unique needs of businesses embarking on new product introductions. By partnering with SIS International, businesses can expect a range of valuable outcomes and benefits:<\/span><\/p>\n\n\n\n<ul class=\"wp-block-list\">\n<li><b>Approfondimenti sul mercato<\/b><span style=\"font-weight: 400;\">: SIS International conduce analisi di mercato approfondite per fornire alle aziende informazioni utili sulle tendenze del mercato, sulle preferenze dei clienti e sulle dinamiche competitive. Attraverso metodi di ricerca primari come sondaggi, focus group e interviste, integrati da ricerche secondarie e analisi dei dati, SIS International fornisce approfondimenti approfonditi che informano il processo decisionale strategico e lo sviluppo del prodotto.<\/span><\/li>\n\n\n\n<li><b>Feedback e convalida dei clienti<\/b><span style=\"font-weight: 400;\">: Il SIS facilita il coinvolgimento diretto con i clienti target per raccogliere feedback e convalidare nuovi concetti, caratteristiche e proposte di valore di prodotto. Sfruttando metodologie di ricerca qualitativa e quantitativa, SIS International garantisce che le aziende ricevano feedback onesti e imparziali dal loro pubblico target, consentendo loro di perfezionare i propri prodotti e le strategie di marketing per ottenere il massimo impatto.<\/span><\/li>\n\n\n\n<li><b>Intelligenza competitiva<\/b><span style=\"font-weight: 400;\">: SIS International conduce analisi competitive per aiutare le aziende a comprendere il proprio panorama competitivo e identificare opportunit\u00e0 di differenziazione. Analizzando le offerte della concorrenza, le strategie di prezzo e le tattiche di marketing, SIS International fornisce alle aziende informazioni preziose che informano il loro posizionamento, i messaggi e le strategie di go-to-market.<\/span><\/li>\n\n\n\n<li><b>Supporto e monitoraggio continui<\/b><span style=\"font-weight: 400;\">: Oltre la fase di ricerca iniziale, SIS International offre supporto e monitoraggio continui per garantire il successo dell&#039;introduzione di nuovi prodotti. Attraverso il costante monitoraggio del mercato, l&#039;analisi del feedback dei clienti e il monitoraggio delle prestazioni, SIS International aiuta le aziende ad adattarsi alle condizioni di mercato in evoluzione e alle preferenze dei consumatori, massimizzando il successo e la redditivit\u00e0 a lungo termine dei loro nuovi prodotti.<\/span><\/li>\n<\/ul>\n\n\n\n<h2 class=\"wp-block-heading\">Opportunities in the New Product Introduction Market<\/h2>\n\n\n\n<p><span style=\"font-weight: 400;\">L\u2019ingresso nel mercato dell\u2019introduzione di nuovi prodotti offre alle aziende molte opportunit\u00e0 di innovare, differenziarsi e crescere. Ecco alcune opportunit\u00e0 chiave per le aziende in questo mercato dinamico:<\/span><\/p>\n\n\n\n<ul class=\"wp-block-list\">\n<li><b>Espansione in nuovi mercati<\/b><span style=\"font-weight: 400;\">: L&#039;introduzione di nuovi prodotti offre alle aziende l&#039;opportunit\u00e0 di espandersi in nuove regioni geografiche o segmenti di mercato. Conducendo ricerche di mercato per comprendere le preferenze locali, le sfumature culturali e i requisiti normativi, le aziende possono personalizzare i propri prodotti e le proprie strategie di marketing per penetrare efficacemente nuovi mercati e cogliere opportunit\u00e0 di crescita non sfruttate.<\/span><\/li>\n\n\n\n<li><b>Costruire la fedelt\u00e0 al marchio<\/b><span style=\"font-weight: 400;\">: Launching new products allows businesses to strengthen their brand identity and build customer loyalty. Through delivering high-quality products, exceptional customer experiences, and meaningful brand messaging, companies can foster long-term relationships with customers and establish themselves as trusted and preferred <a href=\"https:\/\/www.sisinternational.com\/it\/pubblicita-shock-e-marketing-shock\/\" title=\"Pubblicit\u00e0 shock e marketing shock\"  data-wpil-monitor-id=\"10269\">brands in their respective markets<\/a>.<\/span><\/li>\n\n\n\n<li><b>Promuovere la cultura dell\u2019innovazione<\/b><span style=\"font-weight: 400;\">: Abbracciare una cultura dell\u2019innovazione all\u2019interno dell\u2019organizzazione favorisce la creativit\u00e0, la collaborazione e il miglioramento continuo. Incoraggiare i dipendenti a contribuire con idee, sperimentare nuovi concetti e sfidare lo status quo consente alle aziende di stare al passo con i tempi e promuovere l\u2019innovazione continua nelle loro offerte di prodotti.<\/span><\/li>\n<\/ul>\n\n\n\n<h2 class=\"wp-block-heading\">In che modo la competenza di SIS International aiuta le aziende nell&#039;introduzione di nuovi prodotti<\/h2>\n\n\n\n<p><a href=\"https:\/\/www.linkedin.com\/company\/sisinternationalresearch\/\" target=\"_blank\" rel=\"noopener\"><span style=\"font-weight: 400;\">SIS Internazionale<\/span><\/a><span style=\"font-weight: 400;\"> offre una gamma di servizi specializzati e competenze per supportare le aziende durante tutto il processo di introduzione di un nuovo prodotto. Ecco come SIS International pu\u00f2 aiutare le aziende ad avere successo:<\/span><\/p>\n\n\n\n<ul class=\"wp-block-list\">\n<li><b>Ricerca di mercato completa<\/b><span style=\"font-weight: 400;\">: SIS conduce ricerche di mercato complete per fornire alle aziende informazioni preziose sulle tendenze del mercato, sulle preferenze dei clienti e sulle dinamiche competitive. Sfruttando metodologie di ricerca sia qualitative che quantitative, forniamo informazioni fruibili che informano il processo decisionale strategico e guidano lo sviluppo del prodotto.<\/span><\/li>\n\n\n\n<li><b>Approfondimenti e convalida dei clienti<\/b><span style=\"font-weight: 400;\">: Il SIS facilita il coinvolgimento diretto con i clienti target per raccogliere feedback e convalidare nuovi concetti, caratteristiche e proposte di valore di prodotto. Attraverso focus group, sondaggi, interviste e altri metodi di ricerca, i nostri consulenti garantiscono che le aziende ricevano feedback onesti e imparziali dal loro pubblico target, consentendo loro di perfezionare i propri prodotti e le strategie di marketing per ottenere il massimo impatto.<\/span><\/li>\n\n\n\n<li><b>Intelligenza competitiva<\/b><span style=\"font-weight: 400;\">: SIS International conduce analisi competitive approfondite per aiutare le aziende a comprendere il proprio panorama competitivo e identificare opportunit\u00e0 di differenziazione. Analizzando le offerte della concorrenza, le strategie di prezzo e le tattiche di marketing, SIS International fornisce alle aziende informazioni preziose che informano il loro posizionamento, i messaggi e le strategie di go-to-market.<\/span><\/li>\n\n\n\n<li><b>Supporto e monitoraggio continui<\/b><span style=\"font-weight: 400;\">: Oltre la fase di ricerca iniziale, SIS offre supporto e monitoraggio continui per garantire il successo dell&#039;introduzione di nuovi prodotti. Attraverso il monitoraggio continuo del mercato, l&#039;analisi del feedback dei clienti e il monitoraggio delle prestazioni, SIS International aiuta le aziende ad adattarsi alle condizioni di mercato in evoluzione e alle preferenze dei consumatori, massimizzando il successo e la redditivit\u00e0 a lungo termine dei loro nuovi prodotti.<\/span><\/li>\n<\/ul>\n\n\n\n<h2 class=\"wp-block-heading\">Informazioni sulla ricerca di mercato sul lancio di nuovi prodotti<\/h2>\n\n\n\n<p>Vuoi lanciare un prodotto? Hai bisogno di ricerche di mercato per il lancio di nuovi prodotti? Allora sei nel posto giusto. Organizziamo per te dei focus group. Possiamo anche svolgere ricerche qualitative, quantitative e strategiche per la vostra azienda. Assicurati di fare ricerche di mercato sul lancio di nuovi prodotti. Garantir\u00e0 il successo del tuo prodotto.<\/p>\n\n\n\n<p><\/p>","protected":false},"excerpt":{"rendered":"<p>La ricerca di mercato sul lancio di nuovi prodotti raccoglie informazioni utili e valuta la fattibilit\u00e0 del mercato prima che un prodotto raggiunga gli scaffali.<\/p>","protected":false},"author":1,"featured_media":62701,"parent":14567,"menu_order":21,"comment_status":"closed","ping_status":"closed","template":"","meta":{"footnotes":""},"class_list":["post-39611","page","type-page","status-publish","has-post-thumbnail"],"_links":{"self":[{"href":"https:\/\/www.sisinternational.com\/it\/wp-json\/wp\/v2\/pages\/39611","targetHints":{"allow":["GET"]}}],"collection":[{"href":"https:\/\/www.sisinternational.com\/it\/wp-json\/wp\/v2\/pages"}],"about":[{"href":"https:\/\/www.sisinternational.com\/it\/wp-json\/wp\/v2\/types\/page"}],"author":[{"embeddable":true,"href":"https:\/\/www.sisinternational.com\/it\/wp-json\/wp\/v2\/users\/1"}],"replies":[{"embeddable":true,"href":"https:\/\/www.sisinternational.com\/it\/wp-json\/wp\/v2\/comments?post=39611"}],"version-history":[{"count":9,"href":"https:\/\/www.sisinternational.com\/it\/wp-json\/wp\/v2\/pages\/39611\/revisions"}],"predecessor-version":[{"id":81696,"href":"https:\/\/www.sisinternational.com\/it\/wp-json\/wp\/v2\/pages\/39611\/revisions\/81696"}],"up":[{"embeddable":true,"href":"https:\/\/www.sisinternational.com\/it\/wp-json\/wp\/v2\/pages\/14567"}],"wp:featuredmedia":[{"embeddable":true,"href":"https:\/\/www.sisinternational.com\/it\/wp-json\/wp\/v2\/media\/62701"}],"wp:attachment":[{"href":"https:\/\/www.sisinternational.com\/it\/wp-json\/wp\/v2\/media?parent=39611"}],"curies":[{"name":"wp","href":"https:\/\/api.w.org\/{rel}","templated":true}]}}