{"id":39605,"date":"2021-12-31T00:38:45","date_gmt":"2021-12-31T00:38:45","guid":{"rendered":"https:\/\/www.sisinternational.com\/?page_id=39605"},"modified":"2026-01-25T16:38:47","modified_gmt":"2026-01-25T21:38:47","slug":"societa-di-consulenza-direzionale","status":"publish","type":"page","link":"https:\/\/www.sisinternational.com\/it\/soluzioni\/consulenza-strategica\/societa-di-consulenza-direzionale\/","title":{"rendered":"Societ\u00e0 di consulenza gestionale globale"},"content":{"rendered":"<h1 class=\"wp-block-heading\">Societ\u00e0 di consulenza gestionale globale<\/h1>\n\n\n\n<figure class=\"gb-block-image gb-block-image-2337b6aa\"><img loading=\"lazy\" decoding=\"async\" width=\"1456\" height=\"816\" class=\"gb-image gb-image-2337b6aa\" src=\"https:\/\/www.sisinternational.com\/wp-content\/uploads\/2025\/08\/Strategy-consulting-23.jpg\" alt=\"Ricerca e strategia di mercato internazionale SIS\" title=\"Strategy consulting (23)\" srcset=\"https:\/\/www.sisinternational.com\/wp-content\/uploads\/2025\/08\/Strategy-consulting-23.jpg 1456w, https:\/\/www.sisinternational.com\/wp-content\/uploads\/2025\/08\/Strategy-consulting-23-300x168.jpg 300w, https:\/\/www.sisinternational.com\/wp-content\/uploads\/2025\/08\/Strategy-consulting-23-1024x574.jpg 1024w, https:\/\/www.sisinternational.com\/wp-content\/uploads\/2025\/08\/Strategy-consulting-23-768x430.jpg 768w, https:\/\/www.sisinternational.com\/wp-content\/uploads\/2025\/08\/Strategy-consulting-23-18x10.jpg 18w\" sizes=\"auto, (max-width: 1456px) 100vw, 1456px\"><\/figure>\n\n\n\n<p><\/p>\n\n\n\n<p>Management consulting is the process of advising companies on ways to improve. Further, it helps these companies to refine their image and boost growth. As a matter of fact, consultants work with firms to solve problems, and we need them for different reasons. Since they work with several firms, it\u2019s easy for them to learn the best practices. They also get a firsthand view of the nature of each situation.<\/p>\n\n\n\n<p>They work with different types of firms, and in many cases, they provide services worldwide. The world of management consulting continues to grow daily. In fact, management <a href=\"https:\/\/www.sisinternational.com\/it\/soluzioni\/soluzioni-di-branding-e-ricerca-clienti\/ricerche-di-mercato-sulla-cura-della-pelle\/\" title=\"Ricerche di mercato per la cura della pelle | Consulenza nel settore della bellezza\"  data-wpil-monitor-id=\"10254\">consulting is now a billion-dollar industry<\/a>.<\/p>\n\n\n\n<p>Management consulting isn\u2019t limited and has a broad span, making it a decent career. Also, it offers opportunities, challenges, personal development, and new projects.<\/p>\n\n\n\n<h2 class=\"wp-block-heading\">Perch\u00e9 la consulenza manageriale \u00e8 importante?<\/h2>\n\n\n\n<p>All <a href=\"https:\/\/www.sisinternational.com\/it\/copertura\/le-americhe\/ricerche-di-mercato-nei-caraibi\/societa-di-consulenza-strategica-caraibica\/\" title=\"Societ\u00e0 di consulenza strategica per i Caraibi\"  data-wpil-monitor-id=\"10256\">companies should have a team of consultants<\/a> to help them find and use opportunities for the business. Moreover, having <a href=\"https:\/\/www.sisinternational.com\/it\/copertura\/le-americhe\/ricerche-di-mercato-nei-caraibi\/societa-di-consulenza-gestionale-caraibica\/\" title=\"Societ\u00e0 di consulenza gestionale dei Caraibi\"  data-wpil-monitor-id=\"10253\">management consultants helps the company<\/a> to make the fullest use of its capital resources. It also helps it to make full use of finances and human resources.<\/p>\n\n\n\n<p>Consultants work with the HR, marketing, and finance departments. They are great at forecasting future outcomes. They can warn the business of which direction to go if they sense an impending loss. Their teams conduct careful planning. They also assist in management changes, leadership training, and much more.<\/p>\n\n\n\n<h2 class=\"wp-block-heading\">Titoli di lavoro chiave<\/h2>\n\n\n\n<p>C&#039;\u00e8 una vasta gamma di lavori nella consulenza, da un analista a un regista. Altri titoli di lavoro includono:<\/p>\n\n\n\n<ul class=\"wp-block-list\">\n<li>Consulente associato<\/li>\n\n\n\n<li>Consulente d&#039;affari<\/li>\n\n\n\n<li>Responsabile del progetto<\/li>\n\n\n\n<li>Responsabile della produttivit\u00e0<\/li>\n\n\n\n<li>Capo direttore<\/li>\n<\/ul>\n\n\n\n<p>The titles listed above are jobs within <a href=\"https:\/\/www.sisinternational.com\/it\/optimized-management-system-for-a-leading-us-immigration-law-firm\/\" title=\"Optimized Management System for a Leading US Immigration law firm\"  data-wpil-monitor-id=\"3655\">societ\u00e0 di consulenza direzionale<\/a>. Most times, the highest level is to be a director in the firm.<\/p>\n\n\n\n<h2 class=\"wp-block-heading\">Perch\u00e9 le aziende hanno bisogno di consulenza gestionale<\/h2>\n\n\n\n<p>Avere un consulente pu\u00f2 migliorare il lavoro per raggiungere il successo. Un altro punto chiave \u00e8 che con una squadra le sfide sono pi\u00f9 facili da gestire. Diventa anche pi\u00f9 facile aumentare le entrate. Ecco alcuni altri motivi per cui le aziende hanno bisogno di consulenti:<\/p>\n\n\n\n<ul class=\"wp-block-list\">\n<li>Fornire competenze diverse in progetti specifici<\/li>\n\n\n\n<li>Evidenziare i problemi<\/li>\n\n\n\n<li>Creazione di nuove attivit\u00e0<\/li>\n\n\n\n<li>Ricostruire le imprese<\/li>\n\n\n\n<li>Formazione dei dipendenti<\/li>\n<\/ul>\n\n\n\n<p>Consultants can give helpful criticism, which helps business owners see things in a new light. Owners should strive to take their advice. They must also be open to feedback, as their ties to the business can blind them, which can be a barrier to growth. Making a business <a href=\"https:\/\/www.sisinternational.com\/it\/soluzioni\/e-la-crescita-globale\/consulenza-sulla-pianificazione-strategica\/\" title=\"Consulenza sulla pianificazione strategica\"  data-wpil-monitor-id=\"10255\">plan with a consultant<\/a> can double its value.<\/p>\n\n\n\n<h2 class=\"wp-block-heading\">Fattori chiave del successo<\/h2>\n\n\n\n<figure class=\"gb-block-image gb-block-image-8bf096b9\"><img loading=\"lazy\" decoding=\"async\" width=\"1456\" height=\"816\" class=\"gb-image gb-image-8bf096b9\" src=\"https:\/\/www.sisinternational.com\/wp-content\/uploads\/2025\/08\/Strategy-consulting-33.jpg\" alt=\"Ricerca e strategia di mercato internazionale SIS\" title=\"Strategy consulting (33)\" srcset=\"https:\/\/www.sisinternational.com\/wp-content\/uploads\/2025\/08\/Strategy-consulting-33.jpg 1456w, https:\/\/www.sisinternational.com\/wp-content\/uploads\/2025\/08\/Strategy-consulting-33-300x168.jpg 300w, https:\/\/www.sisinternational.com\/wp-content\/uploads\/2025\/08\/Strategy-consulting-33-1024x574.jpg 1024w, https:\/\/www.sisinternational.com\/wp-content\/uploads\/2025\/08\/Strategy-consulting-33-768x430.jpg 768w, https:\/\/www.sisinternational.com\/wp-content\/uploads\/2025\/08\/Strategy-consulting-33-18x10.jpg 18w\" sizes=\"auto, (max-width: 1456px) 100vw, 1456px\"><\/figure>\n\n\n\n<p><\/p>\n\n\n\n<p>All consultants have their own style of <a href=\"https:\/\/www.sisinternational.com\/it\/competenza\/industrie\/ricerche-di-mercato-sulla-movimentazione-dei-materiali\/\" title=\"Ricerche di mercato sulla movimentazione dei materiali\"  data-wpil-monitor-id=\"10259\">handling a project and doing research<\/a>. Despite that, they must have these three <a href=\"https:\/\/www.sisinternational.com\/it\/fattori-chiave-di-successo-nelle-ricerche-di-mercato-automobilistiche\/\" title=\"Fattori chiave di successo nelle ricerche di mercato automobilistiche\"  data-wpil-monitor-id=\"10258\">factors to start gaining success<\/a>.<\/p>\n\n\n\n<h3 class=\"wp-block-heading\">Pensiero analitico<\/h3>\n\n\n\n<p>A person working in this area must understand a problem and be able to solve it. New challenges will happen from time to time that they haven\u2019t faced before. Therefore, they must be aware and smart enough to find a way to solve the issue and read between the lines.<\/p>\n\n\n\n<h3 class=\"wp-block-heading\">Organizzazione<\/h3>\n\n\n\n<p>Per lavorare in una societ\u00e0 di consulenza bisogna essere organizzati. Aiuta nella pianificazione, nello svolgimento delle attivit\u00e0 e nella gestione del tempo. Questa abilit\u00e0 torna utile quando tutte le e-mail, i rapporti e gli altri dati iniziano ad arrivare.<\/p>\n\n\n\n<h3 class=\"wp-block-heading\">Comunicazione<\/h3>\n\n\n\n<p>Communication skills are a must-have when working in a consulting firm. It needs to be precise because consultants speak to clients and other high-profile players in the <a href=\"https:\/\/www.sisinternational.com\/it\/soluzioni\/ai-ricerche-di-mercato-e-consulenza-strategica\/societa-di-consulenza-globale-per-lautomazione-dellintelligenza-artificiale\/\" title=\"Societ\u00e0 globale di consulenza in materia di intelligenza artificiale e automazione\"  data-wpil-monitor-id=\"2391\">firm\u2019s<\/a> industry. Hence, they must adjust their language based on the person to whom they\u2019re speaking.<\/p>\n\n\n\n<h2 class=\"wp-block-heading\">Informazioni sulla consulenza gestionale<\/h2>\n\n\n\n<p>Finding a good <a href=\"https:\/\/www.sisinternational.com\/it\/competenza\/industrie\/societa-di-consulenza-per-ricerche-di-mercato-in-franchising\/\" title=\"Societ\u00e0 di ricerche di mercato e consulenza in franchising\"  data-wpil-monitor-id=\"10257\">consultant for your company<\/a> can be challenging. That\u2019s why our company is always ready to help. We form focus groups and do qualitative, quantitative, and strategic research. Our company works hard to ensure you get the data needed for growth. We <a href=\"https:\/\/www.sisinternational.com\/it\/competenza\/industrie\/ricerche-di-mercato-tramite-interviste-telefoniche-assistite-da-computer\/\" title=\"Ricerche di mercato sui colloqui telefonici assistiti da computer\"  data-wpil-monitor-id=\"10260\">assist in surveys as well as interviews<\/a>. Feel free to contact us. Let\u2019s start working today.<\/p>\n\n\n\n<p><\/p>","protected":false},"excerpt":{"rendered":"<p>SIS International ridefinisce la strategia con consulenza gestionale di alto livello, promuovendo soluzioni trasformative per le aziende in un mondo competitivo.<\/p>","protected":false},"author":1,"featured_media":62557,"parent":14567,"menu_order":19,"comment_status":"closed","ping_status":"closed","template":"","meta":{"footnotes":""},"class_list":["post-39605","page","type-page","status-publish","has-post-thumbnail"],"_links":{"self":[{"href":"https:\/\/www.sisinternational.com\/it\/wp-json\/wp\/v2\/pages\/39605","targetHints":{"allow":["GET"]}}],"collection":[{"href":"https:\/\/www.sisinternational.com\/it\/wp-json\/wp\/v2\/pages"}],"about":[{"href":"https:\/\/www.sisinternational.com\/it\/wp-json\/wp\/v2\/types\/page"}],"author":[{"embeddable":true,"href":"https:\/\/www.sisinternational.com\/it\/wp-json\/wp\/v2\/users\/1"}],"replies":[{"embeddable":true,"href":"https:\/\/www.sisinternational.com\/it\/wp-json\/wp\/v2\/comments?post=39605"}],"version-history":[{"count":6,"href":"https:\/\/www.sisinternational.com\/it\/wp-json\/wp\/v2\/pages\/39605\/revisions"}],"predecessor-version":[{"id":81693,"href":"https:\/\/www.sisinternational.com\/it\/wp-json\/wp\/v2\/pages\/39605\/revisions\/81693"}],"up":[{"embeddable":true,"href":"https:\/\/www.sisinternational.com\/it\/wp-json\/wp\/v2\/pages\/14567"}],"wp:featuredmedia":[{"embeddable":true,"href":"https:\/\/www.sisinternational.com\/it\/wp-json\/wp\/v2\/media\/62557"}],"wp:attachment":[{"href":"https:\/\/www.sisinternational.com\/it\/wp-json\/wp\/v2\/media?parent=39605"}],"curies":[{"name":"wp","href":"https:\/\/api.w.org\/{rel}","templated":true}]}}