{"id":39601,"date":"2021-12-31T00:31:05","date_gmt":"2021-12-31T00:31:05","guid":{"rendered":"https:\/\/www.sisinternational.com\/?page_id=39601"},"modified":"2026-01-27T16:32:53","modified_gmt":"2026-01-27T21:32:53","slug":"ricerche-di-mercato-in-rete-di-esperti","status":"publish","type":"page","link":"https:\/\/www.sisinternational.com\/it\/soluzioni\/consulenza-strategica\/ricerche-di-mercato-in-rete-di-esperti\/","title":{"rendered":"Ricerche di mercato della rete di esperti"},"content":{"rendered":"<h1 class=\"wp-block-heading fusion-responsive-typography-calculated\">Ricerche di mercato della rete di esperti<\/h1>\n\n\n\n<figure class=\"gb-block-image gb-block-image-51fc452b\"><img loading=\"lazy\" decoding=\"async\" width=\"1456\" height=\"816\" class=\"gb-image gb-image-51fc452b\" src=\"https:\/\/www.sisinternational.com\/wp-content\/uploads\/2025\/08\/Optimizing-Multi-Channel-Marketing-Strategies-1.jpg\" alt=\"Ricerca e strategia di mercato internazionale SIS\" title=\"Optimizing Multi-Channel Marketing Strategies (1)\" srcset=\"https:\/\/www.sisinternational.com\/wp-content\/uploads\/2025\/08\/Optimizing-Multi-Channel-Marketing-Strategies-1.jpg 1456w, https:\/\/www.sisinternational.com\/wp-content\/uploads\/2025\/08\/Optimizing-Multi-Channel-Marketing-Strategies-1-300x168.jpg 300w, https:\/\/www.sisinternational.com\/wp-content\/uploads\/2025\/08\/Optimizing-Multi-Channel-Marketing-Strategies-1-1024x574.jpg 1024w, https:\/\/www.sisinternational.com\/wp-content\/uploads\/2025\/08\/Optimizing-Multi-Channel-Marketing-Strategies-1-768x430.jpg 768w, https:\/\/www.sisinternational.com\/wp-content\/uploads\/2025\/08\/Optimizing-Multi-Channel-Marketing-Strategies-1-18x10.jpg 18w\" sizes=\"auto, (max-width: 1456px) 100vw, 1456px\"><\/figure>\n\n\n\n<p><\/p>\n\n\n\n<p>Le aziende sono alla ricerca di insight che possano aumentare il loro vantaggio competitivo. Le metodologie tradizionali di ricerca di mercato sono spesso alle prese con limiti in termini di profondit\u00e0, specificit\u00e0 e tempestivit\u00e0.<\/p>\n\n\n\n<p><span style=\"color: var(--awb-text-color); font-family: var(--awb-text-font-family); font-size: var(--awb-font-size); font-style: var(--awb-text-font-style); font-weight: var(--awb-text-font-weight); letter-spacing: var(--awb-letter-spacing); text-align: var(--awb-content-alignment); text-transform: var(--awb-text-transform); background-color: var(--awb-bg-color-hover);\">Pertanto, sfruttando conoscenze specializzate, le ricerche di mercato in rete di esperti offrono alle aziende una linea diretta con esperti del settore, leader di pensiero e professionisti esperti. Ci\u00f2 non solo accelera il processo di raccolta delle informazioni, ma garantisce anche informazioni utili per far crescere l&#039;azienda in modo rapido e sostenibile sulla base delle opinioni dei principali esperti del settore.<\/span><\/p>\n\n\n\n<h2 class=\"wp-block-heading\"><span style=\"color: var(--h2_typography-color); font-family: var(--h2_typography-font-family); font-size: var(--h2_typography-font-size); font-style: var(--h2_typography-font-style,normal); font-weight: var(--h2_typography-font-weight); letter-spacing: var(--h2_typography-letter-spacing); text-transform: var(--h2_typography-text-transform); text-align: var(--awb-content-alignment); background-color: var(--awb-bg-color-hover);\">Cos&#039;\u00e8 una rete di esperti?<\/span><\/h2>\n\n\n\n<p>Una rete di esperti collega gli esperti con i clienti. Questi clienti li pagano per condividere le loro conoscenze e competenze. Inoltre, questi esperti condividono approfondimenti su mercati specifici attraverso consultazioni.<\/p>\n\n\n\n<p>Therefore, expert <a href=\"https:\/\/www.sisinternational.com\/it\/il-tesoro-di-dati-del-social-network-per-i-ricercatori-di-marketing\/\" title=\"Ricerche di mercato sui social network: opportunit\u00e0 e sfide\"  data-wpil-monitor-id=\"2705\">network market research<\/a> is a specialized approach to gathering insights and information by tapping into a curated network of industry professionals and experts. These networks consist of individuals who possess deep knowledge, experience, and understanding of specific industries, markets, or niches. Instead of relying solely on traditional research methods like surveys or data analysis, expert network <a href=\"https:\/\/www.sisinternational.com\/it\/connesso_car_market_research\/\" title=\"Ricerche di mercato sulle auto connesse\"  data-wpil-monitor-id=\"2070\">market research connects<\/a> businesses directly with these experts, providing direct access to firsthand knowledge in consultations.<\/p>\n\n\n\n<p>These consultations are usually short, lasting for about an hour. An expert network delivers experts who match the interests of its clients. Another function of the network is to ensure proper scheduling of the interview and seamless exchange of information. The network also handles the payments.<\/p>\n\n\n\n<h2 class=\"wp-block-heading fusion-responsive-typography-calculated\">Perch\u00e9 \u00e8 importante una rete di esperti?<\/h2>\n\n\n\n<p>C\u2019\u00e8 una crescente domanda di dati cruciali e rilevanti. Inoltre, le industrie e i mercati moderni sono in continua evoluzione. Pertanto, la rete di esperti \u00e8 diventata un\u2019esigenza di servizio vitale per le imprese. La competenza fornita da questo servizio va oltre ci\u00f2 che i clienti possono ricercare. Ad esempio, d\u00e0 loro la possibilit\u00e0 di ottenere le risposte giuste alle loro domande. Le reti di esperti sono fonti rilevanti e a prova di errore. In effetti, funzionano meglio di altri metodi di ricerca. Ad esempio, \u00e8 in vantaggio rispetto alla ricerca desktop basata sull&#039;impegno del team. Funzionano anche meglio dell\u2019acquisto di dati di mercato e rapporti di mercato.<\/p>\n\n\n\n<h2 class=\"wp-block-heading\">Vantaggi dell&#039;utilizzo di reti di esperti per le ricerche di mercato<\/h2>\n\n\n\n<p>Le ricerche di mercato in rete di esperti hanno rivoluzionato il modo in cui le aziende raccolgono informazioni e prendono decisioni informate. Ecco i principali vantaggi derivanti dall\u2019utilizzo di questo tipo di ricerca:<\/p>\n\n\n\n<ul class=\"wp-block-list\">\n<li><b>Approfondimento nella conoscenza di nicchia<\/b>: Le ricerche di mercato di reti di esperti garantiscono alle aziende l&#039;accesso diretto a specialisti con conoscenze approfondite in settori specifici e garantiscono approfondimenti su misura in settori o nicchie particolari.<\/li>\n\n\n\n<li><b>Efficienza temporale<\/b>: Traditional research can be a lengthy process, while expert network market research streamlines this process by swiftly connecting businesses with the right professionals, leading to quicker and more timely insights.<\/li>\n\n\n\n<li><b style=\"color: var(--awb-text-color); font-family: var(--awb-text-font-family); font-size: var(--awb-font-size); font-style: var(--awb-text-font-style); letter-spacing: var(--awb-letter-spacing); text-align: var(--awb-content-alignment); text-transform: var(--awb-text-transform); background-color: var(--awb-bg-color-hover);\">Migliore qualit\u00e0 degli insight<\/b><span style=\"color: var(--awb-text-color); font-family: var(--awb-text-font-family); font-size: var(--awb-font-size); font-style: var(--awb-text-font-style); font-weight: var(--awb-text-font-weight); letter-spacing: var(--awb-letter-spacing); text-align: var(--awb-content-alignment); text-transform: var(--awb-text-transform); background-color: var(--awb-bg-color-hover);\">: L&#039;esperienza diretta degli esperti garantisce approfondimenti di alta qualit\u00e0 superiori ad altri metodi. La loro profonda conoscenza del settore fornisce prospettive sfumate e analisi dettagliate<\/span><\/li>\n\n\n\n<li><b style=\"color: var(--awb-text-color); font-family: var(--awb-text-font-family); font-size: var(--awb-font-size); font-style: var(--awb-text-font-style); letter-spacing: var(--awb-letter-spacing); text-align: var(--awb-content-alignment); text-transform: var(--awb-text-transform); background-color: var(--awb-bg-color-hover);\">Adaptable <\/b><a href=\"https:\/\/www.sisinternational.com\/it\/copertura\/europa\/ricerche-di-mercato-del-vaticano\/\" title=\"Ricerche di mercato in Vaticano\"  data-wpil-monitor-id=\"3765\">Research Approach: Expert network market<\/a> research can be customized to address distinct questions or challenges, offering flexibility in the depth and breadth of research required.<\/span><\/li>\n\n\n\n<li><b>Prospettive globali:<\/b> Con molte reti di esperti sparse in tutti i paesi, le aziende possono acquisire informazioni su vari mercati regionali, comprendendo le tendenze globali e le sfumature regionali.<\/li>\n\n\n\n<li><b>Efficienza dei costi:<\/b> Sebbene sia previsto un investimento iniziale, informazioni di alta qualit\u00e0 possono portare a un migliore processo decisionale, riducendo potenzialmente i passi falsi costosi.<\/li>\n\n\n\n<li><b style=\"color: var(--awb-text-color); font-family: var(--awb-text-font-family); font-size: var(--awb-font-size); font-style: var(--awb-text-font-style); letter-spacing: var(--awb-letter-spacing); text-align: var(--awb-content-alignment); text-transform: var(--awb-text-transform); background-color: var(--awb-bg-color-hover);\">Accesso diretto ai dati primari: <\/b><span style=\"color: var(--awb-text-color); font-family: var(--awb-text-font-family); font-size: var(--awb-font-size); font-style: var(--awb-text-font-style); font-weight: var(--awb-text-font-weight); letter-spacing: var(--awb-letter-spacing); text-align: var(--awb-content-alignment); text-transform: var(--awb-text-transform); background-color: var(--awb-bg-color-hover);\">Invece di fare affidamento esclusivamente su dati secondari, le ricerche di mercato in rete di esperti offrono informazioni di prima mano, provenienti direttamente da professionisti esperti.<\/span><\/li>\n\n\n\n<li><b style=\"color: var(--awb-text-color); font-family: var(--awb-text-font-family); font-size: var(--awb-font-size); font-style: var(--awb-text-font-style); letter-spacing: var(--awb-letter-spacing); text-align: var(--awb-content-alignment); text-transform: var(--awb-text-transform); background-color: var(--awb-bg-color-hover);\">Ricerca riservata:<\/b><span style=\"color: var(--awb-text-color); font-family: var(--awb-text-font-family); font-size: var(--awb-font-size); font-style: var(--awb-text-font-style); font-weight: var(--awb-text-font-weight); letter-spacing: var(--awb-letter-spacing); text-align: var(--awb-content-alignment); text-transform: var(--awb-text-transform); background-color: var(--awb-bg-color-hover);\"> Le reti di esperti spesso operano nel rispetto di rigidi accordi di riservatezza, garantendo che le richieste aziendali sensibili rimangano private e sicure.<\/span><\/li>\n\n\n\n<li><b style=\"color: var(--awb-text-color); font-family: var(--awb-text-font-family); font-size: var(--awb-font-size); font-style: var(--awb-text-font-style); letter-spacing: var(--awb-letter-spacing); text-align: var(--awb-content-alignment); text-transform: var(--awb-text-transform); background-color: var(--awb-bg-color-hover);\">Holistic <\/b><a href=\"https:\/\/www.sisinternational.com\/it\/copertura\/le-americhe\/ricerche-di-mercato-nei-caraibi\/ricerche-di-mercato-antigua-barbuda\/\" title=\"Ricerche di mercato ad Antigua e Barbuda\"  data-wpil-monitor-id=\"3790\">Research Approach: Expert network market<\/a> research can complement other research tools, providing a comprehensive view of the market. Combining expert insights with quantitative data can yield a well-rounded research outcome.<\/span><\/li>\n<\/ul>\n\n\n\n<h2 class=\"wp-block-heading fusion-responsive-typography-calculated\">Titoli di lavoro chiave<\/h2>\n\n\n\n<figure class=\"gb-block-image gb-block-image-90106964\"><img loading=\"lazy\" decoding=\"async\" width=\"1456\" height=\"816\" class=\"gb-image gb-image-90106964\" src=\"https:\/\/www.sisinternational.com\/wp-content\/uploads\/2025\/08\/Strategy-consulting-2.jpg\" alt=\"Ricerca e strategia di mercato internazionale SIS\" title=\"Strategy consulting (2)\" srcset=\"https:\/\/www.sisinternational.com\/wp-content\/uploads\/2025\/08\/Strategy-consulting-2.jpg 1456w, https:\/\/www.sisinternational.com\/wp-content\/uploads\/2025\/08\/Strategy-consulting-2-300x168.jpg 300w, https:\/\/www.sisinternational.com\/wp-content\/uploads\/2025\/08\/Strategy-consulting-2-1024x574.jpg 1024w, https:\/\/www.sisinternational.com\/wp-content\/uploads\/2025\/08\/Strategy-consulting-2-768x430.jpg 768w, https:\/\/www.sisinternational.com\/wp-content\/uploads\/2025\/08\/Strategy-consulting-2-18x10.jpg 18w\" sizes=\"auto, (max-width: 1456px) 100vw, 1456px\"><\/figure>\n\n\n\n<p><\/p>\n\n\n\n<h3 class=\"wp-block-heading fusion-responsive-typography-calculated\">I vari titoli\/profili lavorativi chiave inclusi in questo servizio sono:<\/h3>\n\n\n\n<p><strong>Dirigenti di livello C<\/strong>. COO, CFO e CEO comprendono i loro settori. Le loro utili conoscenze pratiche offrono loro una visione dall&#039;alto di ulteriori eventi e tendenze del mercato.<\/p>\n\n\n\n<p><strong>Professionisti di fascia medio-alta<\/strong>. Professionisti del management che forniscono prospettive pertinenti e appropriate. Influiscono sulla strategia, sullo sviluppo del business, sul marketing, sulla complessit\u00e0 del personale e su altre questioni.<\/p>\n\n\n\n<p><strong>Specialisti in innovazione e tecnologia<\/strong>. Questi esperti provengono da contesti diversi. Hanno le competenze e comprendono gli aspetti avanzati di un mercato specifico. Possono anche essere accademici o tecnici di laboratorio con competenze in innovazioni testate in laboratorio.<\/p>\n\n\n\n<p><strong>Leader di pensiero (settore) o membri dell&#039;organizzazione<\/strong>. Soddisfano esigenze specifiche come la mobilit\u00e0 elettrica, i pagamenti e le frodi.<\/p>\n\n\n\n<h2 class=\"wp-block-heading fusion-responsive-typography-calculated\">Perch\u00e9 le aziende hanno bisogno di reti di esperti<\/h2>\n\n\n\n<p>Prendiamo in considerazione un esempio. La tua azienda si sta espandendo all\u2019estero con una linea di prodotti all\u2019avanguardia. Il mercato sembra essere unico e non esistono varianti locali. Tuttavia, avrai bisogno di un esperto di dominio. \u00c8 un dato di fatto, ti aiuteranno ad accedere a conoscenze dettagliate del settore specifiche per quell&#039;area. A sua volta, questa conoscenza garantir\u00e0 il successo della tua strategia di go-to-market. \u00c8 fondamentale per il momento in cui lanci il tuo nuovo prodotto. Un altro punto chiave \u00e8 che \u00e8 fondamentale conoscere i problemi di conformit\u00e0 o i potenziali rischi al di fuori del territorio nazionale. Ti aiuter\u00e0 a ottenere profitti migliori in un nuovo mercato.<\/p>\n\n\n\n<h2 class=\"wp-block-heading\">Come funzionano le reti di esperti<\/h2>\n\n\n\n<p>Le reti di esperti sono diventate uno strumento essenziale per aziende, investitori e ricercatori alla ricerca di conoscenze e approfondimenti specializzati. Queste reti colmano il divario tra coloro che necessitano di competenze e i professionisti che le possiedono. Ecco una ripartizione del funzionamento tipico delle reti di esperti:<\/p>\n\n\n\n<ul class=\"wp-block-list\">\n<li><b>Reclutamento di esperti<\/b>: Le reti di esperti identificano e reclutano attivamente professionisti con una profonda conoscenza ed esperienza del settore. Ci\u00f2 pu\u00f2 comprendere una vasta gamma di professionisti, da dirigenti senior e accademici a consulenti e specialisti del settore.<\/li>\n\n\n\n<li><b style=\"color: var(--awb-text-color); font-family: var(--awb-text-font-family); font-size: var(--awb-font-size); font-style: var(--awb-text-font-style); letter-spacing: var(--awb-letter-spacing); text-align: var(--awb-content-alignment); text-transform: var(--awb-text-transform); background-color: var(--awb-bg-color-hover);\">Processo di valutazione<\/b><span style=\"color: var(--awb-text-color); font-family: var(--awb-text-font-family); font-size: var(--awb-font-size); font-style: var(--awb-text-font-style); font-weight: var(--awb-text-font-weight); letter-spacing: var(--awb-letter-spacing); text-align: var(--awb-content-alignment); text-transform: var(--awb-text-transform); background-color: var(--awb-bg-color-hover);\">: Per garantire credibilit\u00e0, le reti di esperti seguono un rigoroso processo di valutazione. Ci\u00f2 comporta il controllo del background, delle qualifiche e dell\u2019esperienza dei potenziali esperti per garantire che possano fornire informazioni preziose.<\/span><\/li>\n\n\n\n<li><b>Richieste del cliente<\/b>: I clienti si rivolgono alle reti di esperti con domande specifiche su cui necessitano di approfondimenti. Ci\u00f2 potrebbe variare dalla comprensione delle dinamiche di un particolare mercato all&#039;acquisizione di conoscenze tecniche su un prodotto.<\/li>\n\n\n\n<li><b style=\"color: var(--awb-text-color); font-family: var(--awb-text-font-family); font-size: var(--awb-font-size); font-style: var(--awb-text-font-style); letter-spacing: var(--awb-letter-spacing); text-align: var(--awb-content-alignment); text-transform: var(--awb-text-transform); background-color: var(--awb-bg-color-hover);\">Processo di corrispondenza<\/b><span style=\"color: var(--awb-text-color); font-family: var(--awb-text-font-family); font-size: var(--awb-font-size); font-style: var(--awb-text-font-style); font-weight: var(--awb-text-font-weight); letter-spacing: var(--awb-letter-spacing); text-align: var(--awb-content-alignment); text-transform: var(--awb-text-transform); background-color: var(--awb-bg-color-hover);\">: In base alle esigenze del cliente, la rete di esperti utilizza il proprio database per abbinare il cliente all&#039;esperto o agli esperti pi\u00f9 adatti.<\/span><\/li>\n\n\n\n<li><b>Compensazione<\/b>: Experts are compensated for their time and insights. The compensation structure can vary based on the network, the expert&#8217;s stature, and the nature of the engagement.<\/li>\n\n\n\n<li><b>Quadro etico e di conformit\u00e0<\/b>: Expert networks typically have a strong emphasis on ethics and compliance. This ensures that experts do not share confidential or proprietary information. Many networks provide guidelines and training to <a href=\"https:\/\/www.sisinternational.com\/it\/soluzioni\/ai-ricerche-di-mercato-e-consulenza-strategica\/otas-reti-di-prenotazione-ai-consulenza\/\" title=\"OTA&#8217;s Booking Networks AI Consulting\"  data-wpil-monitor-id=\"4455\">experts<\/a> to ensure that consultations remain within ethical and legal bounds.<\/li>\n\n\n\n<li><b>Meccanismo di feedback<\/b>: dopo l&#039;impegno, i clienti spesso forniscono feedback sulla qualit\u00e0 degli approfondimenti e sull&#039;esperienza complessiva. Questo feedback \u00e8 fondamentale affinch\u00e9 le reti possano migliorare i propri servizi e mantenere un elevato standard di competenza.<\/li>\n\n\n\n<li><b>Espansione continua<\/b>: Le reti di esperti sono entit\u00e0 dinamiche. Espandono e aggiornano continuamente il loro elenco di esperti per soddisfare le industrie, le tecnologie e le tendenze del mercato emergenti.<\/li>\n\n\n\n<li><b>Protocolli di riservatezza<\/b>: data la natura sensibile di molte consultazioni, le reti di esperti danno priorit\u00e0 alla riservatezza. Ci\u00f2 garantisce che le domande, le discussioni e gli approfondimenti dei clienti rimangano privati.<\/li>\n\n\n\n<li><b>Integrazione della piattaforma<\/b>: Alcune reti di esperti offrono piattaforme integrate in cui i clienti possono programmare consultazioni, accedere alle trascrizioni o persino ottenere riepiloghi di impegni precedenti, rendendo il processo fluido e facile da usare<\/li>\n<\/ul>\n\n\n\n<h2 class=\"wp-block-heading\">Potenziali limitazioni e preoccupazioni<\/h2>\n\n\n\n<figure class=\"gb-block-image gb-block-image-b3e04e3e\"><img loading=\"lazy\" decoding=\"async\" width=\"1456\" height=\"816\" class=\"gb-image gb-image-b3e04e3e\" src=\"https:\/\/www.sisinternational.com\/wp-content\/uploads\/2025\/08\/Strategy-consulting-38.jpg\" alt=\"Ricerca e strategia di mercato internazionale SIS\" title=\"Strategy consulting (38)\" srcset=\"https:\/\/www.sisinternational.com\/wp-content\/uploads\/2025\/08\/Strategy-consulting-38.jpg 1456w, https:\/\/www.sisinternational.com\/wp-content\/uploads\/2025\/08\/Strategy-consulting-38-300x168.jpg 300w, https:\/\/www.sisinternational.com\/wp-content\/uploads\/2025\/08\/Strategy-consulting-38-1024x574.jpg 1024w, https:\/\/www.sisinternational.com\/wp-content\/uploads\/2025\/08\/Strategy-consulting-38-768x430.jpg 768w, https:\/\/www.sisinternational.com\/wp-content\/uploads\/2025\/08\/Strategy-consulting-38-18x10.jpg 18w\" sizes=\"auto, (max-width: 1456px) 100vw, 1456px\"><\/figure>\n\n\n\n<p><\/p>\n\n\n\n<p>While expert network market research offers numerous advantages, it is essential to be aware of potential limitations and concerns associated with its use. Recognizing these challenges can help businesses navigate them effectively and maximize the benefits of expert networks.<\/p>\n\n\n\n<ul class=\"wp-block-list\">\n<li><b>Preoccupazioni sui costi<\/b><u>:<\/u> Engaging with <a href=\"https:\/\/www.sisinternational.com\/it\/compagnie-aeree-low-cost-nel-settore-dellaviazione\/\" title=\"Ricerche di mercato sulle compagnie aeree low cost\"  data-wpil-monitor-id=\"2743\">expert networks for market research<\/a> can be expensive, especially for in-depth consultations or engagements with highly sought-after professionals. Small businesses or startups might find the costs prohibitive.<\/li>\n\n\n\n<li><b>Pregiudizio degli esperti<\/b>: Gli esperti possono avere pregiudizi basati sulle loro esperienze, affiliazioni o convinzioni personali. Ci\u00f2 pu\u00f2 potenzialmente influenzare le informazioni fornite, portando a informazioni distorte o soggettive.<\/li>\n\n\n\n<li><b>Eccessivo affidamento alle opinioni individuali<\/b>: Affidarsi esclusivamente alle intuizioni di pochi esperti potrebbe non fornire una visione completa del mercato. \u00c8 essenziale corroborare le opinioni degli esperti con altri metodi di ricerca per garantire una comprensione olistica.<\/li>\n\n\n\n<li><b>Preoccupazioni sulla riservatezza<\/b>: Sebbene le reti di esperti per le ricerche di mercato dispongano di rigidi protocolli di riservatezza, esiste sempre il rischio che informazioni sensibili vengano inavvertitamente divulgate, soprattutto se non gestite correttamente.<\/li>\n\n\n\n<li><b>Potenziali conflitti di interessi<\/b>: gli esperti potrebbero avere affiliazioni o partecipazioni in determinate aziende o settori, il che potrebbe influenzare le loro intuizioni o raccomandazioni. Le reti di esperti devono esaminare e divulgare eventuali potenziali conflitti di interessi.<\/li>\n\n\n\n<li><b>Tempestivit\u00e0 delle competenze<\/b>: Alcuni esperti potrebbero non essere in contatto con gli ultimi sviluppi del settore, soprattutto se non hanno svolto ruoli attivi per un po&#039;. Ci\u00f2 pu\u00f2 influire sulla pertinenza delle loro intuizioni.<\/li>\n\n\n\n<li><b>Sfumature culturali e regionali<\/b>: Se le reti di esperti per le ricerche di mercato non dispongono di un elenco globale diversificato, potrebbero perdere le sfumature culturali o regionali essenziali per le aziende che cercano approfondimenti su mercati specifici.<\/li>\n\n\n\n<li><b>Variabilit\u00e0 della qualit\u00e0<\/b>: Non tutti gli esperti all&#039;interno di una rete potrebbero essere dello stesso calibro. Mentre alcuni possono fornire approfondimenti profondi, altri potrebbero offrire informazioni pi\u00f9 generiche o meno preziose.<\/li>\n\n\n\n<li><b>Sfide di integrazione<\/b>: For businesses looking to integrate insights from <a href=\"https:\/\/www.sisinternational.com\/it\/san-valentino-come-la-tua-azienda-puo-sentire-lamore\/\" title=\"Valentine&#8217;s Day Market Research:  How Your Business Can Feel The Love\"  data-wpil-monitor-id=\"7394\">expert networks for market research<\/a> with other data sources, there might be challenges in ensuring seamless integration and interpretation.<\/li>\n<\/ul>\n\n\n\n<h2 class=\"wp-block-heading fusion-responsive-typography-calculated\">Fattori chiave del successo<\/h2>\n\n\n\n<h3 class=\"wp-block-heading fusion-responsive-typography-calculated\">I fattori chiave di successo di un servizio di Expert Network includono:<\/h3>\n\n\n\n<p><b>Tempistica<\/b>. Questo servizio ti consente di connettere persone e team da tutto il mondo. Ti d\u00e0 accesso a dati completi e pertinenti.<\/p>\n\n\n\n<p><b>Mix: \u00e8 disponibile una miscela di specialisti<\/b>, which helps cover all types of needs. You can avail experts, including sector specialists as well as academicians from various backgrounds. They all come from a single service provider. Providers offer experts for the needs of any business market research.<\/p>\n\n\n\n<p><b>Utensili<\/b>. Gli esperti mettono a disposizione un\u2019ampia gamma di strumenti. Ad esempio, creano think tank virtuali per acquisire input.<\/p>\n\n\n\n<h2 class=\"wp-block-heading fusion-responsive-typography-calculated\">Informazioni sulle reti di esperti<\/h2>\n\n\n\n<p>In parole semplici, i provider di servizi di rete di esperti mettono in contatto le aziende con gli esperti. Almeno, aiutano le aziende a raggiungere i loro obiettivi di ricerca strategica. Alcune aziende hanno bisogno di ricerche qualitative tramite focus group o interviste, mentre altre cercano ricerche quantitative tramite sondaggi. Gli esperti sono pronti con i dati corretti e personalizzati. Soddisfano le esigenze di dati dei loro clienti. Un&#039;azienda di Expert Network ha esperti preparati a soddisfare la crescita dei propri clienti.<\/p>\n\n\n\n<p><\/p>","protected":false},"excerpt":{"rendered":"<p>Uncover expert insights with SIS International&#8217;s network market research, strategizing for impactful decisions in competitive business environments.<\/p>","protected":false},"author":1,"featured_media":64894,"parent":14567,"menu_order":18,"comment_status":"closed","ping_status":"closed","template":"","meta":{"footnotes":""},"class_list":["post-39601","page","type-page","status-publish","has-post-thumbnail"],"_links":{"self":[{"href":"https:\/\/www.sisinternational.com\/it\/wp-json\/wp\/v2\/pages\/39601","targetHints":{"allow":["GET"]}}],"collection":[{"href":"https:\/\/www.sisinternational.com\/it\/wp-json\/wp\/v2\/pages"}],"about":[{"href":"https:\/\/www.sisinternational.com\/it\/wp-json\/wp\/v2\/types\/page"}],"author":[{"embeddable":true,"href":"https:\/\/www.sisinternational.com\/it\/wp-json\/wp\/v2\/users\/1"}],"replies":[{"embeddable":true,"href":"https:\/\/www.sisinternational.com\/it\/wp-json\/wp\/v2\/comments?post=39601"}],"version-history":[{"count":10,"href":"https:\/\/www.sisinternational.com\/it\/wp-json\/wp\/v2\/pages\/39601\/revisions"}],"predecessor-version":[{"id":81038,"href":"https:\/\/www.sisinternational.com\/it\/wp-json\/wp\/v2\/pages\/39601\/revisions\/81038"}],"up":[{"embeddable":true,"href":"https:\/\/www.sisinternational.com\/it\/wp-json\/wp\/v2\/pages\/14567"}],"wp:featuredmedia":[{"embeddable":true,"href":"https:\/\/www.sisinternational.com\/it\/wp-json\/wp\/v2\/media\/64894"}],"wp:attachment":[{"href":"https:\/\/www.sisinternational.com\/it\/wp-json\/wp\/v2\/media?parent=39601"}],"curies":[{"name":"wp","href":"https:\/\/api.w.org\/{rel}","templated":true}]}}