{"id":39537,"date":"2021-12-14T22:51:36","date_gmt":"2021-12-14T22:51:36","guid":{"rendered":"https:\/\/www.sisinternational.com\/?page_id=39537"},"modified":"2025-09-14T20:16:47","modified_gmt":"2025-09-15T00:16:47","slug":"ricerche-di-mercato-sulle-risorse-naturali","status":"publish","type":"page","link":"https:\/\/www.sisinternational.com\/it\/competenza\/ricerche-di-mercato-sulle-risorse-naturali\/","title":{"rendered":"Ricerche di mercato sulle risorse naturali"},"content":{"rendered":"<h1 class=\"wp-block-heading\">Ricerche di mercato sulle risorse naturali<\/h1>\n\n\n\n<figure class=\"gb-block-image gb-block-image-48ad94ed\"><img loading=\"lazy\" decoding=\"async\" width=\"1456\" height=\"816\" class=\"gb-image gb-image-48ad94ed\" src=\"https:\/\/www.sisinternational.com\/wp-content\/uploads\/2025\/08\/Mining-workers-4.jpg\" alt=\"Ricerca e strategia di mercato internazionale SIS\" title=\"Mining workers (4)\" srcset=\"https:\/\/www.sisinternational.com\/wp-content\/uploads\/2025\/08\/Mining-workers-4.jpg 1456w, https:\/\/www.sisinternational.com\/wp-content\/uploads\/2025\/08\/Mining-workers-4-300x168.jpg 300w, https:\/\/www.sisinternational.com\/wp-content\/uploads\/2025\/08\/Mining-workers-4-1024x574.jpg 1024w, https:\/\/www.sisinternational.com\/wp-content\/uploads\/2025\/08\/Mining-workers-4-768x430.jpg 768w, https:\/\/www.sisinternational.com\/wp-content\/uploads\/2025\/08\/Mining-workers-4-18x10.jpg 18w\" sizes=\"auto, (max-width: 1456px) 100vw, 1456px\"><\/figure>\n\n\n\n<p><\/p>\n\n\n\n<p>Come si pu\u00f2 sapere se un mercato \u00e8 vitale? Uno dei modi \u00e8 conoscere il suo accesso alle risorse naturali. Molti paesi legano la propria ricchezza alle risorse naturali. Paesi come l\u2019Arabia Saudita sono ricchi grazie ai loro giacimenti petroliferi. Allo stesso modo, l\u2019Australia pu\u00f2 attribuire gran parte della sua crescita alle esportazioni di ferro.<\/p>\n\n\n\n<h2 class=\"wp-block-heading\">Perch\u00e9 le ricerche di mercato sulle risorse naturali sono importanti?<\/h2>\n\n\n\n<p>It is vital to know what natural resources a country has to the table. It can give <a href=\"https:\/\/www.sisinternational.com\/it\/competenza\/industrie\/ricerche-di-mercato-sui-decisori-aziendali\/\" title=\"Ricerche di mercato sui decisori aziendali\"  data-wpil-monitor-id=\"7874\">business<\/a> owners and investors a good idea of the market forces. Shortages and surpluses can impact the health of a business or country. It can also affect the countries around it. For example, finding a new oil well can be a boon for Country A. It can now produce its oil and does not have to import as much to support any industries that depend on it. It also doesn\u2019t need to rely on other countries as much. This change in the status quo affects the nations that benefit from it. Other nations might need to reduce their oil prices. Why? Because Country A has reduced its demand for oil.<\/p>\n\n\n\n<h2 class=\"wp-block-heading\">Titoli di lavoro chiave<\/h2>\n\n\n\n<p>Economisti: Natural Resource Economist (NRE) \u00e8 un titolo professionale importante. Gli NRE misurano l\u2019impatto delle risorse naturali. Questo campo cerca di affrontare le relazioni tra le economie umane e gli ecosistemi naturali.<\/p>\n\n\n\n<h3 class=\"wp-block-heading\">Ecologisti<\/h3>\n\n\n\n<p>Le NRE hanno il compito di esaminare il modo in cui le economie umane si relazionano con la natura. Ma ci vuole un vero ecologista per vedere l\u2019impatto su vasta scala. Gli ecologisti misurano come l\u2019uso di una risorsa naturale pu\u00f2 influenzare il luogo in cui vive la fauna selvatica. Esaminano anche i suoi effetti sul numero di animali, sui modelli meteorologici e sul clima.<\/p>\n\n\n\n<h3 class=\"wp-block-heading\">Geologi<\/h3>\n\n\n\n<p>I geologi decidono l&#039;uso delle risorse naturali. Scelgono anche il modo migliore per ottenere queste risorse. Molte risorse naturali come ferro, rame, petrolio, gas e sabbia necessitano di conoscenze specialistiche. I geologi sono gli esperti per l&#039;estrazione pratica. Ad esempio, quando si estrae il ferro, i geologi sanno che aspetto ha il minerale di ferro, la sua durezza e come trovarlo. Sanno anche come fonderlo, quali sottoprodotti produrr\u00e0.<\/p>\n\n\n\n<h3 class=\"wp-block-heading\">Analista di ricerche di mercato<\/h3>\n\n\n\n<p>This title is one of the most important in market research. As its name suggests, these analysts examine market trends.<\/p>\n\n\n\n<h2 class=\"wp-block-heading\">Perch\u00e9 le aziende hanno bisogno di ricerche di mercato sulle risorse naturali<\/h2>\n\n\n\n<p>Le risorse naturali hanno un impatto su tutte le imprese. Tutti dipendono da forniture sicure di risorse per funzionare. Le risorse naturali consentono inoltre alle imprese di innovare. Ma l\u2019utilizzo delle risorse naturali da parte di un\u2019azienda pu\u00f2 rappresentare un rischio per la reputazione. Lo stesso vale per il suo atteggiamento verso l\u2019uso sostenibile della risorsa. Anche la mancanza di accesso sicuro alle risorse pu\u00f2 avere un impatto diretto. Un&#039;azienda di beni di consumo non pu\u00f2 operare se non ha accesso.<\/p>\n\n\n\n<h2 class=\"wp-block-heading\">Fattori chiave del successo<\/h2>\n\n\n\n<p><a href=\"https:\/\/www.sisinternational.com\/it\/analysis-b2b\/\" title=\"What Business Leaders Need to Know Right Now\"  data-wpil-monitor-id=\"7872\">Businesses need to know<\/a> what resources are available in any given region. A company could misuse its resources if it lacks that data. Thus, it must know what is scarce or in surplus. That info is vital for maximizing how much a business can produce. It also helps the firm to use raw materials sustainably. It allows firms to decide whether to buy at lower prices when the opportunity arises. Shortages do not faze such companies. Other firms that are not as savvy can suffer huge losses.<\/p>\n\n\n\n<h2 class=\"wp-block-heading\">Informazioni sulle ricerche di mercato sulle risorse naturali<\/h2>\n\n\n\n<p>What\u2019s the best way to get practical and accurate info? Companies need to use many data-gathering techniques. Making use of <a href=\"https:\/\/www.sisinternational.com\/it\/soluzioni\/soluzioni-di-ricerca-quantitativa-qualitativa\/reclutamento-per-la-ricerca-qualitativa\/\" title=\"Reclutamento per la ricerca qualitativa\"  data-wpil-monitor-id=\"7873\">Qualitative and Quantitative research<\/a> is an excellent tool for this. Those tools can help determine what works and what doesn\u2019t. Finding the best course of action is vital for any business.<\/p>\n\n\n\n<p><\/p>","protected":false},"excerpt":{"rendered":"<p>La ricerca di mercato delle risorse naturali \u00e8 fondamentale per le aziende. Li aiuta a massimizzare la produzione, utilizzare materie prime sostenibili e prendere decisioni informate.<\/p>","protected":false},"author":1,"featured_media":63973,"parent":14514,"menu_order":88,"comment_status":"closed","ping_status":"closed","template":"","meta":{"footnotes":""},"class_list":["post-39537","page","type-page","status-publish","has-post-thumbnail"],"_links":{"self":[{"href":"https:\/\/www.sisinternational.com\/it\/wp-json\/wp\/v2\/pages\/39537","targetHints":{"allow":["GET"]}}],"collection":[{"href":"https:\/\/www.sisinternational.com\/it\/wp-json\/wp\/v2\/pages"}],"about":[{"href":"https:\/\/www.sisinternational.com\/it\/wp-json\/wp\/v2\/types\/page"}],"author":[{"embeddable":true,"href":"https:\/\/www.sisinternational.com\/it\/wp-json\/wp\/v2\/users\/1"}],"replies":[{"embeddable":true,"href":"https:\/\/www.sisinternational.com\/it\/wp-json\/wp\/v2\/comments?post=39537"}],"version-history":[{"count":4,"href":"https:\/\/www.sisinternational.com\/it\/wp-json\/wp\/v2\/pages\/39537\/revisions"}],"predecessor-version":[{"id":81328,"href":"https:\/\/www.sisinternational.com\/it\/wp-json\/wp\/v2\/pages\/39537\/revisions\/81328"}],"up":[{"embeddable":true,"href":"https:\/\/www.sisinternational.com\/it\/wp-json\/wp\/v2\/pages\/14514"}],"wp:featuredmedia":[{"embeddable":true,"href":"https:\/\/www.sisinternational.com\/it\/wp-json\/wp\/v2\/media\/63973"}],"wp:attachment":[{"href":"https:\/\/www.sisinternational.com\/it\/wp-json\/wp\/v2\/media?parent=39537"}],"curies":[{"name":"wp","href":"https:\/\/api.w.org\/{rel}","templated":true}]}}