{"id":39535,"date":"2021-12-14T22:42:51","date_gmt":"2021-12-14T22:42:51","guid":{"rendered":"https:\/\/www.sisinternational.com\/?page_id=39535"},"modified":"2026-01-25T18:50:56","modified_gmt":"2026-01-25T23:50:56","slug":"ricerche-di-mercato-sulle-utilities","status":"publish","type":"page","link":"https:\/\/www.sisinternational.com\/it\/competenza\/ricerche-di-mercato-sulle-utilities\/","title":{"rendered":"Ricerche di mercato sulle utilities"},"content":{"rendered":"<h1 class=\"wp-block-heading\">Ricerche di mercato sulle utilities<\/h1>\n\n\n\n<figure class=\"gb-block-image gb-block-image-7ca903f5\"><img loading=\"lazy\" decoding=\"async\" width=\"1456\" height=\"816\" class=\"gb-image gb-image-7ca903f5\" src=\"https:\/\/www.sisinternational.com\/wp-content\/uploads\/2025\/08\/Utilities-3.jpg\" alt=\"Ricerca e strategia di mercato internazionale SIS\" title=\"Utilities (3)\" srcset=\"https:\/\/www.sisinternational.com\/wp-content\/uploads\/2025\/08\/Utilities-3.jpg 1456w, https:\/\/www.sisinternational.com\/wp-content\/uploads\/2025\/08\/Utilities-3-300x168.jpg 300w, https:\/\/www.sisinternational.com\/wp-content\/uploads\/2025\/08\/Utilities-3-1024x574.jpg 1024w, https:\/\/www.sisinternational.com\/wp-content\/uploads\/2025\/08\/Utilities-3-768x430.jpg 768w, https:\/\/www.sisinternational.com\/wp-content\/uploads\/2025\/08\/Utilities-3-18x10.jpg 18w\" sizes=\"auto, (max-width: 1456px) 100vw, 1456px\"><\/figure>\n\n\n\n<p><\/p>\n\n\n\n<h2 class=\"wp-block-heading\">Cos\u2019\u00e8 il mercato dei servizi pubblici?<\/h2>\n\n\n\n<p>Il termine \u201cutilit\u00e0\u201d pu\u00f2 riferirsi a un\u2019azienda o a un servizio che consente alla societ\u00e0 moderna di funzionare. L\u2019energia elettrica, il gas naturale, i rifiuti e l\u2019acqua, ad esempio, sono tutti servizi di pubblica utilit\u00e0. Inoltre, queste attivit\u00e0 sono al centro di una serie di questioni scottanti relative al controllo dei servizi pubblici e alla supervisione pubblica.<\/p>\n\n\n\n<h2 class=\"wp-block-heading\">Perch\u00e9 la ricerca di mercato dei servizi di pubblica utilit\u00e0 \u00e8 importante?<\/h2>\n\n\n\n<p>Acqua, energia elettrica e gas sono tutti servizi vitali che aiutano la crescita dell&#039;economia. Un&#039;altra caratteristica di questi servizi \u00e8 che sono essenziali. Inoltre, qualsiasi errore nella loro offerta pu\u00f2 mettere in cattive condizioni le attivit\u00e0 dei loro clienti. Soddisfano i nostri bisogni pi\u00f9 elementari. Acqua, luce, elettricit\u00e0 e trasporti pubblici sono tutti elementi utili per il funzionamento delle aziende moderne. Consentono anche il nostro benessere.<\/p>\n\n\n\n<h2 class=\"wp-block-heading\">Titoli di lavoro chiave<\/h2>\n\n\n\n<h3 class=\"wp-block-heading\">Analista di programmi di utilit\u00e0<\/h3>\n\n\n\n<p>Questi analisti aiutano con la crescita e la revisione dei piani dei clienti. Ad esempio, esaminano le fonti di energia, i prezzi e i programmi di risparmio energetico. Questo lavoro aiuta anche a selezionare i migliori piani energetici da offrire ai clienti. Inoltre, gli analisti dei programmi di utilit\u00e0 si occupano di clienti che hanno esigenze hi-tech.<\/p>\n\n\n\n<h3 class=\"wp-block-heading\">Operaio di servizio<\/h3>\n\n\n\n<p>Svolgono lavori di livello master nella cura, costruzione e riparazione dei sistemi idrici e nel controllo delle fognature pubbliche. Inoltre leggono e seguono ordini verbali e scritti e utilizzano strumenti comuni di riparazione e costruzione.<\/p>\n\n\n\n<h3 class=\"wp-block-heading\">Operatore della stazione di pompaggio<\/h3>\n\n\n\n<p>Gli operatori delle stazioni di pompaggio gestiscono l&#039;uso quotidiano sicuro di tutte le parti della stazione di pompaggio dell&#039;acqua e delle acque reflue. Si occupano ad esempio di valvole, controlli e ventilatori. Gestiscono anche sistemi di alimentazione di riserva ed effettuano riparazioni grandi e piccole. Tirano, fissano e montano tutte le pompe e i motori dell&#039;acqua e dello scarico.<\/p>\n\n\n\n<p>Of course, the <a href=\"https:\/\/www.sisinternational.com\/it\/copertura\/le-americhe\/copertura-degli-stati-uniti\/\" title=\"Ricerche di mercato negli Stati Uniti\"  data-wpil-monitor-id=\"9417\">market<\/a> has many more jobs linked to it than the few stated above.<\/p>\n\n\n\n<h2 class=\"wp-block-heading\">Perch\u00e9 le aziende hanno bisogno di ricerche di mercato sui servizi di pubblica utilit\u00e0?<\/h2>\n\n\n\n<figure class=\"gb-block-image gb-block-image-a1e78bff\"><img loading=\"lazy\" decoding=\"async\" width=\"1456\" height=\"816\" class=\"gb-image gb-image-a1e78bff\" src=\"https:\/\/www.sisinternational.com\/wp-content\/uploads\/2025\/08\/Utilities-2.jpg\" alt=\"Ricerca e strategia di mercato internazionale SIS\" title=\"Utilities (2)\" srcset=\"https:\/\/www.sisinternational.com\/wp-content\/uploads\/2025\/08\/Utilities-2.jpg 1456w, https:\/\/www.sisinternational.com\/wp-content\/uploads\/2025\/08\/Utilities-2-300x168.jpg 300w, https:\/\/www.sisinternational.com\/wp-content\/uploads\/2025\/08\/Utilities-2-1024x574.jpg 1024w, https:\/\/www.sisinternational.com\/wp-content\/uploads\/2025\/08\/Utilities-2-768x430.jpg 768w, https:\/\/www.sisinternational.com\/wp-content\/uploads\/2025\/08\/Utilities-2-18x10.jpg 18w\" sizes=\"auto, (max-width: 1456px) 100vw, 1456px\"><\/figure>\n\n\n\n<p><\/p>\n\n\n\n<p>Your business must appeal to the <a href=\"https:\/\/www.sisinternational.com\/it\/cosa-sono-le-pubbliche-relazioni\/\" title=\"Pubbliche relazioni e ricerche di mercato\"  data-wpil-monitor-id=\"9412\">public to win market<\/a> share or keep it if you have it. Do you want to appeal to the general public? Then you\u2019ll need to conduct good public utility market research. It\u2019s the best way to find out what goods and services they desire and what they\u2019re seeking.<\/p>\n\n\n\n<p>Puoi condurre ricerche di mercato sui servizi di pubblica utilit\u00e0 in vari modi. Un metodo \u00e8 quello di sondare i tuoi clienti attuali, futuri e il pubblico in generale. \u00c8 cos\u00ec che imparerai cose come cosa vogliono da un&#039;azienda di servizi pubblici e quali tariffe ritengono ingiuste.<\/p>\n\n\n\n<h3 class=\"wp-block-heading\">Importanti fattori di successo<\/h3>\n\n\n\n<ul class=\"wp-block-list\">\n<li>Le aziende hanno il dovere in pi\u00f9 di fornire un servizio equo a tutti coloro che ne fanno richiesta.<\/li>\n\n\n\n<li>Dovrebbero essere in grado di servire al meglio delle loro capacit\u00e0. La capacit\u00e0 qui si riferisce all&#039;abilit\u00e0 fisica. Si riferisce anche alla capacit\u00e0 dell\u2019attivit\u00e0 come \u201cdefinita dai profitti\u201d.<\/li>\n\n\n\n<li>Dovrebbero sforzarsi di soddisfare sempre le esigenze dei loro clienti. Non dovrebbero imporre tariffe o tariffe ingiuste ai clienti che servono.<\/li>\n\n\n\n<li>Inoltre, devono servire tutti i clienti in circostanze simili senza pregiudizi.<\/li>\n\n\n\n<li>Infine, la sicurezza pubblica non dovrebbe essere a rischio. Le societ\u00e0 di servizi pubblici dovrebbero prestare particolare attenzione nel fornire i propri servizi.<\/li>\n<\/ul>\n\n\n\n<h2 class=\"wp-block-heading\">Ricerche di mercato sul mercato delle utilities<\/h2>\n\n\n\n<p>The goal of Qualitative Research is to have a broad knowledge of clients\u2019 behavior. It also gives you the reasons for the client\u2019s repurchase of <a href=\"https:\/\/www.sisinternational.com\/it\/soluzioni\/prova-del-gusto\/servizi-di-test-di-prodotto-a-new-york\/\" title=\"Servizi di test di prodotto a New York\"  data-wpil-monitor-id=\"9416\">products and services<\/a>. Moreover, a <a href=\"https:\/\/www.sisinternational.com\/it\/soluzioni\/ricerca-di-consulenza-strategica-fintech\/ricerca-di-mercato-antiriciclaggio\/\" title=\"Anti Money Laundering Market Research\"  data-wpil-monitor-id=\"5212\">market research firm can save money<\/a> and ensure success for your company by providing relevant data to assist with sales tracking. With live interviews and surveys, we gather information. That\u2019s how we know what clients are thinking about services rendered. One of the best market research tools is the focus group. We use them to <a href=\"https:\/\/www.sisinternational.com\/it\/competenza\/industrie\/ricerche-di-mercato-sulla-raccolta-dati\/\" title=\"Ricerche di mercato sulla raccolta dati\"  data-wpil-monitor-id=\"9409\">collect quantitative and in-depth data<\/a>. We also use <a href=\"https:\/\/www.sisinternational.com\/it\/soluzioni\/prova-del-gusto\/new-product-focus-group-in-new-york\/\" title=\"Nuovo focus group sui prodotti a New York\"  data-wpil-monitor-id=\"9406\">focus groups to gather data on products<\/a> and services.<\/p>\n\n\n\n<p><\/p>","protected":false},"excerpt":{"rendered":"<p>La ricerca di mercato dei servizi pubblici \u00e8 fondamentale per l&#039;economia poich\u00e9 qualsiasi errore relativo all&#039;acqua, alla fornitura di energia elettrica o al gas pu\u00f2 avere un impatto sulle attivit\u00e0 dei clienti.<\/p>","protected":false},"author":1,"featured_media":63892,"parent":14514,"menu_order":87,"comment_status":"closed","ping_status":"closed","template":"","meta":{"footnotes":""},"class_list":["post-39535","page","type-page","status-publish","has-post-thumbnail"],"_links":{"self":[{"href":"https:\/\/www.sisinternational.com\/it\/wp-json\/wp\/v2\/pages\/39535","targetHints":{"allow":["GET"]}}],"collection":[{"href":"https:\/\/www.sisinternational.com\/it\/wp-json\/wp\/v2\/pages"}],"about":[{"href":"https:\/\/www.sisinternational.com\/it\/wp-json\/wp\/v2\/types\/page"}],"author":[{"embeddable":true,"href":"https:\/\/www.sisinternational.com\/it\/wp-json\/wp\/v2\/users\/1"}],"replies":[{"embeddable":true,"href":"https:\/\/www.sisinternational.com\/it\/wp-json\/wp\/v2\/comments?post=39535"}],"version-history":[{"count":5,"href":"https:\/\/www.sisinternational.com\/it\/wp-json\/wp\/v2\/pages\/39535\/revisions"}],"predecessor-version":[{"id":81573,"href":"https:\/\/www.sisinternational.com\/it\/wp-json\/wp\/v2\/pages\/39535\/revisions\/81573"}],"up":[{"embeddable":true,"href":"https:\/\/www.sisinternational.com\/it\/wp-json\/wp\/v2\/pages\/14514"}],"wp:featuredmedia":[{"embeddable":true,"href":"https:\/\/www.sisinternational.com\/it\/wp-json\/wp\/v2\/media\/63892"}],"wp:attachment":[{"href":"https:\/\/www.sisinternational.com\/it\/wp-json\/wp\/v2\/media?parent=39535"}],"curies":[{"name":"wp","href":"https:\/\/api.w.org\/{rel}","templated":true}]}}