{"id":39531,"date":"2021-12-14T22:12:27","date_gmt":"2021-12-14T22:12:27","guid":{"rendered":"https:\/\/www.sisinternational.com\/?page_id=39531"},"modified":"2025-09-14T21:47:14","modified_gmt":"2025-09-15T01:47:14","slug":"ricerche-di-mercato-in-giamaica","status":"publish","type":"page","link":"https:\/\/www.sisinternational.com\/it\/copertura\/ricerche-di-mercato-nei-caraibi\/ricerche-di-mercato-in-giamaica\/","title":{"rendered":"Ricerche di mercato in Giamaica"},"content":{"rendered":"<h1 class=\"wp-block-heading\">Ricerche di mercato in Giamaica<\/h1>\n\n\n\n<figure class=\"gb-block-image gb-block-image-b9ef4f3a\"><img loading=\"lazy\" decoding=\"async\" width=\"1456\" height=\"816\" class=\"gb-image gb-image-b9ef4f3a\" src=\"https:\/\/www.sisinternational.com\/wp-content\/uploads\/2025\/09\/Jamaica-2.jpg\" alt=\"Ricerca e strategia di mercato internazionale SIS\" title=\"Jamaica (2)\" srcset=\"https:\/\/www.sisinternational.com\/wp-content\/uploads\/2025\/09\/Jamaica-2.jpg 1456w, https:\/\/www.sisinternational.com\/wp-content\/uploads\/2025\/09\/Jamaica-2-300x168.jpg 300w, https:\/\/www.sisinternational.com\/wp-content\/uploads\/2025\/09\/Jamaica-2-1024x574.jpg 1024w, https:\/\/www.sisinternational.com\/wp-content\/uploads\/2025\/09\/Jamaica-2-768x430.jpg 768w, https:\/\/www.sisinternational.com\/wp-content\/uploads\/2025\/09\/Jamaica-2-18x10.jpg 18w\" sizes=\"auto, (max-width: 1456px) 100vw, 1456px\"><\/figure>\n\n\n\n<p><\/p>\n\n\n\n<p>La Giamaica \u00e8 la terza isola caraibica pi\u00f9 grande e la pi\u00f9 grande isola di lingua inglese della regione. Si trova a circa 285 miglia a nord del continente centroamericano. Haiti, a est, e Cuba, a nord, sono quasi vicini. La Giamaica ospita quasi tre milioni di persone. Kingston, la capitale e citt\u00e0 principale dell&#039;isola, si trova nell&#039;angolo sud-orientale.<\/p>\n\n\n\n<h2 class=\"wp-block-heading\">Industrie chiave<\/h2>\n\n\n\n<p>Le risorse naturali come i minerali abbondano in tutto il paese. La Giamaica ha anche un&#039;atmosfera piacevole e bellezze naturali. Anche se il paese ha una grande forza lavoro, il tasso di disoccupazione \u00e8 elevato. Il debito estero \u00e8 un\u2019altra statistica spaventosa. Turismo, agricoltura, estrazione mineraria e produzione sono i principali settori dell&#039;economia del paese: turismo e produzione rappresentano ciascuno circa un terzo del suo PIL.<\/p>\n\n\n\n<h2 class=\"wp-block-heading\">Quartieri<\/h2>\n\n\n\n<p>Le Palisadoes, una vasta lingua di sabbia con una storia movimentata, sorvegliano il porto naturale di Kingston. Questa lingua collega la citt\u00e0 di Port Royal e l&#039;aeroporto Norman Manley alla terraferma. Inoltre, il Museo Bob Marley si trova nel cuore della citt\u00e0, nella casa del musicista reggae. Nelle vicinanze si trova anche la Devon House, una casa di epoca coloniale con arredi d&#039;epoca. Il paese mostra la sua flora e fauna naturali all&#039;Hope Botanical Gardens &amp; Zoo. Le Blue Mountains, una nota zona di coltivazione del caff\u00e8 con sentieri e ruscelli per escursionisti, si trovano a nord-est della citt\u00e0.<\/p>\n\n\n\n<h2 class=\"wp-block-heading\">Tendenze<\/h2>\n\n\n\n<p>As Jamaica\u2019s economy shows signs of growth, the housing market has yet to catch up. Property <a href=\"https:\/\/www.sisinternational.com\/it\/ricerche-di-mercato-del-vino\/\" title=\"Ricerca sul mercato del vino: somma dei profitti delle vendite nazionali di vino\"  data-wpil-monitor-id=\"7857\">sales<\/a> have slowed to a halt while domestic rentals have gone up. The country suffers from high inflation and soaring crime rates. Thus, Jamaica\u2019s real estate industry has failed in recent years. Property <a href=\"https:\/\/www.sisinternational.com\/it\/soluzioni\/soluzioni-di-ricerca-quantitativa-qualitativa\/pricing-and-demand-analysis\/\" title=\"Pricing and Demand Analysis\"  data-wpil-monitor-id=\"7854\">prices fell in 2009 as foreign demand<\/a> slowed, and many upscale houses saw price drops. The number of sales has also fallen. Still, the lower-middle-income part of the <a href=\"https:\/\/www.sisinternational.com\/it\/garantire-che-i-clienti-ricordino-il-tuo-messaggio\/\" title=\"Ricerche di mercato sull&#039;attivazione del marchio\"  data-wpil-monitor-id=\"7851\">market has remained active<\/a>.<\/p>\n\n\n\n<h2 class=\"wp-block-heading\">Benefits And Strengths in the Market<\/h2>\n\n\n\n<figure class=\"gb-block-image gb-block-image-2017e688\"><img loading=\"lazy\" decoding=\"async\" width=\"1456\" height=\"816\" class=\"gb-image gb-image-2017e688\" src=\"https:\/\/www.sisinternational.com\/wp-content\/uploads\/2025\/09\/Jamaica-3.jpg\" alt=\"Ricerca e strategia di mercato internazionale SIS\" title=\"Jamaica (3)\" srcset=\"https:\/\/www.sisinternational.com\/wp-content\/uploads\/2025\/09\/Jamaica-3.jpg 1456w, https:\/\/www.sisinternational.com\/wp-content\/uploads\/2025\/09\/Jamaica-3-300x168.jpg 300w, https:\/\/www.sisinternational.com\/wp-content\/uploads\/2025\/09\/Jamaica-3-1024x574.jpg 1024w, https:\/\/www.sisinternational.com\/wp-content\/uploads\/2025\/09\/Jamaica-3-768x430.jpg 768w, https:\/\/www.sisinternational.com\/wp-content\/uploads\/2025\/09\/Jamaica-3-18x10.jpg 18w\" sizes=\"auto, (max-width: 1456px) 100vw, 1456px\"><\/figure>\n\n\n\n<p><\/p>\n\n\n\n<p>Negli ultimi anni, la Giamaica ha registrato vantaggi economici. Questi guadagni sono il risultato del suo sforzo di praticare la prudenza fiscale. Questi dati finanziari collocano la Giamaica tra i migliori paesi al mondo.<\/p>\n\n\n\n<p>Also, Jamaica is one of the top twenty nations for its great credit system. And its rates are among some of the best in the world for starting a business. Any businessperson can create and run a business in as few as two steps and three days.<\/p>\n\n\n\n<h2 class=\"wp-block-heading\">Base dei consumatori<\/h2>\n\n\n\n<p>Internet subscriptions are increasing. More Jamaicans are spending time online on their PCs and smartphones. Yet, only a tiny fraction of Jamaicans use the Internet to shop. Still, top hitters in the e-commerce field are optimistic. They <a href=\"https:\/\/www.sisinternational.com\/it\/competenza\/industrie\/ricerca-di-mercato-sulla-fondatezza-delle-richieste\/\" title=\"Ricerca di mercato sulla fondatezza delle richieste\"  data-wpil-monitor-id=\"7856\">claim<\/a> that the use of the Internet for online marketing is increasing at a high rate. Retailers are moving to keep up with the Internet trend. Many of them are increasing their investments in <a href=\"https:\/\/www.sisinternational.com\/it\/competenza\/industrie\/ricerche-di-mercato-sulla-piattaforma-automobilistica-online\/\" title=\"Ricerche di mercato sulla piattaforma automobilistica online\"  data-wpil-monitor-id=\"7855\">online shopping platforms<\/a>.<\/p>\n\n\n\n<p>Negli ultimi anni, i supermercati hanno registrato una tendenza crescente a produrre articoli a valore aggiunto. Producono la maggior parte di questi articoli dalla frutta fresca per aumentare le vendite e competere. Tra questi figurano i metodi Ready-To-Eat (RTE) e Ready-To-Cook (RTC). I consumatori si stanno allontanando dai vecchi metodi di preparazione del cibo. Pertanto, \u00e8 probabile che questa tendenza continui a crescere.<\/p>\n\n\n\n<h2 class=\"wp-block-heading\">Motivi per fare affari in Giamaica<\/h2>\n\n\n\n<ul class=\"wp-block-list\">\n<li>La Giamaica \u00e8 uno dei migliori paesi al mondo in cui avviare un\u2019impresa e sta salendo sempre pi\u00f9 in classifica.<\/li>\n\n\n\n<li>Its housing demand got a boost from recent cuts in mortgage interest rates. Some banks also increased loan limits. As a result, being a homeowner is no longer a pipe dream.<\/li>\n\n\n\n<li>For investors, Jamaica has lots of advantages, particularly regarding location. It lies between <a href=\"https:\/\/www.sisinternational.com\/it\/copertura\/le-americhe\/ricerche-di-mercato-nord-america\/\" title=\"Ricerche di mercato in Nord America\"  data-wpil-monitor-id=\"7850\">North and South America<\/a>. It also has an 800 million consumer market within four hours of its coastlines.<\/li>\n<\/ul>\n\n\n\n<h2 class=\"wp-block-heading\">Ricerche di mercato in Giamaica<\/h2>\n\n\n\n<p>It is essential to conduct quantitative, qualitative, and strategic research. Another important thing to keep in mind is that focus groups and surveys are valuable. They can reveal the genuine opinions and ideas of customers. Besides, the <a href=\"https:\/\/www.sisinternational.com\/it\/soluzioni\/prova-del-gusto\/ricerche-di-mercato-comparative-sui-test-del-gusto\/\" title=\"Ricerche di mercato sui test comparativi sul gusto\"  data-wpil-monitor-id=\"7853\">market entry process in Jamaica is comparable<\/a> to that of many other nations. You should first take a trip to the island to look around. Your <a href=\"https:\/\/www.sisinternational.com\/it\/competenza\/curriculum-di-esperienza\/curriculum-di-esperienza-nel-settore-automobilistico\/\" title=\"Societ\u00e0 di ricerche di mercato nel settore automobilistico\"  data-wpil-monitor-id=\"7852\">company can set up helpful industry<\/a> ties during a visit. These ties could be beneficial in allowing you to flourish in the market.<\/p>\n\n\n\n<p><\/p>","protected":false},"excerpt":{"rendered":"<p>Ricerche di mercato in Giamaica La Giamaica \u00e8 la terza isola pi\u00f9 grande dei Caraibi e la pi\u00f9 grande isola di lingua inglese della regione. Si trova a circa 285 miglia a nord del continente centroamericano. Haiti, a est, e Cuba, a nord, sono quasi vicini. La Giamaica ospita quasi tre milioni di persone. Kingston, capitale e citt\u00e0 principale dell&#039;isola, \u00e8... <a title=\"Ricerche di mercato in Giamaica\" class=\"read-more\" href=\"https:\/\/www.sisinternational.com\/it\/copertura\/ricerche-di-mercato-nei-caraibi\/ricerche-di-mercato-in-giamaica\/\" aria-label=\"Per saperne di pi\u00f9 su Market Research in Jamaica\">Leggi tutto<\/a><\/p>","protected":false},"author":1,"featured_media":66130,"parent":33287,"menu_order":3,"comment_status":"closed","ping_status":"closed","template":"","meta":{"footnotes":""},"class_list":["post-39531","page","type-page","status-publish","has-post-thumbnail"],"_links":{"self":[{"href":"https:\/\/www.sisinternational.com\/it\/wp-json\/wp\/v2\/pages\/39531","targetHints":{"allow":["GET"]}}],"collection":[{"href":"https:\/\/www.sisinternational.com\/it\/wp-json\/wp\/v2\/pages"}],"about":[{"href":"https:\/\/www.sisinternational.com\/it\/wp-json\/wp\/v2\/types\/page"}],"author":[{"embeddable":true,"href":"https:\/\/www.sisinternational.com\/it\/wp-json\/wp\/v2\/users\/1"}],"replies":[{"embeddable":true,"href":"https:\/\/www.sisinternational.com\/it\/wp-json\/wp\/v2\/comments?post=39531"}],"version-history":[{"count":3,"href":"https:\/\/www.sisinternational.com\/it\/wp-json\/wp\/v2\/pages\/39531\/revisions"}],"predecessor-version":[{"id":81324,"href":"https:\/\/www.sisinternational.com\/it\/wp-json\/wp\/v2\/pages\/39531\/revisions\/81324"}],"up":[{"embeddable":true,"href":"https:\/\/www.sisinternational.com\/it\/wp-json\/wp\/v2\/pages\/33287"}],"wp:featuredmedia":[{"embeddable":true,"href":"https:\/\/www.sisinternational.com\/it\/wp-json\/wp\/v2\/media\/66130"}],"wp:attachment":[{"href":"https:\/\/www.sisinternational.com\/it\/wp-json\/wp\/v2\/media?parent=39531"}],"curies":[{"name":"wp","href":"https:\/\/api.w.org\/{rel}","templated":true}]}}