{"id":39525,"date":"2021-12-14T21:41:55","date_gmt":"2021-12-14T21:41:55","guid":{"rendered":"https:\/\/www.sisinternational.com\/?page_id=39525"},"modified":"2025-09-14T21:46:16","modified_gmt":"2025-09-15T01:46:16","slug":"ricerche-di-mercato-dominicana","status":"publish","type":"page","link":"https:\/\/www.sisinternational.com\/it\/copertura\/ricerche-di-mercato-nei-caraibi\/ricerche-di-mercato-dominicana\/","title":{"rendered":"Ricerche di mercato in Dominica"},"content":{"rendered":"<h1 class=\"wp-block-heading\">Ricerche di mercato in Dominica<\/h1>\n\n\n\n<figure class=\"gb-block-image gb-block-image-0b09e00b\"><img loading=\"lazy\" decoding=\"async\" width=\"1456\" height=\"816\" class=\"gb-image gb-image-0b09e00b\" src=\"https:\/\/www.sisinternational.com\/wp-content\/uploads\/2025\/09\/Dominica.jpg\" alt=\"Ricerca e strategia di mercato internazionale SIS\" title=\"Dominica\" srcset=\"https:\/\/www.sisinternational.com\/wp-content\/uploads\/2025\/09\/Dominica.jpg 1456w, https:\/\/www.sisinternational.com\/wp-content\/uploads\/2025\/09\/Dominica-300x168.jpg 300w, https:\/\/www.sisinternational.com\/wp-content\/uploads\/2025\/09\/Dominica-1024x574.jpg 1024w, https:\/\/www.sisinternational.com\/wp-content\/uploads\/2025\/09\/Dominica-768x430.jpg 768w, https:\/\/www.sisinternational.com\/wp-content\/uploads\/2025\/09\/Dominica-18x10.jpg 18w\" sizes=\"auto, (max-width: 1456px) 100vw, 1456px\"><\/figure>\n\n\n\n<p><\/p>\n\n\n\n<p>Il Commonwealth della Dominica, situato nei Caraibi, \u00e8 una piccola nazione insulare.<\/p>\n\n\n\n<h2 class=\"wp-block-heading\">Industrie chiave<\/h2>\n\n\n\n<p>Agriculture is the primary sector on the island, and it adds the most to the GDP of the country. Many residents engage in farming. The industry employs almost half of the people. The major cash crop in the late 1980s was banana. This crop made up more than half of the island\u2019s total exports. But the crop lost favor over time. This decline was due to many hurricanes and storms, which destroyed the fields. The country has since assumed many projects to revamp this sector.<\/p>\n\n\n\n<p>Il turismo \u00e8 un altro settore primario. L&#039;isola \u00e8 famosa per il suo ecoturismo. La sua bellezza naturale attira molti turisti. I visitatori possono fare escursioni e osservare la fauna selvatica. Possono anche esplorare i paesaggi dell&#039;isola, comprese le sue numerose cascate, sorgenti termali e foreste pluviali.<\/p>\n\n\n\n<h2 class=\"wp-block-heading\">Quartieri<\/h2>\n\n\n\n<p>A causa delle sue piccole dimensioni, sull&#039;isola non ci sono vere e proprie citt\u00e0.<\/p>\n\n\n\n<p>Il capoluogo \u00e8 il comune di Roseau nella parrocchia di Saint George. \u00c8 la citt\u00e0 pi\u00f9 antica dell&#039;isola. Si trova sul sito di un antico villaggio di Kalinago chiamato Sairi. La citt\u00e0 ha molte case e strutture in cemento. C&#039;\u00e8 poco spazio verde all&#039;aperto. Ma i giardini botanici centrali della citt\u00e0 sono un&#039;attrazione turistica. \u00c8 nota anche per il fiume Roseau, che attraversa la capitale. Questa caratteristica \u00e8 rara nelle isole.<\/p>\n\n\n\n<p>La seconda citt\u00e0 pi\u00f9 grande \u00e8 Portsmouth, nella parrocchia di Saint John. Si trova sul fiume Indiano. Era la capitale dell&#039;isola nel 1760. Ma, a causa di un&#039;epidemia di malaria, la situazione cambi\u00f2. Ospita il pi\u00f9 grande impianto sportivo dell&#039;isola.<\/p>\n\n\n\n<h2 class=\"wp-block-heading\">Tendenze<\/h2>\n\n\n\n<p>Il Paese si sta spostando dall\u2019agricoltura al turismo. Si promuove come un paradiso per l&#039;ecoturismo. Ma l\u2019isola sta ancora superando gli effetti dell\u2019uragano Maria, che ha colpito l\u2019isola nel 2017, distruggendo gran parte della produzione agricola. Inoltre ha distrutto la rete stradale e danneggiato quasi tutti gli edifici del paese.<\/p>\n\n\n\n<p>The economy is trending downwards as the country\u2019s fiscal health declines. The cost of rebuilding after Maria continues to strain public resources. The government is trying hard to revive the economy. It is attempting to <a href=\"https:\/\/www.sisinternational.com\/it\/soluzioni\/consulenza-strategica\/ricerca-sulle-opportunita-di-ingresso-nel-mercato\/lefficacia-dei-test-sui-prodotti-a-new-york-per-entrare-nel-mercato-americano\/\" title=\"L&#039;efficacia dei test sui prodotti a New York per entrare nel mercato americano\"  data-wpil-monitor-id=\"7880\">enter the financial services market<\/a>. So far, a <a href=\"https:\/\/www.sisinternational.com\/it\/ricerca-su-larga-scala-per-le-piccole-imprese\/\" title=\"Ricerca su larga scala per le piccole imprese\"  data-wpil-monitor-id=\"7879\">small number of banks and other companies<\/a> have signed up. The entry cost is now lower, and it\u2019s easier to register. These measures, they hope, will attract more companies.<\/p>\n\n\n\n<h2 class=\"wp-block-heading\">Vantaggi e punti di forza nel mercato dominicano<\/h2>\n\n\n\n<p>L&#039;isola ha vaste risorse naturali. Ci sono ottime prospettive di crescita nel settore agricolo. Ad esempio, la coltivazione del riso pu\u00f2 funzionare su quest\u2019isola. C&#039;\u00e8 sempre richiesta di riso. La terra ricca pu\u00f2 aiutare ad aumentare il raccolto. Il fattore di rischio sono i disastri come l\u2019uragano Maria, che hanno bloccato qualsiasi crescita del settore.<\/p>\n\n\n\n<p>L\u2019isola pu\u00f2 anche espandere la sua portata turistica. Il suo prodotto turistico \u00e8 diverso da quello della maggior parte delle isole. La differenza sta nel suo approccio ecologico.<\/p>\n\n\n\n<p>Due to its volcanic nature, there is room for growth in the energy sector. Geothermal energy is one of the primary sources that the country plans to develop. Companies with the technical know-how to execute energy projects can benefit.<\/p>\n\n\n\n<h2 class=\"wp-block-heading\">Base dei consumatori<\/h2>\n\n\n\n<p>La base dei consumatori in Dominica dipende dalle importazioni, compreso il cibo. La piccola popolazione del paese rende difficile produrre abbastanza cibo. Le persone non possono crescere abbastanza per sostenersi. Questa dipendenza \u00e8 iniziata nel 1986, quando il numero delle persone che vivevano sull&#039;isola cominci\u00f2 a diminuire. La Dominica importa pi\u00f9 della met\u00e0 del suo cibo, portando i consumatori a una dieta occidentale. Pertanto, le persone sono soggette a problemi di salute occidentali come il diabete.<\/p>\n\n\n\n<h2 class=\"wp-block-heading\">Motivi per far crescere la tua attivit\u00e0 in questo mercato<\/h2>\n\n\n\n<p>L\u2019isola rappresenta una grande opportunit\u00e0 per molte imprese. Le aperture includono la produzione di caff\u00e8, la trasformazione alimentare e il turismo.<\/p>\n\n\n\n<p>The coffee <a href=\"https:\/\/www.sisinternational.com\/it\/pubblicazioni\/ricerche-di-mercato-per-un-business-scalabile-7-modi-per-costruire-un-business-scalabile\/\" title=\"Ricerche di mercato per aziende scalabili: 7 modi per costruire un business scalabile\"  data-wpil-monitor-id=\"7878\">business has a large market<\/a> on the island. It has strong local demand. Dominica is also moving to step up the production of its Arabica coffee beans. The Venezuelan government recently funded the construction of a coffee processing plant in Portsmouth in the north of the island.<\/p>\n\n\n\n<p>Food security is also a big issue that the country is seeking to address. As a result, companies in the food <a href=\"https:\/\/www.sisinternational.com\/it\/top-5-benefits-of-qualitative-market-research-for-businesses\/\" title=\"Top 5 Benefits of Qualitative Market Research for Businesses\"  data-wpil-monitor-id=\"7881\">business stand to benefit<\/a>.<\/p>\n\n\n\n<p>L&#039;isola continua a crescere come localit\u00e0 turistica grazie all&#039;esperienza unica offerta qui. Pertanto, anche le imprese che entrano in questo settore ne trarranno vantaggio.<\/p>\n\n\n\n<h2 class=\"wp-block-heading\">Informazioni sulle ricerche di mercato in Dominica<\/h2>\n\n\n\n<p>Quantitative, Qualitative, and Strategy Research is crucial. Several methods exist, including Interviews, Focus Groups, and Surveys. Companies should do these checks before entering the market to determine the best <a href=\"https:\/\/www.sisinternational.com\/it\/soluzioni\/e-la-crescita-globale\/strategia-di-ingresso-nel-mercato\/\" title=\"Consulenza per l&#039;ingresso nel mercato\"  data-wpil-monitor-id=\"7875\">strategia di ingresso nel mercato<\/a>. It is also essential to visit the country to find opportunities. It helps to tour the island, visit business sites, and <a href=\"https:\/\/www.sisinternational.com\/it\/how-to-conduct-effective-desk-research\/\" title=\"How to Conduct Effective Desk Research\"  data-wpil-monitor-id=\"7882\">conduct online research<\/a>. A physical visit will help <a href=\"https:\/\/www.sisinternational.com\/it\/competenza\/industrie\/chief-information-officer-cio-ricerche-di-mercato\/\" title=\"Ricerca di mercato del Chief Information Officer (CIO).\"  data-wpil-monitor-id=\"7876\">inform the market research<\/a>.<\/p>\n\n\n\n<p>We help <a href=\"https:\/\/www.sisinternational.com\/it\/soluzioni\/consulenza-per-lospitalita-turistica-turistica\/ricerche-di-mercato-di-societa-di-guide-turistiche\/\" title=\"Ricerche di mercato sull&#039;azienda di guide turistiche\"  data-wpil-monitor-id=\"7877\">companies understand the market<\/a>. Contact us today!<\/p>\n\n\n\n<p><\/p>","protected":false},"excerpt":{"rendered":"<p>Ricerche di mercato in Dominica Il Commonwealth di Dominica, situato nei Caraibi, \u00e8 una piccola nazione insulare. Industrie chiave L&#039;agricoltura \u00e8 il settore primario dell&#039;isola e contribuisce maggiormente al PIL del paese. Molti residenti si dedicano all&#039;agricoltura. L\u2019industria impiega quasi la met\u00e0 della popolazione. Il principale raccolto da reddito... <a title=\"Ricerche di mercato in Dominica\" class=\"read-more\" href=\"https:\/\/www.sisinternational.com\/it\/copertura\/ricerche-di-mercato-nei-caraibi\/ricerche-di-mercato-dominicana\/\" aria-label=\"Per saperne di pi\u00f9 su Market Research in Dominica\">Leggi tutto<\/a><\/p>","protected":false},"author":1,"featured_media":66396,"parent":33287,"menu_order":2,"comment_status":"closed","ping_status":"closed","template":"","meta":{"footnotes":""},"class_list":["post-39525","page","type-page","status-publish","has-post-thumbnail"],"_links":{"self":[{"href":"https:\/\/www.sisinternational.com\/it\/wp-json\/wp\/v2\/pages\/39525","targetHints":{"allow":["GET"]}}],"collection":[{"href":"https:\/\/www.sisinternational.com\/it\/wp-json\/wp\/v2\/pages"}],"about":[{"href":"https:\/\/www.sisinternational.com\/it\/wp-json\/wp\/v2\/types\/page"}],"author":[{"embeddable":true,"href":"https:\/\/www.sisinternational.com\/it\/wp-json\/wp\/v2\/users\/1"}],"replies":[{"embeddable":true,"href":"https:\/\/www.sisinternational.com\/it\/wp-json\/wp\/v2\/comments?post=39525"}],"version-history":[{"count":3,"href":"https:\/\/www.sisinternational.com\/it\/wp-json\/wp\/v2\/pages\/39525\/revisions"}],"predecessor-version":[{"id":81329,"href":"https:\/\/www.sisinternational.com\/it\/wp-json\/wp\/v2\/pages\/39525\/revisions\/81329"}],"up":[{"embeddable":true,"href":"https:\/\/www.sisinternational.com\/it\/wp-json\/wp\/v2\/pages\/33287"}],"wp:featuredmedia":[{"embeddable":true,"href":"https:\/\/www.sisinternational.com\/it\/wp-json\/wp\/v2\/media\/66396"}],"wp:attachment":[{"href":"https:\/\/www.sisinternational.com\/it\/wp-json\/wp\/v2\/media?parent=39525"}],"curies":[{"name":"wp","href":"https:\/\/api.w.org\/{rel}","templated":true}]}}