{"id":39523,"date":"2021-12-14T21:38:19","date_gmt":"2021-12-14T21:38:19","guid":{"rendered":"https:\/\/www.sisinternational.com\/?page_id=39523"},"modified":"2026-01-24T14:08:41","modified_gmt":"2026-01-24T19:08:41","slug":"ricerche-di-mercato-in-bolivia","status":"publish","type":"page","link":"https:\/\/www.sisinternational.com\/it\/copertura\/latin-america\/ricerche-di-mercato-in-america-latina\/ricerche-di-mercato-in-bolivia\/","title":{"rendered":"Ricerche di mercato in Bolivia"},"content":{"rendered":"<h1 class=\"wp-block-heading\">Ricerche di mercato in Bolivia<\/h1>\n\n\n\n<figure class=\"gb-block-image gb-block-image-18e1348b\"><img loading=\"lazy\" decoding=\"async\" width=\"1456\" height=\"816\" class=\"gb-image gb-image-18e1348b\" src=\"https:\/\/www.sisinternational.com\/wp-content\/uploads\/2025\/09\/Bolivia-3.jpg\" alt=\"Ricerca e strategia di mercato internazionale SIS\" title=\"Bolivia (3)\" srcset=\"https:\/\/www.sisinternational.com\/wp-content\/uploads\/2025\/09\/Bolivia-3.jpg 1456w, https:\/\/www.sisinternational.com\/wp-content\/uploads\/2025\/09\/Bolivia-3-300x168.jpg 300w, https:\/\/www.sisinternational.com\/wp-content\/uploads\/2025\/09\/Bolivia-3-1024x574.jpg 1024w, https:\/\/www.sisinternational.com\/wp-content\/uploads\/2025\/09\/Bolivia-3-768x430.jpg 768w, https:\/\/www.sisinternational.com\/wp-content\/uploads\/2025\/09\/Bolivia-3-18x10.jpg 18w\" sizes=\"auto, (max-width: 1456px) 100vw, 1456px\"><\/figure>\n\n\n\n<p><\/p>\n\n\n\n<p>Bolivia is in west-central South America. Sucre is the capital city, but the financial capital is La Paz. Bolivia went through some financial troubles in the 20th century. It has now bounced back better than ever. With rising GDP and falling rates of poverty, it is enjoying an economic boom. But good data is essential for the country to make good use of this new prosperity. Good knowledge of the <a href=\"https:\/\/www.sisinternational.com\/it\/pubblicazioni\/ricerche-di-mercato-per-un-business-scalabile-7-modi-per-costruire-un-business-scalabile\/\" title=\"Ricerche di mercato per aziende scalabili: 7 modi per costruire un business scalabile\"  data-wpil-monitor-id=\"8686\">market is a boon in any business<\/a> starting up there.<\/p>\n\n\n\n<h2 class=\"wp-block-heading\">Industrie chiave<\/h2>\n\n\n\n<p>Agricoltura, produzione e servizi sono i settori trainanti del paese. I servizi costituiscono la maggior parte del PIL del paese a causa della recente crescita del settore finanziario. L\u2019industria manifatturiera \u00e8 la seconda pi\u00f9 importante. Questa industria comprende la produzione di tessuti, abbigliamento e petrolio raffinato. Uno dei principali raccolti di esportazione della Bolivia \u00e8 la coca. \u00c8 il terzo maggiore esportatore mondiale del raccolto. Ma negli ultimi anni la principale esportazione del paese \u00e8 stata la soia. Alcune altre colture degne di nota sono la canna da zucchero, il mais, le patate e le banane.<\/p>\n\n\n\n<h2 class=\"wp-block-heading\">Quartieri<\/h2>\n\n\n\n<p>Poich\u00e9 la Bolivia non ha sbocco sul mare, la maggior parte del suo commercio avviene con i suoi vicini pi\u00f9 prossimi. Quei vicini sono Cile, Per\u00f9 e Brasile. Le regioni della Bolivia hanno molti climi diversi:<\/p>\n\n\n\n<ul class=\"wp-block-list\">\n<li>Regione Llanos: umida e tropicale<\/li>\n\n\n\n<li>Regione dell&#039;Altiplano: desertica e polare<\/li>\n\n\n\n<li>Regioni della Valle e di Yungas: temperate<\/li>\n\n\n\n<li>Regione del Chaco: subtropicale e semiarida<\/li>\n<\/ul>\n\n\n\n<p>Questa variet\u00e0 consente al paese di coltivare molte colture diverse.<\/p>\n\n\n\n<p>La maggior parte della popolazione boliviana vive in pianura. Pi\u00f9 ci si avvicina alle Ande, pi\u00f9 la popolazione diventa sparsa.<\/p>\n\n\n\n<h2 class=\"wp-block-heading\">Tendenze<\/h2>\n\n\n\n<p>Il grande mix di persone crea una cultura diversificata in Bolivia. La cultura \u00e8 diversa da quella di altri paesi del Sud America. Ad esempio, le persone hanno creato un nuovo tipo di architettura chiamata \u201cBarocco meticcio\u201d. Inoltre, ha prodotto pittori come P\u00e9rez de Holgu\u00edn, Flores e altri, conosciuti in tutto il mondo. Anche il folklore del paese \u00e8 piuttosto ricco. Ad esempio, ci sono le \u201cDanze del Diavolo\u201d durante l\u2019annuale Carnevale di Oruro. C&#039;\u00e8 anche il pi\u00f9 oscuro Carnevale di Trabuco.<\/p>\n\n\n\n<h2 class=\"wp-block-heading\">Vantaggi e punti di forza nel mercato<\/h2>\n\n\n\n<figure class=\"gb-block-image gb-block-image-26e4f48f\"><img loading=\"lazy\" decoding=\"async\" width=\"1456\" height=\"816\" class=\"gb-image gb-image-26e4f48f\" src=\"https:\/\/www.sisinternational.com\/wp-content\/uploads\/2025\/09\/Bolivia-2.jpg\" alt=\"Ricerca e strategia di mercato internazionale SIS\" title=\"Bolivia (2)\" srcset=\"https:\/\/www.sisinternational.com\/wp-content\/uploads\/2025\/09\/Bolivia-2.jpg 1456w, https:\/\/www.sisinternational.com\/wp-content\/uploads\/2025\/09\/Bolivia-2-300x168.jpg 300w, https:\/\/www.sisinternational.com\/wp-content\/uploads\/2025\/09\/Bolivia-2-1024x574.jpg 1024w, https:\/\/www.sisinternational.com\/wp-content\/uploads\/2025\/09\/Bolivia-2-768x430.jpg 768w, https:\/\/www.sisinternational.com\/wp-content\/uploads\/2025\/09\/Bolivia-2-18x10.jpg 18w\" sizes=\"auto, (max-width: 1456px) 100vw, 1456px\"><\/figure>\n\n\n\n<p><\/p>\n\n\n\n<p>The country tends to export more than it imports, so it has low debt. Bolivia has many financial services. These <a href=\"https:\/\/www.sisinternational.com\/it\/soluzioni\/ricerche-di-mercato-sui-consumatori\/\" title=\"Consumer Market Research Services for Smarter Business Decisions\"  data-wpil-monitor-id=\"8692\">services would boost any business<\/a> trying to work there. The population is well-educated and the country has a literacy rate of 100%. The skilled service industry there makes trade across the nation stress-free. Not only that, but they may even <a href=\"https:\/\/www.sisinternational.com\/it\/pubblicazioni\/giappone-esportatore-di-fascia-media-del-mercato\/\" title=\"Far crescere il tuo business in Giappone\"  data-wpil-monitor-id=\"8689\">grow your business<\/a>.<\/p>\n\n\n\n<h2 class=\"wp-block-heading\">Base dei consumatori<\/h2>\n\n\n\n<p>Bolivia is the fifth largest country in South America with many residents. The people there are of European, Asian, and indigenous descent. Most people speak Spanish, but there are some lesser-known dialects there. When it comes to development, the low-lying valleys are more urban than the rural highlands. In total, two-thirds of the citizens live in urban areas, with the rest in rural regions. One thing of note is that Bolivia has a young population. Most residents are between the ages of 15 and 59.<\/p>\n\n\n\n<h2 class=\"wp-block-heading\">Reasons to Grow Your Business in the Bolivian Market<\/h2>\n\n\n\n<p>Il basso tasso di povert\u00e0 e il basso tasso di disoccupazione della Bolivia ne fanno un ottimo posto in cui investire. Ha molti partner commerciali grazie al suo gran numero di risorse. Ad esempio, alcuni importanti partner commerciali includono Giappone, Stati Uniti, Argentina e Brasile. La maggior parte dei suoi scambi commerciali avviene con Argentina e Brasile.<\/p>\n\n\n\n<p>The country has also become more urban. The rapid development of the country makes it easy for new businesses to move in. That ease of entry means one less concern for you. With that out of the way, you can focus on profit and growth.<\/p>\n\n\n\n<h2 class=\"wp-block-heading\">Informazioni sulle ricerche di mercato in Bolivia<\/h2>\n\n\n\n<p>It\u2019s essential to use many different techniques to get the most helpful info. <a href=\"https:\/\/www.sisinternational.com\/it\/soluzioni\/soluzioni-di-ricerca-quantitativa-qualitativa\/ricerche-di-mercato-dei-servizi-sul-campo\/\" title=\"Ricerche di mercato sui servizi sul campo\"  data-wpil-monitor-id=\"8691\">Research in the field<\/a> is the best approach. It lets you get the most up-to-date information. That current info will let you make better and more correct predictions. <a href=\"https:\/\/www.sisinternational.com\/it\/soluzioni\/soluzioni-di-ricerca-quantitativa-qualitativa\/reclutamento-per-la-ricerca-qualitativa\/\" title=\"Reclutamento per la ricerca qualitativa\"  data-wpil-monitor-id=\"8683\">Qualitative and Quantitative research<\/a> is excellent for this. Those can help determine what works and what doesn\u2019t. Also, some other suitable <a href=\"https:\/\/www.sisinternational.com\/it\/quantitative-market-research-methods-and-techniques\/\" title=\"Quantitative Market Research Methods and Techniques\"  data-wpil-monitor-id=\"8684\">methods include Strategy Research<\/a>, Focus Groups, and Surveys. They can give you a good idea of what is going on in consumers\u2019 heads.<\/p>\n\n\n\n<p>IL <a href=\"https:\/\/www.sisinternational.com\/it\/beauty-market-research-in-the-us\/\" title=\"Beauty Market Research in the US\"  data-wpil-monitor-id=\"893\">beauty of Market Research<\/a> is that it lets you be ahead of the curve in the market. That prior knowledge will put you ahead of your competitors so that you can beat them without a sweat.<\/p>\n\n\n\n<p><\/p>","protected":false},"excerpt":{"rendered":"<p>Market Research in Bolivia Bolivia is in west-central South America. Sucre is the capital city, but the financial capital is La Paz. Bolivia went through some financial troubles in the 20th century. It has now bounced back better than ever. With rising GDP and falling rates of poverty, it is enjoying an economic boom. But &#8230; <a title=\"Ricerche di mercato in Bolivia\" class=\"read-more\" href=\"https:\/\/www.sisinternational.com\/it\/copertura\/latin-america\/ricerche-di-mercato-in-america-latina\/ricerche-di-mercato-in-bolivia\/\" aria-label=\"Per saperne di pi\u00f9 su Market Research in Bolivia\">Leggi tutto<\/a><\/p>","protected":false},"author":1,"featured_media":66214,"parent":14351,"menu_order":20,"comment_status":"closed","ping_status":"closed","template":"","meta":{"footnotes":""},"class_list":["post-39523","page","type-page","status-publish","has-post-thumbnail"],"_links":{"self":[{"href":"https:\/\/www.sisinternational.com\/it\/wp-json\/wp\/v2\/pages\/39523","targetHints":{"allow":["GET"]}}],"collection":[{"href":"https:\/\/www.sisinternational.com\/it\/wp-json\/wp\/v2\/pages"}],"about":[{"href":"https:\/\/www.sisinternational.com\/it\/wp-json\/wp\/v2\/types\/page"}],"author":[{"embeddable":true,"href":"https:\/\/www.sisinternational.com\/it\/wp-json\/wp\/v2\/users\/1"}],"replies":[{"embeddable":true,"href":"https:\/\/www.sisinternational.com\/it\/wp-json\/wp\/v2\/comments?post=39523"}],"version-history":[{"count":4,"href":"https:\/\/www.sisinternational.com\/it\/wp-json\/wp\/v2\/pages\/39523\/revisions"}],"predecessor-version":[{"id":81457,"href":"https:\/\/www.sisinternational.com\/it\/wp-json\/wp\/v2\/pages\/39523\/revisions\/81457"}],"up":[{"embeddable":true,"href":"https:\/\/www.sisinternational.com\/it\/wp-json\/wp\/v2\/pages\/14351"}],"wp:featuredmedia":[{"embeddable":true,"href":"https:\/\/www.sisinternational.com\/it\/wp-json\/wp\/v2\/media\/66214"}],"wp:attachment":[{"href":"https:\/\/www.sisinternational.com\/it\/wp-json\/wp\/v2\/media?parent=39523"}],"curies":[{"name":"wp","href":"https:\/\/api.w.org\/{rel}","templated":true}]}}