{"id":39521,"date":"2021-12-14T21:19:21","date_gmt":"2021-12-14T21:19:21","guid":{"rendered":"https:\/\/www.sisinternational.com\/?page_id=39521"},"modified":"2025-09-14T21:44:05","modified_gmt":"2025-09-15T01:44:05","slug":"ricerche-di-mercato-belize","status":"publish","type":"page","link":"https:\/\/www.sisinternational.com\/it\/copertura\/latin-america\/ricerche-di-mercato-in-america-latina\/ricerche-di-mercato-belize\/","title":{"rendered":"Ricerche di mercato in Belize"},"content":{"rendered":"<h1 class=\"wp-block-heading\">Ricerche di mercato in Belize<\/h1>\n\n\n\n<figure class=\"gb-block-image gb-block-image-51ec4602\"><img loading=\"lazy\" decoding=\"async\" width=\"1456\" height=\"816\" class=\"gb-image gb-image-51ec4602\" src=\"https:\/\/www.sisinternational.com\/wp-content\/uploads\/2025\/09\/Belize-3.jpg\" alt=\"Ricerca e strategia di mercato internazionale SIS\" title=\"Belize (3)\" srcset=\"https:\/\/www.sisinternational.com\/wp-content\/uploads\/2025\/09\/Belize-3.jpg 1456w, https:\/\/www.sisinternational.com\/wp-content\/uploads\/2025\/09\/Belize-3-300x168.jpg 300w, https:\/\/www.sisinternational.com\/wp-content\/uploads\/2025\/09\/Belize-3-1024x574.jpg 1024w, https:\/\/www.sisinternational.com\/wp-content\/uploads\/2025\/09\/Belize-3-768x430.jpg 768w, https:\/\/www.sisinternational.com\/wp-content\/uploads\/2025\/09\/Belize-3-18x10.jpg 18w\" sizes=\"auto, (max-width: 1456px) 100vw, 1456px\"><\/figure>\n\n\n\n<p><\/p>\n\n\n\n<p>Una cosa che distingue il Belize sono i suoi piccoli numeri: ha la popolazione pi\u00f9 piccola dell\u2019America Centrale. I suoi vicini sono il Messico e il Guatemala. La sua citt\u00e0 pi\u00f9 grande \u00e8 Belize City e la sua capitale \u00e8 Belmopan.<\/p>\n\n\n\n<p>The main languages are English and Spanish. Mayan is another spoken language, as are&nbsp;Kriol, German, Garifuna, and Chinese. The Mestizo is the most common ethnic <a href=\"https:\/\/www.sisinternational.com\/it\/soluzioni\/focus-group\/strutture-per-focus-group-a-new-york\/\" title=\"Strutture del focus group di New York City\"  data-wpil-monitor-id=\"8960\">group within the city<\/a>. Creole, Maya, Garifuna, East Indian, Caucasian, and Asian are further ethnic groups. More than half of the country practices the Christian religion. The currency is the Belize dollar (BZD).<\/p>\n\n\n\n<h2 class=\"wp-block-heading\">Industrie chiave<\/h2>\n\n\n\n<p>Il Belize ha un&#039;economia di piccole imprese private. Trae gran parte del suo reddito dall&#039;agricoltura, dal turismo e dai servizi. Il petrolio \u00e8 un\u2019ulteriore e nuova aggiunta a questa lista. La citt\u00e0 di Spanish Lookout ora ospita un giacimento petrolifero. Ha portato nuove prospettive e problemi a questo paese in via di sviluppo. I principali prodotti di esportazione del Belize sono agrumi, zucchero e banane. Il deficit commerciale del Belize \u00e8 in aumento a causa dei bassi prezzi all&#039;esportazione di zucchero e banane.<\/p>\n\n\n\n<h2 class=\"wp-block-heading\">Quartieri<\/h2>\n\n\n\n<p>Belmopan, la capitale, \u00e8 la meno popolata del continente americano. Belmopan \u00e8 anche il terzo insediamento pi\u00f9 grande del Belize. Altri insediamenti importanti sono San Ignacio e Belize City. Belmopan, nata come comunit\u00e0 pianificata nel 1970, \u00e8 una delle capitali nazionali pi\u00f9 nuove al mondo. Dal 2000, Belmopan \u00e8 uno dei due insediamenti del Belize con lo status ufficiale di citt\u00e0. L&#039;altro \u00e8 Belize City.<\/p>\n\n\n\n<p>Belize City, la citt\u00e0 pi\u00f9 grande, un tempo era la capitale dell&#039;ex Honduras britannico. \u00c8 il porto principale. \u00c8 anche un centro finanziario e industriale. Nell&#039;ottobre del 1961, l&#039;uragano Hati quasi distrusse Belize City. Fu la capitale finch\u00e9 il governo non si trasfer\u00ec a Belmopan nel 1970.<\/p>\n\n\n\n<h2 class=\"wp-block-heading\">Tendenze<\/h2>\n\n\n\n<figure class=\"gb-block-image gb-block-image-818eed39\"><img loading=\"lazy\" decoding=\"async\" width=\"1456\" height=\"816\" class=\"gb-image gb-image-818eed39\" src=\"https:\/\/www.sisinternational.com\/wp-content\/uploads\/2025\/09\/Belize-4.jpg\" alt=\"Ricerca e strategia di mercato internazionale SIS\" title=\"Belize (4)\" srcset=\"https:\/\/www.sisinternational.com\/wp-content\/uploads\/2025\/09\/Belize-4.jpg 1456w, https:\/\/www.sisinternational.com\/wp-content\/uploads\/2025\/09\/Belize-4-300x168.jpg 300w, https:\/\/www.sisinternational.com\/wp-content\/uploads\/2025\/09\/Belize-4-1024x574.jpg 1024w, https:\/\/www.sisinternational.com\/wp-content\/uploads\/2025\/09\/Belize-4-768x430.jpg 768w, https:\/\/www.sisinternational.com\/wp-content\/uploads\/2025\/09\/Belize-4-18x10.jpg 18w\" sizes=\"auto, (max-width: 1456px) 100vw, 1456px\"><\/figure>\n\n\n\n<p><\/p>\n\n\n\n<p>C&#039;\u00e8 un aumento del numero di turisti. Il Belize \u00e8 diventato una mecca delle vacanze in rapida crescita nella regione. Ha anche visto una grande ondata di innovazione. Ora \u00e8 leader nelle aree pi\u00f9 calde della tecnologia (realt\u00e0 virtuale e criptovalute).<\/p>\n\n\n\n<h2 class=\"wp-block-heading\">Vantaggi e punti di forza nel mercato<\/h2>\n\n\n\n<ol class=\"wp-block-list\">\n<li>Potenziale turistico.<\/li>\n\n\n\n<li>Supporto da parte di agenzie di prestito esterne.<\/li>\n<\/ol>\n\n\n\n<h2 class=\"wp-block-heading\">Motivi per far crescere la tua attivit\u00e0 in Belize<\/h2>\n\n\n\n<ul class=\"wp-block-list\">\n<li>Il governo considera prioritario l\u2019impiego dei Belize. Offre inoltre incentivi per le aziende che vogliono migliorare l\u2019economia. Questi includono esenzioni fiscali ed esenzioni dai dazi di importazione ed esportazione.<\/li>\n\n\n\n<li>Il Belize \u00e8 vicino agli Stati Uniti, il che significa che \u00e8 facile da raggiungere. Inoltre, le compagnie aeree offrono voli diretti da New York, California, Georgia, Florida e Texas.<\/li>\n\n\n\n<li>La lingua principale del Belize \u00e8 l&#039;inglese\/creolo. Inoltre, la maggior parte della gente del posto parla inglese e spagnolo, due delle lingue pi\u00f9 popolari al mondo.<\/li>\n\n\n\n<li>Il Belize ha legami con l&#039;America Centrale e i Caraibi. Pertanto, beneficia degli accordi commerciali firmati tra queste due regioni.<\/li>\n\n\n\n<li>Belize is still very young and is a developing country. Hence, there are many <a href=\"https:\/\/www.sisinternational.com\/it\/opportunita-e-ostacoli-del-sistema-bancario-islamico-per-il-settore-finanziario-statunitense\/\" title=\"Sistema bancario islamico: opportunit\u00e0 e ostacoli per l&#039;industria finanziaria statunitense\"  data-wpil-monitor-id=\"8962\">opportunities to enter new industries<\/a>.<\/li>\n\n\n\n<li>Il salario minimo in Belize \u00e8 uno dei pi\u00f9 alti della regione. Tuttavia, \u00e8 ancora carente rispetto al salario minimo nei paesi sviluppati.<\/li>\n\n\n\n<li>Real estate is cheap to rent or buy. As a matter of fact, much of the land in Belize remains undeveloped. This is good news if your <a href=\"https:\/\/www.sisinternational.com\/it\/avviare-unimpresa-in-turchia\/\" title=\"Avviare un&#039;impresa in Turchia\"  data-wpil-monitor-id=\"8963\">business plans include setting<\/a> up a farm. The land could also be useful for other purposes. Your business might be far from the city or town, but the land prices will be much lower.<\/li>\n<\/ul>\n\n\n\n<h2 class=\"wp-block-heading\">Informazioni sulle ricerche di mercato in Belize<\/h2>\n\n\n\n<p>Would you like to set up a business in Belize? If so, then you\u2019re in the right place. We set up focus <a href=\"https:\/\/www.sisinternational.com\/it\/soluzioni\/soluzioni-di-ricerca-quantitativa-qualitativa\/test-di-posizione-centrale-vs-focus-group\/\" title=\"Test di posizione centrale vs focus group\"  data-wpil-monitor-id=\"8961\">groups<\/a> in different areas of business in Central America. Likewise, we can conduct quantitative, qualitative, and strategic research for you. This step is vital for doing business in Belize. We will collect the <a href=\"https:\/\/www.sisinternational.com\/it\/analysis-b2b\/\" title=\"What Business Leaders Need to Know Right Now\"  data-wpil-monitor-id=\"8964\">needed details for you and your business<\/a>. Our interviews, surveys, and other <a href=\"https:\/\/www.sisinternational.com\/it\/quantitative-market-research-methods-and-techniques\/\" title=\"Quantitative Market Research Methods and Techniques\"  data-wpil-monitor-id=\"8959\">market research methods<\/a> will ensure your success.<\/p>\n\n\n\n<p><\/p>","protected":false},"excerpt":{"rendered":"<p>Market Research in Belize One thing that makes Belize stand out is its small numbers \u2013 it has the smallest populace in Central America. Its neighbors are Mexico and Guatemala. Its largest city is Belize City, and its capital is Belmopan. The main languages are English and Spanish. Mayan is another spoken language, as are&nbsp;Kriol, &#8230; <a title=\"Ricerche di mercato in Belize\" class=\"read-more\" href=\"https:\/\/www.sisinternational.com\/it\/copertura\/latin-america\/ricerche-di-mercato-in-america-latina\/ricerche-di-mercato-belize\/\" aria-label=\"Per saperne di pi\u00f9 su Market Research in Belize\">Leggi tutto<\/a><\/p>","protected":false},"author":1,"featured_media":66210,"parent":14351,"menu_order":19,"comment_status":"closed","ping_status":"closed","template":"","meta":{"footnotes":""},"class_list":["post-39521","page","type-page","status-publish","has-post-thumbnail"],"_links":{"self":[{"href":"https:\/\/www.sisinternational.com\/it\/wp-json\/wp\/v2\/pages\/39521","targetHints":{"allow":["GET"]}}],"collection":[{"href":"https:\/\/www.sisinternational.com\/it\/wp-json\/wp\/v2\/pages"}],"about":[{"href":"https:\/\/www.sisinternational.com\/it\/wp-json\/wp\/v2\/types\/page"}],"author":[{"embeddable":true,"href":"https:\/\/www.sisinternational.com\/it\/wp-json\/wp\/v2\/users\/1"}],"replies":[{"embeddable":true,"href":"https:\/\/www.sisinternational.com\/it\/wp-json\/wp\/v2\/comments?post=39521"}],"version-history":[{"count":3,"href":"https:\/\/www.sisinternational.com\/it\/wp-json\/wp\/v2\/pages\/39521\/revisions"}],"predecessor-version":[{"id":81502,"href":"https:\/\/www.sisinternational.com\/it\/wp-json\/wp\/v2\/pages\/39521\/revisions\/81502"}],"up":[{"embeddable":true,"href":"https:\/\/www.sisinternational.com\/it\/wp-json\/wp\/v2\/pages\/14351"}],"wp:featuredmedia":[{"embeddable":true,"href":"https:\/\/www.sisinternational.com\/it\/wp-json\/wp\/v2\/media\/66210"}],"wp:attachment":[{"href":"https:\/\/www.sisinternational.com\/it\/wp-json\/wp\/v2\/media?parent=39521"}],"curies":[{"name":"wp","href":"https:\/\/api.w.org\/{rel}","templated":true}]}}