{"id":39519,"date":"2021-12-14T21:15:32","date_gmt":"2021-12-14T21:15:32","guid":{"rendered":"https:\/\/www.sisinternational.com\/?page_id=39519"},"modified":"2025-09-14T21:43:10","modified_gmt":"2025-09-15T01:43:10","slug":"ricerche-di-mercato-alle-barbados","status":"publish","type":"page","link":"https:\/\/www.sisinternational.com\/it\/copertura\/ricerche-di-mercato-nei-caraibi\/ricerche-di-mercato-alle-barbados\/","title":{"rendered":"Ricerche di mercato alle Barbados"},"content":{"rendered":"<h1 class=\"wp-block-heading\">Ricerche di mercato alle Barbados<\/h1>\n\n\n\n<figure class=\"gb-block-image gb-block-image-9620d1f7\"><img loading=\"lazy\" decoding=\"async\" width=\"1456\" height=\"816\" class=\"gb-image gb-image-9620d1f7\" src=\"https:\/\/www.sisinternational.com\/wp-content\/uploads\/2025\/09\/Barbados-2.jpg\" alt=\"Ricerca e strategia di mercato internazionale SIS\" title=\"Barbados 2\" srcset=\"https:\/\/www.sisinternational.com\/wp-content\/uploads\/2025\/09\/Barbados-2.jpg 1456w, https:\/\/www.sisinternational.com\/wp-content\/uploads\/2025\/09\/Barbados-2-300x168.jpg 300w, https:\/\/www.sisinternational.com\/wp-content\/uploads\/2025\/09\/Barbados-2-1024x574.jpg 1024w, https:\/\/www.sisinternational.com\/wp-content\/uploads\/2025\/09\/Barbados-2-768x430.jpg 768w, https:\/\/www.sisinternational.com\/wp-content\/uploads\/2025\/09\/Barbados-2-18x10.jpg 18w\" sizes=\"auto, (max-width: 1456px) 100vw, 1456px\"><\/figure>\n\n\n\n<p><\/p>\n\n\n\n<p>Barbados \u00e8 una nazione insulare dei Caraibi, situata a nord-est di Trinidad e Tobago e ad est di St. Vincent e Grenadine. Questo piccolo paese \u00e8 molto ben sviluppato rispetto alle isole vicine. In aggiunta a ci\u00f2, \u00e8 anche un\u2019economia ad alto reddito. Essendo uno degli stati insulari pi\u00f9 ricchi delle Indie occidentali, \u00e8 un luogo di investimento privilegiato.<\/p>\n\n\n\n<h2 class=\"wp-block-heading\">Industrie chiave<\/h2>\n\n\n\n<p>The main areas of <a href=\"https:\/\/www.sisinternational.com\/it\/competenza\/industrie\/focus-group-industriali\/\" title=\"Focus group industriali\"  data-wpil-monitor-id=\"8724\">focus for Barbados are the service industry<\/a> and tourism. These sectors make up three-quarters of the national GDP. Despite this, the country also has a strong agricultural and industrial sector. Also, the large amounts of limestone on the island fuel its mining industry. The island earns much money from the quarrying of clay, gravel, and sand. About three-quarters of the nation\u2019s land is suitable for farming. That land produces lots of sugar for export.<\/p>\n\n\n\n<h2 class=\"wp-block-heading\">Quartieri<\/h2>\n\n\n\n<p>The island has a very flat terrain. It has a few mountains. This terrain dates back to the large coral deposits that were present when the island was forming. Barbados, unlike many of its neighbors, is a limestone island.<\/p>\n\n\n\n<p>Barbados ha 11 parrocchie, tutte intitolate a santi. I loro villaggi sono sparsi in tutta l&#039;isola, ma la maggior parte si trova sulla costa. Insieme a questi villaggi, Barbados ha alcune citt\u00e0, la maggior parte delle quali sono centri di commercio e industria.<\/p>\n\n\n\n<h2 class=\"wp-block-heading\">Tendenze<\/h2>\n\n\n\n<p>La maggior parte delle persone sono di origine africana (circa 91%), mentre il resto \u00e8 bianco, misto o indiano. Pertanto, le Barbados hanno un ricco mix di culture dell&#039;Africa occidentale, britannica e indiana. Uno dei passatempi pi\u00f9 popolari della gente del posto \u00e8 il cricket. Molti giocatori di cricket del paese fanno parte della squadra regionale delle Indie occidentali.<\/p>\n\n\n\n<h2 class=\"wp-block-heading\">Vantaggi e punti di forza nel mercato<\/h2>\n\n\n\n<p>Barbados has a large amount of arable land for growing a variety of crops. It&#8217;s also known for its large number of <a href=\"https:\/\/www.sisinternational.com\/it\/soluzioni\/ai-ricerche-di-mercato-e-consulenza-strategica\/consulenza-sullintelligenza-artificiale-per-lautomazione-delle-materie-prime\/\" title=\"Consulenza in Automazione delle Materie Prime e Intelligenza Artificiale\"  data-wpil-monitor-id=\"8725\">raw construction materials<\/a>. The rich gravel, sand, and limestone are great for the construction of buildings. Its ease of access and the low price are good news for builders. It\u2019s also one less cause for worry.<\/p>\n\n\n\n<p>The financial <a href=\"https:\/\/www.sisinternational.com\/it\/soluzioni\/ricerche-di-mercato-sui-consumatori\/\" title=\"Consumer Market Research Services for Smarter Business Decisions\"  data-wpil-monitor-id=\"8727\">services and global business<\/a> sector also boost the country\u2019s GDP. Many large banks and companies are already present there. The sector attracts them because of the quality of supporting services they can access on the island.<\/p>\n\n\n\n<h2 class=\"wp-block-heading\">Base dei consumatori<\/h2>\n\n\n\n<p>Barbados has one of the densest populations in <a class=\"wpil_keyword_link\" href=\"https:\/\/www.sisinternational.com\/it\/copertura\/le-americhe\/\"   title=\"Le Americhe\" data-wpil-keyword-link=\"linked\"  data-wpil-monitor-id=\"741\">the Americas<\/a>. Most locals speak English or at least a dialect of it. Along with that, almost all locals are literate and educated. That well-educated and skilled population is suitable for any new business. It improves the pool of consumers and potential employees.<\/p>\n\n\n\n<h2 class=\"wp-block-heading\">Reasons to Grow Your Business in the Barbadian Market<\/h2>\n\n\n\n<p>Barbados\u2019 scores are high in the human development index. It means that the country has excellent systems in place, which is good news for investors. Barbados also has good relations with its high-profile trading partners such as the US and the UK. The <a href=\"https:\/\/www.sisinternational.com\/it\/strategia-di-campagna-di-marketing-multipiattaforma-per-una-holding-e-un-conglomerato-commerciale-degli-emirati\/\" title=\"Servizi pubblicitari multiculturali per una holding e un conglomerato commerciale degli Emirati\"  data-wpil-monitor-id=\"8728\">service sector supports new businesses<\/a>. Many people in this sector can assist any <a href=\"https:\/\/www.sisinternational.com\/it\/avviare-unimpresa-in-turchia\/\" title=\"Avviare un&#039;impresa in Turchia\"  data-wpil-monitor-id=\"8729\">business that wants to set<\/a> itself up there.<\/p>\n\n\n\n<h2 class=\"wp-block-heading\">Informazioni sulle ricerche di mercato alle Barbados<\/h2>\n\n\n\n<p>Investors need to get the most practical and accurate info. Thus, it\u2019s essential to use many info-gathering techniques. In addition, <a href=\"https:\/\/www.sisinternational.com\/it\/copertura\/le-americhe\/copertura-degli-stati-uniti\/ricerche-di-mercato-nel-rhode-island\/\" title=\"Ricerche di mercato nel Rhode Island\"  data-wpil-monitor-id=\"8726\">researching an island<\/a> calls for a hands-on approach. It is best to explore the country itself. <a href=\"https:\/\/www.sisinternational.com\/it\/how-to-design-effective-surveys-for-quantitative-research\/\" title=\"How to Design Effective Surveys for Quantitative Research\"  data-wpil-monitor-id=\"8723\">Ricerca quantitativa e qualitativa<\/a> are excellent tools for this. Those can help investors to find out what works and what doesn\u2019t.<\/p>\n\n\n\n<p>Trovare la migliore linea d\u2019azione \u00e8 essenziale per qualsiasi azienda. Inoltre, sono utili interviste, focus group, sondaggi e ricerche strategiche. Possono produrre pi\u00f9 dati del mondo reale e darti un&#039;idea di cosa sta succedendo nella testa dei consumatori.<\/p>\n\n\n\n<p><\/p>","protected":false},"excerpt":{"rendered":"<p>Ricerche di mercato alle Barbados Barbados \u00e8 una nazione insulare dei Caraibi, situata a nord-est di Trinidad e Tobago e ad est di St. Vincent e Grenadine. Questo piccolo paese \u00e8 molto ben sviluppato rispetto alle isole vicine. In aggiunta a ci\u00f2, \u00e8 anche un\u2019economia ad alto reddito. Essendo uno degli stati insulari pi\u00f9 ricchi dell\u2019Occidente\u2026 <a title=\"Ricerche di mercato alle Barbados\" class=\"read-more\" href=\"https:\/\/www.sisinternational.com\/it\/copertura\/ricerche-di-mercato-nei-caraibi\/ricerche-di-mercato-alle-barbados\/\" aria-label=\"Per saperne di pi\u00f9 su Market Research in Barbados\">Leggi tutto<\/a><\/p>","protected":false},"author":1,"featured_media":66391,"parent":33287,"menu_order":1,"comment_status":"closed","ping_status":"closed","template":"","meta":{"footnotes":""},"class_list":["post-39519","page","type-page","status-publish","has-post-thumbnail"],"_links":{"self":[{"href":"https:\/\/www.sisinternational.com\/it\/wp-json\/wp\/v2\/pages\/39519","targetHints":{"allow":["GET"]}}],"collection":[{"href":"https:\/\/www.sisinternational.com\/it\/wp-json\/wp\/v2\/pages"}],"about":[{"href":"https:\/\/www.sisinternational.com\/it\/wp-json\/wp\/v2\/types\/page"}],"author":[{"embeddable":true,"href":"https:\/\/www.sisinternational.com\/it\/wp-json\/wp\/v2\/users\/1"}],"replies":[{"embeddable":true,"href":"https:\/\/www.sisinternational.com\/it\/wp-json\/wp\/v2\/comments?post=39519"}],"version-history":[{"count":4,"href":"https:\/\/www.sisinternational.com\/it\/wp-json\/wp\/v2\/pages\/39519\/revisions"}],"predecessor-version":[{"id":81462,"href":"https:\/\/www.sisinternational.com\/it\/wp-json\/wp\/v2\/pages\/39519\/revisions\/81462"}],"up":[{"embeddable":true,"href":"https:\/\/www.sisinternational.com\/it\/wp-json\/wp\/v2\/pages\/33287"}],"wp:featuredmedia":[{"embeddable":true,"href":"https:\/\/www.sisinternational.com\/it\/wp-json\/wp\/v2\/media\/66391"}],"wp:attachment":[{"href":"https:\/\/www.sisinternational.com\/it\/wp-json\/wp\/v2\/media?parent=39519"}],"curies":[{"name":"wp","href":"https:\/\/api.w.org\/{rel}","templated":true}]}}