{"id":39347,"date":"2021-11-22T15:38:29","date_gmt":"2021-11-22T15:38:29","guid":{"rendered":"https:\/\/www.sisinternational.com\/?page_id=39347"},"modified":"2025-09-14T21:39:00","modified_gmt":"2025-09-15T01:39:00","slug":"q-ricerche-di-mercato-commerciali","status":"publish","type":"page","link":"https:\/\/www.sisinternational.com\/it\/competenza\/q-ricerche-di-mercato-commerciali\/","title":{"rendered":"Ricerche di mercato Q-Commerce"},"content":{"rendered":"<h1 class=\"wp-block-heading\">Ricerche di mercato Q-Commerce<\/h1>\n\n\n\n<figure class=\"gb-block-image gb-block-image-46bf74f5\"><img loading=\"lazy\" decoding=\"async\" width=\"1456\" height=\"816\" class=\"gb-image gb-image-46bf74f5\" src=\"https:\/\/www.sisinternational.com\/wp-content\/uploads\/2025\/08\/ecommerce-e-commerce-5.jpg\" alt=\"Ricerca e strategia di mercato internazionale SIS\" title=\"ecommerce e-commerce (5)\" srcset=\"https:\/\/www.sisinternational.com\/wp-content\/uploads\/2025\/08\/ecommerce-e-commerce-5.jpg 1456w, https:\/\/www.sisinternational.com\/wp-content\/uploads\/2025\/08\/ecommerce-e-commerce-5-300x168.jpg 300w, https:\/\/www.sisinternational.com\/wp-content\/uploads\/2025\/08\/ecommerce-e-commerce-5-1024x574.jpg 1024w, https:\/\/www.sisinternational.com\/wp-content\/uploads\/2025\/08\/ecommerce-e-commerce-5-768x430.jpg 768w, https:\/\/www.sisinternational.com\/wp-content\/uploads\/2025\/08\/ecommerce-e-commerce-5-18x10.jpg 18w\" sizes=\"auto, (max-width: 1456px) 100vw, 1456px\"><\/figure>\n\n\n\n<p><\/p>\n\n\n\n<h2 class=\"wp-block-heading\">Cos&#039;\u00e8 QCommerce?<\/h2>\n\n\n\n<p>Q Commerce, dove la Q significa \u201cveloce\u201d, \u00e8 un tipo di e-commerce. \u00c8 noto anche come consegna su richiesta o e-grocery. La caratteristica principale di Q commerce \u00e8 la consegna della merce (solitamente generi alimentari) ai clienti in meno di un&#039;ora. Alcune aziende vantano tempi di consegna di 30 minuti o meno.<\/p>\n\n\n\n<h2 class=\"wp-block-heading\">Perch\u00e9 Q Commerce \u00e8 importante?<\/h2>\n\n\n\n<p>Q-commerce risparmia sui tempi di consegna. L\u2019e-commerce o lo shopping di persona non lo consentono. Pertanto, Q-commerce \u00e8 un vantaggio per le persone impegnate. Per gli anziani o i disabili, Q-commerce elimina gran parte del fastidio dello shopping. A causa del COVID-19, molte persone si preoccupano dell\u2019accesso sicuro a generi alimentari e farmaci. Q-commerce aiuta questo nuovo modo di vivere.<\/p>\n\n\n\n<p>Q-commerce consente alle aziende di essere pi\u00f9 flessibili. Ancora una volta, a causa del COVID-19, le esigenze dei consumatori sono diventate pi\u00f9 difficili da soddisfare. Pertanto, molti negozi si sono espansi per includere il commercio Q nelle loro attivit\u00e0.<\/p>\n\n\n\n<h2 class=\"wp-block-heading\">Titoli di lavoro chiave<\/h2>\n\n\n\n<p>Q commerce ha posti di lavoro disponibili in molti campi. Ecco alcuni titoli di lavoro chiave:<\/p>\n\n\n\n<ul class=\"wp-block-list\">\n<li>Sviluppatore web<\/li>\n\n\n\n<li>Tecnici informatici<\/li>\n\n\n\n<li>Impiegato dell&#039;ordine<\/li>\n\n\n\n<li>Rappresentante del Servizio Clienti<\/li>\n\n\n\n<li>Responsabile del magazzino<\/li>\n\n\n\n<li>Fattorino<\/li>\n<\/ul>\n\n\n\n<h2 class=\"wp-block-heading\">Perch\u00e9 le aziende hanno bisogno delle ricerche di mercato di Q Commerce<\/h2>\n\n\n\n<p>Q-commerce expands the client base for retailers. Technology allows clients to have access to more retailers. With effective social media advertising and websites, <a href=\"https:\/\/www.sisinternational.com\/it\/soluzioni\/ricerche-di-mercato-sui-consumatori\/\" title=\"Consumer Market Research Services for Smarter Business Decisions\"  data-wpil-monitor-id=\"7906\">consumers can discover Q commerce businesses<\/a>. Q commerce also provides <a href=\"https:\/\/www.sisinternational.com\/it\/soluzioni\/ricerca-di-consulenza-strategica-fintech\/consulenza-per-lacquisizione-di-clienti-nei-servizi-finanziari\/\" title=\"Servizi finanziari Consulenza per l&#039;acquisizione di clienti\"  data-wpil-monitor-id=\"7908\">service<\/a> without needing the square footage for customer interaction. Customer interaction happens online. To upgrade the service, some companies will only need to set up and staff warehouses.<\/p>\n\n\n\n<p>Inoltre, la pandemia potrebbe placarsi, ma cambier\u00e0 il modo in cui i clienti scelgono di fare acquisti. I \u201cDark Stores\u201d sono diventati molto popolari. Questi sono negozi fisici che ora soddisfano solo gli ordini online. Questa tendenza mostra che il commercio Q \u00e8 il passo successivo per le aziende. Q-commerce ha impedito a molte aziende di fermarsi. Ha anche creato un\u2019altra forma di sicurezza finanziaria.<\/p>\n\n\n\n<h2 class=\"wp-block-heading\">Fattori chiave del successo<\/h2>\n\n\n\n<p>While Q-commerce may appear simple, it could fail if not done well. Here are some <a href=\"https:\/\/www.sisinternational.com\/it\/fattori-chiave-di-successo-nelle-ricerche-di-mercato-automobilistiche\/\" title=\"Fattori chiave di successo nelle ricerche di mercato automobilistiche\"  data-wpil-monitor-id=\"7901\">key factors for success<\/a>.<\/p>\n\n\n\n<h3 class=\"wp-block-heading\">Necessit\u00e0 del servizio<\/h3>\n\n\n\n<p>Before starting a Q-commerce business, the entrepreneur should do the necessary groundwork. The research will let them know if it would be profitable. Q commerce would be an <a href=\"https:\/\/www.sisinternational.com\/it\/soluzioni\/soluzioni-di-ricerca-quantitativa-qualitativa\/food-taste-testing-in-new-york\/\" title=\"Why New York City is an Excellent Test City for Food Taste Testing\"  data-wpil-monitor-id=\"7905\">excellent investment in a busy city<\/a> or area near the elderly. It may not work in small or remote towns.<\/p>\n\n\n\n<h3 class=\"wp-block-heading\">Presenza online affidabile<\/h3>\n\n\n\n<p>I consumatori avranno domande o dubbi sui servizi o sui loro ordini. L\u2019azienda deve avere un rappresentante pronto ad assisterli. Ci sono social media e programmi software che possono aiutare in questo. Questi programmi forniscono assistenza ai clienti quasi 24 ore su 24.<\/p>\n\n\n\n<h3 class=\"wp-block-heading\">Un sito web facile da usare<\/h3>\n\n\n\n<p>In Q commerce, the brunt of the client\/company interaction may be non-verbal. The customer might have to send messages or use surveys. You should state the <a href=\"https:\/\/www.sisinternational.com\/it\/servizi-pubblicitari-multiculturali-per-una-nota-compagnia-ferroviaria\/\" title=\"Servizi Pubblicitari Multiculturali per una Nota Compagnia Ferroviaria\"  data-wpil-monitor-id=\"7907\">services and the policies of the company<\/a> in a prominent place on the site. Websites with sparse or confusing information will prevent people from interacting with them.<\/p>\n\n\n\n<h3 class=\"wp-block-heading\">Tutela e supporto legale<\/h3>\n\n\n\n<p>Devi anche assicurarti che tutto ci\u00f2 che riguarda il sito sia legale e corretto. L\u2019azienda potrebbe ricevere sfide da parte di clienti o altre aziende. Sarebbe utile avere un supporto legale.<\/p>\n\n\n\n<h2 class=\"wp-block-heading\">Informazioni sulle ricerche di mercato di Q-Commerce<\/h2>\n\n\n\n<p>There are many factors to consider before starting Q commerce. To find out more about it, the <a href=\"https:\/\/www.sisinternational.com\/it\/pubblicazioni\/ricerche-di-mercato-per-un-business-scalabile-7-modi-per-costruire-un-business-scalabile\/\" title=\"Ricerche di mercato per aziende scalabili: 7 modi per costruire un business scalabile\"  data-wpil-monitor-id=\"7904\">business owner must do thorough research<\/a>. This research can happen in the form of <a href=\"https:\/\/www.sisinternational.com\/it\/soluzioni\/ricerche-di-mercato-con-focus-group\/\" title=\"Focus Group Ricerche di mercato\"  data-wpil-monitor-id=\"7903\">Messa a fuoco<\/a> Groups, Surveys, and Interviews. <a href=\"https:\/\/www.sisinternational.com\/it\/how-to-design-effective-surveys-for-quantitative-research\/\" title=\"How to Design Effective Surveys for Quantitative Research\"  data-wpil-monitor-id=\"7902\">Quantitative and Qualitative research<\/a> will give entrepreneurs detailed information. They will be able to please consumers and grow their clientele. The analysis also guides the entrepreneur on which risks they should take. It will also let them know when to hold back on expansions or mergers.<\/p>\n\n\n\n<p><\/p>","protected":false},"excerpt":{"rendered":"<p>Q-commerce amplia la base clienti del rivenditore attraverso la tecnologia e una pubblicit\u00e0 efficace. Le ricerche di mercato Q-commerce aiutano le aziende a crescere.<\/p>","protected":false},"author":1,"featured_media":64701,"parent":14514,"menu_order":85,"comment_status":"closed","ping_status":"closed","template":"","meta":{"footnotes":""},"class_list":["post-39347","page","type-page","status-publish","has-post-thumbnail"],"_links":{"self":[{"href":"https:\/\/www.sisinternational.com\/it\/wp-json\/wp\/v2\/pages\/39347","targetHints":{"allow":["GET"]}}],"collection":[{"href":"https:\/\/www.sisinternational.com\/it\/wp-json\/wp\/v2\/pages"}],"about":[{"href":"https:\/\/www.sisinternational.com\/it\/wp-json\/wp\/v2\/types\/page"}],"author":[{"embeddable":true,"href":"https:\/\/www.sisinternational.com\/it\/wp-json\/wp\/v2\/users\/1"}],"replies":[{"embeddable":true,"href":"https:\/\/www.sisinternational.com\/it\/wp-json\/wp\/v2\/comments?post=39347"}],"version-history":[{"count":4,"href":"https:\/\/www.sisinternational.com\/it\/wp-json\/wp\/v2\/pages\/39347\/revisions"}],"predecessor-version":[{"id":81330,"href":"https:\/\/www.sisinternational.com\/it\/wp-json\/wp\/v2\/pages\/39347\/revisions\/81330"}],"up":[{"embeddable":true,"href":"https:\/\/www.sisinternational.com\/it\/wp-json\/wp\/v2\/pages\/14514"}],"wp:featuredmedia":[{"embeddable":true,"href":"https:\/\/www.sisinternational.com\/it\/wp-json\/wp\/v2\/media\/64701"}],"wp:attachment":[{"href":"https:\/\/www.sisinternational.com\/it\/wp-json\/wp\/v2\/media?parent=39347"}],"curies":[{"name":"wp","href":"https:\/\/api.w.org\/{rel}","templated":true}]}}