{"id":39345,"date":"2021-11-22T15:28:55","date_gmt":"2021-11-22T15:28:55","guid":{"rendered":"https:\/\/www.sisinternational.com\/?page_id=39345"},"modified":"2026-01-27T16:48:53","modified_gmt":"2026-01-27T21:48:53","slug":"ricerche-di-mercato-di-intelligence-di-mercato","status":"publish","type":"page","link":"https:\/\/www.sisinternational.com\/it\/soluzioni\/consulenza-strategica\/ricerche-di-mercato-di-intelligence-di-mercato\/","title":{"rendered":"Market Intelligence Consulting"},"content":{"rendered":"<h1 class=\"wp-block-heading\">Market Intelligence Consulting<\/h1>\n\n\n\n<figure class=\"gb-block-image gb-block-image-3b194354\"><img loading=\"lazy\" decoding=\"async\" width=\"1456\" height=\"816\" class=\"gb-image gb-image-3b194354\" src=\"https:\/\/www.sisinternational.com\/wp-content\/uploads\/2025\/08\/Strategy-consulting-1.jpg\" alt=\"Ricerca e strategia di mercato internazionale SIS\" title=\"Strategy consulting (1)\" srcset=\"https:\/\/www.sisinternational.com\/wp-content\/uploads\/2025\/08\/Strategy-consulting-1.jpg 1456w, https:\/\/www.sisinternational.com\/wp-content\/uploads\/2025\/08\/Strategy-consulting-1-300x168.jpg 300w, https:\/\/www.sisinternational.com\/wp-content\/uploads\/2025\/08\/Strategy-consulting-1-1024x574.jpg 1024w, https:\/\/www.sisinternational.com\/wp-content\/uploads\/2025\/08\/Strategy-consulting-1-768x430.jpg 768w, https:\/\/www.sisinternational.com\/wp-content\/uploads\/2025\/08\/Strategy-consulting-1-18x10.jpg 18w\" sizes=\"auto, (max-width: 1456px) 100vw, 1456px\"><\/figure>\n\n\n\n<p><\/p>\n\n\n\n<p><span style=\"font-weight: 400;\">Ti sei mai chiesto come le aziende anticipano le tendenze del mercato, comprendono le esigenze dei consumatori e restano un passo avanti rispetto alla concorrenza? La risposta sta nell\u2019uso strategico delle ricerche di mercato basate sull\u2019intelligence di mercato.&nbsp;<\/span><\/p>\n\n\n\n<p><span style=\"font-weight: 400;\">Questo strumento \u00e8 essenziale per qualsiasi azienda che desideri prosperare nel dinamico panorama economico di oggi poich\u00e9 fornisce una comprensione completa delle dinamiche di mercato, dei comportamenti dei clienti e degli ambienti competitivi.&nbsp;<\/span><\/p>\n\n\n\n<h2 class=\"wp-block-heading\"><span style=\"font-weight: 400;\"><strong>Che cos&#039;\u00e8 la ricerca di mercato di Market Intelligence?<\/strong><\/span><\/h2>\n\n\n\n<p>La market intelligence utilizza i dati per studiare il mercato in cui opera un\u2019azienda. Copre aree come il pubblico target, il comportamento dei consumatori e i prodotti\/servizi. I quattro pilastri principali sono concorrenti, prodotti, clienti e informazioni sul mercato\/settore.<\/p>\n\n\n\n<p><span style=\"font-weight: 400;\">Tuttavia, le ricerche di mercato basate sull\u2019intelligence di mercato comprendono un\u2019ampia gamma di attivit\u00e0 progettate per fornire alle aziende una profonda comprensione del mercato in cui operano. Ci\u00f2 comprende:<\/span><\/p>\n\n\n\n<ul class=\"wp-block-list\">\n<li><b>Dimensionamento del mercato: <\/b><span style=\"font-weight: 400;\">Determinazione del potenziale totale del mercato.<\/span><\/li>\n\n\n\n<li><b>Analisi competitiva:<\/b><span style=\"font-weight: 400;\"> Comprendere i punti di forza e di debolezza dei concorrenti.<\/span><\/li>\n\n\n\n<li><b>Intuizioni dei consumatori:<\/b><span style=\"font-weight: 400;\"> Raccogliere informazioni dettagliate sulle preferenze, i comportamenti e le esigenze dei clienti.<\/span><\/li>\n\n\n\n<li><b>Analisi delle tendenze: <\/b><span style=\"font-weight: 400;\">Individuazione e analisi delle tendenze attuali e future del mercato.<\/span><\/li>\n\n\n\n<li><b>Progressi tecnologici: <\/b><span style=\"font-weight: 400;\">Tenersi al passo con i cambiamenti tecnologici che potrebbero avere un impatto sul mercato.<\/span><\/li>\n\n\n\n<li><b>Panorama normativo: <\/b><span style=\"font-weight: 400;\">Comprendere il quadro giuridico e regolamentare che governa il mercato.<\/span><\/li>\n<\/ul>\n\n\n\n<p><span style=\"font-weight: 400;\">Combina metodi qualitativi, come focus group e interviste, con approcci quantitativi come sondaggi e analisi dei dati. In questo modo, offre una visione olistica del mercato, consentendo alle aziende di prendere decisioni basate non solo sull\u2019intuizione, ma su prove solide e basate sui dati.<\/span><\/p>\n\n\n\n<h2 class=\"wp-block-heading\">Perch\u00e9 la market intelligence \u00e8 importante?<\/h2>\n\n\n\n<p>Uno studio dettagliato del mercato consente alle aziende di proporre prodotti\/servizi migliori. Anche un buon processo decisionale \u00e8 un vantaggio. La risoluzione dei problemi deriva dall\u2019intelligenza del mercato. \u00c8 fondamentale negli affari. Fornisce inoltre informazioni sul gruppo target pi\u00f9 adatto per il business. Conoscere questo gruppo \u00e8 di grande importanza.<\/p>\n\n\n\n<p>Perch\u00e9? Perch\u00e9 sapere chi \u00e8 pi\u00f9 propenso ad acquistare dalla tua azienda fa risparmiare tempo e denaro. Alcuni altri vantaggi includono:<\/p>\n\n\n\n<p><b>\u2022 Mitigazione del rischio:<\/b><span style=\"font-weight: 400;\"> Comprendendo le tendenze del mercato e i comportamenti dei consumatori, le aziende possono anticipare i cambiamenti e apportare modifiche proattive, riducendo il rischio di prendere decisioni non informate.<\/span><\/p>\n\n\n\n<p><b>\u2022 Pianificazione strategica: <\/b><span style=\"font-weight: 400;\">Market intelligence market research inform the strategic planning process, helping businesses to identify new opportunities, enter new markets, or modify existing products and services to better meet customer needs.<\/span><\/p>\n\n\n\n<p><b>\u2022 Vantaggio competitivo: <\/b><span style=\"font-weight: 400;\">La conoscenza dei punti di forza, dei punti deboli e delle strategie dei concorrenti consente alle aziende di posizionarsi in modo efficace e ottenere un vantaggio competitivo.<\/span><\/p>\n\n\n\n<p><b>\u2022 Innovazione e Sviluppo:<\/b><span style=\"font-weight: 400;\"> Gli approfondimenti sulle tendenze tecnologiche e sulle preferenze dei consumatori guidano l\u2019innovazione e lo sviluppo dei prodotti, garantendo che le nuove offerte siano allineate alle richieste del mercato.<\/span><\/p>\n\n\n\n<p><b>\u2022 Processo decisionale informato: <\/b><span style=\"font-weight: 400;\">Access to detailed market data ensures that business decisions are grounded in reality rather than assumptions. This leads to more effective strategies and reduced risk of costly mistakes.<\/span><\/p>\n\n\n\n<p><b>\u2022 Identificazione delle opportunit\u00e0 di mercato:<\/b><span style=\"font-weight: 400;\"> Comprendendo le tendenze e le lacune del mercato, le aziende possono identificare opportunit\u00e0 redditizie di espansione o diversificazione.&nbsp;<\/span><\/p>\n\n\n\n<p><b>\u2022 Sviluppo prodotto ottimizzato: <\/b><span style=\"font-weight: 400;\">Gli approfondimenti derivanti dalle ricerche di mercato di intelligence di mercato guidano lo sviluppo dei prodotti, garantendo che i nuovi prodotti soddisfino le esigenze del mercato esistenti e anticipino le tendenze future.<\/span><\/p>\n\n\n\n<p><b>\u2022 Allocazione efficiente delle risorse:<\/b><span style=\"font-weight: 400;\"> Le aziende possono allocare le proprie risorse in modo pi\u00f9 efficiente concentrandosi su mercati e segmenti di clientela ad alto potenziale, massimizzando cos\u00ec il ROI.<\/span><\/p>\n\n\n\n<p><b>\u2022 Adattabilit\u00e0 ai cambiamenti del mercato:<\/b><span style=\"font-weight: 400;\"> Il monitoraggio continuo del mercato consente alle aziende di adattarsi rapidamente ai cambiamenti del mercato, siano essi dovuti a progressi tecnologici, cambiamento delle preferenze dei consumatori o nuovi contesti normativi.<\/span><\/p>\n\n\n\n<h2 class=\"wp-block-heading\">Titoli di lavoro chiave<\/h2>\n\n\n\n<p>The field involves many career paths. Producing the required reports calls for different areas to come together. A degree in <a href=\"https:\/\/sisaisolutions.com\/application-of-ai-in-market-research\/\" target=\"_blank\" rel=\"noopener\">ricerca di mercato<\/a> is common within this field. Other degree areas are statistics, economics, communications, computer science, business admin, and social sciences.<\/p>\n\n\n\n<p>Alcuni titoli di lavoro specifici sono:<\/p>\n\n\n\n<ul class=\"wp-block-list\">\n<li>Ricercatore di mercato<\/li>\n\n\n\n<li>Specialista in informazioni di mercato<\/li>\n\n\n\n<li>Analisti: analista di ricerche di mercato\/aziendali\/dati\/clienti\/finanziario\/sistemi informatici<\/li>\n\n\n\n<li>Scienziati dei dati<\/li>\n\n\n\n<li>Ingegneri dei dati<\/li>\n<\/ul>\n\n\n\n<h2 class=\"wp-block-heading\">Perch\u00e9 le aziende hanno bisogno di informazioni sul mercato<\/h2>\n\n\n\n<figure class=\"gb-block-image gb-block-image-7edf9f54\"><img loading=\"lazy\" decoding=\"async\" width=\"1456\" height=\"816\" class=\"gb-image gb-image-7edf9f54\" src=\"https:\/\/www.sisinternational.com\/wp-content\/uploads\/2025\/08\/Strategy-consulting-42.jpg\" alt=\"Ricerca e strategia di mercato internazionale SIS\" title=\"Strategy consulting (42)\" srcset=\"https:\/\/www.sisinternational.com\/wp-content\/uploads\/2025\/08\/Strategy-consulting-42.jpg 1456w, https:\/\/www.sisinternational.com\/wp-content\/uploads\/2025\/08\/Strategy-consulting-42-300x168.jpg 300w, https:\/\/www.sisinternational.com\/wp-content\/uploads\/2025\/08\/Strategy-consulting-42-1024x574.jpg 1024w, https:\/\/www.sisinternational.com\/wp-content\/uploads\/2025\/08\/Strategy-consulting-42-768x430.jpg 768w, https:\/\/www.sisinternational.com\/wp-content\/uploads\/2025\/08\/Strategy-consulting-42-18x10.jpg 18w\" sizes=\"auto, (max-width: 1456px) 100vw, 1456px\"><\/figure>\n\n\n\n<p><\/p>\n\n\n\n<p>La risposta semplice \u00e8 che la tua azienda ha bisogno di questo parametro per crescere. La conoscenza approfondita del mercato consente ai leader di prendere decisioni intelligenti. Si adatta anche all\u2019attuale clima economico. Un altro vantaggio \u00e8 che aumenta i profitti grazie ad una maggiore conoscenza dei clienti e del mercato. Pu\u00f2 anche indurre gli imprenditori ad adattare i propri sistemi alle esigenze dei clienti.<\/p>\n\n\n\n<p>\u00c8 pi\u00f9 probabile che i clienti si affidino a un\u2019azienda che si prende cura dei loro desideri e bisogni. Inoltre, la Market Intelligence porta le aziende a produrre. Le aziende possono anche competere meglio, il che porta alla crescita all\u2019interno di un settore.<\/p>\n\n\n\n<h2 class=\"wp-block-heading\"><span style=\"font-weight: 400;\"><strong>Quando condurre ricerche di mercato di market intelligence<\/strong><\/span><\/h2>\n\n\n\n<p><span style=\"font-weight: 400;\">Decidere quando condurre ricerche di mercato di intelligence di mercato \u00e8 fondamentale. Esistono diversi casi chiave in cui questa ricerca diventa particolarmente importante:<\/span><\/p>\n\n\n\n<p><b>\u2022 Entrare in un nuovo mercato: <\/b><span style=\"font-weight: 400;\">Quando ci si espande in nuovi mercati geografici o demografici, la ricerca \u00e8 fondamentale per comprendere le caratteristiche e i requisiti unici di questi nuovi segmenti.<\/span><\/p>\n\n\n\n<p><b>\u2022 Identificazione delle opportunit\u00e0 di crescita: <\/b><span style=\"font-weight: 400;\">Ricerche di mercato regolari possono scoprire opportunit\u00e0 di crescita, sia attraverso nuovi segmenti di clienti, regioni geografiche non sfruttate o tendenze di mercato emergenti.<\/span><\/p>\n\n\n\n<p><b>\u2022 Benchmarking rispetto ai concorrenti: <\/b><span style=\"font-weight: 400;\">Per mantenere o migliorare la posizione di mercato, le aziende devono valutare continuamente come si confrontano con la concorrenza sotto vari aspetti, tra cui l\u2019offerta di prodotti, il servizio clienti e le strategie di marketing.<\/span><\/p>\n\n\n\n<p><b>\u2022 Revisione e pianificazione strategica: <\/b><span style=\"font-weight: 400;\">Come parte del processo di pianificazione strategica, le aziende dovrebbero condurre periodicamente ricerche di mercato di intelligence di mercato per garantire che le loro strategie rimangano allineate alle realt\u00e0 del mercato.<\/span><\/p>\n\n\n\n<p><b>\u2022 Rispondere al feedback dei clienti:<\/b><span style=\"font-weight: 400;\"> Se il feedback dei clienti indica insoddisfazione o cambiamenti nelle esigenze, la ricerca pu\u00f2 aiutare a comprendere il contesto pi\u00f9 ampio e guidare gli aggiustamenti nei prodotti o servizi.<\/span><\/p>\n\n\n\n<h2 class=\"wp-block-heading\"><span style=\"font-weight: 400;\"><strong>Come condurre ricerche di mercato di market intelligence?<\/strong><\/span><\/h2>\n\n\n\n<p><span style=\"font-weight: 400;\">Condurre ricerche di mercato di intelligence di mercato implica in modo efficace una combinazione di metodi qualitativi e quantitativi. Ciascun approccio offre approfondimenti unici e, se combinato, fornisce una comprensione completa del mercato.<\/span><\/p>\n\n\n\n<p><b>\u2022 Focus group: <\/b><span style=\"font-weight: 400;\">Riunire un gruppo eterogeneo di persone per discutere aspetti specifici di un prodotto o di un mercato pu\u00f2 rivelare informazioni approfondite sulle percezioni e preferenze dei consumatori.<\/span><\/p>\n\n\n\n<p><b>\u2022 Interviste approfondite: <\/b><span style=\"font-weight: 400;\">Le interviste individuali consentono un&#039;esplorazione dettagliata delle opinioni, delle esperienze e dei comportamenti individuali.<\/span><\/p>\n\n\n\n<p><b>\u2022 Gruppi di esperti: <\/b><span style=\"font-weight: 400;\">La consulenza di esperti del settore pu\u00f2 offrire preziose prospettive sulle tendenze, le sfide e le opportunit\u00e0 del mercato.<\/span><\/p>\n\n\n\n<p><b>\u2022 Sondaggi:<\/b><span style=\"font-weight: 400;\"> La distribuzione di sondaggi a numerosi intervistati pu\u00f2 fornire dati statisticamente significativi sulle preferenze dei consumatori, sulle tendenze di mercato e sui comportamenti di acquisto.<\/span><\/p>\n\n\n\n<p><b>\u2022 Analisi di mercato: <\/b><span style=\"font-weight: 400;\">Utilizzo dei dati di mercato esistenti per analizzare tendenze, dimensioni del mercato, tassi di crescita e altri parametri chiave.<\/span><\/p>\n\n\n\n<h2 class=\"wp-block-heading\">Fattori chiave del successo<\/h2>\n\n\n\n<p>Affinch\u00e9 un\u2019azienda possa utilizzare correttamente questa metrica, ha bisogno della consulenza di esperti. I consulenti possono essere dipendenti o consulenti privati. Esistono anche molti strumenti e software che aiutano nell&#039;analisi dei dati nella tenuta dei registri. L\u2019obiettivo \u00e8 rispondere a domande sul mercato. Una volta che l\u2019azienda ha le risposte, sostiene i profitti, la crescita e la capacit\u00e0 di resistenza. Queste domande possono riguardare il comportamento dei consumatori, i modelli di acquisto e il modo in cui l\u2019azienda utilizza le proprie risorse. Include anche domande sul pubblico target e sui prezzi. Una volta che MI ha risposto alla domanda posta dall\u2019azienda, ha avuto successo.<\/p>\n\n\n\n<h2 class=\"wp-block-heading\"><span style=\"font-weight: 400;\"><strong>Ricerche di mercato di Market Intelligence nei mercati emergenti e nei mercati maturi<\/strong><\/span><\/h2>\n\n\n\n<p><span style=\"font-weight: 400;\">The approach to market intelligence <a href=\"https:\/\/www.sisinternational.com\/it\/mercato-dei-beni-di-largo-consumo-in-vietnam\/\" title=\"Il mercato dei beni di largo consumo in Vietnam\" data-wpil-monitor-id=\"7598\">market research varies significantly between emerging<\/a> markets and mature markets due to their distinct characteristics and challenges.<\/span><\/p>\n\n\n\n<h3 class=\"wp-block-heading\"><span style=\"font-weight: 400;\"><strong>Mercati emergenti<\/strong><\/span><\/h3>\n\n\n\n<p><b>\u2022 Cambiamenti dinamici e rapidi:<\/b><span style=\"font-weight: 400;\"> Emerging markets often experience rapid economic and social changes. <a href=\"https:\/\/www.sisinternational.com\/it\/competenza\/industrie\/ricerche-di-mercato-relative-alla-perforazione\/\" title=\"Ricerche di mercato per la perforazione\" data-wpil-monitor-id=\"5679\">Research in these markets<\/a> requires a focus on current trends and an anticipation of future shifts.<\/span><\/p>\n\n\n\n<p><b>\u2022 Disponibilit\u00e0 dei dati:<\/b><span style=\"font-weight: 400;\"> Potrebbe essere pi\u00f9 difficile ottenere dati affidabili, il che richiede approcci innovativi per raccogliere informazioni di mercato, come sondaggi mobili o analisi dei social media.<\/span><\/p>\n\n\n\n<p><b>\u2022 Ambiente regolatorio: <\/b><span style=\"font-weight: 400;\">Questi mercati potrebbero avere ambienti normativi meno stabili, che richiedono alle aziende di rimanere informate su potenziali problemi legali e di conformit\u00e0.<\/span><\/p>\n\n\n\n<h3 class=\"wp-block-heading\"><span style=\"font-weight: 400;\"><strong>Mercati maturi<\/strong><\/span><\/h3>\n\n\n\n<p><b>\u2022 Saturazione del mercato:<\/b><span style=\"font-weight: 400;\"> I mercati maturi hanno spesso livelli pi\u00f9 elevati di concorrenza e saturazione del mercato. La ricerca qui si concentra sull\u2019identificazione di segmenti di nicchia e opportunit\u00e0 di differenziazione.<\/span><\/p>\n\n\n\n<p><b>\u2022 Crescita stabile ma lenta: <\/b><span style=\"font-weight: 400;\">Questi mercati in genere registrano una crescita pi\u00f9 lenta, il che rende importante identificare e trarre vantaggio da piccoli cambiamenti nel comportamento dei consumatori o nelle tendenze del mercato.<\/span><\/p>\n\n\n\n<p><b>\u2022 Disponibilit\u00e0 avanzata dei dati:<\/b><span style=\"font-weight: 400;\"> In genere c&#039;\u00e8 un maggiore accesso a dati completi e storici, che consentono analisi quantitative sofisticate.<\/span><\/p>\n\n\n\n<p><span style=\"font-weight: 400;\">In entrambi i casi, la ricerca di mercato basata sull\u2019intelligence di mercato deve essere adattiva e articolata. Nei mercati emergenti, l\u2019attenzione potrebbe concentrarsi maggiormente sulla comprensione della struttura fondamentale del mercato e dei profili dei consumatori, mentre nei mercati maturi, l\u2019enfasi potrebbe essere posta sull\u2019identificazione di cambiamenti incrementali e opportunit\u00e0 di innovazione.<\/span><\/p>\n\n\n\n<h2 class=\"wp-block-heading\"><span style=\"font-weight: 400;\"><strong>Tendenze attuali nelle ricerche di mercato di market intelligence<\/strong><\/span><\/h2>\n\n\n\n<p><span style=\"font-weight: 400;\">La ricerca di mercato di market intelligence \u00e8 un&#039;area in continua evoluzione, influenzata dai progressi tecnologici e dalle dinamiche del mercato globale. Ecco alcune delle tendenze attuali che plasmano questo campo:<\/span><\/p>\n\n\n\n<p><b>\u2022 Intelligenza artificiale e apprendimento automatico: <\/b><span style=\"font-weight: 400;\">L\u2019intelligenza artificiale e l\u2019apprendimento automatico vengono sempre pi\u00f9 utilizzati per analizzare i dati di mercato. Questa tecnologia pu\u00f2 identificare correlazioni complesse, prevedere le tendenze del mercato e offrire informazioni pi\u00f9 approfondite sul comportamento dei consumatori.<\/span><\/p>\n\n\n\n<p><b>\u2022 Ricerca sull&#039;esperienza del cliente (CX): <\/b><span style=\"font-weight: 400;\">C&#039;\u00e8 una crescente attenzione alla comprensione e al miglioramento dell&#039;esperienza del cliente. Ci\u00f2 comporta l\u2019esame di ogni punto di contatto che un cliente ha con un marchio per ottimizzare le interazioni e aumentare la soddisfazione.<\/span><\/p>\n\n\n\n<p><b>\u2022 Sostenibilit\u00e0 e considerazioni etiche: <\/b><span style=\"font-weight: 400;\">Man mano che cresce la consapevolezza dei consumatori sulle questioni di sostenibilit\u00e0, la ricerca di mercato si concentra sempre pi\u00f9 sulla comprensione degli atteggiamenti nei confronti delle pratiche di governance ambientale e sociale (ESG).<\/span><\/p>\n\n\n\n<p><b>\u2022 Ricerca agile: <\/b><span style=\"font-weight: 400;\">Le aziende stanno adottando approcci pi\u00f9 agili alle ricerche di mercato, consentendo una raccolta e un\u2019analisi dei dati pi\u00f9 rapida per rispondere rapidamente alle mutevoli condizioni del mercato.<\/span><\/p>\n\n\n\n<h2 class=\"wp-block-heading\"><span style=\"font-weight: 400;\"><strong>Opportunit\u00e0 nelle ricerche di mercato di Market Intelligence<\/strong><\/span><\/h2>\n\n\n\n<p><span style=\"font-weight: 400;\">The evolving landscape of market intelligence and market research presents many opportunities for businesses across various sectors. Leveraging these opportunities can lead to significant strategic advantages and growth prospects:<\/span><\/p>\n\n\n\n<p><b>\u2022 Innovazioni di prodotto incentrate sul cliente: <\/b><span style=\"font-weight: 400;\">Gli approfondimenti derivanti dalle ricerche di mercato consentono alle aziende di innovare prodotti e servizi strettamente allineati alle esigenze e alle preferenze dei clienti, migliorando la soddisfazione e la fidelizzazione dei clienti.<\/span><\/p>\n\n\n\n<p><b>\u2022 Espansione e diversificazione del mercato: <\/b><span style=\"font-weight: 400;\">Identificando le tendenze emergenti e i segmenti di mercato non sfruttati, le aziende possono esplorare nuovi mercati o diversificare la propria offerta di prodotti, creando opportunit\u00e0 di crescita ed espansione.<\/span><\/p>\n\n\n\n<p><b>\u2022 Differenziazione competitiva: <\/b><span style=\"font-weight: 400;\">Le approfondite conoscenze del mercato consentono alle aziende di comprendere meglio il proprio panorama competitivo e identificare le aree in cui possono differenziarsi, sia attraverso la qualit\u00e0 del prodotto, i prezzi o il servizio clienti.<\/span><\/p>\n\n\n\n<p><b>\u2022 Maggiore coinvolgimento del cliente:<\/b><span style=\"font-weight: 400;\"> Comprendere i comportamenti e le preferenze dei clienti consente alle aziende di interagire con i propri clienti in modo pi\u00f9 efficace attraverso strategie di marketing e comunicazione personalizzate.<\/span><\/p>\n\n\n\n<p><b>\u2022 Adattamento ai cambiamenti tecnologici: <\/b><span style=\"font-weight: 400;\">Le ricerche di mercato aiutano le aziende a rimanere al passo con i progressi tecnologici e ad adattare di conseguenza i propri prodotti, servizi e processi.<\/span><\/p>\n\n\n\n<h2 class=\"wp-block-heading\"><span style=\"font-weight: 400;\"><strong>Sfide della ricerca di mercato di Market Intelligence<\/strong><\/span><\/h2>\n\n\n\n<p><span style=\"font-weight: 400;\">Le ricerche di mercato di market intelligence presentano numerose opportunit\u00e0, tra cui:<\/span><\/p>\n\n\n\n<p><b>\u2022 Sovraccarico di dati:<\/b><span style=\"font-weight: 400;\"> Nell\u2019era dei big data, le aziende spesso affrontano la sfida di filtrare grandi quantit\u00e0 di informazioni per trovare insight rilevanti e utilizzabili.<\/span><\/p>\n\n\n\n<p><b>\u2022 Integrazione di pi\u00f9 origini dati: <\/b><span style=\"font-weight: 400;\">Combinare dati provenienti da diverse fonti (come social media, sondaggi e dati di vendita) in un&#039;analisi coerente pu\u00f2 essere complesso e richiedere molto tempo.<\/span><\/p>\n\n\n\n<p><b>\u2022 Sensibilit\u00e0 culturale e globalizzazione:<\/b><span style=\"font-weight: 400;\"> Per le aziende che operano in pi\u00f9 regioni, comprendere e rispettare le differenze culturali nelle ricerche di mercato \u00e8 fondamentale, ma pu\u00f2 essere difficile.<\/span><\/p>\n\n\n\n<p><b>\u2022 Conformit\u00e0 normativa:<\/b><span style=\"font-weight: 400;\"> Destreggiarsi tra i diversi scenari giuridici e normativi dei diversi mercati rappresenta una sfida significativa, soprattutto quando si tratta di privacy e protezione dei dati.<\/span><\/p>\n\n\n\n<h2 class=\"wp-block-heading\"><span style=\"font-weight: 400;\"><strong>Prospettive future delle ricerche di mercato di Market Intelligence<\/strong><\/span><\/h2>\n\n\n\n<p><span style=\"font-weight: 400;\">The future of market intelligence and market research depends on several key trends and developments, which will significantly impact how businesses gather and use market insights:<\/span><\/p>\n\n\n\n<p><b>\u2022 Maggiore dipendenza dall&#039;intelligenza artificiale: <\/b>Artificial <a href=\"https:\/\/www.sisinternational.com\/it\/soluzioni\/consulenza-strategica\/intelligenza-del-mercato\/\" title=\"Intelligenza del mercato\" data-wpil-monitor-id=\"6751\">Intelligence will continue to revolutionize market<\/a> research, offering more sophisticated data analysis, predictive modeling, and automated insights generation.<\/span><\/p>\n\n\n\n<p><b>\u2022 Crescente importanza dei dati in tempo reale: <\/b>The need for real-time <a href=\"https:\/\/www.sisinternational.com\/it\/competenza\/industrie\/ricerche-di-mercato-sulle-scale-mobili\/\" title=\"Ricerche di mercato sulle scale mobili\" data-wpil-monitor-id=\"6266\">market insights will escalate<\/a>, driving the adoption of technologies that can provide immediate data and analysis.<\/span><\/p>\n\n\n\n<p><b>\u2022 Integrazione di diverse fonti di dati:<\/b><span style=\"font-weight: 400;\"> L\u2019integrazione di varie fonti di dati, inclusi dispositivi IoT, social media e sondaggi tradizionali, fornir\u00e0 una visione pi\u00f9 completa del mercato.<\/span><\/p>\n\n\n\n<p><b>\u2022 Ricerche di mercato personalizzate e di nicchia: <\/b><span style=\"font-weight: 400;\">Ci sar\u00e0 uno spostamento verso ricerche di mercato pi\u00f9 personalizzate e di nicchia, concentrandosi su segmenti, industrie o regioni geografiche specifici.<\/span><\/p>\n\n\n\n<h2 class=\"wp-block-heading\">Informazioni sull&#039;intelligenza del mercato<\/h2>\n\n\n\n<p>Market Intelligence utilizza molti tipi di analisi per ottenere un quadro completo del mercato. La ricerca qualitativa prevede metodi che forniscono una visione approfondita di ci\u00f2 che stai studiando. Al contrario, la ricerca quantitativa si basa su cifre e numeri. La metrica utilizza anche la ricerca strategica. Questi metodi di ricerca rispondono a domande specifiche del mercato. La ricerca pu\u00f2 anche assumere la forma di interviste, sondaggi, focus group e prove sul campo.<\/p>\n\n\n\n<p><\/p>","protected":false},"excerpt":{"rendered":"<p>Gain an edge with SIS International&#8217;s market intelligence research, offering deep insights for strategic decision-making in complex markets.<\/p>","protected":false},"author":1,"featured_media":62544,"parent":14567,"menu_order":17,"comment_status":"closed","ping_status":"closed","template":"","meta":{"footnotes":""},"class_list":["post-39345","page","type-page","status-publish","has-post-thumbnail"],"_links":{"self":[{"href":"https:\/\/www.sisinternational.com\/it\/wp-json\/wp\/v2\/pages\/39345","targetHints":{"allow":["GET"]}}],"collection":[{"href":"https:\/\/www.sisinternational.com\/it\/wp-json\/wp\/v2\/pages"}],"about":[{"href":"https:\/\/www.sisinternational.com\/it\/wp-json\/wp\/v2\/types\/page"}],"author":[{"embeddable":true,"href":"https:\/\/www.sisinternational.com\/it\/wp-json\/wp\/v2\/users\/1"}],"replies":[{"embeddable":true,"href":"https:\/\/www.sisinternational.com\/it\/wp-json\/wp\/v2\/comments?post=39345"}],"version-history":[{"count":8,"href":"https:\/\/www.sisinternational.com\/it\/wp-json\/wp\/v2\/pages\/39345\/revisions"}],"predecessor-version":[{"id":81221,"href":"https:\/\/www.sisinternational.com\/it\/wp-json\/wp\/v2\/pages\/39345\/revisions\/81221"}],"up":[{"embeddable":true,"href":"https:\/\/www.sisinternational.com\/it\/wp-json\/wp\/v2\/pages\/14567"}],"wp:featuredmedia":[{"embeddable":true,"href":"https:\/\/www.sisinternational.com\/it\/wp-json\/wp\/v2\/media\/62544"}],"wp:attachment":[{"href":"https:\/\/www.sisinternational.com\/it\/wp-json\/wp\/v2\/media?parent=39345"}],"curies":[{"name":"wp","href":"https:\/\/api.w.org\/{rel}","templated":true}]}}