{"id":39322,"date":"2021-11-11T22:14:58","date_gmt":"2021-11-11T22:14:58","guid":{"rendered":"https:\/\/www.sisinternational.com\/?page_id=39322"},"modified":"2025-09-14T22:52:19","modified_gmt":"2025-09-15T02:52:19","slug":"ricerche-di-mercato-senza-scopo-di-lucro","status":"publish","type":"page","link":"https:\/\/www.sisinternational.com\/it\/competenza\/ricerche-di-mercato-senza-scopo-di-lucro\/","title":{"rendered":"Ricerche di mercato senza scopo di lucro"},"content":{"rendered":"<h1 class=\"wp-block-heading\">Ricerche di mercato senza scopo di lucro<\/h1>\n\n\n\n<figure class=\"gb-block-image gb-block-image-1beb8d29\"><img loading=\"lazy\" decoding=\"async\" width=\"1456\" height=\"816\" class=\"gb-image gb-image-1beb8d29\" src=\"https:\/\/www.sisinternational.com\/wp-content\/uploads\/2025\/08\/Non-profit-13-1.jpg\" alt=\"Ricerca e strategia di mercato internazionale SIS\" title=\"Non profit (13)\" srcset=\"https:\/\/www.sisinternational.com\/wp-content\/uploads\/2025\/08\/Non-profit-13-1.jpg 1456w, https:\/\/www.sisinternational.com\/wp-content\/uploads\/2025\/08\/Non-profit-13-1-300x168.jpg 300w, https:\/\/www.sisinternational.com\/wp-content\/uploads\/2025\/08\/Non-profit-13-1-1024x574.jpg 1024w, https:\/\/www.sisinternational.com\/wp-content\/uploads\/2025\/08\/Non-profit-13-1-768x430.jpg 768w, https:\/\/www.sisinternational.com\/wp-content\/uploads\/2025\/08\/Non-profit-13-1-18x10.jpg 18w\" sizes=\"auto, (max-width: 1456px) 100vw, 1456px\"><\/figure>\n\n\n\n<p><\/p>\n\n\n\n<h2 class=\"wp-block-heading\">Che cos&#039;\u00e8 la ricerca di mercato senza scopo di lucro?<\/h2>\n\n\n\n<p>Nonostante non ricerchino profitti finanziari, le organizzazioni non profit possono fare buon uso delle ricerche di mercato. Infatti, c\u2019\u00e8 un gran numero di donatori alla ricerca di un nuovo caso da sostenere. Quindi, con le informazioni corrette, puoi metterti in contatto con questi donatori e portarli alla tua causa. Pertanto, sarebbe meglio se tu avessi una conoscenza delle ricerche di mercato. Tale comprensione ti consente di raggiungere i tuoi obiettivi. Riduce anche il rischio che la concorrenza ti spinga fuori.<\/p>\n\n\n\n<h2 class=\"wp-block-heading\">Come piano generale per la ricerca di mercato, ci sono alcuni passaggi essenziali.<\/h2>\n\n\n\n<h3 class=\"wp-block-heading\">Fase 1: stabilire gli obiettivi<\/h3>\n\n\n\n<p>Qui \u00e8 essenziale scoprire quali informazioni desideri raccogliere e come intendi applicarle.<\/p>\n\n\n\n<h3 class=\"wp-block-heading\">Fase 2: valutare le risorse disponibili<\/h3>\n\n\n\n<p>Does your nonprofit have the budget and leadership to conduct the <a href=\"https:\/\/www.sisinternational.com\/it\/copertura\/europa\/ricerche-di-mercato-liverpool-regno-unito\/\" title=\"Ricerche di mercato a Liverpool | Focus group e raccolta dati nel Regno Unito\"  data-wpil-monitor-id=\"7922\">research and act on the data<\/a>?<\/p>\n\n\n\n<h3 class=\"wp-block-heading\">Fase 3: Definisci il tuo approccio alla ricerca<\/h3>\n\n\n\n<p>La tua ricerca consister\u00e0 nel lavoro di progetti gi\u00e0 realizzati? Oppure lo baserai sui dati acquisiti?<\/p>\n\n\n\n<h3 class=\"wp-block-heading\">Fase 4: progetta la tua indagine<\/h3>\n\n\n\n<p>Set up the qualitative and <a href=\"https:\/\/www.sisinternational.com\/it\/how-to-design-effective-surveys-for-quantitative-research\/\" title=\"How to Design Effective Surveys for Quantitative Research\"  data-wpil-monitor-id=\"7918\">quantitative research parts of the survey<\/a>.<\/p>\n\n\n\n<h3 class=\"wp-block-heading\">Fase 5: prova le tue domande<\/h3>\n\n\n\n<p>Testa ogni singola domanda per assicurarti che sia imparziale, specifica e diretta.<\/p>\n\n\n\n<h3 class=\"wp-block-heading\">Fase 6: eseguire il sondaggio<\/h3>\n\n\n\n<p>Invia il sondaggio sullo strumento di distribuzione che preferisci. Le opzioni includono SurveyMonkey, Typeform e Moduli Google.<\/p>\n\n\n\n<h3 class=\"wp-block-heading\">Fase 7: tagliare i dati<\/h3>\n\n\n\n<p>Ora \u00e8 il momento di iniziare a modificare i dati, operazione che verr\u00e0 intrapresa da un analista di dati.<\/p>\n\n\n\n<h3 class=\"wp-block-heading\">Fase 8: Impegnarsi a rivalutare<\/h3>\n\n\n\n<p>Infine, \u00e8 necessario l\u2019impegno a modificare e migliorare la relazione finale. Aggiungi dati mentre continui a fare ricerche.<\/p>\n\n\n\n<h2 class=\"wp-block-heading\">Perch\u00e9 la ricerca di mercato senza scopo di lucro \u00e8 importante?<\/h2>\n\n\n\n<p>Knowing the mindsets of potential donors is essential to getting their support. It is even more so considering that donor retention can be very low. <a href=\"https:\/\/www.sisinternational.com\/it\/soluzioni\/prova-del-gusto\/ricerche-di-mercato-comparative-sui-test-del-gusto\/\" title=\"Ricerche di mercato sui test comparativi sul gusto\"  data-wpil-monitor-id=\"7920\">Market Research allows you to compare<\/a> your nonprofit with others in your niche. It helps to see how you measure up to other players in your field. Thus, it ensures that you remain attractive to potential donors. Additionally, it measures brand awareness. In this way, you can be aware of how receptive your nonprofit is to your audience. This knowledge will enable you to make adjustments when needed.<\/p>\n\n\n\n<p>There are many benefits for a nonprofit <a href=\"https:\/\/www.sisinternational.com\/it\/competenza\/industrie\/ricerche-di-mercato-delle-organizzazioni-di-ricerca-a-contratto\/\" title=\"Ricerche di mercato sulle organizzazioni di ricerca a contratto\"  data-wpil-monitor-id=\"7917\">organization to do market research<\/a>. They all tie back to the primary goal of securing funding for the nonprofit. For example, market research can help you gain a better understanding of your base. Additionally, it\u2019s good to understand the demographics. You also need to know the characteristics of your existing supporters. This knowledge allows you to make better decisions for your nonprofit. Market <a href=\"https:\/\/www.sisinternational.com\/it\/il-tesoro-di-dati-del-social-network-per-i-ricercatori-di-marketing\/\" title=\"Ricerche di mercato sui social network: opportunit\u00e0 e sfide\"  data-wpil-monitor-id=\"7916\">Research can help you grow your brand<\/a>. You get a deep understanding of your existing supporters and target audience. This understanding will allow you to craft a brand that appeals to them.<\/p>\n\n\n\n<h2 class=\"wp-block-heading\">Titoli di lavoro chiave<\/h2>\n\n\n\n<figure class=\"gb-block-image gb-block-image-2fb4e389\"><img loading=\"lazy\" decoding=\"async\" width=\"1456\" height=\"816\" class=\"gb-image gb-image-2fb4e389\" src=\"https:\/\/www.sisinternational.com\/wp-content\/uploads\/2025\/08\/Non-profit-12-1.jpg\" alt=\"Ricerca e strategia di mercato internazionale SIS\" title=\"Non profit (12)\" srcset=\"https:\/\/www.sisinternational.com\/wp-content\/uploads\/2025\/08\/Non-profit-12-1.jpg 1456w, https:\/\/www.sisinternational.com\/wp-content\/uploads\/2025\/08\/Non-profit-12-1-300x168.jpg 300w, https:\/\/www.sisinternational.com\/wp-content\/uploads\/2025\/08\/Non-profit-12-1-1024x574.jpg 1024w, https:\/\/www.sisinternational.com\/wp-content\/uploads\/2025\/08\/Non-profit-12-1-768x430.jpg 768w, https:\/\/www.sisinternational.com\/wp-content\/uploads\/2025\/08\/Non-profit-12-1-18x10.jpg 18w\" sizes=\"auto, (max-width: 1456px) 100vw, 1456px\"><\/figure>\n\n\n\n<p>Alcuni titoli di lavoro importanti:<\/p>\n\n\n\n<ul class=\"wp-block-list\">\n<li>Analista di ricerche di mercato<\/li>\n\n\n\n<li>Analista di ricerca dati<\/li>\n<\/ul>\n\n\n\n<h2 class=\"wp-block-heading\">Perch\u00e9 le organizzazioni non profit hanno bisogno di ricerche di mercato<\/h2>\n\n\n\n<p>La comunicazione con i tuoi sostenitori \u00e8 essenziale. Migliorarlo il pi\u00f9 possibile \u00e8 una parte significativa del successo di un&#039;organizzazione no profit. I colloqui con i donatori esistenti sono vitali per mantenere la fedelt\u00e0. La comunicazione ti consente di comprendere meglio i tuoi sostenitori. Questa comprensione ti consentir\u00e0 di creare messaggi pi\u00f9 mirati.<\/p>\n\n\n\n<p>Furthermore, it\u2019s helpful to measure current communications. You also need to manage campaigns with your supporter base. Measuring these two things is very important. Market <a href=\"https:\/\/www.sisinternational.com\/it\/soluzioni\/soluzioni-di-ricerca-quantitativa-qualitativa\/ricerche-di-mercato-sul-punteggio-dello-sforzo-del-cliente\/\" title=\"Ricerca di mercato sul punteggio dell&#039;impegno del cliente\"  data-wpil-monitor-id=\"7919\">Research can enhance your marketing efforts<\/a>. It\u2019s useful for creating campaigns that will speak to your base. Furthermore, some <a href=\"https:\/\/www.sisinternational.com\/it\/soluzioni\/consulenza-per-lospitalita-turistica-turistica\/ricerche-di-mercato-di-societa-di-guide-turistiche\/\" title=\"Ricerche di mercato sull&#039;azienda di guide turistiche\"  data-wpil-monitor-id=\"7921\">companies operate on a small marketing<\/a> budget. Such firms need to be responsible when it comes to their spending.<\/p>\n\n\n\n<h2 class=\"wp-block-heading\">Fattori chiave del successo<\/h2>\n\n\n\n<p>It\u2019s essential as an organization that you get a good Return on Investment. In essence, there\u2019s no point in trying to make changes that you think will get donors if you\u2019re still losing money. Additionally, it\u2019s essential to leverage your base to test new approaches. It would be best to connect with existing donors who are loyal to your cause to gain the support you need, especially when you plan to make significant changes.<\/p>\n\n\n\n<h2 class=\"wp-block-heading\">Informazioni sulle ricerche di mercato senza scopo di lucro<\/h2>\n\n\n\n<p>You will be doing two types of research: primary and secondary. It is your goal to find out what primary and secondary sources you need. Primary research is the Surveys, Interviews, and Focus Groups that you will use. That is how you will get information from your donors. The secondary research will review <a href=\"https:\/\/www.sisinternational.com\/it\/soluzioni\/ricerche-di-mercato-con-focus-group\/\" title=\"Focus Group Ricerche di mercato\"  data-wpil-monitor-id=\"7923\">research projects done by other groups<\/a>.<\/p>\n\n\n\n<p><\/p>","protected":false},"excerpt":{"rendered":"<p>Le organizzazioni no-profit possono trarre vantaggio dalle ricerche di mercato. Con le giuste informazioni, possono attirare donatori per la loro causa.<\/p>","protected":false},"author":1,"featured_media":63004,"parent":14514,"menu_order":83,"comment_status":"closed","ping_status":"closed","template":"","meta":{"footnotes":""},"class_list":["post-39322","page","type-page","status-publish","has-post-thumbnail"],"_links":{"self":[{"href":"https:\/\/www.sisinternational.com\/it\/wp-json\/wp\/v2\/pages\/39322","targetHints":{"allow":["GET"]}}],"collection":[{"href":"https:\/\/www.sisinternational.com\/it\/wp-json\/wp\/v2\/pages"}],"about":[{"href":"https:\/\/www.sisinternational.com\/it\/wp-json\/wp\/v2\/types\/page"}],"author":[{"embeddable":true,"href":"https:\/\/www.sisinternational.com\/it\/wp-json\/wp\/v2\/users\/1"}],"replies":[{"embeddable":true,"href":"https:\/\/www.sisinternational.com\/it\/wp-json\/wp\/v2\/comments?post=39322"}],"version-history":[{"count":4,"href":"https:\/\/www.sisinternational.com\/it\/wp-json\/wp\/v2\/pages\/39322\/revisions"}],"predecessor-version":[{"id":81335,"href":"https:\/\/www.sisinternational.com\/it\/wp-json\/wp\/v2\/pages\/39322\/revisions\/81335"}],"up":[{"embeddable":true,"href":"https:\/\/www.sisinternational.com\/it\/wp-json\/wp\/v2\/pages\/14514"}],"wp:featuredmedia":[{"embeddable":true,"href":"https:\/\/www.sisinternational.com\/it\/wp-json\/wp\/v2\/media\/63004"}],"wp:attachment":[{"href":"https:\/\/www.sisinternational.com\/it\/wp-json\/wp\/v2\/media?parent=39322"}],"curies":[{"name":"wp","href":"https:\/\/api.w.org\/{rel}","templated":true}]}}