{"id":39313,"date":"2021-11-11T14:15:11","date_gmt":"2021-11-11T14:15:11","guid":{"rendered":"https:\/\/www.sisinternational.com\/?page_id=39313"},"modified":"2026-03-05T23:57:12","modified_gmt":"2026-03-06T04:57:12","slug":"ricerche-di-mercato-relative-a-sondaggi-sui-membri","status":"publish","type":"page","link":"https:\/\/www.sisinternational.com\/it\/soluzioni\/soluzioni-di-ricerca-quantitativa-qualitativa\/ricerche-di-mercato-relative-a-sondaggi-sui-membri\/","title":{"rendered":"Sondaggio sugli iscritti Ricerca di mercato"},"content":{"rendered":"<h1 class=\"wp-block-heading\">Sondaggio sugli iscritti Ricerca di mercato<\/h1>\n\n\n\n<figure class=\"gb-block-image gb-block-image-20bc9b35\"><img loading=\"lazy\" decoding=\"async\" width=\"1456\" height=\"816\" class=\"gb-image gb-image-20bc9b35\" src=\"https:\/\/www.sisinternational.com\/wp-content\/uploads\/2025\/08\/Survey-5.jpg\" alt=\"Ricerca e strategia di mercato internazionale SIS\" title=\"Survey (5)\" srcset=\"https:\/\/www.sisinternational.com\/wp-content\/uploads\/2025\/08\/Survey-5.jpg 1456w, https:\/\/www.sisinternational.com\/wp-content\/uploads\/2025\/08\/Survey-5-300x168.jpg 300w, https:\/\/www.sisinternational.com\/wp-content\/uploads\/2025\/08\/Survey-5-1024x574.jpg 1024w, https:\/\/www.sisinternational.com\/wp-content\/uploads\/2025\/08\/Survey-5-768x430.jpg 768w, https:\/\/www.sisinternational.com\/wp-content\/uploads\/2025\/08\/Survey-5-18x10.jpg 18w\" sizes=\"auto, (max-width: 1456px) 100vw, 1456px\"><\/figure>\n\n\n\n<p><\/p>\n\n\n\n<h2 class=\"wp-block-heading\">Che cos&#039;\u00e8 la ricerca di mercato del sondaggio sui membri?<\/h2>\n\n\n\n<p>Quando si tratta di un club di qualsiasi dimensione, i manager devono bilanciare gli interessi di ciascun membro. Devono anche raccogliere informazioni sullo stato delle cose. Inoltre, un sondaggio sui membri cerca di raccogliere dati essenziali. Un altro aspetto positivo dei sondaggi sui membri \u00e8 che rappresentano il modo migliore per tenere conto delle preoccupazioni dei membri e di qualsiasi altra attivit\u00e0.<\/p>\n\n\n\n<p>Quando si crea un sondaggio sull&#039;effettivo, avere un obiettivo chiaro e conciso \u00e8 fondamentale. Inoltre, riduce la confusione degli intervistati. Ad esempio, un club potrebbe perdere denaro e chiedersi quale servizio non fornisca pi\u00f9 le stesse entrate di prima. Potrebbero essere molte cose: il campo da tennis, la palestra, la spa e anche il campo da golf. Quindi, \u00e8 molto aperto all&#039;interpretazione.<\/p>\n\n\n\n<p>Un&#039;analisi restringe il campo alle operazioni di palestra e fitness. Ad esempio, il club pu\u00f2 condurre un sondaggio specifico per comprendere la soddisfazione dei soci. Pu\u00f2 almeno scoprire l&#039;importanza che i membri attribuiscono a particolari aspetti della palestra. Pu\u00f2 fare lo stesso per valutare i suoi servizi di fitness.<\/p>\n\n\n\n<p>Managers can start brainstorming ideas for questions once the goal is clear. As a matter of fact, a designated committee should do this. Of course, each committee member will have different perspectives. These perspectives will create a more thorough <a href=\"https:\/\/www.sisinternational.com\/it\/how-to-design-effective-surveys-for-quantitative-research\/\" title=\"How to Design Effective Surveys for Quantitative Research\"  data-wpil-monitor-id=\"7789\">survey that should be more effective<\/a>.<\/p>\n\n\n\n<h2 class=\"wp-block-heading\">Massimizzare il tasso di risposta<\/h2>\n\n\n\n<p>\u00e8 essenziale massimizzare il tasso di risposta. Il tasso di risposta \u00e8 un ulteriore problema che tutti i manager dei club devono affrontare. Quindi, ci sono un paio di tecniche che possono utilizzare per aumentare il tasso di risposta in modo che sia pi\u00f9 accurato:<\/p>\n\n\n\n<ul class=\"wp-block-list\">\n<li>Includere una lettera di accompagnamento che informi i membri sugli obiettivi del sondaggio. Allo stesso modo, questa lettera dovrebbe indicare come il club utilizzer\u00e0 le informazioni. Inoltre, dovrebbe contenere alcune parole sull&#039;importanza del contributo del membro. Un&#039;altra caratteristica dovrebbero essere le informazioni di contatto se il membro ha domande.<\/li>\n\n\n\n<li>Includi una data di restituzione. L&#039;inserimento di una data di restituzione aumenta la probabilit\u00e0 che i membri rispondano rapidamente: le possibilit\u00e0 di ottenere una risposta tempestiva aumentano se hanno una scadenza.<\/li>\n<\/ul>\n\n\n\n<h2 class=\"wp-block-heading\">Perch\u00e9 la ricerca di mercato del sondaggio sui membri \u00e8 importante<\/h2>\n\n\n\n<p>Comprendere l&#039;atteggiamento dei soci e quello del club \u00e8 estremamente importante: dall&#039;ottenimento di alcuni dati primari sullo stato di ciascun socio alla possibilit\u00e0 di elaborare piani pi\u00f9 complessi. Questi dati importanti possono fare la differenza tra profitto e fallimento.<\/p>\n\n\n\n<h2 class=\"wp-block-heading\">Titoli di lavoro chiave<\/h2>\n\n\n\n<p>Esistono diversi lavori che sono parte integrante di un fiorente sondaggio sull&#039;effettivo<\/p>\n\n\n\n<ul class=\"wp-block-list\">\n<li>Direttore del club<\/li>\n\n\n\n<li>Analista dati<\/li>\n\n\n\n<li>Analista di ricerche di mercato<\/li>\n<\/ul>\n\n\n\n<h2 class=\"wp-block-heading\">Perch\u00e9 le aziende hanno bisogno di una ricerca di mercato sul sondaggio sull&#039;adesione<\/h2>\n\n\n\n<figure class=\"gb-block-image gb-block-image-b64e6450\"><img loading=\"lazy\" decoding=\"async\" width=\"1456\" height=\"816\" class=\"gb-image gb-image-b64e6450\" src=\"https:\/\/www.sisinternational.com\/wp-content\/uploads\/2025\/08\/Survey-7.jpg\" alt=\"Ricerca e strategia di mercato internazionale SIS\" title=\"Survey (7)\" srcset=\"https:\/\/www.sisinternational.com\/wp-content\/uploads\/2025\/08\/Survey-7.jpg 1456w, https:\/\/www.sisinternational.com\/wp-content\/uploads\/2025\/08\/Survey-7-300x168.jpg 300w, https:\/\/www.sisinternational.com\/wp-content\/uploads\/2025\/08\/Survey-7-1024x574.jpg 1024w, https:\/\/www.sisinternational.com\/wp-content\/uploads\/2025\/08\/Survey-7-768x430.jpg 768w, https:\/\/www.sisinternational.com\/wp-content\/uploads\/2025\/08\/Survey-7-18x10.jpg 18w\" sizes=\"auto, (max-width: 1456px) 100vw, 1456px\"><\/figure>\n\n\n\n<p><\/p>\n\n\n\n<p>Essendo un&#039;organizzazione a scopo di lucro, i club devono comprendere bene i propri sostenitori. Ad esempio, devono essere in grado di prendere decisioni per massimizzare la soddisfazione dei membri. Inoltre, i club attenti alle esigenze dei propri soci vedranno restituita loro la fedelt\u00e0. Inoltre, una clientela fedele attirer\u00e0 pi\u00f9 membri. Li incoraggeranno inoltre a utilizzare i servizi, aumentando ulteriormente i margini di profitto.<\/p>\n\n\n\n<h2 class=\"wp-block-heading\">Fattori chiave del successo<\/h2>\n\n\n\n<p>Questa fase presenta tre trappole comuni. Le domande possono essere ambigue, parziali o complesse. Un esempio di domanda ambigua \u00e8: \u201cQuanta carne rossa mangi normalmente?\u201d Per prima cosa, non ti dice se vogliono saperlo. Quotidiano? Settimanalmente? Bisettimanale? Risposte come \u201cmolto\u201d o \u201cpoco\u201d sono molto soggettive.<\/p>\n\n\n\n<p>Un esempio di domanda distorta \u00e8: \u201cDobbiamo prendere alcune decisioni sulla nostra area colazione. \u00c8 squallido, troppo piccolo e richiede molti miglioramenti. Allora, quale linea d&#039;azione sei favorevole? 1. Rimodellare l&#039;attuale area colazione 2. Costruire una nuova area colazione e trasformare quella vecchia in qualcos&#039;altro 3. Lasciare l&#039;area colazione cos\u00ec com&#039;\u00e8 attualmente. \u00c8 evidente che l&#039;autore del sondaggio vuole gi\u00e0 rinnovarsi e non ha molto interesse a cambiare la situazione. Pertanto, all&#039;intervistato sembra che il club abbia gi\u00e0 deciso una linea di condotta. Inoltre, l\u2019intervistato potrebbe addirittura ritenere che il suo contributo non abbia importanza.<\/p>\n\n\n\n<p>Infine, un esempio di complessit\u00e0 sarebbe: \u201cL\u2019anno scorso, l\u2019attivit\u00e0 di palestra e fitness ha perso $80.000. Ritieni che ci\u00f2 sia accettabile?\u201d Il membro che effettua il sondaggio potrebbe non avere il contesto completo della situazione. Alcuni membri potrebbero considerarlo troppo o troppo poco. Il membro non lo sa. Non sono affari loro, quindi \u00e8 meglio non confonderli.<\/p>\n\n\n\n<p>It doesn\u2019t matter how well you word the questions to avoid ambiguity, bias, and complexity. Regardless of the clarity of the survey, it\u2019s still not foolproof. Thus, it\u2019s best to use a practice <a href=\"https:\/\/www.sisinternational.com\/it\/soluzioni\/societa-di-ricerche-di-mercato-per-il-campionamento-di-sondaggi-online\/\" title=\"Societ\u00e0 di ricerche di mercato per il campionamento di sondaggi online\"  data-wpil-monitor-id=\"7785\">survey with a small sample<\/a>.<\/p>\n\n\n\n<h2 class=\"wp-block-heading\">Informazioni sulla ricerca di mercato sul sondaggio sui membri<\/h2>\n\n\n\n<p>How can one get the most practical and accurate info? It is best to use many data-gathering techniques. Making use of <a href=\"https:\/\/www.sisinternational.com\/it\/soluzioni\/soluzioni-di-ricerca-quantitativa-qualitativa\/reclutamento-per-la-ricerca-qualitativa\/\" title=\"Reclutamento per la ricerca qualitativa\"  data-wpil-monitor-id=\"7780\">Qualitative coupled with Quantitative Research<\/a> is an excellent tool for this. Those tools can help determine what works and what doesn\u2019t. Finding the best course of action is of vital importance for any business.<\/p>\n\n\n\n<p><\/p>","protected":false},"excerpt":{"rendered":"<p>Membership Survey Market Research What is Membership Survey Market Research? When dealing with a club of any size, managers must balance the interests of each member. They also need to gather information about the state of things. Additionally, a membership survey seeks to collect essential data. Another great thing about membership surveys is that they\u2019re &#8230; <a title=\"Sondaggio sugli iscritti Ricerca di mercato\" class=\"read-more\" href=\"https:\/\/www.sisinternational.com\/it\/soluzioni\/soluzioni-di-ricerca-quantitativa-qualitativa\/ricerche-di-mercato-relative-a-sondaggi-sui-membri\/\" aria-label=\"Per saperne di pi\u00f9 su Membership Survey Market Research\">Leggi tutto<\/a><\/p>","protected":false},"author":1,"featured_media":62706,"parent":14660,"menu_order":23,"comment_status":"closed","ping_status":"closed","template":"","meta":{"footnotes":""},"class_list":["post-39313","page","type-page","status-publish","has-post-thumbnail"],"_links":{"self":[{"href":"https:\/\/www.sisinternational.com\/it\/wp-json\/wp\/v2\/pages\/39313","targetHints":{"allow":["GET"]}}],"collection":[{"href":"https:\/\/www.sisinternational.com\/it\/wp-json\/wp\/v2\/pages"}],"about":[{"href":"https:\/\/www.sisinternational.com\/it\/wp-json\/wp\/v2\/types\/page"}],"author":[{"embeddable":true,"href":"https:\/\/www.sisinternational.com\/it\/wp-json\/wp\/v2\/users\/1"}],"replies":[{"embeddable":true,"href":"https:\/\/www.sisinternational.com\/it\/wp-json\/wp\/v2\/comments?post=39313"}],"version-history":[{"count":3,"href":"https:\/\/www.sisinternational.com\/it\/wp-json\/wp\/v2\/pages\/39313\/revisions"}],"predecessor-version":[{"id":81314,"href":"https:\/\/www.sisinternational.com\/it\/wp-json\/wp\/v2\/pages\/39313\/revisions\/81314"}],"up":[{"embeddable":true,"href":"https:\/\/www.sisinternational.com\/it\/wp-json\/wp\/v2\/pages\/14660"}],"wp:featuredmedia":[{"embeddable":true,"href":"https:\/\/www.sisinternational.com\/it\/wp-json\/wp\/v2\/media\/62706"}],"wp:attachment":[{"href":"https:\/\/www.sisinternational.com\/it\/wp-json\/wp\/v2\/media?parent=39313"}],"curies":[{"name":"wp","href":"https:\/\/api.w.org\/{rel}","templated":true}]}}