{"id":39257,"date":"2021-11-03T17:54:06","date_gmt":"2021-11-03T17:54:06","guid":{"rendered":"https:\/\/www.sisinternational.com\/?page_id=39257"},"modified":"2025-09-14T22:17:15","modified_gmt":"2025-09-15T02:17:15","slug":"ricerche-di-mercato-ad-haiti","status":"publish","type":"page","link":"https:\/\/www.sisinternational.com\/it\/copertura\/ricerche-di-mercato-nei-caraibi\/ricerche-di-mercato-ad-haiti\/","title":{"rendered":"Ricerche di mercato ad Haiti"},"content":{"rendered":"<h1 class=\"wp-block-heading\">Ricerche di mercato ad Haiti<\/h1>\n\n\n\n<p><\/p>\n\n\n\n<figure class=\"gb-block-image gb-block-image-24b59cfb\"><img loading=\"lazy\" decoding=\"async\" width=\"1456\" height=\"816\" class=\"gb-image gb-image-24b59cfb\" src=\"https:\/\/www.sisinternational.com\/wp-content\/uploads\/2025\/09\/Haiti-3.jpg\" alt=\"Ricerca e strategia di mercato internazionale SIS\" title=\"Haiti (3)\" srcset=\"https:\/\/www.sisinternational.com\/wp-content\/uploads\/2025\/09\/Haiti-3.jpg 1456w, https:\/\/www.sisinternational.com\/wp-content\/uploads\/2025\/09\/Haiti-3-300x168.jpg 300w, https:\/\/www.sisinternational.com\/wp-content\/uploads\/2025\/09\/Haiti-3-1024x574.jpg 1024w, https:\/\/www.sisinternational.com\/wp-content\/uploads\/2025\/09\/Haiti-3-768x430.jpg 768w, https:\/\/www.sisinternational.com\/wp-content\/uploads\/2025\/09\/Haiti-3-18x10.jpg 18w\" sizes=\"auto, (max-width: 1456px) 100vw, 1456px\"><\/figure>\n\n\n\n<p><\/p>\n\n\n\n<p>Haiti \u00e8 una nazione dei Caraibi situata su una grande isola chiamata Hispaniola. Occupa il terzo occidentale dell&#039;isola, con la Repubblica Dominicana situata sul lato orientale. \u00c8 il terzo paese pi\u00f9 grande dei Caraibi per area e conta un totale di 11,5 milioni di abitanti. Pertanto, ha superato Cuba come il paese pi\u00f9 popoloso dei Caraibi. Port-au-Prince \u00e8 la capitale. Il creolo haitiano \u00e8 come il francese ed \u00e8 il dialetto pi\u00f9 popolare del paese.<\/p>\n\n\n\n<h2 class=\"wp-block-heading\">Industrie chiave<\/h2>\n\n\n\n<p>Haiti ha un\u2019economia di libero mercato con un costo del lavoro basso. Molti haitiani dipendono dall\u2019agricoltura per vivere. Il paese vanta anche un settore di esportazione agricola. L&#039;agricoltura, la silvicoltura e la pesca rappresentano circa un quarto del PIL annuale di Haiti. Queste industrie impiegano oltre i due terzi della forza lavoro. Haiti ha anche un robusto settore minerario. I minatori scavano minerali come bauxite, rame, carbonato di calcio e oro.<\/p>\n\n\n\n<h2 class=\"wp-block-heading\">Quartieri<\/h2>\n\n\n\n<p>Ad Haiti, la criminalit\u00e0 \u00e8 comune in tutte le sue forme. Tuttavia, P\u00e9tion-Ville sembra essere l&#039;opzione pi\u00f9 sicura. P\u00e9tion-Ville \u00e8 una parte della citt\u00e0 di Port-au-Prince, situata sulle colline orientali del Massif de la Selle. Il distretto funge da residenza e luogo turistico. Negli ultimi vent&#039;anni, quasi 100.000 nuove persone si sono stabilite l\u00ec. La popolazione ora ammonta a 377.000. Inoltre, a P\u00e9tion-Ville, molti inviati, proprietari di aziende straniere e gente ricca fanno affari e vivono.<\/p>\n\n\n\n<h2 class=\"wp-block-heading\">Tendenze<\/h2>\n\n\n\n<p>Il terremoto del 2010 ha rovinato molte case ed edifici per uffici. Di conseguenza, i prezzi delle case e degli immobili sono aumentati. In questa \u201ceconomia del disastro\u201d, c\u2019\u00e8 una spinta ad accumulare immense ricchezze facendo pagare affitti elevati. Alcuni haitiani hanno la fortuna di possedere propriet\u00e0 ancora in buone condizioni. Ovviamente hanno un vantaggio.<\/p>\n\n\n\n<h2 class=\"wp-block-heading\">Vantaggi e punti di forza nel mercato<\/h2>\n\n\n\n<p>Uno dei beni pi\u00f9 apprezzati di Haiti \u00e8 la sua manodopera, spesso bilingue. Anche la popolazione del Paese \u00e8 relativamente giovane e ha un forte bisogno di lavoro. Inoltre, l&#039;approvvigionamento energetico regionale e locale \u00e8 uno dei settori emergenti di Haiti.<\/p>\n\n\n\n<p>This country has several hoops to get over. Still, there are chances for small-to-medium-sized US <a href=\"https:\/\/www.sisinternational.com\/it\/competenza\/industrie\/ricerche-di-mercato-di-societa-di-design\/\" title=\"Ricerche di mercato per societ\u00e0 di design\"  data-wpil-monitor-id=\"7836\">firms in the Haitian market<\/a>. The cosmetics, grains, poultry, devices, and transportation <a href=\"https:\/\/www.sisinternational.com\/it\/venezuela-oil-mining-industry-potential-strategic-forecast-2026-2036\/\" title=\"Venezuela Oil &amp; Mining Industry Potential: Strategic Forecast 2026-2036\"  data-wpil-monitor-id=\"7838\">industries have the export potential<\/a> for US companies.<\/p>\n\n\n\n<h2 class=\"wp-block-heading\">Base dei consumatori<\/h2>\n\n\n\n<p>A recent study on Haitian buyer preference was in part related to online shopping. The researchers <a href=\"https:\/\/www.sisinternational.com\/it\/soluzioni\/societa-di-ricerche-di-mercato-per-il-campionamento-di-sondaggi-online\/\" title=\"Societ\u00e0 di ricerche di mercato per il campionamento di sondaggi online\"  data-wpil-monitor-id=\"7840\">surveyed<\/a> to find out whether Haitians buy online. The <a href=\"https:\/\/www.sisinternational.com\/it\/sampling-techniques-in-qualitative-research-the-complete-guide-to-choosing-the-right-method\/\" title=\"Sampling Techniques in Qualitative Research: The Complete Guide to Choosing the Right Method\"  data-wpil-monitor-id=\"7846\">sample<\/a> consisted of people reached via the \u201csnowball\u201d method. The study showed that Haitians still hold a dim view of online shopping. They still seem to prefer traditional shopping. The study shows that various social metrics have an impact on online buying in Haiti. These metrics include gender, income, and education.<\/p>\n\n\n\n<h2 class=\"wp-block-heading\">Motivi per fare affari ad Haiti<\/h2>\n\n\n\n<ul class=\"wp-block-list\">\n<li>Haiti has preferential access to the <a href=\"https:\/\/www.sisinternational.com\/it\/competenza\/industrie\/ricerche-di-mercato-nei-paesi-del-mercato-di-frontiera\/\" title=\"Ricerche di mercato sui paesi del mercato di frontiera\"  data-wpil-monitor-id=\"7835\">markets of 17 developed countries<\/a>.<\/li>\n\n\n\n<li>Attraverso le leggi HOPE II e HELP, il settore dell\u2019abbigliamento ha accesso esente da dazi al mercato statunitense.<\/li>\n\n\n\n<li>Inoltre, sono disponibili un&#039;ampia copertura cellulare e connettivit\u00e0.<\/li>\n\n\n\n<li>Il paese ha una grande forza lavoro di persone disposte a lavorare. Oltre il 50% della forza lavoro ha meno di 30 anni e Haiti ha un ampio bacino di persone che parlano inglese, francese e spagnolo.<\/li>\n\n\n\n<li>Ci sono voli giornalieri dagli Stati Uniti a Port-au-Prince e Cap Haitien. Puoi anche prendere voli nazionali.<\/li>\n<\/ul>\n\n\n\n<h2 class=\"wp-block-heading\">Ricerche di mercato ad Haiti<\/h2>\n\n\n\n<p>Doing quantitative, qualitative, and strategic research is critical. Other <a href=\"https:\/\/www.sisinternational.com\/it\/soluzioni\/soluzioni-di-ricerca-quantitativa-qualitativa\/test-di-posizione-centrale-vs-focus-group\/\" title=\"Test di posizione centrale vs focus group\"  data-wpil-monitor-id=\"7834\">central needs are focus groups<\/a>, interviews, and surveys. These tools can expose the customer\u2019s true feelings. and thoughts. Also, in Haiti, the step of <a href=\"https:\/\/www.sisinternational.com\/it\/soluzioni\/consulenza-strategica\/ricerca-sulle-opportunita-di-ingresso-nel-mercato\/lefficacia-dei-test-sui-prodotti-a-new-york-per-entrare-nel-mercato-americano\/\" title=\"L&#039;efficacia dei test sui prodotti a New York per entrare nel mercato americano\"  data-wpil-monitor-id=\"7844\">entering the market<\/a> is like that of many other countries. To begin, you must first go to the country. During a visit, your <a href=\"https:\/\/www.sisinternational.com\/it\/competenza\/curriculum-di-esperienza\/curriculum-di-esperienza-nel-settore-automobilistico\/\" title=\"Societ\u00e0 di ricerche di mercato nel settore automobilistico\"  data-wpil-monitor-id=\"7842\">company can create valuable industry<\/a> ties. These relations may be helpful to aid you in succeeding in the market.<\/p>\n\n\n\n<p><\/p>","protected":false},"excerpt":{"rendered":"<p>Ricerche di mercato ad Haiti Haiti \u00e8 una nazione dei Caraibi situata su una grande isola chiamata Hispaniola. Occupa il terzo occidentale dell&#039;isola, con la Repubblica Dominicana situata sul lato orientale. \u00c8 il terzo paese pi\u00f9 grande dei Caraibi per area e conta un totale di 11,5 milioni di abitanti. Quindi, esso\u2026 <a title=\"Ricerche di mercato ad Haiti\" class=\"read-more\" href=\"https:\/\/www.sisinternational.com\/it\/copertura\/ricerche-di-mercato-nei-caraibi\/ricerche-di-mercato-ad-haiti\/\" aria-label=\"Per saperne di pi\u00f9 su Market Research In Haiti\">Leggi tutto<\/a><\/p>","protected":false},"author":1,"featured_media":66128,"parent":33287,"menu_order":0,"comment_status":"closed","ping_status":"closed","template":"","meta":{"footnotes":""},"class_list":["post-39257","page","type-page","status-publish","has-post-thumbnail"],"_links":{"self":[{"href":"https:\/\/www.sisinternational.com\/it\/wp-json\/wp\/v2\/pages\/39257","targetHints":{"allow":["GET"]}}],"collection":[{"href":"https:\/\/www.sisinternational.com\/it\/wp-json\/wp\/v2\/pages"}],"about":[{"href":"https:\/\/www.sisinternational.com\/it\/wp-json\/wp\/v2\/types\/page"}],"author":[{"embeddable":true,"href":"https:\/\/www.sisinternational.com\/it\/wp-json\/wp\/v2\/users\/1"}],"replies":[{"embeddable":true,"href":"https:\/\/www.sisinternational.com\/it\/wp-json\/wp\/v2\/comments?post=39257"}],"version-history":[{"count":5,"href":"https:\/\/www.sisinternational.com\/it\/wp-json\/wp\/v2\/pages\/39257\/revisions"}],"predecessor-version":[{"id":81323,"href":"https:\/\/www.sisinternational.com\/it\/wp-json\/wp\/v2\/pages\/39257\/revisions\/81323"}],"up":[{"embeddable":true,"href":"https:\/\/www.sisinternational.com\/it\/wp-json\/wp\/v2\/pages\/33287"}],"wp:featuredmedia":[{"embeddable":true,"href":"https:\/\/www.sisinternational.com\/it\/wp-json\/wp\/v2\/media\/66128"}],"wp:attachment":[{"href":"https:\/\/www.sisinternational.com\/it\/wp-json\/wp\/v2\/media?parent=39257"}],"curies":[{"name":"wp","href":"https:\/\/api.w.org\/{rel}","templated":true}]}}