{"id":39253,"date":"2021-11-03T17:42:58","date_gmt":"2021-11-03T17:42:58","guid":{"rendered":"https:\/\/www.sisinternational.com\/?page_id=39253"},"modified":"2026-01-25T19:05:39","modified_gmt":"2026-01-26T00:05:39","slug":"ricerche-di-mercato-ad-andorra","status":"publish","type":"page","link":"https:\/\/www.sisinternational.com\/it\/copertura\/europa\/ricerche-di-mercato-ad-andorra\/","title":{"rendered":"Ricerche di mercato in Andorra"},"content":{"rendered":"<h1 class=\"gb-headline gb-headline-cbb47c8f gb-headline-text\">Ricerche di mercato in Andorra<\/h1>\n\n\n\n<figure class=\"gb-block-image gb-block-image-282166ab\"><img loading=\"lazy\" decoding=\"async\" width=\"1456\" height=\"816\" class=\"gb-image gb-image-282166ab\" src=\"https:\/\/www.sisinternational.com\/wp-content\/uploads\/2025\/09\/Andorra-1.jpg\" alt=\"Ricerca e strategia di mercato internazionale SIS\" title=\"Andorra (1)\" srcset=\"https:\/\/www.sisinternational.com\/wp-content\/uploads\/2025\/09\/Andorra-1.jpg 1456w, https:\/\/www.sisinternational.com\/wp-content\/uploads\/2025\/09\/Andorra-1-300x168.jpg 300w, https:\/\/www.sisinternational.com\/wp-content\/uploads\/2025\/09\/Andorra-1-1024x574.jpg 1024w, https:\/\/www.sisinternational.com\/wp-content\/uploads\/2025\/09\/Andorra-1-768x430.jpg 768w, https:\/\/www.sisinternational.com\/wp-content\/uploads\/2025\/09\/Andorra-1-18x10.jpg 18w\" sizes=\"auto, (max-width: 1456px) 100vw, 1456px\"><\/figure>\n\n\n\n<p><\/p>\n\n\n\n<p>Andorra \u00e8 un piccolo paese difficile da trovare sulla mappa. Si trova tra i confini della Spagna e della Francia nei Pirenei. La nazione \u00e8 un coprencipato tra le due nazioni. Entrambi condividono un certo livello di autorit\u00e0 sul paese. Per molti anni Andorra \u00e8 stata al centro di numerose controversie su chi avrebbe avuto il controllo del piccolo territorio. Quindi, Andorra non ha mai avuto la completa indipendenza. Tuttavia, \u00e8 di grande valore per gli stati di entrambe le parti.<\/p>\n\n\n\n<p>Andorra \u00e8 uno dei paesi pi\u00f9 piccoli d&#039;Europa, con meno di 90.000 abitanti, ed \u00e8 il 16\u00b0 paese pi\u00f9 piccolo al mondo. La lingua principale del paese \u00e8 il catalano, ma gli andorrani parlano molte lingue, tra cui francese, spagnolo e portoghese.<\/p>\n\n\n\n<h2 class=\"wp-block-heading\"><strong>Cos&#039;\u00e8 la ricerca di mercato in Andorra?<\/strong><\/h2>\n\n\n\n<p><span style=\"font-weight: 400;\">Le ricerche di mercato ad Andorra aiutano le aziende con informazioni fruibili che supportano un processo decisionale informato. Comprende l\u2019identificazione dei segmenti di mercato target, la comprensione delle esigenze e delle preferenze dei consumatori e la valutazione dell\u2019efficacia delle strategie di marketing.&nbsp;<\/span><\/p>\n\n\n\n<h2 class=\"wp-block-heading\"><strong>Perch\u00e9 le aziende hanno bisogno di ricerche di mercato in Andorra?<\/strong><\/h2>\n\n\n\n<p><\/p>\n\n\n\n<p><span style=\"font-weight: 400;\">La ricerca di mercato in Andorra \u00e8 fondamentale per orientarsi nelle complessit\u00e0 dell\u2019ambiente imprenditoriale locale e prendere decisioni informate. Ci\u00f2 include l\u2019acquisizione di informazioni dettagliate sulle preferenze dei consumatori, sui comportamenti di acquisto e sui bisogni insoddisfatti. Comprendendo ci\u00f2 che guida le decisioni dei consumatori, le aziende possono adattare efficacemente i propri prodotti e servizi per soddisfare la domanda locale.<\/span><\/p>\n\n\n\n<p><span style=\"font-weight: 400;\">Inoltre, le ricerche di mercato in Andorra forniscono informazioni critiche sul panorama competitivo. Le aziende possono analizzare i punti di forza e di debolezza dei concorrenti, identificare le lacune del mercato e sviluppare strategie per differenziarsi.&nbsp;<\/span><\/p>\n\n\n\n<p><span style=\"font-weight: 400;\">Un altro aspetto cruciale \u00e8 valutare il potenziale del mercato e prevedere le tendenze future. Con dati di mercato accurati, le aziende possono prendere decisioni strategiche relative allo sviluppo del prodotto, agli investimenti di marketing e ai piani di espansione.&nbsp;<\/span><\/p>\n\n\n\n<h2 class=\"wp-block-heading\"><strong>Chi utilizza le ricerche di mercato in Andorra?<\/strong><\/h2>\n\n\n\n<p><b>Societ\u00e0 multinazionali<\/b><span style=\"font-weight: 400;\"> sono i principali utilizzatori, che sfruttano le ricerche di mercato per adattare le loro strategie globali al contesto locale. <\/span><b>Imprese locali<\/b><span style=\"font-weight: 400;\"> fanno inoltre molto affidamento sulle ricerche di mercato per rimanere competitivi. Comprendere le tendenze del mercato e le preferenze dei consumatori \u00e8 fondamentale affinch\u00e9 queste aziende mantengano la rilevanza e stimolino la crescita.&nbsp;<\/span><\/p>\n\n\n\n<p><b>Agenzie governative<\/b><span style=\"font-weight: 400;\"> E <\/span><b>organizzazioni non governative (ONG)<\/b><span style=\"font-weight: 400;\"> utilizzare anche la ricerca di mercato per orientare la formulazione delle politiche e lo sviluppo dei programmi. Acquisendo informazioni sulle condizioni economiche, sull\u2019opinione pubblica e sulle questioni sociali, queste entit\u00e0 possono progettare interventi pi\u00f9 efficaci e sostenere iniziative che promuovono lo sviluppo economico e il benessere sociale in Andorra.<\/span><\/p>\n\n\n\n<h2 class=\"wp-block-heading\"><strong>Risultati attesi dalla ricerca di mercato di SIS in Andorra<\/strong><\/h2>\n\n\n\n<p><b>Maggiore conoscenza del mercato<\/b><span style=\"font-weight: 400;\">:&nbsp;<\/span><\/p>\n\n\n\n<p><span style=\"font-weight: 400;\">Le ricerche di mercato di SIS International forniscono alle aziende una profonda conoscenza del panorama del mercato di Andorra. Questa conoscenza consente alle aziende di prendere decisioni informate, allineare le proprie strategie alle condizioni di mercato e identificare opportunit\u00e0 di crescita.<\/span><\/p>\n\n\n\n<p><b>Pianificazione strategica migliorata<\/b><span style=\"font-weight: 400;\">:&nbsp;<\/span><\/p>\n\n\n\n<p><span style=\"font-weight: 400;\">Aiutiamo le aziende a sviluppare solidi piani strategici, essenziali per raggiungere il successo a lungo termine e una crescita sostenibile in Andorra.<\/span><\/p>\n\n\n\n<p><b>Migliore gestione del rischio<\/b><span style=\"font-weight: 400;\">:&nbsp;<\/span><\/p>\n\n\n\n<p><span style=\"font-weight: 400;\">Comprendere i potenziali rischi e le sfide \u00e8 essenziale per mitigarli in modo efficace. Il SIS identifica questi fattori, consentendo alle aziende di sviluppare con sicurezza piani di emergenza e affrontare le incertezze.<\/span><\/p>\n\n\n\n<p><b>Campagne di marketing ottimizzate<\/b><span style=\"font-weight: 400;\">:&nbsp;<\/span><\/p>\n\n\n\n<p><span style=\"font-weight: 400;\">Le aziende possono creare campagne di marketing mirate con approfondimenti dettagliati sui consumatori che siano in sintonia con il loro pubblico. Ci\u00f2 porta a un maggiore coinvolgimento, a una migliore fedelt\u00e0 al marchio e a un aumento delle vendite.<\/span><\/p>\n\n\n\n<p><b>Aumento del ROI<\/b><span style=\"font-weight: 400;\">:&nbsp;<\/span><\/p>\n\n\n\n<p><a href=\"https:\/\/twitter.com\/SISIntlResearch\" target=\"_blank\" rel=\"noopener\"><span style=\"font-weight: 400;\">SIS<\/span><\/a><span style=\"font-weight: 400;\">Le ricerche di mercato di aiutano le aziende a massimizzare il ritorno sull&#039;investimento. Allocando le risorse in modo pi\u00f9 efficiente, le aziende possono ottenere risultati migliori.<\/span><\/p>\n\n\n\n<h2 class=\"wp-block-heading\">Quartieri<\/h2>\n\n\n\n<figure class=\"gb-block-image gb-block-image-cab35ac3\"><img loading=\"lazy\" decoding=\"async\" width=\"1456\" height=\"816\" class=\"gb-image gb-image-cab35ac3\" src=\"https:\/\/www.sisinternational.com\/wp-content\/uploads\/2025\/09\/Andorra-3.jpg\" alt=\"Ricerca e strategia di mercato internazionale SIS\" title=\"Andorra (3)\" srcset=\"https:\/\/www.sisinternational.com\/wp-content\/uploads\/2025\/09\/Andorra-3.jpg 1456w, https:\/\/www.sisinternational.com\/wp-content\/uploads\/2025\/09\/Andorra-3-300x168.jpg 300w, https:\/\/www.sisinternational.com\/wp-content\/uploads\/2025\/09\/Andorra-3-1024x574.jpg 1024w, https:\/\/www.sisinternational.com\/wp-content\/uploads\/2025\/09\/Andorra-3-768x430.jpg 768w, https:\/\/www.sisinternational.com\/wp-content\/uploads\/2025\/09\/Andorra-3-18x10.jpg 18w\" sizes=\"auto, (max-width: 1456px) 100vw, 1456px\"><\/figure>\n\n\n\n<p><\/p>\n\n\n\n<p>La Vella \u00e8 la capitale del paese e la citt\u00e0 pi\u00f9 popolosa. Gran parte della citt\u00e0 si trova lungo la linea spagnola, che poi si dirama verso quella catalana, francese e portoghese. La citt\u00e0 \u00e8 ben al di sopra del livello del mare, il che la rende capace di nevicare. La Vella \u00e8 anche un paradiso fiscale e ha attirato molte imprese in tutto il mondo.<\/p>\n\n\n\n<p>Encamp \u00e8 un&#039;altra citt\u00e0 situata nella parrocchia di Encamp. Questa citt\u00e0 urbana ha una grande popolazione. Si trova ben al di sopra del livello del mare ed \u00e8 circondato dalle montagne. La citt\u00e0 ha una centrale idroelettrica. Dispone anche di un trasmettitore radio, utilizzato per trasmettere Radio Andorra, una stazione popolare durante la Seconda Guerra Mondiale.<\/p>\n\n\n\n<h2 class=\"wp-block-heading\"><strong>Industrie chiave in Andorra<\/strong><\/h2>\n\n\n\n<p><span style=\"font-weight: 400;\">Andorra ospita una variet\u00e0 di industrie chiave che guidano la sua economia e offrono notevoli opportunit\u00e0 per le ricerche di mercato. <\/span><b>Turismo<\/b><span style=\"font-weight: 400;\"> \u00e8 una pietra angolare dell&#039;economia di Andorra, con aziende come Grandvalira e Vallnord in testa. Comprendere le preferenze dei turisti e le dinamiche del mercato in questo settore \u00e8 fondamentale per le aziende che desiderano entrare o espandersi in Andorra.<\/span><\/p>\n\n\n\n<p><span style=\"font-weight: 400;\">IL <\/span><b>Settore vendite<\/b><span style=\"font-weight: 400;\"> \u00e8 significativo, soprattutto negli acquisti duty-free. Aziende come Pyrenees Andorra e Illa Carlemany sono attori chiave in questo settore.&nbsp;<\/span><\/p>\n\n\n\n<p><span style=\"font-weight: 400;\">IL <\/span><b>settore dei servizi finanziari<\/b><span style=\"font-weight: 400;\"> \u00e8 solido, con banche come Andbank e MoraBanc che svolgono un ruolo fondamentale. Le ricerche di mercato aiutano queste istituzioni a comprendere le preferenze dei consumatori, a sviluppare nuovi prodotti finanziari e a migliorare la loro offerta di servizi.<\/span><\/p>\n\n\n\n<p><span style=\"font-weight: 400;\">IL <\/span><b>industria di costruzioni<\/b><span style=\"font-weight: 400;\"> \u00e8 in crescita e trainato da progetti di sviluppo infrastrutturale. Aziende come Progec e Cevalls sono attori importanti. Le ricerche di mercato aiutano queste aziende a comprendere le esigenze del mercato e a pianificare in modo efficace.<\/span><\/p>\n\n\n\n<h2 class=\"wp-block-heading\"><strong>Principali attrazioni turistiche di Andorra<\/strong><\/h2>\n\n\n\n<p><\/p>\n\n\n\n<p><span style=\"font-weight: 400;\">Andorra vanta numerose attrazioni turistiche che attraggono visitatori da tutto il mondo. Comprendere queste attrazioni \u00e8 fondamentale per&nbsp;<span style=\"box-sizing: border-box; margin: 0px; padding: 0px;\"><a href=\"https:\/\/www.sisinternational.com\/it\/ricerche-di-mercato-sul-turismo-turistico\/\" target=\"_blank\" rel=\"noopener\">turismo<\/a> imprese<\/span>&nbsp;per personalizzare i propri servizi e le strategie di marketing.<\/span><\/p>\n\n\n\n<ul class=\"wp-block-list\">\n<li><b>Stazione sciistica di Grandvalira<\/b><span style=\"font-weight: 400;\">: Una delle pi\u00f9 grandi stazioni sciistiche dei Pirenei, Grandvalira offre ampie opportunit\u00e0 di sci e snowboard, attirando appassionati di sport invernali da tutto il mondo.<\/span><\/li>\n\n\n\n<li><b>Stazione sciistica di Vallnord<\/b><span style=\"font-weight: 400;\">: Vallnord offre una variet\u00e0 di attivit\u00e0 invernali, tra cui sci, snowboard e racchette da neve, adatte sia alle famiglie che agli amanti dell&#039;avventura.<\/span><\/li>\n\n\n\n<li><b>Terme di Caldea<\/b><span style=\"font-weight: 400;\">:Caldea offre un&#039;esperienza termale unica con piscine interne ed esterne, saune e trattamenti benessere, che lo rendono un luogo di relax molto apprezzato.<\/span><\/li>\n\n\n\n<li><b>Andorra la Vella<\/b><span style=\"font-weight: 400;\">: La capitale \u00e8 famosa per i suoi negozi, ristoranti e attrazioni culturali, tra cui la storica Casa de la Vall e la modernista Esgl\u00e9sia de Sant Esteve.<\/span><\/li>\n\n\n\n<li><b>Valle Madriu-Perafita-Claror<\/b><span style=\"font-weight: 400;\">: Patrimonio dell&#039;umanit\u00e0 dell&#039;UNESCO, questa valle glaciale offre paesaggi mozzafiato, sentieri escursionistici e approfondimenti sulle tradizioni pastorali di Andorra.<\/span><\/li>\n\n\n\n<li><b>Chiesa di Sant Joan de Caselles<\/b><span style=\"font-weight: 400;\">: Questa chiesa romanica a Canillo \u00e8 rinomata per i suoi splendidi affreschi e l&#039;architettura storica, attirando appassionati di storia e appassionati d&#039;arte.<\/span><\/li>\n\n\n\n<li><b>Naturlandia<\/b><span style=\"font-weight: 400;\">: Un parco avventura situato nella foresta di La Rabassa, Naturlandia offre una vasta gamma di attivit\u00e0 all&#039;aperto, tra cui le montagne russe alpine pi\u00f9 lunghe del mondo, sentieri escursionistici e osservazione della fauna selvatica.<\/span><\/li>\n<\/ul>\n\n\n\n<h2 class=\"wp-block-heading\">Tendenze<\/h2>\n\n\n\n<p>Andorra ha un mercato libero e ben sviluppato. Il suo reddito pro capite \u00e8 gi\u00e0 superiore alla media europea. Il paese dispone anche di un\u2019enorme rete in fibra ottica. Oltre a ci\u00f2, il settore del commercio al dettaglio \u00e8 popolare tra i visitatori provenienti da Spagna e Francia. Questa popolarit\u00e0 attira anche lavoratori dal Portogallo, che si aggiungono alla popolazione.<\/p>\n\n\n\n<h2 class=\"wp-block-heading\"><strong>Driver di mercato<\/strong><\/h2>\n\n\n\n<p><span style=\"font-weight: 400;\">Diversi fattori chiave spingono la crescita delle ricerche di mercato in Andorra. Comprendere questi fattori \u00e8 essenziale affinch\u00e9 le aziende possano sfruttare le opportunit\u00e0 attuali.<\/span><\/p>\n\n\n\n<ul class=\"wp-block-list\">\n<li><b>Stabilit\u00e0 economica<\/b><span style=\"font-weight: 400;\">: L&#039;economia stabile di Andorra offre un ambiente favorevole per le operazioni commerciali e gli investimenti.\u00a0<\/span><\/li>\n\n\n\n<li><b>Progressi tecnologici<\/b><span style=\"font-weight: 400;\">: La crescente adozione delle tecnologie digitali migliora l\u2019efficienza e l\u2019efficacia delle ricerche di mercato.\u00a0<\/span><\/li>\n\n\n\n<li><b>Crescita del turismo<\/b><span style=\"font-weight: 400;\">: L\u2019industria del turismo in espansione spinge la domanda di ricerche di mercato per comprendere le preferenze dei visitatori e migliorare le esperienze turistiche.\u00a0<\/span><\/li>\n<\/ul>\n\n\n\n<h2 class=\"wp-block-heading\"><strong>Restrizioni del mercato<\/strong><\/h2>\n\n\n\n<p><span style=\"font-weight: 400;\">Nonostante le numerose opportunit\u00e0, ad Andorra le imprese devono affrontare anche delle sfide. Identificare questi vincoli attraverso ricerche di mercato \u00e8 fondamentale per sviluppare strategie efficaci.<\/span><\/p>\n\n\n\n<ul class=\"wp-block-list\">\n<li><b>Piccole dimensioni del mercato<\/b><span style=\"font-weight: 400;\">: La popolazione relativamente piccola di Andorra limita le dimensioni del mercato, il che pu\u00f2 limitare il potenziale di crescita di alcune imprese.\u00a0<\/span><\/li>\n\n\n\n<li><b>Turismo stagionale<\/b><span style=\"font-weight: 400;\">: L&#039;industria del turismo in Andorra \u00e8 altamente stagionale e raggiunge il suo picco durante la stagione degli sport invernali.\u00a0<\/span><\/li>\n\n\n\n<li><b>Dipendenza economica dal turismo<\/b><span style=\"font-weight: 400;\">: L&#039;economia di Andorra dipende fortemente dal turismo, il che la rende vulnerabile alle fluttuazioni degli arrivi turistici.\u00a0<\/span><\/li>\n\n\n\n<li><b>Pressione competitiva<\/b><span style=\"font-weight: 400;\">: gli operatori affermati dominano i settori chiave, rendendo difficile per i nuovi entranti conquistare quote di mercato.\u00a0<\/span><\/li>\n<\/ul>\n\n\n\n<h2 class=\"wp-block-heading\">Base dei consumatori<\/h2>\n\n\n\n<p>Andorra punta sul settore del turismo. Milioni di turisti visitano ogni anno, dando alla maggior parte degli imprenditori andorrani un buon motivo per fondare la propria azienda in quest&#039;area. I turisti spendono soldi in alberghi e resort estivi e invernali. Alla gente piace anche sciare in montagna e le stazioni sciistiche in questo periodo sono le pi\u00f9 apprezzate.<\/p>\n\n\n\n<h2 class=\"wp-block-heading\"><strong>Ricerche di mercato in Andorra: analisi SWOT&nbsp;<\/strong><\/h2>\n\n\n\n<figure class=\"gb-block-image gb-block-image-fd1a8467\"><img loading=\"lazy\" decoding=\"async\" width=\"1456\" height=\"816\" class=\"gb-image gb-image-fd1a8467\" src=\"https:\/\/www.sisinternational.com\/wp-content\/uploads\/2025\/09\/Andorra-2.jpg\" alt=\"Ricerca e strategia di mercato internazionale SIS\" title=\"Andorra (2)\" srcset=\"https:\/\/www.sisinternational.com\/wp-content\/uploads\/2025\/09\/Andorra-2.jpg 1456w, https:\/\/www.sisinternational.com\/wp-content\/uploads\/2025\/09\/Andorra-2-300x168.jpg 300w, https:\/\/www.sisinternational.com\/wp-content\/uploads\/2025\/09\/Andorra-2-1024x574.jpg 1024w, https:\/\/www.sisinternational.com\/wp-content\/uploads\/2025\/09\/Andorra-2-768x430.jpg 768w, https:\/\/www.sisinternational.com\/wp-content\/uploads\/2025\/09\/Andorra-2-18x10.jpg 18w\" sizes=\"auto, (max-width: 1456px) 100vw, 1456px\"><\/figure>\n\n\n\n<p><\/p>\n\n\n\n<h3 class=\"wp-block-heading\"><b>Punti di forza<\/b><span style=\"font-weight: 400;\">:&nbsp;<\/span><\/h3>\n\n\n\n<p><span style=\"font-weight: 400;\">Andorra ha un\u2019economia stabile, un elevato standard di vita e una posizione strategica tra Francia e Spagna. I suoi vantaggi fiscali e gli acquisti duty-free attirano sia i turisti che le imprese. La solida industria turistica del paese fornisce un flusso di entrate costante, soprattutto negli sport invernali.<\/span><\/p>\n\n\n\n<h3 class=\"wp-block-heading\"><b>Punti deboli<\/b><span style=\"font-weight: 400;\">:&nbsp;<\/span><\/h3>\n\n\n\n<p><span style=\"font-weight: 400;\">Despite these strengths, Andorra faces challenges such as a small domestic <a href=\"https:\/\/www.sisinternational.com\/it\/competenza\/industrie\/ricerca-di-mercato-sui-macchinari-pesanti\/\" title=\"Ricerche di mercato sui macchinari pesanti\" data-wpil-monitor-id=\"5398\">market and heavy<\/a> reliance on tourism. The seasonal nature of tourism can lead to fluctuations in economic stability. Additionally, limited natural resources and a small labor market can constrain business operations and growth.<\/span><\/p>\n\n\n\n<h3 class=\"wp-block-heading\"><b>Opportunit\u00e0<\/b><span style=\"font-weight: 400;\">:&nbsp;<\/span><\/h3>\n\n\n\n<p><span style=\"font-weight: 400;\">Ci sono numerose opportunit\u00e0 per le imprese in Andorra. La crescente enfasi sulla trasformazione digitale e sullo sviluppo sostenibile apre le porte alla tecnologia e alle imprese verdi. Diversificare il turismo oltre gli sport invernali per includere il benessere, l\u2019avventura e il turismo culturale presenta ulteriori opportunit\u00e0.&nbsp;<\/span><\/p>\n\n\n\n<h3 class=\"wp-block-heading\"><b>Minacce<\/b><span style=\"font-weight: 400;\">:&nbsp;<\/span><\/h3>\n\n\n\n<p><span style=\"font-weight: 400;\">Le potenziali minacce includono l\u2019instabilit\u00e0 economica dovuta a fattori esterni, come le recessioni economiche globali o i cambiamenti nel comportamento dei turisti. Il panorama competitivo, con operatori consolidati che dominano i settori chiave, pone sfide ai nuovi entranti. Inoltre, le modifiche normative e i requisiti di conformit\u00e0 possono avere un impatto sulle operazioni aziendali.<\/span><\/p>\n\n\n\n<h2 class=\"wp-block-heading\"><strong>In che modo le ricerche di mercato di SIS International ad Andorra aiutano le aziende<\/strong><\/h2>\n\n\n\n<p><span style=\"font-weight: 400;\">Fornendo approfondimenti completi sulle condizioni di mercato, sui comportamenti dei consumatori e sulle dinamiche competitive, SIS International consente alle aziende di prendere decisioni informate che guidano la crescita e l&#039;innovazione.<\/span><\/p>\n\n\n\n<p><b>Ridurre il rischio<\/b><span style=\"font-weight: 400;\">:&nbsp;<\/span><\/p>\n\n\n\n<p><span style=\"font-weight: 400;\">Le nostre ricerche di mercato aiutano le aziende a identificare potenziali rischi e sviluppare strategie di mitigazione. Questo approccio proattivo riduce l\u2019incertezza e migliora i processi decisionali.<\/span><\/p>\n\n\n\n<p><b>Aumentare le entrate<\/b><span style=\"font-weight: 400;\">:&nbsp;<\/span><\/p>\n\n\n\n<p><span style=\"font-weight: 400;\">Comprendendo le preferenze dei consumatori e le tendenze del mercato, le aziende possono personalizzare le proprie offerte per soddisfare la domanda, aumentando le vendite e i ricavi.<\/span><\/p>\n\n\n\n<p><b>Risparmiare soldi<\/b><span style=\"font-weight: 400;\">:&nbsp;<\/span><\/p>\n\n\n\n<p><span style=\"font-weight: 400;\">SIS consente alle aziende di allocare le risorse in modo pi\u00f9 efficiente, ridurre al minimo gli sprechi e ottimizzare gli investimenti. Ci\u00f2 comporta risparmi sui costi e una migliore efficienza operativa.<\/span><\/p>\n\n\n\n<p><b>Accelerare la crescita e l\u2019innovazione<\/b><span style=\"font-weight: 400;\">:&nbsp;<\/span><\/p>\n\n\n\n<p><a href=\"https:\/\/www.linkedin.com\/company\/sisinternationalresearch\/\" target=\"_blank\" rel=\"noopener\"><span style=\"font-weight: 400;\">SIS Internazionale<\/span><\/a><span style=\"font-weight: 400;\"> fornisce approfondimenti che guidano lo sviluppo e l&#039;innovazione dei prodotti, aiutando le aziende a rimanere competitive e raggiungere una crescita sostenibile.<\/span><\/p>\n\n\n\n<p><b>Aumentare il ROI<\/b><span style=\"font-weight: 400;\">:&nbsp;<\/span><\/p>\n\n\n\n<p><span style=\"font-weight: 400;\">Il nostro team massimizza il ritorno sull\u2019investimento identificando i segmenti di mercato e le opportunit\u00e0 pi\u00f9 promettenti. Le aziende possono concentrare i propri sforzi su aree ad alto potenziale e ottenere risultati migliori.<\/span><\/p>\n\n\n\n<h2 class=\"wp-block-heading\">Motivi per avviare un&#039;impresa in Andorra<\/h2>\n\n\n\n<p>The tiny state has unlimited reasons to open a business there, from low taxes to living options. It has a greater GDP per capita than the US, Japan, Spain, and Germany, and a stable political economy with no record of economic pitfalls.<\/p>\n\n\n\n<p>Andorra ha anche un settore bancario ben regolamentato. Il paese non ha banche internazionali. Cinque gruppi bancari controllano invece il settore, offrendo suite complete di servizi. Come le loro controparti svizzere, le banche andorrane attribuiscono grande importanza alla riservatezza.<\/p>\n\n\n\n<h2 class=\"wp-block-heading\">La nostra sede a New York<\/h2>\n\n\n\n<p>  <iframe loading=\"lazy\" src=\"https:\/\/www.google.com\/maps\/embed?pb=!1m18!1m12!1m3!1d3022.976188376966!2d-73.99130312499956!3d40.740549471389315!2m3!1f0!2f0!3f0!3m2!1i1024!2i768!4f13.1!3m3!1m2!1s0x89c259a15798c731%3A0xd695d09bdd495f25!2s11%20E%2022nd%20St%20FL%202%2C%20New%20York%2C%20NY%2010010%2C%20USA!5e0!3m2!1sen!2spe!4v1726171763526!5m2!1sen!2spe\" width=\"600\" height=\"450\" allowfullscreen=\"allowfullscreen\" data-mce-fragment=\"1\"><\/iframe>  <\/p>\n\n\n\n<h3 class=\"wp-block-heading\">11 E 22nd Street, piano 2, New York, NY 10010 T: +1(212) 505-6805<\/h3>\n\n\n\n<hr class=\"wp-block-separator has-alpha-channel-opacity\"\/>\n\n\n\n<h2 class=\"wp-block-heading\"><strong>A proposito di SIS Internazionale<\/strong><\/h2>\n\n\n\n<p><a href=\"https:\/\/www.sisinternational.com\/it\/\"><span style=\"font-weight: 400;\">SIS Internazionale<\/span><\/a><span style=\"font-weight: 400;\"> offre ricerca quantitativa, qualitativa e strategica. Forniamo dati, strumenti, strategie, report e approfondimenti per il processo decisionale. Conduciamo anche interviste, sondaggi, focus group e altri metodi e approcci di ricerca di mercato.<\/span><a href=\"https:\/\/www.sisinternational.com\/it\/sulla-sua-ricerca-internazionale\/contact-sis-international-market-research\/\"><span style=\"font-weight: 400;\"> Contattaci<\/span><\/a><span style=\"font-weight: 400;\"> per il tuo prossimo progetto di ricerca di mercato.<\/span><\/p>\n\n\n\n<p><\/p>","protected":false},"excerpt":{"rendered":"<p>Market Research in Andorra Andorra is a tiny country that is hard to find on the map. It lies between the borders of Spain and France in the Pyrenees Mountains. The nation is a co-principality between the two nations. They both share a certain level of authority over the country. For many years, Andorra has &#8230; <a title=\"Ricerche di mercato in Andorra\" class=\"read-more\" href=\"https:\/\/www.sisinternational.com\/it\/copertura\/europa\/ricerche-di-mercato-ad-andorra\/\" aria-label=\"Per saperne di pi\u00f9 su Market Research in Andorra\">Leggi tutto<\/a><\/p>","protected":false},"author":1,"featured_media":66143,"parent":14510,"menu_order":50,"comment_status":"closed","ping_status":"closed","template":"","meta":{"footnotes":""},"class_list":["post-39253","page","type-page","status-publish","has-post-thumbnail"],"_links":{"self":[{"href":"https:\/\/www.sisinternational.com\/it\/wp-json\/wp\/v2\/pages\/39253","targetHints":{"allow":["GET"]}}],"collection":[{"href":"https:\/\/www.sisinternational.com\/it\/wp-json\/wp\/v2\/pages"}],"about":[{"href":"https:\/\/www.sisinternational.com\/it\/wp-json\/wp\/v2\/types\/page"}],"author":[{"embeddable":true,"href":"https:\/\/www.sisinternational.com\/it\/wp-json\/wp\/v2\/users\/1"}],"replies":[{"embeddable":true,"href":"https:\/\/www.sisinternational.com\/it\/wp-json\/wp\/v2\/comments?post=39253"}],"version-history":[{"count":8,"href":"https:\/\/www.sisinternational.com\/it\/wp-json\/wp\/v2\/pages\/39253\/revisions"}],"predecessor-version":[{"id":79181,"href":"https:\/\/www.sisinternational.com\/it\/wp-json\/wp\/v2\/pages\/39253\/revisions\/79181"}],"up":[{"embeddable":true,"href":"https:\/\/www.sisinternational.com\/it\/wp-json\/wp\/v2\/pages\/14510"}],"wp:featuredmedia":[{"embeddable":true,"href":"https:\/\/www.sisinternational.com\/it\/wp-json\/wp\/v2\/media\/66143"}],"wp:attachment":[{"href":"https:\/\/www.sisinternational.com\/it\/wp-json\/wp\/v2\/media?parent=39253"}],"curies":[{"name":"wp","href":"https:\/\/api.w.org\/{rel}","templated":true}]}}