{"id":39120,"date":"2021-10-21T04:03:03","date_gmt":"2021-10-21T04:03:03","guid":{"rendered":"https:\/\/www.sisinternational.com\/?page_id=39120"},"modified":"2025-09-14T22:34:39","modified_gmt":"2025-09-15T02:34:39","slug":"ricerche-di-mercato-psicografiche","status":"publish","type":"page","link":"https:\/\/www.sisinternational.com\/it\/soluzioni\/soluzioni-di-ricerca-quantitativa-qualitativa\/ricerche-di-mercato-psicografiche\/","title":{"rendered":"Ricerche di mercato sulla psicografia"},"content":{"rendered":"<h1 class=\"wp-block-heading\">Ricerche di mercato sulla psicografia<\/h1>\n\n\n\n<figure class=\"gb-block-image gb-block-image-b944f77d\"><img loading=\"lazy\" decoding=\"async\" width=\"1456\" height=\"816\" class=\"gb-image gb-image-b944f77d\" src=\"https:\/\/www.sisinternational.com\/wp-content\/uploads\/2025\/08\/Non-profit-8-1.jpg\" alt=\"Ricerca e strategia di mercato internazionale SIS\" title=\"Non profit (8)\" srcset=\"https:\/\/www.sisinternational.com\/wp-content\/uploads\/2025\/08\/Non-profit-8-1.jpg 1456w, https:\/\/www.sisinternational.com\/wp-content\/uploads\/2025\/08\/Non-profit-8-1-300x168.jpg 300w, https:\/\/www.sisinternational.com\/wp-content\/uploads\/2025\/08\/Non-profit-8-1-1024x574.jpg 1024w, https:\/\/www.sisinternational.com\/wp-content\/uploads\/2025\/08\/Non-profit-8-1-768x430.jpg 768w, https:\/\/www.sisinternational.com\/wp-content\/uploads\/2025\/08\/Non-profit-8-1-18x10.jpg 18w\" sizes=\"auto, (max-width: 1456px) 100vw, 1456px\"><\/figure>\n\n\n\n<hr class=\"wp-block-separator has-alpha-channel-opacity is-style-dots\"\/>\n\n\n\n<h2 class=\"wp-block-heading\">A proposito di psicografia<\/h2>\n\n\n\n<p>La psicografia \u00e8 uno dei quattro tipi di segmentazione. \u00c8 anche lo studio dei consumatori in base ai loro attributi mentali. La psicografia spiega \u201cperch\u00e9\u201d i consumatori acquistano il tuo prodotto. Pone domande basate su interessi, valori, stile di vita, reddito e convinzioni.<\/p>\n\n\n\n<p><strong>Questo tipo di ricerca di mercato ha cinque variabili:<\/strong><\/p>\n\n\n\n<ol class=\"wp-block-list\">\n<li>Personalit\u00e0<\/li>\n\n\n\n<li>Stile di vita<\/li>\n\n\n\n<li>Stato sociale<\/li>\n\n\n\n<li>AIO (Attivit\u00e0, Interessi, Opinioni)<\/li>\n\n\n\n<li>Atteggiamento<\/li>\n<\/ol>\n\n\n\n<p>I dati demografici riguardano \u201cchi\u201d \u00e8 il cliente. Si tratta di trovare dati su et\u00e0, sesso, etnia, carriera e istruzione.<\/p>\n\n\n\n<p>Demographics and Psychographics work together to create a perfect consumer profile. The business can now use this profile to format new product ideas. Those ideas are in line with what the consumer desires.<\/p>\n\n\n\n<h2 class=\"wp-block-heading\">Perch\u00e9 \u00e8 importante?<\/h2>\n\n\n\n<p>The success of a business lies in its ability to provide the best services to customers. You can only offer the <a href=\"https:\/\/www.linkedin.com\/company\/sisinternationalresearch\" target=\"_blank\" rel=\"noopener\">best services<\/a> if you know the customers you are marketing to. It also helps narrow the customer outlook. Doing so makes it easier to target those who are likely to buy your products and services.<\/p>\n\n\n\n<p>Semplifica la gestione delle risorse. Quando comprendi le esigenze dei consumatori, risparmi risorse. \u00c8 quindi possibile sviluppare prodotti pi\u00f9 accurati. Risparmia anche denaro dalle campagne del marchio se hai un pubblico mirato.<\/p>\n\n\n\n<p>La psicografia si applica a molte aziende. \u00c8 utile anche per i clienti. Imparando i loro interessi e antipatie, puoi rifiutare e lanciare prodotti e creare interesse per l&#039;azienda. Nessuno cercherebbe un prodotto che non sia rivolto a lui.<\/p>\n\n\n\n<p>Psychographic segmentation is qualitative. Yet, because each customer has a broad range of AIOs, the information is better understood. When the company understands its buyers, it can improve its products. Seth Godin once said, \u201cDon\u2019t find customers for your products; find products for your customers.\u201d By increasing the value of your products, you keep customers coming back.<\/p>\n\n\n\n<h2 class=\"wp-block-heading\">Titoli di lavoro chiave<\/h2>\n\n\n\n<h4 class=\"wp-block-heading\">Direttore del marketing<\/h4>\n\n\n\n<p>The Marketing Director is responsible for developing brands and customer personas. They also test different channels to optimize the customer experience and gather extensive demographic and psychographic data to do so.<\/p>\n\n\n\n<h4 class=\"wp-block-heading\">Responsabile del segmento clienti<\/h4>\n\n\n\n<p>This person organizes all customer research groups. They must develop products that match customer profiles and transfer information for promoting goods to the marketing teams.<\/p>\n\n\n\n<h2 class=\"wp-block-heading\">Fattori chiave del successo<\/h2>\n\n\n\n<p>I social media sono un fattore critico nella psicografia. Il modo migliore per sapere \u201cperch\u00e9\u201d \u00e8 chiedere \u201cperch\u00e9\u201d. Puoi invitare i clienti a fornire le ragioni per cui acquistano i tuoi prodotti sotto forma di sondaggi online. \u00c8 un ottimo modo per migliorare i tuoi servizi.<\/p>\n\n\n\n<p>Anche un buon marketing \u00e8 un fattore vitale di successo. L\u2019azienda deve avere un modo per mettere insieme tutti i dati psicografici. Ci\u00f2 gli consentir\u00e0 di soddisfare le esigenze dei suoi clienti. Puoi fare tutto questo attraverso la pubblicit\u00e0 specializzata. Le vendite determinano anche il successo di questo tipo di ricerca.<\/p>\n\n\n\n<h2 class=\"wp-block-heading\">Perch\u00e9 le aziende hanno bisogno della psicografia<\/h2>\n\n\n\n<p><\/p>\n\n\n\n<figure class=\"gb-block-image gb-block-image-e1789400\"><img loading=\"lazy\" decoding=\"async\" width=\"1456\" height=\"816\" class=\"gb-image gb-image-e1789400\" src=\"https:\/\/www.sisinternational.com\/wp-content\/uploads\/2025\/08\/Business-17.jpg\" alt=\"Ricerca e strategia di mercato internazionale SIS\" title=\"Business (17)\" srcset=\"https:\/\/www.sisinternational.com\/wp-content\/uploads\/2025\/08\/Business-17.jpg 1456w, https:\/\/www.sisinternational.com\/wp-content\/uploads\/2025\/08\/Business-17-300x168.jpg 300w, https:\/\/www.sisinternational.com\/wp-content\/uploads\/2025\/08\/Business-17-1024x574.jpg 1024w, https:\/\/www.sisinternational.com\/wp-content\/uploads\/2025\/08\/Business-17-768x430.jpg 768w, https:\/\/www.sisinternational.com\/wp-content\/uploads\/2025\/08\/Business-17-18x10.jpg 18w\" sizes=\"auto, (max-width: 1456px) 100vw, 1456px\"><\/figure>\n\n\n\n<p><\/p>\n\n\n\n<p>Usare la psicografia \u00e8 un modo creativo per comprendere meglio i tuoi consumatori. I clienti sono la radice del tuo business. Senza di loro, il fallimento \u00e8 destinato ad accadere. Conoscere il tuo cliente va ben oltre i dati demografici. Devi anche capire come funziona la loro mente. Devi sapere perch\u00e9 fanno le scelte che fanno. Con questo, puoi far s\u00ec che la tua attivit\u00e0 e i tuoi prodotti funzionino per loro.<\/p>\n\n\n\n<p>Aiuta a rivolgersi a consumatori specifici: coloro che probabilmente comprerebbero da te. Un esempio di ci\u00f2 \u00e8 un&#039;attivit\u00e0 di produzione di candele. Un sondaggio demografico mostra \u201cchi\u201d sono i tuoi clienti. La maggior parte dei tuoi acquirenti sono donne di et\u00e0 compresa tra 17 e 26 anni. Queste informazioni sono rilevanti ma non sufficienti.<\/p>\n\n\n\n<p>Dovresti sapere perch\u00e9 acquistano da te, a causa del prezzo, del prodotto o dell&#039;occasione. Utilizzeranno queste candele per decorazioni, regali o per se stessi? Queste sono tutte domande a cui risponde la psicografia. Ora hai una visione e un&#039;immagine olistica del tuo cliente e della sua opinione. Pertanto, puoi indirizzare meglio i tuoi prodotti a un gruppo specifico. Puoi persino creare nuovi prodotti che, a loro volta, genereranno pi\u00f9 vendite.<\/p>\n\n\n\n<p>Abbiamo visto come questo strumento sia fondamentale per aiutarti a scoprire perch\u00e9 i clienti acquistano i tuoi prodotti. Aiuta anche la tua azienda a creare una forte identit\u00e0 utente. Una persona del genere aiuta a inviare il messaggio giusto a persone selezionate. L\u2019azienda ora assumerebbe il ruolo di acquirente. Ora possono chiedere cosa vorrebbero dall&#039;azienda e dai suoi prodotti.<\/p>\n\n\n\n<p>Soddisfare le esigenze dei clienti in termini di prodotti rafforza anche la fedelt\u00e0 alla marca. D\u00e0 ai consumatori la sensazione di conoscerli. Li fa anche sentire speciali. Soddisfacendo le loro esigenze nei prodotti, evochi anche la loro fedelt\u00e0 solo al tuo marchio.<\/p>\n\n\n\n<h2 class=\"wp-block-heading\">Informazioni sulle ricerche di mercato psicografiche<\/h2>\n\n\n\n<p>Psychographics is a unique form of <a class=\"wpil_keyword_link\" href=\"https:\/\/www.sisinternational.com\/it\/soluzioni\/ricerche-di-mercato-sui-consumatori\/\" title=\"Consumer Market Research Services for Smarter Business Decisions\" data-wpil-keyword-link=\"linked\" data-wpil-monitor-id=\"418\">ricerche di mercato sui consumatori<\/a>. Companies gather data through Focus Groups, Interviews, and Surveys. The data collected is a form of Qualitative Research, whereas demographics are Quantitative. Strategy Research is also important in making advertising plans. Thus, psychographics is excellent for consumer research.<\/p>\n\n\n\n<h2 class=\"wp-block-heading\">La nostra sede a New York<\/h2>\n\n\n\n<p>\n\n\n\n<iframe loading=\"lazy\" src=\"https:\/\/www.google.com\/maps\/embed?pb=!1m18!1m12!1m3!1d3022.976188376966!2d-73.99130312499956!3d40.740549471389315!2m3!1f0!2f0!3f0!3m2!1i1024!2i768!4f13.1!3m3!1m2!1s0x89c259a15798c731%3A0xd695d09bdd495f25!2s11%20E%2022nd%20St%20FL%202%2C%20New%20York%2C%20NY%2010010%2C%20USA!5e0!3m2!1sen!2spe!4v1726171763526!5m2!1sen!2spe\" width=\"600\" height=\"450\" allowfullscreen=\"allowfullscreen\" data-mce-fragment=\"1\"><\/iframe>\n\n\n\n<\/p>\n\n\n\n<h3 class=\"wp-block-heading\">11 E 22nd Street, piano 2, New York, NY 10010 T: +1(212) 505-6805<\/h3>\n\n\n\n<hr class=\"wp-block-separator has-alpha-channel-opacity\"\/>\n\n\n\n<h2 class=\"wp-block-heading\"><span style=\"font-weight: 400;\">A proposito di SIS Internazionale<\/span><\/h2>\n\n\n\n<p><a href=\"https:\/\/www.sisinternational.com\/it\/\"><span style=\"font-weight: 400;\">SIS Internazionale<\/span><\/a><span style=\"font-weight: 400;\"> offre ricerca quantitativa, qualitativa e strategica. Forniamo dati, strumenti, strategie, report e approfondimenti per il processo decisionale. Conduciamo anche interviste, sondaggi, focus group e altri metodi e approcci di ricerca di mercato.<\/span><a href=\"https:\/\/www.sisinternational.com\/it\/sulla-sua-ricerca-internazionale\/contact-sis-international-market-research\/\"><span style=\"font-weight: 400;\"> Contattaci<\/span><\/a><span style=\"font-weight: 400;\"> per il tuo prossimo progetto di ricerca di mercato.<\/span><\/p>\n\n\n\n<p><\/p>","protected":false},"excerpt":{"rendered":"<p>Fai crescere il tuo business con le ricerche di mercato sulla psicografia.<\/p>","protected":false},"author":1,"featured_media":62999,"parent":14660,"menu_order":22,"comment_status":"closed","ping_status":"closed","template":"","meta":{"footnotes":""},"class_list":["post-39120","page","type-page","status-publish","has-post-thumbnail"],"_links":{"self":[{"href":"https:\/\/www.sisinternational.com\/it\/wp-json\/wp\/v2\/pages\/39120","targetHints":{"allow":["GET"]}}],"collection":[{"href":"https:\/\/www.sisinternational.com\/it\/wp-json\/wp\/v2\/pages"}],"about":[{"href":"https:\/\/www.sisinternational.com\/it\/wp-json\/wp\/v2\/types\/page"}],"author":[{"embeddable":true,"href":"https:\/\/www.sisinternational.com\/it\/wp-json\/wp\/v2\/users\/1"}],"replies":[{"embeddable":true,"href":"https:\/\/www.sisinternational.com\/it\/wp-json\/wp\/v2\/comments?post=39120"}],"version-history":[{"count":10,"href":"https:\/\/www.sisinternational.com\/it\/wp-json\/wp\/v2\/pages\/39120\/revisions"}],"predecessor-version":[{"id":74915,"href":"https:\/\/www.sisinternational.com\/it\/wp-json\/wp\/v2\/pages\/39120\/revisions\/74915"}],"up":[{"embeddable":true,"href":"https:\/\/www.sisinternational.com\/it\/wp-json\/wp\/v2\/pages\/14660"}],"wp:featuredmedia":[{"embeddable":true,"href":"https:\/\/www.sisinternational.com\/it\/wp-json\/wp\/v2\/media\/62999"}],"wp:attachment":[{"href":"https:\/\/www.sisinternational.com\/it\/wp-json\/wp\/v2\/media?parent=39120"}],"curies":[{"name":"wp","href":"https:\/\/api.w.org\/{rel}","templated":true}]}}