{"id":39118,"date":"2021-10-21T03:45:03","date_gmt":"2021-10-21T03:45:03","guid":{"rendered":"https:\/\/www.sisinternational.com\/?page_id=39118"},"modified":"2026-03-12T22:40:13","modified_gmt":"2026-03-13T02:40:13","slug":"ricerche-di-mercato-sulle-infrastrutture","status":"publish","type":"page","link":"https:\/\/www.sisinternational.com\/it\/construction-market-research-solutions\/ricerche-di-mercato-sulle-infrastrutture\/","title":{"rendered":"Ricerche di mercato sulle infrastrutture"},"content":{"rendered":"<h1 class=\"wp-block-heading\">Ricerche di mercato sulle infrastrutture<\/h1>\n\n\n\n<figure class=\"gb-block-image gb-block-image-e50f9464\"><img loading=\"lazy\" decoding=\"async\" width=\"1456\" height=\"816\" class=\"gb-image gb-image-e50f9464\" src=\"https:\/\/www.sisinternational.com\/wp-content\/uploads\/2025\/08\/Communications-Infrastructure-6.jpg\" alt=\"Ricerca e strategia di mercato internazionale SIS\" title=\"Communications Infrastructure (6)\" srcset=\"https:\/\/www.sisinternational.com\/wp-content\/uploads\/2025\/08\/Communications-Infrastructure-6.jpg 1456w, https:\/\/www.sisinternational.com\/wp-content\/uploads\/2025\/08\/Communications-Infrastructure-6-300x168.jpg 300w, https:\/\/www.sisinternational.com\/wp-content\/uploads\/2025\/08\/Communications-Infrastructure-6-1024x574.jpg 1024w, https:\/\/www.sisinternational.com\/wp-content\/uploads\/2025\/08\/Communications-Infrastructure-6-768x430.jpg 768w, https:\/\/www.sisinternational.com\/wp-content\/uploads\/2025\/08\/Communications-Infrastructure-6-18x10.jpg 18w\" sizes=\"auto, (max-width: 1456px) 100vw, 1456px\"><\/figure>\n\n\n\n<p><\/p>\n\n\n\n<hr class=\"wp-block-separator has-alpha-channel-opacity is-style-dots\"\/>\n\n\n\n<div class=\"wp-block-columns has-global-color-9-color has-text-color has-background has-link-color wp-elements-d441985328312167291664ed367995ea is-layout-flex wp-container-core-columns-is-layout-9d6595d7 wp-block-columns-is-layout-flex\" style=\"background-color:#f7f9fa6e\">\n<div class=\"wp-block-column is-layout-flow wp-block-column-is-layout-flow\" style=\"flex-basis:18%\"><\/div>\n\n\n\n<div class=\"wp-block-column is-vertically-aligned-center is-layout-flow wp-block-column-is-layout-flow\" style=\"flex-basis:71.28%\">\n<div class=\"wp-block-rank-math-toc-block aligncenter has-global-color-9-color has-text-color has-link-color wp-elements-08d98711f08828cccc3d09bdeb1c104a\" style=\"font-size:16px\" id=\"rank-math-toc\"><h2><br><strong>T<\/strong>able of Contents<\/h2><nav><ul><li class=\"\"><a href=\"#what-is-infrastructure\">Cos&#039;\u00e8 l&#039;infrastruttura?<\/a><\/li><li class=\"\"><a href=\"#why-is-it-important\">Perch\u00e9 \u00e8 importante?<\/a><\/li><li class=\"\"><a href=\"#key-job-titles\">Titoli di lavoro chiave<\/a><\/li><li class=\"\"><a href=\"#key-success-factors\">Fattori chiave del successo<\/a><\/li><li class=\"\"><a href=\"#why-businesses-need-infrastructure\">Perch\u00e9 le aziende hanno bisogno di infrastrutture<\/a><\/li><li class=\"\"><a href=\"#about-infrastructure-market-research\">Informazioni sulle ricerche di mercato sulle infrastrutture<\/a><\/li><\/ul><\/nav><\/div>\n<\/div>\n<\/div>\n\n\n\n<p><\/p>\n\n\n\n<h2 class=\"wp-block-heading\" id=\"what-is-infrastructure\">Cos&#039;\u00e8 l&#039;infrastruttura?<\/h2>\n\n\n\n<p>\u00c8 la struttura di base di un paese, ad esempio le strade, i trasporti e l&#039;approvvigionamento energetico. Possiamo anche raggrupparlo in due tipologie principali.<\/p>\n\n\n\n<p>L\u2019infrastruttura fisica \u00e8 il sistema fisico che consente al Paese di operare. Questi includono trasporti, energia, approvvigionamento idrico e servizi igienico-sanitari.<\/p>\n\n\n\n<p>Le infrastrutture soft sono costituite da centri che mantengono l\u2019economia. Tali centri sono essenziali per la qualit\u00e0 della vita in un Paese. I sistemi governativo, sanitario, finanziario e educativo lo garantiscono. Comprende anche i sistemi giuridici.<\/p>\n\n\n\n<h2 class=\"wp-block-heading\" id=\"why-is-it-important\">Perch\u00e9 \u00e8 importante?<\/h2>\n\n\n\n<figure class=\"gb-block-image gb-block-image-894f201a\"><img loading=\"lazy\" decoding=\"async\" width=\"1456\" height=\"816\" class=\"gb-image gb-image-894f201a\" src=\"https:\/\/www.sisinternational.com\/wp-content\/uploads\/2025\/08\/Communications-Infrastructure-4.jpg\" alt=\"Ricerca e strategia di mercato internazionale SIS\" title=\"Communications Infrastructure (4)\" srcset=\"https:\/\/www.sisinternational.com\/wp-content\/uploads\/2025\/08\/Communications-Infrastructure-4.jpg 1456w, https:\/\/www.sisinternational.com\/wp-content\/uploads\/2025\/08\/Communications-Infrastructure-4-300x168.jpg 300w, https:\/\/www.sisinternational.com\/wp-content\/uploads\/2025\/08\/Communications-Infrastructure-4-1024x574.jpg 1024w, https:\/\/www.sisinternational.com\/wp-content\/uploads\/2025\/08\/Communications-Infrastructure-4-768x430.jpg 768w, https:\/\/www.sisinternational.com\/wp-content\/uploads\/2025\/08\/Communications-Infrastructure-4-18x10.jpg 18w\" sizes=\"auto, (max-width: 1456px) 100vw, 1456px\"><\/figure>\n\n\n\n<p><\/p>\n\n\n\n<p>Le infrastrutture forniscono lavoro a molte persone, come ingegneri, camionisti, piloti, operai edili e installatori di linee elettriche. \u00c8 facile entrare in questo campo. I lavoratori non hanno bisogno di studiare per anni e anni. Pertanto, quasi chiunque pu\u00f2 entrare nell\u2019area, ma deve avere la giusta etica del lavoro.<\/p>\n\n\n\n<p>Sostiene la crescita dell\u2019economia. Consente inoltre il trasporto di beni e servizi sia all&#039;interno che all&#039;esterno del paese. I treni merci, le navi mercantili, gli aerei e i sistemi stradali svolgono tutti questa funzione. Aiuta anche a connettere le famiglie. Permette ai bambini di frequentare la scuola a casa, favorendo cos\u00ec l&#039;istruzione. Le persone possono anche controllare da sole il proprio stato di salute, senza bisogno di correre ogni volta in ospedale.<\/p>\n\n\n\n<p>Nel corso degli anni \u00e8 diventato pi\u00f9 attento alla salute ed ecologico. Ha visto anche molte iniziative volte ad aiutare l\u2019economia verde, ad esempio, i numerosi nuovi progetti di fabbriche idroelettriche ed eoliche in tutto il mondo. I veicoli e i sistemi ad energia solare sono il futuro. Il nuovo trasporto pubblico ad energia pulita riduce anche i gas serra.<\/p>\n\n\n\n<p>Le infrastrutture sono la base per una vita di qualit\u00e0. Facilita il travaglio e aumenta il comfort. Fa s\u00ec che le persone lavorino, siano in salute e siano anche felici. Senza di essa, tutto si fermer\u00e0. Lo usiamo tutti i giorni ma non ce ne rendiamo conto. L&#039;energia elettrica, l&#039;acqua corrente e i trasporti sono tutti esempi.<\/p>\n\n\n\n<p>Inoltre, consente al governo di creare posti di lavoro. Investono in determinate aree per attirare le imprese. Non si investirebbe in un posto dove non \u00e8 possibile raggiungere l&#039;auto. Buone strade, condutture e reti creano una buona immagine. Il risultato sono cantieri moderni, che attraggono sia le persone che le imprese.<\/p>\n\n\n\n<h2 class=\"wp-block-heading\" id=\"key-job-titles\">Titoli di lavoro chiave<\/h2>\n\n\n\n<h3 class=\"wp-block-heading\">Ingegnere civile<\/h3>\n\n\n\n<p>Gli ingegneri civili progettano, costruiscono e supervisionano progetti e sistemi infrastrutturali, inclusi edifici, strade e fognature. Gli ingegneri civili progettano e costruiscono anche dighe, aeroporti, tunnel, sistemi di approvvigionamento idrico e trattamento delle acque reflue.<\/p>\n\n\n\n<h3 class=\"wp-block-heading\">Operatore di macchinari pesanti<\/h3>\n\n\n\n<p>Come dice il nome, questa \u00e8 la persona che utilizza l&#039;hardware. Anche se sembra facile, questo lavoro \u00e8 essenziale. Questi operatori devono trasportare le forniture da diversi punti: eventuali problemi durante questo processo causano grossi problemi al progetto.<\/p>\n\n\n\n<h3 class=\"wp-block-heading\">Responsabile del progetto infrastrutturale<\/h3>\n\n\n\n<p>Questa persona supervisiona lo sviluppo di progetti all&#039;interno di un&#039;azienda. Hanno anche varie sottoattivit\u00e0. Questi includono la gestione dei budget, la comunicazione tra i dipartimenti e l&#039;impostazione delle tempistiche per i progetti.<\/p>\n\n\n\n<h3 class=\"wp-block-heading\">Capacit\u00e0\/Architetto di soluzioni per l&#039;infrastruttura, l&#039;energia e l&#039;ambiente<\/h3>\n\n\n\n<figure class=\"gb-block-image gb-block-image-d17a4a8e\"><img loading=\"lazy\" decoding=\"async\" width=\"1456\" height=\"816\" class=\"gb-image gb-image-d17a4a8e\" src=\"https:\/\/www.sisinternational.com\/wp-content\/uploads\/2025\/08\/Communications-Infrastructure-1.jpg\" alt=\"Ricerca e strategia di mercato internazionale SIS\" title=\"Communications Infrastructure (1)\" srcset=\"https:\/\/www.sisinternational.com\/wp-content\/uploads\/2025\/08\/Communications-Infrastructure-1.jpg 1456w, https:\/\/www.sisinternational.com\/wp-content\/uploads\/2025\/08\/Communications-Infrastructure-1-300x168.jpg 300w, https:\/\/www.sisinternational.com\/wp-content\/uploads\/2025\/08\/Communications-Infrastructure-1-1024x574.jpg 1024w, https:\/\/www.sisinternational.com\/wp-content\/uploads\/2025\/08\/Communications-Infrastructure-1-768x430.jpg 768w, https:\/\/www.sisinternational.com\/wp-content\/uploads\/2025\/08\/Communications-Infrastructure-1-18x10.jpg 18w\" sizes=\"auto, (max-width: 1456px) 100vw, 1456px\"><\/figure>\n\n\n\n<p><\/p>\n\n\n\n<p>Queste persone sono il collante tra infrastrutture e ambiente. Revisionano e escogitano progetti che non danneggiano l&#039;ambiente. Ad esempio, costruire pi\u00f9 strade e case \u00e8 sempre una necessit\u00e0. Tuttavia, dobbiamo pensare al pianeta e alle generazioni future. Gli architetti delle soluzioni esaminano i possibili impatti di ciascuna opzione e propongono idee che creeranno un equilibrio.<\/p>\n\n\n\n<h2 class=\"wp-block-heading\" id=\"key-success-factors\">Fattori chiave del successo<\/h2>\n\n\n\n<p>Small teams lead many mega-projects. These people may also be working together for the first time. Although typical, it may prove to be stressful. Everyone may feel pressure throughout the project. Having excellent management creates a high-performing team. An adaptive team means the success of projects.<\/p>\n\n\n\n<p>Every project should have an input system that allows the team to access the same fact base. It should also have strict guidelines. These guidelines will ensure that everyone is on the same script. Blunders are common in these projects, but this system decreases such errors. The team can then resolve any issues or problems.<\/p>\n\n\n\n<p>Many mega-projects receive the go-ahead despite significant risks. Some believe the contractor will figure it out along the way, but this is never a good idea. Project leaders should be certain about the project before final approval. The risks always come back to haunt in the future.<\/p>\n\n\n\n<h2 class=\"wp-block-heading\" id=\"why-businesses-need-infrastructure\">Perch\u00e9 le aziende hanno bisogno di infrastrutture<\/h2>\n\n\n\n<figure class=\"gb-block-image gb-block-image-77e3daee\"><img loading=\"lazy\" decoding=\"async\" width=\"1456\" height=\"816\" class=\"gb-image gb-image-77e3daee\" src=\"https:\/\/www.sisinternational.com\/wp-content\/uploads\/2025\/08\/Building-5.jpg\" alt=\"Ricerca e strategia di mercato internazionale SIS\" title=\"Building (5)\" srcset=\"https:\/\/www.sisinternational.com\/wp-content\/uploads\/2025\/08\/Building-5.jpg 1456w, https:\/\/www.sisinternational.com\/wp-content\/uploads\/2025\/08\/Building-5-300x168.jpg 300w, https:\/\/www.sisinternational.com\/wp-content\/uploads\/2025\/08\/Building-5-1024x574.jpg 1024w, https:\/\/www.sisinternational.com\/wp-content\/uploads\/2025\/08\/Building-5-768x430.jpg 768w, https:\/\/www.sisinternational.com\/wp-content\/uploads\/2025\/08\/Building-5-18x10.jpg 18w\" sizes=\"auto, (max-width: 1456px) 100vw, 1456px\"><\/figure>\n\n\n\n<p><\/p>\n\n\n\n<p>L\u2019infrastruttura supporta le attivit\u00e0 economiche quotidiane. Molti le chiamano le arterie del comfort umano. Senza di esso, la vita \u00e8 un pedaggio. Ecco perch\u00e9 le aziende ne hanno bisogno.<\/p>\n\n\n\n<p>\u00c8 facile per il personale andare al lavoro quando c&#039;\u00e8 una buona rete di trasporti. I lavori non possono iniziare se il personale non \u00e8 presente. Questa rete consente anche il trasporto di forniture in entrata e di prodotti finiti in uscita. Le strade asfaltate lo consentono.<\/p>\n\n\n\n<p>Water supply and sanitation is also a benefit of this. In buildings, running water is essential. No business can operate without water. Clean water is a safety feature: we need it in case of fires. In fact, companies are required always to have water.<\/p>\n\n\n\n<p>IT is a big part of most businesses. Some cannot complete tasks without it. Computers play a vital role. Systems such as mobile phone networks and the internet are also crucial to boost remote working. Many people now work at home. These systems make it easy for them to receive and do work assigned to them. People can now work not only from home but also from anywhere in the world.<\/p>\n\n\n\n<p><\/p>\n\n\n\n<!DOCTYPE html>\n<html lang=\"en\">\n<head>\n    <meta charset=\"UTF-8\">\n    <meta name=\"viewport\" content=\"width=device-width, initial-scale=1.0\">\n    <title>AI Blog Banner<\/title>\n    <style>\n        * {\n            margin: 0;\n            padding: 0;\n            box-sizing: border-box;\n        }\n\n        .banner {\n            position: relative;\n            width: 100%;\n            height: 350px;\n            overflow: hidden;\n            display: flex;\n            align-items: center;\n            justify-content: center;\n            font-family: 'Arial', sans-serif;\n            border-radius: 25px;\n        }\n\n        .animated-background {\n            position: absolute;\n            top: 0;\n            left: 0;\n            width: 100%;\n            height: 100%;\n            background: linear-gradient(45deg, #003f6b, #2d5a7b, #003f6b, #2d5a7b);\n            background-size: 400% 400%;\n            animation: gradientMove 8s ease-in-out infinite;\n        }\n\n        .ai-pattern {\n            position: absolute;\n            top: 0;\n            left: 0;\n            width: 100%;\n            height: 100%;\n            opacity: 0.1;\n            background-image: \n                radial-gradient(circle at 20% 20%, rgba(255,255,255,0.3) 2px, transparent 2px),\n                radial-gradient(circle at 80% 80%, rgba(255,255,255,0.2) 1px, transparent 1px),\n                radial-gradient(circle at 40% 60%, rgba(255,255,255,0.15) 1.5px, transparent 1.5px),\n                radial-gradient(circle at 60% 20%, rgba(255,255,255,0.25) 1px, transparent 1px),\n                radial-gradient(circle at 80% 40%, rgba(255,255,255,0.2) 2px, transparent 2px);\n            background-size: 100px 100px, 150px 150px, 80px 80px, 120px 120px, 90px 90px;\n            animation: patternFloat 12s linear infinite;\n        }\n\n        .neural-network {\n            position: absolute;\n            top: 0;\n            left: 0;\n            width: 100%;\n            height: 100%;\n            opacity: 0.08;\n        }\n\n        .neural-line {\n            position: absolute;\n            height: 1px;\n            background: linear-gradient(90deg, transparent, rgba(255,255,255,0.5), transparent);\n            animation: neuralPulse 6s ease-in-out infinite;\n        }\n\n        .neural-line:nth-child(1) {\n            top: 30%;\n            left: 0;\n            width: 60%;\n            animation-delay: 0s;\n        }\n\n        .neural-line:nth-child(2) {\n            top: 50%;\n            right: 0;\n            width: 70%;\n            animation-delay: 2s;\n        }\n\n        .neural-line:nth-child(3) {\n            top: 70%;\n            left: 20%;\n            width: 50%;\n            animation-delay: 4s;\n        }\n\n        .content {\n            position: relative;\n            z-index: 10;\n            text-align: center;\n            color: white !important;\n            max-width: 800px;\n            padding: 30px;\n        }\n\n        .content * {\n            color: white !important;\n        }\n\n        .cta-text {\n            font-size: 1.9rem;\n            font-weight: 700;\n            margin-bottom: 15px;\n            color: white !important;\n            background: linear-gradient(90deg, rgba(255,255,255,0.6), rgba(255,255,255,1), rgba(230,230,230,1), rgba(255,255,255,1), rgba(240,240,240,0.8), rgba(255,255,255,0.6));\n            background-size: 200% 100%;\n            -webkit-background-clip: text;\n            -webkit-text-fill-color: transparent;\n            background-clip: text;\n            animation: shineEffect 10s ease-in-out infinite;\n            line-height: 1.3;\n        }\n\n        .cta-subheading {\n            font-size: 1rem;\n            font-weight: 400;\n            margin-bottom: 25px;\n            color: white !important;\n            line-height: 1.6;\n            opacity: 0.95;\n        }\n\n        .cta-button {\n            background: linear-gradient(135deg, #8a6b0f, #bd9013, #d4a519);\n            border: 2px solid #8a6b0f;\n            color: white !important;\n            padding: 18px 40px;\n            font-size: 1.2rem;\n            font-weight: 600;\n            border-radius: 50px;\n            cursor: pointer;\n            transition: all 0.3s ease;\n            text-decoration: none;\n            display: inline-block;\n            position: relative;\n            overflow: hidden;\n        }\n\n        .cta-button::before {\n            content: '';\n            position: absolute;\n            top: 0;\n            left: -100%;\n            width: 100%;\n            height: 100%;\n            background: linear-gradient(90deg, \n                transparent 0%, \n                rgba(255, 255, 255, 0.3) 25%,\n                rgba(255, 255, 255, 0.6) 50%,\n                rgba(255, 255, 255, 0.3) 75%,\n                transparent 100%);\n            animation: shine 3s ease-in-out infinite;\n        }\n\n        .cta-button:hover {\n            transform: translateY(-3px);\n            box-shadow: 0 10px 25px rgba(0,0,0,0.2);\n            border-color: #bd9013;\n            background: linear-gradient(135deg, #bd9013, #d4a519, #e6b61f);\n        }\n\n        .floating-elements {\n            position: absolute;\n            top: 0;\n            left: 0;\n            width: 100%;\n            height: 100%;\n            pointer-events: none;\n        }\n\n        .floating-circle {\n            position: absolute;\n            border-radius: 50%;\n            background: rgba(255,255,255,0.1);\n            animation: float 8s ease-in-out infinite;\n        }\n\n        .floating-circle:nth-child(1) {\n            width: 80px;\n            height: 80px;\n            top: 20%;\n            left: 10%;\n            animation-delay: 0s;\n        }\n\n        .floating-circle:nth-child(2) {\n            width: 60px;\n            height: 60px;\n            top: 60%;\n            right: 15%;\n            animation-delay: 3s;\n        }\n\n        .floating-circle:nth-child(3) {\n            width: 40px;\n            height: 40px;\n            top: 80%;\n            left: 80%;\n            animation-delay: 6s;\n        }\n\n        .floating-circle:nth-child(4) {\n            width: 70px;\n            height: 70px;\n            top: 10%;\n            right: 20%;\n            animation-delay: 1.5s;\n        }\n\n        .floating-circle:nth-child(5) {\n            width: 50px;\n            height: 50px;\n            top: 75%;\n            left: 30%;\n            animation-delay: 4.5s;\n        }\n\n        @keyframes gradientMove {\n            0% { background-position: 0% 50%; }\n            25% { background-position: 100% 50%; }\n            50% { background-position: 100% 100%; }\n            75% { background-position: 0% 100%; }\n            100% { background-position: 0% 50%; }\n        }\n\n        @keyframes patternFloat {\n            0% { transform: translateX(0) translateY(0); }\n            33% { transform: translateX(30px) translateY(-20px); }\n            66% { transform: translateX(-20px) translateY(10px); }\n            100% { transform: translateX(0) translateY(0); }\n        }\n\n        @keyframes neuralPulse {\n            0%, 100% { opacity: 0.08; }\n            50% { opacity: 0.2; }\n        }\n\n        @keyframes shineEffect {\n            0% { background-position: 200% 0; }\n            100% { background-position: -200% 0; }\n        }\n\n        @keyframes shine {\n            0% {\n                left: -100%;\n            }\n            20%, 100% {\n                left: 100%;\n            }\n        }\n\n        @keyframes float {\n            0%, 100% { transform: translateY(0px) rotate(0deg); }\n            33% { transform: translateY(-30px) rotate(120deg); }\n            66% { transform: translateY(15px) rotate(240deg); }\n        }\n\n        @media (max-width: 768px) {\n            .banner {\n                height: 320px;\n                padding: 30px 0;\n            }\n            \n            .content {\n                padding: 40px 20px;\n            }\n            \n            .cta-text {\n                font-size: 1.3rem;\n                margin-bottom: 12px;\n            }\n            \n            .cta-subheading {\n                font-size: 0.85rem;\n                margin-bottom: 20px;\n            }\n            \n            .cta-button {\n                padding: 14px 28px;\n                font-size: 0.95rem;\n            }\n        }\n    <\/style>\n<\/head>\n<body>\n    <div class=\"banner\">\n        <div class=\"animated-background\"><\/div>\n        \n        <div class=\"ai-pattern\"><\/div>\n        \n        <div class=\"neural-network\">\n            <div class=\"neural-line\"><\/div>\n            <div class=\"neural-line\"><\/div>\n            <div class=\"neural-line\"><\/div>\n        <\/div>\n        \n        <div class=\"floating-elements\">\n            <div class=\"floating-circle\"><\/div>\n            <div class=\"floating-circle\"><\/div>\n            <div class=\"floating-circle\"><\/div>\n            <div class=\"floating-circle\"><\/div>\n            <div class=\"floating-circle\"><\/div>\n        <\/div>\n        \n        <div class=\"content\">\n            <div class=\"cta-text\">Ready to explore the insights that drive smarter decisions?<\/div>\n            <div class=\"cta-subheading\">Contact our Research experts today.<\/div>\n            <a href=\"mailto:Research@sisinternational.com\" class=\"cta-button\">Contact us now!<\/a>\n        <\/div>\n    <\/div>\n<\/body>\n<\/html>\n\n\n\n<p><\/p>\n\n\n\n<h2 class=\"wp-block-heading\" id=\"about-infrastructure-market-research\">Informazioni sulle ricerche di mercato sulle infrastrutture<\/h2>\n\n\n\n<p>Le ricerche di mercato esaminano lo stato dell\u2019economia. Attraverso questo, vedi cosa deve accadere. Sarebbe meglio se svolgessi ricerche qualitative e quantitative e anche ricerche strategiche. Le ricerche di mercato possono anche coinvolgere focus group, sondaggi e interviste. Contattaci oggi per trovare il metodo pi\u00f9 adatto alla tua attivit\u00e0.<\/p>\n\n\n<h2>La nostra sede a New York<\/h2>\n<p><!-- \/wp:post-content --> <!-- wp:html --> <iframe loading=\"lazy\" src=\"https:\/\/www.google.com\/maps\/embed?pb=!1m18!1m12!1m3!1d3022.976188376966!2d-73.99130312499956!3d40.740549471389315!2m3!1f0!2f0!3f0!3m2!1i1024!2i768!4f13.1!3m3!1m2!1s0x89c259a15798c731%3A0xd695d09bdd495f25!2s11%20E%2022nd%20St%20FL%202%2C%20New%20York%2C%20NY%2010010%2C%20USA!5e0!3m2!1sen!2spe!4v1726171763526!5m2!1sen!2spe\" width=\"600\" height=\"450\" allowfullscreen=\"allowfullscreen\" data-mce-fragment=\"1\"><\/iframe> <!-- \/wp:html --> <!-- wp:paragraph --><\/p>\n<h3 class=\"wp-block-heading\">11 E 22nd Street, Piano 2, New York, NY 10010 T: +1(212) 505-6805<\/h3>\n<hr \/>\n<h2><span style=\"font-weight: 400;\">A proposito di SIS Internazionale<\/span><\/h2>\n<p><a href=\"https:\/\/www.sisinternational.com\/it\/\"><span style=\"font-weight: 400;\">SIS Internazionale<\/span><\/a><span style=\"font-weight: 400;\"> offre ricerca quantitativa, qualitativa e strategica. Forniamo dati, strumenti, strategie, report e approfondimenti per il processo decisionale. Conduciamo anche interviste, sondaggi, focus group e altri metodi e approcci di ricerca di mercato.<\/span><a href=\"https:\/\/www.sisinternational.com\/it\/sulla-sua-ricerca-internazionale\/contact-sis-international-market-research\/\"><span style=\"font-weight: 400;\"> Contattaci<\/span><\/a><span style=\"font-weight: 400;\"> per il tuo prossimo progetto di ricerca di mercato.<\/span><\/p>\n<p><!-- wp:heading --><\/p>\n<p><!-- wp:paragraph --><\/p>\n<p><!-- \/wp:paragraph --><!-- \/wp:heading --><\/p>\n\n<!-- wp:paragraph -->\n<p><\/p>\n<!-- \/wp:paragraph -->","protected":false},"excerpt":{"rendered":"<p>Fai crescere il tuo business con le ricerche di mercato sulle infrastrutture.<\/p>","protected":false},"author":1,"featured_media":64241,"parent":84498,"menu_order":82,"comment_status":"closed","ping_status":"closed","template":"","meta":{"footnotes":""},"class_list":["post-39118","page","type-page","status-publish","has-post-thumbnail"],"_links":{"self":[{"href":"https:\/\/www.sisinternational.com\/it\/wp-json\/wp\/v2\/pages\/39118","targetHints":{"allow":["GET"]}}],"collection":[{"href":"https:\/\/www.sisinternational.com\/it\/wp-json\/wp\/v2\/pages"}],"about":[{"href":"https:\/\/www.sisinternational.com\/it\/wp-json\/wp\/v2\/types\/page"}],"author":[{"embeddable":true,"href":"https:\/\/www.sisinternational.com\/it\/wp-json\/wp\/v2\/users\/1"}],"replies":[{"embeddable":true,"href":"https:\/\/www.sisinternational.com\/it\/wp-json\/wp\/v2\/comments?post=39118"}],"version-history":[{"count":10,"href":"https:\/\/www.sisinternational.com\/it\/wp-json\/wp\/v2\/pages\/39118\/revisions"}],"predecessor-version":[{"id":73368,"href":"https:\/\/www.sisinternational.com\/it\/wp-json\/wp\/v2\/pages\/39118\/revisions\/73368"}],"up":[{"embeddable":true,"href":"https:\/\/www.sisinternational.com\/it\/wp-json\/wp\/v2\/pages\/84498"}],"wp:featuredmedia":[{"embeddable":true,"href":"https:\/\/www.sisinternational.com\/it\/wp-json\/wp\/v2\/media\/64241"}],"wp:attachment":[{"href":"https:\/\/www.sisinternational.com\/it\/wp-json\/wp\/v2\/media?parent=39118"}],"curies":[{"name":"wp","href":"https:\/\/api.w.org\/{rel}","templated":true}]}}