{"id":39111,"date":"2021-10-21T03:17:47","date_gmt":"2021-10-21T03:17:47","guid":{"rendered":"https:\/\/www.sisinternational.com\/?page_id=39111"},"modified":"2025-09-14T23:17:39","modified_gmt":"2025-09-15T03:17:39","slug":"analisi-congiunta-ricerca-di-mercato","status":"publish","type":"page","link":"https:\/\/www.sisinternational.com\/it\/soluzioni\/soluzioni-di-ricerca-quantitativa-qualitativa\/analisi-congiunta-ricerca-di-mercato\/","title":{"rendered":"Cos\u2019\u00e8 la ricerca di mercato dell\u2019analisi congiunta?"},"content":{"rendered":"<h1 class=\"wp-block-heading\">Cos\u2019\u00e8 la ricerca di mercato dell\u2019analisi congiunta?<\/h1>\n\n\n\n<figure class=\"gb-block-image gb-block-image-f83c43bc\"><img loading=\"lazy\" decoding=\"async\" width=\"1456\" height=\"816\" class=\"gb-image gb-image-f83c43bc\" src=\"https:\/\/www.sisinternational.com\/wp-content\/uploads\/2025\/09\/Quantitative-research-23.jpg\" alt=\"Ricerca e strategia di mercato internazionale SIS\" title=\"Quantitative research (23)\" srcset=\"https:\/\/www.sisinternational.com\/wp-content\/uploads\/2025\/09\/Quantitative-research-23.jpg 1456w, https:\/\/www.sisinternational.com\/wp-content\/uploads\/2025\/09\/Quantitative-research-23-300x168.jpg 300w, https:\/\/www.sisinternational.com\/wp-content\/uploads\/2025\/09\/Quantitative-research-23-1024x574.jpg 1024w, https:\/\/www.sisinternational.com\/wp-content\/uploads\/2025\/09\/Quantitative-research-23-768x430.jpg 768w, https:\/\/www.sisinternational.com\/wp-content\/uploads\/2025\/09\/Quantitative-research-23-18x10.jpg 18w\" sizes=\"auto, (max-width: 1456px) 100vw, 1456px\"><\/figure>\n\n\n\n<p><\/p>\n\n\n\n<h2 class=\"wp-block-heading\">L&#039;analisi congiunta determina il modo in cui i consumatori apprezzano i diversi attributi di un prodotto o servizio.<\/h2>\n\n\n\n<p>Ad esempio, lo utilizzano le industrie dei beni di consumo e degli articoli elettrici. L\u2019obiettivo della Conjoint Analysis \u00e8 trovare quale combinazione di un gruppo di attributi sia la pi\u00f9 importante per i consumatori.<\/p>\n\n\n\n<p>Ecco come eseguire uno studio di progettazione congiunta. In primo luogo, \u00e8 necessario riconoscere il problema aziendale. In secondo luogo, dovrai creare domande di ricerca. In terzo luogo, puoi scegliere un metodo di sondaggio. In quarto luogo, \u00e8 il momento della raccolta dei dati! Poi arriva la parte divertente: a questo punto dovrai pulire i dati, analizzarli, preparare una presentazione e determinare le tue azioni aziendali.<\/p>\n\n\n\n<p><strong>Tipi di analisi congiunta:<\/strong><\/p>\n\n\n\n<ul class=\"wp-block-list\">\n<li>Analisi congiunta basata su menu<\/li>\n\n\n\n<li>Analisi congiunta a profilo completo<\/li>\n\n\n\n<li>Analisi congiunta basata sulle scelte<\/li>\n\n\n\n<li>Analisi congiunta adattiva<\/li>\n<\/ul>\n\n\n\n<h2 class=\"wp-block-heading\">Perch\u00e9 la ricerca di mercato dell\u2019analisi congiunta \u00e8 importante?<\/h2>\n\n\n\n<p>Per un&#039;azienda che cerca di &quot;entrare nella testa dei clienti&quot; (Conjoint Analysis) non \u00e8 solo un altro strumento. \u00c8 lo strumento migliore per questo. L&#039;analisi congiunta \u00e8 particolarmente utile per:<\/p>\n\n\n\n<ul class=\"wp-block-list\">\n<li>Scoprire i sacrifici che gli acquirenti fanno quando guardano insieme molte funzionalit\u00e0<\/li>\n\n\n\n<li>Scoprire come gli acquirenti apprezzano ciascuna caratteristica<\/li>\n\n\n\n<li>Mostrare come gli acquirenti effettuano le scelte nel mondo reale<\/li>\n<\/ul>\n\n\n\n<p>Ad esempio, diamo un&#039;occhiata a uno studio congiunto sulle smart TV. Innanzitutto, un\u2019azienda di elettronica vuole iniziare a vendere una nuova linea di smart TV. Per ottenere il massimo profitto, vogliono sapere quali sono le caratteristiche pi\u00f9 importanti per gli acquirenti.<\/p>\n\n\n\n<p>Si stabiliscono su quattro attributi principali.<\/p>\n\n\n\n<ul class=\"wp-block-list\">\n<li>Lunghezza<\/li>\n\n\n\n<li>Marca<\/li>\n\n\n\n<li>Tipo di display (OLED, LED, LCD)<\/li>\n\n\n\n<li>Prezzo<\/li>\n<\/ul>\n\n\n\n<p>Se dovessimo utilizzare l\u2019analisi congiunta basata sulle scelte, le opzioni sarebbero le seguenti:<\/p>\n\n\n\n<h3 class=\"wp-block-heading\">OPZIONE 1<\/h3>\n\n\n\n<ul class=\"wp-block-list\">\n<li>Dimensioni dello schermo: 50\u2033<\/li>\n\n\n\n<li>Marca: Sony<\/li>\n\n\n\n<li>Tipo di display: LED<\/li>\n\n\n\n<li>Prezzo: $550,00<\/li>\n<\/ul>\n\n\n\n<h3 class=\"wp-block-heading\">OPZIONE 2<\/h3>\n\n\n\n<ul class=\"wp-block-list\">\n<li>Dimensioni dello schermo: 40\u2033<\/li>\n\n\n\n<li>Marca: Amazon<\/li>\n\n\n\n<li>Tipo di display: LED<\/li>\n\n\n\n<li>Prezzo: $350<\/li>\n<\/ul>\n\n\n\n<h3 class=\"wp-block-heading\">OPZIONE 3<\/h3>\n\n\n\n<ul class=\"wp-block-list\">\n<li>Dimensioni dello schermo: 65\u2033<\/li>\n\n\n\n<li>Marca: Samsung<\/li>\n\n\n\n<li>Tipo di display: QLED<\/li>\n\n\n\n<li>Prezzo: $750,00<\/li>\n<\/ul>\n\n\n\n<h3 class=\"wp-block-heading\">OPZIONE 4<\/h3>\n\n\n\n<ul class=\"wp-block-list\">\n<li>Dimensioni dello schermo: 55\u2033<\/li>\n\n\n\n<li>Marca: LG<\/li>\n\n\n\n<li>Tipo di display: LCD<\/li>\n\n\n\n<li>Prezzo: $600<\/li>\n<\/ul>\n\n\n\n<p>Besides the data gained from the respondents\u2019 choice, they also give data on what feature was most important to them. In a standard conjoint analysis survey, the respondents answer 8 to 12 questions. Thus, the raw total data from the study becomes a sort of utility score, which the analysts then use to build simulations. Finally, these simulations can forecast <a href=\"https:\/\/www.sisinternational.com\/it\/soluzioni\/soluzioni-di-branding-e-ricerca-clienti\/ricerche-di-mercato-per-test-di-prodotto\/\" title=\"Ricerche di mercato sui test dei prodotti\"  data-wpil-monitor-id=\"8654\">market<\/a> shares for a set of different products.<\/p>\n\n\n\n<h2 class=\"wp-block-heading\">Titoli di lavoro chiave<\/h2>\n\n\n\n<p>Gli analisti di ricerche di mercato leggono i dati per pianificare come lavorare al meglio con il mercato. Pertanto, i dati ottenuti dalla (Conjoint Analysis) sono fondamentali per un analista di ricerche di mercato.<\/p>\n\n\n\n<p>Gli analisti di immissione dati utilizzano i dati dei sondaggi e li organizzano.<\/p>\n\n\n\n<p>Finally, Consumer <a href=\"https:\/\/www.sisinternational.com\/it\/pubblicazioni\/comportamento-dellacquirente-dopo-il-nuovo-consumatore-legato-al-coronavirus\/\" title=\"Comportamento degli acquirenti dopo il coronavirus: ricerche di mercato sui consumatori\"  data-wpil-monitor-id=\"8653\">Ricerca<\/a> Analysts are responsible for understanding the data gained from buyers. So, they work with other professionals to make predictions.<\/p>\n\n\n\n<h2 class=\"wp-block-heading\">Perch\u00e9 le aziende hanno bisogno delle ricerche di mercato CA?<\/h2>\n\n\n\n<figure class=\"gb-block-image gb-block-image-32fd6c99\"><img decoding=\"async\" class=\"gb-image gb-image-32fd6c99\" src=\"https:\/\/www.sisinternational.com\/wp-content\/uploads\/2025\/07\/Quantitative-Market-Research-Methods-2.jpg\" alt=\"Quantitative Market Research Methods\" title=\"Quantitative Market Research Methods 2\"\/><\/figure>\n\n\n\n<p><\/p>\n\n\n\n<p>Businesses of all kinds can <a href=\"https:\/\/www.sisinternational.com\/it\/soluzioni\/ricerca-di-consulenza-strategica-fintech\/analisi-costi-benefici-ricerche-di-mercato\/\" title=\"Ricerche di mercato sull&#039;analisi costi-benefici\"  data-wpil-monitor-id=\"8651\">benefit Conjoint Analysis<\/a>, including grocery stores, restaurants, and large corporations. It helps them to understand which products or <a href=\"https:\/\/www.sisinternational.com\/it\/soluzioni\/ricerca-di-consulenza-strategica-fintech\/consulenza-per-lacquisizione-di-clienti-nei-servizi-finanziari\/\" title=\"Servizi finanziari Consulenza per l&#039;acquisizione di clienti\"  data-wpil-monitor-id=\"8652\">services their customers<\/a> value over others. For example, the data gained from a study may show that screen resolution is an essential feature to people. Afterward, a consumer research analyst may decide that making more high-resolution TVs enables the <a href=\"https:\/\/www.sisinternational.com\/it\/competenza\/curriculum-di-esperienza\/ricerca-sul-marchio\/\" title=\"Societ\u00e0 di ricerca sul marchio\"  data-wpil-monitor-id=\"8655\">company<\/a> to make more money.<\/p>\n\n\n\n<h3 class=\"wp-block-heading\">Fattori chiave del successo<\/h3>\n\n\n\n<p>L\u2019analisi congiunta dovrebbe:<\/p>\n\n\n\n<ul class=\"wp-block-list\">\n<li>influenzare le preferenze<\/li>\n\n\n\n<li>essere chiaramente definiti e comprensibili<\/li>\n\n\n\n<li>sono costituiti da due livelli<\/li>\n\n\n\n<li>hanno diversi livelli nella vita reale<\/li>\n<\/ul>\n\n\n\n<p>Gli attributi possono avere diversi livelli, il che ne indica la specificit\u00e0. Quindi, quando si parla di livelli di attributi, bisogna essere chiari, mutuamente esclusivi e realistici. Ad esempio, quando si parla di tastiere dei computer, sappiamo che una tastiera pu\u00f2 essere meccanica o non meccanica. Quindi sono sullo stesso livello. Un livello sopra una tastiera meccanica potrebbe essere se i tasti sono lineari, cliccabili o tattili. Allo stesso modo, un livello superiore a quello non meccanico potrebbe verificarsi se la tastiera fosse arrotolabile.<\/p>\n\n\n\n<p>Businesses must use conjoint analysis to be <a href=\"https:\/\/www.sisinternational.com\/it\/leffetto-della-cultura-del-mercato-nigeriano-sugli-affari\/\" title=\"Il mercato nigeriano: l&#039;effetto della cultura sul business\"  data-wpil-monitor-id=\"8656\">effective<\/a>. But it is essential not to wear out the respondent with too many questions. They must give informative answers. Also, there are some guidelines when constructing surveys to find out the attributes that have the most effect on demand.<\/p>\n\n\n\n<h2 class=\"wp-block-heading\">Informazioni sulla ricerca di mercato dell&#039;analisi congiunta<\/h2>\n\n\n\n<p>Conjoint Analysis, at its core, is a quantitative form of analysis. However, the use of other techniques together with Conjoint <a href=\"https:\/\/www.sisinternational.com\/it\/soluzioni\/soluzioni-di-ricerca-quantitativa-qualitativa\/mastering-conjoint-analysis-research-strategies-for-market-success\/\" title=\"Conjoint Analysis Research\"  data-wpil-monitor-id=\"1016\">Analysis<\/a> is also helpful for qualitative and strategy research. In conclusion, good Conjoint Analysis uses focus groups, interviews, and surveys to get the best information.<\/p>\n\n\n\n<p><\/p>","protected":false},"excerpt":{"rendered":"<p>Scopri di pi\u00f9 su cos&#039;\u00e8 la ricerca di mercato dell&#039;analisi congiunta.<\/p>","protected":false},"author":1,"featured_media":66985,"parent":14660,"menu_order":21,"comment_status":"closed","ping_status":"closed","template":"","meta":{"footnotes":""},"class_list":["post-39111","page","type-page","status-publish","has-post-thumbnail"],"_links":{"self":[{"href":"https:\/\/www.sisinternational.com\/it\/wp-json\/wp\/v2\/pages\/39111","targetHints":{"allow":["GET"]}}],"collection":[{"href":"https:\/\/www.sisinternational.com\/it\/wp-json\/wp\/v2\/pages"}],"about":[{"href":"https:\/\/www.sisinternational.com\/it\/wp-json\/wp\/v2\/types\/page"}],"author":[{"embeddable":true,"href":"https:\/\/www.sisinternational.com\/it\/wp-json\/wp\/v2\/users\/1"}],"replies":[{"embeddable":true,"href":"https:\/\/www.sisinternational.com\/it\/wp-json\/wp\/v2\/comments?post=39111"}],"version-history":[{"count":5,"href":"https:\/\/www.sisinternational.com\/it\/wp-json\/wp\/v2\/pages\/39111\/revisions"}],"predecessor-version":[{"id":81452,"href":"https:\/\/www.sisinternational.com\/it\/wp-json\/wp\/v2\/pages\/39111\/revisions\/81452"}],"up":[{"embeddable":true,"href":"https:\/\/www.sisinternational.com\/it\/wp-json\/wp\/v2\/pages\/14660"}],"wp:featuredmedia":[{"embeddable":true,"href":"https:\/\/www.sisinternational.com\/it\/wp-json\/wp\/v2\/media\/66985"}],"wp:attachment":[{"href":"https:\/\/www.sisinternational.com\/it\/wp-json\/wp\/v2\/media?parent=39111"}],"curies":[{"name":"wp","href":"https:\/\/api.w.org\/{rel}","templated":true}]}}