{"id":39109,"date":"2021-10-21T02:28:26","date_gmt":"2021-10-21T02:28:26","guid":{"rendered":"https:\/\/www.sisinternational.com\/?page_id=39109"},"modified":"2025-09-14T23:13:32","modified_gmt":"2025-09-15T03:13:32","slug":"ricerche-di-mercato-sulla-gestione-del-cambiamento","status":"publish","type":"page","link":"https:\/\/www.sisinternational.com\/it\/soluzioni\/consulenza-strategica\/ricerche-di-mercato-sulla-gestione-del-cambiamento\/","title":{"rendered":"Ricerche di mercato sulla gestione del cambiamento"},"content":{"rendered":"<h1 class=\"wp-block-heading\">Ricerche di mercato sulla gestione del cambiamento<\/h1>\n\n\n\n<figure class=\"gb-block-image gb-block-image-005341ab\"><img loading=\"lazy\" decoding=\"async\" width=\"1456\" height=\"816\" class=\"gb-image gb-image-005341ab\" src=\"https:\/\/www.sisinternational.com\/wp-content\/uploads\/2025\/08\/Inventory-Management-4.jpg\" alt=\"Ricerca e strategia di mercato internazionale SIS\" title=\"Inventory Management (4)\" srcset=\"https:\/\/www.sisinternational.com\/wp-content\/uploads\/2025\/08\/Inventory-Management-4.jpg 1456w, https:\/\/www.sisinternational.com\/wp-content\/uploads\/2025\/08\/Inventory-Management-4-300x168.jpg 300w, https:\/\/www.sisinternational.com\/wp-content\/uploads\/2025\/08\/Inventory-Management-4-1024x574.jpg 1024w, https:\/\/www.sisinternational.com\/wp-content\/uploads\/2025\/08\/Inventory-Management-4-768x430.jpg 768w, https:\/\/www.sisinternational.com\/wp-content\/uploads\/2025\/08\/Inventory-Management-4-18x10.jpg 18w\" sizes=\"auto, (max-width: 1456px) 100vw, 1456px\"><\/figure>\n\n\n\n<p><\/p>\n\n\n\n<h2 class=\"wp-block-heading\">Cos&#039;\u00e8 la gestione del cambiamento?<\/h2>\n\n\n\n<p>Il cambiamento \u00e8 una parte costante della vita di una persona, ed \u00e8 anche una caratteristica di ogni azienda. Le aziende possono gestire il cambiamento.<\/p>\n\n\n\n<p>Spesso ci riferiamo al Change Management come \u201cCM\u201d. Descrive le modalit\u00e0 e i metodi specifici utilizzati da un&#039;azienda. Questi metodi consentono a un\u2019azienda di ottenere cambiamenti sia interni che esterni. Alcuni esempi includono l\u2019attuazione delle misure necessarie per il cambiamento. Inoltre, tenere d&#039;occhio le attivit\u00e0 pre e post cambiamento garantisce il successo quando il piano viene messo in atto.<\/p>\n\n\n\n<p>Le interruzioni all\u2019interno di un\u2019azienda sono una routine. Di conseguenza, \u00e8 essenziale utilizzare un approccio strutturato quando si affronta il cambiamento. Un simile approccio garantisce una buona transizione.<\/p>\n\n\n\n<h2 class=\"wp-block-heading\">Perch\u00e9 \u00e8 importante?<\/h2>\n\n\n\n<p>Il Change Management consente alle aziende di ottenere il risultato desiderato quando attraversano un cambiamento. Promuove inoltre il miglioramento dei processi aziendali. La gestione del cambiamento \u00e8 vitale per le aziende poich\u00e9 valuta, riprogetta e implementa nuove strategie.<\/p>\n\n\n\n<p>Change <a href=\"https:\/\/www.sisinternational.com\/it\/soluzioni\/e-la-crescita-globale\/gestione-globale-del-progetto\/\" title=\"Consulenza sulla gestione globale dei progetti\"  data-wpil-monitor-id=\"11181\">Management also shrinks project<\/a> overheads. Changes in projects which go unmanaged can lead to high costs. These costs may exceed budget constraints.<\/p>\n\n\n\n<p>La gestione pratica del cambiamento consente di prevedere e prevenire i problemi.<\/p>\n\n\n\n<p>Anche la mitigazione del rischio \u00e8 un vantaggio. Pertanto, sono comuni le valutazioni del rischio e la creazione di piani di mitigazione del rischio.<\/p>\n\n\n\n<p>La gestione del cambiamento migliora anche le esperienze dei dipendenti e la cultura aziendale.<\/p>\n\n\n\n<h2 class=\"wp-block-heading\">Titoli di lavoro chiave<\/h2>\n\n\n\n<p>In general, people in <a href=\"https:\/\/www.sisinternational.com\/it\/soluzioni\/ai-ricerche-di-mercato-e-consulenza-strategica\/consulenza-sullintelligenza-artificiale-per-lautomazione-della-gestione-del-cambiamento\/\" title=\"Automazione della gestione del cambiamento e consulenza sull&#039;intelligenza artificiale\"  data-wpil-monitor-id=\"7613\">Change Management jobs may consult<\/a> or have in-house positions. The changes they put in place range from systems design to business practices. There is a wide range of jobs in the field of Change Management. Some examples of critical jobs are:<\/p>\n\n\n\n<ul class=\"wp-block-list\">\n<li>Specialista nella gestione del cambiamento<\/li>\n\n\n\n<li>Responsabile del programma<\/li>\n\n\n\n<li>Analista di programma<\/li>\n\n\n\n<li><a href=\"https:\/\/www.sisinternational.com\/it\/soluzioni\/ricerca-di-consulenza-strategica-fintech\/consulenza-strategica-per-la-ricerca-di-mercato-nella-gestione-del-cambiamento-dei-servizi-finanziari\/\" title=\"Ricerca di mercato e consulenza strategica sulla gestione del cambiamento dei servizi finanziari\"  data-wpil-monitor-id=\"11178\">Consulente per la gestione del cambiamento<\/a><\/li>\n\n\n\n<li>Ingegnere senior<\/li>\n\n\n\n<li>Proprietario del prodotto di gestione del cambiamento<\/li>\n<\/ul>\n\n\n\n<h2 class=\"wp-block-heading\">Perch\u00e9 le aziende hanno bisogno della gestione del cambiamento<\/h2>\n\n\n\n<p>Il cambiamento \u00e8 un aspetto cruciale che consente alle imprese di crescere ed evolversi. Di conseguenza, quando un\u2019azienda cambia, l\u2019efficienza deve essere una priorit\u00e0. La gestione del cambiamento fornisce questa efficienza in molti modi che aiutano l&#039;azienda. Aiuta a gestire la quantit\u00e0 di cambiamento che si verifica. Offre anche vantaggi finanziari e le aziende possono ottenere risultati migliori.<\/p>\n\n\n\n<p>Change Management allows a <a href=\"https:\/\/www.sisinternational.com\/it\/predictive-analytics\/\" title=\"Predictive Analytics: Your Crystal Ball for Business Success\"  data-wpil-monitor-id=\"11190\">business to stay successful<\/a> and competitive. This success comes about because it can help companies to prepare for the many changes which lie ahead.<\/p>\n\n\n\n<p>An established Change Management system in a business inspires consistency. A standard approach allows for the <a href=\"https:\/\/www.sisinternational.com\/it\/how-to-design-effective-surveys-for-quantitative-research\/\" title=\"How to Design Effective Surveys for Quantitative Research\"  data-wpil-monitor-id=\"11188\">design of more effective<\/a> strategie.<\/p>\n\n\n\n<p>I dati suggeriscono che la gestione del cambiamento influisce sul ROI di un\u2019azienda. Le variazioni del ROI sono dovute a molti fattori. Un esempio sono i dipendenti che non sono conformi al cambiamento. La non conformit\u00e0 pu\u00f2 causare una bassa produttivit\u00e0 e quindi un piccolo ROI. Tuttavia, il Change Management previene ci\u00f2 poich\u00e9 pianifica e forgia il modo migliore per cambiare un\u2019azienda.<\/p>\n\n\n\n<h2 class=\"wp-block-heading\">Fattori chiave del successo<\/h2>\n\n\n\n<figure class=\"gb-block-image gb-block-image-9d575b71\"><img loading=\"lazy\" decoding=\"async\" width=\"1456\" height=\"816\" class=\"gb-image gb-image-9d575b71\" src=\"https:\/\/www.sisinternational.com\/wp-content\/uploads\/2025\/08\/Strategy-consulting-19.jpg\" alt=\"Ricerca e strategia di mercato internazionale SIS\" title=\"Strategy consulting (19)\" srcset=\"https:\/\/www.sisinternational.com\/wp-content\/uploads\/2025\/08\/Strategy-consulting-19.jpg 1456w, https:\/\/www.sisinternational.com\/wp-content\/uploads\/2025\/08\/Strategy-consulting-19-300x168.jpg 300w, https:\/\/www.sisinternational.com\/wp-content\/uploads\/2025\/08\/Strategy-consulting-19-1024x574.jpg 1024w, https:\/\/www.sisinternational.com\/wp-content\/uploads\/2025\/08\/Strategy-consulting-19-768x430.jpg 768w, https:\/\/www.sisinternational.com\/wp-content\/uploads\/2025\/08\/Strategy-consulting-19-18x10.jpg 18w\" sizes=\"auto, (max-width: 1456px) 100vw, 1456px\"><\/figure>\n\n\n\n<p><\/p>\n\n\n\n<p>Molti fattori vitali influenzano il successo del Change Management all\u2019interno di un\u2019azienda. Alcuni di questi includono:<\/p>\n\n\n\n<ul class=\"wp-block-list\">\n<li>Esempi attivi e visibili da parte di alti funzionari aziendali<\/li>\n\n\n\n<li>Un approccio strutturato al Change Management<\/li>\n\n\n\n<li>Assegnazione di risorse e finanziamenti al Change Management<\/li>\n\n\n\n<li>Reporting frequente e aperto sul cambiamento e sulla necessit\u00e0 di cambiamento<\/li>\n\n\n\n<li>Coinvolgimento dei dipendenti<\/li>\n\n\n\n<li>Engagement and <a href=\"https:\/\/www.sisinternational.com\/it\/soluzioni\/ai-ricerche-di-mercato-e-consulenza-strategica\/ricerca-di-mercato-sulla-gestione-dellintegrazione-api\/\" title=\"Ricerche di mercato sulla gestione dell&#039;integrazione API\"  data-wpil-monitor-id=\"11186\">integration with project management<\/a><\/li>\n\n\n\n<li>Coinvolgimento e supporto del middle management<\/li>\n<\/ul>\n\n\n\n<p>To summarize, proper planning and reporting are the keys to success with Change Management. Also, a business must <a href=\"https:\/\/www.sisinternational.com\/it\/soluzioni\/ricerca-di-consulenza-strategica-fintech\/ricerche-di-mercato-sulla-gestione-degli-investimenti\/\" title=\"Ricerche di mercato sulla gestione degli investimenti\"  data-wpil-monitor-id=\"11185\">invest in Change Management<\/a>. To do this, it has to allot enough resources to Change Management.<\/p>\n\n\n\n<h2 class=\"wp-block-heading\">Informazioni sulle ricerche di mercato sulla gestione del cambiamento<\/h2>\n\n\n\n<p>Quantitative, Qualitative, and <a href=\"https:\/\/www.sisinternational.com\/it\/soluzioni\/consulenza-per-lospitalita-turistica-turistica\/consulenza-strategica-per-ricerche-di-mercato-da-parte-di-societa-di-gestione-alberghiera\/\" title=\"Societ\u00e0 di gestione alberghiera Ricerche di mercato e consulenza strategica\"  data-wpil-monitor-id=\"11180\">Strategy Research help companies<\/a> to achieve their goals. This research may take the form of Interviews, Surveys, or Focus Groups.<\/p>\n\n\n\n<p>For Change Management, businesses should understand its importance. They should also acknowledge its ability to guarantee success. Thus, research into this area is necessary for any growing business. Many transitions occur during the creation and operation of a new business. Adequate <a href=\"https:\/\/www.sisinternational.com\/it\/competenza\/industrie\/ricerche-di-mercato-sui-cambiamenti-climatici\/\" title=\"Ricerche di mercato sui cambiamenti climatici\"  data-wpil-monitor-id=\"4976\">research into a Change<\/a> Management system and Change Management experts is crucial. <a href=\"https:\/\/www.sisinternational.com\/it\/competenza\/curriculum-di-esperienza\/curriculum-di-esperienza-nel-settore-automobilistico\/\" title=\"Societ\u00e0 di ricerche di mercato nel settore automobilistico\"  data-wpil-monitor-id=\"11183\">Research ensures the company<\/a> puts resources toward Change Management and gets the best guidance.<\/p>\n\n\n\n<p><\/p>","protected":false},"excerpt":{"rendered":"<p>SIS \u00e8 una societ\u00e0 di ricerche di mercato globale e consulenza strategica. Fai crescere il tuo business con le ricerche di mercato sulla gestione del cambiamento.<\/p>","protected":false},"author":1,"featured_media":64929,"parent":14567,"menu_order":16,"comment_status":"closed","ping_status":"closed","template":"","meta":{"footnotes":""},"class_list":["post-39109","page","type-page","status-publish","has-post-thumbnail"],"_links":{"self":[{"href":"https:\/\/www.sisinternational.com\/it\/wp-json\/wp\/v2\/pages\/39109","targetHints":{"allow":["GET"]}}],"collection":[{"href":"https:\/\/www.sisinternational.com\/it\/wp-json\/wp\/v2\/pages"}],"about":[{"href":"https:\/\/www.sisinternational.com\/it\/wp-json\/wp\/v2\/types\/page"}],"author":[{"embeddable":true,"href":"https:\/\/www.sisinternational.com\/it\/wp-json\/wp\/v2\/users\/1"}],"replies":[{"embeddable":true,"href":"https:\/\/www.sisinternational.com\/it\/wp-json\/wp\/v2\/comments?post=39109"}],"version-history":[{"count":6,"href":"https:\/\/www.sisinternational.com\/it\/wp-json\/wp\/v2\/pages\/39109\/revisions"}],"predecessor-version":[{"id":81825,"href":"https:\/\/www.sisinternational.com\/it\/wp-json\/wp\/v2\/pages\/39109\/revisions\/81825"}],"up":[{"embeddable":true,"href":"https:\/\/www.sisinternational.com\/it\/wp-json\/wp\/v2\/pages\/14567"}],"wp:featuredmedia":[{"embeddable":true,"href":"https:\/\/www.sisinternational.com\/it\/wp-json\/wp\/v2\/media\/64929"}],"wp:attachment":[{"href":"https:\/\/www.sisinternational.com\/it\/wp-json\/wp\/v2\/media?parent=39109"}],"curies":[{"name":"wp","href":"https:\/\/api.w.org\/{rel}","templated":true}]}}