{"id":39103,"date":"2021-10-20T19:57:53","date_gmt":"2021-10-20T19:57:53","guid":{"rendered":"https:\/\/www.sisinternational.com\/?page_id=39103"},"modified":"2026-01-25T16:37:07","modified_gmt":"2026-01-25T21:37:07","slug":"ricerche-di-mercato-sugli-altoparlanti-intelligenti","status":"publish","type":"page","link":"https:\/\/www.sisinternational.com\/it\/competenza\/ricerche-di-mercato-sugli-altoparlanti-intelligenti\/","title":{"rendered":"Ricerche di mercato sugli altoparlanti intelligenti"},"content":{"rendered":"<h1 class=\"wp-block-heading p1\"><span class=\"s1\">Ricerche di mercato sugli altoparlanti intelligenti<\/span><\/h1>\n\n\n\n<figure class=\"gb-block-image gb-block-image-c474ca16\"><img loading=\"lazy\" decoding=\"async\" width=\"1456\" height=\"816\" class=\"gb-image gb-image-c474ca16\" src=\"https:\/\/www.sisinternational.com\/wp-content\/uploads\/2025\/08\/Smart-speaker-8.jpg\" alt=\"Ricerca e strategia di mercato internazionale SIS\" title=\"Smart speaker (8)\" srcset=\"https:\/\/www.sisinternational.com\/wp-content\/uploads\/2025\/08\/Smart-speaker-8.jpg 1456w, https:\/\/www.sisinternational.com\/wp-content\/uploads\/2025\/08\/Smart-speaker-8-300x168.jpg 300w, https:\/\/www.sisinternational.com\/wp-content\/uploads\/2025\/08\/Smart-speaker-8-1024x574.jpg 1024w, https:\/\/www.sisinternational.com\/wp-content\/uploads\/2025\/08\/Smart-speaker-8-768x430.jpg 768w, https:\/\/www.sisinternational.com\/wp-content\/uploads\/2025\/08\/Smart-speaker-8-18x10.jpg 18w\" sizes=\"auto, (max-width: 1456px) 100vw, 1456px\"><\/figure>\n\n\n\n<p><\/p>\n\n\n\n<h2 class=\"wp-block-heading\">Cos\u2019\u00e8 la ricerca di mercato sugli altoparlanti intelligenti?<\/h2>\n\n\n\n<p class=\"p2\">Gli altoparlanti intelligenti sono un nuovo tipo di dispositivo con molte funzioni. Il suo utilizzo principale \u00e8 come altoparlante e per comandi vocali. Anche un assistente virtuale integrato \u00e8 una delle caratteristiche principali di questi dispositivi. Questo assistente pu\u00f2 interagire con l&#039;utente. \u00c8 facile da attivare una volta che l&#039;utente gli d\u00e0 specifici comandi verbali.<\/p>\n\n\n\n<p class=\"p2\">Questi altoparlanti possono anche fungere da \u201cdispositivi intelligenti\u201d. In questo modo, possono utilizzare Wi-Fi e Bluetooth come altri dispositivi intelligenti come i telefoni.<\/p>\n\n\n\n<h2 class=\"wp-block-heading\">Perch\u00e9 \u00e8 importante?<\/h2>\n\n\n\n<p class=\"p2\">The field of smart speaker tech has made notable progress over the last few years. These speakers have many features that aid day-to-day life for many people. As a result, these devices have become essential.<\/p>\n\n\n\n<p class=\"p2\">Ad esempio, un utilizzo \u00e8 per la domotica. Gli utenti controllano cose come l&#039;illuminazione e gli elettrodomestici nelle loro case. Per fare ci\u00f2, comunicano semplici comandi al loro altoparlante intelligente.<\/p>\n\n\n\n<p class=\"p2\">\u00c8 utile anche per i sistemi di sicurezza domestica. Ad esempio, l&#039;altoparlante intelligente pu\u00f2 connettersi alle telecamere di sicurezza. Pu\u00f2 anche fornire il controllo degli accessi. Se qualcuno bussa alla tua porta, questa funzione \u00e8 utile. Utilizzando un comando, l&#039;utente pu\u00f2 vedere i sistemi di telecamere. Pertanto, possono fornire l&#039;accesso alla persona in attesa mentre si trova in una posizione remota.<\/p>\n\n\n\n<h2 class=\"wp-block-heading\">Titoli di lavoro chiave<\/h2>\n\n\n\n<p class=\"p2\">La nuova tecnologia sul mercato pu\u00f2 inizialmente rappresentare un rischio. Le persone in grado di utilizzare, aggiornare e risolvere eventuali problemi del dispositivo sono cruciali. Il settore degli altoparlanti intelligenti ha bisogno di ingegneri del software e di persone con conoscenza dell\u2019intelligenza artificiale. Inoltre, per vendere questi dispositivi, l\u2019industria ha bisogno di persone con competenze tecniche e una solida conoscenza del mercato.<\/p>\n\n\n\n<h2 class=\"wp-block-heading\">Perch\u00e9 le aziende hanno bisogno di altoparlanti intelligenti<\/h2>\n\n\n\n<figure class=\"gb-block-image gb-block-image-1acbf889\"><img loading=\"lazy\" decoding=\"async\" width=\"1456\" height=\"816\" class=\"gb-image gb-image-1acbf889\" src=\"https:\/\/www.sisinternational.com\/wp-content\/uploads\/2025\/08\/Smart-speaker-5.jpg\" alt=\"Ricerca e strategia di mercato internazionale SIS\" title=\"Smart speaker (5)\" srcset=\"https:\/\/www.sisinternational.com\/wp-content\/uploads\/2025\/08\/Smart-speaker-5.jpg 1456w, https:\/\/www.sisinternational.com\/wp-content\/uploads\/2025\/08\/Smart-speaker-5-300x168.jpg 300w, https:\/\/www.sisinternational.com\/wp-content\/uploads\/2025\/08\/Smart-speaker-5-1024x574.jpg 1024w, https:\/\/www.sisinternational.com\/wp-content\/uploads\/2025\/08\/Smart-speaker-5-768x430.jpg 768w, https:\/\/www.sisinternational.com\/wp-content\/uploads\/2025\/08\/Smart-speaker-5-18x10.jpg 18w\" sizes=\"auto, (max-width: 1456px) 100vw, 1456px\"><\/figure>\n\n\n\n<p><\/p>\n\n\n\n<p class=\"p2\">Gli altoparlanti intelligenti possono aiutare a migliorare l\u2019efficienza di un\u2019azienda. Possono aiutare i dipendenti con compiti semplici e persino fungere da assistenti personali virtuali. Leggere le e-mail o fare ricerche mentre si cerca di preparare il caff\u00e8 \u00e8 molto pi\u00f9 semplice. Pertanto, questi dispositivi incoraggiano il multitasking. L&#039;utente pu\u00f2 eseguire attivit\u00e0 con entrambe le mani e con comandi vocali. Queste funzionalit\u00e0 sono utili per i proprietari di piccole imprese e i liberi professionisti. Queste persone impegnate attribuiscono un valore elevato alla capacit\u00e0 di multitasking. Quindi, un altoparlante intelligente \u00e8 molto utile.<\/p>\n\n\n\n<p class=\"p2\">Questi dispositivi possono funzionare come sveglie per aiutare gli utenti a gestire il proprio tempo. Ad esempio, un altoparlante intelligente pu\u00f2 dirti quando completare attivit\u00e0 specifiche durante la giornata.<\/p>\n\n\n\n<p class=\"p2\">Un altro vantaggio \u00e8 che possono aiutare a pianificare il viaggio. Ad esempio, con questi dispositivi \u00e8 possibile richiedere e prenotare i voli disponibili. Semplici comandi vocali aiutano in questo.<\/p>\n\n\n\n<p class=\"p2\">Le aziende utilizzano questi dispositivi anche per assistere nel servizio clienti automatizzato. Tuttavia, c\u2019\u00e8 ancora spazio per miglioramenti in questo ambito. Le aziende dovrebbero essere caute quando li utilizzano per questo scopo.<\/p>\n\n\n\n<p>Fattori chiave del successo<\/p>\n\n\n\n<p class=\"p2\">Many factors drive the <a href=\"https:\/\/www.sisinternational.com\/it\/salute-intelligente\/\" title=\"Ricerche di mercato sulla salute intelligente\"  data-wpil-monitor-id=\"1965\">smart speaker market<\/a>. One example is the advancement of audio technology. As innovations continue to increase, consumers continue to buy new tech. The number of smart homes is also growing. This fact, plus the growth in wireless tech, creates an ideal space for smart speakers. The influx of smartphones and <a href=\"https:\/\/www.sisinternational.com\/it\/competenza\/industrie\/ricerche-di-mercato-sulle-citta-intelligenti\/\" title=\"Ricerche di mercato sulle citt\u00e0 intelligenti\"  data-wpil-monitor-id=\"3414\">smart devices in the market<\/a> also aids the success of smart speakers.<\/p>\n\n\n\n<h2 class=\"wp-block-heading\">Informazioni sulla ricerca di mercato sugli altoparlanti intelligenti<\/h2>\n\n\n\n<p class=\"p2\">Quantitative, Qualitative, and Strategy Research are helpful for firms seeking to enter the <a href=\"https:\/\/www.sisinternational.com\/it\/ricerche-di-mercato-sulla-mobilita-intelligente\/\" title=\"Ricerche di mercato sulla mobilit\u00e0 intelligente\"  data-wpil-monitor-id=\"1920\">Smart Speaker<\/a> market. This research may take the form of Interviews, Surveys, or Focus Groups.<\/p>\n\n\n\n<p class=\"p2\">MR into smart speakers provides insight into its drawbacks and benefits. For now, this technology comes at a high cost. Companies must consider these factors and assess the related risks. Factors to research include privacy and compatibility. It can help determine the ideal and cost-effective device on the market.<\/p>\n\n\n\n<p class=\"p3\">We\u2019re here to help you gather information on the <a href=\"https:\/\/www.sisinternational.com\/it\/ricerche-di-mercato-sulla-produzione-intelligente\/\" title=\"Ricerche di mercato sulla produzione intelligente\"  data-wpil-monitor-id=\"3625\">Smart Speaker market<\/a>. Contact us today!<\/p>\n\n\n\n<p><\/p>","protected":false},"excerpt":{"rendered":"<p>Gli altoparlanti intelligenti possono aiutare a migliorare l\u2019efficienza di un\u2019azienda. Possono aiutare i dipendenti con compiti semplici e persino fungere da assistenti personali virtuali.<\/p>","protected":false},"author":1,"featured_media":64585,"parent":14514,"menu_order":79,"comment_status":"closed","ping_status":"closed","template":"","meta":{"footnotes":""},"class_list":["post-39103","page","type-page","status-publish","has-post-thumbnail"],"_links":{"self":[{"href":"https:\/\/www.sisinternational.com\/it\/wp-json\/wp\/v2\/pages\/39103","targetHints":{"allow":["GET"]}}],"collection":[{"href":"https:\/\/www.sisinternational.com\/it\/wp-json\/wp\/v2\/pages"}],"about":[{"href":"https:\/\/www.sisinternational.com\/it\/wp-json\/wp\/v2\/types\/page"}],"author":[{"embeddable":true,"href":"https:\/\/www.sisinternational.com\/it\/wp-json\/wp\/v2\/users\/1"}],"replies":[{"embeddable":true,"href":"https:\/\/www.sisinternational.com\/it\/wp-json\/wp\/v2\/comments?post=39103"}],"version-history":[{"count":7,"href":"https:\/\/www.sisinternational.com\/it\/wp-json\/wp\/v2\/pages\/39103\/revisions"}],"predecessor-version":[{"id":77832,"href":"https:\/\/www.sisinternational.com\/it\/wp-json\/wp\/v2\/pages\/39103\/revisions\/77832"}],"up":[{"embeddable":true,"href":"https:\/\/www.sisinternational.com\/it\/wp-json\/wp\/v2\/pages\/14514"}],"wp:featuredmedia":[{"embeddable":true,"href":"https:\/\/www.sisinternational.com\/it\/wp-json\/wp\/v2\/media\/64585"}],"wp:attachment":[{"href":"https:\/\/www.sisinternational.com\/it\/wp-json\/wp\/v2\/media?parent=39103"}],"curies":[{"name":"wp","href":"https:\/\/api.w.org\/{rel}","templated":true}]}}