{"id":39093,"date":"2021-10-20T19:27:37","date_gmt":"2021-10-20T19:27:37","guid":{"rendered":"https:\/\/www.sisinternational.com\/?page_id=39093"},"modified":"2026-01-27T16:48:54","modified_gmt":"2026-01-27T21:48:54","slug":"ricerche-di-mercato-sui-semiconduttori","status":"publish","type":"page","link":"https:\/\/www.sisinternational.com\/it\/competenza\/ricerche-di-mercato-sui-semiconduttori\/","title":{"rendered":"Ricerche di mercato sui semiconduttori"},"content":{"rendered":"<h1 class=\"wp-block-heading p1\"><span class=\"s1\">Ricerche di mercato sui semiconduttori<\/span><\/h1>\n\n\n\n<figure class=\"gb-block-image gb-block-image-92194432\"><img loading=\"lazy\" decoding=\"async\" width=\"1456\" height=\"816\" class=\"gb-image gb-image-92194432\" src=\"https:\/\/www.sisinternational.com\/wp-content\/uploads\/2025\/08\/Semiconductor-6.jpg\" alt=\"Ricerca e strategia di mercato internazionale SIS\" title=\"Semiconductor (6)\" srcset=\"https:\/\/www.sisinternational.com\/wp-content\/uploads\/2025\/08\/Semiconductor-6.jpg 1456w, https:\/\/www.sisinternational.com\/wp-content\/uploads\/2025\/08\/Semiconductor-6-300x168.jpg 300w, https:\/\/www.sisinternational.com\/wp-content\/uploads\/2025\/08\/Semiconductor-6-1024x574.jpg 1024w, https:\/\/www.sisinternational.com\/wp-content\/uploads\/2025\/08\/Semiconductor-6-768x430.jpg 768w, https:\/\/www.sisinternational.com\/wp-content\/uploads\/2025\/08\/Semiconductor-6-18x10.jpg 18w\" sizes=\"auto, (max-width: 1456px) 100vw, 1456px\"><\/figure>\n\n\n\n<p><\/p>\n\n\n\n<h2 class=\"wp-block-heading p1\">Con l\u2019industria dei semiconduttori sottoposta a continui cambiamenti, la ricerca di mercato dei semiconduttori \u00e8 un elemento essenziale per il successo nel business globale dell\u2019elettronica.<\/h2>\n\n\n\n<p class=\"p1\">Per questo motivo, le aziende devono tenersi al passo con le tendenze e i progressi emergenti per rimanere competitive.<\/p>\n\n\n\n<p class=\"p1\">Sfruttando le ricerche di mercato sui semiconduttori, le aziende ottengono analisi supportate da dati che forniscono loro informazioni preziose per prendere decisioni informate riguardanti i loro prodotti, piani e investimenti.<\/p>\n\n\n\n<h2 class=\"wp-block-heading\">Che cos&#039;\u00e8 la ricerca di mercato sui semiconduttori?<\/h2>\n\n\n\n<p class=\"p2\">La ricerca di mercato sui semiconduttori riguarda l&#039;indagine su quanto siano richieste e sicure queste sostanze. Le aziende competono spietatamente in questo settore e oggi i semiconduttori sono molto richiesti. Inoltre, sono scarsi e sono poche le aziende che li producono. Questi sono alcuni ulteriori motivi per cui potrebbe essere un buon investimento di tempo e denaro.<\/p>\n\n\n\n<p class=\"p1\">L\u2019industria dei semiconduttori \u00e8 una componente chiave dello spazio elettronico, con i semiconduttori che fungono da pietra angolare per numerosi dispositivi e componenti elettronici, dai computer agli smartphone.<\/p>\n\n\n\n<p class=\"p1\">In addition, the ever-rising demand for electronics and technology has caused the global <a href=\"https:\/\/www.sisinternational.com\/it\/competenza\/industrie\/ricerche-di-mercato-sui-circuiti-elettronici\/\" title=\"Ricerche di mercato sui circuiti elettronici\"  data-wpil-monitor-id=\"6917\">semiconductor<\/a> market to flourish in recent years. To remain competitive, it is vital to conduct <a href=\"https:\/\/www.sisinternational.com\/it\/quali-sono-alcune-tendenze-nel-settore-delle-ricerche-di-mercato\/\" title=\"Quali sono alcune tendenze nel settore delle ricerche di mercato?\"  data-wpil-monitor-id=\"11182\">research within this industry on current trends<\/a>, customer preferences, and competitors&#8217; strategies.<\/p>\n\n\n\n<p class=\"p1\">Today, semiconductor market research is essential in this industry as it provides market sizing, segmentation, competitive analysis, and customer insights. It also keeps stakeholders informed of the latest trends that affect their decisions about product development, investments, and <a href=\"https:\/\/www.sisinternational.com\/it\/strategie-di-ingresso-nel-mercato-b2b\/\" title=\"Strategie di ingresso nel mercato B2B\"  data-wpil-monitor-id=\"11177\">entry strategies into new markets<\/a>.<\/p>\n\n\n\n<h2 class=\"wp-block-heading\">Perch\u00e9 le ricerche di mercato sui semiconduttori sono importanti?<\/h2>\n\n\n\n<h3 class=\"wp-block-heading p2\">La ricerca di mercato \u00e8 importante. Come investitore che desidera fornire questo prodotto, dovrai ricercarne il potenziale di profitto.<\/h3>\n\n\n\n<p class=\"p1\">L\u2019industria dei semiconduttori \u00e8 all\u2019avanguardia nell\u2019innovazione tecnologica e fornisce componenti critici per una vasta gamma di componenti elettronici. Pertanto, utilizzando la ricerca di mercato dei semiconduttori per scoprire tendenze, tecnologie e dinamiche emergenti di questo settore, le aziende possono prendere decisioni informate che le porteranno avanti rispetto ai rivali e garantiranno il successo nell&#039;ambiente odierno.<\/p>\n\n\n\n<p class=\"p2\"><strong>Alcune domande a cui tu come investitore dovrai rispondere sono:<\/strong><\/p>\n\n\n\n<p class=\"p2\">1. The scarcity of <a href=\"https:\/\/www.sisinternational.com\/it\/competenza\/curriculum-di-esperienza\/ricerche-di-mercato-sui-prodotti-per-la-cura-personale\/\" title=\"Ricerche di mercato sui prodotti per la cura personale\"  data-wpil-monitor-id=\"11184\">products on the market<\/a> currently<\/p>\n\n\n\n<p class=\"p2\">2. Quanto \u00e8 richiesto il prodotto?<\/p>\n\n\n\n<p class=\"p2\">3. Esiste un&#039;opzione pi\u00f9 economica per il prodotto che desideri acquistare?<\/p>\n\n\n\n<p class=\"p2\">4. \u00c8 meglio di un&#039;opzione pi\u00f9 economica?<\/p>\n\n\n\n<p class=\"p2\">5. Il tuo mercato di riferimento pu\u00f2 permetterselo?<\/p>\n\n\n\n<p class=\"p2\">6. Qual \u00e8 il tuo mercato di riferimento?<\/p>\n\n\n\n<h2 class=\"wp-block-heading\">Il prodotto \u00e8 richiesto?<\/h2>\n\n\n\n<figure class=\"gb-block-image gb-block-image-986632f7\"><img loading=\"lazy\" decoding=\"async\" width=\"1456\" height=\"816\" class=\"gb-image gb-image-986632f7\" src=\"https:\/\/www.sisinternational.com\/wp-content\/uploads\/2025\/08\/Semiconductor-1.jpg\" alt=\"Ricerca e strategia di mercato internazionale SIS\" title=\"Semiconductor (1)\" srcset=\"https:\/\/www.sisinternational.com\/wp-content\/uploads\/2025\/08\/Semiconductor-1.jpg 1456w, https:\/\/www.sisinternational.com\/wp-content\/uploads\/2025\/08\/Semiconductor-1-300x168.jpg 300w, https:\/\/www.sisinternational.com\/wp-content\/uploads\/2025\/08\/Semiconductor-1-1024x574.jpg 1024w, https:\/\/www.sisinternational.com\/wp-content\/uploads\/2025\/08\/Semiconductor-1-768x430.jpg 768w, https:\/\/www.sisinternational.com\/wp-content\/uploads\/2025\/08\/Semiconductor-1-18x10.jpg 18w\" sizes=\"auto, (max-width: 1456px) 100vw, 1456px\"><\/figure>\n\n\n\n<p><\/p>\n\n\n\n<p class=\"p2\">Facendo ricerche di mercato su questo prodotto, scoprirai molte cose. Ad esempio, vedrai che negli ultimi anni c&#039;\u00e8 stata una carenza. Un altro punto chiave \u00e8 che questa carenza ha causato un aumento dei prezzi dei veicoli. Quindi s\u00ec, influisce sull\u2019utilizzo del veicolo, il che risponderebbe alla domanda \u201c\u00c8 il prodotto richiesto\u201d. I veicoli sono molto richiesti.<\/p>\n\n\n\n<p class=\"p2\">L&#039;industria automobilistica utilizza i semiconduttori perch\u00e9 aiutano nel controllo degli ingranaggi e del carburante. Sono inoltre fondamentali per il funzionamento delle connessioni Internet e dei sensori delle telecamere nei veicoli.<\/p>\n\n\n\n<p class=\"p2\">Anche l\u2019energia elettrica \u00e8 molto richiesta. Pertanto, i semiconduttori saranno molto utili in quasi ogni casa e luogo di lavoro. \u00c8 un dato di fatto, hanno la propriet\u00e0 unica di condurre energia elettrica.<\/p>\n\n\n\n<p class=\"p2\">La conduttivit\u00e0 di un semiconduttore cambia in base al suo ambiente. Questa capacit\u00e0 unica lo rende il cervello dei dispositivi tecnologici e porta a progressi nel campo dell\u2019assistenza sanitaria e delle comunicazioni. Un altro uso di questi materiali \u00e8 nei transistor. Un transistor \u00e8 un circuito di piccoli interruttori a semiconduttore nel cuore di un chip di computer. Consentono ai chip di eseguire calcoli ed eseguire programmi. Questo, in poche parole, \u00e8 il modo in cui utilizziamo questi materiali per la comunicazione.<\/p>\n\n\n\n<p class=\"p2\">Questo tipo di risorsa \u00e8 utile per gli operatori sanitari. Ad esempio, consente loro di scansionare dati e osservare malattie in aree remote. Quindi \u00e8 facile vedere che i semiconduttori sono utili. Tuttavia, le loro alternative durano pi\u00f9 a lungo e funzionano meglio a temperature pi\u00f9 elevate. Il grafene e il silicio sono tutti ottimi conduttori che possono sostituire i semiconduttori.<\/p>\n\n\n\n<p class=\"p2\">Immagina di investire senza conoscere almeno i dettagli essenziali. Sarebbe un rischio reale per un investitore. Quindi, da questo punto di vista, \u00e8 facile capire perch\u00e9 fare ricerche di mercato \u00e8 fondamentale.<\/p>\n\n\n\n<h2 class=\"wp-block-heading\">Titoli di lavoro chiave<\/h2>\n\n\n\n<h3 class=\"wp-block-heading p2\">Alcuni titoli di lavoro che troverai in questo settore sono i seguenti:<\/h3>\n\n\n\n<p class=\"p2\">1. Assemblatore di circuiti stampati<\/p>\n\n\n\n<p class=\"p2\">2. Tecnico di processo<\/p>\n\n\n\n<p class=\"p2\">3. Tecnico dell&#039;attrezzatura<\/p>\n\n\n\n<p class=\"p2\">4. Tecnico dell&#039;assistenza sul campo<\/p>\n\n\n\n<p class=\"p2\">5. Tecnico di prova<\/p>\n\n\n\n<h2 class=\"wp-block-heading\">Perch\u00e9 le aziende hanno bisogno di ricerche di mercato sui semiconduttori?<\/h2>\n\n\n\n<p class=\"p2\">Le aziende hanno bisogno di ricerche di mercato sui semiconduttori. Ad esempio, li aiuta a capire a quali clienti rivolgersi. Inoltre, conoscere il proprio mercato di riferimento \u00e8 un aspetto cruciale di un\u2019attivit\u00e0 di successo. Allo stesso modo, condurre ricerche di mercato ti aiuter\u00e0 a scoprire il mercato di riferimento della tua attivit\u00e0. Pertanto, conoscendo il tuo mercato di riferimento, saprai quale piattaforma utilizzare per fare pubblicit\u00e0. Puoi anche conoscere i tuoi rivali con le ricerche di mercato. Riduce il rischio di mercato.<\/p>\n\n\n\n<p class=\"p1\">Vantaggi delle ricerche di mercato sui semiconduttori<\/p>\n\n\n\n<p class=\"p2\">Le aziende che operano nel settore dei semiconduttori possono ottenere numerosi vantaggi quali:<\/p>\n\n\n\n<ul class=\"wp-block-list ul1\">\n<li><b>Stare al passo con i tempi<\/b>: Le ricerche di mercato nel settore dei semiconduttori forniscono alle organizzazioni informazioni preziose sulle condizioni di mercato in continua evoluzione, dai progressi tecnologici alle preferenze dei clienti. Questi punti dati possono essere utilizzati per modellare la creazione del prodotto, le strategie di prezzo e gli sforzi di marketing per la massima efficienza.<\/li>\n\n\n\n<li><b>Riconoscere le prospettive di sviluppo<\/b>: Semiconductor market <a href=\"https:\/\/www.sisinternational.com\/it\/mercato-dei-beni-di-largo-consumo-in-vietnam\/\" title=\"Il mercato dei beni di largo consumo in Vietnam\"  data-wpil-monitor-id=\"7601\">ricerca<\/a> can be beneficial to businesses by providing them with the opportunity to identify growth opportunities in existing and emerging markets. With a comprehensive examination of <a href=\"https:\/\/www.sisinternational.com\/it\/competenza\/industrie\/voce-delle-bevande-alimentari-della-ricerca-di-mercato-dei-clienti\/\" title=\"La voce del cliente nel settore alimentare e delle bevande. Ricerche di mercato\"  data-wpil-monitor-id=\"11187\">customer requirements and market<\/a> trends, companies can create new products and services that satisfy the ever-changing needs of their target audience.<\/li>\n\n\n\n<li><b>Mitigazione del rischio<\/b>: By leveraging semiconductor market research, organizations can reduce the risks of entering a new <a href=\"https:\/\/www.sisinternational.com\/it\/soluzioni\/consulenza-strategica\/ricerca-di-mercato-minima-del-prodotto-praticabile\/\" title=\"Ricerca di mercato sui prodotti minimi validi\"  data-wpil-monitor-id=\"11189\">market or launching new products<\/a>.<\/li>\n\n\n\n<li><b>Aumentare la soddisfazione del cliente<\/b>: L&#039;utilizzo delle ricerche di mercato sui semiconduttori aiuta le organizzazioni ad acquisire una maggiore conoscenza delle esigenze e dei desideri dei propri clienti. Sfruttando questa comprensione, sono maggiormente in grado di creare linee di prodotti e servizi che soddisfano maggiormente le aspettative dei clienti.<\/li>\n\n\n\n<li><b>Migliore processo decisionale<\/b>: Le ricerche di mercato sui semiconduttori consentono alle aziende di prendere decisioni informate sulla progettazione e lo sviluppo del prodotto, sulle strategie di marketing e sulle politiche dei prezzi, tra gli altri. Con questa conoscenza, le aziende sono in una posizione migliore per sfruttare tutte le opportunit\u00e0 disponibili nel loro settore in rapida evoluzione.<\/li>\n<\/ul>\n\n\n\n<p class=\"p1\"><strong>Limitazioni della ricerca di mercato sui semiconduttori<\/strong><\/p>\n\n\n\n<ul class=\"wp-block-list ul1\">\n<li>Le aziende del settore dei semiconduttori esitano a rivelare dati precisi sui loro prodotti e processi a causa delle preoccupazioni legate alla concorrenza. Ci\u00f2 pu\u00f2 presentare alcune limitazioni quando arriva il momento di effettuare ricerche di mercato complete.<\/li>\n\n\n\n<li>Ottenere l&#039;accesso alle conoscenze tecniche specializzate e alle risorse necessarie per una ricerca di mercato completa nel settore dei semiconduttori pu\u00f2 essere costoso poich\u00e9 di solito richiede l&#039;uso di strumenti e fonti di dati specifici.<\/li>\n\n\n\n<li>La politica globale influenza pesantemente il mercato dei semiconduttori. Poich\u00e9 questi fattori sono notoriamente imprevedibili, possono portare a cambiamenti drammatici sia nella crescita che nella redditivit\u00e0 all\u2019interno del settore.<\/li>\n<\/ul>\n\n\n\n<h2 class=\"wp-block-heading\">Fattori chiave del successo<\/h2>\n\n\n\n<figure class=\"gb-block-image gb-block-image-c25db120\"><img loading=\"lazy\" decoding=\"async\" width=\"1456\" height=\"816\" class=\"gb-image gb-image-c25db120\" src=\"https:\/\/www.sisinternational.com\/wp-content\/uploads\/2025\/08\/Semiconductor-5.jpg\" alt=\"Ricerca e strategia di mercato internazionale SIS\" title=\"Semiconductor (5)\" srcset=\"https:\/\/www.sisinternational.com\/wp-content\/uploads\/2025\/08\/Semiconductor-5.jpg 1456w, https:\/\/www.sisinternational.com\/wp-content\/uploads\/2025\/08\/Semiconductor-5-300x168.jpg 300w, https:\/\/www.sisinternational.com\/wp-content\/uploads\/2025\/08\/Semiconductor-5-1024x574.jpg 1024w, https:\/\/www.sisinternational.com\/wp-content\/uploads\/2025\/08\/Semiconductor-5-768x430.jpg 768w, https:\/\/www.sisinternational.com\/wp-content\/uploads\/2025\/08\/Semiconductor-5-18x10.jpg 18w\" sizes=\"auto, (max-width: 1456px) 100vw, 1456px\"><\/figure>\n\n\n\n<p><\/p>\n\n\n\n<p class=\"p2\">We\u2019ve outlined some key factors to succeed and make a profit in this area. For example, there must be high hopes for the future of the business. Also, by doing research, you will know the risks. Thus, <a href=\"https:\/\/www.sisinternational.com\/it\/fattori-chiave-di-successo-nelle-ricerche-di-mercato-automobilistiche\/\" title=\"Fattori chiave di successo nelle ricerche di mercato automobilistiche\"  data-wpil-monitor-id=\"11179\">research is another success factor<\/a> to keep in mind.<\/p>\n\n\n\n<h3 class=\"wp-block-heading p2\">Alcuni altri fattori critici di successo includono:<\/h3>\n\n\n\n<p>1. Ottenere finanziamenti<\/p>\n\n\n\n<p>2. Migliorare e crescere<\/p>\n\n\n\n<p>3. Rispettare il budget<\/p>\n\n\n\n<p>4. Avere un ingegnere progettista<\/p>\n\n\n\n<p>5. Costruire la fiducia dei clienti<\/p>\n\n\n\n<h2 class=\"wp-block-heading p1\">Prospettive future della ricerca di mercato dei semiconduttori<\/h2>\n\n\n\n<p class=\"p3\">L\u2019industria dei semiconduttori sta vivendo un enorme cambiamento nella domanda di dispositivi IoT. Per trarre vantaggio da questa tendenza, le aziende stanno sviluppando chip pi\u00f9 piccoli, pi\u00f9 veloci e pi\u00f9 efficienti dal punto di vista energetico in grado di alimentare questi gadget futuristici. Questo sviluppo promette di stimolare la crescita del settore negli anni a venire.<\/p>\n\n\n\n<p class=\"p3\">Inoltre, l\u2019uso sempre pi\u00f9 rapido dell\u2019intelligenza artificiale e dell\u2019apprendimento automatico aprir\u00e0 un mondo di possibilit\u00e0 per l\u2019industria dei semiconduttori. Per elaborare enormi quantit\u00e0 di dati in tempo reale con elevata precisione, queste tecnologie si affidano a semiconduttori all\u2019avanguardia. Inoltre, si prevede che materiali all\u2019avanguardia come il nitruro di gallio e il carburo di silicio favoriranno un\u2019ulteriore crescita in questo settore poich\u00e9 offrono prestazioni ed efficienza energetica superiori rispetto ai componenti tradizionali.<\/p>\n\n\n\n<h2 class=\"wp-block-heading\">Informazioni sulle ricerche di mercato sui semiconduttori<\/h2>\n\n\n\n<p class=\"p2\">Are you looking to invest in Semiconductors but don\u2019t know how to go about doing Market Research? We can help with your first step of investing in this sector. <a href=\"https:\/\/www.sisinternational.com\/it\/contattaci\/\" title=\"Contattaci\"  data-wpil-monitor-id=\"11175\">Ricerca internazionale SIS<\/a> offers Quantitative and Qualitative Research coupled with Strategy Research. We <a href=\"https:\/\/www.sisinternational.com\/it\/soluzioni\/focus-group\/reclutamento-di-focus-group-online\/\" title=\"Reclutamento di focus group online\"  data-wpil-monitor-id=\"11176\">recruit Focus Groups<\/a> to gain public opinion and worries about a product. We also do Interviews and Surveys. Contact us today!<\/p>\n\n\n\n<p><\/p>","protected":false},"excerpt":{"rendered":"<p>SIS \u00e8 una societ\u00e0 di ricerche di mercato globale e consulenza strategica. Fai crescere la tua attivit\u00e0 con le ricerche di mercato sui semiconduttori. <\/p>","protected":false},"author":1,"featured_media":64529,"parent":14514,"menu_order":78,"comment_status":"closed","ping_status":"closed","template":"","meta":{"footnotes":""},"class_list":["post-39093","page","type-page","status-publish","has-post-thumbnail"],"_links":{"self":[{"href":"https:\/\/www.sisinternational.com\/it\/wp-json\/wp\/v2\/pages\/39093","targetHints":{"allow":["GET"]}}],"collection":[{"href":"https:\/\/www.sisinternational.com\/it\/wp-json\/wp\/v2\/pages"}],"about":[{"href":"https:\/\/www.sisinternational.com\/it\/wp-json\/wp\/v2\/types\/page"}],"author":[{"embeddable":true,"href":"https:\/\/www.sisinternational.com\/it\/wp-json\/wp\/v2\/users\/1"}],"replies":[{"embeddable":true,"href":"https:\/\/www.sisinternational.com\/it\/wp-json\/wp\/v2\/comments?post=39093"}],"version-history":[{"count":6,"href":"https:\/\/www.sisinternational.com\/it\/wp-json\/wp\/v2\/pages\/39093\/revisions"}],"predecessor-version":[{"id":81826,"href":"https:\/\/www.sisinternational.com\/it\/wp-json\/wp\/v2\/pages\/39093\/revisions\/81826"}],"up":[{"embeddable":true,"href":"https:\/\/www.sisinternational.com\/it\/wp-json\/wp\/v2\/pages\/14514"}],"wp:featuredmedia":[{"embeddable":true,"href":"https:\/\/www.sisinternational.com\/it\/wp-json\/wp\/v2\/media\/64529"}],"wp:attachment":[{"href":"https:\/\/www.sisinternational.com\/it\/wp-json\/wp\/v2\/media?parent=39093"}],"curies":[{"name":"wp","href":"https:\/\/api.w.org\/{rel}","templated":true}]}}