{"id":39077,"date":"2021-10-20T18:59:39","date_gmt":"2021-10-20T18:59:39","guid":{"rendered":"https:\/\/www.sisinternational.com\/?page_id=39077"},"modified":"2025-10-22T19:40:18","modified_gmt":"2025-10-22T23:40:18","slug":"analisi-maxdiff","status":"publish","type":"page","link":"https:\/\/www.sisinternational.com\/it\/soluzioni\/soluzioni-di-ricerca-quantitativa-qualitativa\/analisi-maxdiff\/","title":{"rendered":"Analisi di Maxdiff"},"content":{"rendered":"<h1 class=\"wp-block-heading\">Analisi di Maxdiff<\/h1>\n\n\n\n<figure class=\"gb-block-image gb-block-image-fa50b16a\"><img loading=\"lazy\" decoding=\"async\" width=\"1456\" height=\"816\" class=\"gb-image gb-image-fa50b16a\" src=\"https:\/\/www.sisinternational.com\/wp-content\/uploads\/2025\/10\/analysis-analytics-research-10.jpg\" alt=\"Ricerca e strategia di mercato internazionale SIS\" title=\"analysis analytics research (10)\" srcset=\"https:\/\/www.sisinternational.com\/wp-content\/uploads\/2025\/10\/analysis-analytics-research-10.jpg 1456w, https:\/\/www.sisinternational.com\/wp-content\/uploads\/2025\/10\/analysis-analytics-research-10-300x168.jpg 300w, https:\/\/www.sisinternational.com\/wp-content\/uploads\/2025\/10\/analysis-analytics-research-10-1024x574.jpg 1024w, https:\/\/www.sisinternational.com\/wp-content\/uploads\/2025\/10\/analysis-analytics-research-10-768x430.jpg 768w, https:\/\/www.sisinternational.com\/wp-content\/uploads\/2025\/10\/analysis-analytics-research-10-18x10.jpg 18w\" sizes=\"auto, (max-width: 1456px) 100vw, 1456px\"><\/figure>\n\n\n\n<p><\/p>\n\n\n\n<h2 class=\"wp-block-heading p1\">L&#039;analisi Maxdiff \u00e8 un metodo di ridimensionamento utilizzato per calcolare il feedback del sondaggio.<\/h2>\n\n\n\n<p class=\"p1\">It also measures preference scores and values that customers put on a list of items. The Maxdiff Analysis is very much like the Conjoint Analysis. But it is much easier to use. It\u2019s also more precise than Conjoint when it comes to analyzing essential information. This method shows participants the best and worst options in a list of items. Companies use it to see the traits that customers find most important. They can then adjust their <a href=\"https:\/\/www.sisinternational.com\/it\/soluzioni\/prova-del-gusto\/servizi-di-test-di-prodotto-a-new-york\/\" title=\"Servizi di test di prodotto a New York\"  data-wpil-monitor-id=\"7827\">products or services<\/a> to suit.<\/p>\n\n\n\n<h2 class=\"wp-block-heading\">Perch\u00e9 l&#039;analisi Maxdiff \u00e8 importante?<\/h2>\n\n\n\n<p class=\"p1\">Maxdiff analysis is a tremendous aid to researchers. They use this method to find features that suit customers\u2019 choices. <a href=\"https:\/\/www.sisinternational.com\/it\/soluzioni\/societa-di-ricerche-di-mercato-per-il-campionamento-di-sondaggi-online\/\" title=\"Societ\u00e0 di ricerche di mercato per il campionamento di sondaggi online\"  data-wpil-monitor-id=\"7826\">Companies create surveys<\/a> to see the most chosen things by customers. Also, to know the things that will make a difference in their business.<\/p>\n\n\n\n<p class=\"p1\">I dipartimenti di marketing, ad esempio, nel settore del turismo, utilizzano molto Maxdiff. Questo metodo pu\u00f2 aiutare a confrontare le peculiarit\u00e0 di due luoghi. Pu\u00f2 quindi restringere il processo decisionale in base al budget fornito. Ad esempio, pu\u00f2 fornire opzioni per il livello di lusso, cucina e se il visitatore desidera vedere la fauna selvatica locale. Possono anche decidere la vita notturna, le spiagge e le attivit\u00e0 culturali per il loro viaggio. Da l\u00ec, possono confrontare le opzioni e sceglierne una.<\/p>\n\n\n\n<h2 class=\"wp-block-heading\">Titoli di lavoro chiave<\/h2>\n\n\n\n<p class=\"p2\">Nel marketing, questa analisi svolge il ruolo di leva. Aiuta i ricercatori di mercato a ottenere una classifica per tutte le diverse opzioni presentate. Questi punteggi aiutano nella gestione del budget. Aiuta anche a capire cosa piace di pi\u00f9 e cosa meno ai clienti.<span class=\"Apple-converted-space\">&nbsp;<\/span><\/p>\n\n\n\n<p class=\"p2\">The Maxdiff analysis makes specific hunches about how people make their choices, which is very useful for the marketing industry. By using this method, businesses can make profits. Why? Because they spend time focusing on the things the customers want and need instead of stocking up on items people do not want. After gaining this type of information, it\u2019s easier to <a href=\"https:\/\/www.sisinternational.com\/it\/soluzioni\/legal-market-research\/ricerca-di-mercato-sulla-gestione-della-spesa-dello-studio-legale\/\" title=\"Ricerche di mercato sulla gestione della spesa dello studio legale\"  data-wpil-monitor-id=\"7825\">manage their spending<\/a>. Profits will rise, and market researchers can then move to find new bestsellers.<\/p>\n\n\n\n<h2 class=\"wp-block-heading\">Perch\u00e9 le aziende hanno bisogno dell&#039;analisi Maxdiff<\/h2>\n\n\n\n<p class=\"p2\">The Maxdiff analysis shows preferences. Likewise, businesses can use it to make final choices in different areas. It also helps to focus on essential areas. Also, it makes the most of the budget by evaluating the answers collected from the surveys. This process then allows the company to make the best choices for itself. Other survey types like rank order, matrix, and rating scales lack this ability. That\u2019s why this <a href=\"https:\/\/www.sisinternational.com\/it\/quantitative-market-research-methods-and-techniques\/\" title=\"Quantitative Market Research Methods and Techniques\"  data-wpil-monitor-id=\"7823\">method is an excellent research<\/a> tool.<\/p>\n\n\n\n<p class=\"p2\">Questo metodo \u00e8 particolarmente utile nei dati sulle preferenze a livello singolo. Conviene quando le aziende devono fare scelte importanti come quella della tipologia di bibita pi\u00f9 diffusa. Maxdiff d\u00e0 cos\u00ec ai clienti voce in capitolo su quali prodotti rimangono sullo scaffale e quali vengono tagliati.<\/p>\n\n\n\n<p class=\"p2\">Conjoint analysis is the opposite of this data collection method. For instance, it comes in handy when collecting many different levels of choices.<\/p>\n\n\n\n<h2 class=\"wp-block-heading\">Fattori chiave del successo<\/h2>\n\n\n\n<p class=\"p2\">L&#039;utilizzo di questo metodo fornisce valutazioni importanti per ciascun elemento. Pu\u00f2 anche mostrare quanto vitali siano questi prodotti l&#039;uno rispetto all&#039;altro. I principali vantaggi derivanti dall&#039;utilizzo di Maxdiff sono:<\/p>\n\n\n\n<p class=\"p2\">1. Giudizio forte<\/p>\n\n\n\n<p class=\"p2\">2. \u00c8 facile ottenere risposte<\/p>\n\n\n\n<p class=\"p2\">3. Allows the <a href=\"https:\/\/www.sisinternational.com\/it\/soluzioni\/soluzioni-di-branding-e-ricerca-clienti\/ricerche-di-mercato-per-test-di-prodotto\/new-product-concept-testing-methods\/\" title=\"New Product Concept Testing Methods\"  data-wpil-monitor-id=\"7828\">test<\/a> of more items than with other methods<\/p>\n\n\n\n<p class=\"p2\">4. Fornisce dati sui rapporti e misura tutte le differenze<\/p>\n\n\n\n<p class=\"p2\">5. Nessun limite<\/p>\n\n\n\n<p class=\"p2\">Non solo pu\u00f2 fare tutte queste cose e gestire i punteggi, ma ha anche altri vantaggi come TURF (Total Unduplicated Reach and Frequency). TURF pu\u00f2 dire quali dati copriranno molto probabilmente una parte significativa del tuo target.<\/p>\n\n\n\n<h2 class=\"wp-block-heading\">Informazioni sulle ricerche di mercato di Maxdiff<\/h2>\n\n\n\n<p class=\"p2\">If your company is thinking of using this method of analysis, then you\u2019ve come to the right place. We have created focus groups to help in this area, and also in survey making and interviews. This company also does strategic, quantitative, and <a href=\"https:\/\/www.sisinternational.com\/it\/la-migliore-azienda-di-ricerca-qualitativa-al-mondo\/\" title=\"La migliore azienda di ricerca qualitativa a livello mondiale\"  data-wpil-monitor-id=\"7820\">qualitative research for companies<\/a> we support. We can give you the tools to make the best decisions to improve your company. We are always willing to assist in growing new companies. So please feel free to contact us.<\/p>\n\n\n\n<p><\/p>","protected":false},"excerpt":{"rendered":"<p>L&#039;analisi Maxdiff \u00e8 un metodo di ridimensionamento utilizzato per calcolare il feedback del sondaggio. Misura anche i punteggi e i valori delle preferenze che i clienti inseriscono in un elenco di articoli.<\/p>","protected":false},"author":1,"featured_media":71908,"parent":14660,"menu_order":20,"comment_status":"closed","ping_status":"closed","template":"","meta":{"footnotes":""},"class_list":["post-39077","page","type-page","status-publish","has-post-thumbnail"],"_links":{"self":[{"href":"https:\/\/www.sisinternational.com\/it\/wp-json\/wp\/v2\/pages\/39077","targetHints":{"allow":["GET"]}}],"collection":[{"href":"https:\/\/www.sisinternational.com\/it\/wp-json\/wp\/v2\/pages"}],"about":[{"href":"https:\/\/www.sisinternational.com\/it\/wp-json\/wp\/v2\/types\/page"}],"author":[{"embeddable":true,"href":"https:\/\/www.sisinternational.com\/it\/wp-json\/wp\/v2\/users\/1"}],"replies":[{"embeddable":true,"href":"https:\/\/www.sisinternational.com\/it\/wp-json\/wp\/v2\/comments?post=39077"}],"version-history":[{"count":5,"href":"https:\/\/www.sisinternational.com\/it\/wp-json\/wp\/v2\/pages\/39077\/revisions"}],"predecessor-version":[{"id":81320,"href":"https:\/\/www.sisinternational.com\/it\/wp-json\/wp\/v2\/pages\/39077\/revisions\/81320"}],"up":[{"embeddable":true,"href":"https:\/\/www.sisinternational.com\/it\/wp-json\/wp\/v2\/pages\/14660"}],"wp:featuredmedia":[{"embeddable":true,"href":"https:\/\/www.sisinternational.com\/it\/wp-json\/wp\/v2\/media\/71908"}],"wp:attachment":[{"href":"https:\/\/www.sisinternational.com\/it\/wp-json\/wp\/v2\/media?parent=39077"}],"curies":[{"name":"wp","href":"https:\/\/api.w.org\/{rel}","templated":true}]}}