{"id":39071,"date":"2021-10-20T18:58:32","date_gmt":"2021-10-20T18:58:32","guid":{"rendered":"https:\/\/www.sisinternational.com\/?page_id=39071"},"modified":"2026-01-25T18:22:02","modified_gmt":"2026-01-25T23:22:02","slug":"ricerca-di-mercato-per-la-previsione-della-domanda","status":"publish","type":"page","link":"https:\/\/www.sisinternational.com\/it\/soluzioni\/consulenza-strategica\/ricerca-di-mercato-per-la-previsione-della-domanda\/","title":{"rendered":"Demand Forecasting Market Consulting"},"content":{"rendered":"<h1 class=\"wp-block-heading\">Demand Forecasting Market Consulting<\/h1>\n\n\n\n<p><\/p>\n\n\n\n<figure class=\"gb-block-image gb-block-image-4b7ab4e9\"><img loading=\"lazy\" decoding=\"async\" width=\"1456\" height=\"816\" class=\"gb-image gb-image-4b7ab4e9\" src=\"https:\/\/www.sisinternational.com\/wp-content\/uploads\/2025\/08\/Creativity-5.jpg\" alt=\"Ricerca e strategia di mercato internazionale SIS\" title=\"Creativity (5)\" srcset=\"https:\/\/www.sisinternational.com\/wp-content\/uploads\/2025\/08\/Creativity-5.jpg 1456w, https:\/\/www.sisinternational.com\/wp-content\/uploads\/2025\/08\/Creativity-5-300x168.jpg 300w, https:\/\/www.sisinternational.com\/wp-content\/uploads\/2025\/08\/Creativity-5-1024x574.jpg 1024w, https:\/\/www.sisinternational.com\/wp-content\/uploads\/2025\/08\/Creativity-5-768x430.jpg 768w, https:\/\/www.sisinternational.com\/wp-content\/uploads\/2025\/08\/Creativity-5-18x10.jpg 18w\" sizes=\"auto, (max-width: 1456px) 100vw, 1456px\"><\/figure>\n\n\n\n<p><\/p>\n\n\n\n<p class=\"p1\">Demand Forecasting is the process of analyzing data in detail. The forecaster then uses it to predict customers\u2019 future wants for a product or service. This method has many different areas. Each varies from the other. Thus, the forecaster has to choose which one is best. The <a href=\"https:\/\/www.sisinternational.com\/it\/soluzioni\/soluzioni-di-ricerca-quantitativa-qualitativa\/demand-forecasting-best-practices\/\" title=\"Demand Forecasting Best Practices\"  data-wpil-monitor-id=\"1638\">forecasting of customers\u2019 demands<\/a> helps companies make good decisions. These types of decisions will grow future sales and revenues.<\/p>\n\n\n\n<p class=\"p1\">Demand refers to what goods or services customers want. In other words, it shows how willing customers are to buy things at a given price. <a href=\"https:\/\/www.sisinternational.com\/it\/soluzioni\/ricerche-di-mercato-sulle-vendite-aziendali-b2b\/\" title=\"Ricerche di mercato sulle vendite aziendali B2B\"  data-wpil-monitor-id=\"11169\">Sales and marketing<\/a> departments usually do the forecasting. Product managers may also do it. These <a href=\"https:\/\/www.sisinternational.com\/it\/competenza\/industrie\/ricerche-di-mercato-sulle-popolazioni-indigene\/\" title=\"Ricerche di mercato sulle popolazioni indigene\"  data-wpil-monitor-id=\"11167\">people have the best understanding of marketing<\/a> demands and customer behavior. Hence the company trusts them to make choices that will <a href=\"https:\/\/www.sisinternational.com\/it\/pubblicazioni\/ricerche-di-mercato-per-un-business-scalabile-7-modi-per-costruire-un-business-scalabile\/\" title=\"Ricerche di mercato per aziende scalabili: 7 modi per costruire un business scalabile\"  data-wpil-monitor-id=\"11173\">build the business<\/a> in the end. If they fail and make a wrong decision, the company\u2019s revenues will drop, causing losses.<\/p>\n\n\n\n<h2 class=\"wp-block-heading\">Perch\u00e9 la previsione della domanda \u00e8 importante?<\/h2>\n\n\n\n<p class=\"p1\">La previsione della domanda \u00e8 fondamentale nelle vendite. Consente all&#039;azienda di impostare i prezzi e i livelli delle scorte corretti. Aiuta anche l\u2019azienda a capire come espandere i progetti futuri. Una previsione inadeguata pu\u00f2 portare a perdite di vendite e cali delle scorte, per non parlare dei clienti insoddisfatti e della perdita di ricavi.<\/p>\n\n\n\n<p class=\"p1\">Demand has a very valued bond with supply. Together they both determine prices and the bulk of goods and <a href=\"https:\/\/www.sisinternational.com\/it\/soluzioni\/ricerca-di-consulenza-strategica-fintech\/ricerche-di-mercato-sui-servizi-finanziari\/\" title=\"Ricerche di mercato sui servizi finanziari\"  data-wpil-monitor-id=\"11168\">services in a market<\/a> base. This bond with demand and supply keeps a balance between goods and services. It is the basis of marketing.<\/p>\n\n\n\n<h2 class=\"wp-block-heading\">Titoli di lavoro chiave<\/h2>\n\n\n\n<p class=\"p1\"><a href=\"https:\/\/www.sisinternational.com\/it\/competenza\/curriculum-di-esperienza\/ricerche-di-mercato-sui-prodotti-per-la-cura-personale\/\" title=\"Ricerche di mercato sui prodotti per la cura personale\"  data-wpil-monitor-id=\"11171\">Persons working in marketing<\/a> rely on demand forecasting. This metric shows many things, such as what sales can achieve. So, to clarify, the sales department makes decisions based on <a href=\"https:\/\/www.sisinternational.com\/it\/soluzioni\/consulenza-strategica\/analisi-dei-dati\/\" title=\"Societ\u00e0 di analisi dei dati\"  data-wpil-monitor-id=\"11174\">data<\/a> they have for the better of the company. These decisions set a new base for the company, to say nothing of drawing in new customers.<\/p>\n\n\n\n<p class=\"p1\">Le previsioni fatte da questi dipartimenti garantiscono che il futuro rimanga liscio. Queste previsioni dovrebbero essere redditizie anche per l\u2019azienda. Inoltre, sapere cosa potrebbe riservare il futuro rende pi\u00f9 facile affrontare i problemi con facilit\u00e0.<\/p>\n\n\n\n<h2 class=\"wp-block-heading\">Perch\u00e9 le aziende hanno bisogno della previsione della domanda<\/h2>\n\n\n\n<figure class=\"gb-block-image gb-block-image-2ba65b91\"><img loading=\"lazy\" decoding=\"async\" width=\"1456\" height=\"816\" class=\"gb-image gb-image-2ba65b91\" src=\"https:\/\/www.sisinternational.com\/wp-content\/uploads\/2025\/08\/Business-24.jpg\" alt=\"Ricerca e strategia di mercato internazionale SIS\" title=\"Business (24)\" srcset=\"https:\/\/www.sisinternational.com\/wp-content\/uploads\/2025\/08\/Business-24.jpg 1456w, https:\/\/www.sisinternational.com\/wp-content\/uploads\/2025\/08\/Business-24-300x168.jpg 300w, https:\/\/www.sisinternational.com\/wp-content\/uploads\/2025\/08\/Business-24-1024x574.jpg 1024w, https:\/\/www.sisinternational.com\/wp-content\/uploads\/2025\/08\/Business-24-768x430.jpg 768w, https:\/\/www.sisinternational.com\/wp-content\/uploads\/2025\/08\/Business-24-18x10.jpg 18w\" sizes=\"auto, (max-width: 1456px) 100vw, 1456px\"><\/figure>\n\n\n\n<p><\/p>\n\n\n\n<p class=\"p1\"><a href=\"https:\/\/www.sisinternational.com\/it\/carta-bianca-che-viene-prima-dalla-domanda-o-dallofferta\/\" title=\"Libro bianco: cosa viene prima: domanda o offerta?\"  data-wpil-monitor-id=\"4789\">Demand Forecasting<\/a> helps companies make decisions from stock to supply. Expectations from customers change by the minute. Thus, businesses need a way to forecast demand. When <a href=\"https:\/\/www.sisinternational.com\/it\/azienda-leader-nella-previsione-delle-tendenze-del-settore-b2b\/\" title=\"Principali previsioni sulle tendenze del settore B2B\"  data-wpil-monitor-id=\"11170\">companies use forecasting<\/a>, managers can make choices for growth, which will increase their value in their current markets and others.<\/p>\n\n\n\n<p class=\"p1\">Innanzitutto, le aziende devono prevedere le vendite. Possono quindi utilizzare i nuovi dati per aiutare nella pianificazione futura. Una buona comprensione dei dati pu\u00f2 quindi aiutare i manager a vedere quali saranno presto le vendite. Possono quindi elaborare un piano per soddisfare le esigenze dei propri clienti.<\/p>\n\n\n\n<p class=\"p1\">In ogni attivit\u00e0 esiste un capitale fisso. Se non gestisce le aree finanziarie, potrebbe soffrire di finanziamenti eccessivi o insufficienti. Ma quando tutto va bene, l\u2019azienda ne trarr\u00e0 vantaggio.<\/p>\n\n\n\n<h3 class=\"wp-block-heading\">Fattori chiave del successo<\/h3>\n\n\n\n<p class=\"p1\">Il vantaggio pi\u00f9 comune della previsione della domanda \u00e8 la soddisfazione dei clienti. Un altro vantaggio \u00e8 l\u2019aumento dei profitti. Altri sarebbero:<\/p>\n\n\n\n<p class=\"p1\">1. Diminuzione delle scorte disponibili<\/p>\n\n\n\n<p class=\"p1\">2. Migliorare i budget<\/p>\n\n\n\n<p class=\"p1\">3. Servizio clienti migliorato<\/p>\n\n\n\n<p class=\"p1\">4. Migliorare i piani<\/p>\n\n\n\n<p class=\"p1\">5. Aprire la strada ai partenariati<\/p>\n\n\n\n<p class=\"p1\">6. Stima dei fabbisogni finanziari<\/p>\n\n\n\n<p class=\"p1\">Mettendo insieme tutti questi fattori, le aziende possono stabilire le basi per la pianificazione. Questo tipo di pianificazione garantisce il futuro dell\u2019azienda. Ne consegue il concetto che pi\u00f9 dati vengono raccolti, migliore \u00e8 il processo decisionale.<\/p>\n\n\n\n<h2 class=\"wp-block-heading\">Informazioni sulla ricerca sulla previsione della domanda<\/h2>\n\n\n\n<p class=\"p1\">Using a forecasting method has many benefits. It gains both profits and happy customers. If your company is willing to use this method, our business is here to help. We arrange focus groups to help with this and other areas as well. We also conduct Strategic, Quantitative, and Qualitative Research. Our team can help improve the choices you make in the company to increase profits. We are always ready and willing to help. So contact us today. Let\u2019s get started on <a href=\"https:\/\/www.sisinternational.com\/it\/pubblicazioni\/giappone-esportatore-di-fascia-media-del-mercato\/\" title=\"Far crescere il tuo business in Giappone\"  data-wpil-monitor-id=\"11172\">growing your business<\/a>.<\/p>\n\n\n\n<p><\/p>","protected":false},"excerpt":{"rendered":"<p>Demand Forecasting is the process of analyzing data in detail. Forecasters use it to predict customers\u2019 future wants for a product or service. SIS provides extensive research to help increase your company&#8217;s profits.<\/p>","protected":false},"author":1,"featured_media":62645,"parent":14567,"menu_order":15,"comment_status":"closed","ping_status":"closed","template":"","meta":{"footnotes":""},"class_list":["post-39071","page","type-page","status-publish","has-post-thumbnail"],"_links":{"self":[{"href":"https:\/\/www.sisinternational.com\/it\/wp-json\/wp\/v2\/pages\/39071","targetHints":{"allow":["GET"]}}],"collection":[{"href":"https:\/\/www.sisinternational.com\/it\/wp-json\/wp\/v2\/pages"}],"about":[{"href":"https:\/\/www.sisinternational.com\/it\/wp-json\/wp\/v2\/types\/page"}],"author":[{"embeddable":true,"href":"https:\/\/www.sisinternational.com\/it\/wp-json\/wp\/v2\/users\/1"}],"replies":[{"embeddable":true,"href":"https:\/\/www.sisinternational.com\/it\/wp-json\/wp\/v2\/comments?post=39071"}],"version-history":[{"count":6,"href":"https:\/\/www.sisinternational.com\/it\/wp-json\/wp\/v2\/pages\/39071\/revisions"}],"predecessor-version":[{"id":81824,"href":"https:\/\/www.sisinternational.com\/it\/wp-json\/wp\/v2\/pages\/39071\/revisions\/81824"}],"up":[{"embeddable":true,"href":"https:\/\/www.sisinternational.com\/it\/wp-json\/wp\/v2\/pages\/14567"}],"wp:featuredmedia":[{"embeddable":true,"href":"https:\/\/www.sisinternational.com\/it\/wp-json\/wp\/v2\/media\/62645"}],"wp:attachment":[{"href":"https:\/\/www.sisinternational.com\/it\/wp-json\/wp\/v2\/media?parent=39071"}],"curies":[{"name":"wp","href":"https:\/\/api.w.org\/{rel}","templated":true}]}}