{"id":38925,"date":"2021-09-25T02:54:21","date_gmt":"2021-09-25T02:54:21","guid":{"rendered":"https:\/\/www.sisinternational.com\/?page_id=38925"},"modified":"2026-01-25T16:53:53","modified_gmt":"2026-01-25T21:53:53","slug":"ricerche-di-mercato-in-serbia","status":"publish","type":"page","link":"https:\/\/www.sisinternational.com\/it\/copertura\/europa\/ricerche-di-mercato-in-serbia\/","title":{"rendered":"Ricerche di mercato in Serbia"},"content":{"rendered":"<h1 class=\"wp-block-heading\">Ricerche di mercato in Serbia<\/h1>\n\n\n\n<figure class=\"gb-block-image gb-block-image-9a13ce2a\"><img loading=\"lazy\" decoding=\"async\" width=\"1456\" height=\"816\" class=\"gb-image gb-image-9a13ce2a\" src=\"https:\/\/www.sisinternational.com\/wp-content\/uploads\/2025\/09\/Serbia-1.jpg\" alt=\"Ricerca e strategia di mercato internazionale SIS\" title=\"Serbia (1)\" srcset=\"https:\/\/www.sisinternational.com\/wp-content\/uploads\/2025\/09\/Serbia-1.jpg 1456w, https:\/\/www.sisinternational.com\/wp-content\/uploads\/2025\/09\/Serbia-1-300x168.jpg 300w, https:\/\/www.sisinternational.com\/wp-content\/uploads\/2025\/09\/Serbia-1-1024x574.jpg 1024w, https:\/\/www.sisinternational.com\/wp-content\/uploads\/2025\/09\/Serbia-1-768x430.jpg 768w, https:\/\/www.sisinternational.com\/wp-content\/uploads\/2025\/09\/Serbia-1-18x10.jpg 18w\" sizes=\"auto, (max-width: 1456px) 100vw, 1456px\"><\/figure>\n\n\n\n<hr class=\"wp-block-separator has-alpha-channel-opacity is-style-dots\"\/>\n\n\n\n<p>La Serbia \u00e8 una buona destinazione per le imprese che cercano crescita ed espansione. La posizione strategica, la forza lavoro qualificata e le industrie emergenti offrono opportunit\u00e0 uniche per la ricerca di mercato per guidare un processo decisionale informato. Ecco perch\u00e9 le ricerche di mercato in Serbia scoprono opportunit\u00e0 commerciali uniche e guidano un processo decisionale informato.<\/p>\n\n\n\n<h2 class=\"wp-block-heading\">Cos&#039;\u00e8 la ricerca di mercato in Serbia?<\/h2>\n\n\n\n<p>La ricerca di mercato in Serbia mira a comprendere i comportamenti dei consumatori, le tendenze del settore e i panorami competitivi all\u2019interno del mercato serbo. Si tratta di un\u2019indagine sistematica per identificare le opportunit\u00e0 e le sfide che le aziende potrebbero incontrare. Conducendo ricerche di mercato approfondite, le aziende ottengono preziose informazioni sulle preferenze dei clienti, sulle richieste del mercato e sui quadri normativi, consentendo strategie di ingresso nel mercato informate e ottimizzazioni di prodotti\/servizi.<\/p>\n\n\n\n<h2 class=\"wp-block-heading\">Perch\u00e9 le aziende hanno bisogno di ricerche di mercato in Serbia?<\/h2>\n\n\n\n<p>La ricerca di mercato in Serbia fornisce una comprensione approfondita delle preferenze, dei comportamenti e dei modelli di acquisto dei consumatori serbi. Attraverso la ricerca di mercato, le aziende possono identificare segmenti di mercato inesplorati, tendenze emergenti e opportunit\u00e0 di crescita in Serbia. Queste informazioni consentono strategie di ingresso nel mercato mirate e sviluppo di prodotti\/servizi allineati alle esigenze del mercato.<\/p>\n\n\n\n<p>Inoltre, le ricerche di mercato in Serbia consentono alle aziende di valutare il panorama competitivo e comprendere le strategie, i punti di forza e di debolezza dei concorrenti. Analizzando i dati di mercato e le tendenze dei consumatori, le aziende possono anticipare potenziali rischi e sfide nel mercato serbo. Questo approccio proattivo consente la mitigazione del rischio e un processo decisionale informato.<\/p>\n\n\n\n<h2 class=\"wp-block-heading\">Quando condurre ricerche di mercato in Serbia<\/h2>\n\n\n\n<figure class=\"gb-block-image gb-block-image-5623b722\"><img loading=\"lazy\" decoding=\"async\" width=\"1456\" height=\"816\" class=\"gb-image gb-image-5623b722\" src=\"https:\/\/www.sisinternational.com\/wp-content\/uploads\/2025\/09\/Serbia-2.jpg\" alt=\"Ricerca e strategia di mercato internazionale SIS\" title=\"Serbia (2)\" srcset=\"https:\/\/www.sisinternational.com\/wp-content\/uploads\/2025\/09\/Serbia-2.jpg 1456w, https:\/\/www.sisinternational.com\/wp-content\/uploads\/2025\/09\/Serbia-2-300x168.jpg 300w, https:\/\/www.sisinternational.com\/wp-content\/uploads\/2025\/09\/Serbia-2-1024x574.jpg 1024w, https:\/\/www.sisinternational.com\/wp-content\/uploads\/2025\/09\/Serbia-2-768x430.jpg 768w, https:\/\/www.sisinternational.com\/wp-content\/uploads\/2025\/09\/Serbia-2-18x10.jpg 18w\" sizes=\"auto, (max-width: 1456px) 100vw, 1456px\"><\/figure>\n\n\n\n<p><\/p>\n\n\n\n<p>Le ricerche di mercato dovrebbero essere condotte in varie fasi dello sviluppo aziendale in Serbia:<\/p>\n\n\n\n<ul class=\"wp-block-list\">\n<li><strong>Pianificazione dell&#039;ingresso nel mercato<\/strong>: Le ricerche di mercato in Serbia aiutano a valutare la preparazione del mercato, il panorama della concorrenza e il contesto normativo prima dell\u2019ingresso nel mercato.<\/li>\n\n\n\n<li><strong>Sviluppo del prodotto<\/strong>: La ricerca informa l&#039;adattamento o la personalizzazione del prodotto per allinearlo alle preferenze e alle esigenze locali.<\/li>\n\n\n\n<li><strong>Strategia di marketing<\/strong>: Continuous <a href=\"https:\/\/www.sisinternational.com\/it\/copertura\/europa\/ricerche-di-mercato-del-vaticano\/\" title=\"Ricerche di mercato in Vaticano\"  data-wpil-monitor-id=\"3778\">research supports ongoing marketing<\/a> efforts, ensuring the relevance and effectiveness of campaigns.<\/li>\n<\/ul>\n\n\n\n<p>Tuttavia, prima di intraprendere iniziative di ricerca di mercato in Serbia, le aziende dovrebbero considerare le questioni chiave per garantire una pianificazione ed esecuzione efficaci. Ecco le domande essenziali da porre:<\/p>\n\n\n\n<ul class=\"wp-block-list\">\n<li><strong>Chi sono i clienti target in Serbia?<\/strong><\/li>\n\n\n\n<li><strong>Quali sono le tendenze e le preferenze del mercato locale?<\/strong><\/li>\n\n\n\n<li><strong>Chi sono i principali concorrenti sul mercato serbo?<\/strong><\/li>\n\n\n\n<li><strong>Quali sono le barriere all\u2019ingresso o le sfide poste dai concorrenti?<\/strong><\/li>\n\n\n\n<li><strong>Quali sono i requisiti normativi e gli standard di conformit\u00e0 della Serbia?<\/strong><\/li>\n<\/ul>\n\n\n\n<h2 class=\"wp-block-heading\">Revisione e raccomandazioni del mercato: analisi del mercato serbo<\/h2>\n\n\n\n<p>Noi di SIS International riteniamo che il settore IT serbo continui a crescere, guidato da talenti qualificati e dalla crescente domanda di sviluppo software e soluzioni digitali. Inoltre, la produzione automobilistica rimane una pietra angolare della base industriale della Serbia, supportata dagli investimenti di attori globali.<\/p>\n\n\n\n<p>Guardando al futuro, le prospettive future della Serbia sono promettenti, anche se presentano sfide. Il processo di adesione del Paese all\u2019UE offre potenziali vantaggi per l\u2019integrazione del mercato e l\u2019allineamento normativo, favorendo un ambiente favorevole agli investimenti esteri. Si prevede che settori emergenti come le energie rinnovabili e le industrie guidate dall\u2019innovazione guadagneranno terreno, contribuendo alla diversificazione economica.<\/p>\n\n\n\n<p><strong>Considerazioni potenziali sul ROI:<\/strong> Investire nel mercato serbo presenta interessanti considerazioni sul ROI per le imprese. La manodopera a costi competitivi, l\u2019accesso ai mercati regionali e gli incentivi statali per gli investitori stranieri accrescono l\u2019attrattiva della Serbia come destinazione di investimenti. Tuttavia, le considerazioni sul ROI devono essere bilanciate con la conformit\u00e0 normativa e le sfide specifiche del mercato.<\/p>\n\n\n\n<h3 class=\"wp-block-heading\">Raccomandazioni strategiche:<\/h3>\n\n\n\n<ol class=\"wp-block-list\">\n<li><strong>Strategia di diversificazione<\/strong>: Raccomandiamo di esplorare opportunit\u00e0 oltre i settori tradizionali e di diversificare la presenza sul mercato per trarre vantaggio dai settori emergenti come l\u2019energia rinnovabile, il fintech e l\u2019e-commerce.<\/li>\n\n\n\n<li><strong>Sviluppo del partenariato<\/strong>: i partenariati strategici con le parti interessate locali e gli operatori del settore possono facilitare l\u2019ingresso nel mercato e migliorare la penetrazione nel mercato, sfruttando le competenze e le reti locali.<\/li>\n\n\n\n<li><strong>Innovazione e trasformazione digitale<\/strong>: abbracciare iniziative di innovazione e trasformazione digitale per promuovere l\u2019efficienza operativa, il coinvolgimento dei clienti e la competitivit\u00e0 del mercato nel panorama imprenditoriale in evoluzione della Serbia.<\/li>\n\n\n\n<li><strong>Pianificazione dell&#039;ingresso nel mercato<\/strong>: Condotta approfondita <a href=\"https:\/\/www.sisinternational.com\/it\/soluzioni\/e-la-crescita-globale\/strategia-di-ingresso-nel-mercato\/\">pianificazione dell\u2019ingresso nel mercato<\/a>, considerando i requisiti normativi, la segmentazione del mercato e le preferenze dei consumatori per l&#039;ottimizzazione<a href=\"https:\/\/www.sisinternational.com\/it\/opinione-sul-prodotto-approfondimenti-culturali-dallasia-alleuropa-ingresso-nel-mercato\/\"> strategie di ingresso nel mercato<\/a> e mitigare i rischi.<\/li>\n<\/ol>\n\n\n\n<h2 class=\"wp-block-heading\">Risultati attesi dai servizi di ricerche di mercato di SIS International<\/h2>\n\n\n\n<figure class=\"gb-block-image gb-block-image-0c6486ab\"><img loading=\"lazy\" decoding=\"async\" width=\"1456\" height=\"816\" class=\"gb-image gb-image-0c6486ab\" src=\"https:\/\/www.sisinternational.com\/wp-content\/uploads\/2025\/09\/Serbia-4.jpg\" alt=\"Ricerca e strategia di mercato internazionale SIS\" title=\"Serbia (4)\" srcset=\"https:\/\/www.sisinternational.com\/wp-content\/uploads\/2025\/09\/Serbia-4.jpg 1456w, https:\/\/www.sisinternational.com\/wp-content\/uploads\/2025\/09\/Serbia-4-300x168.jpg 300w, https:\/\/www.sisinternational.com\/wp-content\/uploads\/2025\/09\/Serbia-4-1024x574.jpg 1024w, https:\/\/www.sisinternational.com\/wp-content\/uploads\/2025\/09\/Serbia-4-768x430.jpg 768w, https:\/\/www.sisinternational.com\/wp-content\/uploads\/2025\/09\/Serbia-4-18x10.jpg 18w\" sizes=\"auto, (max-width: 1456px) 100vw, 1456px\"><\/figure>\n\n\n\n<p><\/p>\n\n\n\n<p><a href=\"https:\/\/www.linkedin.com\/company\/sisinternationalresearch\/\" target=\"_blank\" rel=\"noopener\"><span style=\"font-weight: 400;\">SIS Internazionale<\/span><\/a>I servizi di ricerche di mercato di sono progettati per fornire informazioni utili e valore tangibile alle aziende che operano in Serbia. Ecco i risultati ed i benefici attesi:<\/p>\n\n\n\n<p><strong>Approfondimenti utilizzabili<\/strong>:<\/p>\n\n\n\n<p>Le nostre ricerche di mercato offrono alle aziende informazioni utili sui comportamenti dei consumatori, sulle tendenze del mercato e sulle dinamiche competitive in Serbia. Queste informazioni guidano il processo decisionale strategico, consentendo alle aziende di ottimizzare le strategie di mercato e sfruttare le opportunit\u00e0 di crescita.<\/p>\n\n\n\n<p><strong>Vantaggio competitivo<\/strong>:<\/p>\n\n\n\n<p>Businesses gain a competitive advantage in Serbia by understanding the competitive landscape and market positioning. Our <a href=\"https:\/\/www.sisinternational.com\/it\/copertura\/le-americhe\/ricerche-di-mercato-nei-caraibi\/ricerche-di-mercato-antigua-barbuda\/\" title=\"Ricerche di mercato ad Antigua e Barbuda\" data-wpil-monitor-id=\"3793\">research helps identify market<\/a> gaps, emerging trends, and areas for differentiation, empowering businesses to enhance their market presence and drive success.<\/p>\n\n\n\n<p><strong>Supporto all&#039;ingresso nel mercato<\/strong>:<\/p>\n\n\n\n<p><a href=\"https:\/\/twitter.com\/SISIntlResearch\" target=\"_blank\" rel=\"noopener\"><span style=\"font-weight: 400;\">SIS<\/span><\/a> offre un prezioso supporto all\u2019ingresso nel mercato per le aziende che entrano nel mercato serbo. Forniamo assistenza nelle valutazioni di fattibilit\u00e0 del mercato, nell&#039;identificazione dei partner, nella conformit\u00e0 normativa e nelle strategie di penetrazione del mercato, facilitando un processo di ingresso nel mercato agevole e di successo.<\/p>\n\n\n\n<p><strong>Ottimizzazione del ROI<\/strong>:<\/p>\n\n\n\n<p>La nostra ricerca aiuta le aziende a ottimizzare il ROI identificando segmenti di mercato ad alto potenziale, segmenti di clienti e opportunit\u00e0 di prodotti\/servizi. Le imprese possono raggiungere una crescita sostenibile e una redditivit\u00e0 in Serbia minimizzando i rischi di mercato e massimizzando le opportunit\u00e0.<\/p>\n\n\n\n<p><strong>Supporto continuo<\/strong>:<\/p>\n\n\n\n<p>Oltre ai progetti di ricerca iniziali, SIS International offre supporto continuo e monitoraggio del mercato per mantenere le aziende informate sull&#039;evoluzione delle dinamiche del mercato in Serbia. Collaboriamo con i clienti per adattare le strategie, affrontare le sfide emergenti e sfruttare nuove opportunit\u00e0, garantendo crescita e competitivit\u00e0 sostenute.<\/p>\n\n\n\n<h2 class=\"wp-block-heading p3\">Industrie chiave<\/h2>\n\n\n\n<p class=\"p2\">La Serbia ha un\u2019economia basata sui servizi, a reddito medio e di libero mercato. Le sue industrie chiave sono l\u2019agricoltura, l\u2019automotive, l\u2019estrazione mineraria e l\u2019energia. Le principali esportazioni del paese sono veicoli, pneumatici, metalli di base, prodotti chimici, mobili, abbigliamento, alimenti trasformati e zucchero. Il commercio svolge un ruolo vitale nella nazione. Lo stato commercia con almeno cinque mercati principali: Russia, Germania, Cina, Italia e paesi dei Balcani.<\/p>\n\n\n\n<p class=\"p2\">La terra \u00e8 generosa. Un quinto delle vendite della Serbia sul mercato mondiale proviene dalle esportazioni agricole. Ad esempio, forniscono frutta congelata ai mercati francese ed europeo. Il paese \u00e8 anche un importante produttore di mais e grano. Produce altri prodotti agricoli, come girasoli, barbabietole da zucchero, soia, patate, mele, carne di maiale, manzo, pollame e latticini.<\/p>\n\n\n\n<h2 class=\"wp-block-heading\">Principali attori delle industrie serbe<\/h2>\n\n\n\n<ol class=\"wp-block-list\">\n<li><strong>Nordeus<\/strong>: Nordeus \u00e8 una rinomata societ\u00e0 di gioco serba nota soprattutto per lo sviluppo di \u201cTop Eleven\u201d, un popolare gioco manageriale di calcio giocato da milioni di persone in tutto il mondo. Nordeus ha contribuito alla reputazione della Serbia come centro di sviluppo di giochi e app mobili.<\/li>\n\n\n\n<li><strong>Gruppo Comtrade<\/strong>: Comtrade \u00e8 un&#039;azienda IT leader in Serbia che offre soluzioni software, integrazione di sistemi e servizi IT. L&#039;azienda collabora con partner globali e svolge un ruolo fondamentale nella trasformazione digitale della Serbia.<\/li>\n\n\n\n<li><strong>Fiat Chrysler Automobiles (FCA) Serbia<\/strong>: FCA gestisce uno stabilimento produttivo a Kragujevac che produce automobili Fiat per il mercato europeo. Lo stabilimento contribuisce in modo determinante all&#039;industria automobilistica e alle esportazioni della Serbia.<\/li>\n\n\n\n<li><strong>Camion Zastava<\/strong>: Zastava Trucks, precedentemente nota come FAP (Fabrika automobila Priboj), produce veicoli commerciali e militari in Serbia. L&#039;azienda \u00e8 specializzata nella produzione di autocarri ed esporta i suoi prodotti sui mercati internazionali.<\/li>\n\n\n\n<li><strong>Gruppo Vittoria<\/strong>: Victoria Group \u00e8 un&#039;azienda agroalimentare serba leader nella lavorazione, nell&#039;agricoltura e nel commercio di semi oleosi. Le attivit\u00e0 dell&#039;azienda spaziano dalla coltivazione dei raccolti, alla produzione di olio e alla produzione di mangimi per animali.<\/li>\n<\/ol>\n\n\n\n<h2 class=\"wp-block-heading p3\">Quartieri<\/h2>\n\n\n\n<p class=\"p2\">Belgrado \u00e8 la citt\u00e0 pi\u00f9 grande, popolata e capitale della Serbia e rivendica il titolo di &quot;la citt\u00e0 che non dorme mai&quot;. Sebbene la citt\u00e0 sia una delle pi\u00f9 antiche d&#039;Europa, \u00e8 piena di vita. Inoltre, i suoi fiumi ospitano club galleggianti che ospitano grandi feste. Novi Sad \u00e8 la seconda citt\u00e0 pi\u00f9 popolosa intitolata &quot;la citt\u00e0 liberale della musica, dell&#039;arte e del divertimento&quot;.<\/p>\n\n\n\n<h2 class=\"wp-block-heading p3\">Tendenze<\/h2>\n\n\n\n<figure class=\"gb-block-image gb-block-image-177e79c6\"><img loading=\"lazy\" decoding=\"async\" width=\"1456\" height=\"816\" class=\"gb-image gb-image-177e79c6\" src=\"https:\/\/www.sisinternational.com\/wp-content\/uploads\/2025\/09\/Serbia-66.jpg\" alt=\"Ricerca e strategia di mercato internazionale SIS\" title=\"Serbia 66\" srcset=\"https:\/\/www.sisinternational.com\/wp-content\/uploads\/2025\/09\/Serbia-66.jpg 1456w, https:\/\/www.sisinternational.com\/wp-content\/uploads\/2025\/09\/Serbia-66-300x168.jpg 300w, https:\/\/www.sisinternational.com\/wp-content\/uploads\/2025\/09\/Serbia-66-1024x574.jpg 1024w, https:\/\/www.sisinternational.com\/wp-content\/uploads\/2025\/09\/Serbia-66-768x430.jpg 768w, https:\/\/www.sisinternational.com\/wp-content\/uploads\/2025\/09\/Serbia-66-18x10.jpg 18w\" sizes=\"auto, (max-width: 1456px) 100vw, 1456px\"><\/figure>\n\n\n\n<p><\/p>\n\n\n\n<p class=\"p2\">La Serbia ha un alto numero di utenti Internet. Ha anche aumentato il numero di utenti dei social media. Tuttavia, le connessioni mobili nel Paese sono diminuite.<\/p>\n\n\n\n<p class=\"p2\">Se la tua azienda offre cibo, i prodotti di base serbi sono pane, carne, frutta, verdura e latticini. Il pane \u00e8 una parte importante della cucina del paese. La maggior parte delle religioni lo utilizza nei propri servizi. In campagna \u00e8 normale che la gente dia pane e sale agli ospiti. La Serbia offre anche molti altri cibi, tra cui piatti a base di pesce e carne.<\/p>\n\n\n\n<h2 class=\"wp-block-heading p3\">Base dei consumatori<\/h2>\n\n\n\n<p class=\"p2\">The increase in fuel prices has affected the agricultural sector more than any other.&nbsp;Together with other factors, it has led to the rise in the prices of products such as wheat, soybeans, and corn. This increase came after the government had already raised the prices of corn, wheat, and other grains to support the agri sector, which was affected by the green market ban.<\/p>\n\n\n\n<p class=\"p2\">La dipendenza dal commercio generale e dagli scambi all\u2019interno della catena globale del valore (GVC) non \u00e8 stata un problema negli ultimi decenni. Come molte altre economie, la Serbia ha poche esportazioni e elevate importazioni.<\/p>\n\n\n\n<h2 class=\"wp-block-heading\">Driver e restrizioni del mercato in Serbia<\/h2>\n\n\n\n<p>Comprensione <span class=\"removed_link\" title=\"https:\/\/www.sisinternational.com\/serbias-economy\/\">I driver del mercato serbo<\/span> e le restrizioni sono cruciali per le imprese che intendono entrare o espandere il mercato. Forniscono una breve panoramica delle opportunit\u00e0 e delle sfide che le aziende potrebbero affrontare quando entrano in questo mercato.<\/p>\n\n\n\n<h3 class=\"wp-block-heading\">Driver di mercato in Serbia<\/h3>\n\n\n\n<ol class=\"wp-block-list\">\n<li><strong>Riforme economiche e stabilit\u00e0<\/strong>: La Serbia ha attuato riforme economiche per migliorare il clima imprenditoriale, attrarre investimenti esteri e promuovere la stabilit\u00e0 economica. Le riforme includono il consolidamento fiscale, la privatizzazione delle imprese statali e la semplificazione normativa.<\/li>\n\n\n\n<li><strong>Investimenti diretti esteri (IDE)<\/strong>: La Serbia ha attratto notevoli investimenti esteri, in particolare nei settori manifatturiero, automobilistico e informatico. Gli afflussi di IDE contribuiscono alla creazione di posti di lavoro, al trasferimento di tecnologia e alla crescita delle esportazioni, guidando lo sviluppo economico.<\/li>\n\n\n\n<li><strong>Accordi commerciali regionali<\/strong>: L&#039;adesione della Serbia ad accordi commerciali regionali, come l&#039;Accordo centroeuropeo di libero scambio (CEFTA) e l&#039;accesso preferenziale ai mercati dell&#039;UE, migliorano le opportunit\u00e0 di esportazione e l&#039;accesso al mercato per le imprese serbe.<\/li>\n\n\n\n<li><strong>Sviluppo delle infrastrutture<\/strong>: I progetti infrastrutturali in corso, comprese le reti di trasporto, le infrastrutture energetiche e la connettivit\u00e0 digitale, migliorano l\u2019efficienza logistica e sostengono la crescita economica in Serbia.<\/li>\n<\/ol>\n\n\n\n<h3 class=\"wp-block-heading\">Restrizioni del mercato in Serbia<\/h3>\n\n\n\n<ol class=\"wp-block-list\">\n<li><strong>Sfide normative<\/strong>: La Serbia si trova ad affrontare complessit\u00e0 normative e ostacoli burocratici che possono rappresentare sfide per le imprese, in particolare per quanto riguarda licenze, permessi e conformit\u00e0 agli standard. Le riforme normative sono in corso, ma potrebbero richiedere ulteriori miglioramenti.<\/li>\n\n\n\n<li><strong>Limitazioni dell&#039;infrastruttura<\/strong>: Nonostante i progressi, le infrastrutture della Serbia, compresi i trasporti e i servizi pubblici, potrebbero ancora necessitare di ammodernamento e investimenti per soddisfare le crescenti esigenze aziendali e migliorare la competitivit\u00e0.<\/li>\n\n\n\n<li><strong>Incertezze politiche<\/strong>: I fattori politici e le dinamiche geopolitiche regionali possono introdurre incertezze e incidere sulla fiducia delle imprese. Le imprese dovrebbero rimanere informate sugli sviluppi politici e sulle loro potenziali implicazioni sulle condizioni di mercato.<\/li>\n\n\n\n<li><strong>Dimensioni del mercato e domanda dei consumatori<\/strong>: le dimensioni del mercato e il potere d&#039;acquisto dei consumatori della Serbia possono rappresentare sfide per alcuni settori, richiedendo una segmentazione strategica del mercato e approcci mirati per soddisfare le diverse preferenze dei consumatori.<\/li>\n<\/ol>\n\n\n\n<h2 class=\"wp-block-heading p3\">Vantaggi e punti di forza del mercato<\/h2>\n\n\n\n<p class=\"p4\">La Serbia ha molte risorse naturali (carbone, bauxite, rame, zinco, oro) e cibo in abbondanza. Inoltre, un accordo stabile con l&#039;UE consente a 93% prodotti del paese di entrare nella zona euro senza dazi doganali. Un altro punto chiave sono le riforme del governo, che sono in atto con il FMI e l\u2019UE. Inoltre, vi \u00e8 stato un aumento delle esportazioni automobilistiche. Inoltre, \u00e8 in corso il processo di adesione all\u2019UE.<\/p>\n\n\n\n<h2 class=\"wp-block-heading p3\">Motivi per far crescere la tua attivit\u00e0 sul mercato.<\/h2>\n\n\n\n<p class=\"p2\">La nazione ha le migliori scuole, comprese quelle di istruzione superiore, ed \u00e8 ben nota in tutto il mondo per la qualit\u00e0 dell&#039;insegnamento. Fornisce insegnamento a tutti i livelli in pi\u00f9 lingue.<\/p>\n\n\n\n<ul class=\"wp-block-list\">\n<li>Belgrado, Serbia, \u00e8 il centro commerciale e bancario dell&#039;Europa sudorientale. Molti la chiamano la \u201cSvizzera dei Balcani\u201d.<\/li>\n\n\n\n<li>La forza lavoro \u00e8 ben istruita, ma i salari sono bassi. Pertanto, le aziende ottengono manodopera di qualit\u00e0 a prezzi convenienti.<\/li>\n\n\n\n<li>La Serbia fa parte dell\u2019Europa ma non \u00e8 ancora membro dell\u2019UE. Quindi, puoi goderti entrambi i mondi.<\/li>\n\n\n\n<li>Le politiche della Serbia in materia di visti e permessi di soggiorno sono facili da gestire e il paese accoglie tutti gli investitori.<\/li>\n<\/ul>\n\n\n\n<h2 class=\"wp-block-heading\">La nostra sede a New York<\/h2>\n\n\n\n<p>  <iframe loading=\"lazy\" src=\"https:\/\/www.google.com\/maps\/embed?pb=!1m18!1m12!1m3!1d3022.976188376966!2d-73.99130312499956!3d40.740549471389315!2m3!1f0!2f0!3f0!3m2!1i1024!2i768!4f13.1!3m3!1m2!1s0x89c259a15798c731%3A0xd695d09bdd495f25!2s11%20E%2022nd%20St%20FL%202%2C%20New%20York%2C%20NY%2010010%2C%20USA!5e0!3m2!1sen!2spe!4v1726171763526!5m2!1sen!2spe\" width=\"600\" height=\"450\" allowfullscreen=\"allowfullscreen\" data-mce-fragment=\"1\"><\/iframe>  <\/p>\n\n\n\n<h3 class=\"wp-block-heading\">11 E 22nd Street, piano 2, New York, NY 10010 T: +1(212) 505-6805<\/h3>\n\n\n\n<hr class=\"wp-block-separator has-alpha-channel-opacity\"\/>\n\n\n\n<h2 class=\"wp-block-heading\"><span style=\"font-weight: 400;\">A proposito di SIS Internazionale<\/span><\/h2>\n\n\n\n<p><a href=\"https:\/\/www.sisinternational.com\/it\/\"><span style=\"font-weight: 400;\">SIS Internazionale<\/span><\/a><span style=\"font-weight: 400;\"> offre ricerca quantitativa, qualitativa e strategica. Forniamo dati, strumenti, strategie, report e approfondimenti per il processo decisionale. Conduciamo anche interviste, sondaggi, focus group e altri metodi e approcci di ricerca di mercato.<\/span><a href=\"https:\/\/www.sisinternational.com\/it\/sulla-sua-ricerca-internazionale\/contact-sis-international-market-research\/\"><span style=\"font-weight: 400;\"> Contattaci<\/span><\/a><span style=\"font-weight: 400;\"> per il tuo prossimo progetto di ricerca di mercato.<\/span><\/p>\n\n\n\n<p><\/p>","protected":false},"excerpt":{"rendered":"<p>Fai crescere il tuo business con le ricerche di mercato in Serbia.<\/p>","protected":false},"author":1,"featured_media":65986,"parent":14510,"menu_order":46,"comment_status":"closed","ping_status":"closed","template":"","meta":{"footnotes":""},"class_list":["post-38925","page","type-page","status-publish","has-post-thumbnail"],"_links":{"self":[{"href":"https:\/\/www.sisinternational.com\/it\/wp-json\/wp\/v2\/pages\/38925","targetHints":{"allow":["GET"]}}],"collection":[{"href":"https:\/\/www.sisinternational.com\/it\/wp-json\/wp\/v2\/pages"}],"about":[{"href":"https:\/\/www.sisinternational.com\/it\/wp-json\/wp\/v2\/types\/page"}],"author":[{"embeddable":true,"href":"https:\/\/www.sisinternational.com\/it\/wp-json\/wp\/v2\/users\/1"}],"replies":[{"embeddable":true,"href":"https:\/\/www.sisinternational.com\/it\/wp-json\/wp\/v2\/comments?post=38925"}],"version-history":[{"count":14,"href":"https:\/\/www.sisinternational.com\/it\/wp-json\/wp\/v2\/pages\/38925\/revisions"}],"predecessor-version":[{"id":77981,"href":"https:\/\/www.sisinternational.com\/it\/wp-json\/wp\/v2\/pages\/38925\/revisions\/77981"}],"up":[{"embeddable":true,"href":"https:\/\/www.sisinternational.com\/it\/wp-json\/wp\/v2\/pages\/14510"}],"wp:featuredmedia":[{"embeddable":true,"href":"https:\/\/www.sisinternational.com\/it\/wp-json\/wp\/v2\/media\/65986"}],"wp:attachment":[{"href":"https:\/\/www.sisinternational.com\/it\/wp-json\/wp\/v2\/media?parent=38925"}],"curies":[{"name":"wp","href":"https:\/\/api.w.org\/{rel}","templated":true}]}}