{"id":38919,"date":"2021-09-25T02:39:15","date_gmt":"2021-09-25T02:39:15","guid":{"rendered":"https:\/\/www.sisinternational.com\/?page_id=38919"},"modified":"2026-04-01T17:25:12","modified_gmt":"2026-04-01T21:25:12","slug":"ricerche-di-mercato-bulgaria","status":"publish","type":"page","link":"https:\/\/www.sisinternational.com\/it\/copertura\/europa\/ricerche-di-mercato-bulgaria\/","title":{"rendered":"Ricerche di mercato in Bulgaria"},"content":{"rendered":"<h1 class=\"gb-headline gb-headline-bd43b33e gb-headline-text\">Ricerche di mercato in Bulgaria<\/h1>\n\n\n\n<figure class=\"gb-block-image gb-block-image-744902c4\"><img loading=\"lazy\" decoding=\"async\" width=\"1408\" height=\"768\" class=\"gb-image gb-image-744902c4\" src=\"https:\/\/www.sisinternational.com\/wp-content\/uploads\/2026\/04\/Bulgaria-1.jpg\" alt=\"Ricerca e strategia di mercato internazionale SIS\" title=\"Bulgaria (1)\" srcset=\"https:\/\/www.sisinternational.com\/wp-content\/uploads\/2026\/04\/Bulgaria-1.jpg 1408w, https:\/\/www.sisinternational.com\/wp-content\/uploads\/2026\/04\/Bulgaria-1-300x164.jpg 300w, https:\/\/www.sisinternational.com\/wp-content\/uploads\/2026\/04\/Bulgaria-1-1024x559.jpg 1024w, https:\/\/www.sisinternational.com\/wp-content\/uploads\/2026\/04\/Bulgaria-1-768x419.jpg 768w, https:\/\/www.sisinternational.com\/wp-content\/uploads\/2026\/04\/Bulgaria-1-18x10.jpg 18w\" sizes=\"auto, (max-width: 1408px) 100vw, 1408px\"><\/figure>\n\n\n\n<h1 class=\"wp-block-heading\">&nbsp;<\/h1>\n\n\n\n<hr class=\"wp-block-separator has-alpha-channel-opacity is-style-dots\"\/>\n\n\n\n<p><span style=\"font-weight: 400;\">Comprehensive market research in Bulgaria can unveil critical insights that drive strategic business decisions. This diverse market, characterized by its distinct challenges and abundant opportunities, requires a deep understanding of business success.<\/span><\/p>\n\n\n\n<h2 class=\"wp-block-heading\"><strong>Cos&#039;\u00e8 la ricerca di mercato in Bulgaria?<\/strong><\/h2>\n\n\n\n<p><span style=\"font-weight: 400;\">Le ricerche di mercato in Bulgaria forniscono alle aziende una comprensione completa del panorama economico, dei comportamenti dei consumatori e delle dinamiche competitive specifiche della Bulgaria.&nbsp;<\/span><\/p>\n\n\n\n<h2 class=\"wp-block-heading\"><strong>Perch\u00e9 le aziende hanno bisogno di ricerche di mercato in Bulgaria?<\/strong><\/h2>\n\n\n\n<p><span style=\"font-weight: 400;\">Le ricerche di mercato in Bulgaria aiutano le aziende a orientarsi nelle complessit\u00e0 del contesto economico locale e a prendere decisioni informate. Ci\u00f2 \u00e8 particolarmente importante in Bulgaria, dove le condizioni economiche e i comportamenti dei consumatori possono differire significativamente da altre regioni.<\/span><\/p>\n\n\n\n<p><span style=\"font-weight: 400;\">Le aziende hanno bisogno di ricerche di mercato in Bulgaria per identificare e comprendere il proprio pubblico target. Comprendendo ci\u00f2 che guida le decisioni dei consumatori, le aziende possono personalizzare i propri prodotti e servizi per soddisfare efficacemente la domanda locale.<\/span><\/p>\n\n\n\n<p><span style=\"font-weight: 400;\">Inoltre, le ricerche di mercato in Bulgaria forniscono informazioni critiche sul panorama competitivo. Le aziende possono analizzare i punti di forza e di debolezza dei concorrenti, identificare le lacune del mercato e sviluppare strategie per differenziarsi. Questa conoscenza \u00e8 preziosa per creare una proposta di valore unica e ottenere un vantaggio competitivo.<\/span><\/p>\n\n\n\n<h2 class=\"wp-block-heading\"><strong>Risultati attesi dalla ricerca di mercato SIS in Bulgaria<\/strong><\/h2>\n\n\n\n<figure class=\"gb-block-image gb-block-image-0c82cda1\"><img loading=\"lazy\" decoding=\"async\" width=\"1456\" height=\"816\" class=\"gb-image gb-image-0c82cda1\" src=\"https:\/\/www.sisinternational.com\/wp-content\/uploads\/2025\/09\/Bulgaria-3.jpg\" alt=\"Ricerca e strategia di mercato internazionale SIS\" title=\"Bulgaria (3)\" srcset=\"https:\/\/www.sisinternational.com\/wp-content\/uploads\/2025\/09\/Bulgaria-3.jpg 1456w, https:\/\/www.sisinternational.com\/wp-content\/uploads\/2025\/09\/Bulgaria-3-300x168.jpg 300w, https:\/\/www.sisinternational.com\/wp-content\/uploads\/2025\/09\/Bulgaria-3-1024x574.jpg 1024w, https:\/\/www.sisinternational.com\/wp-content\/uploads\/2025\/09\/Bulgaria-3-768x430.jpg 768w, https:\/\/www.sisinternational.com\/wp-content\/uploads\/2025\/09\/Bulgaria-3-18x10.jpg 18w\" sizes=\"auto, (max-width: 1456px) 100vw, 1456px\"><\/figure>\n\n\n\n<p><\/p>\n\n\n\n<p><b>Maggiore conoscenza del mercato<\/b><span style=\"font-weight: 400;\">:&nbsp;<\/span><\/p>\n\n\n\n<p><span style=\"font-weight: 400;\">SIS International fornisce alle aziende una profonda conoscenza del panorama del mercato bulgaro. Questa conoscenza consente alle aziende di prendere decisioni informate, allineare le proprie strategie alle condizioni di mercato e identificare opportunit\u00e0 di crescita.<\/span><\/p>\n\n\n\n<p><b>Pianificazione strategica migliorata<\/b><span style=\"font-weight: 400;\">:&nbsp;<\/span><\/p>\n\n\n\n<p><span style=\"font-weight: 400;\">We help businesses develop robust strategic plans crucial for achieving long-term success and sustainable growth in Bulgaria.<\/span><\/p>\n\n\n\n<p><b>Campagne di marketing ottimizzate<\/b><span style=\"font-weight: 400;\">:&nbsp;<\/span><\/p>\n\n\n\n<p><span style=\"font-weight: 400;\">Le aziende possono creare campagne di marketing mirate con approfondimenti dettagliati sui consumatori che siano in sintonia con il loro pubblico. Ci\u00f2 porta a un maggiore coinvolgimento, a una migliore fedelt\u00e0 al marchio e a un aumento delle vendite.<\/span><\/p>\n\n\n\n<p><b>Aumento del ROI<\/b><span style=\"font-weight: 400;\">:&nbsp;<\/span><\/p>\n\n\n\n<p><span style=\"font-weight: 400;\">Le ricerche di mercato di SIS aiutano le aziende a massimizzare il ritorno sull&#039;investimento identificando i segmenti di mercato e le opportunit\u00e0 pi\u00f9 promettenti. In questo modo, le aziende possono allocare le risorse in modo pi\u00f9 efficiente e ottenere risultati migliori.<\/span><\/p>\n\n\n\n<h2 class=\"wp-block-heading p3\">Quartieri<\/h2>\n\n\n\n<p class=\"p2\">Sofia is the biggest and capital city in the world. It has some of the country\u2019s best attractions, such as the Saint Sofia Church and underground museum. Sofia is also home to the National History Museum, which displays famous gold treasures worldwide.<\/p>\n\n\n\n<p class=\"p2\">Un altro punto chiave di questa citt\u00e0 \u00e8 che si trova ai piedi del monte Vitosha. Vitosha \u00e8 un hotspot per gli appassionati di escursionismo e sci.<\/p>\n\n\n\n<p class=\"p2\">Plovdiv \u00e8 un&#039;altra famosa e antica citt\u00e0 del sud. Ha sempre attirato visitatori per la sua vasta gamma di attivit\u00e0.<\/p>\n\n\n\n<h2 class=\"wp-block-heading\"><strong>Principali attrazioni turistiche in Bulgaria<\/strong><\/h2>\n\n\n\n<p><span style=\"font-weight: 400;\">Bulgaria has many tourist attractions that draw visitors from around the world. Understanding these attractions is crucial for tourism businesses to tailor their services and marketing strategies.<\/span><\/p>\n\n\n\n<ul class=\"wp-block-list\">\n<li><b>Sofia<\/b><span style=\"font-weight: 400;\">: La capitale offre un mix di attrazioni moderne e storiche, tra cui la Cattedrale Alexander Nevsky, il Vitosha Boulevard e il Palazzo Nazionale della Cultura.<\/span><\/li>\n\n\n\n<li><b>Plovdiv<\/b><span style=\"font-weight: 400;\">: Plovdiv \u00e8 un centro culturale che attrae i turisti con la sua ricca storia e la vivace scena artistica.<\/span><\/li>\n\n\n\n<li><b>Varna<\/b><span style=\"font-weight: 400;\">: Varna \u00e8 una popolare destinazione estiva con attrazioni come il Giardino del Mare, il Museo Archeologico di Varna e il Delfinario.<\/span><\/li>\n\n\n\n<li><b>Monastero di Rila<\/b><span style=\"font-weight: 400;\">: Questo sito Patrimonio dell&#039;Umanit\u00e0 dell&#039;UNESCO \u00e8 un importante punto di riferimento culturale e religioso, rinomato per la sua straordinaria architettura e il suo significato storico.<\/span><\/li>\n\n\n\n<li><b>Bansko<\/b><span style=\"font-weight: 400;\">: Una delle principali stazioni sciistiche dei Monti Pirin, Bansko offre eccellenti opportunit\u00e0 per lo sci e lo snowboard, attirando appassionati di sport invernali da tutto il mondo.<\/span><\/li>\n\n\n\n<li><b>Veliko Tarnovo<\/b><span style=\"font-weight: 400;\">: Veliko Tarnovo presenta attrazioni come la Fortezza di Tsarevets e il pittoresco villaggio di Arbanasi.<\/span><\/li>\n\n\n\n<li><b>Nessebar<\/b><span style=\"font-weight: 400;\">: Questa antica citt\u00e0 sulla costa del Mar Nero \u00e8 un altro patrimonio mondiale dell&#039;UNESCO, famosa per i suoi edifici medievali ben conservati e le bellissime spiagge.<\/span><\/li>\n<\/ul>\n\n\n\n<h2 class=\"wp-block-heading\"><strong>Industrie chiave in Bulgaria<\/strong><\/h2>\n\n\n\n<p><span style=\"font-weight: 400;\">Bulgaria is home to several key industries that drive its economy and offer substantial opportunities for <a href=\"https:\/\/www.sisinternational.com\/it\/competenza\/industrie\/ricerche-di-mercato-sugli-elettrodomestici\/\" title=\"Ricerche di mercato sugli elettrodomestici\" data-wpil-monitor-id=\"6608\">market<\/a> research. <\/span><b>agricoltura<\/b><span style=\"font-weight: 400;\"> rimane un settore significativo, con aziende come Vinprom Peshtera e Agria Group Holding leader nella produzione di prodotti agricoli, tra cui vino e cereali.&nbsp;<\/span><\/p>\n\n\n\n<p><span style=\"font-weight: 400;\">IL <\/span><b>industria manifatturiera<\/b><span style=\"font-weight: 400;\"> \u00e8 anche vitale, in particolare nei componenti automobilistici, nei macchinari e nell&#039;elettronica. Aziende come Sensata Technologies e Melexis sono attori chiave in questo settore. Le ricerche di mercato aiutano queste aziende a ottimizzare i processi produttivi, ridurre i costi e innovare per rimanere competitive.<\/span><\/p>\n\n\n\n<p><span style=\"font-weight: 400;\">IL <\/span><b>settore delle tecnologie dell&#039;informazione<\/b><span style=\"font-weight: 400;\"> \u00e8 in rapida crescita, guidata da aziende come Telerik e Musala Soft. Questo settore trae enormi benefici dalle ricerche di mercato che identificano le tendenze tecnologiche, le esigenze dei consumatori e le potenziali aree di innovazione.<\/span><\/p>\n\n\n\n<p><b>Turismo <\/b><span style=\"font-weight: 400;\">\u00e8 un altro settore importante, con il ricco patrimonio culturale e le bellezze naturali della Bulgaria che attirano visitatori da tutto il mondo. Aziende come Albena AD e Solvex utilizzano ricerche di mercato per migliorare i propri servizi e attirare pi\u00f9 turisti.<\/span><\/p>\n\n\n\n<p><span style=\"font-weight: 400;\">IL <\/span><b>settore energetico<\/b><span style=\"font-weight: 400;\"> also plays a crucial role in Bulgaria\u2019s economy. Companies such as Bulgargaz and CEZ Group are prominent players. <a href=\"https:\/\/www.sisinternational.com\/it\/prospettive-sui-veicoli-elettrici-2013\/\" title=\"Ricerche di mercato sui veicoli ibridi ed elettrici\" data-wpil-monitor-id=\"6631\">Market research helps understand energy<\/a> consumption patterns, regulatory changes, and opportunities for renewable energy development.<\/span><\/p>\n\n\n\n<h2 class=\"wp-block-heading p3\">Tendenze<\/h2>\n\n\n\n<p class=\"p2\">Il paese si impegna molto nei settori dell\u2019edilizia, dell\u2019estrazione mineraria, dei servizi e dell\u2019agricoltura. La recente recessione dell\u2019economia globale ha posto fine ad un periodo di straordinaria crescita economica per la Bulgaria.<\/p>\n\n\n\n<p class=\"p2\">Il paese ha una forza lavoro ben istruita. Nonostante le sue cifre, rimane uno dei paesi pi\u00f9 poveri dell\u2019UE. Sebbene il paese sia povero, ha parecchi milionari. Quindi, l\u2019economia non \u00e8 cos\u00ec triste come potrebbe sembrare. Ha un ottimo potenziale di crescita. Tuttavia, la Bulgaria ha lo stipendio medio pi\u00f9 basso dell\u2019UE, con molte persone che guadagnano solo $2 l\u2019ora.<\/p>\n\n\n\n<h2 class=\"wp-block-heading\"><strong>Opportunit\u00e0&nbsp;<\/strong><\/h2>\n\n\n\n<figure class=\"gb-block-image gb-block-image-4cbf26d6\"><img loading=\"lazy\" decoding=\"async\" width=\"1456\" height=\"816\" class=\"gb-image gb-image-4cbf26d6\" src=\"https:\/\/www.sisinternational.com\/wp-content\/uploads\/2025\/09\/Bulgaria-4.jpg\" alt=\"Ricerca e strategia di mercato internazionale SIS\" title=\"Bulgaria (4)\" srcset=\"https:\/\/www.sisinternational.com\/wp-content\/uploads\/2025\/09\/Bulgaria-4.jpg 1456w, https:\/\/www.sisinternational.com\/wp-content\/uploads\/2025\/09\/Bulgaria-4-300x168.jpg 300w, https:\/\/www.sisinternational.com\/wp-content\/uploads\/2025\/09\/Bulgaria-4-1024x574.jpg 1024w, https:\/\/www.sisinternational.com\/wp-content\/uploads\/2025\/09\/Bulgaria-4-768x430.jpg 768w, https:\/\/www.sisinternational.com\/wp-content\/uploads\/2025\/09\/Bulgaria-4-18x10.jpg 18w\" sizes=\"auto, (max-width: 1456px) 100vw, 1456px\"><\/figure>\n\n\n\n<p><\/p>\n\n\n\n<p><span style=\"font-weight: 400;\">Le ricerche di mercato in Bulgaria rivelano numerose opportunit\u00e0 per le imprese in vari settori.<\/span><\/p>\n\n\n\n<ul class=\"wp-block-list\">\n<li><b>Trasformazione digitale<\/b><span style=\"font-weight: 400;\">: La crescente adozione delle tecnologie digitali offre opportunit\u00e0 per le aziende IT e le startup di offrire soluzioni innovative.<\/span><\/li>\n\n\n\n<li><b>La domanda di qualit\u00e0 dei consumatori<\/b><span style=\"font-weight: 400;\">: La crescente domanda di prodotti di alta qualit\u00e0 consente alle aziende di differenziarsi offrendo beni e servizi di qualit\u00e0 superiore.<\/span><\/li>\n\n\n\n<li><b>Crescita del turismo<\/b><span style=\"font-weight: 400;\">: L\u2019industria del turismo in espansione offre alle imprese opportunit\u00e0 per sviluppare nuove attrazioni turistiche, migliorare i servizi esistenti e promuovere il patrimonio culturale.<\/span><\/li>\n\n\n\n<li><b>Innovazione agricola<\/b><span style=\"font-weight: 400;\">: Il settore agricolo offre alle imprese l\u2019opportunit\u00e0 di introdurre moderne tecniche agricole, migliorare la qualit\u00e0 dei prodotti ed esplorare nuovi mercati.<\/span><\/li>\n<\/ul>\n\n\n\n<h2 class=\"wp-block-heading\"><strong>Sfide&nbsp;<\/strong><\/h2>\n\n\n\n<p><span style=\"font-weight: 400;\">Sebbene esistano numerose opportunit\u00e0, le aziende devono anche affrontare varie sfide quando conducono ricerche di mercato in Bulgaria.<\/span><\/p>\n\n\n\n<ul class=\"wp-block-list\">\n<li><b>Complessit\u00e0 normative<\/b><span style=\"font-weight: 400;\">: Muoversi nel contesto normativo della Bulgaria pu\u00f2 essere impegnativo. Le ricerche di mercato chiariscono i requisiti di conformit\u00e0 e aiutano le aziende a sviluppare strategie per affrontare gli ostacoli normativi.<\/span><\/li>\n\n\n\n<li><b>Differenze culturali<\/b><span style=\"font-weight: 400;\">: Comprendere le sfumature culturali locali \u00e8 essenziale per il successo. Le ricerche di mercato forniscono informazioni sulle preferenze e sui comportamenti culturali, aiutando le aziende a personalizzare di conseguenza la propria offerta.<\/span><\/li>\n\n\n\n<li><b>Limitazioni dell&#039;infrastruttura<\/b><span style=\"font-weight: 400;\">: Pur migliorando, le infrastrutture bulgare presentano ancora sfide in alcune aree, con un impatto sulla logistica e sulla distribuzione. Le ricerche di mercato aiutano le aziende a pianificare in modo efficace il superamento di questi ostacoli.<\/span><\/li>\n<\/ul>\n\n\n\n<h2 class=\"wp-block-heading\"><strong>Prospettive future&nbsp;<\/strong><\/h2>\n\n\n\n<p><span style=\"font-weight: 400;\">Le ricerche di mercato in Bulgaria offrono un futuro promettente per le aziende disposte a investire nella comprensione delle dinamiche del mercato.<\/span><\/p>\n\n\n\n<ul class=\"wp-block-list\">\n<li><b>Progressi tecnologici<\/b><span style=\"font-weight: 400;\">: La continua crescita del settore tecnologico stimoler\u00e0 la domanda di metodi innovativi di ricerca di mercato, tra cui l\u2019intelligenza artificiale e l\u2019analisi dei big data.<\/span><\/li>\n\n\n\n<li><b>Crescita economica<\/b><span style=\"font-weight: 400;\">: la crescita economica costante della Bulgaria fornir\u00e0 un ambiente stabile in cui le imprese potranno espandersi e investire.<\/span><\/li>\n\n\n\n<li><b>Sofisticazione del consumatore<\/b><span style=\"font-weight: 400;\">: Man mano che i consumatori diventano pi\u00f9 sofisticati, le aziende devono condurre ricerche di mercato approfondite per comprendere le loro esigenze e preferenze in evoluzione.<\/span><\/li>\n\n\n\n<li><b>Tendenze di sostenibilit\u00e0<\/b><span style=\"font-weight: 400;\">: la crescente attenzione alla sostenibilit\u00e0 creer\u00e0 opportunit\u00e0 per le imprese di sviluppare prodotti e servizi ecologici, supportati da approfondimenti di ricerche di mercato.<\/span><\/li>\n\n\n\n<li><b>Integrazione regionale<\/b><span style=\"font-weight: 400;\">: L&#039;integrazione della Bulgaria nell&#039;Unione Europea continuer\u00e0 a influenzare le condizioni del mercato, rendendo essenziale per le aziende rimanere informate attraverso le ricerche di mercato.<\/span><\/li>\n<\/ul>\n\n\n\n<h2 class=\"wp-block-heading\"><strong>In che modo le ricerche di mercato di SIS International in Bulgaria aiutano le imprese<\/strong><\/h2>\n\n\n\n<p><span style=\"font-weight: 400;\">SIS International conduce ricerche di mercato fondamentali per aiutare le aziende a orientarsi nelle complessit\u00e0 del mercato bulgaro. Fornendo approfondimenti completi sulle condizioni di mercato, sui comportamenti dei consumatori e sulle dinamiche competitive, SIS consente alle aziende di prendere decisioni informate che guidano la crescita e l&#039;innovazione.<\/span><\/p>\n\n\n\n<p><b>Ridurre il rischio<\/b><span style=\"font-weight: 400;\">:&nbsp;<\/span><\/p>\n\n\n\n<p><a href=\"https:\/\/www.linkedin.com\/company\/sisinternationalresearch\/\" target=\"_blank\" rel=\"noopener\"><span style=\"font-weight: 400;\">SIS Internazionale<\/span><\/a><span style=\"font-weight: 400;\"> aiuta le aziende a identificare i potenziali rischi e a sviluppare strategie per mitigarli. Questo approccio proattivo riduce l\u2019incertezza e migliora i processi decisionali.<\/span><\/p>\n\n\n\n<p><b>Aumentare le entrate<\/b><span style=\"font-weight: 400;\">:&nbsp;<\/span><\/p>\n\n\n\n<p><span style=\"font-weight: 400;\">Comprendendo <a href=\"https:\/\/www.sisinternational.com\/it\/soluzioni\/ricerche-di-mercato-sui-consumatori\/\">preferenze dei consumatori<\/a> e le tendenze del mercato, le aziende possono personalizzare la propria offerta per soddisfare la domanda, aumentando le vendite e i ricavi.<\/span><\/p>\n\n\n\n<p><b>Risparmiare soldi<\/b><span style=\"font-weight: 400;\">:&nbsp;<\/span><\/p>\n\n\n\n<p><a href=\"https:\/\/twitter.com\/SISIntlResearch\" target=\"_blank\" rel=\"noopener\"><span style=\"font-weight: 400;\">SIS<\/span><\/a><span style=\"font-weight: 400;\"> allows companies to allocate resources more efficiently, minimize waste, and optimize investment. This leads to cost savings and improved operational efficiency.<\/span><\/p>\n\n\n\n<p><b>Risparmio di tempo<\/b><span style=\"font-weight: 400;\">:&nbsp;<\/span><\/p>\n\n\n\n<p><span style=\"font-weight: 400;\">L\u2019accesso a informazioni di mercato accurate e tempestive accelera il processo decisionale, consentendo alle aziende di rispondere rapidamente ai cambiamenti del mercato e cogliere le opportunit\u00e0.<\/span><\/p>\n\n\n\n<p><b>Accelerare la crescita e l\u2019innovazione<\/b><span style=\"font-weight: 400;\">:&nbsp;<\/span><\/p>\n\n\n\n<p><span style=\"font-weight: 400;\">Una ricerca di mercato completa in Bulgaria fornisce approfondimenti che guidano lo sviluppo e l\u2019innovazione del prodotto. Ci\u00f2 aiuta le aziende a rimanere competitive e a raggiungere una crescita sostenibile.<\/span><\/p>\n\n\n\n<p><b>Aumentare il ROI<\/b><span style=\"font-weight: 400;\">:&nbsp;<\/span><\/p>\n\n\n\n<p><span style=\"font-weight: 400;\">La ricerca di mercato massimizza il ritorno sull\u2019investimento identificando i segmenti di mercato e le opportunit\u00e0 pi\u00f9 promettenti. Le aziende possono concentrare i propri sforzi su aree ad alto potenziale e ottenere risultati migliori.<\/span><\/p>\n\n\n\n<h2 class=\"wp-block-heading\">La nostra sede a New York<\/h2>\n\n\n\n<p>\n\n\n\n<iframe loading=\"lazy\" src=\"https:\/\/www.google.com\/maps\/embed?pb=!1m18!1m12!1m3!1d3022.976188376966!2d-73.99130312499956!3d40.740549471389315!2m3!1f0!2f0!3f0!3m2!1i1024!2i768!4f13.1!3m3!1m2!1s0x89c259a15798c731%3A0xd695d09bdd495f25!2s11%20E%2022nd%20St%20FL%202%2C%20New%20York%2C%20NY%2010010%2C%20USA!5e0!3m2!1sen!2spe!4v1726171763526!5m2!1sen!2spe\" width=\"600\" height=\"450\" allowfullscreen=\"allowfullscreen\" data-mce-fragment=\"1\"><\/iframe>\n\n\n\n<\/p>\n\n\n\n<h3 class=\"wp-block-heading\">11 E 22nd Street, piano 2, New York, NY 10010 T: +1(212) 505-6805<\/h3>\n\n\n\n<hr class=\"wp-block-separator has-alpha-channel-opacity\"\/>\n\n\n\n<h2 class=\"wp-block-heading\"><span style=\"font-weight: 400;\">A proposito di SIS Internazionale<\/span><\/h2>\n\n\n\n<p><a href=\"https:\/\/www.sisinternational.com\/it\/\"><span style=\"font-weight: 400;\">SIS Internazionale<\/span><\/a><span style=\"font-weight: 400;\"> offre ricerca quantitativa, qualitativa e strategica. Forniamo dati, strumenti, strategie, report e approfondimenti per il processo decisionale. Conduciamo anche interviste, sondaggi, focus group e altri metodi e approcci di ricerca di mercato.<\/span><a href=\"https:\/\/www.sisinternational.com\/it\/sulla-sua-ricerca-internazionale\/contact-sis-international-market-research\/\"><span style=\"font-weight: 400;\"> Contattaci<\/span><\/a><span style=\"font-weight: 400;\"> per il tuo prossimo progetto di ricerca di mercato.<\/span><\/p>\n\n\n\n<p><\/p>\n\n\n\n<h2 class=\"wp-block-heading\">&nbsp;<\/h2>","protected":false},"excerpt":{"rendered":"<p>Fai crescere il tuo business con le ricerche di mercato in Bulgaria.<\/p>","protected":false},"author":1,"featured_media":85249,"parent":14510,"menu_order":44,"comment_status":"closed","ping_status":"closed","template":"","meta":{"footnotes":""},"class_list":["post-38919","page","type-page","status-publish","has-post-thumbnail"],"_links":{"self":[{"href":"https:\/\/www.sisinternational.com\/it\/wp-json\/wp\/v2\/pages\/38919","targetHints":{"allow":["GET"]}}],"collection":[{"href":"https:\/\/www.sisinternational.com\/it\/wp-json\/wp\/v2\/pages"}],"about":[{"href":"https:\/\/www.sisinternational.com\/it\/wp-json\/wp\/v2\/types\/page"}],"author":[{"embeddable":true,"href":"https:\/\/www.sisinternational.com\/it\/wp-json\/wp\/v2\/users\/1"}],"replies":[{"embeddable":true,"href":"https:\/\/www.sisinternational.com\/it\/wp-json\/wp\/v2\/comments?post=38919"}],"version-history":[{"count":8,"href":"https:\/\/www.sisinternational.com\/it\/wp-json\/wp\/v2\/pages\/38919\/revisions"}],"predecessor-version":[{"id":85252,"href":"https:\/\/www.sisinternational.com\/it\/wp-json\/wp\/v2\/pages\/38919\/revisions\/85252"}],"up":[{"embeddable":true,"href":"https:\/\/www.sisinternational.com\/it\/wp-json\/wp\/v2\/pages\/14510"}],"wp:featuredmedia":[{"embeddable":true,"href":"https:\/\/www.sisinternational.com\/it\/wp-json\/wp\/v2\/media\/85249"}],"wp:attachment":[{"href":"https:\/\/www.sisinternational.com\/it\/wp-json\/wp\/v2\/media?parent=38919"}],"curies":[{"name":"wp","href":"https:\/\/api.w.org\/{rel}","templated":true}]}}