{"id":38897,"date":"2021-09-25T00:55:47","date_gmt":"2021-09-25T00:55:47","guid":{"rendered":"https:\/\/www.sisinternational.com\/?page_id=38897"},"modified":"2026-01-25T16:52:33","modified_gmt":"2026-01-25T21:52:33","slug":"ricerche-di-mercato-sulle-elite-politiche","status":"publish","type":"page","link":"https:\/\/www.sisinternational.com\/it\/competenza\/ricerche-di-mercato-sulle-elite-politiche\/","title":{"rendered":"Ricerche di mercato sull&#039;\u00e9lite politica\u00a0"},"content":{"rendered":"<h1 class=\"wp-block-heading\">Ricerche di mercato sull&#039;\u00e9lite politica<\/h1>\n\n\n\n<figure class=\"gb-block-image gb-block-image-15e0dce4\"><img loading=\"lazy\" decoding=\"async\" width=\"1456\" height=\"816\" class=\"gb-image gb-image-15e0dce4\" src=\"https:\/\/www.sisinternational.com\/wp-content\/uploads\/2025\/08\/Government-federal-municipal-2.jpg\" alt=\"Ricerca e strategia di mercato internazionale SIS\" title=\"Government federal municipal (2)\" srcset=\"https:\/\/www.sisinternational.com\/wp-content\/uploads\/2025\/08\/Government-federal-municipal-2.jpg 1456w, https:\/\/www.sisinternational.com\/wp-content\/uploads\/2025\/08\/Government-federal-municipal-2-300x168.jpg 300w, https:\/\/www.sisinternational.com\/wp-content\/uploads\/2025\/08\/Government-federal-municipal-2-1024x574.jpg 1024w, https:\/\/www.sisinternational.com\/wp-content\/uploads\/2025\/08\/Government-federal-municipal-2-768x430.jpg 768w, https:\/\/www.sisinternational.com\/wp-content\/uploads\/2025\/08\/Government-federal-municipal-2-18x10.jpg 18w\" sizes=\"auto, (max-width: 1456px) 100vw, 1456px\"><\/figure>\n\n\n\n<p><\/p>\n\n\n\n<h2 class=\"wp-block-heading p2\">Che cos&#039;\u00e8 la ricerca di mercato Policy Elite?<\/h2>\n\n\n\n<p class=\"p3\">Le \u201c\u00e9lite politiche\u201d sono gli attori statali che modellano il processo decisionale di un paese. Il termine deriva dalla &quot;teoria delle \u00e9lite&quot;. Questa teoria suggerisce che la politica pubblica riflette gli interessi delle \u00e9lite al potere. La teoria delle \u00e9lite divide la societ\u00e0 in due parti principali. Ci sono pochi che hanno il potere e molti che non ce l\u2019hanno.<\/p>\n\n\n\n<p class=\"p3\">Il potere ha poco a che fare con ci\u00f2 che accade il giorno delle elezioni. Si trova invece nelle mani di un piccolo gruppo di persone conosciute come \u00e9lite. Questo gruppo comprende persone ricche. Include anche i pensatori e quelli con altre abilit\u00e0. Sono loro che detengono il potere e formano la classe superiore. La ricchezza che detengono consente loro di conquistare posizioni chiave. A causa del loro ruolo, sono loro che prendono le decisioni e distribuiscono le risorse. Usano questo ruolo a loro vantaggio.<\/p>\n\n\n\n<h2 class=\"wp-block-heading p2\">Perch\u00e9 \u00e8 importante?<\/h2>\n\n\n\n<p class=\"p3\">Le \u00e9lite politiche svolgono un ruolo cruciale. Creano le politiche e prendono le decisioni. Aiutano anche a insegnare\/lavare il cervello alle masse in politica. Inoltre, aiutano a stabilire standard modello specifici nella societ\u00e0.<\/p>\n\n\n\n<p class=\"p3\">Many authors claim that elites are the <a href=\"https:\/\/www.sisinternational.com\/it\/fattori-chiave-di-successo-nelle-ricerche-di-mercato-automobilistiche\/\" title=\"Fattori chiave di successo nelle ricerche di mercato automobilistiche\"  data-wpil-monitor-id=\"8736\">key to the success<\/a> of major shifts in society. They can influence both the economy and civil society. We need these factors for the government and other organs of society to function.<\/p>\n\n\n\n<p class=\"p3\">Civil society calls for a stable democratic state. The elites create the space for civil society to thrive outside of the state. Thus, they control this space while allowing civil society to be self-governing.<\/p>\n\n\n\n<p class=\"p3\">Le \u00e9lite possono anche usare il loro potere per imporre un cambiamento politico. Innanzitutto, le \u00e9lite devono mobilitare le persone. Una volta che ci\u00f2 accade, le \u00e9lite possono piegare le masse secondo la loro volont\u00e0.<\/p>\n\n\n\n<h2 class=\"wp-block-heading p2\">Titoli di lavoro chiave<\/h2>\n\n\n\n<p class=\"p3\">In generale, le \u00e9lite ricoprono alcune delle posizioni pi\u00f9 alte nel sistema politico. Questi includono economisti, presidenti e ministri. Altri ruoli vitali sono gli alti burocrati, i membri del Congresso e i diplomatici. Anche i leader del partito rientrano in questo gruppo. Le \u00e9lite possono provenire da lavori di alto livello, inclusi avvocati, insegnanti e manager. Lavorano sia nel settore pubblico che in quello privato. Gli imprenditori self-made sono un altro esempio.<\/p>\n\n\n\n<h2 class=\"wp-block-heading p2\">Perch\u00e9 le aziende hanno bisogno delle \u00e9lite politiche<\/h2>\n\n\n\n<p class=\"p3\">When an elite makes policy choices, these choices usually benefit that elite. This rule includes any business owned, managed, or linked to a policy elite. Such companies stand to gain from decisions made. Elites can suggest policies that will have a positive <a href=\"https:\/\/www.sisinternational.com\/it\/leffetto-della-cultura-del-mercato-nigeriano-sugli-affari\/\" title=\"Il mercato nigeriano: l&#039;effetto della cultura sul business\"  data-wpil-monitor-id=\"8737\">effect on a business<\/a>.<\/p>\n\n\n\n<p class=\"p3\">Businesses can count on elites to share their interests. Since the level of wealth contributes to elite status, elites can invest in many companies. These investments help them stay rich and preserve their elite status. Thus, one can link a business\u2019s success to an elite\u2019s wealth and vice versa. As a result, elites will be sure to reap benefits from decisions made.<\/p>\n\n\n\n<h2 class=\"wp-block-heading p2\">Fattori chiave del successo<\/h2>\n\n\n\n<figure class=\"gb-block-image gb-block-image-3d648d44\"><img loading=\"lazy\" decoding=\"async\" width=\"1456\" height=\"816\" class=\"gb-image gb-image-3d648d44\" src=\"https:\/\/www.sisinternational.com\/wp-content\/uploads\/2025\/08\/Government-federal-municipal-4.jpg\" alt=\"Ricerca e strategia di mercato internazionale SIS\" title=\"Government federal municipal (4)\" srcset=\"https:\/\/www.sisinternational.com\/wp-content\/uploads\/2025\/08\/Government-federal-municipal-4.jpg 1456w, https:\/\/www.sisinternational.com\/wp-content\/uploads\/2025\/08\/Government-federal-municipal-4-300x168.jpg 300w, https:\/\/www.sisinternational.com\/wp-content\/uploads\/2025\/08\/Government-federal-municipal-4-1024x574.jpg 1024w, https:\/\/www.sisinternational.com\/wp-content\/uploads\/2025\/08\/Government-federal-municipal-4-768x430.jpg 768w, https:\/\/www.sisinternational.com\/wp-content\/uploads\/2025\/08\/Government-federal-municipal-4-18x10.jpg 18w\" sizes=\"auto, (max-width: 1456px) 100vw, 1456px\"><\/figure>\n\n\n\n<p><\/p>\n\n\n\n<p class=\"p3\">L\u2019analisi dei casi di studio ha contribuito a dedurre alcuni dei fattori critici di successo delle \u00e9lite. Alcuni di questi sono i seguenti:<\/p>\n\n\n\n<p class=\"p3\">1. Le \u00e9lite devono parlare apertamente e onestamente durante il processo di formulazione delle politiche.<\/p>\n\n\n\n<p class=\"p3\">2. Le persone devono anche essere disposte a negoziare.<\/p>\n\n\n\n<p class=\"p3\">3. Le \u00e9lite interne dovrebbero avviare i negoziati. Le forze esterne non dovrebbero influenzarli.<\/p>\n\n\n\n<p class=\"p3\">4. Le \u00e9lite devono essere esclusive. Questo fattore impedisce possibili reazioni da parte di gruppi estremisti alienati.<\/p>\n\n\n\n<p class=\"p3\">5. Le \u00e9lite devono mantenere il potere durante tutto il processo per garantire l\u2019adozione delle politiche. Inoltre, garantisce che le persone all&#039;interno dei loro partiti li rispettino.<\/p>\n\n\n\n<p class=\"p3\">Una volta seguite, le \u00e9lite possono raggiungere il successo grazie a questi fattori di successo.<\/p>\n\n\n\n<h2 class=\"wp-block-heading p2\">Informazioni sulla ricerca di mercato di Policy Elite<\/h2>\n\n\n\n<p class=\"p4\">Knowing the elite theory is key to analyzing policy elites. Quantitative, Qualitative, and strategy <a href=\"https:\/\/www.sisinternational.com\/it\/copertura\/europa\/ricerche-di-mercato-del-vaticano\/\" title=\"Ricerche di mercato in Vaticano\"  data-wpil-monitor-id=\"3786\">research are also helpful when doing market<\/a> research on these elites. Our <a href=\"https:\/\/www.sisinternational.com\/it\/azienda-leader-nel-focus-group-globale\/\" title=\"La migliore azienda di focus group globale\"  data-wpil-monitor-id=\"8735\">company also offers Focus Groups<\/a>, Interviews, and Surveys.<\/p>\n\n\n\n<p><\/p>","protected":false},"excerpt":{"rendered":"<p>Le \u00e9lite politiche tendono a prendere decisioni a vantaggio delle loro aziende. Fai crescere la tua attivit\u00e0 e il tuo impatto con la ricerca di mercato Policy Elite.<\/p>","protected":false},"author":1,"featured_media":64505,"parent":14514,"menu_order":76,"comment_status":"closed","ping_status":"closed","template":"","meta":{"footnotes":""},"class_list":["post-38897","page","type-page","status-publish","has-post-thumbnail"],"_links":{"self":[{"href":"https:\/\/www.sisinternational.com\/it\/wp-json\/wp\/v2\/pages\/38897","targetHints":{"allow":["GET"]}}],"collection":[{"href":"https:\/\/www.sisinternational.com\/it\/wp-json\/wp\/v2\/pages"}],"about":[{"href":"https:\/\/www.sisinternational.com\/it\/wp-json\/wp\/v2\/types\/page"}],"author":[{"embeddable":true,"href":"https:\/\/www.sisinternational.com\/it\/wp-json\/wp\/v2\/users\/1"}],"replies":[{"embeddable":true,"href":"https:\/\/www.sisinternational.com\/it\/wp-json\/wp\/v2\/comments?post=38897"}],"version-history":[{"count":5,"href":"https:\/\/www.sisinternational.com\/it\/wp-json\/wp\/v2\/pages\/38897\/revisions"}],"predecessor-version":[{"id":81466,"href":"https:\/\/www.sisinternational.com\/it\/wp-json\/wp\/v2\/pages\/38897\/revisions\/81466"}],"up":[{"embeddable":true,"href":"https:\/\/www.sisinternational.com\/it\/wp-json\/wp\/v2\/pages\/14514"}],"wp:featuredmedia":[{"embeddable":true,"href":"https:\/\/www.sisinternational.com\/it\/wp-json\/wp\/v2\/media\/64505"}],"wp:attachment":[{"href":"https:\/\/www.sisinternational.com\/it\/wp-json\/wp\/v2\/media?parent=38897"}],"curies":[{"name":"wp","href":"https:\/\/api.w.org\/{rel}","templated":true}]}}