{"id":38806,"date":"2021-09-14T03:12:38","date_gmt":"2021-09-14T03:12:38","guid":{"rendered":"https:\/\/www.sisinternational.com\/?page_id=38806"},"modified":"2026-01-27T16:45:49","modified_gmt":"2026-01-27T21:45:49","slug":"ricerche-di-mercato-croazia","status":"publish","type":"page","link":"https:\/\/www.sisinternational.com\/it\/copertura\/europa\/ricerche-di-mercato-croazia\/","title":{"rendered":"Ricerche di mercato in Croazia"},"content":{"rendered":"<h1 class=\"wp-block-heading\">Ricerche di mercato in Croazia<\/h1>\n\n\n\n<figure class=\"gb-block-image gb-block-image-f33a9387\"><img loading=\"lazy\" decoding=\"async\" width=\"1456\" height=\"816\" class=\"gb-image gb-image-f33a9387\" src=\"https:\/\/www.sisinternational.com\/wp-content\/uploads\/2025\/09\/Croatia-2.jpg\" alt=\"Ricerca e strategia di mercato internazionale SIS\" title=\"Croatia (2)\" srcset=\"https:\/\/www.sisinternational.com\/wp-content\/uploads\/2025\/09\/Croatia-2.jpg 1456w, https:\/\/www.sisinternational.com\/wp-content\/uploads\/2025\/09\/Croatia-2-300x168.jpg 300w, https:\/\/www.sisinternational.com\/wp-content\/uploads\/2025\/09\/Croatia-2-1024x574.jpg 1024w, https:\/\/www.sisinternational.com\/wp-content\/uploads\/2025\/09\/Croatia-2-768x430.jpg 768w, https:\/\/www.sisinternational.com\/wp-content\/uploads\/2025\/09\/Croatia-2-18x10.jpg 18w\" sizes=\"auto, (max-width: 1456px) 100vw, 1456px\"><\/figure>\n\n\n\n<hr class=\"wp-block-separator has-alpha-channel-opacity is-style-dots\"\/>\n\n\n\n<h3 class=\"wp-block-heading\">Le aziende hanno bisogno di ricerche di mercato in Croazia per affrontare le complessit\u00e0 di questo mercato in evoluzione e sfruttare le opportunit\u00e0 emergenti. Devono comprendere il comportamento dei consumatori locali, le condizioni economiche e le dinamiche competitive.<\/h3>\n\n\n\n<p>Stai cercando di espandere la tua attivit\u00e0 nel dinamico mercato della Croazia? Le ricerche di mercato in Croazia sono uno strumento vitale per le aziende che mirano a prosperare in questo mercato emergente e competitivo. Mentre la Croazia continua ad integrarsi nell\u2019Unione Europea, comprendere le dinamiche del mercato locale e il comportamento dei consumatori \u00e8 fondamentale per il successo.<\/p>\n\n\n\n<h2 class=\"wp-block-heading\">Cos&#039;\u00e8 la ricerca di mercato in Croazia?<\/h2>\n\n\n\n<p>Le ricerche di mercato in Croazia forniscono alle aziende informazioni critiche sull\u2019ambiente economico locale, sulle preferenze dei consumatori e sulle tendenze del mercato. Sfruttando queste informazioni, le aziende possono prendere decisioni informate che migliorano il loro posizionamento sul mercato e le prospettive di crescita. Inoltre, le ricerche di mercato forniscono preziose informazioni sulle esigenze dei consumatori, sulla domanda del mercato e sulle dinamiche competitive per le aziende che desiderano entrare o espandersi in Croazia.<\/p>\n\n\n\n<h2 class=\"wp-block-heading\">Perch\u00e9 le aziende hanno bisogno di ricerche di mercato in Croazia?<\/h2>\n\n\n\n<p>Le ricerche di mercato in Croazia aiutano le aziende a comprendere le preferenze dei consumatori locali ed sono fondamentali per personalizzare prodotti e servizi in modo da soddisfare le esigenze e le aspettative dei clienti croati. Le ricerche di mercato forniscono informazioni sulle abitudini di acquisto, sulle tendenze dello stile di vita e sulle differenze regionali, consentendo alle aziende di sviluppare strategie di marketing mirate e ottimizzare la propria offerta di prodotti.<\/p>\n\n\n\n<p>Inoltre, le ricerche di mercato aiutano le aziende a rimanere informate sulle tendenze economiche e sui potenziali rischi. Con dati accurati sulle condizioni di mercato, le aziende possono anticipare i cambiamenti e adattare di conseguenza le proprie strategie. Questo approccio proattivo minimizza i rischi e massimizza le opportunit\u00e0, contribuendo al successo a lungo termine nel mercato croato.<\/p>\n\n\n\n<h2 class=\"wp-block-heading\">Quando condurre ricerche di mercato in Croazia<\/h2>\n\n\n\n<figure class=\"gb-block-image gb-block-image-ad453148\"><img loading=\"lazy\" decoding=\"async\" width=\"1456\" height=\"816\" class=\"gb-image gb-image-ad453148\" src=\"https:\/\/www.sisinternational.com\/wp-content\/uploads\/2025\/09\/Croatia-3.jpg\" alt=\"Ricerca e strategia di mercato internazionale SIS\" title=\"Croatia (3)\" srcset=\"https:\/\/www.sisinternational.com\/wp-content\/uploads\/2025\/09\/Croatia-3.jpg 1456w, https:\/\/www.sisinternational.com\/wp-content\/uploads\/2025\/09\/Croatia-3-300x168.jpg 300w, https:\/\/www.sisinternational.com\/wp-content\/uploads\/2025\/09\/Croatia-3-1024x574.jpg 1024w, https:\/\/www.sisinternational.com\/wp-content\/uploads\/2025\/09\/Croatia-3-768x430.jpg 768w, https:\/\/www.sisinternational.com\/wp-content\/uploads\/2025\/09\/Croatia-3-18x10.jpg 18w\" sizes=\"auto, (max-width: 1456px) 100vw, 1456px\"><\/figure>\n\n\n\n<p><\/p>\n\n\n\n<p>Businesses should engage in <a href=\"https:\/\/www.sisinternational.com\/it\/entrare-nel-mercato-dellamerica-latina\/\" title=\"Entrare nel mercato latinoamericano\"  data-wpil-monitor-id=\"7562\">ricerca di mercato<\/a> during the planning phase of entering the Croatian market to understand the local landscape, consumer preferences, and potential barriers to entry. This initial <a href=\"https:\/\/www.sisinternational.com\/it\/competenza\/industrie\/ricerche-di-mercato-con-tabulazione-incrociata\/\" title=\"Ricerche di mercato con tabulazione incrociata\"  data-wpil-monitor-id=\"4924\">ricerca<\/a> helps companies tailor their products and marketing strategies to meet the needs of Croatian consumers.<\/p>\n\n\n\n<p><a href=\"https:\/\/www.sisinternational.com\/it\/soluzioni\/ricerche-di-mercato-sui-consumatori\/\">Ricerca di mercato<\/a> \u00e8 fondamentale anche quando si lanciano nuovi prodotti o servizi in Croazia. Raccogliendo informazioni sulle reazioni dei consumatori, sulla domanda del mercato e sul posizionamento competitivo, le aziende possono perfezionare la propria offerta e massimizzare le possibilit\u00e0 di successo. La ricerca continua lungo tutto il ciclo di vita del prodotto consente alle aziende di rimanere in sintonia con le tendenze del mercato e di adattarsi ai mutevoli comportamenti dei consumatori.<\/p>\n\n\n\n<p>Inoltre, le aziende dovrebbero condurre ricerche di mercato quando valutano le prestazioni dei loro prodotti o servizi in Croazia. Comprendere il feedback dei clienti e le dinamiche del mercato aiuta a identificare le aree di miglioramento e innovazione. Questa valutazione continua garantisce che le aziende rimangano competitive e allineate alle richieste del mercato.<\/p>\n\n\n\n<h2 class=\"wp-block-heading\">La nostra attuale revisione del mercato e raccomandazioni<\/h2>\n\n\n\n<p>Abbiamo notato che la Croazia ha visto una crescita significativa nei settori del turismo, della tecnologia e delle energie rinnovabili. L&#039;industria del turismo continua ad espandersi, spinta dalla splendida costa del paese, dai siti storici e dalle attrazioni culturali. Inoltre, il settore tecnologico \u00e8 in piena espansione, con un numero crescente di startup e aziende tecnologiche emergenti, in particolare nei centri urbani come Zagabria. Anche le iniziative relative alle energie rinnovabili stanno guadagnando terreno mentre la Croazia cerca di ridurre la propria dipendenza dai combustibili fossili e promuovere lo sviluppo sostenibile.<\/p>\n\n\n\n<p>Si prevede che il mercato croato continuer\u00e0 la sua traiettoria di crescita, sostenuto dalla continua integrazione dell\u2019UE e dagli investimenti nelle infrastrutture. La forza lavoro giovane e istruita del Paese \u00e8 ben posizionata per promuovere l\u2019innovazione e lo sviluppo economico.<\/p>\n\n\n\n<p><em><strong>ROI potenziale:<\/strong> <\/em><\/p>\n\n\n\n<p>Investire in Croazia offre rendimenti promettenti, in particolare in settori ad alta crescita come il turismo, la tecnologia e le energie rinnovabili. Tuttavia, per ottenere un ROI ottimale \u00e8 necessario un approccio ben studiato, che tenga conto delle condizioni del mercato locale, delle preferenze dei consumatori e dei requisiti normativi. Gli investimenti strategici nelle ricerche di mercato possono aumentare significativamente il potenziale di successo e redditivit\u00e0.<\/p>\n\n\n\n<h2 class=\"wp-block-heading p2\">La Croazia \u00e8 un bellissimo paese situato al crocevia tra l\u2019Europa centrale e sud-orientale.<\/h2>\n\n\n\n<figure class=\"gb-block-image gb-block-image-921dfbb4\"><img loading=\"lazy\" decoding=\"async\" width=\"1456\" height=\"816\" class=\"gb-image gb-image-921dfbb4\" src=\"https:\/\/www.sisinternational.com\/wp-content\/uploads\/2025\/09\/Croatia-5.jpg\" alt=\"Ricerca e strategia di mercato internazionale SIS\" title=\"Croatia (5)\" srcset=\"https:\/\/www.sisinternational.com\/wp-content\/uploads\/2025\/09\/Croatia-5.jpg 1456w, https:\/\/www.sisinternational.com\/wp-content\/uploads\/2025\/09\/Croatia-5-300x168.jpg 300w, https:\/\/www.sisinternational.com\/wp-content\/uploads\/2025\/09\/Croatia-5-1024x574.jpg 1024w, https:\/\/www.sisinternational.com\/wp-content\/uploads\/2025\/09\/Croatia-5-768x430.jpg 768w, https:\/\/www.sisinternational.com\/wp-content\/uploads\/2025\/09\/Croatia-5-18x10.jpg 18w\" sizes=\"auto, (max-width: 1456px) 100vw, 1456px\"><\/figure>\n\n\n\n<p><\/p>\n\n\n\n<p class=\"p2\">Questo paese a forma di mezzaluna ha basse montagne e altopiani vicino alla costa. Ha anche molte pianure pianeggianti e un gran numero di isole.<\/p>\n\n\n\n<p class=\"p2\">Il primo insediamento moderno della Croazia risale all&#039;inizio del VII secolo. I rifugiati affluirono anche durante la Prima e la Seconda Guerra Mondiale. La Croazia \u00e8 ora una repubblica governata da un parlamento.<\/p>\n\n\n\n<p class=\"p2\">La ricca storia e il paesaggio incantevole lo hanno reso il luogo scelto per filmare parti della serie HBO <i>Game of Thrones<\/i>. In questo paese hai molte opportunit\u00e0 per esplorare e scoprire cose nuove.<\/p>\n\n\n\n<h2 class=\"wp-block-heading p3\">Attrazioni turistiche e quartieri<\/h2>\n\n\n\n<p class=\"p2\">Recentemente, la Croazia \u00e8 diventata una destinazione turistica riconosciuta e sempre pi\u00f9 turisti la inseriscono nei loro itinerari di viaggio. L&#039;intero paese \u00e8 mozzafiato, con quartieri di fama mondiale come Spalato, Zagabria e Hvar.<\/p>\n\n\n\n<p><strong>\u2022 Ragusa:<\/strong> Dubrovnik \u00e8 famosa per il suo splendido centro storico, circondato da imponenti mura di pietra. Questo sito Patrimonio dell&#039;Umanit\u00e0 dell&#039;UNESCO offre ai visitatori uno sguardo sulla storia medievale della citt\u00e0, con la sua architettura ben conservata, le chiese storiche e le strette strade acciottolate. La posizione della citt\u00e0 lungo il Mar Adriatico offre panorami pittoreschi e opportunit\u00e0 per escursioni costiere.<\/p>\n\n\n\n<p><strong>\u2022 Parco Nazionale dei Laghi di Plitvice:<\/strong> Il Parco Nazionale dei Laghi di Plitvice \u00e8 una delle meraviglie naturali pi\u00f9 spettacolari della Croazia, noto per i suoi laghi, cascate e foreste lussureggianti. Questo sito patrimonio mondiale dell&#039;UNESCO \u00e8 un paradiso per gli amanti della natura e offre ampi sentieri escursionistici che consentono ai visitatori di esplorare il suo paesaggio unico. Le acque cristalline del parco e la variegata fauna selvatica lo rendono una destinazione imperdibile.<\/p>\n\n\n\n<p><strong>\u2022 Diviso:<\/strong> Spalato, la seconda citt\u00e0 pi\u00f9 grande della Croazia, \u00e8 un vivace centro urbano con una ricca storia. Il fulcro della citt\u00e0 \u00e8 il Palazzo di Diocleziano, un imponente complesso di palazzi romani che ora costituisce il cuore della citt\u00e0 vecchia. Il lungomare di Spalato, i vivaci mercati e le spiagge vicine attirano gli appassionati di storia e i turisti.<\/p>\n\n\n\n<p><strong>\u2022 Isola di Hvar:<\/strong> L&#039;isola di Hvar \u00e8 rinomata per i suoi paesaggi mozzafiato, le bellissime spiagge e la vivace vita notturna. La storica citt\u00e0 dell&#039;isola di Hvar vanta strade affascinanti, fortezze storiche e un vivace porto turistico pieno di yacht di lusso. Il clima mediterraneo e le acque cristalline di Hvar la rendono una destinazione popolare per gli amanti del sole e dell&#039;avventura.<\/p>\n\n\n\n<p><strong>\u2022 Zagabria:<\/strong> Zagabria, la capitale della Croazia, offre una miscela di fascino storico e comfort moderni. La Citt\u00e0 Alta della citt\u00e0 presenta un&#039;architettura medievale, strade acciottolate e monumenti storici come la Chiesa di San Marco e la Cattedrale di Zagabria. La Citt\u00e0 Bassa di Zagabria \u00e8 nota per la sua vivace scena culturale, con numerosi musei, gallerie e teatri.<\/p>\n\n\n\n<h2 class=\"wp-block-heading p3\">Industrie chiave<\/h2>\n\n\n\n<p class=\"p2\">Croatia\u2019s main income products are food, drinks, tobacco, and chemical oil. The Croat people are also very skilled in agriculture, one of their key industries. Croatia is doing so well in agriculture that the World Bank has classed it as a high-income economy.<\/p>\n\n\n\n<p class=\"p2\">Croatia has many small farmers\u2019 markets scattered throughout the country. The vendors sell local fruits, vegetables, cheese, wine, and meat. Most are in the city centers, but others are in small villages.<\/p>\n\n\n\n<p>In ogni caso, l&#039;economia della Croazia \u00e8 trainata da diversi settori chiave che offrono notevoli opportunit\u00e0 alle imprese e agli investitori. Comprendere questi settori e i loro principali attori \u00e8 fondamentale per qualsiasi azienda che entra nel mercato croato.<\/p>\n\n\n\n<ul class=\"wp-block-list\">\n<li><strong>Turismo:<\/strong> Il turismo \u00e8 una pietra angolare dell&#039;economia croata e contribuisce in modo significativo al PIL e all&#039;occupazione. La splendida costa adriatica del paese, le citt\u00e0 storiche come Dubrovnik e Spalato e le numerose isole attirano milioni di turisti ogni anno. I principali attori in questo settore includono agenzie di viaggio come Atlas e Uniline e catene alberghiere internazionali come Hilton e Marriott. Il continuo sviluppo di resort di lusso e progetti di ecoturismo continua a sostenere questo settore.<\/li>\n\n\n\n<li><strong>Tecnologia e Startup:<\/strong> Il settore tecnologico croato \u00e8 in rapida crescita, con Zagabria che emerge come hub tecnologico. Aziende come Infobip, Rimac Automobili e Nanobit mostrano il potenziale del Paese nelle comunicazioni mobili, nell&#039;innovazione automobilistica e nei giochi. L\u2019ecosistema delle startup solidali, alimentato da iniziative governative e investimenti in capitale di rischio, guida l\u2019innovazione e il progresso tecnologico.<\/li>\n\n\n\n<li><strong>Produzione:<\/strong> La produzione \u00e8 un altro settore critico, con la Croazia che produce di tutto, dai componenti automobilistici ai prodotti farmaceutici. La presenza di aziende consolidate come Pliva (prodotti farmaceutici) e AD Plastik (componenti automobilistici) evidenzia la diversit\u00e0 e la capacit\u00e0 di innovazione del settore. La posizione strategica del Paese e la forza lavoro qualificata accrescono ulteriormente la sua attrattiva come polo manifatturiero.<\/li>\n<\/ul>\n\n\n\n<h2 class=\"wp-block-heading\">Principali attori del mercato croato<\/h2>\n\n\n\n<figure class=\"gb-block-image gb-block-image-88fdee43\"><img loading=\"lazy\" decoding=\"async\" width=\"1456\" height=\"816\" class=\"gb-image gb-image-88fdee43\" src=\"https:\/\/www.sisinternational.com\/wp-content\/uploads\/2025\/09\/Croatia-4.jpg\" alt=\"Ricerca e strategia di mercato internazionale SIS\" title=\"Croatia (4)\" srcset=\"https:\/\/www.sisinternational.com\/wp-content\/uploads\/2025\/09\/Croatia-4.jpg 1456w, https:\/\/www.sisinternational.com\/wp-content\/uploads\/2025\/09\/Croatia-4-300x168.jpg 300w, https:\/\/www.sisinternational.com\/wp-content\/uploads\/2025\/09\/Croatia-4-1024x574.jpg 1024w, https:\/\/www.sisinternational.com\/wp-content\/uploads\/2025\/09\/Croatia-4-768x430.jpg 768w, https:\/\/www.sisinternational.com\/wp-content\/uploads\/2025\/09\/Croatia-4-18x10.jpg 18w\" sizes=\"auto, (max-width: 1456px) 100vw, 1456px\"><\/figure>\n\n\n\n<p><\/p>\n\n\n\n<p>Il mercato croato \u00e8 rappresentato da importanti aziende locali e influenti attori internazionali, ciascuno dei quali contribuisce al panorama economico diversificato e dinamico del paese. Ci\u00f2 comprende:<\/p>\n\n\n\n<ul class=\"wp-block-list\">\n<li><strong>Infobip:<\/strong> In qualit\u00e0 di leader globale nelle comunicazioni cloud, Infobip \u00e8 una delle aziende tecnologiche di maggior successo della Croazia. Offre una suite completa di soluzioni di messaggistica, consentendo alle aziende di comunicare con i propri clienti tramite SMS, e-mail, app vocali e chat.<\/li>\n\n\n\n<li><strong>Rimac Automobili:<\/strong> Rimac Automobili \u00e8 un rinomato produttore di veicoli elettrici e sistemi di batterie ad alte prestazioni. Conosciuta per la sua tecnologia all&#039;avanguardia e l&#039;eccellenza ingegneristica, Rimac si \u00e8 posizionata come leader nel settore automobilistico.<\/li>\n\n\n\n<li><strong>Podravka:<\/strong> Podravka \u00e8 un&#039;azienda leader nella trasformazione alimentare in Croazia, nota per la sua vasta gamma di prodotti alimentari, incluso l&#039;iconico condimento Vegeta. L&#039;impegno dell&#039;azienda verso la qualit\u00e0 e l&#039;innovazione l&#039;ha aiutata a mantenere una forte presenza nazionale e internazionale.<\/li>\n\n\n\n<li><strong>HEP (Azienda Croata per l&#039;Energia Elettrica):<\/strong> HEP \u00e8 l&#039;attore dominante nel settore energetico croato, responsabile della generazione, trasmissione e distribuzione di elettricit\u00e0. Gli investimenti significativi dell&#039;azienda in progetti di energia rinnovabile sottolineano il suo impegno in materia di sostenibilit\u00e0 ed efficienza energetica.<\/li>\n\n\n\n<li><strong>Pliva:<\/strong> Pliva \u00e8 un&#039;importante azienda farmaceutica croata con una reputazione di lunga data per la produzione di farmaci di alta qualit\u00e0. Come parte del gruppo Teva Pharmaceutical Industries, Pliva beneficia di ampie risorse di ricerca e sviluppo, che le consentono di innovare ed espandere la propria offerta di prodotti.<\/li>\n<\/ul>\n\n\n\n<h2 class=\"wp-block-heading p3\">Tendenze<\/h2>\n\n\n\n<p class=\"p2\">La Croazia ha un\u2019economia in via di sviluppo, ad alto reddito e basata sui servizi. Il paese ha sofferto durante le guerre jugoslave negli anni &#039;90. Fu solo dopo la fine delle guerre che l\u2019economia cominci\u00f2 a migliorare. Dopo le guerre, il paese divenne un\u2019economia di mercato. Pertanto l\u2019economia croata \u00e8 oggi una delle pi\u00f9 forti dell\u2019Europa sudorientale.<\/p>\n\n\n\n<h2 class=\"wp-block-heading p3\">Motivi per avviare un&#039;attivit\u00e0 in Croazia<\/h2>\n\n\n\n<p class=\"p2\">Croatia\u2019s location is the main reason it is a great place to run a business. Moreover, Croatia has travel connections to Europe and the rest of the world by sea, road, and air, attracting many tourists. Other reasons are its modern infrastructure, stability overall, and educated workforce. The country also continues to develop its transport, telecommunications, and energy equipment.<\/p>\n\n\n\n<h2 class=\"wp-block-heading\">Risultati attesi dalla ricerca di mercato SIS in Croazia<\/h2>\n\n\n\n<p><strong>Migliore comprensione del mercato:<\/strong><\/p>\n\n\n\n<p><a href=\"https:\/\/www.linkedin.com\/company\/sisinternationalresearch\/\" target=\"_blank\" rel=\"noopener\"><span style=\"font-weight: 400;\">SIS Internazionale<\/span><\/a>Le ricerche di mercato di offrono alle aziende una conoscenza approfondita del mercato croato. Ci\u00f2 include approfondimenti sul comportamento dei consumatori, sulla domanda di mercato e sulle dinamiche competitive. Con questa conoscenza, le aziende possono adattare le proprie strategie per allinearle alle preferenze locali e alle condizioni del mercato.<\/p>\n\n\n\n<p><strong>Processo decisionale informato:<\/strong><\/p>\n\n\n\n<p>Le ricerche di mercato forniscono alle aziende i dati per prendere decisioni informate. Le aziende possono identificare opportunit\u00e0 e potenziali sfide analizzando le tendenze del mercato e il feedback dei consumatori, portando a una pianificazione pi\u00f9 strategica e a un\u2019esecuzione efficace.<\/p>\n\n\n\n<p><strong>Mitigazione del rischio:<\/strong><\/p>\n\n\n\n<p>Uno dei principali vantaggi della ricerca di mercato \u00e8 la sua capacit\u00e0 di mitigare i rischi. Comprendendo il panorama del mercato e le potenziali insidie, le aziende possono sviluppare piani di emergenza e strategie proattive per superare le incertezze. Ci\u00f2 riduce la probabilit\u00e0 di costosi passi falsi e migliora la resilienza complessiva dell\u2019azienda.<\/p>\n\n\n\n<p><strong>ROI migliorato:<\/strong><\/p>\n\n\n\n<p>Investire in ricerche di mercato spesso porta a un miglioramento del ROI. Le aziende possono ottimizzare le proprie attivit\u00e0 di marketing, lo sviluppo del prodotto e le strategie operative prendendo decisioni basate sui dati. Ci\u00f2 aumenta la redditivit\u00e0 e garantisce una crescita sostenibile nel mercato croato.<\/p>\n\n\n\n<p><strong>Vantaggio strategico:<\/strong><\/p>\n\n\n\n<p><a href=\"https:\/\/twitter.com\/SISIntlResearch\" target=\"_blank\" rel=\"noopener\"><span style=\"font-weight: 400;\">SIS<\/span><\/a> conferisce alle imprese un vantaggio strategico rispetto ai concorrenti. Le aziende possono innovare e adattarsi in modo pi\u00f9 efficace restando al passo con le tendenze del mercato e le preferenze dei consumatori. Questo vantaggio competitivo \u00e8 fondamentale per mantenere ed espandere la quota di mercato.<\/p>\n\n\n\n<h2 class=\"wp-block-heading\">La nostra sede a New York<\/h2>\n\n\n\n<p>  <iframe loading=\"lazy\" src=\"https:\/\/www.google.com\/maps\/embed?pb=!1m18!1m12!1m3!1d3022.976188376966!2d-73.99130312499956!3d40.740549471389315!2m3!1f0!2f0!3f0!3m2!1i1024!2i768!4f13.1!3m3!1m2!1s0x89c259a15798c731%3A0xd695d09bdd495f25!2s11%20E%2022nd%20St%20FL%202%2C%20New%20York%2C%20NY%2010010%2C%20USA!5e0!3m2!1sen!2spe!4v1726171763526!5m2!1sen!2spe\" width=\"600\" height=\"450\" allowfullscreen=\"allowfullscreen\" data-mce-fragment=\"1\"><\/iframe>  <\/p>\n\n\n\n<h3 class=\"wp-block-heading\">11 E 22nd Street, piano 2, New York, NY 10010 T: +1(212) 505-6805<\/h3>\n\n\n\n<hr class=\"wp-block-separator has-alpha-channel-opacity\"\/>\n\n\n\n<h2 class=\"wp-block-heading\"><span style=\"font-weight: 400;\">A proposito di SIS Internazionale<\/span><\/h2>\n\n\n\n<p><a href=\"https:\/\/www.sisinternational.com\/it\/\"><span style=\"font-weight: 400;\">SIS Internazionale<\/span><\/a><span style=\"font-weight: 400;\"> offre ricerca quantitativa, qualitativa e strategica. Forniamo dati, strumenti, strategie, report e approfondimenti per il processo decisionale. Conduciamo anche interviste, sondaggi, focus group e altri metodi e approcci di ricerca di mercato.<\/span><a href=\"https:\/\/www.sisinternational.com\/it\/sulla-sua-ricerca-internazionale\/contact-sis-international-market-research\/\"><span style=\"font-weight: 400;\"> Contattaci<\/span><\/a><span style=\"font-weight: 400;\"> per il tuo prossimo progetto di ricerca di mercato.<\/span><\/p>\n\n\n\n<p><\/p>","protected":false},"excerpt":{"rendered":"<p>Fai crescere il tuo business con le ricerche di mercato in Croazia.<\/p>","protected":false},"author":1,"featured_media":65946,"parent":14510,"menu_order":42,"comment_status":"closed","ping_status":"closed","template":"","meta":{"footnotes":""},"class_list":["post-38806","page","type-page","status-publish","has-post-thumbnail"],"_links":{"self":[{"href":"https:\/\/www.sisinternational.com\/it\/wp-json\/wp\/v2\/pages\/38806","targetHints":{"allow":["GET"]}}],"collection":[{"href":"https:\/\/www.sisinternational.com\/it\/wp-json\/wp\/v2\/pages"}],"about":[{"href":"https:\/\/www.sisinternational.com\/it\/wp-json\/wp\/v2\/types\/page"}],"author":[{"embeddable":true,"href":"https:\/\/www.sisinternational.com\/it\/wp-json\/wp\/v2\/users\/1"}],"replies":[{"embeddable":true,"href":"https:\/\/www.sisinternational.com\/it\/wp-json\/wp\/v2\/comments?post=38806"}],"version-history":[{"count":10,"href":"https:\/\/www.sisinternational.com\/it\/wp-json\/wp\/v2\/pages\/38806\/revisions"}],"predecessor-version":[{"id":81185,"href":"https:\/\/www.sisinternational.com\/it\/wp-json\/wp\/v2\/pages\/38806\/revisions\/81185"}],"up":[{"embeddable":true,"href":"https:\/\/www.sisinternational.com\/it\/wp-json\/wp\/v2\/pages\/14510"}],"wp:featuredmedia":[{"embeddable":true,"href":"https:\/\/www.sisinternational.com\/it\/wp-json\/wp\/v2\/media\/65946"}],"wp:attachment":[{"href":"https:\/\/www.sisinternational.com\/it\/wp-json\/wp\/v2\/media?parent=38806"}],"curies":[{"name":"wp","href":"https:\/\/api.w.org\/{rel}","templated":true}]}}