{"id":38800,"date":"2021-09-14T02:58:29","date_gmt":"2021-09-14T02:58:29","guid":{"rendered":"https:\/\/www.sisinternational.com\/?page_id=38800"},"modified":"2026-01-24T20:38:35","modified_gmt":"2026-01-25T01:38:35","slug":"ricerche-di-mercato-bosnia-erzegovina","status":"publish","type":"page","link":"https:\/\/www.sisinternational.com\/it\/copertura\/europa\/ricerche-di-mercato-bosnia-erzegovina\/","title":{"rendered":"Ricerche di mercato in Bosnia ed Erzegovina"},"content":{"rendered":"<h1 class=\"wp-block-heading\">Ricerche di mercato in Bosnia ed Erzegovina<\/h1>\n\n\n\n<figure class=\"gb-block-image gb-block-image-c6e007f8\"><img loading=\"lazy\" decoding=\"async\" width=\"1456\" height=\"816\" class=\"gb-image gb-image-c6e007f8\" src=\"https:\/\/www.sisinternational.com\/wp-content\/uploads\/2025\/09\/Bosnia-and-Herzegovina-2.jpg\" alt=\"Ricerca e strategia di mercato internazionale SIS\" title=\"Bosnia and Herzegovina (2)\" srcset=\"https:\/\/www.sisinternational.com\/wp-content\/uploads\/2025\/09\/Bosnia-and-Herzegovina-2.jpg 1456w, https:\/\/www.sisinternational.com\/wp-content\/uploads\/2025\/09\/Bosnia-and-Herzegovina-2-300x168.jpg 300w, https:\/\/www.sisinternational.com\/wp-content\/uploads\/2025\/09\/Bosnia-and-Herzegovina-2-1024x574.jpg 1024w, https:\/\/www.sisinternational.com\/wp-content\/uploads\/2025\/09\/Bosnia-and-Herzegovina-2-768x430.jpg 768w, https:\/\/www.sisinternational.com\/wp-content\/uploads\/2025\/09\/Bosnia-and-Herzegovina-2-18x10.jpg 18w\" sizes=\"auto, (max-width: 1456px) 100vw, 1456px\"><\/figure>\n\n\n\n<p><\/p>\n\n\n\n<hr class=\"wp-block-separator has-alpha-channel-opacity is-style-dots\"\/>\n\n\n\n<h3 class=\"wp-block-heading\"><span style=\"font-weight: 400;\">La Bosnia ed Erzegovina offre opportunit\u00e0 significative per le aziende disposte a investire in un\u2019analisi approfondita del mercato \u2013 e la ricerca di mercato in Bosnia ed Erzegovina pu\u00f2 svelare intuizioni critiche che guidano le decisioni aziendali strategiche.&nbsp;<\/span><\/h3>\n\n\n\n<h2 class=\"wp-block-heading\"><strong>Cos&#039;\u00e8 la ricerca di mercato in Bosnia ed Erzegovina?<\/strong><\/h2>\n\n\n\n<p><span style=\"font-weight: 400;\">Le ricerche di mercato in Bosnia ed Erzegovina forniscono alle aziende una comprensione completa del panorama economico, dei comportamenti dei consumatori e delle dinamiche competitive specifiche della Bosnia ed Erzegovina. Fornisce alle aziende informazioni fruibili che supportano il processo decisionale informato. Ci\u00f2 include l\u2019identificazione dei segmenti di mercato target, la comprensione delle esigenze e delle preferenze dei consumatori e la valutazione dell\u2019efficacia delle strategie di marketing.&nbsp;<\/span><\/p>\n\n\n\n<h2 class=\"wp-block-heading\"><strong>Importanza delle ricerche di mercato in Bosnia ed Erzegovina<\/strong><\/h2>\n\n\n\n<p><span style=\"font-weight: 400;\">La ricerca di mercato in Bosnia ed Erzegovina \u00e8 essenziale per comprendere le condizioni economiche locali e i comportamenti dei consumatori, che possono variare notevolmente rispetto ad altre regioni. Ci\u00f2 include l\u2019acquisizione di informazioni dettagliate sulle preferenze dei consumatori, sui modelli di acquisto e sui bisogni insoddisfatti. Comprendendo questi fattori, le aziende possono personalizzare i propri prodotti e servizi per soddisfare la domanda locale e migliorare la soddisfazione del cliente.<\/span><\/p>\n\n\n\n<p><span style=\"font-weight: 400;\">Inoltre, le ricerche di mercato forniscono preziose informazioni sul panorama competitivo in Bosnia ed Erzegovina. Analizzare i punti di forza e di debolezza dei concorrenti, identificare le lacune del mercato e sviluppare strategie per differenziarsi dai concorrenti sono cruciali per ottenere un vantaggio competitivo.&nbsp;<\/span><\/p>\n\n\n\n<h2 class=\"wp-block-heading\"><strong>Chi utilizza le ricerche di mercato in Bosnia ed Erzegovina?<\/strong><\/h2>\n\n\n\n<figure class=\"gb-block-image gb-block-image-d2fddbe9\"><img loading=\"lazy\" decoding=\"async\" width=\"1456\" height=\"816\" class=\"gb-image gb-image-d2fddbe9\" src=\"https:\/\/www.sisinternational.com\/wp-content\/uploads\/2025\/09\/Bosnia-and-Herzegovina-1.jpg\" alt=\"Ricerca e strategia di mercato internazionale SIS\" title=\"Bosnia and Herzegovina (1)\" srcset=\"https:\/\/www.sisinternational.com\/wp-content\/uploads\/2025\/09\/Bosnia-and-Herzegovina-1.jpg 1456w, https:\/\/www.sisinternational.com\/wp-content\/uploads\/2025\/09\/Bosnia-and-Herzegovina-1-300x168.jpg 300w, https:\/\/www.sisinternational.com\/wp-content\/uploads\/2025\/09\/Bosnia-and-Herzegovina-1-1024x574.jpg 1024w, https:\/\/www.sisinternational.com\/wp-content\/uploads\/2025\/09\/Bosnia-and-Herzegovina-1-768x430.jpg 768w, https:\/\/www.sisinternational.com\/wp-content\/uploads\/2025\/09\/Bosnia-and-Herzegovina-1-18x10.jpg 18w\" sizes=\"auto, (max-width: 1456px) 100vw, 1456px\"><\/figure>\n\n\n\n<p><\/p>\n\n\n\n<p><span style=\"font-weight: 400;\">Market research in Bosnia and Herzegovina is utilized by diverse stakeholders, each benefitting from its insights to enhance their operations and strategic planning. <\/span><b>Societ\u00e0 multinazionali<\/b><span style=\"font-weight: 400;\"> sono tra i principali utenti, sfruttando la ricerca di mercato per adattare le proprie strategie globali al contesto locale.&nbsp;<\/span><\/p>\n\n\n\n<p><b>Imprese locali<\/b><span style=\"font-weight: 400;\"> fanno molto affidamento anche sulle ricerche di mercato per mantenere la competitivit\u00e0. Comprendere le tendenze del mercato e le preferenze dei consumatori \u00e8 fondamentale affinch\u00e9 queste aziende rimangano rilevanti e stimolino la crescita. Le ricerche di mercato in Bosnia ed Erzegovina li aiutano a identificare opportunit\u00e0 di innovazione e miglioramento, garantendo che possano soddisfare le esigenze in evoluzione dei loro clienti.<\/span><\/p>\n\n\n\n<p><span style=\"font-weight: 400;\">Inoltre, <\/span><b>agenzie governative<\/b><span style=\"font-weight: 400;\"> E <\/span><b>organizzazioni non governative (ONG)<\/b><span style=\"font-weight: 400;\"> utilizzare la ricerca di mercato per orientare la formulazione delle politiche e lo sviluppo dei programmi. Acquisendo informazioni sulle condizioni economiche, sull\u2019opinione pubblica e sulle questioni sociali, queste entit\u00e0 possono progettare interventi pi\u00f9 efficaci e sostenere iniziative che promuovono lo sviluppo economico e il benessere sociale in Bosnia ed Erzegovina.<\/span><\/p>\n\n\n\n<h2 class=\"wp-block-heading\"><strong>Quando condurre ricerche di mercato in Bosnia ed Erzegovina<\/strong><\/h2>\n\n\n\n<p><span style=\"font-weight: 400;\">Market research in Bosnia and Herzegovina is essential at various business planning and development stages. Businesses should undertake market research when considering <\/span><b>ingresso sul mercato<\/b><span style=\"font-weight: 400;\">. Ci\u00f2 aiuta a valutare la fattibilit\u00e0 dell\u2019ingresso nel mercato bosniaco, a comprendere i requisiti normativi e a identificare potenziali barriere all\u2019ingresso.<\/span><\/p>\n\n\n\n<p><span style=\"font-weight: 400;\">Anche le ricerche di mercato sono fondamentali durante il <\/span><b>sviluppo del prodotto<\/b><span style=\"font-weight: 400;\"> phase. By gathering feedback from potential customers and analyzing market needs, businesses can design products and services that align with local preferences and expectations.<\/span><\/p>\n\n\n\n<h2 class=\"wp-block-heading\"><strong>Industrie chiave in Bosnia ed Erzegovina<\/strong><\/h2>\n\n\n\n<figure class=\"gb-block-image gb-block-image-d1790076\"><img loading=\"lazy\" decoding=\"async\" width=\"1456\" height=\"816\" class=\"gb-image gb-image-d1790076\" src=\"https:\/\/www.sisinternational.com\/wp-content\/uploads\/2025\/09\/Bosnia-and-Herzegovina-3.jpg\" alt=\"Ricerca e strategia di mercato internazionale SIS\" title=\"Bosnia and Herzegovina (3)\" srcset=\"https:\/\/www.sisinternational.com\/wp-content\/uploads\/2025\/09\/Bosnia-and-Herzegovina-3.jpg 1456w, https:\/\/www.sisinternational.com\/wp-content\/uploads\/2025\/09\/Bosnia-and-Herzegovina-3-300x168.jpg 300w, https:\/\/www.sisinternational.com\/wp-content\/uploads\/2025\/09\/Bosnia-and-Herzegovina-3-1024x574.jpg 1024w, https:\/\/www.sisinternational.com\/wp-content\/uploads\/2025\/09\/Bosnia-and-Herzegovina-3-768x430.jpg 768w, https:\/\/www.sisinternational.com\/wp-content\/uploads\/2025\/09\/Bosnia-and-Herzegovina-3-18x10.jpg 18w\" sizes=\"auto, (max-width: 1456px) 100vw, 1456px\"><\/figure>\n\n\n\n<p><\/p>\n\n\n\n<p><span style=\"font-weight: 400;\">La Bosnia ed Erzegovina ospita una variet\u00e0 di industrie chiave che guidano la sua economia e offrono notevoli opportunit\u00e0 per le ricerche di mercato. <\/span><b>agricoltura<\/b><span style=\"font-weight: 400;\"> rimane un settore fondamentale, con aziende come Mlijekoprodukt e Vispak leader nella produzione di latticini e caff\u00e8. Comprendere le preferenze dei consumatori e le dinamiche del mercato in questo settore \u00e8 fondamentale per le aziende che desiderano entrare o espandersi in Bosnia ed Erzegovina.<\/span><\/p>\n\n\n\n<p><b>Produzione<\/b><span style=\"font-weight: 400;\"> \u00e8 significativo, in particolare nella produzione di componenti automobilistici, tessili e di mobili. Aziende come Prevent Group e Standard Furniture Factory sono attori chiave. Le ricerche di mercato aiutano queste aziende a ottimizzare i processi produttivi, ridurre i costi e innovare per rimanere competitive.<\/span><\/p>\n\n\n\n<p><span style=\"font-weight: 400;\">IL <\/span><b>settore delle tecnologie dell&#039;informazione<\/b><span style=\"font-weight: 400;\"> \u00e8 in rapida crescita ed \u00e8 guidato da aziende come Authority Partners e Atlantbh. Questo settore trae enormi benefici dalle ricerche di mercato che identificano le tendenze tecnologiche, le esigenze dei consumatori e le potenziali aree di innovazione.<\/span><\/p>\n\n\n\n<p><b>Turismo<\/b><span style=\"font-weight: 400;\"> is another vital sector, with Bosnia and Herzegovina&#8217;s rich cultural heritage and natural beauty attracting visitors worldwide. Businesses like Visit Sarajevo and Green <a href=\"https:\/\/www.sisinternational.com\/it\/soluzioni\/ai-ricerche-di-mercato-e-consulenza-strategica\/visione-artificiale-e-ricerche-di-mercato\/\" title=\"Ricerche di mercato sull\u2019intelligenza artificiale per la visione artificiale\"  data-wpil-monitor-id=\"2782\">Visions utilize market research<\/a> to enhance their services and attract more tourists.<\/span><\/p>\n\n\n\n<h2 class=\"wp-block-heading p3\">Quartieri<\/h2>\n\n\n\n<p class=\"p2\">Sarajevo \u00e8 la capitale e la citt\u00e0 pi\u00f9 grande. \u00c8 anche conosciuta come la \u201cGerusalemme d\u2019Europa\u201d per la sua ricca storia e i suoi musei. Questa citt\u00e0 \u00e8 un centro politico, sociale e culturale con una notevole influenza sulle scene di intrattenimento, media, moda e arte della regione pi\u00f9 ampia. Ha religioni e culture diverse e molte fedi coesistono negli stessi luoghi. La citt\u00e0 \u00e8 nota anche per i suoi numerosi belvedere. Queste opinioni sono popolari tra i turisti.<\/p>\n\n\n\n<p class=\"p2\">Un&#039;altra grande citt\u00e0 \u00e8 Tuzla. Anche l&#039;industria \u00e8 il suo settore principale e ha un aspetto sovietico. Quindi, non \u00e8 il posto pi\u00f9 carino qui. Nonostante ci\u00f2, ha una ricca storia. Ci sono prove che suggeriscono che si trattasse di un prospero insediamento neolitico. La produzione di sale all&#039;interno della citt\u00e0 \u00e8 una delle principali fonti di reddito. Ci sono estesi depositi di sale sotto la citt\u00e0. Il nome Tuzla deriva dalla parola \u201ctuzia\u201d. Questa \u00e8 una parola turca ottomana per miniera di sale.<\/p>\n\n\n\n<h2 class=\"wp-block-heading\"><strong>Principali attrazioni turistiche in Bosnia ed Erzegovina<\/strong><\/h2>\n\n\n\n<p><span style=\"font-weight: 400;\">La Bosnia ed Erzegovina vanta numerose attrazioni turistiche che attirano visitatori da tutto il mondo. Comprendere queste attrazioni \u00e8 fondamentale affinch\u00e9 le imprese turistiche possano personalizzare i propri servizi e le proprie strategie di marketing.<\/span><\/p>\n\n\n\n<ul class=\"wp-block-list\">\n<li><b>Sarajevo<\/b><span style=\"font-weight: 400;\">: The capital city, known for its historical significance and cultural diversity, offers attractions such as the Latin Bridge, the site of Archduke Franz Ferdinand&#8217;s assassination, and Ba\u0161\u010dar\u0161ija, the old bazaar filled with traditional crafts and food.<\/span><\/li>\n\n\n\n<li><b>Mostar<\/b><span style=\"font-weight: 400;\">: Famosa per il suo iconico Stari Most (Ponte Vecchio), Mostar \u00e8 un simbolo di riconciliazione e patrimonio culturale. La citt\u00e0 attira i turisti con la sua splendida architettura e i vivaci mercati di strada.<\/span><\/li>\n\n\n\n<li><b>Medjugorje<\/b><span style=\"font-weight: 400;\">: Questa citt\u00e0 \u00e8 diventata un importante luogo di pellegrinaggio cattolico dopo le apparizioni della Vergine Maria nel 1981. Attrae migliaia di pellegrini e turisti ogni anno.<\/span><\/li>\n\n\n\n<li><b>Blagaj<\/b><span style=\"font-weight: 400;\">: Conosciuto per il Blagaj Tekke, un monastero derviscio situato alla sorgente del fiume Buna, Blagaj \u00e8 un sito di significato spirituale e storico, che offre viste panoramiche e tranquillit\u00e0.<\/span><\/li>\n\n\n\n<li><b>Jajce<\/b><span style=\"font-weight: 400;\">: Questa citt\u00e0 storica \u00e8 famosa per la sua bellissima cascata nel centro della citt\u00e0 e la sua fortezza medievale, che offrono ai visitatori uno sguardo sulla ricca storia della Bosnia ed Erzegovina.<\/span><\/li>\n\n\n\n<li><b>Trebinje<\/b><span style=\"font-weight: 400;\">: Pittoresca cittadina nella parte meridionale del paese, Trebinje \u00e8 nota per il suo clima mediterraneo, il suo centro storico e il ponte Arslanagi\u0107a del XVI secolo.<\/span><\/li>\n<\/ul>\n\n\n\n<h2 class=\"wp-block-heading p3\">Vantaggi e punti di forza nel mercato<\/h2>\n\n\n\n<p class=\"p2\">Questo paese \u00e8 aperto agli investimenti esteri e offre un regime commerciale molto liberale. Le sue ricche risorse naturali lo rendono ideale per varie attivit\u00e0 commerciali e ci sono molte opportunit\u00e0 in molteplici settori.<\/p>\n\n\n\n<p class=\"p2\">C&#039;\u00e8 spazio, ad esempio, per i fornitori dell&#039;industria dei metalli. Un altro esempio \u00e8 nel settore energetico. Il Paese pu\u00f2 anche intraprendere progetti come la costruzione e il potenziamento di centrali elettriche. Ci sono molte prospettive di business in altri settori.<\/p>\n\n\n\n<h2 class=\"wp-block-heading\"><strong>Ricerche di mercato in Bosnia ed Erzegovina: analisi SWOT&nbsp;<\/strong><\/h2>\n\n\n\n<p><span style=\"font-weight: 400;\">Comprendere i punti di forza, di debolezza, le opportunit\u00e0 e le minacce del mercato bosniaco \u00e8 essenziale per le aziende che intendono entrare o espandersi in questa regione.<\/span><\/p>\n\n\n\n<h3 class=\"wp-block-heading\"><b>Punti di forza<\/b><span style=\"font-weight: 400;\">:&nbsp;<\/span><\/h3>\n\n\n\n<p><span style=\"font-weight: 400;\">La Bosnia ed Erzegovina vanta una posizione strategica nell\u2019Europa sud-orientale, fornendo accesso a vari mercati regionali. Il paese ha una forza lavoro qualificata e costi di manodopera competitivi, che lo rendono una destinazione attraente per gli investimenti. Inoltre, il ricco patrimonio culturale della Bosnia ed Erzegovina e i diversi paesaggi naturali la rendono una destinazione popolare per il turismo.<\/span><\/p>\n\n\n\n<h3 class=\"wp-block-heading\"><b>Punti deboli<\/b><span style=\"font-weight: 400;\">:&nbsp;<\/span><\/h3>\n\n\n\n<p><span style=\"font-weight: 400;\">Nonostante questi punti di forza, il mercato si trova ad affrontare la volatilit\u00e0 economica e una base di consumatori relativamente piccola. Anche l\u2019accesso limitato alle tecnologie avanzate e i bassi livelli di innovazione possono ostacolare la crescita delle imprese. Inoltre, i processi burocratici e le complessit\u00e0 normative possono creare difficolt\u00e0 per le nuove imprese che entrano nel mercato.<\/span><\/p>\n\n\n\n<h3 class=\"wp-block-heading\"><b>Opportunit\u00e0<\/b><span style=\"font-weight: 400;\">:&nbsp;<\/span><\/h3>\n\n\n\n<p><span style=\"font-weight: 400;\">Ci sono numerose opportunit\u00e0 per le imprese in Bosnia ed Erzegovina. La crescente economia digitale offre strade per le aziende tecnologiche e le startup. L&#039;attenzione del Paese allo sviluppo sostenibile apre le porte alle imprese verdi e ai progetti di energia rinnovabile. Inoltre, la crescente domanda da parte dei consumatori di prodotti e servizi di qualit\u00e0 offre opportunit\u00e0 di differenziazione del mercato.<\/span><\/p>\n\n\n\n<h3 class=\"wp-block-heading\"><b>Minacce<\/b><span style=\"font-weight: 400;\">:&nbsp;<\/span><\/h3>\n\n\n\n<p><span style=\"font-weight: 400;\">Le potenziali minacce includono l\u2019instabilit\u00e0 economica e i cambiamenti nelle politiche governative che potrebbero avere un impatto sulle operazioni aziendali. Anche il panorama competitivo pu\u00f2 essere impegnativo, con attori consolidati che dominano settori chiave. Inoltre, le condizioni economiche globali e le tensioni geopolitiche possono influenzare le dinamiche del mercato della Bosnia-Erzegovina.<\/span><\/p>\n\n\n\n<h2 class=\"wp-block-heading\"><strong>In che modo le ricerche di mercato di SIS International in Bosnia ed Erzegovina aiutano le imprese<\/strong><\/h2>\n\n\n\n<p><a href=\"https:\/\/twitter.com\/SISIntlResearch\" target=\"_blank\" rel=\"noopener\"><span style=\"font-weight: 400;\">SIS<\/span><\/a><span style=\"font-weight: 400;\"> aiuta le aziende ad affrontare le complessit\u00e0 del mercato bosniaco. Fornendo approfondimenti completi sulle condizioni di mercato, sui comportamenti dei consumatori e sulle dinamiche competitive, SIS International consente alle aziende di prendere decisioni informate che guidano la crescita e l&#039;innovazione.<\/span><\/p>\n\n\n\n<p><b>Ridurre il rischio<\/b><span style=\"font-weight: 400;\">:&nbsp;<\/span><\/p>\n\n\n\n<p><span style=\"font-weight: 400;\">Il nostro team aiuta le aziende a identificare potenziali rischi e a sviluppare strategie per mitigarli. Questo approccio proattivo riduce l\u2019incertezza e migliora i processi decisionali.<\/span><\/p>\n\n\n\n<p><b>Aumentare le entrate<\/b><span style=\"font-weight: 400;\">:&nbsp;<\/span><\/p>\n\n\n\n<p><span style=\"font-weight: 400;\">Comprendendo le preferenze dei consumatori e le tendenze del mercato, le aziende possono personalizzare le proprie offerte per soddisfare la domanda, aumentando le vendite e i ricavi.<\/span><\/p>\n\n\n\n<p><b>Risparmiare soldi<\/b><span style=\"font-weight: 400;\">:&nbsp;<\/span><\/p>\n\n\n\n<p><a href=\"https:\/\/www.linkedin.com\/company\/sisinternationalresearch\/\" target=\"_blank\" rel=\"noopener\"><span style=\"font-weight: 400;\">SIS Internazionale<\/span><\/a><span style=\"font-weight: 400;\">Gli esperti di permettono alle aziende di allocare le risorse in modo pi\u00f9 efficiente, minimizzando gli sprechi e ottimizzando gli investimenti. Ci\u00f2 porta a risparmi sui costi e a una migliore efficienza operativa.<\/span><\/p>\n\n\n\n<p><b>Risparmio di tempo<\/b><span style=\"font-weight: 400;\">:&nbsp;<\/span><\/p>\n\n\n\n<p><span style=\"font-weight: 400;\">L\u2019accesso a informazioni di mercato accurate e tempestive accelera il processo decisionale, consentendo alle aziende di rispondere rapidamente ai cambiamenti del mercato e cogliere le opportunit\u00e0.<\/span><\/p>\n\n\n\n<p><b>Accelerare la crescita e l\u2019innovazione<\/b><span style=\"font-weight: 400;\">:&nbsp;<\/span><\/p>\n\n\n\n<p><span style=\"font-weight: 400;\">Una ricerca di mercato completa fornisce informazioni che guidano lo sviluppo e l&#039;innovazione dei prodotti. Ci\u00f2 aiuta le aziende a rimanere competitive e a raggiungere una crescita sostenibile.<\/span><\/p>\n\n\n\n<p><b>Aumentare il ROI<\/b><span style=\"font-weight: 400;\">:&nbsp;<\/span><\/p>\n\n\n\n<p><span style=\"font-weight: 400;\">SIS massimizza il ritorno sull&#039;investimento identificando i segmenti di mercato e le opportunit\u00e0 pi\u00f9 promettenti. Le aziende possono concentrare i propri sforzi su aree ad alto potenziale e ottenere risultati migliori.<\/span><\/p>\n\n\n\n<h2 class=\"wp-block-heading p3\">Motivi per far crescere la tua attivit\u00e0 nel mercato bosniaco<\/h2>\n\n\n\n<p class=\"p2\">Gli esportatori e gli investitori ben preparati hanno molte prospettive commerciali. Gli investitori stranieri godono degli stessi diritti dei cittadini. Sono tassati ad aliquote pi\u00f9 basse e beneficiano di un solido sistema legale. Il paese ha anche una forza lavoro ben istruita e altamente qualificata.<\/p>\n\n\n\n<div class=\"is-root-container is-desktop-preview is-layout-flow wp-block-post-content block-editor-block-list__layout\" spellcheck=\"false\">\n<div id=\"block-384c2a08-a270-48c9-9b10-b335265edad1\" class=\"block-editor-block-list__block wp-block is-selected wp-block-freeform is-hovered\" tabindex=\"0\" role=\"document\" aria-label=\"Blocco: Classico\" data-block=\"384c2a08-a270-48c9-9b10-b335265edad1\" data-type=\"core\/freeform\" data-title=\"Classic\">\n<div id=\"editor-384c2a08-a270-48c9-9b10-b335265edad1\" class=\"wp-block-freeform block-library-rich-text__tinymce mce-content-body html5-captions mce-edit-focus\" style=\"position: relative;\" contenteditable=\"true\">\n<h2>La nostra sede a New York<\/h2>\n<p>  <iframe loading=\"lazy\" src=\"https:\/\/www.google.com\/maps\/embed?pb=!1m18!1m12!1m3!1d3022.976188376966!2d-73.99130312499956!3d40.740549471389315!2m3!1f0!2f0!3f0!3m2!1i1024!2i768!4f13.1!3m3!1m2!1s0x89c259a15798c731%3A0xd695d09bdd495f25!2s11%20E%2022nd%20St%20FL%202%2C%20New%20York%2C%20NY%2010010%2C%20USA!5e0!3m2!1sen!2spe!4v1726171763526!5m2!1sen!2spe\" width=\"600\" height=\"450\" allowfullscreen=\"allowfullscreen\" data-mce-fragment=\"1\"><\/iframe>  <\/p>\n<h3 class=\"wp-block-heading\">11 E 22nd Street, piano 2, New York, NY 10010 T: +1(212) 505-6805<\/h3>\n<hr>\n<h2><span style=\"font-weight: 400;\">A proposito di SIS Internazionale<\/span><\/h2>\n<p><a href=\"https:\/\/www.sisinternational.com\/it\/\"><span style=\"font-weight: 400;\">SIS Internazionale<\/span><\/a><span style=\"font-weight: 400;\"> offre ricerca quantitativa, qualitativa e strategica. Forniamo dati, strumenti, strategie, report e approfondimenti per il processo decisionale. Conduciamo anche interviste, sondaggi, focus group e altri metodi e approcci di ricerca di mercato.<\/span><a href=\"https:\/\/www.sisinternational.com\/it\/sulla-sua-ricerca-internazionale\/contact-sis-international-market-research\/\"><span style=\"font-weight: 400;\"> Contattaci<\/span><\/a><span style=\"font-weight: 400;\"> per il tuo prossimo progetto di ricerca di mercato.<\/span><\/p>\n<hr><\/div>\n<\/div>\n<p id=\"block-13718977-774f-4eb6-9307-bdda3647fbca\" class=\"block-editor-rich-text__editable block-editor-block-list__block wp-block wp-block-paragraph rich-text\" style=\"white-space: pre-wrap; min-width: 1px;\" role=\"document\" contenteditable=\"true\" aria-multiline=\"true\" aria-label=\"Blocco vuoto; inizia a scrivere o digita la barra per scegliere un blocco\" data-block=\"13718977-774f-4eb6-9307-bdda3647fbca\" data-type=\"core\/paragraph\" data-title=\"Paragraph\" data-empty=\"true\" data-wp-block-attribute-key=\"content\">&nbsp;<\/p>\n<\/div>\n\n\n\n<p><\/p>\n\n\n\n<p><\/p>","protected":false},"excerpt":{"rendered":"<p>Fai crescere il tuo business con le ricerche di mercato in Bosnia ed Erzegovina.<\/p>","protected":false},"author":1,"featured_media":65925,"parent":14510,"menu_order":41,"comment_status":"closed","ping_status":"closed","template":"","meta":{"footnotes":""},"class_list":["post-38800","page","type-page","status-publish","has-post-thumbnail"],"_links":{"self":[{"href":"https:\/\/www.sisinternational.com\/it\/wp-json\/wp\/v2\/pages\/38800","targetHints":{"allow":["GET"]}}],"collection":[{"href":"https:\/\/www.sisinternational.com\/it\/wp-json\/wp\/v2\/pages"}],"about":[{"href":"https:\/\/www.sisinternational.com\/it\/wp-json\/wp\/v2\/types\/page"}],"author":[{"embeddable":true,"href":"https:\/\/www.sisinternational.com\/it\/wp-json\/wp\/v2\/users\/1"}],"replies":[{"embeddable":true,"href":"https:\/\/www.sisinternational.com\/it\/wp-json\/wp\/v2\/comments?post=38800"}],"version-history":[{"count":8,"href":"https:\/\/www.sisinternational.com\/it\/wp-json\/wp\/v2\/pages\/38800\/revisions"}],"predecessor-version":[{"id":77120,"href":"https:\/\/www.sisinternational.com\/it\/wp-json\/wp\/v2\/pages\/38800\/revisions\/77120"}],"up":[{"embeddable":true,"href":"https:\/\/www.sisinternational.com\/it\/wp-json\/wp\/v2\/pages\/14510"}],"wp:featuredmedia":[{"embeddable":true,"href":"https:\/\/www.sisinternational.com\/it\/wp-json\/wp\/v2\/media\/65925"}],"wp:attachment":[{"href":"https:\/\/www.sisinternational.com\/it\/wp-json\/wp\/v2\/media?parent=38800"}],"curies":[{"name":"wp","href":"https:\/\/api.w.org\/{rel}","templated":true}]}}