{"id":38694,"date":"2021-09-06T04:06:01","date_gmt":"2021-09-06T04:06:01","guid":{"rendered":"https:\/\/www.sisinternational.com\/?page_id=38694"},"modified":"2026-03-05T23:55:21","modified_gmt":"2026-03-06T04:55:21","slug":"ricerche-di-mercato-sulla-tequila","status":"publish","type":"page","link":"https:\/\/www.sisinternational.com\/it\/soluzioni\/prova-del-gusto\/ricerche-di-mercato-sulla-tequila\/","title":{"rendered":"Ricerche di mercato sulla tequila"},"content":{"rendered":"<h1 class=\"wp-block-heading\">Ricerche di mercato sulla tequila<\/h1>\n\n\n\n<figure class=\"gb-block-image gb-block-image-36e530c8\"><img loading=\"lazy\" decoding=\"async\" width=\"1456\" height=\"816\" class=\"gb-image gb-image-36e530c8\" src=\"https:\/\/www.sisinternational.com\/wp-content\/uploads\/2025\/08\/Tequila-5.jpg\" alt=\"Ricerca e strategia di mercato internazionale SIS\" title=\"Tequila (5)\" srcset=\"https:\/\/www.sisinternational.com\/wp-content\/uploads\/2025\/08\/Tequila-5.jpg 1456w, https:\/\/www.sisinternational.com\/wp-content\/uploads\/2025\/08\/Tequila-5-300x168.jpg 300w, https:\/\/www.sisinternational.com\/wp-content\/uploads\/2025\/08\/Tequila-5-1024x574.jpg 1024w, https:\/\/www.sisinternational.com\/wp-content\/uploads\/2025\/08\/Tequila-5-768x430.jpg 768w, https:\/\/www.sisinternational.com\/wp-content\/uploads\/2025\/08\/Tequila-5-18x10.jpg 18w\" sizes=\"auto, (max-width: 1456px) 100vw, 1456px\"><\/figure>\n\n\n\n<p><\/p>\n\n\n\n<hr class=\"wp-block-separator has-alpha-channel-opacity is-style-dots\"\/>\n\n\n\n<h3 class=\"wp-block-heading\"><span style=\"font-weight: 400;\">La ricerca di mercato sulla tequila mira a identificare le tendenze, le opportunit\u00e0 e le sfide del mercato che possono avere un impatto sulle strategie aziendali.<\/span><\/h3>\n\n\n\n<p><span style=\"font-weight: 400;\">Tequila is a beloved spirit enjoyed by millions around the world. However, a complex market landscape behind the scenes dictates production, distribution, and consumption\u2026 That&#8217;s why tequila market research explores what businesses need in this market, who benefits from it, and the opportunities and challenges it presents.&nbsp;<\/span><\/p>\n\n\n\n<h2 class=\"wp-block-heading\"><strong>Cos\u2019\u00e8 la ricerca di mercato sulla tequila?<\/strong><\/h2>\n\n\n\n<p><span style=\"font-weight: 400;\">Tequila market research gives businesses insights into consumer preferences, market dynamics, and competitive landscapes. By conducting it, companies can gain a deeper understanding of the tequila market and make informed decisions to drive their success.<\/span><\/p>\n\n\n\n<p><span style=\"font-weight: 400;\">Questa ricerca di mercato comprende vari aspetti come l&#039;analisi del comportamento dei consumatori, il posizionamento del marchio, le strategie di prezzo e la segmentazione del mercato. Implica la raccolta di dati da pi\u00f9 fonti, inclusi sondaggi, interviste, focus group e rapporti di settore nel settore della tequila.<\/span><\/p>\n\n\n\n<h2 class=\"wp-block-heading\"><strong>Perch\u00e9 le aziende hanno bisogno di ricerche di mercato sulla tequila?<\/strong><\/h2>\n\n\n\n<p><span style=\"font-weight: 400;\">Le ricerche di mercato sulla tequila aiutano le aziende a comprendere le preferenze dei consumatori, inclusi i profili di gusto, le preferenze di confezionamento e la fedelt\u00e0 alla marca. Queste informazioni sono fondamentali per lo sviluppo di prodotti che abbiano risonanza con i consumatori.<\/span><\/p>\n\n\n\n<p><span style=\"font-weight: 400;\">Attraverso<\/span> <span style=\"font-weight: 400;\">ricerche di mercato, le aziende possono identificare le tendenze emergenti nel mercato della tequila, come la crescente domanda di tequila premium o l&#039;ascesa delle distillerie artigianali. Consente alle aziende di adattare le proprie strategie per trarre vantaggio da queste tendenze. Inoltre<\/span><b>, <\/b><span style=\"font-weight: 400;\">Le ricerche di mercato sulla tequila consentono alle aziende di analizzare le strategie dei concorrenti, inclusi prezzi, marketing e distribuzione.&nbsp;<\/span><\/p>\n\n\n\n<p><span style=\"font-weight: 400;\">Likewise, market research is essential for businesses looking to enter the tequila market or expand into new markets. It helps companies to understand the market landscape, consumer preferences, and regulatory environment, guiding their market entry strategies. In any case, tequila market research offers several key benefits for businesses in the tequila industry:<\/span><\/p>\n\n\n\n<ul class=\"wp-block-list\">\n<li><b>Intuizioni dei consumatori<\/b><span style=\"font-weight: 400;\">: Le ricerche di mercato forniscono alle aziende informazioni preziose sulle preferenze dei consumatori, aiutandole a personalizzare i propri prodotti e le strategie di marketing per soddisfare meglio le esigenze dei consumatori.<\/span><\/li>\n\n\n\n<li><b>Vantaggio competitivo<\/b><span style=\"font-weight: 400;\">: Comprendendo il panorama del mercato e le strategie della concorrenza, le aziende possono identificare opportunit\u00e0 per differenziarsi e ottenere un vantaggio competitivo.<\/span><\/li>\n\n\n\n<li><b>Gestione del rischio<\/b><span style=\"font-weight: 400;\">: Market research helps businesses identify potential risks and challenges, allowing them to develop strategies to mitigate and protect their business.<\/span><\/li>\n\n\n\n<li><b>Sviluppo del prodotto<\/b><span style=\"font-weight: 400;\">: Market research gives businesses feedback on their products, enabling them to refine their offerings and develop new products that better meet consumer demands.<\/span><\/li>\n\n\n\n<li><b>Espansione del mercato<\/b><span style=\"font-weight: 400;\">: Per le aziende che desiderano espandersi in nuovi mercati, la ricerca di mercato fornisce preziose informazioni sulle dinamiche di mercato, sul comportamento dei consumatori e sul contesto normativo, guidando le loro strategie di espansione.<\/span><\/li>\n<\/ul>\n\n\n\n<h2 class=\"wp-block-heading p2\">Cosa possono scoprire le ricerche di mercato sulla tequila?<\/h2>\n\n\n\n<figure class=\"gb-block-image gb-block-image-862dd4c9\"><img loading=\"lazy\" decoding=\"async\" width=\"1456\" height=\"816\" class=\"gb-image gb-image-862dd4c9\" src=\"https:\/\/www.sisinternational.com\/wp-content\/uploads\/2025\/08\/Tequila-4.jpg\" alt=\"Ricerca e strategia di mercato internazionale SIS\" title=\"Tequila (4)\" srcset=\"https:\/\/www.sisinternational.com\/wp-content\/uploads\/2025\/08\/Tequila-4.jpg 1456w, https:\/\/www.sisinternational.com\/wp-content\/uploads\/2025\/08\/Tequila-4-300x168.jpg 300w, https:\/\/www.sisinternational.com\/wp-content\/uploads\/2025\/08\/Tequila-4-1024x574.jpg 1024w, https:\/\/www.sisinternational.com\/wp-content\/uploads\/2025\/08\/Tequila-4-768x430.jpg 768w, https:\/\/www.sisinternational.com\/wp-content\/uploads\/2025\/08\/Tequila-4-18x10.jpg 18w\" sizes=\"auto, (max-width: 1456px) 100vw, 1456px\"><\/figure>\n\n\n\n<p><\/p>\n\n\n\n<p class=\"p3\">Market research on tequila can uncover changes in customer tastes, reveal favorite brands, and help launch new products. It can also guide companies to improve their offerings to increase their profits.<\/p>\n\n\n\n<p class=\"p3\">Market research on tequila can also help customers learn about this liquor and guide them to the best buy that may suit their taste.<\/p>\n\n\n\n<p class=\"p4\">Oltre ai test del gusto, SIS International fornisce ricerche quantitative, qualitative e strategiche. Utilizziamo focus group, interviste e sondaggi per valutare il polso del mercato. \u00c8 il partner perfetto se desideri esplorare il mercato della tequila.<\/p>\n\n\n\n<h2 class=\"wp-block-heading\"><strong>Chi utilizza Tequila Ricerche di mercato<\/strong><\/h2>\n\n\n\n<ul class=\"wp-block-list\">\n<li><b>Produttori di tequila<\/b><span style=\"font-weight: 400;\"> utilizzare regolarmente ricerche di mercato per comprendere le preferenze dei consumatori, sviluppare nuovi prodotti e creare strategie di marketing efficaci.<\/span><\/li>\n\n\n\n<li><b>Distributori e rivenditori<\/b><span style=\"font-weight: 400;\"> sfruttare le ricerche di mercato per rifornire i propri scaffali con marchi di tequila che attraggono i loro clienti target e stare al passo con le tendenze del mercato.<\/span><\/li>\n\n\n\n<li><b>Ristoranti e bar<\/b><span style=\"font-weight: 400;\"> rely on <a href=\"https:\/\/www.sisinternational.com\/it\/competenza\/industrie\/ricerche-di-mercato-sui-ristoranti-cinesi\/\" title=\"Ricerche di mercato sui ristoranti cinesi\"  data-wpil-monitor-id=\"3800\">ricerche di mercato sulla tequila<\/a> to curate their tequila offerings, pricing strategies, and marketing efforts to attract and retain customers.<\/span><\/li>\n<\/ul>\n\n\n\n<h2 class=\"wp-block-heading\"><strong>Quando condurre ricerche di mercato sulla tequila<\/strong><\/h2>\n\n\n\n<p><span style=\"font-weight: 400;\">Le ricerche di mercato sulla tequila dovrebbero essere condotte in varie fasi del ciclo di vita di un prodotto e in risposta a specifiche esigenze aziendali. Alcuni momenti critici per condurre ricerche di mercato sulla tequila includono:<\/span><\/p>\n\n\n\n<ul class=\"wp-block-list\">\n<li><b>Prima di lanciare un nuovo prodotto Tequila<\/b><span style=\"font-weight: 400;\">: Condurre ricerche di mercato prima di lanciare un nuovo prodotto a base di tequila pu\u00f2 aiutare le aziende a comprendere le preferenze dei consumatori e la domanda del mercato, garantendo che il prodotto soddisfi le esigenze dei clienti.<\/span><\/li>\n\n\n\n<li><b>Quando ci si espande in nuovi mercati<\/b><span style=\"font-weight: 400;\">: Market research is essential to understand local consumer preferences, the competitive landscape, and the regulatory environment.<\/span><\/li>\n\n\n\n<li><b>Regolarmente per rimanere informato<\/b><span style=\"font-weight: 400;\">: Le regolari ricerche di mercato aiutano le aziende a rimanere informate sui cambiamenti delle preferenze dei consumatori, delle tendenze di mercato e delle strategie della concorrenza, consentendo loro di adattare le proprie strategie di conseguenza.<\/span><\/li>\n<\/ul>\n\n\n\n<h2 class=\"wp-block-heading\"><strong>Leading Players in the Tequila Market<\/strong><\/h2>\n\n\n\n<p><span style=\"font-weight: 400;\">Il mercato della tequila \u00e8 dominato da diversi attori chiave, tra cui:<\/span><\/p>\n\n\n\n<ul class=\"wp-block-list\">\n<li><b>Jos\u00e9 Cuervo<\/b><span style=\"font-weight: 400;\">: Essendo uno dei marchi di tequila pi\u00f9 antichi e conosciuti, Jose Cuervo ha una forte presenza nel mercato globale della tequila.<\/span><\/li>\n\n\n\n<li><b>Patrono<\/b><span style=\"font-weight: 400;\">: Conosciuto per le sue offerte di tequila premium, Patr\u00f3n \u00e8 un attore significativo nel segmento di fascia alta del mercato della tequila.<\/span><\/li>\n\n\n\n<li><b>Sauza<\/b><span style=\"font-weight: 400;\">: Sauza has a wide range of tequila products and is a prominent player in the mainstream tequila market.<\/span><\/li>\n\n\n\n<li><b>Don Giulio<\/b><span style=\"font-weight: 400;\">: Don Julio \u00e8 noto per i suoi prodotti a base di tequila di alta qualit\u00e0 ed \u00e8 una scelta popolare tra gli appassionati di tequila.<\/span><\/li>\n\n\n\n<li><b>Olmeca<\/b><span style=\"font-weight: 400;\">: Olmeca offre una gamma di prodotti a base di tequila, tra cui <\/span><i><span style=\"font-weight: 400;\">bianco, replicato<\/span><\/i><span style=\"font-weight: 400;\">, E <\/span><i><span style=\"font-weight: 400;\">a\u00f1ejo<\/span><\/i><span style=\"font-weight: 400;\"> variet\u00e0, soddisfacendo le diverse preferenze dei consumatori.<\/span><\/li>\n<\/ul>\n\n\n\n<h2 class=\"wp-block-heading p2\">Il SIS conduce test sul gusto della tequila<\/h2>\n\n\n\n<p class=\"p3\">L\u2019esame del gusto, in cui le persone valutano il gusto di una bevanda, \u00e8 diventato popolare. Imparare il test del gusto corretto pu\u00f2 essere un ottimo modo per conoscere e apprezzare la tequila. Bar, ristoranti e altre aziende possono vedere un aumento dei consumatori. Ottenere il meglio da questa esperienza pu\u00f2 avere un impatto positivo sull\u2019industria della tequila. SIS International Research conduce test di assaggio. Puoi collaborare con SIS per eseguire i test presso la tua sede di lavoro.<\/p>\n\n\n\n<h2 class=\"wp-block-heading\"><strong>Opportunit\u00e0 nel mercato della tequila&nbsp;<\/strong><\/h2>\n\n\n\n<figure class=\"gb-block-image gb-block-image-497026b4\"><img loading=\"lazy\" decoding=\"async\" width=\"1456\" height=\"816\" class=\"gb-image gb-image-497026b4\" src=\"https:\/\/www.sisinternational.com\/wp-content\/uploads\/2025\/08\/Tequila-3.jpg\" alt=\"Ricerca e strategia di mercato internazionale SIS\" title=\"Tequila (3)\" srcset=\"https:\/\/www.sisinternational.com\/wp-content\/uploads\/2025\/08\/Tequila-3.jpg 1456w, https:\/\/www.sisinternational.com\/wp-content\/uploads\/2025\/08\/Tequila-3-300x168.jpg 300w, https:\/\/www.sisinternational.com\/wp-content\/uploads\/2025\/08\/Tequila-3-1024x574.jpg 1024w, https:\/\/www.sisinternational.com\/wp-content\/uploads\/2025\/08\/Tequila-3-768x430.jpg 768w, https:\/\/www.sisinternational.com\/wp-content\/uploads\/2025\/08\/Tequila-3-18x10.jpg 18w\" sizes=\"auto, (max-width: 1456px) 100vw, 1456px\"><\/figure>\n\n\n\n<p><\/p>\n\n\n\n<p><span style=\"font-weight: 400;\">Il mercato della tequila offre diverse opportunit\u00e0 chiave per le aziende che desiderano entrare o espandere la propria presenza sul mercato:<\/span><\/p>\n\n\n\n<ul class=\"wp-block-list\">\n<li><b>Premiumizzazione<\/b><span style=\"font-weight: 400;\">: una domanda crescente di prodotti a base di tequila premium e ultra-premium offre alle aziende l&#039;opportunit\u00e0 di trarre vantaggio da questa tendenza offrendo prodotti a base di tequila premium e di alta qualit\u00e0.<\/span><\/li>\n\n\n\n<li><b>Tendenze di salute e benessere<\/b><span style=\"font-weight: 400;\">: Con una crescente attenzione alla salute e al benessere, le aziende possono sviluppare prodotti a base di tequila che soddisfano questa tendenza, come opzioni biologiche o ipocaloriche.<\/span><\/li>\n\n\n\n<li><b>Crescita del commercio elettronico<\/b><span style=\"font-weight: 400;\">: La crescita dell&#039;e-commerce rappresenta un&#039;opportunit\u00e0 per le aziende di raggiungere un pubblico pi\u00f9 ampio di consumatori, in particolare coloro che preferiscono la comodit\u00e0 dello shopping online per i loro acquisti di tequila.<\/span><\/li>\n\n\n\n<li><b>Espansione internazionale<\/b><span style=\"font-weight: 400;\">: Tequila&#8217;s popularity is more comprehensive than in Mexico, allowing businesses to expand into global markets where tequila consumption grows.<\/span><\/li>\n\n\n\n<li><b>Innovazione e sviluppo di nuovi prodotti<\/b><span style=\"font-weight: 400;\">: Esiste un\u2019opportunit\u00e0 per le aziende di innovare e sviluppare nuovi prodotti a base di tequila che soddisfino le mutevoli preferenze e tendenze dei consumatori<\/span><\/li>\n<\/ul>\n\n\n\n<h2 class=\"wp-block-heading\"><strong>Le sfide del mercato della tequila&nbsp;<\/strong><\/h2>\n\n\n\n<p><span style=\"font-weight: 400;\">Sebbene il mercato della tequila presenti diverse opportunit\u00e0, comporta anche una serie di sfide per le aziende:<\/span><\/p>\n\n\n\n<ul class=\"wp-block-list\">\n<li><b>concorrenza<\/b><span style=\"font-weight: 400;\">: Il mercato della tequila \u00e8 altamente competitivo, con molti marchi affermati in lizza per la quota di mercato. Ci\u00f2 pu\u00f2 rendere difficile per i nuovi entranti prendere piede sul mercato.<\/span><\/li>\n\n\n\n<li><b>Ambiente regolatorio<\/b><span style=\"font-weight: 400;\">: L&#039;industria della tequila \u00e8 soggetta a rigide normative in materia di produzione, etichettatura e indicazioni geografiche. Orientarsi tra queste normative pu\u00f2 essere difficile per le aziende.<\/span><\/li>\n\n\n\n<li><b>Problemi della catena di fornitura<\/b><span style=\"font-weight: 400;\">: Garantire una catena di approvvigionamento stabile e affidabile per la produzione di tequila pu\u00f2 essere impegnativo, soprattutto per le aziende che acquistano l\u2019agave, l\u2019ingrediente chiave.<\/span><\/li>\n\n\n\n<li><b>Modifica delle preferenze dei consumatori<\/b><span style=\"font-weight: 400;\">: Le preferenze dei consumatori e le tendenze nel mercato della tequila possono cambiare rapidamente, rendendo difficile per le aziende tenere il passo con le mutevoli richieste.<\/span><\/li>\n\n\n\n<li><b>Marketing e marchio<\/b><span style=\"font-weight: 400;\">: commercializzare e pubblicizzare in modo efficace i prodotti a base di tequila per distinguersi in un mercato affollato pu\u00f2 essere difficile per le aziende, soprattutto quelle con risorse limitate.<\/span><\/li>\n<\/ul>\n\n\n\n<h2 class=\"wp-block-heading\"><strong>What Makes SIS International Research the Top Market Research Firm in the Tequila Market?<\/strong><\/h2>\n\n\n\n<p><a href=\"https:\/\/www.linkedin.com\/company\/sisinternationalresearch\/\" target=\"_blank\" rel=\"noopener\"><span style=\"font-weight: 400;\">SIS Internazionale<\/span><\/a> provides actionable insights within the tequila market, helping brands understand consumer preferences, navigate regulatory landscapes, and spot emerging trends in a highly competitive industry. Here\u2019s why SIS International is the top choice for tequila <a href=\"https:\/\/www.linkedin.com\/pulse\/how-market-research-enables-growth-ruth-stanat-phekf\/\" target=\"_blank\" rel=\"noopener\"><span style=\"font-weight: 400;\">ricerca di mercato<\/span><\/a>:<\/p>\n\n\n\n<p><strong>1. Deep Expertise in Tequila Trends<\/strong><br><a href=\"https:\/\/medium.com\/@sisinternational\/sis-international-c17160da8fac\" target=\"_blank\" rel=\"noopener\"><span style=\"font-weight: 400;\">SIS<\/span><\/a> has an in-depth understanding of the tequila market\u2019s unique dynamics, from the premiumization trend and artisanal production methods to the growing demand for sustainable and organic products. This expertise ensures our clients stay ahead of industry shifts and evolving consumer tastes.<\/p>\n\n\n\n<p><strong>2. Insight into Consumer Preferences and Behavior<\/strong><br>We specialize in understanding the nuanced preferences of tequila consumers, such as the rising interest in premium and ultra-premium categories. Our <a href=\"https:\/\/www.sisinternational.com\/it\/copertura\/le-americhe\/ricerche-di-mercato-in-america-latina\/ricerche-di-mercato-in-costa-rica\/\" title=\"Ricerche di mercato in Costa Rica\" data-wpil-monitor-id=\"4945\">ricerca<\/a> helps brands tailor their products and marketing to meet the desires of a discerning audience seeking authenticity and quality.<\/p>\n\n\n\n<p><strong>3. Comprehensive Competitive Analysis<\/strong><br>The tequila market is crowded with both legacy brands and new entrants. SIS International provides detailed competitive insights, analyzing key players and their strategies, allowing brands to position themselves strategically in a highly competitive space.<\/p>\n\n\n\n<p><strong>4. Expertise in Regulatory Compliance<\/strong><br>Navigating the tequila industry\u2019s strict regulatory requirements, especially in regions like Mexico, requires precision. SIS International\u2019s expertise ensures that clients comply with local and international standards, from production and labeling to export regulations, minimizing risks and ensuring smooth market entry.<\/p>\n\n\n\n<p><strong>5. Data-Driven Insights on Emerging Market Opportunities<\/strong><br>Our research identifies key growth opportunities, such as expanding tequila\u2019s presence in global markets and capitalizing on trends like tequila-based cocktails and low-sugar options. We empower brands to make strategic, data-driven decisions that align with market demands by pinpointing these opportunities.<\/p>\n\n\n\n<p><strong>6. Global Reach with Regional Insights<\/strong><br>With a global presence, SIS International understands the regional variations in tequila consumption, whether it\u2019s the appreciation for artisanal tequila in the United States or the rising popularity of tequila-based drinks in Europe and Asia. This regional insight enables brands to adapt and thrive in diverse markets.<\/p>\n\n\n\n<p><strong>7. Trusted Partner for Leading Spirits Brands<\/strong><br>SIS International is a trusted advisor to top spirits brands worldwide, known for delivering high-quality, actionable research. Our clients value our commitment to insightful tequila market research, helping them navigate industry complexities and foster sustainable growth.<\/p>\n\n\n\n<h2 class=\"wp-block-heading\"><strong>A proposito di SIS Internazionale<\/strong><\/h2>\n\n\n\n<p class=\"p4\"><a href=\"https:\/\/www.sisinternational.com\/it\/\"><span style=\"font-weight: 400;\">SIS Internazionale<\/span><\/a><span style=\"font-weight: 400;\"> offre ricerca quantitativa, qualitativa e strategica. Forniamo dati, strumenti, strategie, report e approfondimenti per il processo decisionale. Conduciamo anche interviste, sondaggi, focus group e altri metodi e approcci di ricerca di mercato.<\/span><a href=\"https:\/\/www.sisinternational.com\/it\/sulla-sua-ricerca-internazionale\/contact-sis-international-market-research\/\"><span style=\"font-weight: 400;\"> Contattaci<\/span><\/a><span style=\"font-weight: 400;\"> per il tuo prossimo progetto di ricerca di mercato.<\/span><\/p>\n\n\n\n<p><\/p>","protected":false},"excerpt":{"rendered":"<p>Le ricerche di mercato sulla tequila scoprono i gusti dei clienti, rivelano i marchi preferiti, guidano il lancio dei prodotti e aiutano le aziende ad aumentare i profitti.<\/p>","protected":false},"author":1,"featured_media":63389,"parent":47794,"menu_order":1,"comment_status":"closed","ping_status":"closed","template":"","meta":{"footnotes":""},"class_list":["post-38694","page","type-page","status-publish","has-post-thumbnail"],"_links":{"self":[{"href":"https:\/\/www.sisinternational.com\/it\/wp-json\/wp\/v2\/pages\/38694","targetHints":{"allow":["GET"]}}],"collection":[{"href":"https:\/\/www.sisinternational.com\/it\/wp-json\/wp\/v2\/pages"}],"about":[{"href":"https:\/\/www.sisinternational.com\/it\/wp-json\/wp\/v2\/types\/page"}],"author":[{"embeddable":true,"href":"https:\/\/www.sisinternational.com\/it\/wp-json\/wp\/v2\/users\/1"}],"replies":[{"embeddable":true,"href":"https:\/\/www.sisinternational.com\/it\/wp-json\/wp\/v2\/comments?post=38694"}],"version-history":[{"count":9,"href":"https:\/\/www.sisinternational.com\/it\/wp-json\/wp\/v2\/pages\/38694\/revisions"}],"predecessor-version":[{"id":78859,"href":"https:\/\/www.sisinternational.com\/it\/wp-json\/wp\/v2\/pages\/38694\/revisions\/78859"}],"up":[{"embeddable":true,"href":"https:\/\/www.sisinternational.com\/it\/wp-json\/wp\/v2\/pages\/47794"}],"wp:featuredmedia":[{"embeddable":true,"href":"https:\/\/www.sisinternational.com\/it\/wp-json\/wp\/v2\/media\/63389"}],"wp:attachment":[{"href":"https:\/\/www.sisinternational.com\/it\/wp-json\/wp\/v2\/media?parent=38694"}],"curies":[{"name":"wp","href":"https:\/\/api.w.org\/{rel}","templated":true}]}}