{"id":38686,"date":"2021-09-06T03:38:41","date_gmt":"2021-09-06T03:38:41","guid":{"rendered":"https:\/\/www.sisinternational.com\/?page_id=38686"},"modified":"2025-09-15T00:32:35","modified_gmt":"2025-09-15T04:32:35","slug":"ricerche-di-mercato-sui-metalli-delle-terre-rare","status":"publish","type":"page","link":"https:\/\/www.sisinternational.com\/it\/competenza\/ricerche-di-mercato-sui-metalli-delle-terre-rare\/","title":{"rendered":"Ricerche di mercato sui metalli delle terre rare"},"content":{"rendered":"<h1 class=\"wp-block-heading\">Ricerche di mercato sui metalli delle terre rare<\/h1>\n\n\n\n<figure class=\"gb-block-image gb-block-image-aade0851\"><img loading=\"lazy\" decoding=\"async\" width=\"1456\" height=\"816\" class=\"gb-image gb-image-aade0851\" src=\"https:\/\/www.sisinternational.com\/wp-content\/uploads\/2025\/09\/Rare-earth-metal-5.jpg\" alt=\"Ricerca e strategia di mercato internazionale SIS\" title=\"Rare earth metal 5\" srcset=\"https:\/\/www.sisinternational.com\/wp-content\/uploads\/2025\/09\/Rare-earth-metal-5.jpg 1456w, https:\/\/www.sisinternational.com\/wp-content\/uploads\/2025\/09\/Rare-earth-metal-5-300x168.jpg 300w, https:\/\/www.sisinternational.com\/wp-content\/uploads\/2025\/09\/Rare-earth-metal-5-1024x574.jpg 1024w, https:\/\/www.sisinternational.com\/wp-content\/uploads\/2025\/09\/Rare-earth-metal-5-768x430.jpg 768w, https:\/\/www.sisinternational.com\/wp-content\/uploads\/2025\/09\/Rare-earth-metal-5-18x10.jpg 18w\" sizes=\"auto, (max-width: 1456px) 100vw, 1456px\"><\/figure>\n\n\n\n<p><\/p>\n\n\n\n<h2 class=\"wp-block-heading p2\">Cosa sono i metalli delle terre rare?<\/h2>\n\n\n\n<p class=\"p3\">I metalli delle terre rare fanno parte della tavola periodica degli elementi. La terra rara \u00e8 un metallo argentato che si trova in minuscole sacche incastonate nella roccia dura. Ci sono diciassette elementi diversi:<\/p>\n\n\n\n<ul class=\"wp-block-list\">\n<li>Neodimio<\/li>\n\n\n\n<li>Samario<\/li>\n\n\n\n<li>Cerio<\/li>\n\n\n\n<li>Erbio<\/li>\n\n\n\n<li>Disprosio<\/li>\n\n\n\n<li>Olmio<\/li>\n\n\n\n<li>Praseodimio<\/li>\n\n\n\n<li>Lutezio<\/li>\n\n\n\n<li>Gadolinio<\/li>\n\n\n\n<li>Lantanio<\/li>\n\n\n\n<li>Europio<\/li>\n\n\n\n<li>Terbio<\/li>\n\n\n\n<li>Itterbio<\/li>\n\n\n\n<li>Tulio<\/li>\n\n\n\n<li>Ittrio<\/li>\n\n\n\n<li>Promezio<\/li>\n\n\n\n<li>Scandio<\/li>\n<\/ul>\n\n\n\n<p class=\"p3\">Il pi\u00f9 noto di tutti \u00e8 il neodimio perch\u00e9 \u00e8 un forte elemento magnetico. Il neodimio ha molti usi, dai generatori di turbine eoliche ai motori elettrici. L&#039;industria musicale lo accoppia con il samario per realizzare altoparlanti e cuffie.<\/p>\n\n\n\n<p class=\"p3\">Gli altri sedici elementi sono utili per i dischi rigidi e i laser. I produttori li utilizzano anche per trasduttori e apparecchiature di monitoraggio per i disastri naturali.<\/p>\n\n\n\n<h2 class=\"wp-block-heading p2\">Perch\u00e9 i metalli e i minerali rari sono importanti?<\/h2>\n\n\n\n<p class=\"p3\">I metalli e i minerali rari sono essenziali perch\u00e9 l\u2019intera vita di un essere umano dipende da essi. I minerali delle terre rare sono presenti in tutto ci\u00f2 di cui abbiamo bisogno nella nostra vita quotidiana, come telefoni e televisori. Si trovano anche nelle batterie delle auto elettriche e nei pannelli solari.<\/p>\n\n\n\n<p class=\"p3\">From wind power to medical imaging tools, these rare earth metals are helpful so we cannot afford to run out of them because the lack of these minerals can put the <a href=\"https:\/\/www.sisinternational.com\/it\/soluzioni\/ai-ricerche-di-mercato-e-consulenza-strategica\/consulenza-sullintelligenza-artificiale-per-lautomazione-del-benessere-e-la-salute\/\" title=\"Automazione per la salute e il benessere e consulenza sull&#039;intelligenza artificiale\"  data-wpil-monitor-id=\"7688\">health and wellness<\/a> of our people at risk.<\/p>\n\n\n\n<p class=\"p3\"><a href=\"https:\/\/www.sisinternational.com\/it\/competenza\/industrie\/test-di-ricerca-sulla-cura-della-pelle\/\" title=\"Ricerca e test sulla cura della pelle\"  data-wpil-monitor-id=\"7685\">Skin cancer care<\/a> medication and lighters all need this type of metal to be effective. Altogether, they make up crucial bits of our LCD screens, smartphones, and laptops. Many of our devices need rare earth metals to operate.<\/p>\n\n\n\n<p class=\"p3\">Also known as Rare Earth Minerals, these metals are essential for technological growth. Yet, they are running out. Therefore, we must sparingly use these metals as means of saving our tech future.<\/p>\n\n\n\n<h2 class=\"wp-block-heading p2\">Decisori del settore<\/h2>\n\n\n\n<p class=\"p3\">La Cina \u00e8 il decisore pi\u00f9 importante nel settore dei metalli delle terre rare perch\u00e9 oltre l\u201980% di tutti i metalli rari della terra si trovano in Cina. Quel paese ha accumulato terre rare che sono a bassa domanda. Altri grandi produttori includono Stati Uniti, Myanmar, Australia, Madagascar, India, Russia e Tailandia.<\/p>\n\n\n\n<h2 class=\"wp-block-heading p2\">Opportunit\u00e0 e sfide<\/h2>\n\n\n\n<p class=\"p3\">I metalli delle terre rare sono nella zona rossa. Presto potrebbero non esistere pi\u00f9 perch\u00e9 la loro richiesta \u00e8 maggiore. Ogni anno vengono utilizzate oltre 130mila tonnellate di metalli delle terre rare, una quantit\u00e0 significativa. Stiamo esaurendo le scorte. L\u2019estrazione dei metalli alla velocit\u00e0 di cui abbiamo bisogno sta distruggendo l\u2019ambiente cinese.<\/p>\n\n\n\n<p class=\"p3\">Fixing this problem is not as easy as mining elsewhere, which is another story. For example, experts recently come into contact with rare earth minerals on their seabed. It is up to 30 times more concentrated than China\u2019s supply. Japan has a store that will last up to 230 years.<\/p>\n\n\n\n<p class=\"p3\">Il problema con questa scoperta \u00e8 recuperarla da dove si trova. Questa riserva si trova nell&#039;oceano, a circa 5800 metri pi\u00f9 in basso. Non c&#039;\u00e8 stata alcuna operazione mineraria di successo oltre i 5.000 metri sotto il mare. \u00c8 qui che entrano in gioco le nuove tecnologie nel settore minerario.<\/p>\n\n\n\n<h2 class=\"wp-block-heading p2\">Nuove tecnologie nell&#039;estrazione dei metalli delle terre rare<\/h2>\n\n\n\n<figure class=\"gb-block-image gb-block-image-dd59637f\"><img loading=\"lazy\" decoding=\"async\" width=\"1456\" height=\"816\" class=\"gb-image gb-image-dd59637f\" src=\"https:\/\/www.sisinternational.com\/wp-content\/uploads\/2025\/09\/rare-earth-metal-2.jpg\" alt=\"Ricerca e strategia di mercato internazionale SIS\" title=\"rare earth metal (2)\" srcset=\"https:\/\/www.sisinternational.com\/wp-content\/uploads\/2025\/09\/rare-earth-metal-2.jpg 1456w, https:\/\/www.sisinternational.com\/wp-content\/uploads\/2025\/09\/rare-earth-metal-2-300x168.jpg 300w, https:\/\/www.sisinternational.com\/wp-content\/uploads\/2025\/09\/rare-earth-metal-2-1024x574.jpg 1024w, https:\/\/www.sisinternational.com\/wp-content\/uploads\/2025\/09\/rare-earth-metal-2-768x430.jpg 768w, https:\/\/www.sisinternational.com\/wp-content\/uploads\/2025\/09\/rare-earth-metal-2-18x10.jpg 18w\" sizes=\"auto, (max-width: 1456px) 100vw, 1456px\"><\/figure>\n\n\n\n<p><\/p>\n\n\n\n<p class=\"p3\">China uses the conventional open-pit method in the mining of rare-earth metals. Some other countries also use this method of blowing up the large rocks to get the minerals within. There is a demand for a new way of retrieving these minerals, mainly due to the Japanese underwater crisis.<\/p>\n\n\n\n<h2 class=\"wp-block-heading p2\">Importanza delle ricerche di mercato sui metalli delle terre rare<\/h2>\n\n\n\n<p class=\"p3\"><a href=\"https:\/\/www.sisinternational.com\/it\/competenza\/industrie\/ricerche-di-mercato-sulle-malattie-rare\/\" title=\"Ricerche di mercato sulle malattie rare\"  data-wpil-monitor-id=\"7687\">Research on Rare<\/a> Earth Metals is a smart move for companies that want to invest in this area. We organize Quantitative, Qualitative, and Strategy Research. We also bring in <a href=\"https:\/\/www.sisinternational.com\/it\/soluzioni\/focus-group\/focus-group-on-personal-care-products\/\" title=\"Focus Group on Personal Care Products\"  data-wpil-monitor-id=\"7684\">Gruppi di discussione<\/a> to help us know the public\u2019s opinion and concerns about the product. It also helps us get an idea of the things we can improve. We <a href=\"https:\/\/www.sisinternational.com\/it\/how-to-conduct-in-depth-interviews-for-market-insights\/\" title=\"Come condurre interviste approfondite per ottenere informazioni di mercato\"  data-wpil-monitor-id=\"7689\">conduct Surveys and Interviews<\/a> as well.<\/p>\n\n\n\n<p class=\"p4\">Connecting to decision-makers in the Rare Earth Metal industry is a huge <a href=\"https:\/\/www.sisinternational.com\/it\/copertura\/ricerche-di-mercato-medio-oriente\/investment-opportunities-in-neom-real-estate\/\" title=\"Investment Opportunities in NEOM Real Estate\"  data-wpil-monitor-id=\"7686\">opportunity because companies can profit by investing<\/a> money (for example, into the Japan mineral rescue development). The resources of this project can be a worldwide win while being profitable to your company.<\/p>\n\n\n\n<p><\/p>","protected":false},"excerpt":{"rendered":"<p>La ricerca di mercato sui metalli delle terre rare \u00e8 un investimento saggio. Il SIS utilizza vari metodi di ricerca, inclusi focus group, sondaggi e interviste.<\/p>","protected":false},"author":1,"featured_media":68824,"parent":14514,"menu_order":74,"comment_status":"closed","ping_status":"closed","template":"","meta":{"footnotes":""},"class_list":["post-38686","page","type-page","status-publish","has-post-thumbnail"],"_links":{"self":[{"href":"https:\/\/www.sisinternational.com\/it\/wp-json\/wp\/v2\/pages\/38686","targetHints":{"allow":["GET"]}}],"collection":[{"href":"https:\/\/www.sisinternational.com\/it\/wp-json\/wp\/v2\/pages"}],"about":[{"href":"https:\/\/www.sisinternational.com\/it\/wp-json\/wp\/v2\/types\/page"}],"author":[{"embeddable":true,"href":"https:\/\/www.sisinternational.com\/it\/wp-json\/wp\/v2\/users\/1"}],"replies":[{"embeddable":true,"href":"https:\/\/www.sisinternational.com\/it\/wp-json\/wp\/v2\/comments?post=38686"}],"version-history":[{"count":4,"href":"https:\/\/www.sisinternational.com\/it\/wp-json\/wp\/v2\/pages\/38686\/revisions"}],"predecessor-version":[{"id":81296,"href":"https:\/\/www.sisinternational.com\/it\/wp-json\/wp\/v2\/pages\/38686\/revisions\/81296"}],"up":[{"embeddable":true,"href":"https:\/\/www.sisinternational.com\/it\/wp-json\/wp\/v2\/pages\/14514"}],"wp:featuredmedia":[{"embeddable":true,"href":"https:\/\/www.sisinternational.com\/it\/wp-json\/wp\/v2\/media\/68824"}],"wp:attachment":[{"href":"https:\/\/www.sisinternational.com\/it\/wp-json\/wp\/v2\/media?parent=38686"}],"curies":[{"name":"wp","href":"https:\/\/api.w.org\/{rel}","templated":true}]}}